{"id":5447,"date":"2025-12-12T08:14:35","date_gmt":"2025-12-12T08:14:35","guid":{"rendered":"https:\/\/vapingnet.de\/?post_type=product&#038;p=5447"},"modified":"2025-12-13T02:46:05","modified_gmt":"2025-12-13T02:46:05","slug":"exklusiv-guenstig-bang-20000puff-mint-direkt-vom-hersteller","status":"publish","type":"product","link":"https:\/\/vapingnet.de\/lt\/vape\/exklusiv-guenstig-bang-20000puff-mint-direkt-vom-hersteller\/","title":{"rendered":"I\u0161skirtinis ir pigus Bang 20000Puff Mint tiesiai i\u0161 gamintojo"},"content":{"rendered":"<h2 data-start=\"0\" data-end=\"74\">Bang 20000Puff Dual Mesh E-Cigareta \u2013 Nauja gar\u0173 patirtis jums<\/h2>\n<p data-start=\"76\" data-end=\"486\">Bang 20000Puff Dual Mesh E-Cigareta naudoja pa\u017eangi\u0105 Dual-Mesh \u0161ildymo technologij\u0105, kuri suteikia \u0161velni\u0105 ir ilgaam\u017e\u0119 garavimo patirt\u012f. Kiekvienas \u012fkv\u0117pimas pilnas intensyvi\u0173 debes\u0173 ir i\u0161skirtinio skonio, kad patenkint\u0173 visas j\u016bs\u0173 E-cigaret\u0117s poreikius. Nesvarbu, ar esate pradedantysis, ar patyr\u0119s garintojas, \u0161i E-cigaret\u0117 suteiks jums tobul\u0105 patirt\u012f.<\/p>\n<h4 data-start=\"488\" data-end=\"506\">Pagrindin\u0117s savyb\u0117s:<\/h4>\n<ul data-start=\"508\" data-end=\"2106\">\n<li data-start=\"508\" data-end=\"850\">\n<p data-start=\"510\" data-end=\"850\">Ekstremaliai ilga tarnavimo trukm\u0117:<br data-start=\"539\" data-end=\"542\" \/>Su dideliu 28 ml E-skys\u010dio talpa, Bang 20000Puff Dual Mesh E-Cigareta gali suteikti iki <a href=\"https:\/\/vapingnet.de\/lt\/k\/vape-20000-zuege\/\" target=\"_blank\" rel=\"noopener\"><strong>20 000 \u012fkv\u0117pim\u0173<\/strong><\/a>. Taip pat nereik\u0117s nuolat galvoti apie papildym\u0105. Kiekvienas \u012fkv\u0117pimas suteikia gaiv\u0173 m\u0117t\u0173 skon\u012f ir ilgai i\u0161lieka, idealiai tinka ilgalaikiam naudojimui.<\/p>\n<\/li>\n<li data-start=\"852\" data-end=\"1174\">\n<p data-start=\"854\" data-end=\"1174\">Dual-Mesh \u0161ildymo technologija:<br data-start=\"884\" data-end=\"887\" \/>Su 1,1 Ohm Dual-Mesh rit\u0117 \u0161i E-cigaret\u0117 u\u017etikrina auk\u0161t\u0105 \u0161ildymo efektyvum\u0105, o garai yra smulk\u016bs ir turtingi. Skonis tampa intensyvesnis ir malonesnis. Nesvarbu, ar m\u0117gstate stipr\u0173, ar \u0161veln\u0173 skon\u012f, Bang E-cigaret\u0117 patenkins j\u016bs\u0173 poreikius.<\/p>\n<\/li>\n<li data-start=\"1176\" data-end=\"1432\">\n<p data-start=\"1178\" data-end=\"1432\">Efektyvus akumuliatorius ir patogios \u012fkrovimo galimyb\u0117s:<br data-start=\"1222\" data-end=\"1225\" \/>Su 650 mAh akumuliatoriumi ir Type-C greito \u012fkrovimo jungtimi galite greitai \u012fkrauti E-cigaret\u0119 ir u\u017etikrinti, kad ji visada tur\u0117s pakankamai energijos, kad gal\u0117tum\u0117te m\u0117gautis pilnu malonumu bet kuriuo metu.<\/p>\n<\/li>\n<li data-start=\"1434\" data-end=\"1720\">\n<p data-start=\"1436\" data-end=\"1720\">Skirtingos nikotino druskos koncentracijos:<br data-start=\"1481\" data-end=\"1484\" \/>J\u016bs galite pasirinkti tarp 0%, 2%, 3% ir 5% nikotino druskos koncentracijos, priklausomai nuo j\u016bs\u0173 pageidavim\u0173. Nesvarbu, ar norite suma\u017einti nikotino kiek\u012f, ar pageidaujate stipresnio tabako skonio, <a href=\"https:\/\/vapingnet.de\/fr\/Brands\/bang-king-vape\/\" target=\"_blank\" rel=\"noopener\"><strong>Bang E-cigaret\u0117<\/strong><\/a> si\u016blo jums tinkam\u0105 variant\u0105.<\/p>\n<\/li>\n<li data-start=\"1722\" data-end=\"2106\">\n<p data-start=\"1724\" data-end=\"2106\">Modernus dizainas su LED ekranas:<br data-start=\"1760\" data-end=\"1763\" \/>\u0160i E-cigaret\u0117 yra su LED ekranu, kuris rodo akumuliatoriaus b\u016bsen\u0105 realiu laiku. Taip visada tur\u0117site vaizd\u0105 apie \u012fkrovimo lyg\u012f ir i\u0161vengsite nemaloni\u0173 akumuliatoriaus i\u0161sekimo moment\u0173. Paprastas, modernus dizainas ir vos 90 g svoris daro \u0161i\u0105 E-cigaret\u0119 ypa\u010d patogi\u0105 ir tinkam\u0105 naudoti keliaujant.<\/p>\n<\/li>\n<\/ul>\n<h4 data-start=\"2108\" data-end=\"2128\">Produkto privalumai:<\/h4>\n<ul data-start=\"2130\" data-end=\"2542\">\n<li data-start=\"2130\" data-end=\"2341\">\n<p data-start=\"2132\" data-end=\"2341\">Be muit\u0173:<br data-start=\"2145\" data-end=\"2148\" \/>Perkant Bang 20000Puff Dual Mesh E-Cigareta m\u016bs\u0173 svetain\u0117je, jums nereik\u0117s jaudintis d\u0117l papildom\u0173 muit\u0173 mokes\u010di\u0173. J\u016bs\u0173 pirkimas bus dar patogesnis ir pigesnis.<\/p>\n<\/li>\n<li data-start=\"2343\" data-end=\"2542\">\n<p data-start=\"2345\" data-end=\"2542\">Greitas pristatymas:<br data-start=\"2367\" data-end=\"2370\" \/>Si\u016blome greit\u0105 oro siunt\u0105 per 7-15 darbo dien\u0173, kad gal\u0117tum\u0117te greitai gauti savo E-cigaret\u0119 ir m\u0117gautis skland\u017eia pirkimo patirtimi.<\/p>\n<\/li>\n<\/ul>\n<h3 data-start=\"2544\" data-end=\"2899\">Tobulas m\u0117t\u0173 skonio ir ilgalaikio garinimo<\/h3>\n<p data-start=\"2544\" data-end=\"2899\">Bang 20000Puff Dual Mesh Elektronin\u0117 cigaret\u0117 si\u016blo jums unikal\u0173 m\u0117t\u0173 skon\u012f ir i\u0161skirtinai ilg\u0105 tarnavimo laik\u0105, suteikdama nepamir\u0161tam\u0105 garinimo patirt\u012f. Nesvarbu, ar tai b\u016bt\u0173 \u012ftempta darbo pertrauka, ar atsipalaidav\u0119s laikas, Bang elektronin\u0117 cigaret\u0117 u\u017etikrina gaiv\u0173 malonum\u0105.<\/p>\n<p data-start=\"2901\" data-end=\"3056\" data-is-last-node=\"\" data-is-only-node=\"\">Apsilankykite dabar <a href=\"https:\/\/vapingnet.de\/lt\/\" target=\"_blank\" rel=\"noopener\" data-start=\"2920\" data-end=\"2955\">vapingnet.de<\/a> ir \u012fsigykite Bang 20000Puff Dual Mesh Elektronin\u0119 cigaret\u0119, kad prad\u0117tum\u0117te savo nauj\u0105 garinimo patirt\u012f!<\/p>","protected":false},"excerpt":{"rendered":"<p>Bang 20000Puf\u0173 Dvigubo Tinklo Elektronin\u0117 Cigaret\u0117 \u2013 Nauja garinimo patirtis jums Bang 20000Puf\u0173 Dvigubo Tinklo Elektronin\u0117 Cigaret\u0117 naudoja pa\u017eangi\u0105 Dvigubo Tinklo \u0161ildymo technologij\u0105, kuri sukuria \u0161veln\u0173 ir...<\/p>","protected":false},"featured_media":5448,"template":"","meta":[],"etheme_brands":[],"product_brand":[101],"product_cat":[54,49,61],"product_tag":[],"class_list":{"0":"post-5447","1":"product","2":"type-product","3":"status-publish","4":"has-post-thumbnail","6":"product_brand-bang-king-vape","7":"product_cat-vape-20000-zuege","8":"product_cat-einweg-e-zigarette","9":"product_cat-f","11":"first","12":"instock","13":"shipping-taxable","14":"purchasable","15":"product-type-simple"},"yoast_head":"<!-- This site is optimized with the Yoast SEO plugin v26.5 - https:\/\/yoast.com\/wordpress\/plugins\/seo\/ -->\n<title>Exklusiv &amp; g\u00fcnstig Bang 20000Puff Mint direkt vom Hersteller | Vapingnet.de<\/title>\n<meta name=\"description\" content=\"Wir verkaufen Exklusiv &amp; g\u00fcnstig Bang 20000Puff Mint direkt vom Hersteller , \u2713 Hohe Puffs-Zahl \u2713 Einfach zu verwenden \u2713 Vielseitige Aromen \u2713\u27a4 Jetzt kaufen!\" \/>\n<meta name=\"robots\" content=\"index, follow, max-snippet:-1, max-image-preview:large, max-video-preview:-1\" \/>\n<link rel=\"canonical\" href=\"https:\/\/vapingnet.de\/lt\/vape\/exklusiv-guenstig-bang-20000puff-mint-direkt-vom-hersteller\/\" \/>\n<meta property=\"og:locale\" content=\"lt_LT\" \/>\n<meta property=\"og:type\" content=\"article\" \/>\n<meta property=\"og:title\" content=\"Exklusiv &amp; g\u00fcnstig Bang 20000Puff Mint direkt vom Hersteller | Vapingnet.de\" \/>\n<meta property=\"og:description\" content=\"Wir verkaufen Exklusiv &amp; g\u00fcnstig Bang 20000Puff Mint direkt vom Hersteller , \u2713 Hohe Puffs-Zahl \u2713 Einfach zu verwenden \u2713 Vielseitige Aromen \u2713\u27a4 Jetzt kaufen!\" \/>\n<meta property=\"og:url\" content=\"https:\/\/vapingnet.de\/lt\/vape\/exklusiv-guenstig-bang-20000puff-mint-direkt-vom-hersteller\/\" \/>\n<meta property=\"og:site_name\" content=\"Vapingnet.de\" \/>\n<meta property=\"article:publisher\" content=\"https:\/\/www.facebook.com\/vapingnetde\/\" \/>\n<meta property=\"article:modified_time\" content=\"2025-12-13T02:46:05+00:00\" \/>\n<meta property=\"og:image\" content=\"https:\/\/vapingnet.de\/wp-content\/uploads\/2025\/03\/Mint.png\" \/>\n\t<meta property=\"og:image:width\" content=\"1000\" \/>\n\t<meta property=\"og:image:height\" content=\"1000\" \/>\n\t<meta property=\"og:image:type\" content=\"image\/png\" \/>\n<meta name=\"twitter:card\" content=\"summary_large_image\" \/>\n<meta name=\"twitter:label1\" content=\"Est. reading time\" \/>\n\t<meta name=\"twitter:data1\" content=\"3 minutes\" \/>\n<script type=\"application\/ld+json\" class=\"yoast-schema-graph\">{\"@context\":\"https:\/\/schema.org\",\"@graph\":[{\"@type\":\"WebPage\",\"@id\":\"https:\/\/vapingnet.de\/vape\/exklusiv-guenstig-bang-20000puff-mint-direkt-vom-hersteller\/\",\"url\":\"https:\/\/vapingnet.de\/vape\/exklusiv-guenstig-bang-20000puff-mint-direkt-vom-hersteller\/\",\"name\":\"Exklusiv & g\u00fcnstig Bang 20000Puff Mint direkt vom Hersteller | Vapingnet.de\",\"isPartOf\":{\"@id\":\"https:\/\/vapingnet.de\/#website\"},\"primaryImageOfPage\":{\"@id\":\"https:\/\/vapingnet.de\/vape\/exklusiv-guenstig-bang-20000puff-mint-direkt-vom-hersteller\/#primaryimage\"},\"image\":{\"@id\":\"https:\/\/vapingnet.de\/vape\/exklusiv-guenstig-bang-20000puff-mint-direkt-vom-hersteller\/#primaryimage\"},\"thumbnailUrl\":\"https:\/\/vapingnet.de\/wp-content\/uploads\/2025\/03\/Mint.png\",\"datePublished\":\"2025-12-12T08:14:35+00:00\",\"dateModified\":\"2025-12-13T02:46:05+00:00\",\"description\":\"Wir verkaufen Exklusiv & g\u00fcnstig Bang 20000Puff Mint direkt vom Hersteller , \u2713 Hohe Puffs-Zahl \u2713 Einfach zu verwenden \u2713 Vielseitige Aromen \u2713\u27a4 Jetzt kaufen!\",\"breadcrumb\":{\"@id\":\"https:\/\/vapingnet.de\/vape\/exklusiv-guenstig-bang-20000puff-mint-direkt-vom-hersteller\/#breadcrumb\"},\"inLanguage\":\"lt-LT\",\"potentialAction\":[{\"@type\":\"ReadAction\",\"target\":[\"https:\/\/vapingnet.de\/vape\/exklusiv-guenstig-bang-20000puff-mint-direkt-vom-hersteller\/\"]}]},{\"@type\":\"ImageObject\",\"inLanguage\":\"lt-LT\",\"@id\":\"https:\/\/vapingnet.de\/vape\/exklusiv-guenstig-bang-20000puff-mint-direkt-vom-hersteller\/#primaryimage\",\"url\":\"https:\/\/vapingnet.de\/wp-content\/uploads\/2025\/03\/Mint.png\",\"contentUrl\":\"https:\/\/vapingnet.de\/wp-content\/uploads\/2025\/03\/Mint.png\",\"width\":1000,\"height\":1000,\"caption\":\"Mint\"},{\"@type\":\"BreadcrumbList\",\"@id\":\"https:\/\/vapingnet.de\/vape\/exklusiv-guenstig-bang-20000puff-mint-direkt-vom-hersteller\/#breadcrumb\",\"itemListElement\":[{\"@type\":\"ListItem\",\"position\":1,\"name\":\"Home\",\"item\":\"https:\/\/vapingnet.de\/\"},{\"@type\":\"ListItem\",\"position\":2,\"name\":\"Shop\",\"item\":\"https:\/\/vapingnet.de\/vape\/\"},{\"@type\":\"ListItem\",\"position\":3,\"name\":\"Exklusiv &#038; g\u00fcnstig Bang 20000Puff Mint direkt vom Hersteller\"}]},{\"@type\":\"WebSite\",\"@id\":\"https:\/\/vapingnet.de\/#website\",\"url\":\"https:\/\/vapingnet.de\/\",\"name\":\"Vapingnet.de\",\"description\":\"\",\"publisher\":{\"@id\":\"https:\/\/vapingnet.de\/#organization\"},\"potentialAction\":[{\"@type\":\"SearchAction\",\"target\":{\"@type\":\"EntryPoint\",\"urlTemplate\":\"https:\/\/vapingnet.de\/?s={search_term_string}\"},\"query-input\":{\"@type\":\"PropertyValueSpecification\",\"valueRequired\":true,\"valueName\":\"search_term_string\"}}],\"inLanguage\":\"lt-LT\"},{\"@type\":\"Organization\",\"@id\":\"https:\/\/vapingnet.de\/#organization\",\"name\":\"Vapingnet.de\",\"url\":\"https:\/\/vapingnet.de\/\",\"logo\":{\"@type\":\"ImageObject\",\"inLanguage\":\"lt-LT\",\"@id\":\"https:\/\/vapingnet.de\/#\/schema\/logo\/image\/\",\"url\":\"https:\/\/vapingnet.de\/wp-content\/uploads\/2025\/03\/cropped-vapingnet.de_.jpg\",\"contentUrl\":\"https:\/\/vapingnet.de\/wp-content\/uploads\/2025\/03\/cropped-vapingnet.de_.jpg\",\"width\":512,\"height\":512,\"caption\":\"Vapingnet.de\"},\"image\":{\"@id\":\"https:\/\/vapingnet.de\/#\/schema\/logo\/image\/\"},\"sameAs\":[\"https:\/\/www.facebook.com\/vapingnetde\/\"]}]}<\/script>\n<!-- \/ Yoast SEO plugin. -->","yoast_head_json":{"title":"Exklusiv & g\u00fcnstig Bang 20000Puff Mint direkt vom Hersteller | Vapingnet.de","description":"Wir verkaufen Exklusiv & g\u00fcnstig Bang 20000Puff Mint direkt vom Hersteller , \u2713 Hohe Puffs-Zahl \u2713 Einfach zu verwenden \u2713 Vielseitige Aromen \u2713\u27a4 Jetzt kaufen!","robots":{"index":"index","follow":"follow","max-snippet":"max-snippet:-1","max-image-preview":"max-image-preview:large","max-video-preview":"max-video-preview:-1"},"canonical":"https:\/\/vapingnet.de\/lt\/vape\/exklusiv-guenstig-bang-20000puff-mint-direkt-vom-hersteller\/","og_locale":"lt_LT","og_type":"article","og_title":"Exklusiv & g\u00fcnstig Bang 20000Puff Mint direkt vom Hersteller | Vapingnet.de","og_description":"Wir verkaufen Exklusiv & g\u00fcnstig Bang 20000Puff Mint direkt vom Hersteller , \u2713 Hohe Puffs-Zahl \u2713 Einfach zu verwenden \u2713 Vielseitige Aromen \u2713\u27a4 Jetzt kaufen!","og_url":"https:\/\/vapingnet.de\/lt\/vape\/exklusiv-guenstig-bang-20000puff-mint-direkt-vom-hersteller\/","og_site_name":"Vapingnet.de","article_publisher":"https:\/\/www.facebook.com\/vapingnetde\/","article_modified_time":"2025-12-13T02:46:05+00:00","og_image":[{"width":1000,"height":1000,"url":"https:\/\/vapingnet.de\/wp-content\/uploads\/2025\/03\/Mint.png","type":"image\/png"}],"twitter_card":"summary_large_image","twitter_misc":{"Est. reading time":"3 minutes"},"schema":{"@context":"https:\/\/schema.org","@graph":[{"@type":"WebPage","@id":"https:\/\/vapingnet.de\/vape\/exklusiv-guenstig-bang-20000puff-mint-direkt-vom-hersteller\/","url":"https:\/\/vapingnet.de\/vape\/exklusiv-guenstig-bang-20000puff-mint-direkt-vom-hersteller\/","name":"Exklusiv & g\u00fcnstig Bang 20000Puff Mint direkt vom Hersteller | Vapingnet.de","isPartOf":{"@id":"https:\/\/vapingnet.de\/#website"},"primaryImageOfPage":{"@id":"https:\/\/vapingnet.de\/vape\/exklusiv-guenstig-bang-20000puff-mint-direkt-vom-hersteller\/#primaryimage"},"image":{"@id":"https:\/\/vapingnet.de\/vape\/exklusiv-guenstig-bang-20000puff-mint-direkt-vom-hersteller\/#primaryimage"},"thumbnailUrl":"https:\/\/vapingnet.de\/wp-content\/uploads\/2025\/03\/Mint.png","datePublished":"2025-12-12T08:14:35+00:00","dateModified":"2025-12-13T02:46:05+00:00","description":"Wir verkaufen Exklusiv & g\u00fcnstig Bang 20000Puff Mint direkt vom Hersteller , \u2713 Hohe Puffs-Zahl \u2713 Einfach zu verwenden \u2713 Vielseitige Aromen \u2713\u27a4 Jetzt kaufen!","breadcrumb":{"@id":"https:\/\/vapingnet.de\/vape\/exklusiv-guenstig-bang-20000puff-mint-direkt-vom-hersteller\/#breadcrumb"},"inLanguage":"lt-LT","potentialAction":[{"@type":"ReadAction","target":["https:\/\/vapingnet.de\/vape\/exklusiv-guenstig-bang-20000puff-mint-direkt-vom-hersteller\/"]}]},{"@type":"ImageObject","inLanguage":"lt-LT","@id":"https:\/\/vapingnet.de\/vape\/exklusiv-guenstig-bang-20000puff-mint-direkt-vom-hersteller\/#primaryimage","url":"https:\/\/vapingnet.de\/wp-content\/uploads\/2025\/03\/Mint.png","contentUrl":"https:\/\/vapingnet.de\/wp-content\/uploads\/2025\/03\/Mint.png","width":1000,"height":1000,"caption":"Mint"},{"@type":"BreadcrumbList","@id":"https:\/\/vapingnet.de\/vape\/exklusiv-guenstig-bang-20000puff-mint-direkt-vom-hersteller\/#breadcrumb","itemListElement":[{"@type":"ListItem","position":1,"name":"Home","item":"https:\/\/vapingnet.de\/"},{"@type":"ListItem","position":2,"name":"Shop","item":"https:\/\/vapingnet.de\/vape\/"},{"@type":"ListItem","position":3,"name":"Exklusiv &#038; g\u00fcnstig Bang 20000Puff Mint direkt vom Hersteller"}]},{"@type":"WebSite","@id":"https:\/\/vapingnet.de\/#website","url":"https:\/\/vapingnet.de\/","name":"Vapingnet.de","description":"","publisher":{"@id":"https:\/\/vapingnet.de\/#organization"},"potentialAction":[{"@type":"SearchAction","target":{"@type":"EntryPoint","urlTemplate":"https:\/\/vapingnet.de\/?s={search_term_string}"},"query-input":{"@type":"PropertyValueSpecification","valueRequired":true,"valueName":"search_term_string"}}],"inLanguage":"lt-LT"},{"@type":"Organization","@id":"https:\/\/vapingnet.de\/#organization","name":"Vapingnet.de","url":"https:\/\/vapingnet.de\/","logo":{"@type":"ImageObject","inLanguage":"lt-LT","@id":"https:\/\/vapingnet.de\/#\/schema\/logo\/image\/","url":"https:\/\/vapingnet.de\/wp-content\/uploads\/2025\/03\/cropped-vapingnet.de_.jpg","contentUrl":"https:\/\/vapingnet.de\/wp-content\/uploads\/2025\/03\/cropped-vapingnet.de_.jpg","width":512,"height":512,"caption":"Vapingnet.de"},"image":{"@id":"https:\/\/vapingnet.de\/#\/schema\/logo\/image\/"},"sameAs":["https:\/\/www.facebook.com\/vapingnetde\/"]}]}},"tiered_pricing_type":"fixed","tiered_pricing_fixed_rules":{"10":"8.92","60":"8.03","110":"7.14","200":"6.24"},"tiered_pricing_product_settings":{"layout":"default","base_unit_name":{"singular":null,"plural":null},"default_variation":null},"tiered_pricing_minimum_quantity":null,"tiered_pricing_roles_data":[],"tiered_pricing_percentage_rules":[],"_links":{"self":[{"href":"https:\/\/vapingnet.de\/lt\/wp-json\/wp\/v2\/product\/5447","targetHints":{"allow":["GET"]}}],"collection":[{"href":"https:\/\/vapingnet.de\/lt\/wp-json\/wp\/v2\/product"}],"about":[{"href":"https:\/\/vapingnet.de\/lt\/wp-json\/wp\/v2\/types\/product"}],"version-history":[{"count":2,"href":"https:\/\/vapingnet.de\/lt\/wp-json\/wp\/v2\/product\/5447\/revisions"}],"predecessor-version":[{"id":7316,"href":"https:\/\/vapingnet.de\/lt\/wp-json\/wp\/v2\/product\/5447\/revisions\/7316"}],"wp:featuredmedia":[{"embeddable":true,"href":"https:\/\/vapingnet.de\/lt\/wp-json\/wp\/v2\/media\/5448"}],"wp:attachment":[{"href":"https:\/\/vapingnet.de\/lt\/wp-json\/wp\/v2\/media?parent=5447"}],"wp:term":[{"taxonomy":"brand","embeddable":true,"href":"https:\/\/vapingnet.de\/lt\/wp-json\/wp\/v2\/etheme_brands?post=5447"},{"taxonomy":"product_brand","embeddable":true,"href":"https:\/\/vapingnet.de\/lt\/wp-json\/wp\/v2\/product_brand?post=5447"},{"taxonomy":"product_cat","embeddable":true,"href":"https:\/\/vapingnet.de\/lt\/wp-json\/wp\/v2\/product_cat?post=5447"},{"taxonomy":"product_tag","embeddable":true,"href":"https:\/\/vapingnet.de\/lt\/wp-json\/wp\/v2\/product_tag?post=5447"}],"curies":[{"name":"wp","href":"https:\/\/api.w.org\/{rel}","templated":true}]}}