{"id":5453,"date":"2025-03-15T08:42:36","date_gmt":"2025-03-15T08:42:36","guid":{"rendered":"https:\/\/vapingnet.de\/?post_type=product&#038;p=5453"},"modified":"2025-06-19T03:40:51","modified_gmt":"2025-06-19T03:40:51","slug":"bang-20000puff-blueberry-watermelon-top-qualitaet-fuer-langanhaltenden-genuss","status":"publish","type":"product","link":"https:\/\/vapingnet.de\/lt\/vape\/bang-20000puff-blueberry-watermelon-top-qualitaet-fuer-langanhaltenden-genuss\/","title":{"rendered":"Bang 20000Puff Blueberry Watermelon auk\u0161\u010diausios kokyb\u0117s ilgalaikiam malonumui"},"content":{"rendered":"<p data-start=\"0\" data-end=\"122\"><strong data-start=\"0\" data-end=\"122\">Bang 20000Puff Dual Mesh E-R\u016bkalius \u2013 M\u0117lyn\u0117s-Vandensmeliono skonis, tobulas gaivumo ir saldumo derinys<\/strong><\/p>\n<p data-start=\"124\" data-end=\"534\">Norite i\u0161bandyti E-r\u016bkali\u0173 su itin ilgu tarnavimo laiku? Bang 20000Puff Dual Mesh E-R\u016bkalius si\u016blo nepalyginam\u0105 garinimo patirt\u012f! Su klasikinio derinio m\u0117lyn\u0117s ir vandensmeliono kombinacija kiekvienas \u012fkv\u0117pimas suteikia \u0161vie\u017eio ir saldaus skonio, kur\u012f pam\u0117gsite. Nesvarbu, ar esate pradedantysis, ar patyr\u0119s garintojas, \u0161is E-r\u016bkalius i\u0161pildys visus j\u016bs\u0173 poreikius.<\/p>\n<h3 data-start=\"536\" data-end=\"564\"><strong data-start=\"540\" data-end=\"564\">Produkto savyb\u0117s<\/strong><\/h3>\n<ul data-start=\"566\" data-end=\"2182\">\n<li data-start=\"566\" data-end=\"946\">\n<p data-start=\"568\" data-end=\"946\"><strong data-start=\"568\" data-end=\"624\">Ekstremaliai ilgas tarnavimo laikas \u2013 20 000 \u012fkv\u0117pim\u0173 pilno malonumo<\/strong><br data-start=\"624\" data-end=\"627\" \/>Bang 20000Puff Dual Mesh E-R\u016bkalius turi didel\u012f 28 ml E-skys\u010dio talp\u0105, leid\u017eian\u010di\u0105 iki 20 000 \u012fkv\u0117pim\u0173. Tai suma\u017eina da\u017en\u0173 papildym\u0173 poreik\u012f. Kiekvienas \u012fkv\u0117pimas suteikia \u0161vie\u017eio, vaisinio m\u0117lyn\u0117s ir vandensmeliono skonio \u2013 puikus kasdieniam naudojimui ir ilgalaikiam malonumui.<\/p>\n<\/li>\n<li data-start=\"948\" data-end=\"1262\">\n<p data-start=\"950\" data-end=\"1262\"><strong data-start=\"950\" data-end=\"977\">1,1 Ohm Dual-Mesh rit\u0117<\/strong><br data-start=\"977\" data-end=\"980\" \/>Naudojant pa\u017eangi\u0105 1,1 Ohm Dual-Mesh rit\u0119, skystis efektyviai \u012f\u0161ildomas, o garas tampa \u0161velnesnis ir tankesnis. \u0160i technologija u\u017etikrina intensyvesn\u012f skonio poj\u016bt\u012f, kuris dar labiau pagerina j\u016bs\u0173 garinimo patirt\u012f. Kiekvienas \u012fkv\u0117pimas pilnas skonio ir pasitenkinimo.<\/p>\n<\/li>\n<li data-start=\"1264\" data-end=\"1596\">\n<p data-start=\"1266\" data-end=\"1596\"><strong data-start=\"1266\" data-end=\"1310\">\u012evairios nikotino druskos koncentracijos<\/strong><br data-start=\"1310\" data-end=\"1313\" \/>Bang 20000Puff Dual Mesh E-R\u016bkalius si\u016blo keturias nikotino drusk\u0173 koncentracijas: 0%, 2%, 3% ir 5%. Taip galite pasirinkti tinkam\u0105 nikotino kiek\u012f pagal savo pageidavimus. Nesvarbu, ar norite suma\u017einti nikotino kiek\u012f, ar intensyvesn\u0117s garinimo patirties, \u010dia rasite tinkam\u0105 pasirinkim\u0105.<\/p>\n<\/li>\n<li data-start=\"1598\" data-end=\"1896\">\n<p data-start=\"1600\" data-end=\"1896\"><strong data-start=\"1600\" data-end=\"1641\">Galingas akumuliatorius ir Type-C greito \u012fkrovimo<\/strong><br data-start=\"1641\" data-end=\"1644\" \/>Su 650 mAh akumuliatoriumi ir Type-C greito \u012fkrovimo jungtimi \u0161i E-r\u016bkalius u\u017etikrina ilg\u0105 naudojimo laik\u0105 ir greit\u0105 \u012fkrovim\u0105. Net ir ilgai naudojantis, nereik\u0117s jaudintis d\u0117l akumuliatoriaus, nes jis greitai \u012fkraunamas.<\/p>\n<\/li>\n<li data-start=\"1898\" data-end=\"2182\">\n<p data-start=\"1900\" data-end=\"2182\"><strong data-start=\"1900\" data-end=\"1933\">Kompakti\u0161kas ir stilingas dizainas<\/strong><br data-start=\"1933\" data-end=\"1936\" \/>Svoris tik 90 g, \u0161is E-r\u016bkalius yra ypa\u010d patogus ir puikiai tinka keliaujant. Modernus dizainas ir LED ekranas leid\u017eia steb\u0117ti akumuliatoriaus b\u016bsen\u0105 bet kuriuo metu, kad niekada neliktum\u0117te be energijos.<\/p>\n<\/li>\n<\/ul>\n<h3 data-start=\"2184\" data-end=\"2246\"><strong data-start=\"2188\" data-end=\"2246\">Kod\u0117l verta rinktis Bang 20000Puff Dual Mesh E-Lizdel\u012f?<\/strong><\/h3>\n<ul data-start=\"2248\" data-end=\"2719\">\n<li data-start=\"2248\" data-end=\"2493\">\n<p data-start=\"2250\" data-end=\"2493\"><strong data-start=\"2250\" data-end=\"2286\">Be muit\u0173, be streso pirkimas<\/strong><br data-start=\"2286\" data-end=\"2289\" \/>Perkant Bang 20000Puff Dual Mesh E-r\u016bkali\u0173 m\u016bs\u0173 svetain\u0117je, galite m\u0117gautis be muit\u0173 u\u017esakymais ir sutaupyti papildom\u0173 i\u0161laid\u0173. Garantija, kad pirkimas bus be r\u016bpes\u010di\u0173.<\/p>\n<\/li>\n<li data-start=\"2495\" data-end=\"2719\">\n<p data-start=\"2497\" data-end=\"2719\"><strong data-start=\"2497\" data-end=\"2544\">Greitas oro pristatymas, punktualus pristatymas<\/strong><br data-start=\"2544\" data-end=\"2547\" \/>Si\u016blome greit\u0105 oro pristatym\u0105 per 7-15 darbo dien\u0173, kad gal\u0117tum\u0117te greitai gauti savo E-r\u016bkali\u0173 ir nedelsti m\u0117gautis.<\/p>\n<\/li>\n<\/ul>\n<h3 data-start=\"2721\" data-end=\"2813\"><strong data-start=\"2725\" data-end=\"2811\">Tobulas m\u0117lyn\u0117s ir vandensmeliono derinys \u2013 gaivus ir skanus<\/strong><\/h3>\n<p data-start=\"2814\" data-end=\"3106\">Bang 20000Puff Dual Mesh E-R\u016bkalius si\u016blo visi\u0161kai nauj\u0105 skonio patirt\u012f. Saldus m\u0117lyn\u0117s skonis kartu su vandensmeliono gaivumu sukuria vaisin\u012f ir gaiv\u0173 garinimo malonum\u0105, kuris nukels jus \u012f vasar\u0105. Kiekvienas \u012fkv\u0117pimas \u2013 gaivus malonumas.<\/p>\n<h3 data-start=\"3108\" data-end=\"3180\"><strong data-start=\"3112\" data-end=\"3178\">Pirkti dabar ir i\u0161bandyti m\u0117lyn\u0117s-vandensmeliono skon\u012f!<\/strong><\/h3>\n<p data-start=\"3181\" data-end=\"3435\" data-is-last-node=\"\" data-is-only-node=\"\">Apsilankykite dabar <a href=\"https:\/\/vapingnet.de\/lt\/\" target=\"_blank\" rel=\"noopener\" data-start=\"3200\" data-end=\"3235\">vapingnet.de<\/a> ir \u012fsigykite Bang 20000Puff Dual Mesh E-R\u016bkali\u0173, kad prad\u0117tum\u0117te savo garinimo kelion\u0119! M\u0117gaukit\u0117s unikaliu m\u0117lyn\u0117s-vandensmeliono skoniu ir patirkite galutin\u012f garinimo malonum\u0105!<\/p>","protected":false},"excerpt":{"rendered":"<p>Bang 20000Puff Dual Mesh elektronin\u0117 cigaret\u0117 \u2013 m\u0117lyn\u0117s-vandensmeliono skonis, tobulas gaivumo ir saldumo derinys. Norite patirti elektronin\u0119 cigaret\u0119 su ekstremaliu ilgaam\u017ei\u0161kumu? Tuomet \u0161i...<\/p>","protected":false},"featured_media":5454,"template":"","meta":[],"etheme_brands":[],"product_brand":[101],"product_cat":[54,49,61],"product_tag":[],"class_list":{"0":"post-5453","1":"product","2":"type-product","3":"status-publish","4":"has-post-thumbnail","6":"product_brand-bang-king-vape","7":"product_cat-vape-20000-zuege","8":"product_cat-einweg-e-zigarette","9":"product_cat-f","11":"first","12":"instock","13":"shipping-taxable","14":"purchasable","15":"product-type-simple"},"yoast_head":"<!-- This site is optimized with the Yoast SEO plugin v26.5 - https:\/\/yoast.com\/wordpress\/plugins\/seo\/ -->\n<title>Bang 20000Puff Blueberry Watermelon Geschmack vapingnet.de<\/title>\n<meta name=\"description\" content=\"Erlebe den intensiven Geschmack des Bang 20000Puff mit Blueberry Watermelon. Perfekte Wahl f\u00fcr langanhaltenden Genuss! Jetzt auf vapingnet.de.\" \/>\n<meta name=\"robots\" content=\"index, follow, max-snippet:-1, max-image-preview:large, max-video-preview:-1\" \/>\n<link rel=\"canonical\" href=\"https:\/\/vapingnet.de\/lt\/vape\/bang-20000puff-blueberry-watermelon-top-qualitaet-fuer-langanhaltenden-genuss\/\" \/>\n<meta property=\"og:locale\" content=\"lt_LT\" \/>\n<meta property=\"og:type\" content=\"article\" \/>\n<meta property=\"og:title\" content=\"Bang 20000Puff Blueberry Watermelon Geschmack vapingnet.de\" \/>\n<meta property=\"og:description\" content=\"Erlebe den intensiven Geschmack des Bang 20000Puff mit Blueberry Watermelon. Perfekte Wahl f\u00fcr langanhaltenden Genuss! Jetzt auf vapingnet.de.\" \/>\n<meta property=\"og:url\" content=\"https:\/\/vapingnet.de\/lt\/vape\/bang-20000puff-blueberry-watermelon-top-qualitaet-fuer-langanhaltenden-genuss\/\" \/>\n<meta property=\"og:site_name\" content=\"Vapingnet.de\" \/>\n<meta property=\"article:publisher\" content=\"https:\/\/www.facebook.com\/vapingnetde\/\" \/>\n<meta property=\"article:modified_time\" content=\"2025-06-19T03:40:51+00:00\" \/>\n<meta property=\"og:image\" content=\"https:\/\/vapingnet.de\/wp-content\/uploads\/2025\/03\/Blueberry-Watermelon.png\" \/>\n\t<meta property=\"og:image:width\" content=\"1000\" \/>\n\t<meta property=\"og:image:height\" content=\"1000\" \/>\n\t<meta property=\"og:image:type\" content=\"image\/png\" \/>\n<meta name=\"twitter:card\" content=\"summary_large_image\" \/>\n<meta name=\"twitter:label1\" content=\"Est. reading time\" \/>\n\t<meta name=\"twitter:data1\" content=\"3 minutes\" \/>\n<script type=\"application\/ld+json\" class=\"yoast-schema-graph\">{\"@context\":\"https:\/\/schema.org\",\"@graph\":[{\"@type\":\"WebPage\",\"@id\":\"https:\/\/vapingnet.de\/vape\/bang-20000puff-blueberry-watermelon-top-qualitaet-fuer-langanhaltenden-genuss\/\",\"url\":\"https:\/\/vapingnet.de\/vape\/bang-20000puff-blueberry-watermelon-top-qualitaet-fuer-langanhaltenden-genuss\/\",\"name\":\"Bang 20000Puff Blueberry Watermelon Geschmack vapingnet.de\",\"isPartOf\":{\"@id\":\"https:\/\/vapingnet.de\/#website\"},\"primaryImageOfPage\":{\"@id\":\"https:\/\/vapingnet.de\/vape\/bang-20000puff-blueberry-watermelon-top-qualitaet-fuer-langanhaltenden-genuss\/#primaryimage\"},\"image\":{\"@id\":\"https:\/\/vapingnet.de\/vape\/bang-20000puff-blueberry-watermelon-top-qualitaet-fuer-langanhaltenden-genuss\/#primaryimage\"},\"thumbnailUrl\":\"https:\/\/vapingnet.de\/wp-content\/uploads\/2025\/03\/Blueberry-Watermelon.png\",\"datePublished\":\"2025-03-15T08:42:36+00:00\",\"dateModified\":\"2025-06-19T03:40:51+00:00\",\"description\":\"Erlebe den intensiven Geschmack des Bang 20000Puff mit Blueberry Watermelon. Perfekte Wahl f\u00fcr langanhaltenden Genuss! Jetzt auf vapingnet.de.\",\"breadcrumb\":{\"@id\":\"https:\/\/vapingnet.de\/vape\/bang-20000puff-blueberry-watermelon-top-qualitaet-fuer-langanhaltenden-genuss\/#breadcrumb\"},\"inLanguage\":\"lt-LT\",\"potentialAction\":[{\"@type\":\"ReadAction\",\"target\":[\"https:\/\/vapingnet.de\/vape\/bang-20000puff-blueberry-watermelon-top-qualitaet-fuer-langanhaltenden-genuss\/\"]}]},{\"@type\":\"ImageObject\",\"inLanguage\":\"lt-LT\",\"@id\":\"https:\/\/vapingnet.de\/vape\/bang-20000puff-blueberry-watermelon-top-qualitaet-fuer-langanhaltenden-genuss\/#primaryimage\",\"url\":\"https:\/\/vapingnet.de\/wp-content\/uploads\/2025\/03\/Blueberry-Watermelon.png\",\"contentUrl\":\"https:\/\/vapingnet.de\/wp-content\/uploads\/2025\/03\/Blueberry-Watermelon.png\",\"width\":1000,\"height\":1000,\"caption\":\"Blueberry Watermelon\"},{\"@type\":\"BreadcrumbList\",\"@id\":\"https:\/\/vapingnet.de\/vape\/bang-20000puff-blueberry-watermelon-top-qualitaet-fuer-langanhaltenden-genuss\/#breadcrumb\",\"itemListElement\":[{\"@type\":\"ListItem\",\"position\":1,\"name\":\"Home\",\"item\":\"https:\/\/vapingnet.de\/\"},{\"@type\":\"ListItem\",\"position\":2,\"name\":\"Shop\",\"item\":\"https:\/\/vapingnet.de\/vape\/\"},{\"@type\":\"ListItem\",\"position\":3,\"name\":\"Bang 20000Puff Blueberry Watermelon Top-Qualit\u00e4t f\u00fcr langanhaltenden Genuss\"}]},{\"@type\":\"WebSite\",\"@id\":\"https:\/\/vapingnet.de\/#website\",\"url\":\"https:\/\/vapingnet.de\/\",\"name\":\"Vapingnet.de\",\"description\":\"\",\"publisher\":{\"@id\":\"https:\/\/vapingnet.de\/#organization\"},\"potentialAction\":[{\"@type\":\"SearchAction\",\"target\":{\"@type\":\"EntryPoint\",\"urlTemplate\":\"https:\/\/vapingnet.de\/?s={search_term_string}\"},\"query-input\":{\"@type\":\"PropertyValueSpecification\",\"valueRequired\":true,\"valueName\":\"search_term_string\"}}],\"inLanguage\":\"lt-LT\"},{\"@type\":\"Organization\",\"@id\":\"https:\/\/vapingnet.de\/#organization\",\"name\":\"Vapingnet.de\",\"url\":\"https:\/\/vapingnet.de\/\",\"logo\":{\"@type\":\"ImageObject\",\"inLanguage\":\"lt-LT\",\"@id\":\"https:\/\/vapingnet.de\/#\/schema\/logo\/image\/\",\"url\":\"https:\/\/vapingnet.de\/wp-content\/uploads\/2025\/03\/cropped-vapingnet.de_.jpg\",\"contentUrl\":\"https:\/\/vapingnet.de\/wp-content\/uploads\/2025\/03\/cropped-vapingnet.de_.jpg\",\"width\":512,\"height\":512,\"caption\":\"Vapingnet.de\"},\"image\":{\"@id\":\"https:\/\/vapingnet.de\/#\/schema\/logo\/image\/\"},\"sameAs\":[\"https:\/\/www.facebook.com\/vapingnetde\/\"]}]}<\/script>\n<!-- \/ Yoast SEO plugin. -->","yoast_head_json":{"title":"Bang 20000Puff Blueberry Watermelon Geschmack vapingnet.de","description":"Erlebe den intensiven Geschmack des Bang 20000Puff mit Blueberry Watermelon. Perfekte Wahl f\u00fcr langanhaltenden Genuss! Jetzt auf vapingnet.de.","robots":{"index":"index","follow":"follow","max-snippet":"max-snippet:-1","max-image-preview":"max-image-preview:large","max-video-preview":"max-video-preview:-1"},"canonical":"https:\/\/vapingnet.de\/lt\/vape\/bang-20000puff-blueberry-watermelon-top-qualitaet-fuer-langanhaltenden-genuss\/","og_locale":"lt_LT","og_type":"article","og_title":"Bang 20000Puff Blueberry Watermelon Geschmack vapingnet.de","og_description":"Erlebe den intensiven Geschmack des Bang 20000Puff mit Blueberry Watermelon. Perfekte Wahl f\u00fcr langanhaltenden Genuss! Jetzt auf vapingnet.de.","og_url":"https:\/\/vapingnet.de\/lt\/vape\/bang-20000puff-blueberry-watermelon-top-qualitaet-fuer-langanhaltenden-genuss\/","og_site_name":"Vapingnet.de","article_publisher":"https:\/\/www.facebook.com\/vapingnetde\/","article_modified_time":"2025-06-19T03:40:51+00:00","og_image":[{"width":1000,"height":1000,"url":"https:\/\/vapingnet.de\/wp-content\/uploads\/2025\/03\/Blueberry-Watermelon.png","type":"image\/png"}],"twitter_card":"summary_large_image","twitter_misc":{"Est. reading time":"3 minutes"},"schema":{"@context":"https:\/\/schema.org","@graph":[{"@type":"WebPage","@id":"https:\/\/vapingnet.de\/vape\/bang-20000puff-blueberry-watermelon-top-qualitaet-fuer-langanhaltenden-genuss\/","url":"https:\/\/vapingnet.de\/vape\/bang-20000puff-blueberry-watermelon-top-qualitaet-fuer-langanhaltenden-genuss\/","name":"Bang 20000Puff Blueberry Watermelon Geschmack vapingnet.de","isPartOf":{"@id":"https:\/\/vapingnet.de\/#website"},"primaryImageOfPage":{"@id":"https:\/\/vapingnet.de\/vape\/bang-20000puff-blueberry-watermelon-top-qualitaet-fuer-langanhaltenden-genuss\/#primaryimage"},"image":{"@id":"https:\/\/vapingnet.de\/vape\/bang-20000puff-blueberry-watermelon-top-qualitaet-fuer-langanhaltenden-genuss\/#primaryimage"},"thumbnailUrl":"https:\/\/vapingnet.de\/wp-content\/uploads\/2025\/03\/Blueberry-Watermelon.png","datePublished":"2025-03-15T08:42:36+00:00","dateModified":"2025-06-19T03:40:51+00:00","description":"Erlebe den intensiven Geschmack des Bang 20000Puff mit Blueberry Watermelon. Perfekte Wahl f\u00fcr langanhaltenden Genuss! Jetzt auf vapingnet.de.","breadcrumb":{"@id":"https:\/\/vapingnet.de\/vape\/bang-20000puff-blueberry-watermelon-top-qualitaet-fuer-langanhaltenden-genuss\/#breadcrumb"},"inLanguage":"lt-LT","potentialAction":[{"@type":"ReadAction","target":["https:\/\/vapingnet.de\/vape\/bang-20000puff-blueberry-watermelon-top-qualitaet-fuer-langanhaltenden-genuss\/"]}]},{"@type":"ImageObject","inLanguage":"lt-LT","@id":"https:\/\/vapingnet.de\/vape\/bang-20000puff-blueberry-watermelon-top-qualitaet-fuer-langanhaltenden-genuss\/#primaryimage","url":"https:\/\/vapingnet.de\/wp-content\/uploads\/2025\/03\/Blueberry-Watermelon.png","contentUrl":"https:\/\/vapingnet.de\/wp-content\/uploads\/2025\/03\/Blueberry-Watermelon.png","width":1000,"height":1000,"caption":"Blueberry Watermelon"},{"@type":"BreadcrumbList","@id":"https:\/\/vapingnet.de\/vape\/bang-20000puff-blueberry-watermelon-top-qualitaet-fuer-langanhaltenden-genuss\/#breadcrumb","itemListElement":[{"@type":"ListItem","position":1,"name":"Home","item":"https:\/\/vapingnet.de\/"},{"@type":"ListItem","position":2,"name":"Shop","item":"https:\/\/vapingnet.de\/vape\/"},{"@type":"ListItem","position":3,"name":"Bang 20000Puff Blueberry Watermelon Top-Qualit\u00e4t f\u00fcr langanhaltenden Genuss"}]},{"@type":"WebSite","@id":"https:\/\/vapingnet.de\/#website","url":"https:\/\/vapingnet.de\/","name":"Vapingnet.de","description":"","publisher":{"@id":"https:\/\/vapingnet.de\/#organization"},"potentialAction":[{"@type":"SearchAction","target":{"@type":"EntryPoint","urlTemplate":"https:\/\/vapingnet.de\/?s={search_term_string}"},"query-input":{"@type":"PropertyValueSpecification","valueRequired":true,"valueName":"search_term_string"}}],"inLanguage":"lt-LT"},{"@type":"Organization","@id":"https:\/\/vapingnet.de\/#organization","name":"Vapingnet.de","url":"https:\/\/vapingnet.de\/","logo":{"@type":"ImageObject","inLanguage":"lt-LT","@id":"https:\/\/vapingnet.de\/#\/schema\/logo\/image\/","url":"https:\/\/vapingnet.de\/wp-content\/uploads\/2025\/03\/cropped-vapingnet.de_.jpg","contentUrl":"https:\/\/vapingnet.de\/wp-content\/uploads\/2025\/03\/cropped-vapingnet.de_.jpg","width":512,"height":512,"caption":"Vapingnet.de"},"image":{"@id":"https:\/\/vapingnet.de\/#\/schema\/logo\/image\/"},"sameAs":["https:\/\/www.facebook.com\/vapingnetde\/"]}]}},"tiered_pricing_type":"fixed","tiered_pricing_fixed_rules":{"10":"8.92","60":"8.03","110":"7.14","200":"6.24"},"tiered_pricing_product_settings":{"layout":"default","base_unit_name":{"singular":null,"plural":null},"default_variation":null},"tiered_pricing_minimum_quantity":null,"tiered_pricing_roles_data":[],"tiered_pricing_percentage_rules":[],"_links":{"self":[{"href":"https:\/\/vapingnet.de\/lt\/wp-json\/wp\/v2\/product\/5453","targetHints":{"allow":["GET"]}}],"collection":[{"href":"https:\/\/vapingnet.de\/lt\/wp-json\/wp\/v2\/product"}],"about":[{"href":"https:\/\/vapingnet.de\/lt\/wp-json\/wp\/v2\/types\/product"}],"version-history":[{"count":1,"href":"https:\/\/vapingnet.de\/lt\/wp-json\/wp\/v2\/product\/5453\/revisions"}],"predecessor-version":[{"id":5455,"href":"https:\/\/vapingnet.de\/lt\/wp-json\/wp\/v2\/product\/5453\/revisions\/5455"}],"wp:featuredmedia":[{"embeddable":true,"href":"https:\/\/vapingnet.de\/lt\/wp-json\/wp\/v2\/media\/5454"}],"wp:attachment":[{"href":"https:\/\/vapingnet.de\/lt\/wp-json\/wp\/v2\/media?parent=5453"}],"wp:term":[{"taxonomy":"brand","embeddable":true,"href":"https:\/\/vapingnet.de\/lt\/wp-json\/wp\/v2\/etheme_brands?post=5453"},{"taxonomy":"product_brand","embeddable":true,"href":"https:\/\/vapingnet.de\/lt\/wp-json\/wp\/v2\/product_brand?post=5453"},{"taxonomy":"product_cat","embeddable":true,"href":"https:\/\/vapingnet.de\/lt\/wp-json\/wp\/v2\/product_cat?post=5453"},{"taxonomy":"product_tag","embeddable":true,"href":"https:\/\/vapingnet.de\/lt\/wp-json\/wp\/v2\/product_tag?post=5453"}],"curies":[{"name":"wp","href":"https:\/\/api.w.org\/{rel}","templated":true}]}}