{"id":5456,"date":"2025-03-15T08:54:07","date_gmt":"2025-03-15T08:54:07","guid":{"rendered":"https:\/\/vapingnet.de\/?post_type=product&#038;p=5456"},"modified":"2025-06-19T03:40:51","modified_gmt":"2025-06-19T03:40:51","slug":"bang-20000puff-peach-ice-jetzt-steuerfrei-sichern-und-top-qualitaet-geniessen","status":"publish","type":"product","link":"https:\/\/vapingnet.de\/lt\/vape\/bang-20000puff-peach-ice-jetzt-steuerfrei-sichern-und-top-qualitaet-geniessen\/","title":{"rendered":"Bang 20000Puff Peach Ice dabar be mokes\u010di\u0173 ir m\u0117gaukit\u0117s auk\u0161\u010diausia kokybe"},"content":{"rendered":"<h2 data-start=\"0\" data-end=\"106\">Bang 20000Puff Dual Mesh E-Lizdelis \u2013 Persik\u0173 Led\u0173 Skonis, m\u0117gaukit\u0117s gaiviu potyriu<\/h2>\n<p data-start=\"108\" data-end=\"491\">Ji <a href=\"https:\/\/vapingnet.de\/lt\/bang-20000-puff-dual-mesh\/\" target=\"_blank\" rel=\"noopener\"><strong>Bang 20000Puff Dual Mesh<\/strong><\/a> E-Lizdelis sujungia pa\u017eangi\u0105 Dual-Mesh \u0161ildymo technologij\u0105 su ilga naudojimo patirtimi, tod\u0117l kiekvienas \u012fkv\u0117pimas suteikia tobul\u0105 persik\u0173 ir led\u0173 skonio derin\u012f. \u0160is stilingas ir lengvai valdomas \u012frenginys yra idealus \u0161iuolaikiniam gyvenimo b\u016bdui ir puikiai tinka kasdieniam naudojimui ar kelion\u0117se.<\/p>\n<h4 data-start=\"493\" data-end=\"512\">Pagrindin\u0117s savyb\u0117s<\/h4>\n<ul data-start=\"513\" data-end=\"1539\">\n<li data-start=\"513\" data-end=\"681\"><strong data-start=\"515\" data-end=\"543\">Ekstremaliai ilga tarnavimo trukm\u0117<\/strong>: Su 28 ml skys\u010dio, elektroninis cigaret\u0117 suteikia iki 20 000 \u012fkv\u0117pim\u0173, kiekvieno \u012fkv\u0117pimo metu galite m\u0117gautis \u0161vie\u017eiu persik\u0173 ir led\u0173 skoniu.<\/li>\n<li data-start=\"682\" data-end=\"861\"><strong data-start=\"684\" data-end=\"708\">Dvigubo-Mesh \u0161ildymo sistema<\/strong>: 1,1 Ohm Dual-Mesh rit\u0117 u\u017etikrina smulkesn\u012f gar\u0105 ir intensyvesn\u012f skon\u012f. Tobulas persik\u0173 ir led\u0173 derinys i\u0161 karto i\u0161siskiria.<\/li>\n<li data-start=\"862\" data-end=\"1111\"><strong data-start=\"864\" data-end=\"904\">\u012evairios nikotino koncentracijos<\/strong>: Pasirinkite tarp 0%, 2%, 3% ir 5% nikotino druskos, kad atitikt\u0173 j\u016bs\u0173 individualius poreikius. Nesvarbu, ar m\u0117gstate \u0161veln\u0173, ar stipresn\u012f skon\u012f, \u010dia rasite tinkam\u0105 variant\u0105.<\/li>\n<li data-start=\"1112\" data-end=\"1306\"><strong data-start=\"1114\" data-end=\"1151\">650mAh akumuliatorius, Type-C greitas \u012fkrovimas<\/strong>: 650mAh akumuliatorius u\u017etikrina ilg\u0105 naudojimo laik\u0105, o Type-C greitas \u012fkrovimas garantuoja greit\u0105 \u012fkrovim\u0105, kad b\u016btum\u0117te pasiruo\u0161\u0119 bet kada.<\/li>\n<li data-start=\"1307\" data-end=\"1539\"><strong data-start=\"1309\" data-end=\"1351\">Kompakti\u0161kas ir ne\u0161iojamas, stilingas dizainas<\/strong>: Svoris tik 90 g, elektroninis cigaret\u0117 yra lengva ir patogi ne\u0161iotis, ideali kelion\u0117ms. LED ekranas nuolat rodo akumuliatoriaus b\u016bsen\u0105, kad visada \u017einotum\u0117te, kada reikia \u012fkrauti.<\/li>\n<\/ul>\n<h4 data-start=\"1541\" data-end=\"1921\">Persik\u0173 Ledai \u2013 Gaivus malonumas<\/h4>\n<p data-start=\"1541\" data-end=\"1921\">Persik\u0173 led\u0173 skonis Bang 20000Puff Dual Mesh E-Lizdelis yra puikus pasirinkimas kar\u0161tomis vasaros dienomis. Saldi persik\u0173 nata kartu su \u0161altu led\u0173 poj\u016b\u010diu sukuria gaiv\u0173 gar\u0173 malonum\u0105, kur\u012f galite m\u0117gautis kiekvienu \u012fkv\u0117pimu. Nesvarbu, ar namuose, ar kelion\u0117je, \u0161is elektroninis cigaret\u0117 visada suteiks geriausi\u0105 malonum\u0105.<\/p>\n<h3 data-start=\"1923\" data-end=\"1983\"><strong data-start=\"1923\" data-end=\"1981\">Kod\u0117l verta rinktis Bang 20000Puff Dual Mesh E-Lizdel\u012f?<\/strong><\/h3>\n<ol data-start=\"1984\" data-end=\"2379\">\n<li data-start=\"1984\" data-end=\"2160\"><strong data-start=\"1987\" data-end=\"1999\">Be muito<\/strong>: Pirkdami vapingnet.de netur\u0117site joki\u0173 r\u016bpes\u010di\u0173 d\u0117l <a href=\"https:\/\/vapingnet.de\/lt\/k\/f\/\" target=\"_blank\" rel=\"noopener\"><strong>muitin\u0117s mokes\u010di\u0173<\/strong> <\/a>papildom\u0173 i\u0161laid\u0173 ir pirkimo patirties supaprastinimo.<\/li>\n<li data-start=\"2161\" data-end=\"2379\"><strong data-start=\"2164\" data-end=\"2211\">Greitas oro pristatymas, punktualus pristatymas<\/strong>: Si\u016blome greit\u0105 oro pristatym\u0105 per 7-15 darbo dien\u0173, kad greitai gautum\u0117te savo u\u017esakym\u0105 ir gal\u0117tum\u0117te i\u0161 karto m\u0117gautis gaiviu potyriu.<\/li>\n<\/ol>\n<p data-start=\"2381\" data-end=\"2682\" data-is-last-node=\"\" data-is-only-node=\"\">Ar norite kiekvienu \u012fkv\u0117pimu patirti tobul\u0105 gaivumo ir saldumo derin\u012f? Apsilankykite dabar vapingnet.de ir \u012fsigykite Bang 20000Puff Dual Mesh E-Lizdel\u012f, kad m\u0117gautum\u0117t\u0117s unikaliu Persik\u0173 Led\u0173 skoniu ir patirtum\u0117te auk\u0161\u010diausio lygio gar\u0173 malonum\u0105.<\/p>","protected":false},"excerpt":{"rendered":"<p>Bang 20000Puff Dual Mesh elektronin\u0117 cigaret\u0117 \u2013 persik\u0173 led\u0173 skonis, m\u0117gaukit\u0117s gaiviu patirtimi. Bang 20000Puff Dual Mesh elektronin\u0117 cigaret\u0117 sujungia pa\u017eangi\u0105 Dual-Mesh \u0161ildymo technologij\u0105 su...<\/p>","protected":false},"featured_media":5457,"template":"","meta":[],"etheme_brands":[],"product_brand":[101],"product_cat":[54,49,61],"product_tag":[],"class_list":{"0":"post-5456","1":"product","2":"type-product","3":"status-publish","4":"has-post-thumbnail","6":"product_brand-bang-king-vape","7":"product_cat-vape-20000-zuege","8":"product_cat-einweg-e-zigarette","9":"product_cat-f","11":"first","12":"instock","13":"shipping-taxable","14":"purchasable","15":"product-type-simple"},"yoast_head":"<!-- This site is optimized with the Yoast SEO plugin v26.5 - https:\/\/yoast.com\/wordpress\/plugins\/seo\/ -->\n<title>Peach Ice Bang 20000Puff Frischer Genuss auf vapingnet.de<\/title>\n<meta name=\"description\" content=\"Genie\u00dfe den erfrischenden Peach Ice Geschmack mit dem Bang 20000Puff. Langanhaltender Genuss, jetzt auf vapingnet.de entdecken!\" \/>\n<meta name=\"robots\" content=\"index, follow, max-snippet:-1, max-image-preview:large, max-video-preview:-1\" \/>\n<link rel=\"canonical\" href=\"https:\/\/vapingnet.de\/lt\/vape\/bang-20000puff-peach-ice-jetzt-steuerfrei-sichern-und-top-qualitaet-geniessen\/\" \/>\n<meta property=\"og:locale\" content=\"lt_LT\" \/>\n<meta property=\"og:type\" content=\"article\" \/>\n<meta property=\"og:title\" content=\"Peach Ice Bang 20000Puff Frischer Genuss auf vapingnet.de\" \/>\n<meta property=\"og:description\" content=\"Genie\u00dfe den erfrischenden Peach Ice Geschmack mit dem Bang 20000Puff. Langanhaltender Genuss, jetzt auf vapingnet.de entdecken!\" \/>\n<meta property=\"og:url\" content=\"https:\/\/vapingnet.de\/lt\/vape\/bang-20000puff-peach-ice-jetzt-steuerfrei-sichern-und-top-qualitaet-geniessen\/\" \/>\n<meta property=\"og:site_name\" content=\"Vapingnet.de\" \/>\n<meta property=\"article:publisher\" content=\"https:\/\/www.facebook.com\/vapingnetde\/\" \/>\n<meta property=\"article:modified_time\" content=\"2025-06-19T03:40:51+00:00\" \/>\n<meta property=\"og:image\" content=\"https:\/\/vapingnet.de\/wp-content\/uploads\/2025\/03\/Peach-Ice-1.png\" \/>\n\t<meta property=\"og:image:width\" content=\"1000\" \/>\n\t<meta property=\"og:image:height\" content=\"1000\" \/>\n\t<meta property=\"og:image:type\" content=\"image\/png\" \/>\n<meta name=\"twitter:card\" content=\"summary_large_image\" \/>\n<meta name=\"twitter:label1\" content=\"Est. reading time\" \/>\n\t<meta name=\"twitter:data1\" content=\"3 minutes\" \/>\n<script type=\"application\/ld+json\" class=\"yoast-schema-graph\">{\"@context\":\"https:\/\/schema.org\",\"@graph\":[{\"@type\":\"WebPage\",\"@id\":\"https:\/\/vapingnet.de\/vape\/bang-20000puff-peach-ice-jetzt-steuerfrei-sichern-und-top-qualitaet-geniessen\/\",\"url\":\"https:\/\/vapingnet.de\/vape\/bang-20000puff-peach-ice-jetzt-steuerfrei-sichern-und-top-qualitaet-geniessen\/\",\"name\":\"Peach Ice Bang 20000Puff Frischer Genuss auf vapingnet.de\",\"isPartOf\":{\"@id\":\"https:\/\/vapingnet.de\/#website\"},\"primaryImageOfPage\":{\"@id\":\"https:\/\/vapingnet.de\/vape\/bang-20000puff-peach-ice-jetzt-steuerfrei-sichern-und-top-qualitaet-geniessen\/#primaryimage\"},\"image\":{\"@id\":\"https:\/\/vapingnet.de\/vape\/bang-20000puff-peach-ice-jetzt-steuerfrei-sichern-und-top-qualitaet-geniessen\/#primaryimage\"},\"thumbnailUrl\":\"https:\/\/vapingnet.de\/wp-content\/uploads\/2025\/03\/Peach-Ice-1.png\",\"datePublished\":\"2025-03-15T08:54:07+00:00\",\"dateModified\":\"2025-06-19T03:40:51+00:00\",\"description\":\"Genie\u00dfe den erfrischenden Peach Ice Geschmack mit dem Bang 20000Puff. Langanhaltender Genuss, jetzt auf vapingnet.de entdecken!\",\"breadcrumb\":{\"@id\":\"https:\/\/vapingnet.de\/vape\/bang-20000puff-peach-ice-jetzt-steuerfrei-sichern-und-top-qualitaet-geniessen\/#breadcrumb\"},\"inLanguage\":\"lt-LT\",\"potentialAction\":[{\"@type\":\"ReadAction\",\"target\":[\"https:\/\/vapingnet.de\/vape\/bang-20000puff-peach-ice-jetzt-steuerfrei-sichern-und-top-qualitaet-geniessen\/\"]}]},{\"@type\":\"ImageObject\",\"inLanguage\":\"lt-LT\",\"@id\":\"https:\/\/vapingnet.de\/vape\/bang-20000puff-peach-ice-jetzt-steuerfrei-sichern-und-top-qualitaet-geniessen\/#primaryimage\",\"url\":\"https:\/\/vapingnet.de\/wp-content\/uploads\/2025\/03\/Peach-Ice-1.png\",\"contentUrl\":\"https:\/\/vapingnet.de\/wp-content\/uploads\/2025\/03\/Peach-Ice-1.png\",\"width\":1000,\"height\":1000,\"caption\":\"Peach Ice\"},{\"@type\":\"BreadcrumbList\",\"@id\":\"https:\/\/vapingnet.de\/vape\/bang-20000puff-peach-ice-jetzt-steuerfrei-sichern-und-top-qualitaet-geniessen\/#breadcrumb\",\"itemListElement\":[{\"@type\":\"ListItem\",\"position\":1,\"name\":\"Home\",\"item\":\"https:\/\/vapingnet.de\/\"},{\"@type\":\"ListItem\",\"position\":2,\"name\":\"Shop\",\"item\":\"https:\/\/vapingnet.de\/vape\/\"},{\"@type\":\"ListItem\",\"position\":3,\"name\":\"Bang 20000Puff Peach Ice Jetzt steuerfrei sichern und Top-Qualit\u00e4t genie\u00dfen\"}]},{\"@type\":\"WebSite\",\"@id\":\"https:\/\/vapingnet.de\/#website\",\"url\":\"https:\/\/vapingnet.de\/\",\"name\":\"Vapingnet.de\",\"description\":\"\",\"publisher\":{\"@id\":\"https:\/\/vapingnet.de\/#organization\"},\"potentialAction\":[{\"@type\":\"SearchAction\",\"target\":{\"@type\":\"EntryPoint\",\"urlTemplate\":\"https:\/\/vapingnet.de\/?s={search_term_string}\"},\"query-input\":{\"@type\":\"PropertyValueSpecification\",\"valueRequired\":true,\"valueName\":\"search_term_string\"}}],\"inLanguage\":\"lt-LT\"},{\"@type\":\"Organization\",\"@id\":\"https:\/\/vapingnet.de\/#organization\",\"name\":\"Vapingnet.de\",\"url\":\"https:\/\/vapingnet.de\/\",\"logo\":{\"@type\":\"ImageObject\",\"inLanguage\":\"lt-LT\",\"@id\":\"https:\/\/vapingnet.de\/#\/schema\/logo\/image\/\",\"url\":\"https:\/\/vapingnet.de\/wp-content\/uploads\/2025\/03\/cropped-vapingnet.de_.jpg\",\"contentUrl\":\"https:\/\/vapingnet.de\/wp-content\/uploads\/2025\/03\/cropped-vapingnet.de_.jpg\",\"width\":512,\"height\":512,\"caption\":\"Vapingnet.de\"},\"image\":{\"@id\":\"https:\/\/vapingnet.de\/#\/schema\/logo\/image\/\"},\"sameAs\":[\"https:\/\/www.facebook.com\/vapingnetde\/\"]}]}<\/script>\n<!-- \/ Yoast SEO plugin. -->","yoast_head_json":{"title":"Peach Ice Bang 20000Puff Frischer Genuss auf vapingnet.de","description":"Genie\u00dfe den erfrischenden Peach Ice Geschmack mit dem Bang 20000Puff. Langanhaltender Genuss, jetzt auf vapingnet.de entdecken!","robots":{"index":"index","follow":"follow","max-snippet":"max-snippet:-1","max-image-preview":"max-image-preview:large","max-video-preview":"max-video-preview:-1"},"canonical":"https:\/\/vapingnet.de\/lt\/vape\/bang-20000puff-peach-ice-jetzt-steuerfrei-sichern-und-top-qualitaet-geniessen\/","og_locale":"lt_LT","og_type":"article","og_title":"Peach Ice Bang 20000Puff Frischer Genuss auf vapingnet.de","og_description":"Genie\u00dfe den erfrischenden Peach Ice Geschmack mit dem Bang 20000Puff. Langanhaltender Genuss, jetzt auf vapingnet.de entdecken!","og_url":"https:\/\/vapingnet.de\/lt\/vape\/bang-20000puff-peach-ice-jetzt-steuerfrei-sichern-und-top-qualitaet-geniessen\/","og_site_name":"Vapingnet.de","article_publisher":"https:\/\/www.facebook.com\/vapingnetde\/","article_modified_time":"2025-06-19T03:40:51+00:00","og_image":[{"width":1000,"height":1000,"url":"https:\/\/vapingnet.de\/wp-content\/uploads\/2025\/03\/Peach-Ice-1.png","type":"image\/png"}],"twitter_card":"summary_large_image","twitter_misc":{"Est. reading time":"3 minutes"},"schema":{"@context":"https:\/\/schema.org","@graph":[{"@type":"WebPage","@id":"https:\/\/vapingnet.de\/vape\/bang-20000puff-peach-ice-jetzt-steuerfrei-sichern-und-top-qualitaet-geniessen\/","url":"https:\/\/vapingnet.de\/vape\/bang-20000puff-peach-ice-jetzt-steuerfrei-sichern-und-top-qualitaet-geniessen\/","name":"Peach Ice Bang 20000Puff Frischer Genuss auf vapingnet.de","isPartOf":{"@id":"https:\/\/vapingnet.de\/#website"},"primaryImageOfPage":{"@id":"https:\/\/vapingnet.de\/vape\/bang-20000puff-peach-ice-jetzt-steuerfrei-sichern-und-top-qualitaet-geniessen\/#primaryimage"},"image":{"@id":"https:\/\/vapingnet.de\/vape\/bang-20000puff-peach-ice-jetzt-steuerfrei-sichern-und-top-qualitaet-geniessen\/#primaryimage"},"thumbnailUrl":"https:\/\/vapingnet.de\/wp-content\/uploads\/2025\/03\/Peach-Ice-1.png","datePublished":"2025-03-15T08:54:07+00:00","dateModified":"2025-06-19T03:40:51+00:00","description":"Genie\u00dfe den erfrischenden Peach Ice Geschmack mit dem Bang 20000Puff. Langanhaltender Genuss, jetzt auf vapingnet.de entdecken!","breadcrumb":{"@id":"https:\/\/vapingnet.de\/vape\/bang-20000puff-peach-ice-jetzt-steuerfrei-sichern-und-top-qualitaet-geniessen\/#breadcrumb"},"inLanguage":"lt-LT","potentialAction":[{"@type":"ReadAction","target":["https:\/\/vapingnet.de\/vape\/bang-20000puff-peach-ice-jetzt-steuerfrei-sichern-und-top-qualitaet-geniessen\/"]}]},{"@type":"ImageObject","inLanguage":"lt-LT","@id":"https:\/\/vapingnet.de\/vape\/bang-20000puff-peach-ice-jetzt-steuerfrei-sichern-und-top-qualitaet-geniessen\/#primaryimage","url":"https:\/\/vapingnet.de\/wp-content\/uploads\/2025\/03\/Peach-Ice-1.png","contentUrl":"https:\/\/vapingnet.de\/wp-content\/uploads\/2025\/03\/Peach-Ice-1.png","width":1000,"height":1000,"caption":"Peach Ice"},{"@type":"BreadcrumbList","@id":"https:\/\/vapingnet.de\/vape\/bang-20000puff-peach-ice-jetzt-steuerfrei-sichern-und-top-qualitaet-geniessen\/#breadcrumb","itemListElement":[{"@type":"ListItem","position":1,"name":"Home","item":"https:\/\/vapingnet.de\/"},{"@type":"ListItem","position":2,"name":"Shop","item":"https:\/\/vapingnet.de\/vape\/"},{"@type":"ListItem","position":3,"name":"Bang 20000Puff Peach Ice Jetzt steuerfrei sichern und Top-Qualit\u00e4t genie\u00dfen"}]},{"@type":"WebSite","@id":"https:\/\/vapingnet.de\/#website","url":"https:\/\/vapingnet.de\/","name":"Vapingnet.de","description":"","publisher":{"@id":"https:\/\/vapingnet.de\/#organization"},"potentialAction":[{"@type":"SearchAction","target":{"@type":"EntryPoint","urlTemplate":"https:\/\/vapingnet.de\/?s={search_term_string}"},"query-input":{"@type":"PropertyValueSpecification","valueRequired":true,"valueName":"search_term_string"}}],"inLanguage":"lt-LT"},{"@type":"Organization","@id":"https:\/\/vapingnet.de\/#organization","name":"Vapingnet.de","url":"https:\/\/vapingnet.de\/","logo":{"@type":"ImageObject","inLanguage":"lt-LT","@id":"https:\/\/vapingnet.de\/#\/schema\/logo\/image\/","url":"https:\/\/vapingnet.de\/wp-content\/uploads\/2025\/03\/cropped-vapingnet.de_.jpg","contentUrl":"https:\/\/vapingnet.de\/wp-content\/uploads\/2025\/03\/cropped-vapingnet.de_.jpg","width":512,"height":512,"caption":"Vapingnet.de"},"image":{"@id":"https:\/\/vapingnet.de\/#\/schema\/logo\/image\/"},"sameAs":["https:\/\/www.facebook.com\/vapingnetde\/"]}]}},"tiered_pricing_type":"fixed","tiered_pricing_fixed_rules":{"10":"8.92","60":"8.03","110":"7.14","200":"6.24"},"tiered_pricing_product_settings":{"layout":"default","base_unit_name":{"singular":null,"plural":null},"default_variation":null},"tiered_pricing_minimum_quantity":null,"tiered_pricing_roles_data":[],"tiered_pricing_percentage_rules":[],"_links":{"self":[{"href":"https:\/\/vapingnet.de\/lt\/wp-json\/wp\/v2\/product\/5456","targetHints":{"allow":["GET"]}}],"collection":[{"href":"https:\/\/vapingnet.de\/lt\/wp-json\/wp\/v2\/product"}],"about":[{"href":"https:\/\/vapingnet.de\/lt\/wp-json\/wp\/v2\/types\/product"}],"version-history":[{"count":1,"href":"https:\/\/vapingnet.de\/lt\/wp-json\/wp\/v2\/product\/5456\/revisions"}],"predecessor-version":[{"id":5458,"href":"https:\/\/vapingnet.de\/lt\/wp-json\/wp\/v2\/product\/5456\/revisions\/5458"}],"wp:featuredmedia":[{"embeddable":true,"href":"https:\/\/vapingnet.de\/lt\/wp-json\/wp\/v2\/media\/5457"}],"wp:attachment":[{"href":"https:\/\/vapingnet.de\/lt\/wp-json\/wp\/v2\/media?parent=5456"}],"wp:term":[{"taxonomy":"brand","embeddable":true,"href":"https:\/\/vapingnet.de\/lt\/wp-json\/wp\/v2\/etheme_brands?post=5456"},{"taxonomy":"product_brand","embeddable":true,"href":"https:\/\/vapingnet.de\/lt\/wp-json\/wp\/v2\/product_brand?post=5456"},{"taxonomy":"product_cat","embeddable":true,"href":"https:\/\/vapingnet.de\/lt\/wp-json\/wp\/v2\/product_cat?post=5456"},{"taxonomy":"product_tag","embeddable":true,"href":"https:\/\/vapingnet.de\/lt\/wp-json\/wp\/v2\/product_tag?post=5456"}],"curies":[{"name":"wp","href":"https:\/\/api.w.org\/{rel}","templated":true}]}}