{"id":5462,"date":"2025-03-15T09:11:03","date_gmt":"2025-03-15T09:11:03","guid":{"rendered":"https:\/\/vapingnet.de\/?post_type=product&#038;p=5462"},"modified":"2025-06-19T03:40:50","modified_gmt":"2025-06-19T03:40:50","slug":"red-bull-bang-20000puff-langanhaltender-genuss-premium-qualitaet-garantiert","status":"publish","type":"product","link":"https:\/\/vapingnet.de\/lt\/vape\/red-bull-bang-20000puff-langanhaltender-genuss-premium-qualitaet-garantiert\/","title":{"rendered":"Red Bull Bang 20000Puff Ilgalaikis malonumas Premium kokyb\u0117 garantuota"},"content":{"rendered":"<h2 data-start=\"0\" data-end=\"106\">Bang 20000Puff Dual Mesh E-R\u016bkalius \u2013 Raudonojo Bulo skonis, m\u0117gaukit\u0117s energijos kupina patirtimi<\/h2>\n<p data-start=\"108\" data-end=\"480\">Bang 20000Puff Dual Mesh E-R\u016bkalius su i\u0161skirtiniu dizainu ir jaudinan\u010diu Raudonojo Bulo skoniu u\u017etikrina unikali\u0105 garinimo patirt\u012f. Jei ie\u0161kote ilgos ir intensyvios naudojimosi patirties, \u0161is elektroninis r\u016bkalius yra b\u016btent tai, ko jums reikia. Nuo dizaino iki kiekvieno \u012fkv\u0117pimo jis suteikia visi\u0161kai nauj\u0105 ir jaudinant\u012f garinimo potyr\u012f.<\/p>\n<h4 data-start=\"482\" data-end=\"505\">Produkto ypatyb\u0117s<\/h4>\n<p data-start=\"507\" data-end=\"861\"><strong data-start=\"507\" data-end=\"551\">Ilgalaikis garinimas, iki 20000 \u012fkv\u0117pim\u0173<\/strong><br data-start=\"551\" data-end=\"554\" \/>Su 28 ml talpos elektroninio skys\u010dio talpa, Bang 20000Puff Dual Mesh elektroninis r\u016bkalius suteikia iki <a href=\"https:\/\/vapingnet.de\/lt\/k\/vape-20000-zuege\/\" target=\"_blank\" rel=\"noopener\"><strong>20000 \u012fkv\u0117pim\u0173<\/strong><\/a>. Jums nereik\u0117s jaudintis d\u0117l da\u017en\u0173 papildym\u0173 ar \u012frengini\u0173 keitimo. Ilgalaikis malonumas yra garantuotas, tod\u0117l gal\u0117site pilnai m\u0117gautis kiekviena garinimo akimirka.<\/p>\n<p data-start=\"863\" data-end=\"1283\"><strong data-start=\"863\" data-end=\"926\">Inovatyvi dvigubo tinklelio \u0161ildymo sistema intensyvesniam skoniui<\/strong><br data-start=\"926\" data-end=\"929\" \/>Su 1,1 omo dvigubo tinklelio \u0161ildymo sistema \u0161is elektroninis r\u016bkalius u\u017etikrina greit\u0105 ir tolyg\u0173 skys\u010dio \u012fkaitim\u0105. Tai sukelia \u0161veln\u0173, subtil\u0173 gar\u0105 su intensyviu ir skoniu pilnu Raudonojo Bulo aromatu kiekvieno \u012fkv\u0117pimo metu. \u0160ildymo technologija i\u0161ry\u0161kina skon\u012f ir u\u017etikrina nuosekl\u0173, auk\u0161tos kokyb\u0117s garinimo patirt\u012f.<\/p>\n<p data-start=\"1285\" data-end=\"1568\"><strong data-start=\"1285\" data-end=\"1325\">Keturi nikotino stiprumai kiekvienam poreikiui<\/strong><br data-start=\"1325\" data-end=\"1328\" \/>Bang 20000Puff Dual Mesh elektroninis r\u016bkalius si\u016blo keturis skirtingus nikotino stiprumus: 0%, 2%, 3% ir 5%. Nesvarbu, ar norite \u0161velnesn\u0117s, ar stipresn\u0117s patirties, galite pasirinkti nikotino stiprum\u0105 pagal savo skon\u012f.<\/p>\n<p data-start=\"1570\" data-end=\"1827\"><strong data-start=\"1570\" data-end=\"1614\">650mAh baterija su Type-C greitu \u012fkrovimu<\/strong><br data-start=\"1614\" data-end=\"1617\" \/>650mAh baterija u\u017etikrina ilgalaik\u012f naudojim\u0105 ir leid\u017eia greitai \u012fkrauti naudojant Type-C jungt\u012f. Taip gal\u0117site bet kada greitai toliau garinti, nesukeldami ilgo \u012fkrovimo laiko.<\/p>\n<p data-start=\"1829\" data-end=\"2050\"><strong data-start=\"1829\" data-end=\"1851\">Lengvas ir ne\u0161iojamas<\/strong><br data-start=\"1851\" data-end=\"1854\" \/>Svoris tik 90 g vienetui, \u0161is elektroninis r\u016bkalius yra nepaprastai lengvas ir lengvai transportuojamas. Nesvarbu, ar namuose, ar keliaujant \u2013 jis lengvai telpa \u012f ki\u0161en\u0119 ir gali b\u016bti naudojamas bet kada.<\/p>\n<h4 data-start=\"2052\" data-end=\"2078\">Pirkimo privalumai<\/h4>\n<ul data-start=\"2080\" data-end=\"2439\">\n<li data-start=\"2080\" data-end=\"2230\"><strong data-start=\"2082\" data-end=\"2094\">Be muito<\/strong>: Pirkdami vapingnet.de, n\u0117ra joki\u0173<a href=\"https:\/\/vapingnet.de\/lt\/k\/f\/\" target=\"_blank\" rel=\"noopener\"><strong> muitin\u0117s mokes\u010di\u0173<\/strong><\/a> mokes\u010di\u0173, kas padaro pirkimo proces\u0105 paprast\u0105 ir skaidr\u0173.<\/li>\n<li data-start=\"2231\" data-end=\"2439\"><strong data-start=\"2233\" data-end=\"2285\">Greitas oro siuntimas, pristatymas per 7-15 darbo dien\u0173<\/strong>: Mes garantuojame greit\u0105 pristatym\u0105 per 7-15 darbo dien\u0173, kad gautum\u0117te savo produkt\u0105 greitai ir gal\u0117tum\u0117te nedelsti prad\u0117ti garinti.<\/li>\n<\/ul>\n<h3>Raudonojo Bulo skonis energijai ir gaivumui<\/h3>\n<p data-start=\"2494\" data-end=\"2849\">Bang 20000Puff Dual Mesh elektroninio r\u016bkaliaus Raudonojo Bulo skonis suteikia gaivi\u0105, energing\u0105 garinimo patirt\u012f. Skonis primena \u017einom\u0105, stimuliuojant\u012f g\u0117rim\u0105 ir suteikia jums galutin\u012f gaivos ir vitaliteto jausm\u0105. Kiekvienas \u012fkv\u0117pimas pakelia jus \u012f auk\u0161tumas ir leid\u017eia patirti vis\u0105 Raudonojo Bulo skonio energij\u0105.<\/p>\n<h4 data-start=\"2851\" data-end=\"2894\">Pirkti dabar ir patirti Raudon\u0105j\u012f Bul\u012f<\/h4>\n<p data-start=\"2895\" data-end=\"3131\" data-is-last-node=\"\" data-is-only-node=\"\">Apsilankykite <a href=\"https:\/\/vapingnet.de\/lt\/\" target=\"_new\" rel=\"noopener\" data-start=\"2908\" data-end=\"2944\">vapingnet.de<\/a>, kad \u012fsigytum\u0117te Bang 20000Puff Dual Mesh E-cigaret\u0119 ir m\u0117gautum\u0117t\u0117s gaiviu Red Bull skoniu. Gaukite savo elektronin\u0119 cigaret\u0119 jau \u0161iandien ir patirkite piln\u0105 energij\u0105!<\/p>","protected":false},"excerpt":{"rendered":"<p>Bang 20000Puff Dual Mesh E-R\u016bkalius \u2013 Raudonojo obuolio skonis, m\u0117gaukit\u0117s energijos kupina patirtimi. Bang 20000Puff Dual Mesh E-R\u016bkalius su i\u0161skirtiniu dizainu ir...<\/p>","protected":false},"featured_media":5463,"template":"","meta":[],"etheme_brands":[],"product_brand":[101],"product_cat":[54,49,61],"product_tag":[],"class_list":{"0":"post-5462","1":"product","2":"type-product","3":"status-publish","4":"has-post-thumbnail","6":"product_brand-bang-king-vape","7":"product_cat-vape-20000-zuege","8":"product_cat-einweg-e-zigarette","9":"product_cat-f","11":"first","12":"instock","13":"shipping-taxable","14":"purchasable","15":"product-type-simple"},"yoast_head":"<!-- This site is optimized with the Yoast SEO plugin v26.5 - https:\/\/yoast.com\/wordpress\/plugins\/seo\/ -->\n<title>Entdecke Bang 20000Puff Red Bull Geschmack auf vapingnet.de<\/title>\n<meta name=\"description\" content=\"Erlebe den erfrischenden Red Bull Geschmack des Bang 20000Puff. Langanhaltender Genuss, jetzt auf vapingnet.de erh\u00e4ltlich!\" \/>\n<meta name=\"robots\" content=\"index, follow, max-snippet:-1, max-image-preview:large, max-video-preview:-1\" \/>\n<link rel=\"canonical\" href=\"https:\/\/vapingnet.de\/lt\/vape\/red-bull-bang-20000puff-langanhaltender-genuss-premium-qualitaet-garantiert\/\" \/>\n<meta property=\"og:locale\" content=\"lt_LT\" \/>\n<meta property=\"og:type\" content=\"article\" \/>\n<meta property=\"og:title\" content=\"Entdecke Bang 20000Puff Red Bull Geschmack auf vapingnet.de\" \/>\n<meta property=\"og:description\" content=\"Erlebe den erfrischenden Red Bull Geschmack des Bang 20000Puff. Langanhaltender Genuss, jetzt auf vapingnet.de erh\u00e4ltlich!\" \/>\n<meta property=\"og:url\" content=\"https:\/\/vapingnet.de\/lt\/vape\/red-bull-bang-20000puff-langanhaltender-genuss-premium-qualitaet-garantiert\/\" \/>\n<meta property=\"og:site_name\" content=\"Vapingnet.de\" \/>\n<meta property=\"article:publisher\" content=\"https:\/\/www.facebook.com\/vapingnetde\/\" \/>\n<meta property=\"article:modified_time\" content=\"2025-06-19T03:40:50+00:00\" \/>\n<meta property=\"og:image\" content=\"https:\/\/vapingnet.de\/wp-content\/uploads\/2025\/03\/Red-Bull.png\" \/>\n\t<meta property=\"og:image:width\" content=\"1000\" \/>\n\t<meta property=\"og:image:height\" content=\"1000\" \/>\n\t<meta property=\"og:image:type\" content=\"image\/png\" \/>\n<meta name=\"twitter:card\" content=\"summary_large_image\" \/>\n<meta name=\"twitter:label1\" content=\"Est. reading time\" \/>\n\t<meta name=\"twitter:data1\" content=\"3 minutes\" \/>\n<script type=\"application\/ld+json\" class=\"yoast-schema-graph\">{\"@context\":\"https:\/\/schema.org\",\"@graph\":[{\"@type\":\"WebPage\",\"@id\":\"https:\/\/vapingnet.de\/vape\/red-bull-bang-20000puff-langanhaltender-genuss-premium-qualitaet-garantiert\/\",\"url\":\"https:\/\/vapingnet.de\/vape\/red-bull-bang-20000puff-langanhaltender-genuss-premium-qualitaet-garantiert\/\",\"name\":\"Entdecke Bang 20000Puff Red Bull Geschmack auf vapingnet.de\",\"isPartOf\":{\"@id\":\"https:\/\/vapingnet.de\/#website\"},\"primaryImageOfPage\":{\"@id\":\"https:\/\/vapingnet.de\/vape\/red-bull-bang-20000puff-langanhaltender-genuss-premium-qualitaet-garantiert\/#primaryimage\"},\"image\":{\"@id\":\"https:\/\/vapingnet.de\/vape\/red-bull-bang-20000puff-langanhaltender-genuss-premium-qualitaet-garantiert\/#primaryimage\"},\"thumbnailUrl\":\"https:\/\/vapingnet.de\/wp-content\/uploads\/2025\/03\/Red-Bull.png\",\"datePublished\":\"2025-03-15T09:11:03+00:00\",\"dateModified\":\"2025-06-19T03:40:50+00:00\",\"description\":\"Erlebe den erfrischenden Red Bull Geschmack des Bang 20000Puff. Langanhaltender Genuss, jetzt auf vapingnet.de erh\u00e4ltlich!\",\"breadcrumb\":{\"@id\":\"https:\/\/vapingnet.de\/vape\/red-bull-bang-20000puff-langanhaltender-genuss-premium-qualitaet-garantiert\/#breadcrumb\"},\"inLanguage\":\"lt-LT\",\"potentialAction\":[{\"@type\":\"ReadAction\",\"target\":[\"https:\/\/vapingnet.de\/vape\/red-bull-bang-20000puff-langanhaltender-genuss-premium-qualitaet-garantiert\/\"]}]},{\"@type\":\"ImageObject\",\"inLanguage\":\"lt-LT\",\"@id\":\"https:\/\/vapingnet.de\/vape\/red-bull-bang-20000puff-langanhaltender-genuss-premium-qualitaet-garantiert\/#primaryimage\",\"url\":\"https:\/\/vapingnet.de\/wp-content\/uploads\/2025\/03\/Red-Bull.png\",\"contentUrl\":\"https:\/\/vapingnet.de\/wp-content\/uploads\/2025\/03\/Red-Bull.png\",\"width\":1000,\"height\":1000,\"caption\":\"Red Bull\"},{\"@type\":\"BreadcrumbList\",\"@id\":\"https:\/\/vapingnet.de\/vape\/red-bull-bang-20000puff-langanhaltender-genuss-premium-qualitaet-garantiert\/#breadcrumb\",\"itemListElement\":[{\"@type\":\"ListItem\",\"position\":1,\"name\":\"Home\",\"item\":\"https:\/\/vapingnet.de\/\"},{\"@type\":\"ListItem\",\"position\":2,\"name\":\"Shop\",\"item\":\"https:\/\/vapingnet.de\/vape\/\"},{\"@type\":\"ListItem\",\"position\":3,\"name\":\"Red Bull Bang 20000Puff Langanhaltender Genuss Premium Qualit\u00e4t garantiert\"}]},{\"@type\":\"WebSite\",\"@id\":\"https:\/\/vapingnet.de\/#website\",\"url\":\"https:\/\/vapingnet.de\/\",\"name\":\"Vapingnet.de\",\"description\":\"\",\"publisher\":{\"@id\":\"https:\/\/vapingnet.de\/#organization\"},\"potentialAction\":[{\"@type\":\"SearchAction\",\"target\":{\"@type\":\"EntryPoint\",\"urlTemplate\":\"https:\/\/vapingnet.de\/?s={search_term_string}\"},\"query-input\":{\"@type\":\"PropertyValueSpecification\",\"valueRequired\":true,\"valueName\":\"search_term_string\"}}],\"inLanguage\":\"lt-LT\"},{\"@type\":\"Organization\",\"@id\":\"https:\/\/vapingnet.de\/#organization\",\"name\":\"Vapingnet.de\",\"url\":\"https:\/\/vapingnet.de\/\",\"logo\":{\"@type\":\"ImageObject\",\"inLanguage\":\"lt-LT\",\"@id\":\"https:\/\/vapingnet.de\/#\/schema\/logo\/image\/\",\"url\":\"https:\/\/vapingnet.de\/wp-content\/uploads\/2025\/03\/cropped-vapingnet.de_.jpg\",\"contentUrl\":\"https:\/\/vapingnet.de\/wp-content\/uploads\/2025\/03\/cropped-vapingnet.de_.jpg\",\"width\":512,\"height\":512,\"caption\":\"Vapingnet.de\"},\"image\":{\"@id\":\"https:\/\/vapingnet.de\/#\/schema\/logo\/image\/\"},\"sameAs\":[\"https:\/\/www.facebook.com\/vapingnetde\/\"]}]}<\/script>\n<!-- \/ Yoast SEO plugin. -->","yoast_head_json":{"title":"Entdecke Bang 20000Puff Red Bull Geschmack auf vapingnet.de","description":"Erlebe den erfrischenden Red Bull Geschmack des Bang 20000Puff. Langanhaltender Genuss, jetzt auf vapingnet.de erh\u00e4ltlich!","robots":{"index":"index","follow":"follow","max-snippet":"max-snippet:-1","max-image-preview":"max-image-preview:large","max-video-preview":"max-video-preview:-1"},"canonical":"https:\/\/vapingnet.de\/lt\/vape\/red-bull-bang-20000puff-langanhaltender-genuss-premium-qualitaet-garantiert\/","og_locale":"lt_LT","og_type":"article","og_title":"Entdecke Bang 20000Puff Red Bull Geschmack auf vapingnet.de","og_description":"Erlebe den erfrischenden Red Bull Geschmack des Bang 20000Puff. Langanhaltender Genuss, jetzt auf vapingnet.de erh\u00e4ltlich!","og_url":"https:\/\/vapingnet.de\/lt\/vape\/red-bull-bang-20000puff-langanhaltender-genuss-premium-qualitaet-garantiert\/","og_site_name":"Vapingnet.de","article_publisher":"https:\/\/www.facebook.com\/vapingnetde\/","article_modified_time":"2025-06-19T03:40:50+00:00","og_image":[{"width":1000,"height":1000,"url":"https:\/\/vapingnet.de\/wp-content\/uploads\/2025\/03\/Red-Bull.png","type":"image\/png"}],"twitter_card":"summary_large_image","twitter_misc":{"Est. reading time":"3 minutes"},"schema":{"@context":"https:\/\/schema.org","@graph":[{"@type":"WebPage","@id":"https:\/\/vapingnet.de\/vape\/red-bull-bang-20000puff-langanhaltender-genuss-premium-qualitaet-garantiert\/","url":"https:\/\/vapingnet.de\/vape\/red-bull-bang-20000puff-langanhaltender-genuss-premium-qualitaet-garantiert\/","name":"Entdecke Bang 20000Puff Red Bull Geschmack auf vapingnet.de","isPartOf":{"@id":"https:\/\/vapingnet.de\/#website"},"primaryImageOfPage":{"@id":"https:\/\/vapingnet.de\/vape\/red-bull-bang-20000puff-langanhaltender-genuss-premium-qualitaet-garantiert\/#primaryimage"},"image":{"@id":"https:\/\/vapingnet.de\/vape\/red-bull-bang-20000puff-langanhaltender-genuss-premium-qualitaet-garantiert\/#primaryimage"},"thumbnailUrl":"https:\/\/vapingnet.de\/wp-content\/uploads\/2025\/03\/Red-Bull.png","datePublished":"2025-03-15T09:11:03+00:00","dateModified":"2025-06-19T03:40:50+00:00","description":"Erlebe den erfrischenden Red Bull Geschmack des Bang 20000Puff. Langanhaltender Genuss, jetzt auf vapingnet.de erh\u00e4ltlich!","breadcrumb":{"@id":"https:\/\/vapingnet.de\/vape\/red-bull-bang-20000puff-langanhaltender-genuss-premium-qualitaet-garantiert\/#breadcrumb"},"inLanguage":"lt-LT","potentialAction":[{"@type":"ReadAction","target":["https:\/\/vapingnet.de\/vape\/red-bull-bang-20000puff-langanhaltender-genuss-premium-qualitaet-garantiert\/"]}]},{"@type":"ImageObject","inLanguage":"lt-LT","@id":"https:\/\/vapingnet.de\/vape\/red-bull-bang-20000puff-langanhaltender-genuss-premium-qualitaet-garantiert\/#primaryimage","url":"https:\/\/vapingnet.de\/wp-content\/uploads\/2025\/03\/Red-Bull.png","contentUrl":"https:\/\/vapingnet.de\/wp-content\/uploads\/2025\/03\/Red-Bull.png","width":1000,"height":1000,"caption":"Red Bull"},{"@type":"BreadcrumbList","@id":"https:\/\/vapingnet.de\/vape\/red-bull-bang-20000puff-langanhaltender-genuss-premium-qualitaet-garantiert\/#breadcrumb","itemListElement":[{"@type":"ListItem","position":1,"name":"Home","item":"https:\/\/vapingnet.de\/"},{"@type":"ListItem","position":2,"name":"Shop","item":"https:\/\/vapingnet.de\/vape\/"},{"@type":"ListItem","position":3,"name":"Red Bull Bang 20000Puff Langanhaltender Genuss Premium Qualit\u00e4t garantiert"}]},{"@type":"WebSite","@id":"https:\/\/vapingnet.de\/#website","url":"https:\/\/vapingnet.de\/","name":"Vapingnet.de","description":"","publisher":{"@id":"https:\/\/vapingnet.de\/#organization"},"potentialAction":[{"@type":"SearchAction","target":{"@type":"EntryPoint","urlTemplate":"https:\/\/vapingnet.de\/?s={search_term_string}"},"query-input":{"@type":"PropertyValueSpecification","valueRequired":true,"valueName":"search_term_string"}}],"inLanguage":"lt-LT"},{"@type":"Organization","@id":"https:\/\/vapingnet.de\/#organization","name":"Vapingnet.de","url":"https:\/\/vapingnet.de\/","logo":{"@type":"ImageObject","inLanguage":"lt-LT","@id":"https:\/\/vapingnet.de\/#\/schema\/logo\/image\/","url":"https:\/\/vapingnet.de\/wp-content\/uploads\/2025\/03\/cropped-vapingnet.de_.jpg","contentUrl":"https:\/\/vapingnet.de\/wp-content\/uploads\/2025\/03\/cropped-vapingnet.de_.jpg","width":512,"height":512,"caption":"Vapingnet.de"},"image":{"@id":"https:\/\/vapingnet.de\/#\/schema\/logo\/image\/"},"sameAs":["https:\/\/www.facebook.com\/vapingnetde\/"]}]}},"tiered_pricing_type":"fixed","tiered_pricing_fixed_rules":{"10":"8.92","60":"8.03","110":"7.14","200":"6.24"},"tiered_pricing_product_settings":{"layout":"default","base_unit_name":{"singular":null,"plural":null},"default_variation":null},"tiered_pricing_minimum_quantity":null,"tiered_pricing_roles_data":[],"tiered_pricing_percentage_rules":[],"_links":{"self":[{"href":"https:\/\/vapingnet.de\/lt\/wp-json\/wp\/v2\/product\/5462","targetHints":{"allow":["GET"]}}],"collection":[{"href":"https:\/\/vapingnet.de\/lt\/wp-json\/wp\/v2\/product"}],"about":[{"href":"https:\/\/vapingnet.de\/lt\/wp-json\/wp\/v2\/types\/product"}],"version-history":[{"count":1,"href":"https:\/\/vapingnet.de\/lt\/wp-json\/wp\/v2\/product\/5462\/revisions"}],"predecessor-version":[{"id":5464,"href":"https:\/\/vapingnet.de\/lt\/wp-json\/wp\/v2\/product\/5462\/revisions\/5464"}],"wp:featuredmedia":[{"embeddable":true,"href":"https:\/\/vapingnet.de\/lt\/wp-json\/wp\/v2\/media\/5463"}],"wp:attachment":[{"href":"https:\/\/vapingnet.de\/lt\/wp-json\/wp\/v2\/media?parent=5462"}],"wp:term":[{"taxonomy":"brand","embeddable":true,"href":"https:\/\/vapingnet.de\/lt\/wp-json\/wp\/v2\/etheme_brands?post=5462"},{"taxonomy":"product_brand","embeddable":true,"href":"https:\/\/vapingnet.de\/lt\/wp-json\/wp\/v2\/product_brand?post=5462"},{"taxonomy":"product_cat","embeddable":true,"href":"https:\/\/vapingnet.de\/lt\/wp-json\/wp\/v2\/product_cat?post=5462"},{"taxonomy":"product_tag","embeddable":true,"href":"https:\/\/vapingnet.de\/lt\/wp-json\/wp\/v2\/product_tag?post=5462"}],"curies":[{"name":"wp","href":"https:\/\/api.w.org\/{rel}","templated":true}]}}