{"id":5465,"date":"2025-03-15T09:21:05","date_gmt":"2025-03-15T09:21:05","guid":{"rendered":"https:\/\/vapingnet.de\/?post_type=product&#038;p=5465"},"modified":"2025-06-19T03:40:50","modified_gmt":"2025-06-19T03:40:50","slug":"erfrischend-und-hochwertig-bang-20000puff-watermelon-ice-direkt-ab-werk","status":"publish","type":"product","link":"https:\/\/vapingnet.de\/lt\/vape\/erfrischend-und-hochwertig-bang-20000puff-watermelon-ice-direkt-ab-werk\/","title":{"rendered":"Atgaivinti ir auk\u0161tos kokyb\u0117s Bang 20000Puff Watermelon Ice tiesiai i\u0161 gamyklos"},"content":{"rendered":"<h2 data-start=\"0\" data-end=\"62\">Bang 20000Puff Dual Mesh E-Cigarete \u2013 Kiekvienas \u012fkv\u0117pimas \u2013 malonumas<\/h2>\n<p data-start=\"64\" data-end=\"392\">Bang 20000Puff Dual Mesh E-Cigarete buvo sukurta E-cigaret\u0117s m\u0117g\u0117jams, kurie ie\u0161ko maksimalaus skonio ir ilgaam\u017ei\u0161kumo. Su savo inovatyvia Dual-Mesh garinimo technologija, dideliu talpumu ir efektyviu akumuliatoriaus veikimu ji si\u016blo neprilygstam\u0105 garinimo patirt\u012f.<\/p>\n<h4 data-start=\"394\" data-end=\"413\">Pagrindin\u0117s savyb\u0117s<\/h4>\n<ul data-start=\"414\" data-end=\"1848\">\n<li data-start=\"414\" data-end=\"660\">\n<p data-start=\"416\" data-end=\"660\"><strong data-start=\"416\" data-end=\"439\">20000 \u012fkv\u0117pim\u0173 patirtis<\/strong><br data-start=\"439\" data-end=\"442\" \/>Kiekviena Bang 20000Puff E-Cigarete si\u016blo iki <a href=\"https:\/\/vapingnet.de\/lt\/k\/vape-20000-zuege\/\" target=\"_blank\" rel=\"noopener\"><strong>20000 \u012fkv\u0117pim\u0173<\/strong><\/a>, tod\u0117l galite m\u0117gautis savo elektronine cigarete kasdien\u0117je veikloje ar vakar\u0117liuose, nereik\u0117s nuolat papildyti. Ilgalaikis d\u017eiaugsmas be da\u017en\u0173 keitim\u0173.<\/p>\n<\/li>\n<li data-start=\"662\" data-end=\"920\">\n<p data-start=\"664\" data-end=\"920\"><strong data-start=\"664\" data-end=\"701\">Dual-Mesh garinimo technologija<\/strong><br data-start=\"701\" data-end=\"704\" \/>Su 1,1\u03a9 Dual-Mesh rit\u0117mis, \u0161i elektronin\u0117 cigaret\u0117 u\u017etikrina ypa\u010d tolyg\u0173 garavim\u0105. Kiekvienas \u012fkv\u0117pimas suteikia tanki\u0105, \u0161velni\u0105 ir skoninga d\u016bm\u0173 debes\u012f, pakelian\u010di\u0105 garinimo patirt\u012f \u012f kit\u0105 lyg\u012f.<\/p>\n<\/li>\n<li data-start=\"922\" data-end=\"1128\">\n<p data-start=\"924\" data-end=\"1128\"><strong data-start=\"924\" data-end=\"949\">28 ml didelis talpumas<\/strong><br data-start=\"949\" data-end=\"952\" \/>Bang 20000Puff turi didel\u012f 28 ml E-skys\u010dio talp\u0105, leid\u017eian\u010di\u0105 ilgai garinti be papildymo. M\u0117gaukis savo garinimo patirtimi be pertrauk\u0173.<\/p>\n<\/li>\n<li data-start=\"1130\" data-end=\"1415\">\n<p data-start=\"1132\" data-end=\"1415\"><strong data-start=\"1132\" data-end=\"1176\">\u012evairios nikotino druskos koncentracijos<\/strong><br data-start=\"1176\" data-end=\"1179\" \/>Pasirinkite tarp 0%, 2%, 3% ar 5% nikotino stiprumo, priklausomai nuo to, kaip intensyvi norite garinimo patirt\u012f. Nesvarbu, ar norite nikotino neturin\u010dio, gaivinan\u010dio skonio, ar stipraus nikotino \u0161uolio \u2013 \u010dia rasite kiekvienam.<\/p>\n<\/li>\n<li data-start=\"1417\" data-end=\"1652\">\n<p data-start=\"1419\" data-end=\"1652\"><strong data-start=\"1419\" data-end=\"1457\">650mAh akumuliatorius ir Type-C greitas \u012fkrovimas<\/strong><br data-start=\"1457\" data-end=\"1460\" \/>650mAh akumuliatorius u\u017etikrina ilg\u0105 naudojimo laik\u0105. Su Type-C jungtimi \u012fkrovimas tampa dar greitesnis ir patogesnis, kad gal\u0117tum\u0117te greitai v\u0117l naudoti elektronin\u0119 cigaret\u0119.<\/p>\n<\/li>\n<li data-start=\"1654\" data-end=\"1848\">\n<p data-start=\"1656\" data-end=\"1848\"><strong data-start=\"1656\" data-end=\"1675\">Lengvas dizainas<\/strong><br data-start=\"1675\" data-end=\"1678\" \/>Svoris tik 90 g, Bang 20000Puff yra ypa\u010d lengva ir lengvai telpa \u012f ki\u0161en\u0119 ar rankin\u0119. M\u0117gaukis savo garinimo patirtimi bet kur ir bet kada.<\/p>\n<\/li>\n<\/ul>\n<h4 data-start=\"1850\" data-end=\"2205\">Skonio rekomendacija: Watermelon Ice<\/h4>\n<p data-start=\"1850\" data-end=\"2205\">Watermelon Ice skonis sujungia sald\u0173 arb\u016bzo skon\u012f su gaivinan\u010dia, \u0161aldan\u010dia \u0161iluma. Kiekvienas \u012fkv\u0117pimas jau\u010diasi kaip gaivus vasaros v\u0117jas. Nesvarbu, ar vasara, ar \u017eiema, Watermelon Ice skonis visada suteikia gaivinan\u010di\u0105 garinimo patirt\u012f.<\/p>\n<h3 data-start=\"2207\" data-end=\"2251\">Kod\u0117l rinktis Bang 20000Puff Dual Mesh?<\/h3>\n<ul data-start=\"2252\" data-end=\"2716\">\n<li data-start=\"2252\" data-end=\"2356\"><strong data-start=\"2254\" data-end=\"2266\">Be muito<\/strong>: Visos u\u017esakym\u0173 proced\u016bros yra be muito, u\u017etikrinan\u010dios jums ner\u016bpesting\u0105 pirkimo patirt\u012f.<\/li>\n<li data-start=\"2357\" data-end=\"2508\"><strong data-start=\"2359\" data-end=\"2381\">Greitas pristatymas<\/strong>: Oro transportu j\u016bs\u0173 u\u017esakymas pasieks jus per 7-15 darbo dien\u0173 \u2013 greitas pristatymas, kurio vertinate.<\/li>\n<li data-start=\"2509\" data-end=\"2716\"><strong data-start=\"2511\" data-end=\"2535\">Auk\u0161tos kokyb\u0117s<\/strong>: Bang 20000Puff yra gaminamas naudojant modernias med\u017eiagas ir inovatyvius dizainus, siekiant u\u017etikrinti nuolatin\u0119 auk\u0161t\u0105 kokyb\u0119 ir patenkinam\u0105 garinimo patirt\u012f.<\/li>\n<\/ul>\n<p data-start=\"2718\" data-end=\"2934\" data-is-last-node=\"\" data-is-only-node=\"\">Pasirinkite Bang 20000Puff Dual Mesh Elektronin\u0119 cigaret\u0119 ir patirkite ilgalaik\u012f malonum\u0105. Aplankykite dabar vapingnet.de ir m\u0117gaukit\u0117s be muit\u0173 pirkiniu bei greitu pristatymu. Prad\u0117kite savo garinimo patirt\u012f jau \u0161iandien!<\/p>","protected":false},"excerpt":{"rendered":"<p>Bang 20000Puf\u0173 Dvigubo Tinklo Elektronin\u0117 Cigaret\u0117 \u2013 Kiekvienas \u012fkv\u0117pimas malonumas Bang 20000Puf\u0173 Dvigubo Tinklo Elektronin\u0117 Cigaret\u0117 sukurta elektronini\u0173 cigare\u010di\u0173 m\u0117g\u0117jams, kurie siekia maksimalaus skonio ir...<\/p>","protected":false},"featured_media":5466,"template":"","meta":[],"etheme_brands":[],"product_brand":[101],"product_cat":[54,49,61],"product_tag":[],"class_list":{"0":"post-5465","1":"product","2":"type-product","3":"status-publish","4":"has-post-thumbnail","6":"product_brand-bang-king-vape","7":"product_cat-vape-20000-zuege","8":"product_cat-einweg-e-zigarette","9":"product_cat-f","11":"first","12":"instock","13":"shipping-taxable","14":"purchasable","15":"product-type-simple"},"yoast_head":"<!-- This site is optimized with the Yoast SEO plugin v26.5 - https:\/\/yoast.com\/wordpress\/plugins\/seo\/ -->\n<title>Bang 20000Puff Watermelon Ice Frischer Genuss auf vapingnet.de<\/title>\n<meta name=\"description\" content=\"Genie\u00dfe den erfrischenden Watermelon Ice Geschmack des Bang 20000Puff. Langanhaltender Vaping-Genuss, jetzt auf vapingnet.de\" \/>\n<meta name=\"robots\" content=\"index, follow, max-snippet:-1, max-image-preview:large, max-video-preview:-1\" \/>\n<link rel=\"canonical\" href=\"https:\/\/vapingnet.de\/lt\/vape\/erfrischend-und-hochwertig-bang-20000puff-watermelon-ice-direkt-ab-werk\/\" \/>\n<meta property=\"og:locale\" content=\"lt_LT\" \/>\n<meta property=\"og:type\" content=\"article\" \/>\n<meta property=\"og:title\" content=\"Bang 20000Puff Watermelon Ice Frischer Genuss auf vapingnet.de\" \/>\n<meta property=\"og:description\" content=\"Genie\u00dfe den erfrischenden Watermelon Ice Geschmack des Bang 20000Puff. Langanhaltender Vaping-Genuss, jetzt auf vapingnet.de\" \/>\n<meta property=\"og:url\" content=\"https:\/\/vapingnet.de\/lt\/vape\/erfrischend-und-hochwertig-bang-20000puff-watermelon-ice-direkt-ab-werk\/\" \/>\n<meta property=\"og:site_name\" content=\"Vapingnet.de\" \/>\n<meta property=\"article:publisher\" content=\"https:\/\/www.facebook.com\/vapingnetde\/\" \/>\n<meta property=\"article:modified_time\" content=\"2025-06-19T03:40:50+00:00\" \/>\n<meta property=\"og:image\" content=\"https:\/\/vapingnet.de\/wp-content\/uploads\/2025\/03\/Watermelon-Ice-1.png\" \/>\n\t<meta property=\"og:image:width\" content=\"1000\" \/>\n\t<meta property=\"og:image:height\" content=\"1000\" \/>\n\t<meta property=\"og:image:type\" content=\"image\/png\" \/>\n<meta name=\"twitter:card\" content=\"summary_large_image\" \/>\n<meta name=\"twitter:label1\" content=\"Est. reading time\" \/>\n\t<meta name=\"twitter:data1\" content=\"3 minutes\" \/>\n<script type=\"application\/ld+json\" class=\"yoast-schema-graph\">{\"@context\":\"https:\/\/schema.org\",\"@graph\":[{\"@type\":\"WebPage\",\"@id\":\"https:\/\/vapingnet.de\/vape\/erfrischend-und-hochwertig-bang-20000puff-watermelon-ice-direkt-ab-werk\/\",\"url\":\"https:\/\/vapingnet.de\/vape\/erfrischend-und-hochwertig-bang-20000puff-watermelon-ice-direkt-ab-werk\/\",\"name\":\"Bang 20000Puff Watermelon Ice Frischer Genuss auf vapingnet.de\",\"isPartOf\":{\"@id\":\"https:\/\/vapingnet.de\/#website\"},\"primaryImageOfPage\":{\"@id\":\"https:\/\/vapingnet.de\/vape\/erfrischend-und-hochwertig-bang-20000puff-watermelon-ice-direkt-ab-werk\/#primaryimage\"},\"image\":{\"@id\":\"https:\/\/vapingnet.de\/vape\/erfrischend-und-hochwertig-bang-20000puff-watermelon-ice-direkt-ab-werk\/#primaryimage\"},\"thumbnailUrl\":\"https:\/\/vapingnet.de\/wp-content\/uploads\/2025\/03\/Watermelon-Ice-1.png\",\"datePublished\":\"2025-03-15T09:21:05+00:00\",\"dateModified\":\"2025-06-19T03:40:50+00:00\",\"description\":\"Genie\u00dfe den erfrischenden Watermelon Ice Geschmack des Bang 20000Puff. Langanhaltender Vaping-Genuss, jetzt auf vapingnet.de\",\"breadcrumb\":{\"@id\":\"https:\/\/vapingnet.de\/vape\/erfrischend-und-hochwertig-bang-20000puff-watermelon-ice-direkt-ab-werk\/#breadcrumb\"},\"inLanguage\":\"lt-LT\",\"potentialAction\":[{\"@type\":\"ReadAction\",\"target\":[\"https:\/\/vapingnet.de\/vape\/erfrischend-und-hochwertig-bang-20000puff-watermelon-ice-direkt-ab-werk\/\"]}]},{\"@type\":\"ImageObject\",\"inLanguage\":\"lt-LT\",\"@id\":\"https:\/\/vapingnet.de\/vape\/erfrischend-und-hochwertig-bang-20000puff-watermelon-ice-direkt-ab-werk\/#primaryimage\",\"url\":\"https:\/\/vapingnet.de\/wp-content\/uploads\/2025\/03\/Watermelon-Ice-1.png\",\"contentUrl\":\"https:\/\/vapingnet.de\/wp-content\/uploads\/2025\/03\/Watermelon-Ice-1.png\",\"width\":1000,\"height\":1000,\"caption\":\"Watermelon Ice\"},{\"@type\":\"BreadcrumbList\",\"@id\":\"https:\/\/vapingnet.de\/vape\/erfrischend-und-hochwertig-bang-20000puff-watermelon-ice-direkt-ab-werk\/#breadcrumb\",\"itemListElement\":[{\"@type\":\"ListItem\",\"position\":1,\"name\":\"Home\",\"item\":\"https:\/\/vapingnet.de\/\"},{\"@type\":\"ListItem\",\"position\":2,\"name\":\"Shop\",\"item\":\"https:\/\/vapingnet.de\/vape\/\"},{\"@type\":\"ListItem\",\"position\":3,\"name\":\"Erfrischend und hochwertig Bang 20000Puff Watermelon Ice direkt ab Werk\"}]},{\"@type\":\"WebSite\",\"@id\":\"https:\/\/vapingnet.de\/#website\",\"url\":\"https:\/\/vapingnet.de\/\",\"name\":\"Vapingnet.de\",\"description\":\"\",\"publisher\":{\"@id\":\"https:\/\/vapingnet.de\/#organization\"},\"potentialAction\":[{\"@type\":\"SearchAction\",\"target\":{\"@type\":\"EntryPoint\",\"urlTemplate\":\"https:\/\/vapingnet.de\/?s={search_term_string}\"},\"query-input\":{\"@type\":\"PropertyValueSpecification\",\"valueRequired\":true,\"valueName\":\"search_term_string\"}}],\"inLanguage\":\"lt-LT\"},{\"@type\":\"Organization\",\"@id\":\"https:\/\/vapingnet.de\/#organization\",\"name\":\"Vapingnet.de\",\"url\":\"https:\/\/vapingnet.de\/\",\"logo\":{\"@type\":\"ImageObject\",\"inLanguage\":\"lt-LT\",\"@id\":\"https:\/\/vapingnet.de\/#\/schema\/logo\/image\/\",\"url\":\"https:\/\/vapingnet.de\/wp-content\/uploads\/2025\/03\/cropped-vapingnet.de_.jpg\",\"contentUrl\":\"https:\/\/vapingnet.de\/wp-content\/uploads\/2025\/03\/cropped-vapingnet.de_.jpg\",\"width\":512,\"height\":512,\"caption\":\"Vapingnet.de\"},\"image\":{\"@id\":\"https:\/\/vapingnet.de\/#\/schema\/logo\/image\/\"},\"sameAs\":[\"https:\/\/www.facebook.com\/vapingnetde\/\"]}]}<\/script>\n<!-- \/ Yoast SEO plugin. -->","yoast_head_json":{"title":"Bang 20000Puff Watermelon Ice Frischer Genuss auf vapingnet.de","description":"Genie\u00dfe den erfrischenden Watermelon Ice Geschmack des Bang 20000Puff. Langanhaltender Vaping-Genuss, jetzt auf vapingnet.de","robots":{"index":"index","follow":"follow","max-snippet":"max-snippet:-1","max-image-preview":"max-image-preview:large","max-video-preview":"max-video-preview:-1"},"canonical":"https:\/\/vapingnet.de\/lt\/vape\/erfrischend-und-hochwertig-bang-20000puff-watermelon-ice-direkt-ab-werk\/","og_locale":"lt_LT","og_type":"article","og_title":"Bang 20000Puff Watermelon Ice Frischer Genuss auf vapingnet.de","og_description":"Genie\u00dfe den erfrischenden Watermelon Ice Geschmack des Bang 20000Puff. Langanhaltender Vaping-Genuss, jetzt auf vapingnet.de","og_url":"https:\/\/vapingnet.de\/lt\/vape\/erfrischend-und-hochwertig-bang-20000puff-watermelon-ice-direkt-ab-werk\/","og_site_name":"Vapingnet.de","article_publisher":"https:\/\/www.facebook.com\/vapingnetde\/","article_modified_time":"2025-06-19T03:40:50+00:00","og_image":[{"width":1000,"height":1000,"url":"https:\/\/vapingnet.de\/wp-content\/uploads\/2025\/03\/Watermelon-Ice-1.png","type":"image\/png"}],"twitter_card":"summary_large_image","twitter_misc":{"Est. reading time":"3 minutes"},"schema":{"@context":"https:\/\/schema.org","@graph":[{"@type":"WebPage","@id":"https:\/\/vapingnet.de\/vape\/erfrischend-und-hochwertig-bang-20000puff-watermelon-ice-direkt-ab-werk\/","url":"https:\/\/vapingnet.de\/vape\/erfrischend-und-hochwertig-bang-20000puff-watermelon-ice-direkt-ab-werk\/","name":"Bang 20000Puff Watermelon Ice Frischer Genuss auf vapingnet.de","isPartOf":{"@id":"https:\/\/vapingnet.de\/#website"},"primaryImageOfPage":{"@id":"https:\/\/vapingnet.de\/vape\/erfrischend-und-hochwertig-bang-20000puff-watermelon-ice-direkt-ab-werk\/#primaryimage"},"image":{"@id":"https:\/\/vapingnet.de\/vape\/erfrischend-und-hochwertig-bang-20000puff-watermelon-ice-direkt-ab-werk\/#primaryimage"},"thumbnailUrl":"https:\/\/vapingnet.de\/wp-content\/uploads\/2025\/03\/Watermelon-Ice-1.png","datePublished":"2025-03-15T09:21:05+00:00","dateModified":"2025-06-19T03:40:50+00:00","description":"Genie\u00dfe den erfrischenden Watermelon Ice Geschmack des Bang 20000Puff. Langanhaltender Vaping-Genuss, jetzt auf vapingnet.de","breadcrumb":{"@id":"https:\/\/vapingnet.de\/vape\/erfrischend-und-hochwertig-bang-20000puff-watermelon-ice-direkt-ab-werk\/#breadcrumb"},"inLanguage":"lt-LT","potentialAction":[{"@type":"ReadAction","target":["https:\/\/vapingnet.de\/vape\/erfrischend-und-hochwertig-bang-20000puff-watermelon-ice-direkt-ab-werk\/"]}]},{"@type":"ImageObject","inLanguage":"lt-LT","@id":"https:\/\/vapingnet.de\/vape\/erfrischend-und-hochwertig-bang-20000puff-watermelon-ice-direkt-ab-werk\/#primaryimage","url":"https:\/\/vapingnet.de\/wp-content\/uploads\/2025\/03\/Watermelon-Ice-1.png","contentUrl":"https:\/\/vapingnet.de\/wp-content\/uploads\/2025\/03\/Watermelon-Ice-1.png","width":1000,"height":1000,"caption":"Watermelon Ice"},{"@type":"BreadcrumbList","@id":"https:\/\/vapingnet.de\/vape\/erfrischend-und-hochwertig-bang-20000puff-watermelon-ice-direkt-ab-werk\/#breadcrumb","itemListElement":[{"@type":"ListItem","position":1,"name":"Home","item":"https:\/\/vapingnet.de\/"},{"@type":"ListItem","position":2,"name":"Shop","item":"https:\/\/vapingnet.de\/vape\/"},{"@type":"ListItem","position":3,"name":"Erfrischend und hochwertig Bang 20000Puff Watermelon Ice direkt ab Werk"}]},{"@type":"WebSite","@id":"https:\/\/vapingnet.de\/#website","url":"https:\/\/vapingnet.de\/","name":"Vapingnet.de","description":"","publisher":{"@id":"https:\/\/vapingnet.de\/#organization"},"potentialAction":[{"@type":"SearchAction","target":{"@type":"EntryPoint","urlTemplate":"https:\/\/vapingnet.de\/?s={search_term_string}"},"query-input":{"@type":"PropertyValueSpecification","valueRequired":true,"valueName":"search_term_string"}}],"inLanguage":"lt-LT"},{"@type":"Organization","@id":"https:\/\/vapingnet.de\/#organization","name":"Vapingnet.de","url":"https:\/\/vapingnet.de\/","logo":{"@type":"ImageObject","inLanguage":"lt-LT","@id":"https:\/\/vapingnet.de\/#\/schema\/logo\/image\/","url":"https:\/\/vapingnet.de\/wp-content\/uploads\/2025\/03\/cropped-vapingnet.de_.jpg","contentUrl":"https:\/\/vapingnet.de\/wp-content\/uploads\/2025\/03\/cropped-vapingnet.de_.jpg","width":512,"height":512,"caption":"Vapingnet.de"},"image":{"@id":"https:\/\/vapingnet.de\/#\/schema\/logo\/image\/"},"sameAs":["https:\/\/www.facebook.com\/vapingnetde\/"]}]}},"tiered_pricing_type":"fixed","tiered_pricing_fixed_rules":{"10":"8.92","60":"8.03","110":"7.14","200":"6.24"},"tiered_pricing_product_settings":{"layout":"default","base_unit_name":{"singular":null,"plural":null},"default_variation":null},"tiered_pricing_minimum_quantity":null,"tiered_pricing_roles_data":[],"tiered_pricing_percentage_rules":[],"_links":{"self":[{"href":"https:\/\/vapingnet.de\/lt\/wp-json\/wp\/v2\/product\/5465","targetHints":{"allow":["GET"]}}],"collection":[{"href":"https:\/\/vapingnet.de\/lt\/wp-json\/wp\/v2\/product"}],"about":[{"href":"https:\/\/vapingnet.de\/lt\/wp-json\/wp\/v2\/types\/product"}],"version-history":[{"count":1,"href":"https:\/\/vapingnet.de\/lt\/wp-json\/wp\/v2\/product\/5465\/revisions"}],"predecessor-version":[{"id":5467,"href":"https:\/\/vapingnet.de\/lt\/wp-json\/wp\/v2\/product\/5465\/revisions\/5467"}],"wp:featuredmedia":[{"embeddable":true,"href":"https:\/\/vapingnet.de\/lt\/wp-json\/wp\/v2\/media\/5466"}],"wp:attachment":[{"href":"https:\/\/vapingnet.de\/lt\/wp-json\/wp\/v2\/media?parent=5465"}],"wp:term":[{"taxonomy":"brand","embeddable":true,"href":"https:\/\/vapingnet.de\/lt\/wp-json\/wp\/v2\/etheme_brands?post=5465"},{"taxonomy":"product_brand","embeddable":true,"href":"https:\/\/vapingnet.de\/lt\/wp-json\/wp\/v2\/product_brand?post=5465"},{"taxonomy":"product_cat","embeddable":true,"href":"https:\/\/vapingnet.de\/lt\/wp-json\/wp\/v2\/product_cat?post=5465"},{"taxonomy":"product_tag","embeddable":true,"href":"https:\/\/vapingnet.de\/lt\/wp-json\/wp\/v2\/product_tag?post=5465"}],"curies":[{"name":"wp","href":"https:\/\/api.w.org\/{rel}","templated":true}]}}