{"id":5468,"date":"2025-03-15T09:27:14","date_gmt":"2025-03-15T09:27:14","guid":{"rendered":"https:\/\/vapingnet.de\/?post_type=product&#038;p=5468"},"modified":"2025-06-19T03:40:50","modified_gmt":"2025-06-19T03:40:50","slug":"bang-20000puff-grape-ice-erfrischender-genuss-jetzt-werksrabatt-sichern","status":"publish","type":"product","link":"https:\/\/vapingnet.de\/lt\/vape\/bang-20000puff-grape-ice-erfrischender-genuss-jetzt-werksrabatt-sichern\/","title":{"rendered":"Bang 20000Puff vynuog\u0117s ledas gaivus malonumas dabar su gamyklos nuolaida"},"content":{"rendered":"<h2 data-start=\"0\" data-end=\"83\"><\/h2>\n<h2 data-start=\"90\" data-end=\"137\">Bang 20000Puff Dual Mesh vienkartin\u0117 elektronin\u0117 cigaret\u0117<\/h2>\n<p data-start=\"139\" data-end=\"191\"><strong data-start=\"139\" data-end=\"191\">Patirkite ilgalaik\u012f malonum\u0105 ir skon\u012f<\/strong><\/p>\n<p data-start=\"193\" data-end=\"543\">Bang 20000Puff Dual Mesh<a href=\"https:\/\/vapingnet.de\/lt\/k\/einweg-e-zigarette\/\" target=\"_blank\" rel=\"noopener\"><strong> Vienkartin\u0117 elektronin\u0117 cigaret\u0117<\/strong><\/a> buvo sukurtas naudotojams, kurie ie\u0161ko ilgalaik\u0117s veiklos ir i\u0161skirtin\u0117s kokyb\u0117s. \u0160i elektronin\u0117 cigaret\u0117 si\u016blo ne tik pagrindines funkcijas, bet kiekvienas detal\u0117s buvo kruop\u0161\u010diai apgalvotos, kad gal\u0117tum\u0117te m\u0117gautis kiekvienu \u012fkv\u0117pimu su tobulais garais ir skoniu.<\/p>\n<h4 data-start=\"545\" data-end=\"569\">Produkto ypatyb\u0117s<\/h4>\n<ol data-start=\"570\" data-end=\"2027\">\n<li data-start=\"570\" data-end=\"778\">\n<p data-start=\"573\" data-end=\"778\"><strong data-start=\"573\" data-end=\"597\">Ekstremaliai ilgas naudojimas<\/strong><br data-start=\"597\" data-end=\"600\" \/>Bang 20000Puff si\u016blo 20000 \u012fkv\u0117pim\u0173, tod\u0117l jums nereik\u0117s da\u017enai keisti. Galite m\u0117gautis ilgiau \u2013 idealiai ilgalaikiams naudotojams.<\/p>\n<\/li>\n<li data-start=\"780\" data-end=\"1046\">\n<p data-start=\"783\" data-end=\"1046\"><strong data-start=\"783\" data-end=\"831\">Inovatyvi dvigubo tinklelio garinimo technologija<\/strong><br data-start=\"831\" data-end=\"834\" \/>1,1\u03a9 dvigubo tinklelio rit\u0117 u\u017etikrina, kad garai b\u016bt\u0173 turtingi ir skan\u016bs. Kiekvienu \u012fkv\u0117pimu patirsite subtili\u0105 ir vienod\u0105 gar\u0173 gamyb\u0105, kuri pavers \u012fkv\u0117pim\u0105 ypatinga patirtimi.<\/p>\n<\/li>\n<li data-start=\"1048\" data-end=\"1286\">\n<p data-start=\"1051\" data-end=\"1286\"><strong data-start=\"1051\" data-end=\"1079\">Didel\u0117 E-liquido talpa<\/strong><br data-start=\"1079\" data-end=\"1082\" \/>Su 28 ml skys\u010dio talpa galite m\u0117gautis elektronine cigarete ilg\u0105 laik\u0105 be papildymo. Bang 20000Puff derina ilgalaik\u012f naudojim\u0105 su patogumu.<\/p>\n<\/li>\n<li data-start=\"1288\" data-end=\"1537\">\n<p data-start=\"1291\" data-end=\"1537\"><strong data-start=\"1291\" data-end=\"1322\">Skirtingos nikotino stiprumo opcijos<\/strong><br data-start=\"1322\" data-end=\"1325\" \/>Bang 20000Puff si\u016blo keturias nikotino stiprumo pasirinktis: 0%, 2%, 3% ir 5%. Nesvarbu, ar m\u0117gstate nikotino neturin\u010di\u0105 gaivi\u0105 skon\u012f, ar stipresn\u012f nikotino doz\u0119 \u2013 \u0161i elektronin\u0117 cigaret\u0117 i\u0161pildys j\u016bs\u0173 norus.<\/p>\n<\/li>\n<li data-start=\"1539\" data-end=\"1791\">\n<p data-start=\"1542\" data-end=\"1791\"><strong data-start=\"1542\" data-end=\"1580\">Efektyvi baterija ir greitas \u012fkrovimas<\/strong><br data-start=\"1580\" data-end=\"1583\" \/>Su 650mAh baterija Bang 20000Puff u\u017etikrina ilgalaik\u012f naudojim\u0105. Tipo-C jungtis leid\u017eia greitai ir patogiai \u012fkrauti, kad visada gal\u0117tum\u0117te greitai v\u0117l \u012fkv\u0117pti.<\/p>\n<\/li>\n<li data-start=\"1793\" data-end=\"2027\">\n<p data-start=\"1796\" data-end=\"2027\"><strong data-start=\"1796\" data-end=\"1832\">Patogus ir lengvas dizainas<\/strong><br data-start=\"1832\" data-end=\"1835\" \/>Svoris tik 90 g, Bang 20000Puff yra lengva ir paprasta ne\u0161iotis. J\u0105 galima lengvai \u012fsid\u0117ti \u012f ki\u0161en\u0119 ar rankin\u0119 ir bet kada m\u0117gautis pilnu gar\u0173 malonumu.<\/p>\n<\/li>\n<\/ol>\n<h4 data-start=\"2029\" data-end=\"2081\">Skonio rekomendacija: Grape Ice<\/h4>\n<p data-start=\"2083\" data-end=\"2353\">Grapes Ice skonis jungia vynuogi\u0173 saldum\u0105 su gaiviu \u0161aldan\u010diu lediniu poj\u016b\u010diu. Kiekvienas \u012fkv\u0117pimas suteikia gaiv\u0173, vasari\u0161k\u0105 jausm\u0105. Nesvarbu, ar vasara, ar \u017eiema, \u0161is skonis u\u017etikrina maloni\u0105 \u0161alt\u0105 ir \u0161vie\u017ei\u0105 \u012fkv\u0117pimo patirt\u012f.<\/p>\n<h3 data-start=\"2355\" data-end=\"2387\">Kod\u0117l rinktis Bang 20000Puff?<\/h3>\n<ul data-start=\"2389\" data-end=\"2780\">\n<li data-start=\"2389\" data-end=\"2501\"><strong data-start=\"2391\" data-end=\"2403\">Be muito<\/strong>: Visos u\u017esakym\u0173 siuntos yra be muito, tod\u0117l galite dr\u0105siai pirkti.<\/li>\n<li data-start=\"2502\" data-end=\"2624\"><strong data-start=\"2504\" data-end=\"2526\">Greitas pristatymas<\/strong>: Oro transportu j\u016bs\u0173 u\u017esakymas bus greitai ir saugiai pristatytas per 7-15 darbo dien\u0173.<\/li>\n<li data-start=\"2625\" data-end=\"2780\"><strong data-start=\"2627\" data-end=\"2651\">Auk\u0161tos kokyb\u0117s<\/strong>: Mes si\u016blome tik auk\u0161\u010diausios kokyb\u0117s produktus, tod\u0117l kiekvienas Bang 20000Puff \u012fkv\u0117pimas bus i\u0161skirtin\u0117 patirtis.<\/li>\n<\/ul>\n<p data-start=\"2782\" data-end=\"3123\"><strong data-start=\"2782\" data-end=\"2846\">Pirkti dabar ir m\u0117gautis nepalyginamu \u012fkv\u0117pimo malonumu<\/strong><br data-start=\"2846\" data-end=\"2849\" \/>Aplankykite vapingnet.de ir \u0161iandien \u012fsigykite Bang 20000Puff Dual Mesh vienkartin\u0119 elektronin\u0119 cigaret\u0119. Pasinaudokite muitais neapmokestinamais pirkimais ir greitu pristatymu. Nesvarbu, ar naudojate kasdien, ar norite atsipalaiduoti \u2013 Bang 20000Puff i\u0161pildys visus j\u016bs\u0173 garinimo norus.<\/p>\n<p data-start=\"3130\" data-end=\"3245\" data-is-last-node=\"\" data-is-only-node=\"\">Tikiuosi, \u0161is vertimas atitinka j\u016bs\u0173 l\u016bkes\u010dius. Prane\u0161kite man, jei nor\u0117tum\u0117te k\u0105 nors pakoreguoti!<\/p>","protected":false},"excerpt":{"rendered":"<p>Bang 20000Puff Dual Mesh vienkartin\u0117 elektronin\u0117 cigaret\u0117 \u2013 patirkite ilgalaik\u012f malonum\u0105 ir skon\u012f. Bang 20000Puff Dual Mesh vienkartin\u0117 elektronin\u0117 cigaret\u0117 sukurta naudotojams, kurie siekia ilgalaikio...<\/p>","protected":false},"featured_media":5469,"template":"","meta":[],"etheme_brands":[],"product_brand":[101],"product_cat":[54,49,61],"product_tag":[],"class_list":{"0":"post-5468","1":"product","2":"type-product","3":"status-publish","4":"has-post-thumbnail","6":"product_brand-bang-king-vape","7":"product_cat-vape-20000-zuege","8":"product_cat-einweg-e-zigarette","9":"product_cat-f","11":"first","12":"instock","13":"shipping-taxable","14":"purchasable","15":"product-type-simple"},"yoast_head":"<!-- This site is optimized with the Yoast SEO plugin v26.5 - https:\/\/yoast.com\/wordpress\/plugins\/seo\/ -->\n<title>Bang 20000Puff Grape Ice Erfrischender Genuss auf vapingnet.de<\/title>\n<meta name=\"description\" content=\"Erlebe den k\u00fchlen Grape Ice Geschmack des Bang 20000Puff. Langanhaltender Genuss, jetzt auf vapingnet.de erh\u00e4ltlich!\" \/>\n<meta name=\"robots\" content=\"index, follow, max-snippet:-1, max-image-preview:large, max-video-preview:-1\" \/>\n<link rel=\"canonical\" href=\"https:\/\/vapingnet.de\/lt\/vape\/bang-20000puff-grape-ice-erfrischender-genuss-jetzt-werksrabatt-sichern\/\" \/>\n<meta property=\"og:locale\" content=\"lt_LT\" \/>\n<meta property=\"og:type\" content=\"article\" \/>\n<meta property=\"og:title\" content=\"Bang 20000Puff Grape Ice Erfrischender Genuss auf vapingnet.de\" \/>\n<meta property=\"og:description\" content=\"Erlebe den k\u00fchlen Grape Ice Geschmack des Bang 20000Puff. Langanhaltender Genuss, jetzt auf vapingnet.de erh\u00e4ltlich!\" \/>\n<meta property=\"og:url\" content=\"https:\/\/vapingnet.de\/lt\/vape\/bang-20000puff-grape-ice-erfrischender-genuss-jetzt-werksrabatt-sichern\/\" \/>\n<meta property=\"og:site_name\" content=\"Vapingnet.de\" \/>\n<meta property=\"article:publisher\" content=\"https:\/\/www.facebook.com\/vapingnetde\/\" \/>\n<meta property=\"article:modified_time\" content=\"2025-06-19T03:40:50+00:00\" \/>\n<meta property=\"og:image\" content=\"https:\/\/vapingnet.de\/wp-content\/uploads\/2025\/03\/Grape-Ice-1.png\" \/>\n\t<meta property=\"og:image:width\" content=\"1000\" \/>\n\t<meta property=\"og:image:height\" content=\"1000\" \/>\n\t<meta property=\"og:image:type\" content=\"image\/png\" \/>\n<meta name=\"twitter:card\" content=\"summary_large_image\" \/>\n<meta name=\"twitter:label1\" content=\"Est. reading time\" \/>\n\t<meta name=\"twitter:data1\" content=\"3 minutes\" \/>\n<script type=\"application\/ld+json\" class=\"yoast-schema-graph\">{\"@context\":\"https:\/\/schema.org\",\"@graph\":[{\"@type\":\"WebPage\",\"@id\":\"https:\/\/vapingnet.de\/vape\/bang-20000puff-grape-ice-erfrischender-genuss-jetzt-werksrabatt-sichern\/\",\"url\":\"https:\/\/vapingnet.de\/vape\/bang-20000puff-grape-ice-erfrischender-genuss-jetzt-werksrabatt-sichern\/\",\"name\":\"Bang 20000Puff Grape Ice Erfrischender Genuss auf vapingnet.de\",\"isPartOf\":{\"@id\":\"https:\/\/vapingnet.de\/#website\"},\"primaryImageOfPage\":{\"@id\":\"https:\/\/vapingnet.de\/vape\/bang-20000puff-grape-ice-erfrischender-genuss-jetzt-werksrabatt-sichern\/#primaryimage\"},\"image\":{\"@id\":\"https:\/\/vapingnet.de\/vape\/bang-20000puff-grape-ice-erfrischender-genuss-jetzt-werksrabatt-sichern\/#primaryimage\"},\"thumbnailUrl\":\"https:\/\/vapingnet.de\/wp-content\/uploads\/2025\/03\/Grape-Ice-1.png\",\"datePublished\":\"2025-03-15T09:27:14+00:00\",\"dateModified\":\"2025-06-19T03:40:50+00:00\",\"description\":\"Erlebe den k\u00fchlen Grape Ice Geschmack des Bang 20000Puff. Langanhaltender Genuss, jetzt auf vapingnet.de erh\u00e4ltlich!\",\"breadcrumb\":{\"@id\":\"https:\/\/vapingnet.de\/vape\/bang-20000puff-grape-ice-erfrischender-genuss-jetzt-werksrabatt-sichern\/#breadcrumb\"},\"inLanguage\":\"lt-LT\",\"potentialAction\":[{\"@type\":\"ReadAction\",\"target\":[\"https:\/\/vapingnet.de\/vape\/bang-20000puff-grape-ice-erfrischender-genuss-jetzt-werksrabatt-sichern\/\"]}]},{\"@type\":\"ImageObject\",\"inLanguage\":\"lt-LT\",\"@id\":\"https:\/\/vapingnet.de\/vape\/bang-20000puff-grape-ice-erfrischender-genuss-jetzt-werksrabatt-sichern\/#primaryimage\",\"url\":\"https:\/\/vapingnet.de\/wp-content\/uploads\/2025\/03\/Grape-Ice-1.png\",\"contentUrl\":\"https:\/\/vapingnet.de\/wp-content\/uploads\/2025\/03\/Grape-Ice-1.png\",\"width\":1000,\"height\":1000,\"caption\":\"Grape Ice\"},{\"@type\":\"BreadcrumbList\",\"@id\":\"https:\/\/vapingnet.de\/vape\/bang-20000puff-grape-ice-erfrischender-genuss-jetzt-werksrabatt-sichern\/#breadcrumb\",\"itemListElement\":[{\"@type\":\"ListItem\",\"position\":1,\"name\":\"Home\",\"item\":\"https:\/\/vapingnet.de\/\"},{\"@type\":\"ListItem\",\"position\":2,\"name\":\"Shop\",\"item\":\"https:\/\/vapingnet.de\/vape\/\"},{\"@type\":\"ListItem\",\"position\":3,\"name\":\"Bang 20000Puff Grape Ice Erfrischender Genuss jetzt Werksrabatt sichern\"}]},{\"@type\":\"WebSite\",\"@id\":\"https:\/\/vapingnet.de\/#website\",\"url\":\"https:\/\/vapingnet.de\/\",\"name\":\"Vapingnet.de\",\"description\":\"\",\"publisher\":{\"@id\":\"https:\/\/vapingnet.de\/#organization\"},\"potentialAction\":[{\"@type\":\"SearchAction\",\"target\":{\"@type\":\"EntryPoint\",\"urlTemplate\":\"https:\/\/vapingnet.de\/?s={search_term_string}\"},\"query-input\":{\"@type\":\"PropertyValueSpecification\",\"valueRequired\":true,\"valueName\":\"search_term_string\"}}],\"inLanguage\":\"lt-LT\"},{\"@type\":\"Organization\",\"@id\":\"https:\/\/vapingnet.de\/#organization\",\"name\":\"Vapingnet.de\",\"url\":\"https:\/\/vapingnet.de\/\",\"logo\":{\"@type\":\"ImageObject\",\"inLanguage\":\"lt-LT\",\"@id\":\"https:\/\/vapingnet.de\/#\/schema\/logo\/image\/\",\"url\":\"https:\/\/vapingnet.de\/wp-content\/uploads\/2025\/03\/cropped-vapingnet.de_.jpg\",\"contentUrl\":\"https:\/\/vapingnet.de\/wp-content\/uploads\/2025\/03\/cropped-vapingnet.de_.jpg\",\"width\":512,\"height\":512,\"caption\":\"Vapingnet.de\"},\"image\":{\"@id\":\"https:\/\/vapingnet.de\/#\/schema\/logo\/image\/\"},\"sameAs\":[\"https:\/\/www.facebook.com\/vapingnetde\/\"]}]}<\/script>\n<!-- \/ Yoast SEO plugin. -->","yoast_head_json":{"title":"Bang 20000Puff Grape Ice Erfrischender Genuss auf vapingnet.de","description":"Erlebe den k\u00fchlen Grape Ice Geschmack des Bang 20000Puff. Langanhaltender Genuss, jetzt auf vapingnet.de erh\u00e4ltlich!","robots":{"index":"index","follow":"follow","max-snippet":"max-snippet:-1","max-image-preview":"max-image-preview:large","max-video-preview":"max-video-preview:-1"},"canonical":"https:\/\/vapingnet.de\/lt\/vape\/bang-20000puff-grape-ice-erfrischender-genuss-jetzt-werksrabatt-sichern\/","og_locale":"lt_LT","og_type":"article","og_title":"Bang 20000Puff Grape Ice Erfrischender Genuss auf vapingnet.de","og_description":"Erlebe den k\u00fchlen Grape Ice Geschmack des Bang 20000Puff. Langanhaltender Genuss, jetzt auf vapingnet.de erh\u00e4ltlich!","og_url":"https:\/\/vapingnet.de\/lt\/vape\/bang-20000puff-grape-ice-erfrischender-genuss-jetzt-werksrabatt-sichern\/","og_site_name":"Vapingnet.de","article_publisher":"https:\/\/www.facebook.com\/vapingnetde\/","article_modified_time":"2025-06-19T03:40:50+00:00","og_image":[{"width":1000,"height":1000,"url":"https:\/\/vapingnet.de\/wp-content\/uploads\/2025\/03\/Grape-Ice-1.png","type":"image\/png"}],"twitter_card":"summary_large_image","twitter_misc":{"Est. reading time":"3 minutes"},"schema":{"@context":"https:\/\/schema.org","@graph":[{"@type":"WebPage","@id":"https:\/\/vapingnet.de\/vape\/bang-20000puff-grape-ice-erfrischender-genuss-jetzt-werksrabatt-sichern\/","url":"https:\/\/vapingnet.de\/vape\/bang-20000puff-grape-ice-erfrischender-genuss-jetzt-werksrabatt-sichern\/","name":"Bang 20000Puff Grape Ice Erfrischender Genuss auf vapingnet.de","isPartOf":{"@id":"https:\/\/vapingnet.de\/#website"},"primaryImageOfPage":{"@id":"https:\/\/vapingnet.de\/vape\/bang-20000puff-grape-ice-erfrischender-genuss-jetzt-werksrabatt-sichern\/#primaryimage"},"image":{"@id":"https:\/\/vapingnet.de\/vape\/bang-20000puff-grape-ice-erfrischender-genuss-jetzt-werksrabatt-sichern\/#primaryimage"},"thumbnailUrl":"https:\/\/vapingnet.de\/wp-content\/uploads\/2025\/03\/Grape-Ice-1.png","datePublished":"2025-03-15T09:27:14+00:00","dateModified":"2025-06-19T03:40:50+00:00","description":"Erlebe den k\u00fchlen Grape Ice Geschmack des Bang 20000Puff. Langanhaltender Genuss, jetzt auf vapingnet.de erh\u00e4ltlich!","breadcrumb":{"@id":"https:\/\/vapingnet.de\/vape\/bang-20000puff-grape-ice-erfrischender-genuss-jetzt-werksrabatt-sichern\/#breadcrumb"},"inLanguage":"lt-LT","potentialAction":[{"@type":"ReadAction","target":["https:\/\/vapingnet.de\/vape\/bang-20000puff-grape-ice-erfrischender-genuss-jetzt-werksrabatt-sichern\/"]}]},{"@type":"ImageObject","inLanguage":"lt-LT","@id":"https:\/\/vapingnet.de\/vape\/bang-20000puff-grape-ice-erfrischender-genuss-jetzt-werksrabatt-sichern\/#primaryimage","url":"https:\/\/vapingnet.de\/wp-content\/uploads\/2025\/03\/Grape-Ice-1.png","contentUrl":"https:\/\/vapingnet.de\/wp-content\/uploads\/2025\/03\/Grape-Ice-1.png","width":1000,"height":1000,"caption":"Grape Ice"},{"@type":"BreadcrumbList","@id":"https:\/\/vapingnet.de\/vape\/bang-20000puff-grape-ice-erfrischender-genuss-jetzt-werksrabatt-sichern\/#breadcrumb","itemListElement":[{"@type":"ListItem","position":1,"name":"Home","item":"https:\/\/vapingnet.de\/"},{"@type":"ListItem","position":2,"name":"Shop","item":"https:\/\/vapingnet.de\/vape\/"},{"@type":"ListItem","position":3,"name":"Bang 20000Puff Grape Ice Erfrischender Genuss jetzt Werksrabatt sichern"}]},{"@type":"WebSite","@id":"https:\/\/vapingnet.de\/#website","url":"https:\/\/vapingnet.de\/","name":"Vapingnet.de","description":"","publisher":{"@id":"https:\/\/vapingnet.de\/#organization"},"potentialAction":[{"@type":"SearchAction","target":{"@type":"EntryPoint","urlTemplate":"https:\/\/vapingnet.de\/?s={search_term_string}"},"query-input":{"@type":"PropertyValueSpecification","valueRequired":true,"valueName":"search_term_string"}}],"inLanguage":"lt-LT"},{"@type":"Organization","@id":"https:\/\/vapingnet.de\/#organization","name":"Vapingnet.de","url":"https:\/\/vapingnet.de\/","logo":{"@type":"ImageObject","inLanguage":"lt-LT","@id":"https:\/\/vapingnet.de\/#\/schema\/logo\/image\/","url":"https:\/\/vapingnet.de\/wp-content\/uploads\/2025\/03\/cropped-vapingnet.de_.jpg","contentUrl":"https:\/\/vapingnet.de\/wp-content\/uploads\/2025\/03\/cropped-vapingnet.de_.jpg","width":512,"height":512,"caption":"Vapingnet.de"},"image":{"@id":"https:\/\/vapingnet.de\/#\/schema\/logo\/image\/"},"sameAs":["https:\/\/www.facebook.com\/vapingnetde\/"]}]}},"tiered_pricing_type":"fixed","tiered_pricing_fixed_rules":{"10":"8.92","60":"8.03","110":"7.14","200":"6.24"},"tiered_pricing_product_settings":{"layout":"default","base_unit_name":{"singular":null,"plural":null},"default_variation":null},"tiered_pricing_minimum_quantity":null,"tiered_pricing_roles_data":[],"tiered_pricing_percentage_rules":[],"_links":{"self":[{"href":"https:\/\/vapingnet.de\/lt\/wp-json\/wp\/v2\/product\/5468","targetHints":{"allow":["GET"]}}],"collection":[{"href":"https:\/\/vapingnet.de\/lt\/wp-json\/wp\/v2\/product"}],"about":[{"href":"https:\/\/vapingnet.de\/lt\/wp-json\/wp\/v2\/types\/product"}],"version-history":[{"count":1,"href":"https:\/\/vapingnet.de\/lt\/wp-json\/wp\/v2\/product\/5468\/revisions"}],"predecessor-version":[{"id":5470,"href":"https:\/\/vapingnet.de\/lt\/wp-json\/wp\/v2\/product\/5468\/revisions\/5470"}],"wp:featuredmedia":[{"embeddable":true,"href":"https:\/\/vapingnet.de\/lt\/wp-json\/wp\/v2\/media\/5469"}],"wp:attachment":[{"href":"https:\/\/vapingnet.de\/lt\/wp-json\/wp\/v2\/media?parent=5468"}],"wp:term":[{"taxonomy":"brand","embeddable":true,"href":"https:\/\/vapingnet.de\/lt\/wp-json\/wp\/v2\/etheme_brands?post=5468"},{"taxonomy":"product_brand","embeddable":true,"href":"https:\/\/vapingnet.de\/lt\/wp-json\/wp\/v2\/product_brand?post=5468"},{"taxonomy":"product_cat","embeddable":true,"href":"https:\/\/vapingnet.de\/lt\/wp-json\/wp\/v2\/product_cat?post=5468"},{"taxonomy":"product_tag","embeddable":true,"href":"https:\/\/vapingnet.de\/lt\/wp-json\/wp\/v2\/product_tag?post=5468"}],"curies":[{"name":"wp","href":"https:\/\/api.w.org\/{rel}","templated":true}]}}