{"id":5471,"date":"2025-03-15T09:34:45","date_gmt":"2025-03-15T09:34:45","guid":{"rendered":"https:\/\/vapingnet.de\/?post_type=product&#038;p=5471"},"modified":"2025-06-19T03:40:49","modified_gmt":"2025-06-19T03:40:49","slug":"bang-20000puff-blueberry-raspberry-fruchtige-vielfalt-jetzt-zum-bestpreis-sichern","status":"publish","type":"product","link":"https:\/\/vapingnet.de\/lt\/vape\/bang-20000puff-blueberry-raspberry-fruchtige-vielfalt-jetzt-zum-bestpreis-sichern\/","title":{"rendered":"Bang 20000 P\u016b\u010di\u0173 M\u0117lyni\u0173 Avie\u010di\u0173 Vaisi\u0173 \u012fvairov\u0117 dabar u\u017e geriausi\u0105 kain\u0105"},"content":{"rendered":"<h2 data-start=\"56\" data-end=\"103\">Bang 20000Puff Dual Mesh vienkartin\u0117 elektronin\u0117 cigaret\u0117<\/h2>\n<p data-start=\"105\" data-end=\"178\">Pakelkite savo garinimo patirt\u012f \u2013 ilgaam\u017e\u0117 ir stipri<\/p>\n<p data-start=\"180\" data-end=\"472\">Bang 20000Puff Dual Mesh vienkartin\u0117 elektronin\u0117 cigaret\u0117 buvo sukurta specialiai garintojams, kurie ie\u0161ko ilgalaik\u0117s ir intensyvios skonio patirties. Nesvarbu, ar esate pradedantysis, ar patyr\u0119s garintojas, ji pasi\u017eymi i\u0161skirtiniu na\u0161umu ir u\u017etikrina ilgalaik\u012f pasitenkinim\u0105.<\/p>\n<h4 data-start=\"474\" data-end=\"496\">Produkto ypatyb\u0117s<\/h4>\n<ol data-start=\"498\" data-end=\"2229\">\n<li data-start=\"498\" data-end=\"838\">\n<p data-start=\"501\" data-end=\"838\">Ekstremaliai ilgas naudojimo laikas \u2013 20000 \u012fkv\u0117pim\u0173<br data-start=\"544\" data-end=\"547\" \/>Kiekviena Bang 20000Puff si\u016blo iki<a href=\"https:\/\/vapingnet.de\/lt\/k\/vape-20000-zuege\/\" target=\"_blank\" rel=\"noopener\"><strong> 20000 \u012fkv\u0117pim\u0173<\/strong><\/a>, tod\u0117l ji yra viena i\u0161 nedaugelio rinkoje esan\u010di\u0173 produkt\u0173, kurie si\u016blo tok\u012f ilg\u0105 naudojimo laik\u0105. Jums nebereik\u0117s nuolat keisti ar papildyti elektronin\u0119 cigaret\u0119 \u2013 m\u0117gaukit\u0117s ilgalaikiu garinimu.<\/p>\n<\/li>\n<li data-start=\"840\" data-end=\"1179\">\n<p data-start=\"843\" data-end=\"1179\">Dvigubo tinklelio technologija geresniam skoniui<br data-start=\"895\" data-end=\"898\" \/>Su 1,1\u03a9 dvigubo tinklelio technologija Bang 20000Puff suteikia tankesn\u012f, tolygesn\u012f garavim\u0105 ir intensyvesn\u012f skon\u012f. Palyginti su \u012fprastais garintuvais, ji u\u017etikrina glotnesn\u012f ir tankesn\u012f gar\u0105, vir\u0161ijant\u012f j\u016bs\u0173 l\u016bkes\u010dius d\u0117l skonio.<\/p>\n<\/li>\n<li data-start=\"1181\" data-end=\"1454\">\n<p data-start=\"1184\" data-end=\"1454\">28 ml didel\u0117 E-liquido talpa<br data-start=\"1217\" data-end=\"1220\" \/>28 ml E-liquido talpa leid\u017eia naudoti Bang 20000Puff ilgiau be papildymo. Didel\u0117 talpa daro j\u0105 idealia kasdieniam naudojimui ir ilgiems garinimo seansams be pertraukos.<\/p>\n<\/li>\n<li data-start=\"1456\" data-end=\"1724\">\n<p data-start=\"1459\" data-end=\"1724\">Skirtingi nikotino stiprumai pasirinkimui<br data-start=\"1502\" data-end=\"1505\" \/>Su pasirinkimais 0%, 2%, 3% ir 5% nikotino druskos galite pasirinkti jums tinkam\u0105 nikotino stiprum\u0105. Nesvarbu, ar m\u0117gstate \u0161velnesn\u012f, ar stipresn\u012f nikotino doz\u0119, Bang 20000Puff atitiks j\u016bs\u0173 poreikius.<\/p>\n<\/li>\n<li data-start=\"1726\" data-end=\"2017\">\n<p data-start=\"1729\" data-end=\"2017\">650mAh akumuliatorius ir Type-C \u012fkrovimo jungtis<br data-start=\"1769\" data-end=\"1772\" \/>650mAh akumuliatorius u\u017etikrina ilgalaik\u012f veikim\u0105, o Type-C \u012fkrovimo jungtis leid\u017eia greitai \u012fkrauti. Taip j\u016bs\u0173 elektronin\u0117 cigaret\u0117 greitai v\u0117l bus paruo\u0161ta naudoti, ir jums nereik\u0117s ilgai laukti kito garinimo seanso.<\/p>\n<\/li>\n<li data-start=\"2019\" data-end=\"2229\">\n<p data-start=\"2022\" data-end=\"2229\">Lengva ir ne\u0161iojama, ideali keliaujant<br data-start=\"2065\" data-end=\"2068\" \/>Svoris tik 90 g, Bang 20000Puff yra lengva ir patogi naudoti. Galite j\u0105 lengvai \u012fsid\u0117ti \u012f ki\u0161en\u0119 ir m\u0117gautis bet kurioje vietoje.<\/p>\n<\/li>\n<\/ol>\n<h4 data-start=\"2231\" data-end=\"2563\">Skonio rekomendacija: M\u0117lyn\u0117s ir aviet\u0117s<\/h4>\n<p data-start=\"2231\" data-end=\"2563\">M\u0117lyni\u0173 ir avie\u010di\u0173 skonis jungia m\u0117lyni\u0173 saldum\u0105 su \u0161vie\u017eumu i\u0161 avie\u010di\u0173. Kiekvienas \u012fkv\u0117pimas suteikia maloni\u0105, vaisin\u0119 mi\u0161inio i\u0161 sald\u017ei\u0173 ir r\u016bg\u0161\u010di\u0173 nat\u0173 \u2013 gaivi skonio sprogim\u0105, kuris i\u0161lieka vis\u0105 dien\u0105.<\/p>\n<h3 data-start=\"2565\" data-end=\"2597\">Kod\u0117l rinktis Bang 20000Puff?<\/h3>\n<ul data-start=\"2599\" data-end=\"3046\">\n<li data-start=\"2599\" data-end=\"2699\">Be muito: visi u\u017esakymai pristatomi be muito, tod\u0117l galite saugiai apsipirkti.<\/li>\n<li data-start=\"2700\" data-end=\"2826\">Greitas pristatymas oro transportu: j\u016bs\u0173 u\u017esakymas bus greitai ir saugiai pristatytas per 7-15 darbo dien\u0173.<\/li>\n<li data-start=\"2827\" data-end=\"3046\">Ilgaam\u017e\u0117 ir ekonomi\u0161ka: su 20000 \u012fkv\u0117pim\u0173 ir dideliu E-liquido kiekiu Bang 20000Puff si\u016blo puik\u0173 kainos ir kokyb\u0117s santyk\u012f, nes jums nereik\u0117s da\u017enai papildyti ar keisti.<\/li>\n<\/ul>\n<p data-start=\"3048\" data-end=\"3399\">Dabar pirkti ir m\u0117gautis galutiniu garinimo patirtimi<br data-start=\"3106\" data-end=\"3109\" \/>Apsilankykite vapingnet.de, kad \u0161iandien \u012fsigytum\u0117te Bang 20000Puff Dual Mesh vienkartin\u0119 elektronin\u0119 cigaret\u0119. Pasinaudokite muitais neapmokestinamais pirkimais ir greitu pristatymu. Nesvarbu, ar naudojate kasdien, ar ypatingomis progomis \u2013 Bang 20000Puff pranoks j\u016bs\u0173 l\u016bkes\u010dius.<\/p>","protected":false},"excerpt":{"rendered":"<p>Bang 20000Puff Dual Mesh Vienkartin\u0117 elektronin\u0117 cigaret\u0117 \u2013 suteikite savo garintojui patobulinim\u0105 \u2013 ilgaam\u017e\u0117 ir stipri Bang 20000Puff Dual Mesh vienkartin\u0117 elektronin\u0117 cigaret\u0117 buvo specialiai sukurtas...<\/p>","protected":false},"featured_media":5472,"template":"","meta":[],"etheme_brands":[],"product_brand":[101],"product_cat":[54,49,61],"product_tag":[],"class_list":{"0":"post-5471","1":"product","2":"type-product","3":"status-publish","4":"has-post-thumbnail","6":"product_brand-bang-king-vape","7":"product_cat-vape-20000-zuege","8":"product_cat-einweg-e-zigarette","9":"product_cat-f","11":"first","12":"instock","13":"shipping-taxable","14":"purchasable","15":"product-type-simple"},"yoast_head":"<!-- This site is optimized with the Yoast SEO plugin v26.5 - https:\/\/yoast.com\/wordpress\/plugins\/seo\/ -->\n<title>Erlebe Bang 20000Puff Blueberry Raspberry auf vapingnet.de<\/title>\n<meta name=\"description\" content=\"Lass dich vom intensiven Blueberry Raspberry Geschmack des Bang 20000Puff verf\u00fchren. Langanhaltender Genuss, exklusiv auf vapingnet.de!\" \/>\n<meta name=\"robots\" content=\"index, follow, max-snippet:-1, max-image-preview:large, max-video-preview:-1\" \/>\n<link rel=\"canonical\" href=\"https:\/\/vapingnet.de\/lt\/vape\/bang-20000puff-blueberry-raspberry-fruchtige-vielfalt-jetzt-zum-bestpreis-sichern\/\" \/>\n<meta property=\"og:locale\" content=\"lt_LT\" \/>\n<meta property=\"og:type\" content=\"article\" \/>\n<meta property=\"og:title\" content=\"Erlebe Bang 20000Puff Blueberry Raspberry auf vapingnet.de\" \/>\n<meta property=\"og:description\" content=\"Lass dich vom intensiven Blueberry Raspberry Geschmack des Bang 20000Puff verf\u00fchren. Langanhaltender Genuss, exklusiv auf vapingnet.de!\" \/>\n<meta property=\"og:url\" content=\"https:\/\/vapingnet.de\/lt\/vape\/bang-20000puff-blueberry-raspberry-fruchtige-vielfalt-jetzt-zum-bestpreis-sichern\/\" \/>\n<meta property=\"og:site_name\" content=\"Vapingnet.de\" \/>\n<meta property=\"article:publisher\" content=\"https:\/\/www.facebook.com\/vapingnetde\/\" \/>\n<meta property=\"article:modified_time\" content=\"2025-06-19T03:40:49+00:00\" \/>\n<meta property=\"og:image\" content=\"https:\/\/vapingnet.de\/wp-content\/uploads\/2025\/03\/Blueberry-Raspberry-2.png\" \/>\n\t<meta property=\"og:image:width\" content=\"1000\" \/>\n\t<meta property=\"og:image:height\" content=\"1000\" \/>\n\t<meta property=\"og:image:type\" content=\"image\/png\" \/>\n<meta name=\"twitter:card\" content=\"summary_large_image\" \/>\n<meta name=\"twitter:label1\" content=\"Est. reading time\" \/>\n\t<meta name=\"twitter:data1\" content=\"3 minutes\" \/>\n<script type=\"application\/ld+json\" class=\"yoast-schema-graph\">{\"@context\":\"https:\/\/schema.org\",\"@graph\":[{\"@type\":\"WebPage\",\"@id\":\"https:\/\/vapingnet.de\/vape\/bang-20000puff-blueberry-raspberry-fruchtige-vielfalt-jetzt-zum-bestpreis-sichern\/\",\"url\":\"https:\/\/vapingnet.de\/vape\/bang-20000puff-blueberry-raspberry-fruchtige-vielfalt-jetzt-zum-bestpreis-sichern\/\",\"name\":\"Erlebe Bang 20000Puff Blueberry Raspberry auf vapingnet.de\",\"isPartOf\":{\"@id\":\"https:\/\/vapingnet.de\/#website\"},\"primaryImageOfPage\":{\"@id\":\"https:\/\/vapingnet.de\/vape\/bang-20000puff-blueberry-raspberry-fruchtige-vielfalt-jetzt-zum-bestpreis-sichern\/#primaryimage\"},\"image\":{\"@id\":\"https:\/\/vapingnet.de\/vape\/bang-20000puff-blueberry-raspberry-fruchtige-vielfalt-jetzt-zum-bestpreis-sichern\/#primaryimage\"},\"thumbnailUrl\":\"https:\/\/vapingnet.de\/wp-content\/uploads\/2025\/03\/Blueberry-Raspberry-2.png\",\"datePublished\":\"2025-03-15T09:34:45+00:00\",\"dateModified\":\"2025-06-19T03:40:49+00:00\",\"description\":\"Lass dich vom intensiven Blueberry Raspberry Geschmack des Bang 20000Puff verf\u00fchren. Langanhaltender Genuss, exklusiv auf vapingnet.de!\",\"breadcrumb\":{\"@id\":\"https:\/\/vapingnet.de\/vape\/bang-20000puff-blueberry-raspberry-fruchtige-vielfalt-jetzt-zum-bestpreis-sichern\/#breadcrumb\"},\"inLanguage\":\"lt-LT\",\"potentialAction\":[{\"@type\":\"ReadAction\",\"target\":[\"https:\/\/vapingnet.de\/vape\/bang-20000puff-blueberry-raspberry-fruchtige-vielfalt-jetzt-zum-bestpreis-sichern\/\"]}]},{\"@type\":\"ImageObject\",\"inLanguage\":\"lt-LT\",\"@id\":\"https:\/\/vapingnet.de\/vape\/bang-20000puff-blueberry-raspberry-fruchtige-vielfalt-jetzt-zum-bestpreis-sichern\/#primaryimage\",\"url\":\"https:\/\/vapingnet.de\/wp-content\/uploads\/2025\/03\/Blueberry-Raspberry-2.png\",\"contentUrl\":\"https:\/\/vapingnet.de\/wp-content\/uploads\/2025\/03\/Blueberry-Raspberry-2.png\",\"width\":1000,\"height\":1000,\"caption\":\"Blueberry Raspberry\"},{\"@type\":\"BreadcrumbList\",\"@id\":\"https:\/\/vapingnet.de\/vape\/bang-20000puff-blueberry-raspberry-fruchtige-vielfalt-jetzt-zum-bestpreis-sichern\/#breadcrumb\",\"itemListElement\":[{\"@type\":\"ListItem\",\"position\":1,\"name\":\"Home\",\"item\":\"https:\/\/vapingnet.de\/\"},{\"@type\":\"ListItem\",\"position\":2,\"name\":\"Shop\",\"item\":\"https:\/\/vapingnet.de\/vape\/\"},{\"@type\":\"ListItem\",\"position\":3,\"name\":\"Bang 20000Puff Blueberry Raspberry Fruchtige Vielfalt jetzt zum Bestpreis sichern\"}]},{\"@type\":\"WebSite\",\"@id\":\"https:\/\/vapingnet.de\/#website\",\"url\":\"https:\/\/vapingnet.de\/\",\"name\":\"Vapingnet.de\",\"description\":\"\",\"publisher\":{\"@id\":\"https:\/\/vapingnet.de\/#organization\"},\"potentialAction\":[{\"@type\":\"SearchAction\",\"target\":{\"@type\":\"EntryPoint\",\"urlTemplate\":\"https:\/\/vapingnet.de\/?s={search_term_string}\"},\"query-input\":{\"@type\":\"PropertyValueSpecification\",\"valueRequired\":true,\"valueName\":\"search_term_string\"}}],\"inLanguage\":\"lt-LT\"},{\"@type\":\"Organization\",\"@id\":\"https:\/\/vapingnet.de\/#organization\",\"name\":\"Vapingnet.de\",\"url\":\"https:\/\/vapingnet.de\/\",\"logo\":{\"@type\":\"ImageObject\",\"inLanguage\":\"lt-LT\",\"@id\":\"https:\/\/vapingnet.de\/#\/schema\/logo\/image\/\",\"url\":\"https:\/\/vapingnet.de\/wp-content\/uploads\/2025\/03\/cropped-vapingnet.de_.jpg\",\"contentUrl\":\"https:\/\/vapingnet.de\/wp-content\/uploads\/2025\/03\/cropped-vapingnet.de_.jpg\",\"width\":512,\"height\":512,\"caption\":\"Vapingnet.de\"},\"image\":{\"@id\":\"https:\/\/vapingnet.de\/#\/schema\/logo\/image\/\"},\"sameAs\":[\"https:\/\/www.facebook.com\/vapingnetde\/\"]}]}<\/script>\n<!-- \/ Yoast SEO plugin. -->","yoast_head_json":{"title":"Erlebe Bang 20000Puff Blueberry Raspberry auf vapingnet.de","description":"Lass dich vom intensiven Blueberry Raspberry Geschmack des Bang 20000Puff verf\u00fchren. Langanhaltender Genuss, exklusiv auf vapingnet.de!","robots":{"index":"index","follow":"follow","max-snippet":"max-snippet:-1","max-image-preview":"max-image-preview:large","max-video-preview":"max-video-preview:-1"},"canonical":"https:\/\/vapingnet.de\/lt\/vape\/bang-20000puff-blueberry-raspberry-fruchtige-vielfalt-jetzt-zum-bestpreis-sichern\/","og_locale":"lt_LT","og_type":"article","og_title":"Erlebe Bang 20000Puff Blueberry Raspberry auf vapingnet.de","og_description":"Lass dich vom intensiven Blueberry Raspberry Geschmack des Bang 20000Puff verf\u00fchren. Langanhaltender Genuss, exklusiv auf vapingnet.de!","og_url":"https:\/\/vapingnet.de\/lt\/vape\/bang-20000puff-blueberry-raspberry-fruchtige-vielfalt-jetzt-zum-bestpreis-sichern\/","og_site_name":"Vapingnet.de","article_publisher":"https:\/\/www.facebook.com\/vapingnetde\/","article_modified_time":"2025-06-19T03:40:49+00:00","og_image":[{"width":1000,"height":1000,"url":"https:\/\/vapingnet.de\/wp-content\/uploads\/2025\/03\/Blueberry-Raspberry-2.png","type":"image\/png"}],"twitter_card":"summary_large_image","twitter_misc":{"Est. reading time":"3 minutes"},"schema":{"@context":"https:\/\/schema.org","@graph":[{"@type":"WebPage","@id":"https:\/\/vapingnet.de\/vape\/bang-20000puff-blueberry-raspberry-fruchtige-vielfalt-jetzt-zum-bestpreis-sichern\/","url":"https:\/\/vapingnet.de\/vape\/bang-20000puff-blueberry-raspberry-fruchtige-vielfalt-jetzt-zum-bestpreis-sichern\/","name":"Erlebe Bang 20000Puff Blueberry Raspberry auf vapingnet.de","isPartOf":{"@id":"https:\/\/vapingnet.de\/#website"},"primaryImageOfPage":{"@id":"https:\/\/vapingnet.de\/vape\/bang-20000puff-blueberry-raspberry-fruchtige-vielfalt-jetzt-zum-bestpreis-sichern\/#primaryimage"},"image":{"@id":"https:\/\/vapingnet.de\/vape\/bang-20000puff-blueberry-raspberry-fruchtige-vielfalt-jetzt-zum-bestpreis-sichern\/#primaryimage"},"thumbnailUrl":"https:\/\/vapingnet.de\/wp-content\/uploads\/2025\/03\/Blueberry-Raspberry-2.png","datePublished":"2025-03-15T09:34:45+00:00","dateModified":"2025-06-19T03:40:49+00:00","description":"Lass dich vom intensiven Blueberry Raspberry Geschmack des Bang 20000Puff verf\u00fchren. Langanhaltender Genuss, exklusiv auf vapingnet.de!","breadcrumb":{"@id":"https:\/\/vapingnet.de\/vape\/bang-20000puff-blueberry-raspberry-fruchtige-vielfalt-jetzt-zum-bestpreis-sichern\/#breadcrumb"},"inLanguage":"lt-LT","potentialAction":[{"@type":"ReadAction","target":["https:\/\/vapingnet.de\/vape\/bang-20000puff-blueberry-raspberry-fruchtige-vielfalt-jetzt-zum-bestpreis-sichern\/"]}]},{"@type":"ImageObject","inLanguage":"lt-LT","@id":"https:\/\/vapingnet.de\/vape\/bang-20000puff-blueberry-raspberry-fruchtige-vielfalt-jetzt-zum-bestpreis-sichern\/#primaryimage","url":"https:\/\/vapingnet.de\/wp-content\/uploads\/2025\/03\/Blueberry-Raspberry-2.png","contentUrl":"https:\/\/vapingnet.de\/wp-content\/uploads\/2025\/03\/Blueberry-Raspberry-2.png","width":1000,"height":1000,"caption":"Blueberry Raspberry"},{"@type":"BreadcrumbList","@id":"https:\/\/vapingnet.de\/vape\/bang-20000puff-blueberry-raspberry-fruchtige-vielfalt-jetzt-zum-bestpreis-sichern\/#breadcrumb","itemListElement":[{"@type":"ListItem","position":1,"name":"Home","item":"https:\/\/vapingnet.de\/"},{"@type":"ListItem","position":2,"name":"Shop","item":"https:\/\/vapingnet.de\/vape\/"},{"@type":"ListItem","position":3,"name":"Bang 20000Puff Blueberry Raspberry Fruchtige Vielfalt jetzt zum Bestpreis sichern"}]},{"@type":"WebSite","@id":"https:\/\/vapingnet.de\/#website","url":"https:\/\/vapingnet.de\/","name":"Vapingnet.de","description":"","publisher":{"@id":"https:\/\/vapingnet.de\/#organization"},"potentialAction":[{"@type":"SearchAction","target":{"@type":"EntryPoint","urlTemplate":"https:\/\/vapingnet.de\/?s={search_term_string}"},"query-input":{"@type":"PropertyValueSpecification","valueRequired":true,"valueName":"search_term_string"}}],"inLanguage":"lt-LT"},{"@type":"Organization","@id":"https:\/\/vapingnet.de\/#organization","name":"Vapingnet.de","url":"https:\/\/vapingnet.de\/","logo":{"@type":"ImageObject","inLanguage":"lt-LT","@id":"https:\/\/vapingnet.de\/#\/schema\/logo\/image\/","url":"https:\/\/vapingnet.de\/wp-content\/uploads\/2025\/03\/cropped-vapingnet.de_.jpg","contentUrl":"https:\/\/vapingnet.de\/wp-content\/uploads\/2025\/03\/cropped-vapingnet.de_.jpg","width":512,"height":512,"caption":"Vapingnet.de"},"image":{"@id":"https:\/\/vapingnet.de\/#\/schema\/logo\/image\/"},"sameAs":["https:\/\/www.facebook.com\/vapingnetde\/"]}]}},"tiered_pricing_type":"fixed","tiered_pricing_fixed_rules":{"10":"8.92","60":"8.03","110":"7.14","200":"6.24"},"tiered_pricing_product_settings":{"layout":"default","base_unit_name":{"singular":null,"plural":null},"default_variation":null},"tiered_pricing_minimum_quantity":null,"tiered_pricing_roles_data":[],"tiered_pricing_percentage_rules":[],"_links":{"self":[{"href":"https:\/\/vapingnet.de\/lt\/wp-json\/wp\/v2\/product\/5471","targetHints":{"allow":["GET"]}}],"collection":[{"href":"https:\/\/vapingnet.de\/lt\/wp-json\/wp\/v2\/product"}],"about":[{"href":"https:\/\/vapingnet.de\/lt\/wp-json\/wp\/v2\/types\/product"}],"version-history":[{"count":1,"href":"https:\/\/vapingnet.de\/lt\/wp-json\/wp\/v2\/product\/5471\/revisions"}],"predecessor-version":[{"id":5473,"href":"https:\/\/vapingnet.de\/lt\/wp-json\/wp\/v2\/product\/5471\/revisions\/5473"}],"wp:featuredmedia":[{"embeddable":true,"href":"https:\/\/vapingnet.de\/lt\/wp-json\/wp\/v2\/media\/5472"}],"wp:attachment":[{"href":"https:\/\/vapingnet.de\/lt\/wp-json\/wp\/v2\/media?parent=5471"}],"wp:term":[{"taxonomy":"brand","embeddable":true,"href":"https:\/\/vapingnet.de\/lt\/wp-json\/wp\/v2\/etheme_brands?post=5471"},{"taxonomy":"product_brand","embeddable":true,"href":"https:\/\/vapingnet.de\/lt\/wp-json\/wp\/v2\/product_brand?post=5471"},{"taxonomy":"product_cat","embeddable":true,"href":"https:\/\/vapingnet.de\/lt\/wp-json\/wp\/v2\/product_cat?post=5471"},{"taxonomy":"product_tag","embeddable":true,"href":"https:\/\/vapingnet.de\/lt\/wp-json\/wp\/v2\/product_tag?post=5471"}],"curies":[{"name":"wp","href":"https:\/\/api.w.org\/{rel}","templated":true}]}}