{"id":5477,"date":"2025-03-15T09:47:27","date_gmt":"2025-03-15T09:47:27","guid":{"rendered":"https:\/\/vapingnet.de\/?post_type=product&#038;p=5477"},"modified":"2025-06-19T03:40:48","modified_gmt":"2025-06-19T03:40:48","slug":"sparen-mit-bang-20000puff-jetzt-zum-sonderpreis-und-in-bester-qualitaet","status":"publish","type":"product","link":"https:\/\/vapingnet.de\/lt\/vape\/sparen-mit-bang-20000puff-jetzt-zum-sonderpreis-und-in-bester-qualitaet\/","title":{"rendered":"Taupymas su Bang 20000Puff Dabar u\u017e i\u0161skirtin\u0119 kain\u0105 ir geriausia kokyb\u0119"},"content":{"rendered":"<h2 data-start=\"0\" data-end=\"108\">Bang 20000Puff Dual Mesh vienkartin\u0117 E-cigaret\u0117 \u2013 begalinis garo malonumas, subtilus skonis, ilgalaikis naudojimas<\/h2>\n<p data-start=\"110\" data-end=\"503\">Bang 20000Puff Dual Mesh vienkartin\u0117 E-cigaret\u0117 suteikia nepamir\u0161tam\u0105 patirt\u012f su 20 000 \u012fkv\u0117pim\u0173. \u012erengta inovatyvia Dual Mesh Coil technologija u\u017etikrina vienod\u0105 ir intensyv\u0173 gar\u0105, tod\u0117l kiekvienas \u012fkv\u0117pimas yra malonumas. Nesvarbu, ar kasdieniam naudojimui, ar kelion\u0117se, ji garantuoja puik\u0173 garo kiek\u012f ir i\u0161skirtin\u012f skonio patirt\u012f.<\/p>\n<h2 data-start=\"505\" data-end=\"525\">Produkto duomenys<\/h2>\n<ul data-start=\"526\" data-end=\"779\">\n<li data-start=\"526\" data-end=\"551\"><strong data-start=\"528\" data-end=\"536\">\u012ekv\u0117pimai<\/strong>: 20 000 \u012fkv\u0117pim\u0173<\/li>\n<li data-start=\"552\" data-end=\"590\"><strong data-start=\"554\" data-end=\"567\">Tinklelio rit\u0117<\/strong>: 1,1\u03a9 Dual Mesh rit\u0117<\/li>\n<li data-start=\"591\" data-end=\"623\"><strong data-start=\"593\" data-end=\"615\">E-skys\u010dio talpa<\/strong>: 28ml<\/li>\n<li data-start=\"624\" data-end=\"661\"><strong data-start=\"626\" data-end=\"643\">Nikotino kiekis<\/strong>: 0%, 2%, 3%, 5%<\/li>\n<li data-start=\"662\" data-end=\"695\"><strong data-start=\"664\" data-end=\"685\">Baterijos talpa<\/strong>: 650mAh<\/li>\n<li data-start=\"696\" data-end=\"725\"><strong data-start=\"698\" data-end=\"715\">\u012ekrovimo jungtis<\/strong>: Type-C<\/li>\n<li data-start=\"726\" data-end=\"752\"><strong data-start=\"728\" data-end=\"739\">Svoris<\/strong>: 90g\/vnt.<\/li>\n<li data-start=\"753\" data-end=\"779\"><strong data-start=\"755\" data-end=\"766\">Ekranas<\/strong>: LED ekranas<\/li>\n<\/ul>\n<p data-start=\"781\" data-end=\"1067\"><strong data-start=\"781\" data-end=\"808\">Ilgalaikis naudojimas<\/strong><br data-start=\"808\" data-end=\"811\" \/>Su 28ml E-skys\u010dio talpa, Bang 20000Puff <a href=\"https:\/\/vapingnet.de\/lt\/k\/einweg-e-zigarette\/\" target=\"_blank\" rel=\"noopener\"><strong>Vienkartin\u0117 elektronin\u0117 cigaret\u0117<\/strong><\/a> leid\u017eia iki 20 000 \u012fkv\u0117pim\u0173 ir u\u017etikrina ilgalaik\u012f naudojim\u0105 be nuolatinio papildymo ar keitimo. Puikiai tinka kasdieniam naudojimui ar kelion\u0117se.<\/p>\n<p data-start=\"1069\" data-end=\"1356\"><strong data-start=\"1069\" data-end=\"1094\">Tinklelio rit\u0117s technologija<\/strong><br data-start=\"1094\" data-end=\"1097\" \/>Palyginti su \u012fprastomis vienkartin\u0117mis E-cigaret\u0117mis, Bang 20000Puff Dual Mesh rit\u0117s u\u017etikrina vienod\u0105 \u012fkaitim\u0105. Tai lemia intensyvesn\u012f garo kiek\u012f ir \u0161velnesn\u012f skon\u012f. Kiekvienas \u012fkv\u0117pimas yra vienodas, pilnas malonumo.<\/p>\n<p data-start=\"1358\" data-end=\"1704\"><strong data-start=\"1358\" data-end=\"1392\">\u012evairios skonio galimyb\u0117s<\/strong><br data-start=\"1392\" data-end=\"1395\" \/>Bang 20000Puff si\u016blo daugyb\u0119 skoni\u0173, ypa\u010d populiarus yra \u201eStrawberry Mango\u201c. \u0160vie\u017eias bra\u0161ki\u0173 skonis ir tropin\u0117 mango saldumas suteikia tobulai subalansuot\u0105 ir gaiv\u0173 garo patirt\u012f \u2013 ideali atsipalaidavimo akimirkoms.<\/p>\n<p data-start=\"1706\" data-end=\"1994\"><strong data-start=\"1706\" data-end=\"1753\">Greitas \u012fkrovimas ir ilgalaikis veikimas<\/strong><br data-start=\"1753\" data-end=\"1756\" \/>Bang 20000Puff yra su 650mAh baterija ir palaiko greit\u0105 \u012fkrovim\u0105 per Type-C jungt\u012f. Su \u0161ia technologija visada galite greitai v\u0117l naudotis, nereik\u0117s ilgai laukti \u012fkrovimo.<\/p>\n<p data-start=\"1996\" data-end=\"2275\"><strong data-start=\"1996\" data-end=\"2031\">Be muit\u0173 ir greitas pristatymas<\/strong><br data-start=\"2031\" data-end=\"2034\" \/>Patogiai \u012fsigykite per vapingnet.de ir naudokit\u0117s be muit\u0173 u\u017esakym\u0173 privalumais. Taip sutaupysite papildom\u0173 i\u0161laid\u0173. Be to, si\u016blome greit\u0105 pristatym\u0105 per 7-15 darbo dien\u0173, kad j\u016bs\u0173 produktas greitai pasiekt\u0173 jus.<\/p>\n<p data-start=\"2277\" data-end=\"2557\" data-is-last-node=\"\" data-is-only-node=\"\"><strong data-start=\"2277\" data-end=\"2293\">Pirkti dabar<\/strong><br data-start=\"2293\" data-end=\"2296\" \/>Bang 20000Puff Dual Mesh vienkartin\u0117 elektronin\u0117 cigaret\u0117 su ilgu naudojimo laiku, puikiu skoniu ir patogiu \u012fkrovimu yra populiarus pasirinkimas elektronini\u0173 cigare\u010di\u0173 rinkoje. Apsilankykite dabar vapingnet.de ir i\u0161bandykite \u0161\u012f inovatyv\u0173 produkt\u0105!<\/p>","protected":false},"excerpt":{"rendered":"<p>Bang 20000Puff Dual Mesh Vienkartinis E-r\u016bkalius \u2013 begalinis garo malonumas, subtilus skonis, ilgalaikis naudojimas. Bang 20000Puff Dual Mesh Vienkartinis E-r\u016bkalius suteikia jums nepamir\u0161tam\u0105 patirt\u012f...<\/p>","protected":false},"featured_media":5478,"template":"","meta":[],"etheme_brands":[],"product_brand":[101],"product_cat":[54,49,61],"product_tag":[],"class_list":{"0":"post-5477","1":"product","2":"type-product","3":"status-publish","4":"has-post-thumbnail","6":"product_brand-bang-king-vape","7":"product_cat-vape-20000-zuege","8":"product_cat-einweg-e-zigarette","9":"product_cat-f","11":"first","12":"instock","13":"shipping-taxable","14":"purchasable","15":"product-type-simple"},"yoast_head":"<!-- This site is optimized with the Yoast SEO plugin v26.5 - https:\/\/yoast.com\/wordpress\/plugins\/seo\/ -->\n<title>Bang 20000Puff \u2013 Strawberry Mango E-Zigaretten auf vapingnet.de<\/title>\n<meta name=\"description\" content=\"Entdecken Sie die Bang 20000Puff Strawberry Mango E-Zigarette bei vapingnet.de \u2013 Perfekte Mischung aus fruchtigem Genuss und langer Haltbarkeit!\" \/>\n<meta name=\"robots\" content=\"index, follow, max-snippet:-1, max-image-preview:large, max-video-preview:-1\" \/>\n<link rel=\"canonical\" href=\"https:\/\/vapingnet.de\/lt\/vape\/sparen-mit-bang-20000puff-jetzt-zum-sonderpreis-und-in-bester-qualitaet\/\" \/>\n<meta property=\"og:locale\" content=\"lt_LT\" \/>\n<meta property=\"og:type\" content=\"article\" \/>\n<meta property=\"og:title\" content=\"Bang 20000Puff \u2013 Strawberry Mango E-Zigaretten auf vapingnet.de\" \/>\n<meta property=\"og:description\" content=\"Entdecken Sie die Bang 20000Puff Strawberry Mango E-Zigarette bei vapingnet.de \u2013 Perfekte Mischung aus fruchtigem Genuss und langer Haltbarkeit!\" \/>\n<meta property=\"og:url\" content=\"https:\/\/vapingnet.de\/lt\/vape\/sparen-mit-bang-20000puff-jetzt-zum-sonderpreis-und-in-bester-qualitaet\/\" \/>\n<meta property=\"og:site_name\" content=\"Vapingnet.de\" \/>\n<meta property=\"article:publisher\" content=\"https:\/\/www.facebook.com\/vapingnetde\/\" \/>\n<meta property=\"article:modified_time\" content=\"2025-06-19T03:40:48+00:00\" \/>\n<meta property=\"og:image\" content=\"https:\/\/vapingnet.de\/wp-content\/uploads\/2025\/03\/Strawberry-Mango-2.png\" \/>\n\t<meta property=\"og:image:width\" content=\"1000\" \/>\n\t<meta property=\"og:image:height\" content=\"1000\" \/>\n\t<meta property=\"og:image:type\" content=\"image\/png\" \/>\n<meta name=\"twitter:card\" content=\"summary_large_image\" \/>\n<meta name=\"twitter:label1\" content=\"Est. reading time\" \/>\n\t<meta name=\"twitter:data1\" content=\"2 minutes\" \/>\n<script type=\"application\/ld+json\" class=\"yoast-schema-graph\">{\"@context\":\"https:\/\/schema.org\",\"@graph\":[{\"@type\":\"WebPage\",\"@id\":\"https:\/\/vapingnet.de\/vape\/sparen-mit-bang-20000puff-jetzt-zum-sonderpreis-und-in-bester-qualitaet\/\",\"url\":\"https:\/\/vapingnet.de\/vape\/sparen-mit-bang-20000puff-jetzt-zum-sonderpreis-und-in-bester-qualitaet\/\",\"name\":\"Bang 20000Puff \u2013 Strawberry Mango E-Zigaretten auf vapingnet.de\",\"isPartOf\":{\"@id\":\"https:\/\/vapingnet.de\/#website\"},\"primaryImageOfPage\":{\"@id\":\"https:\/\/vapingnet.de\/vape\/sparen-mit-bang-20000puff-jetzt-zum-sonderpreis-und-in-bester-qualitaet\/#primaryimage\"},\"image\":{\"@id\":\"https:\/\/vapingnet.de\/vape\/sparen-mit-bang-20000puff-jetzt-zum-sonderpreis-und-in-bester-qualitaet\/#primaryimage\"},\"thumbnailUrl\":\"https:\/\/vapingnet.de\/wp-content\/uploads\/2025\/03\/Strawberry-Mango-2.png\",\"datePublished\":\"2025-03-15T09:47:27+00:00\",\"dateModified\":\"2025-06-19T03:40:48+00:00\",\"description\":\"Entdecken Sie die Bang 20000Puff Strawberry Mango E-Zigarette bei vapingnet.de \u2013 Perfekte Mischung aus fruchtigem Genuss und langer Haltbarkeit!\",\"breadcrumb\":{\"@id\":\"https:\/\/vapingnet.de\/vape\/sparen-mit-bang-20000puff-jetzt-zum-sonderpreis-und-in-bester-qualitaet\/#breadcrumb\"},\"inLanguage\":\"lt-LT\",\"potentialAction\":[{\"@type\":\"ReadAction\",\"target\":[\"https:\/\/vapingnet.de\/vape\/sparen-mit-bang-20000puff-jetzt-zum-sonderpreis-und-in-bester-qualitaet\/\"]}]},{\"@type\":\"ImageObject\",\"inLanguage\":\"lt-LT\",\"@id\":\"https:\/\/vapingnet.de\/vape\/sparen-mit-bang-20000puff-jetzt-zum-sonderpreis-und-in-bester-qualitaet\/#primaryimage\",\"url\":\"https:\/\/vapingnet.de\/wp-content\/uploads\/2025\/03\/Strawberry-Mango-2.png\",\"contentUrl\":\"https:\/\/vapingnet.de\/wp-content\/uploads\/2025\/03\/Strawberry-Mango-2.png\",\"width\":1000,\"height\":1000,\"caption\":\"Strawberry Mango\"},{\"@type\":\"BreadcrumbList\",\"@id\":\"https:\/\/vapingnet.de\/vape\/sparen-mit-bang-20000puff-jetzt-zum-sonderpreis-und-in-bester-qualitaet\/#breadcrumb\",\"itemListElement\":[{\"@type\":\"ListItem\",\"position\":1,\"name\":\"Home\",\"item\":\"https:\/\/vapingnet.de\/\"},{\"@type\":\"ListItem\",\"position\":2,\"name\":\"Shop\",\"item\":\"https:\/\/vapingnet.de\/vape\/\"},{\"@type\":\"ListItem\",\"position\":3,\"name\":\"Sparen mit Bang 20000Puff Jetzt zum Sonderpreis und in bester Qualit\u00e4t\"}]},{\"@type\":\"WebSite\",\"@id\":\"https:\/\/vapingnet.de\/#website\",\"url\":\"https:\/\/vapingnet.de\/\",\"name\":\"Vapingnet.de\",\"description\":\"\",\"publisher\":{\"@id\":\"https:\/\/vapingnet.de\/#organization\"},\"potentialAction\":[{\"@type\":\"SearchAction\",\"target\":{\"@type\":\"EntryPoint\",\"urlTemplate\":\"https:\/\/vapingnet.de\/?s={search_term_string}\"},\"query-input\":{\"@type\":\"PropertyValueSpecification\",\"valueRequired\":true,\"valueName\":\"search_term_string\"}}],\"inLanguage\":\"lt-LT\"},{\"@type\":\"Organization\",\"@id\":\"https:\/\/vapingnet.de\/#organization\",\"name\":\"Vapingnet.de\",\"url\":\"https:\/\/vapingnet.de\/\",\"logo\":{\"@type\":\"ImageObject\",\"inLanguage\":\"lt-LT\",\"@id\":\"https:\/\/vapingnet.de\/#\/schema\/logo\/image\/\",\"url\":\"https:\/\/vapingnet.de\/wp-content\/uploads\/2025\/03\/cropped-vapingnet.de_.jpg\",\"contentUrl\":\"https:\/\/vapingnet.de\/wp-content\/uploads\/2025\/03\/cropped-vapingnet.de_.jpg\",\"width\":512,\"height\":512,\"caption\":\"Vapingnet.de\"},\"image\":{\"@id\":\"https:\/\/vapingnet.de\/#\/schema\/logo\/image\/\"},\"sameAs\":[\"https:\/\/www.facebook.com\/vapingnetde\/\"]}]}<\/script>\n<!-- \/ Yoast SEO plugin. -->","yoast_head_json":{"title":"Bang 20000Puff \u2013 Strawberry Mango E-Zigaretten auf vapingnet.de","description":"Entdecken Sie die Bang 20000Puff Strawberry Mango E-Zigarette bei vapingnet.de \u2013 Perfekte Mischung aus fruchtigem Genuss und langer Haltbarkeit!","robots":{"index":"index","follow":"follow","max-snippet":"max-snippet:-1","max-image-preview":"max-image-preview:large","max-video-preview":"max-video-preview:-1"},"canonical":"https:\/\/vapingnet.de\/lt\/vape\/sparen-mit-bang-20000puff-jetzt-zum-sonderpreis-und-in-bester-qualitaet\/","og_locale":"lt_LT","og_type":"article","og_title":"Bang 20000Puff \u2013 Strawberry Mango E-Zigaretten auf vapingnet.de","og_description":"Entdecken Sie die Bang 20000Puff Strawberry Mango E-Zigarette bei vapingnet.de \u2013 Perfekte Mischung aus fruchtigem Genuss und langer Haltbarkeit!","og_url":"https:\/\/vapingnet.de\/lt\/vape\/sparen-mit-bang-20000puff-jetzt-zum-sonderpreis-und-in-bester-qualitaet\/","og_site_name":"Vapingnet.de","article_publisher":"https:\/\/www.facebook.com\/vapingnetde\/","article_modified_time":"2025-06-19T03:40:48+00:00","og_image":[{"width":1000,"height":1000,"url":"https:\/\/vapingnet.de\/wp-content\/uploads\/2025\/03\/Strawberry-Mango-2.png","type":"image\/png"}],"twitter_card":"summary_large_image","twitter_misc":{"Est. reading time":"2 minutes"},"schema":{"@context":"https:\/\/schema.org","@graph":[{"@type":"WebPage","@id":"https:\/\/vapingnet.de\/vape\/sparen-mit-bang-20000puff-jetzt-zum-sonderpreis-und-in-bester-qualitaet\/","url":"https:\/\/vapingnet.de\/vape\/sparen-mit-bang-20000puff-jetzt-zum-sonderpreis-und-in-bester-qualitaet\/","name":"Bang 20000Puff \u2013 Strawberry Mango E-Zigaretten auf vapingnet.de","isPartOf":{"@id":"https:\/\/vapingnet.de\/#website"},"primaryImageOfPage":{"@id":"https:\/\/vapingnet.de\/vape\/sparen-mit-bang-20000puff-jetzt-zum-sonderpreis-und-in-bester-qualitaet\/#primaryimage"},"image":{"@id":"https:\/\/vapingnet.de\/vape\/sparen-mit-bang-20000puff-jetzt-zum-sonderpreis-und-in-bester-qualitaet\/#primaryimage"},"thumbnailUrl":"https:\/\/vapingnet.de\/wp-content\/uploads\/2025\/03\/Strawberry-Mango-2.png","datePublished":"2025-03-15T09:47:27+00:00","dateModified":"2025-06-19T03:40:48+00:00","description":"Entdecken Sie die Bang 20000Puff Strawberry Mango E-Zigarette bei vapingnet.de \u2013 Perfekte Mischung aus fruchtigem Genuss und langer Haltbarkeit!","breadcrumb":{"@id":"https:\/\/vapingnet.de\/vape\/sparen-mit-bang-20000puff-jetzt-zum-sonderpreis-und-in-bester-qualitaet\/#breadcrumb"},"inLanguage":"lt-LT","potentialAction":[{"@type":"ReadAction","target":["https:\/\/vapingnet.de\/vape\/sparen-mit-bang-20000puff-jetzt-zum-sonderpreis-und-in-bester-qualitaet\/"]}]},{"@type":"ImageObject","inLanguage":"lt-LT","@id":"https:\/\/vapingnet.de\/vape\/sparen-mit-bang-20000puff-jetzt-zum-sonderpreis-und-in-bester-qualitaet\/#primaryimage","url":"https:\/\/vapingnet.de\/wp-content\/uploads\/2025\/03\/Strawberry-Mango-2.png","contentUrl":"https:\/\/vapingnet.de\/wp-content\/uploads\/2025\/03\/Strawberry-Mango-2.png","width":1000,"height":1000,"caption":"Strawberry Mango"},{"@type":"BreadcrumbList","@id":"https:\/\/vapingnet.de\/vape\/sparen-mit-bang-20000puff-jetzt-zum-sonderpreis-und-in-bester-qualitaet\/#breadcrumb","itemListElement":[{"@type":"ListItem","position":1,"name":"Home","item":"https:\/\/vapingnet.de\/"},{"@type":"ListItem","position":2,"name":"Shop","item":"https:\/\/vapingnet.de\/vape\/"},{"@type":"ListItem","position":3,"name":"Sparen mit Bang 20000Puff Jetzt zum Sonderpreis und in bester Qualit\u00e4t"}]},{"@type":"WebSite","@id":"https:\/\/vapingnet.de\/#website","url":"https:\/\/vapingnet.de\/","name":"Vapingnet.de","description":"","publisher":{"@id":"https:\/\/vapingnet.de\/#organization"},"potentialAction":[{"@type":"SearchAction","target":{"@type":"EntryPoint","urlTemplate":"https:\/\/vapingnet.de\/?s={search_term_string}"},"query-input":{"@type":"PropertyValueSpecification","valueRequired":true,"valueName":"search_term_string"}}],"inLanguage":"lt-LT"},{"@type":"Organization","@id":"https:\/\/vapingnet.de\/#organization","name":"Vapingnet.de","url":"https:\/\/vapingnet.de\/","logo":{"@type":"ImageObject","inLanguage":"lt-LT","@id":"https:\/\/vapingnet.de\/#\/schema\/logo\/image\/","url":"https:\/\/vapingnet.de\/wp-content\/uploads\/2025\/03\/cropped-vapingnet.de_.jpg","contentUrl":"https:\/\/vapingnet.de\/wp-content\/uploads\/2025\/03\/cropped-vapingnet.de_.jpg","width":512,"height":512,"caption":"Vapingnet.de"},"image":{"@id":"https:\/\/vapingnet.de\/#\/schema\/logo\/image\/"},"sameAs":["https:\/\/www.facebook.com\/vapingnetde\/"]}]}},"tiered_pricing_type":"fixed","tiered_pricing_fixed_rules":{"10":"8.92","60":"8.03","110":"7.14","200":"6.24"},"tiered_pricing_product_settings":{"layout":"default","base_unit_name":{"singular":null,"plural":null},"default_variation":null},"tiered_pricing_minimum_quantity":null,"tiered_pricing_roles_data":[],"tiered_pricing_percentage_rules":[],"_links":{"self":[{"href":"https:\/\/vapingnet.de\/lt\/wp-json\/wp\/v2\/product\/5477","targetHints":{"allow":["GET"]}}],"collection":[{"href":"https:\/\/vapingnet.de\/lt\/wp-json\/wp\/v2\/product"}],"about":[{"href":"https:\/\/vapingnet.de\/lt\/wp-json\/wp\/v2\/types\/product"}],"version-history":[{"count":1,"href":"https:\/\/vapingnet.de\/lt\/wp-json\/wp\/v2\/product\/5477\/revisions"}],"predecessor-version":[{"id":5479,"href":"https:\/\/vapingnet.de\/lt\/wp-json\/wp\/v2\/product\/5477\/revisions\/5479"}],"wp:featuredmedia":[{"embeddable":true,"href":"https:\/\/vapingnet.de\/lt\/wp-json\/wp\/v2\/media\/5478"}],"wp:attachment":[{"href":"https:\/\/vapingnet.de\/lt\/wp-json\/wp\/v2\/media?parent=5477"}],"wp:term":[{"taxonomy":"brand","embeddable":true,"href":"https:\/\/vapingnet.de\/lt\/wp-json\/wp\/v2\/etheme_brands?post=5477"},{"taxonomy":"product_brand","embeddable":true,"href":"https:\/\/vapingnet.de\/lt\/wp-json\/wp\/v2\/product_brand?post=5477"},{"taxonomy":"product_cat","embeddable":true,"href":"https:\/\/vapingnet.de\/lt\/wp-json\/wp\/v2\/product_cat?post=5477"},{"taxonomy":"product_tag","embeddable":true,"href":"https:\/\/vapingnet.de\/lt\/wp-json\/wp\/v2\/product_tag?post=5477"}],"curies":[{"name":"wp","href":"https:\/\/api.w.org\/{rel}","templated":true}]}}