{"id":5480,"date":"2025-03-15T09:54:43","date_gmt":"2025-03-15T09:54:43","guid":{"rendered":"https:\/\/vapingnet.de\/?post_type=product&#038;p=5480"},"modified":"2025-06-19T03:40:48","modified_gmt":"2025-06-19T03:40:48","slug":"bang-20000puff-zu-unschlagbaren-grosshandelspreisen-jetzt-zugreifen","status":"publish","type":"product","link":"https:\/\/vapingnet.de\/lt\/vape\/bang-20000puff-zu-unschlagbaren-grosshandelspreisen-jetzt-zugreifen\/","title":{"rendered":"Bang 20000Puff u\u017e neprilygstamas didmenines kainas \u2013 dabar pasinaudokite pasi\u016blymu"},"content":{"rendered":"<h2 data-start=\"0\" data-end=\"108\">Bang 20000Puff Dual Mesh Vienkartin\u0117 E-cigaret\u0117 \u2013 m\u0117gaukit\u0117s ilgalaikiu skoniu ir turtingu garu<\/h2>\n<p data-start=\"110\" data-end=\"578\">Bang 20000Puff Dual Mesh <a href=\"https:\/\/vapingnet.de\/lt\/k\/einweg-e-zigarette\/\" target=\"_blank\" rel=\"noopener\"><strong>Vienkartin\u0117 elektronin\u0117 cigaret\u0117<\/strong><\/a> yra galingas ir patvarus produktas, sukurtas specialiai naudotojams, kurie vertina kokyb\u0119 ir patogum\u0105. Su inovatyvia Dual Mesh Coil technologija ir dideliu E-skys\u010dio talpa ji si\u016blo i\u0161skirtinai ilg\u0105 naudojimo laik\u0105 ir neprilygstam\u0105 garavimo patirt\u012f. Nesvarbu, ar naudojate kasdien, ar keliaudami, Bang 20000Puff atitinka visus j\u016bs\u0173 poreikius.<\/p>\n<p data-start=\"580\" data-end=\"599\"><strong data-start=\"580\" data-end=\"599\">Produkto ypatyb\u0117s<\/strong><\/p>\n<div class=\"overflow-x-auto contain-inline-size\">\n<table style=\"height: 321px;\" width=\"639\" data-start=\"601\" data-end=\"1107\">\n<thead data-start=\"601\" data-end=\"650\">\n<tr data-start=\"601\" data-end=\"650\">\n<th data-start=\"601\" data-end=\"622\"><strong data-start=\"603\" data-end=\"616\">Parametrai<\/strong><\/th>\n<th data-start=\"622\" data-end=\"650\"><strong data-start=\"624\" data-end=\"640\">Apra\u0161ymas<\/strong><\/th>\n<\/tr>\n<\/thead>\n<tbody data-start=\"701\" data-end=\"1107\">\n<tr data-start=\"701\" data-end=\"750\">\n<td><strong data-start=\"703\" data-end=\"711\">\u012ekv\u0117pimai<\/strong><\/td>\n<td>20 000 \u012fkv\u0117pim\u0173<\/td>\n<\/tr>\n<tr data-start=\"751\" data-end=\"800\">\n<td><strong data-start=\"753\" data-end=\"766\">Tinklelio rit\u0117<\/strong><\/td>\n<td>1,1\u03a9 Dual Mesh Coil<\/td>\n<\/tr>\n<tr data-start=\"801\" data-end=\"851\">\n<td><strong data-start=\"803\" data-end=\"825\">E-skys\u010dio talpa<\/strong><\/td>\n<td>28ml<\/td>\n<\/tr>\n<tr data-start=\"852\" data-end=\"902\">\n<td><strong data-start=\"854\" data-end=\"871\">Nikotino kiekis<\/strong><\/td>\n<td>0%, 2%, 3%, 5%<\/td>\n<\/tr>\n<tr data-start=\"903\" data-end=\"954\">\n<td><strong data-start=\"905\" data-end=\"926\">Baterijos talpa<\/strong><\/td>\n<td>650mAh<\/td>\n<\/tr>\n<tr data-start=\"955\" data-end=\"1005\">\n<td><strong data-start=\"957\" data-end=\"974\">\u012ekrovimo jungtis<\/strong><\/td>\n<td>Type-C<\/td>\n<\/tr>\n<tr data-start=\"1006\" data-end=\"1056\">\n<td><strong data-start=\"1008\" data-end=\"1019\">Svoris<\/strong><\/td>\n<td>90g\/Vnt.<\/td>\n<\/tr>\n<tr data-start=\"1057\" data-end=\"1107\">\n<td><strong data-start=\"1059\" data-end=\"1070\">Ekranas<\/strong><\/td>\n<td>LED ekranas<\/td>\n<\/tr>\n<\/tbody>\n<\/table>\n<\/div>\n<p data-start=\"1109\" data-end=\"1433\"><strong data-start=\"1109\" data-end=\"1126\">Patvarumas<\/strong><br data-start=\"1126\" data-end=\"1129\" \/>Kiekviena Bang 20000Puff vienkartin\u0117 E-cigaret\u0117 yra pripildyta 28 ml E-skys\u010dio ir suteikia naudotojui iki <a href=\"https:\/\/vapingnet.de\/lt\/k\/vape-20000-zuege\/\" target=\"_blank\" rel=\"noopener\"><strong>20 000 p\u016btim\u0173<\/strong><\/a>. Tai rei\u0161kia, kad jums nereik\u0117s da\u017enai papildyti ar keisti elektronin\u0119 cigaret\u0119 \u2013 idealiai tinka ilgesniam naudojimui, keliaujant ar kasdien.<\/p>\n<p data-start=\"1435\" data-end=\"1750\"><strong data-start=\"1435\" data-end=\"1476\">Inovatyvi Dual Mesh Coil technologija<\/strong><br data-start=\"1476\" data-end=\"1479\" \/>Bang 20000Puff naudoja 1,1\u03a9 Dual Mesh Coil technologij\u0105, u\u017etikrinan\u010di\u0105 tolyg\u0173 \u0161ildym\u0105. Tai sukelia tankesn\u012f gar\u0105 ir \u0161velnesn\u012f, intensyvesn\u012f skon\u012f kiekvieno \u012fkv\u0117pimo metu. Kiekvienas \u012fkv\u0117pimas tampa pilnaver\u010diu ir maloniu patyrimu.<\/p>\n<p data-start=\"1752\" data-end=\"2109\"><strong data-start=\"1752\" data-end=\"1793\">Rekomenduojamas skonis \u2013 Double Apple<\/strong><br data-start=\"1793\" data-end=\"1796\" \/>Bang 20000Puff \u201eDouble Apple\u201c skonis yra harmoningas \u017eali\u0173j\u0173 ir raudon\u0173j\u0173 obuoli\u0173 mi\u0161inys. \u0160vie\u017eias, sald\u017eiai-r\u016bg\u0161tus obuoli\u0173 skonis suteikia gaivi\u0105 garavimo patirt\u012f, kuri\u0105 galima m\u0117gautis vis\u0105 dien\u0105. Kiekvienas \u012fkv\u0117pimas primena \u0161vie\u017eio obuolio malonum\u0105.<\/p>\n<p data-start=\"2111\" data-end=\"2432\"><strong data-start=\"2111\" data-end=\"2141\">Type-C greito \u012fkrovimo funkcija<\/strong><br data-start=\"2141\" data-end=\"2144\" \/>Su 650mAh baterija, Bang 20000Puff palaiko Type-C greit\u0105 \u012fkrovim\u0105. Tai rei\u0161kia, kad per trump\u0105 laik\u0105 gal\u0117site v\u0117l pilnai \u012fkrauti ir toliau garuoti. Joki\u0173 ilg\u0173 laukimo laik\u0173 \u2013 Bang 20000Puff visada pasiruo\u0161usi naudoti.<\/p>\n<p data-start=\"2434\" data-end=\"2718\"><strong data-start=\"2434\" data-end=\"2469\">Be muit\u0173 ir greitas pristatymas<\/strong><br data-start=\"2469\" data-end=\"2472\" \/>Perkant daugiau nei vapingnet.de, galite pasinaudoti muitin\u0117mis nemokamomis u\u017esakym\u0173 paslaugomis, taip i\u0161vengiant papildom\u0173 mokes\u010di\u0173. Be to, si\u016blome greit\u0105 pristatym\u0105 per 7-15 darbo dien\u0173, kad j\u016bs\u0173 produktas greitai pasiekt\u0173 jus.<\/p>\n<h3 data-start=\"2720\" data-end=\"2764\">Kod\u0117l rinktis Bang 20000Puff Dual Mesh?<\/h3>\n<ul data-start=\"2765\" data-end=\"3354\">\n<li data-start=\"2765\" data-end=\"2908\"><strong data-start=\"2767\" data-end=\"2794\">Ilgalaikis naudojimas<\/strong>: Si\u016blo 20 000 \u012fkv\u0117pim\u0173, tod\u0117l galite naudoti elektronin\u0119 cigaret\u0119 ilg\u0105 laik\u0105 be da\u017en\u0173 keitim\u0173.<\/li>\n<li data-start=\"2909\" data-end=\"3044\"><strong data-start=\"2911\" data-end=\"2937\">Inovatyvi technologija<\/strong>: Dual Mesh Coils u\u017etikrina tolyg\u0173 \u0161ildym\u0105 ir intensyv\u0173 gar\u0105 su subtiliu skoniu.<\/li>\n<li data-start=\"3045\" data-end=\"3157\"><strong data-start=\"3047\" data-end=\"3073\">\u012evairiapusis skonis<\/strong>: \u201eDouble Apple\u201c skonis si\u016blo gaivi\u0105, sald\u017eiai-r\u016bg\u0161t\u0105 garavimo patirt\u012f.<\/li>\n<li data-start=\"3158\" data-end=\"3243\"><strong data-start=\"3160\" data-end=\"3179\">Greitas \u012fkrovimas<\/strong>: Palaiko Type-C greit\u0105 \u012fkrovim\u0105 greitam \u012fkrovimo laikui.<\/li>\n<li data-start=\"3244\" data-end=\"3354\"><strong data-start=\"3246\" data-end=\"3269\">Nemokamas pristatymas<\/strong>: M\u0117gaukit\u0117s be muit\u0173 u\u017esakymais ir greitu pristatymu be papildom\u0173 mokes\u010di\u0173.<\/li>\n<\/ul>\n<p data-start=\"3356\" data-end=\"3487\" data-is-last-node=\"\" data-is-only-node=\"\">Apsilankykite dabar vapingnet.de ir i\u0161bandykite Bang 20000Puff Dvigubas Tinklelis Vienkartin\u0119 Elektronin\u0119 Cigaret\u0119 visi\u0161kai naujai r\u016bkomos patirties!<\/p>","protected":false},"excerpt":{"rendered":"<p>Bang 20000Puff Dual Mesh vienkartin\u0117 elektronin\u0117 cigaret\u0117 \u2013 m\u0117gaukit\u0117s ilgalaikiu skoniu ir turtingu garu. Bang 20000Puff Dual Mesh vienkartin\u0117 elektronin\u0117 cigaret\u0117 yra galinga ir...<\/p>","protected":false},"featured_media":5481,"template":"","meta":[],"etheme_brands":[],"product_brand":[101],"product_cat":[54,49,61],"product_tag":[],"class_list":{"0":"post-5480","1":"product","2":"type-product","3":"status-publish","4":"has-post-thumbnail","6":"product_brand-bang-king-vape","7":"product_cat-vape-20000-zuege","8":"product_cat-einweg-e-zigarette","9":"product_cat-f","11":"first","12":"instock","13":"shipping-taxable","14":"purchasable","15":"product-type-simple"},"yoast_head":"<!-- This site is optimized with the Yoast SEO plugin v26.5 - https:\/\/yoast.com\/wordpress\/plugins\/seo\/ -->\n<title>Bang 20000Puff Double Apple \u2013 E-Zigarette auf vapingnet.de<\/title>\n<meta name=\"description\" content=\"Entdecken Sie die Bang 20000Puff Double Apple E-Zigarette auf vapingnet.de \u2013 Erleben Sie den einzigartigen Apfelgeschmack mit langer Haltbarkeit!\" \/>\n<meta name=\"robots\" content=\"index, follow, max-snippet:-1, max-image-preview:large, max-video-preview:-1\" \/>\n<link rel=\"canonical\" href=\"https:\/\/vapingnet.de\/lt\/vape\/bang-20000puff-zu-unschlagbaren-grosshandelspreisen-jetzt-zugreifen\/\" \/>\n<meta property=\"og:locale\" content=\"lt_LT\" \/>\n<meta property=\"og:type\" content=\"article\" \/>\n<meta property=\"og:title\" content=\"Bang 20000Puff Double Apple \u2013 E-Zigarette auf vapingnet.de\" \/>\n<meta property=\"og:description\" content=\"Entdecken Sie die Bang 20000Puff Double Apple E-Zigarette auf vapingnet.de \u2013 Erleben Sie den einzigartigen Apfelgeschmack mit langer Haltbarkeit!\" \/>\n<meta property=\"og:url\" content=\"https:\/\/vapingnet.de\/lt\/vape\/bang-20000puff-zu-unschlagbaren-grosshandelspreisen-jetzt-zugreifen\/\" \/>\n<meta property=\"og:site_name\" content=\"Vapingnet.de\" \/>\n<meta property=\"article:publisher\" content=\"https:\/\/www.facebook.com\/vapingnetde\/\" \/>\n<meta property=\"article:modified_time\" content=\"2025-06-19T03:40:48+00:00\" \/>\n<meta property=\"og:image\" content=\"https:\/\/vapingnet.de\/wp-content\/uploads\/2025\/03\/Double-Apple-2.png\" \/>\n\t<meta property=\"og:image:width\" content=\"1000\" \/>\n\t<meta property=\"og:image:height\" content=\"1000\" \/>\n\t<meta property=\"og:image:type\" content=\"image\/png\" \/>\n<meta name=\"twitter:card\" content=\"summary_large_image\" \/>\n<meta name=\"twitter:label1\" content=\"Est. reading time\" \/>\n\t<meta name=\"twitter:data1\" content=\"3 minutes\" \/>\n<script type=\"application\/ld+json\" class=\"yoast-schema-graph\">{\"@context\":\"https:\/\/schema.org\",\"@graph\":[{\"@type\":\"WebPage\",\"@id\":\"https:\/\/vapingnet.de\/vape\/bang-20000puff-zu-unschlagbaren-grosshandelspreisen-jetzt-zugreifen\/\",\"url\":\"https:\/\/vapingnet.de\/vape\/bang-20000puff-zu-unschlagbaren-grosshandelspreisen-jetzt-zugreifen\/\",\"name\":\"Bang 20000Puff Double Apple \u2013 E-Zigarette auf vapingnet.de\",\"isPartOf\":{\"@id\":\"https:\/\/vapingnet.de\/#website\"},\"primaryImageOfPage\":{\"@id\":\"https:\/\/vapingnet.de\/vape\/bang-20000puff-zu-unschlagbaren-grosshandelspreisen-jetzt-zugreifen\/#primaryimage\"},\"image\":{\"@id\":\"https:\/\/vapingnet.de\/vape\/bang-20000puff-zu-unschlagbaren-grosshandelspreisen-jetzt-zugreifen\/#primaryimage\"},\"thumbnailUrl\":\"https:\/\/vapingnet.de\/wp-content\/uploads\/2025\/03\/Double-Apple-2.png\",\"datePublished\":\"2025-03-15T09:54:43+00:00\",\"dateModified\":\"2025-06-19T03:40:48+00:00\",\"description\":\"Entdecken Sie die Bang 20000Puff Double Apple E-Zigarette auf vapingnet.de \u2013 Erleben Sie den einzigartigen Apfelgeschmack mit langer Haltbarkeit!\",\"breadcrumb\":{\"@id\":\"https:\/\/vapingnet.de\/vape\/bang-20000puff-zu-unschlagbaren-grosshandelspreisen-jetzt-zugreifen\/#breadcrumb\"},\"inLanguage\":\"lt-LT\",\"potentialAction\":[{\"@type\":\"ReadAction\",\"target\":[\"https:\/\/vapingnet.de\/vape\/bang-20000puff-zu-unschlagbaren-grosshandelspreisen-jetzt-zugreifen\/\"]}]},{\"@type\":\"ImageObject\",\"inLanguage\":\"lt-LT\",\"@id\":\"https:\/\/vapingnet.de\/vape\/bang-20000puff-zu-unschlagbaren-grosshandelspreisen-jetzt-zugreifen\/#primaryimage\",\"url\":\"https:\/\/vapingnet.de\/wp-content\/uploads\/2025\/03\/Double-Apple-2.png\",\"contentUrl\":\"https:\/\/vapingnet.de\/wp-content\/uploads\/2025\/03\/Double-Apple-2.png\",\"width\":1000,\"height\":1000,\"caption\":\"Double Apple\"},{\"@type\":\"BreadcrumbList\",\"@id\":\"https:\/\/vapingnet.de\/vape\/bang-20000puff-zu-unschlagbaren-grosshandelspreisen-jetzt-zugreifen\/#breadcrumb\",\"itemListElement\":[{\"@type\":\"ListItem\",\"position\":1,\"name\":\"Home\",\"item\":\"https:\/\/vapingnet.de\/\"},{\"@type\":\"ListItem\",\"position\":2,\"name\":\"Shop\",\"item\":\"https:\/\/vapingnet.de\/vape\/\"},{\"@type\":\"ListItem\",\"position\":3,\"name\":\"Bang 20000Puff zu unschlagbaren Gro\u00dfhandelspreisen Jetzt zugreifen\"}]},{\"@type\":\"WebSite\",\"@id\":\"https:\/\/vapingnet.de\/#website\",\"url\":\"https:\/\/vapingnet.de\/\",\"name\":\"Vapingnet.de\",\"description\":\"\",\"publisher\":{\"@id\":\"https:\/\/vapingnet.de\/#organization\"},\"potentialAction\":[{\"@type\":\"SearchAction\",\"target\":{\"@type\":\"EntryPoint\",\"urlTemplate\":\"https:\/\/vapingnet.de\/?s={search_term_string}\"},\"query-input\":{\"@type\":\"PropertyValueSpecification\",\"valueRequired\":true,\"valueName\":\"search_term_string\"}}],\"inLanguage\":\"lt-LT\"},{\"@type\":\"Organization\",\"@id\":\"https:\/\/vapingnet.de\/#organization\",\"name\":\"Vapingnet.de\",\"url\":\"https:\/\/vapingnet.de\/\",\"logo\":{\"@type\":\"ImageObject\",\"inLanguage\":\"lt-LT\",\"@id\":\"https:\/\/vapingnet.de\/#\/schema\/logo\/image\/\",\"url\":\"https:\/\/vapingnet.de\/wp-content\/uploads\/2025\/03\/cropped-vapingnet.de_.jpg\",\"contentUrl\":\"https:\/\/vapingnet.de\/wp-content\/uploads\/2025\/03\/cropped-vapingnet.de_.jpg\",\"width\":512,\"height\":512,\"caption\":\"Vapingnet.de\"},\"image\":{\"@id\":\"https:\/\/vapingnet.de\/#\/schema\/logo\/image\/\"},\"sameAs\":[\"https:\/\/www.facebook.com\/vapingnetde\/\"]}]}<\/script>\n<!-- \/ Yoast SEO plugin. -->","yoast_head_json":{"title":"Bang 20000Puff Double Apple \u2013 E-Zigarette auf vapingnet.de","description":"Entdecken Sie die Bang 20000Puff Double Apple E-Zigarette auf vapingnet.de \u2013 Erleben Sie den einzigartigen Apfelgeschmack mit langer Haltbarkeit!","robots":{"index":"index","follow":"follow","max-snippet":"max-snippet:-1","max-image-preview":"max-image-preview:large","max-video-preview":"max-video-preview:-1"},"canonical":"https:\/\/vapingnet.de\/lt\/vape\/bang-20000puff-zu-unschlagbaren-grosshandelspreisen-jetzt-zugreifen\/","og_locale":"lt_LT","og_type":"article","og_title":"Bang 20000Puff Double Apple \u2013 E-Zigarette auf vapingnet.de","og_description":"Entdecken Sie die Bang 20000Puff Double Apple E-Zigarette auf vapingnet.de \u2013 Erleben Sie den einzigartigen Apfelgeschmack mit langer Haltbarkeit!","og_url":"https:\/\/vapingnet.de\/lt\/vape\/bang-20000puff-zu-unschlagbaren-grosshandelspreisen-jetzt-zugreifen\/","og_site_name":"Vapingnet.de","article_publisher":"https:\/\/www.facebook.com\/vapingnetde\/","article_modified_time":"2025-06-19T03:40:48+00:00","og_image":[{"width":1000,"height":1000,"url":"https:\/\/vapingnet.de\/wp-content\/uploads\/2025\/03\/Double-Apple-2.png","type":"image\/png"}],"twitter_card":"summary_large_image","twitter_misc":{"Est. reading time":"3 minutes"},"schema":{"@context":"https:\/\/schema.org","@graph":[{"@type":"WebPage","@id":"https:\/\/vapingnet.de\/vape\/bang-20000puff-zu-unschlagbaren-grosshandelspreisen-jetzt-zugreifen\/","url":"https:\/\/vapingnet.de\/vape\/bang-20000puff-zu-unschlagbaren-grosshandelspreisen-jetzt-zugreifen\/","name":"Bang 20000Puff Double Apple \u2013 E-Zigarette auf vapingnet.de","isPartOf":{"@id":"https:\/\/vapingnet.de\/#website"},"primaryImageOfPage":{"@id":"https:\/\/vapingnet.de\/vape\/bang-20000puff-zu-unschlagbaren-grosshandelspreisen-jetzt-zugreifen\/#primaryimage"},"image":{"@id":"https:\/\/vapingnet.de\/vape\/bang-20000puff-zu-unschlagbaren-grosshandelspreisen-jetzt-zugreifen\/#primaryimage"},"thumbnailUrl":"https:\/\/vapingnet.de\/wp-content\/uploads\/2025\/03\/Double-Apple-2.png","datePublished":"2025-03-15T09:54:43+00:00","dateModified":"2025-06-19T03:40:48+00:00","description":"Entdecken Sie die Bang 20000Puff Double Apple E-Zigarette auf vapingnet.de \u2013 Erleben Sie den einzigartigen Apfelgeschmack mit langer Haltbarkeit!","breadcrumb":{"@id":"https:\/\/vapingnet.de\/vape\/bang-20000puff-zu-unschlagbaren-grosshandelspreisen-jetzt-zugreifen\/#breadcrumb"},"inLanguage":"lt-LT","potentialAction":[{"@type":"ReadAction","target":["https:\/\/vapingnet.de\/vape\/bang-20000puff-zu-unschlagbaren-grosshandelspreisen-jetzt-zugreifen\/"]}]},{"@type":"ImageObject","inLanguage":"lt-LT","@id":"https:\/\/vapingnet.de\/vape\/bang-20000puff-zu-unschlagbaren-grosshandelspreisen-jetzt-zugreifen\/#primaryimage","url":"https:\/\/vapingnet.de\/wp-content\/uploads\/2025\/03\/Double-Apple-2.png","contentUrl":"https:\/\/vapingnet.de\/wp-content\/uploads\/2025\/03\/Double-Apple-2.png","width":1000,"height":1000,"caption":"Double Apple"},{"@type":"BreadcrumbList","@id":"https:\/\/vapingnet.de\/vape\/bang-20000puff-zu-unschlagbaren-grosshandelspreisen-jetzt-zugreifen\/#breadcrumb","itemListElement":[{"@type":"ListItem","position":1,"name":"Home","item":"https:\/\/vapingnet.de\/"},{"@type":"ListItem","position":2,"name":"Shop","item":"https:\/\/vapingnet.de\/vape\/"},{"@type":"ListItem","position":3,"name":"Bang 20000Puff zu unschlagbaren Gro\u00dfhandelspreisen Jetzt zugreifen"}]},{"@type":"WebSite","@id":"https:\/\/vapingnet.de\/#website","url":"https:\/\/vapingnet.de\/","name":"Vapingnet.de","description":"","publisher":{"@id":"https:\/\/vapingnet.de\/#organization"},"potentialAction":[{"@type":"SearchAction","target":{"@type":"EntryPoint","urlTemplate":"https:\/\/vapingnet.de\/?s={search_term_string}"},"query-input":{"@type":"PropertyValueSpecification","valueRequired":true,"valueName":"search_term_string"}}],"inLanguage":"lt-LT"},{"@type":"Organization","@id":"https:\/\/vapingnet.de\/#organization","name":"Vapingnet.de","url":"https:\/\/vapingnet.de\/","logo":{"@type":"ImageObject","inLanguage":"lt-LT","@id":"https:\/\/vapingnet.de\/#\/schema\/logo\/image\/","url":"https:\/\/vapingnet.de\/wp-content\/uploads\/2025\/03\/cropped-vapingnet.de_.jpg","contentUrl":"https:\/\/vapingnet.de\/wp-content\/uploads\/2025\/03\/cropped-vapingnet.de_.jpg","width":512,"height":512,"caption":"Vapingnet.de"},"image":{"@id":"https:\/\/vapingnet.de\/#\/schema\/logo\/image\/"},"sameAs":["https:\/\/www.facebook.com\/vapingnetde\/"]}]}},"tiered_pricing_type":"fixed","tiered_pricing_fixed_rules":{"10":"8.92","60":"8.03","110":"7.14","200":"6.24"},"tiered_pricing_product_settings":{"layout":"default","base_unit_name":{"singular":null,"plural":null},"default_variation":null},"tiered_pricing_minimum_quantity":null,"tiered_pricing_roles_data":[],"tiered_pricing_percentage_rules":[],"_links":{"self":[{"href":"https:\/\/vapingnet.de\/lt\/wp-json\/wp\/v2\/product\/5480","targetHints":{"allow":["GET"]}}],"collection":[{"href":"https:\/\/vapingnet.de\/lt\/wp-json\/wp\/v2\/product"}],"about":[{"href":"https:\/\/vapingnet.de\/lt\/wp-json\/wp\/v2\/types\/product"}],"version-history":[{"count":2,"href":"https:\/\/vapingnet.de\/lt\/wp-json\/wp\/v2\/product\/5480\/revisions"}],"predecessor-version":[{"id":5483,"href":"https:\/\/vapingnet.de\/lt\/wp-json\/wp\/v2\/product\/5480\/revisions\/5483"}],"wp:featuredmedia":[{"embeddable":true,"href":"https:\/\/vapingnet.de\/lt\/wp-json\/wp\/v2\/media\/5481"}],"wp:attachment":[{"href":"https:\/\/vapingnet.de\/lt\/wp-json\/wp\/v2\/media?parent=5480"}],"wp:term":[{"taxonomy":"brand","embeddable":true,"href":"https:\/\/vapingnet.de\/lt\/wp-json\/wp\/v2\/etheme_brands?post=5480"},{"taxonomy":"product_brand","embeddable":true,"href":"https:\/\/vapingnet.de\/lt\/wp-json\/wp\/v2\/product_brand?post=5480"},{"taxonomy":"product_cat","embeddable":true,"href":"https:\/\/vapingnet.de\/lt\/wp-json\/wp\/v2\/product_cat?post=5480"},{"taxonomy":"product_tag","embeddable":true,"href":"https:\/\/vapingnet.de\/lt\/wp-json\/wp\/v2\/product_tag?post=5480"}],"curies":[{"name":"wp","href":"https:\/\/api.w.org\/{rel}","templated":true}]}}