{"id":5487,"date":"2025-03-15T10:05:57","date_gmt":"2025-03-15T10:05:57","guid":{"rendered":"https:\/\/vapingnet.de\/?post_type=product&#038;p=5487"},"modified":"2025-06-19T03:40:47","modified_gmt":"2025-06-19T03:40:47","slug":"mango-peach-watermelon-und-bang-20000puff-premiumqualitaet-zu-sonderpreisen","status":"publish","type":"product","link":"https:\/\/vapingnet.de\/lt\/vape\/mango-peach-watermelon-und-bang-20000puff-premiumqualitaet-zu-sonderpreisen\/","title":{"rendered":"Mango Peach Watermelon ir Bang 20000Puff Premium kokyb\u0117 u\u017e i\u0161skirtines kainas"},"content":{"rendered":"<h2 data-start=\"27\" data-end=\"123\">Patirkite Bang 20000Puff Dual Mesh vienkartin\u0119 elektronin\u0119 cigaret\u0119: intensyvus skonis, ilgas naudojimas<\/h2>\n<p data-start=\"125\" data-end=\"474\">Ie\u0161kote auk\u0161tos kokyb\u0117s elektronin\u0117s cigaret\u0117s, i\u0161siskiria <a href=\"https:\/\/vapingnet.de\/lt\/bang-20000-puff-dual-mesh\/\" target=\"_blank\" rel=\"noopener\"><strong>Bang 20000Puff Dual Mesh vienkartin\u0117 elektronin\u0117 cigaret\u0117<\/strong><\/a> d\u0117l savo inovatyvaus dizaino ir \u012fsp\u016bdingo na\u0161umo. \u0160i elektronin\u0117 cigaret\u0117 si\u016blo ne tik ilgalaik\u012f naudojim\u0105, bet ir maloni\u0105 tropini\u0173 vaisi\u0173 patirt\u012f, tod\u0117l ji yra ideali pasirinkimas \u0161iuolaikiniams r\u016bkaliams.<\/p>\n<h4 data-start=\"481\" data-end=\"507\">Produkto specifikacijos<\/h4>\n<div class=\"overflow-x-auto contain-inline-size\">\n<table style=\"height: 365px;\" width=\"633\" data-start=\"509\" data-end=\"1405\">\n<thead data-start=\"509\" data-end=\"589\">\n<tr data-start=\"509\" data-end=\"589\">\n<th data-start=\"509\" data-end=\"532\">Savyb\u0117<\/th>\n<th data-start=\"532\" data-end=\"589\">Apra\u0161ymas<\/th>\n<\/tr>\n<\/thead>\n<tbody data-start=\"671\" data-end=\"1405\">\n<tr data-start=\"671\" data-end=\"751\">\n<td><strong data-start=\"673\" data-end=\"687\">Produkto tipas<\/strong><\/td>\n<td>Vienkartin\u0117 elektronin\u0117 cigaret\u0117<\/td>\n<\/tr>\n<tr data-start=\"752\" data-end=\"832\">\n<td><strong data-start=\"754\" data-end=\"767\">Skonis<\/strong><\/td>\n<td>Mango Persikas Arb\u016bzas<\/td>\n<\/tr>\n<tr data-start=\"833\" data-end=\"915\">\n<td><strong data-start=\"835\" data-end=\"857\">E-liquido talpa<\/strong><\/td>\n<td>28ml<\/td>\n<\/tr>\n<tr data-start=\"916\" data-end=\"997\">\n<td><strong data-start=\"918\" data-end=\"926\">\u012ekv\u0117pimai<\/strong><\/td>\n<td>20000 \u012fkv\u0117pim\u0173<\/td>\n<\/tr>\n<tr data-start=\"998\" data-end=\"1078\">\n<td><strong data-start=\"1000\" data-end=\"1020\">Vielos technologija<\/strong><\/td>\n<td>Dual Mesh rit\u0117 (1,1\u03a9)<\/td>\n<\/tr>\n<tr data-start=\"1079\" data-end=\"1159\">\n<td><strong data-start=\"1081\" data-end=\"1098\">Nikotino kiekis<\/strong><\/td>\n<td>0%, 2%, 3%, 5%<\/td>\n<\/tr>\n<tr data-start=\"1160\" data-end=\"1241\">\n<td><strong data-start=\"1162\" data-end=\"1174\">Baterija<\/strong><\/td>\n<td>650mAh<\/td>\n<\/tr>\n<tr data-start=\"1242\" data-end=\"1323\">\n<td><strong data-start=\"1244\" data-end=\"1261\">\u012ekrovimo jungtis<\/strong><\/td>\n<td>Type-C<\/td>\n<\/tr>\n<tr data-start=\"1324\" data-end=\"1405\">\n<td><strong data-start=\"1326\" data-end=\"1337\">Svoris<\/strong><\/td>\n<td>90g\/Vnt.<\/td>\n<\/tr>\n<\/tbody>\n<\/table>\n<\/div>\n<hr data-start=\"1407\" data-end=\"1410\" \/>\n<h3 data-start=\"1412\" data-end=\"1459\">Svarbiausios Bang 20000Puff privalumai<\/h3>\n<ul data-start=\"1461\" data-end=\"2693\">\n<li data-start=\"1461\" data-end=\"1742\">\n<p data-start=\"1463\" data-end=\"1742\"><strong data-start=\"1463\" data-end=\"1501\">20 000 \u012fkv\u0117pim\u0173 ilgam naudojimui<\/strong><br data-start=\"1501\" data-end=\"1504\" \/>Bang 20000Puff vienkartin\u0117 elektronin\u0117 cigaret\u0117 su 28 ml elektroninio skys\u010dio suteikia iki 20 000 \u012fkv\u0117pim\u0173, tod\u0117l galite m\u0117gautis ja ilg\u0105 laik\u0105. Nesvarbu, ar keliaujate, ar kasdien naudosite, ji atitiks visus j\u016bs\u0173 poreikius.<\/p>\n<\/li>\n<li data-start=\"1744\" data-end=\"1988\">\n<p data-start=\"1746\" data-end=\"1988\"><strong data-start=\"1746\" data-end=\"1800\">Dual Mesh rit\u0117s technologija tolygiam garo gamybai<\/strong><br data-start=\"1800\" data-end=\"1803\" \/>Su 1,1\u03a9 Dual Mesh rit\u0117s technologija garas tolygiai \u012f\u0161yla, kas sukelia intensyv\u0173, \u0161veln\u0173 skon\u012f. Kiekvienas \u012fkv\u0117pimas u\u017etikrina auk\u0161tos kokyb\u0117s garavimo patirt\u012f.<\/p>\n<\/li>\n<li data-start=\"1990\" data-end=\"2248\">\n<p data-start=\"1992\" data-end=\"2248\"><strong data-start=\"1992\" data-end=\"2046\">Tikslios nikotino pasirinktys individualiems poreikiams<\/strong><br data-start=\"2046\" data-end=\"2049\" \/>Su keturiomis skirtingomis nikotino stiprumo (0%, 2%, 3%, 5%) galimyb\u0117mis galite pasirinkti tobul\u0105 skon\u012f pagal savo pageidavimus, nesvarbu, ar norite \u0161velnesnio, ar intensyvesnio garavimo.<\/p>\n<\/li>\n<li data-start=\"2250\" data-end=\"2472\">\n<p data-start=\"2252\" data-end=\"2472\"><strong data-start=\"2252\" data-end=\"2292\">Greitas \u012fkrovimas su Type-C jungtimi<\/strong><br data-start=\"2292\" data-end=\"2295\" \/>Su 650mAh baterija ir Type-C jungtimi Bang 20000Puff leid\u017eia greitai \u012fkrauti ir u\u017etikrina, kad j\u016bs\u0173 \u012frenginys visada b\u016bt\u0173 paruo\u0161tas naudoti.<\/p>\n<\/li>\n<li data-start=\"2474\" data-end=\"2693\">\n<p data-start=\"2476\" data-end=\"2693\"><strong data-start=\"2476\" data-end=\"2511\">LED indikatorius akumuliatoriaus b\u016bsenai steb\u0117ti<\/strong><br data-start=\"2511\" data-end=\"2514\" \/>Integruotas LED indikatorius bet kada informuoja apie dabartin\u0119 akumuliatoriaus b\u016bsen\u0105, kad gal\u0117tum\u0117te laiku \u012fkrauti akumuliatori\u0173 ir visada b\u016bti pasiruo\u0161\u0119s kitam r\u016bkymui.<\/p>\n<\/li>\n<\/ul>\n<h4 data-start=\"2700\" data-end=\"2754\">Rekomenduojamas skonis: Mango Persikas Arb\u016bzas<\/h4>\n<p data-start=\"2756\" data-end=\"3093\">Bang 20000Puff skonis \u201eMango Persikas Arb\u016bzas\u201c puikiai sujungia tropinius vaisius. Saldi mango, \u0161velni persiko nata ir gaivinantis arb\u016bzas suteikia \u0161vie\u017ei\u0105, vasari\u0161k\u0105 r\u016bkymo patirt\u012f. Kiekvienas \u012fkv\u0117pimas jus nukelia \u012f \u0161ilt\u0105 saul\u0119 ir leid\u017eia m\u0117gautis tropini\u0173 gaiv\u0173 skoniu.<\/p>\n<h3 data-start=\"3100\" data-end=\"3122\">Pirkimo privalumai<\/h3>\n<ul data-start=\"3124\" data-end=\"3713\">\n<li data-start=\"3124\" data-end=\"3305\">\n<p data-start=\"3126\" data-end=\"3305\"><strong data-start=\"3126\" data-end=\"3139\">Be muito<\/strong><br data-start=\"3139\" data-end=\"3142\" \/>Perkant vapingnet.de, galite pasinaudoti <a href=\"https:\/\/vapingnet.de\/lt\/k\/f\/\" target=\"_blank\" rel=\"noopener\"><strong>be muito<\/strong><\/a> pirkimais, nesir\u016bpindami papildomomis mokes\u010di\u0173 i\u0161laidomis. Tai daro apsipirkim\u0105 dar malonesn\u012f.<\/p>\n<\/li>\n<li data-start=\"3307\" data-end=\"3482\">\n<p data-start=\"3309\" data-end=\"3482\"><strong data-start=\"3309\" data-end=\"3361\">Greitas pristatymas oro transportu, 7-15 darbo dien\u0173<\/strong><br data-start=\"3361\" data-end=\"3364\" \/>M\u016bs\u0173 siuntimo laikas tik 7-15 darbo dien\u0173, tod\u0117l greitai gausite savo produkt\u0105 ir nereik\u0117s ilgai laukti.<\/p>\n<\/li>\n<li data-start=\"3484\" data-end=\"3713\">\n<p data-start=\"3486\" data-end=\"3713\"><strong data-start=\"3486\" data-end=\"3545\">Paprastas pirkimas, pristatymas tiesiai \u012f j\u016bs\u0173 namus<\/strong><br data-start=\"3545\" data-end=\"3548\" \/>Per vapingnet.de galite lengvai pasirinkti ir u\u017esisakyti norimus produktus. Mes juos pristatysime tiesiai \u012f j\u016bs\u0173 namus \u2013 greitai ir be r\u016bpes\u010di\u0173.<\/p>\n<\/li>\n<\/ul>\n<p data-start=\"3731\" data-end=\"4247\">Bang 20000Puff Dual Mesh vienkartin\u0117 elektronin\u0117 cigaret\u0117 su savo inovatyviu dizainu, ilga naudojimo trukme, auk\u0161tos kokyb\u0117s gar\u0173 gamyba ir gaiviu skoniu yra puikus pasirinkimas r\u016bkaliams. Nesvarbu, ar norite ilgalaikio naudojimo, ar m\u0117gautis tropiniu skoniu, \u0161i elektronin\u0117 cigaret\u0117 atitiks visus j\u016bs\u0173 poreikius. Apsilankykite jau \u0161iandien <a href=\"https:\/\/vapingnet.de\/lt\/\" target=\"_new\" rel=\"noopener\" data-start=\"4115\" data-end=\"4152\">vapingnet.de<\/a>, kad \u012fsigytum\u0117te savo Bang 20000Puff Dual Mesh ir m\u0117gautum\u0117t\u0117s i\u0161skirtine r\u016bkymo patirtimi!<\/p>","protected":false},"excerpt":{"rendered":"<p>Patirkite Bang 20000Puf\u0173 Dvigubo Tinklo Vienkartin\u0119 elektronin\u0119 cigaret\u0119: Intensyvus skonis, ilgas naudojimas Ie\u0161kote kokybi\u0161kos elektronin\u0117s cigaret\u0117s? Bang 20000Puf\u0173 Dvigubo Tinklo yra puikus pasirinkimas, pasi\u017eymintis...<\/p>","protected":false},"featured_media":5488,"template":"","meta":[],"etheme_brands":[],"product_brand":[101],"product_cat":[54,49,61],"product_tag":[],"class_list":{"0":"post-5487","1":"product","2":"type-product","3":"status-publish","4":"has-post-thumbnail","6":"product_brand-bang-king-vape","7":"product_cat-vape-20000-zuege","8":"product_cat-einweg-e-zigarette","9":"product_cat-f","11":"first","12":"instock","13":"shipping-taxable","14":"purchasable","15":"product-type-simple"},"yoast_head":"<!-- This site is optimized with the Yoast SEO plugin v26.5 - https:\/\/yoast.com\/wordpress\/plugins\/seo\/ -->\n<title>Bang 20000Puff Mango Peach Watermelon Jetzt auf vapingnet.de<\/title>\n<meta name=\"description\" content=\"Genie\u00dfen Sie die Bang 20000Puff Mango Peach Watermelon E-Zigarette auf vapingnet.de Fruchtig, erfrischend und mit einer au\u00dfergew\u00f6hnlich langen Haltbarkeit!\" \/>\n<meta name=\"robots\" content=\"index, follow, max-snippet:-1, max-image-preview:large, max-video-preview:-1\" \/>\n<link rel=\"canonical\" href=\"https:\/\/vapingnet.de\/lt\/vape\/mango-peach-watermelon-und-bang-20000puff-premiumqualitaet-zu-sonderpreisen\/\" \/>\n<meta property=\"og:locale\" content=\"lt_LT\" \/>\n<meta property=\"og:type\" content=\"article\" \/>\n<meta property=\"og:title\" content=\"Bang 20000Puff Mango Peach Watermelon Jetzt auf vapingnet.de\" \/>\n<meta property=\"og:description\" content=\"Genie\u00dfen Sie die Bang 20000Puff Mango Peach Watermelon E-Zigarette auf vapingnet.de Fruchtig, erfrischend und mit einer au\u00dfergew\u00f6hnlich langen Haltbarkeit!\" \/>\n<meta property=\"og:url\" content=\"https:\/\/vapingnet.de\/lt\/vape\/mango-peach-watermelon-und-bang-20000puff-premiumqualitaet-zu-sonderpreisen\/\" \/>\n<meta property=\"og:site_name\" content=\"Vapingnet.de\" \/>\n<meta property=\"article:publisher\" content=\"https:\/\/www.facebook.com\/vapingnetde\/\" \/>\n<meta property=\"article:modified_time\" content=\"2025-06-19T03:40:47+00:00\" \/>\n<meta property=\"og:image\" content=\"https:\/\/vapingnet.de\/wp-content\/uploads\/2025\/03\/Mango-Peach-Watermelon-1.png\" \/>\n\t<meta property=\"og:image:width\" content=\"1000\" \/>\n\t<meta property=\"og:image:height\" content=\"1000\" \/>\n\t<meta property=\"og:image:type\" content=\"image\/png\" \/>\n<meta name=\"twitter:card\" content=\"summary_large_image\" \/>\n<meta name=\"twitter:label1\" content=\"Est. reading time\" \/>\n\t<meta name=\"twitter:data1\" content=\"3 minutes\" \/>\n<script type=\"application\/ld+json\" class=\"yoast-schema-graph\">{\"@context\":\"https:\/\/schema.org\",\"@graph\":[{\"@type\":\"WebPage\",\"@id\":\"https:\/\/vapingnet.de\/vape\/mango-peach-watermelon-und-bang-20000puff-premiumqualitaet-zu-sonderpreisen\/\",\"url\":\"https:\/\/vapingnet.de\/vape\/mango-peach-watermelon-und-bang-20000puff-premiumqualitaet-zu-sonderpreisen\/\",\"name\":\"Bang 20000Puff Mango Peach Watermelon Jetzt auf vapingnet.de\",\"isPartOf\":{\"@id\":\"https:\/\/vapingnet.de\/#website\"},\"primaryImageOfPage\":{\"@id\":\"https:\/\/vapingnet.de\/vape\/mango-peach-watermelon-und-bang-20000puff-premiumqualitaet-zu-sonderpreisen\/#primaryimage\"},\"image\":{\"@id\":\"https:\/\/vapingnet.de\/vape\/mango-peach-watermelon-und-bang-20000puff-premiumqualitaet-zu-sonderpreisen\/#primaryimage\"},\"thumbnailUrl\":\"https:\/\/vapingnet.de\/wp-content\/uploads\/2025\/03\/Mango-Peach-Watermelon-1.png\",\"datePublished\":\"2025-03-15T10:05:57+00:00\",\"dateModified\":\"2025-06-19T03:40:47+00:00\",\"description\":\"Genie\u00dfen Sie die Bang 20000Puff Mango Peach Watermelon E-Zigarette auf vapingnet.de Fruchtig, erfrischend und mit einer au\u00dfergew\u00f6hnlich langen Haltbarkeit!\",\"breadcrumb\":{\"@id\":\"https:\/\/vapingnet.de\/vape\/mango-peach-watermelon-und-bang-20000puff-premiumqualitaet-zu-sonderpreisen\/#breadcrumb\"},\"inLanguage\":\"lt-LT\",\"potentialAction\":[{\"@type\":\"ReadAction\",\"target\":[\"https:\/\/vapingnet.de\/vape\/mango-peach-watermelon-und-bang-20000puff-premiumqualitaet-zu-sonderpreisen\/\"]}]},{\"@type\":\"ImageObject\",\"inLanguage\":\"lt-LT\",\"@id\":\"https:\/\/vapingnet.de\/vape\/mango-peach-watermelon-und-bang-20000puff-premiumqualitaet-zu-sonderpreisen\/#primaryimage\",\"url\":\"https:\/\/vapingnet.de\/wp-content\/uploads\/2025\/03\/Mango-Peach-Watermelon-1.png\",\"contentUrl\":\"https:\/\/vapingnet.de\/wp-content\/uploads\/2025\/03\/Mango-Peach-Watermelon-1.png\",\"width\":1000,\"height\":1000,\"caption\":\"Mango Peach Watermelon\"},{\"@type\":\"BreadcrumbList\",\"@id\":\"https:\/\/vapingnet.de\/vape\/mango-peach-watermelon-und-bang-20000puff-premiumqualitaet-zu-sonderpreisen\/#breadcrumb\",\"itemListElement\":[{\"@type\":\"ListItem\",\"position\":1,\"name\":\"Home\",\"item\":\"https:\/\/vapingnet.de\/\"},{\"@type\":\"ListItem\",\"position\":2,\"name\":\"Shop\",\"item\":\"https:\/\/vapingnet.de\/vape\/\"},{\"@type\":\"ListItem\",\"position\":3,\"name\":\"Mango Peach Watermelon und Bang 20000Puff Premiumqualit\u00e4t zu Sonderpreisen\"}]},{\"@type\":\"WebSite\",\"@id\":\"https:\/\/vapingnet.de\/#website\",\"url\":\"https:\/\/vapingnet.de\/\",\"name\":\"Vapingnet.de\",\"description\":\"\",\"publisher\":{\"@id\":\"https:\/\/vapingnet.de\/#organization\"},\"potentialAction\":[{\"@type\":\"SearchAction\",\"target\":{\"@type\":\"EntryPoint\",\"urlTemplate\":\"https:\/\/vapingnet.de\/?s={search_term_string}\"},\"query-input\":{\"@type\":\"PropertyValueSpecification\",\"valueRequired\":true,\"valueName\":\"search_term_string\"}}],\"inLanguage\":\"lt-LT\"},{\"@type\":\"Organization\",\"@id\":\"https:\/\/vapingnet.de\/#organization\",\"name\":\"Vapingnet.de\",\"url\":\"https:\/\/vapingnet.de\/\",\"logo\":{\"@type\":\"ImageObject\",\"inLanguage\":\"lt-LT\",\"@id\":\"https:\/\/vapingnet.de\/#\/schema\/logo\/image\/\",\"url\":\"https:\/\/vapingnet.de\/wp-content\/uploads\/2025\/03\/cropped-vapingnet.de_.jpg\",\"contentUrl\":\"https:\/\/vapingnet.de\/wp-content\/uploads\/2025\/03\/cropped-vapingnet.de_.jpg\",\"width\":512,\"height\":512,\"caption\":\"Vapingnet.de\"},\"image\":{\"@id\":\"https:\/\/vapingnet.de\/#\/schema\/logo\/image\/\"},\"sameAs\":[\"https:\/\/www.facebook.com\/vapingnetde\/\"]}]}<\/script>\n<!-- \/ Yoast SEO plugin. -->","yoast_head_json":{"title":"Bang 20000Puff Mango Peach Watermelon Jetzt auf vapingnet.de","description":"Genie\u00dfen Sie die Bang 20000Puff Mango Peach Watermelon E-Zigarette auf vapingnet.de Fruchtig, erfrischend und mit einer au\u00dfergew\u00f6hnlich langen Haltbarkeit!","robots":{"index":"index","follow":"follow","max-snippet":"max-snippet:-1","max-image-preview":"max-image-preview:large","max-video-preview":"max-video-preview:-1"},"canonical":"https:\/\/vapingnet.de\/lt\/vape\/mango-peach-watermelon-und-bang-20000puff-premiumqualitaet-zu-sonderpreisen\/","og_locale":"lt_LT","og_type":"article","og_title":"Bang 20000Puff Mango Peach Watermelon Jetzt auf vapingnet.de","og_description":"Genie\u00dfen Sie die Bang 20000Puff Mango Peach Watermelon E-Zigarette auf vapingnet.de Fruchtig, erfrischend und mit einer au\u00dfergew\u00f6hnlich langen Haltbarkeit!","og_url":"https:\/\/vapingnet.de\/lt\/vape\/mango-peach-watermelon-und-bang-20000puff-premiumqualitaet-zu-sonderpreisen\/","og_site_name":"Vapingnet.de","article_publisher":"https:\/\/www.facebook.com\/vapingnetde\/","article_modified_time":"2025-06-19T03:40:47+00:00","og_image":[{"width":1000,"height":1000,"url":"https:\/\/vapingnet.de\/wp-content\/uploads\/2025\/03\/Mango-Peach-Watermelon-1.png","type":"image\/png"}],"twitter_card":"summary_large_image","twitter_misc":{"Est. reading time":"3 minutes"},"schema":{"@context":"https:\/\/schema.org","@graph":[{"@type":"WebPage","@id":"https:\/\/vapingnet.de\/vape\/mango-peach-watermelon-und-bang-20000puff-premiumqualitaet-zu-sonderpreisen\/","url":"https:\/\/vapingnet.de\/vape\/mango-peach-watermelon-und-bang-20000puff-premiumqualitaet-zu-sonderpreisen\/","name":"Bang 20000Puff Mango Peach Watermelon Jetzt auf vapingnet.de","isPartOf":{"@id":"https:\/\/vapingnet.de\/#website"},"primaryImageOfPage":{"@id":"https:\/\/vapingnet.de\/vape\/mango-peach-watermelon-und-bang-20000puff-premiumqualitaet-zu-sonderpreisen\/#primaryimage"},"image":{"@id":"https:\/\/vapingnet.de\/vape\/mango-peach-watermelon-und-bang-20000puff-premiumqualitaet-zu-sonderpreisen\/#primaryimage"},"thumbnailUrl":"https:\/\/vapingnet.de\/wp-content\/uploads\/2025\/03\/Mango-Peach-Watermelon-1.png","datePublished":"2025-03-15T10:05:57+00:00","dateModified":"2025-06-19T03:40:47+00:00","description":"Genie\u00dfen Sie die Bang 20000Puff Mango Peach Watermelon E-Zigarette auf vapingnet.de Fruchtig, erfrischend und mit einer au\u00dfergew\u00f6hnlich langen Haltbarkeit!","breadcrumb":{"@id":"https:\/\/vapingnet.de\/vape\/mango-peach-watermelon-und-bang-20000puff-premiumqualitaet-zu-sonderpreisen\/#breadcrumb"},"inLanguage":"lt-LT","potentialAction":[{"@type":"ReadAction","target":["https:\/\/vapingnet.de\/vape\/mango-peach-watermelon-und-bang-20000puff-premiumqualitaet-zu-sonderpreisen\/"]}]},{"@type":"ImageObject","inLanguage":"lt-LT","@id":"https:\/\/vapingnet.de\/vape\/mango-peach-watermelon-und-bang-20000puff-premiumqualitaet-zu-sonderpreisen\/#primaryimage","url":"https:\/\/vapingnet.de\/wp-content\/uploads\/2025\/03\/Mango-Peach-Watermelon-1.png","contentUrl":"https:\/\/vapingnet.de\/wp-content\/uploads\/2025\/03\/Mango-Peach-Watermelon-1.png","width":1000,"height":1000,"caption":"Mango Peach Watermelon"},{"@type":"BreadcrumbList","@id":"https:\/\/vapingnet.de\/vape\/mango-peach-watermelon-und-bang-20000puff-premiumqualitaet-zu-sonderpreisen\/#breadcrumb","itemListElement":[{"@type":"ListItem","position":1,"name":"Home","item":"https:\/\/vapingnet.de\/"},{"@type":"ListItem","position":2,"name":"Shop","item":"https:\/\/vapingnet.de\/vape\/"},{"@type":"ListItem","position":3,"name":"Mango Peach Watermelon und Bang 20000Puff Premiumqualit\u00e4t zu Sonderpreisen"}]},{"@type":"WebSite","@id":"https:\/\/vapingnet.de\/#website","url":"https:\/\/vapingnet.de\/","name":"Vapingnet.de","description":"","publisher":{"@id":"https:\/\/vapingnet.de\/#organization"},"potentialAction":[{"@type":"SearchAction","target":{"@type":"EntryPoint","urlTemplate":"https:\/\/vapingnet.de\/?s={search_term_string}"},"query-input":{"@type":"PropertyValueSpecification","valueRequired":true,"valueName":"search_term_string"}}],"inLanguage":"lt-LT"},{"@type":"Organization","@id":"https:\/\/vapingnet.de\/#organization","name":"Vapingnet.de","url":"https:\/\/vapingnet.de\/","logo":{"@type":"ImageObject","inLanguage":"lt-LT","@id":"https:\/\/vapingnet.de\/#\/schema\/logo\/image\/","url":"https:\/\/vapingnet.de\/wp-content\/uploads\/2025\/03\/cropped-vapingnet.de_.jpg","contentUrl":"https:\/\/vapingnet.de\/wp-content\/uploads\/2025\/03\/cropped-vapingnet.de_.jpg","width":512,"height":512,"caption":"Vapingnet.de"},"image":{"@id":"https:\/\/vapingnet.de\/#\/schema\/logo\/image\/"},"sameAs":["https:\/\/www.facebook.com\/vapingnetde\/"]}]}},"tiered_pricing_type":"fixed","tiered_pricing_fixed_rules":{"10":"8.92","60":"8.03","110":"7.14","200":"6.24"},"tiered_pricing_product_settings":{"layout":"default","base_unit_name":{"singular":null,"plural":null},"default_variation":null},"tiered_pricing_minimum_quantity":null,"tiered_pricing_roles_data":[],"tiered_pricing_percentage_rules":[],"_links":{"self":[{"href":"https:\/\/vapingnet.de\/lt\/wp-json\/wp\/v2\/product\/5487","targetHints":{"allow":["GET"]}}],"collection":[{"href":"https:\/\/vapingnet.de\/lt\/wp-json\/wp\/v2\/product"}],"about":[{"href":"https:\/\/vapingnet.de\/lt\/wp-json\/wp\/v2\/types\/product"}],"version-history":[{"count":1,"href":"https:\/\/vapingnet.de\/lt\/wp-json\/wp\/v2\/product\/5487\/revisions"}],"predecessor-version":[{"id":5489,"href":"https:\/\/vapingnet.de\/lt\/wp-json\/wp\/v2\/product\/5487\/revisions\/5489"}],"wp:featuredmedia":[{"embeddable":true,"href":"https:\/\/vapingnet.de\/lt\/wp-json\/wp\/v2\/media\/5488"}],"wp:attachment":[{"href":"https:\/\/vapingnet.de\/lt\/wp-json\/wp\/v2\/media?parent=5487"}],"wp:term":[{"taxonomy":"brand","embeddable":true,"href":"https:\/\/vapingnet.de\/lt\/wp-json\/wp\/v2\/etheme_brands?post=5487"},{"taxonomy":"product_brand","embeddable":true,"href":"https:\/\/vapingnet.de\/lt\/wp-json\/wp\/v2\/product_brand?post=5487"},{"taxonomy":"product_cat","embeddable":true,"href":"https:\/\/vapingnet.de\/lt\/wp-json\/wp\/v2\/product_cat?post=5487"},{"taxonomy":"product_tag","embeddable":true,"href":"https:\/\/vapingnet.de\/lt\/wp-json\/wp\/v2\/product_tag?post=5487"}],"curies":[{"name":"wp","href":"https:\/\/api.w.org\/{rel}","templated":true}]}}