{"id":5528,"date":"2025-12-13T09:38:40","date_gmt":"2025-12-13T09:38:40","guid":{"rendered":"https:\/\/vapingnet.de\/?post_type=product&#038;p=5528"},"modified":"2026-01-28T08:35:31","modified_gmt":"2026-01-28T08:35:31","slug":"fruchtig-und-suess-bang-blaze-20000-puffs-strawberry-watermelon","status":"publish","type":"product","link":"https:\/\/vapingnet.de\/lt\/vape\/fruchtig-und-suess-bang-blaze-20000-puffs-strawberry-watermelon\/","title":{"rendered":"Vaisi\u0161kas ir saldus Bang Blaze 20000 p\u016btim\u0173 Bra\u0161k\u0117 Arb\u016bzas"},"content":{"rendered":"<h2 data-start=\"0\" data-end=\"68\">Bang Blaze 20000 Puffs \u2013 Galutinis potyris, ilga i\u0161tverm\u0117!<\/h2>\n<p data-start=\"70\" data-end=\"358\">Bang Blaze 20000 Puffs suteikia tau nepalyginam\u0105 garinimo patirt\u012f! Su <a href=\"https:\/\/vapingnet.de\/lt\/k\/vape-20000-zuege\/\" target=\"_blank\" rel=\"noopener\"><strong>20 000 Puffs<\/strong><\/a> dideliu talpumu ir Dul Mesh 1.0\u03a9 rit\u0117mis kiekvienas \u012fkv\u0117pimas suteikia \u0161veln\u0173 ir intensyv\u0173 skon\u012f. \u0160i elektronin\u0117 cigaret\u0117 yra tobula visiems, kurie ie\u0161ko ilgalaik\u0117s garinimo patirties.<\/p>\n<h4 data-start=\"365\" data-end=\"395\">Produkto savyb\u0117s<\/h4>\n<ul data-start=\"397\" data-end=\"1252\">\n<li data-start=\"397\" data-end=\"524\">Ekstremaliai ilgas naudojimo laikas: 20 000 Puffs, daug daugiau nei \u012fprastos elektronin\u0117s cigaret\u0117s \u2013 idealiai tinka kasdieniam naudojimui.<\/li>\n<li data-start=\"525\" data-end=\"612\">Galinga baterija: 1000mAh \u012fkraunama baterija, daugiau nereik\u0117s da\u017enai \u012fkrauti.<\/li>\n<li data-start=\"613\" data-end=\"705\">Greito \u012fkrovimo jungtis: Type-C jungtis greitam \u012fkrovimui ir efektyviam naudojimui.<\/li>\n<li data-start=\"706\" data-end=\"820\">Didel\u0117 skys\u010dio talpa: 26 ml didelis skys\u010dio kiekis, ilgalaikiam garinimo malonumui be da\u017en\u0173 papildym\u0173.<\/li>\n<li data-start=\"821\" data-end=\"912\">Nikotino kiekio pasirinkimas: 0%, 2%, 3%, 5% \u2013 visiems skoniams ir poreikiams.<\/li>\n<li data-start=\"913\" data-end=\"1051\">I\u0161manus ekranas: rodo akumuliatoriaus b\u016bsen\u0105 ir skys\u010dio lyg\u012f bet kuriuo metu, kad garinimas b\u016bt\u0173 dar patogesnis.<\/li>\n<li data-start=\"1052\" data-end=\"1150\">Bra\u0161k\u0117s ir arb\u016bzo skonis: gaivus vaisinis skonis, unikalus malonumas kiekvienu \u012fkv\u0117pimu.<\/li>\n<li data-start=\"1151\" data-end=\"1252\">Lengva ir ne\u0161iojama: Svoris tik 85 g, elektronin\u0117 cigaret\u0117 labai patogi ir ideali keliaujant.<\/li>\n<\/ul>\n<h4 data-start=\"1259\" data-end=\"1282\">Produkto privalumai<\/h4>\n<ol data-start=\"1284\" data-end=\"2087\">\n<li data-start=\"1284\" data-end=\"1490\">Ilga i\u0161tverm\u0117, malonumas bet kuriuo metu: Su 20 000 Puffs esi gerai apr\u016bpintas, nesvarbu, ar kasdien, ar keliaudamas. \u0160i elektronin\u0117 cigaret\u0117 tave lyd\u0117s ilg\u0105 laik\u0105 be papildymo ar \u012fkrovimo.<\/li>\n<li data-start=\"1491\" data-end=\"1664\">\u0160vie\u017eias skonis, nepamir\u0161tamas: Bra\u0161k\u0117s ir arb\u016bzo skonis suteikia gaiv\u0173, sald\u0173 malonum\u0105, kuris nuolat sugr\u012f\u0161 ir prad\u017eiugins tave i\u0161 naujo.<\/li>\n<li data-start=\"1665\" data-end=\"1869\">\u012evair\u016bs nikotino stiprumai, kiekvieno poreikiams: Nesvarbu, ar nori garinti be nikotino, ar pasiekti stipresn\u012f efekt\u0105 su didesniu nikotino kiekiu, <a href=\"https:\/\/vapingnet.de\/fr\/Brands\/bang-king-vape\/\" target=\"_blank\" rel=\"noopener\"><strong>Bang King<\/strong><\/a> si\u016blo tau tobul\u0105 pasirinkim\u0105.<\/li>\n<li data-start=\"1870\" data-end=\"2087\">Lengvas dizainas ir be muit\u0173: Svoris tik 85 g, labai lengva ir patogu ne\u0161iotis. Be to, si\u016blome be muit\u0173 pristatym\u0105, kad nereik\u0117t\u0173 jaudintis d\u0117l papildom\u0173 i\u0161laid\u0173.<\/li>\n<\/ol>\n<h3>Pirkti dabar, patirti nepamir\u0161tam\u0105 garinim\u0105<\/h3>\n<p data-start=\"2149\" data-end=\"2331\" data-is-last-node=\"\" data-is-only-node=\"\">Apsilankyk dabar <a href=\"https:\/\/vapingnet.de\/lt\/\" target=\"_new\" rel=\"noopener\" data-start=\"2165\" data-end=\"2201\">vapingnet.de<\/a>, u\u017esisakyk savo Bang Blaze 20000 p\u016btim\u0173 ir patirk galutin\u012f gar\u0173 patirt\u012f su ilga i\u0161tverme ir gaiviu skoniu!<\/p>","protected":false},"excerpt":{"rendered":"<p>Bang Blaze 20000 Puf\u0173 \u2013 Nepakartojamas patirtis, ilgas i\u0161tverm\u0117s laikas! Bang Blaze 20000 Puf\u0173 si\u016blo nepakartojam\u0105 garinimo patirt\u012f! Su 20 000 Puf\u0173 did\u017eiule talpa ir...<\/p>","protected":false},"featured_media":6844,"template":"","meta":[],"etheme_brands":[],"product_brand":[101],"product_cat":[54,49,61],"product_tag":[],"class_list":{"0":"post-5528","1":"product","2":"type-product","3":"status-publish","4":"has-post-thumbnail","6":"product_brand-bang-king-vape","7":"product_cat-vape-20000-zuege","8":"product_cat-einweg-e-zigarette","9":"product_cat-f","11":"first","12":"instock","13":"shipping-taxable","14":"purchasable","15":"product-type-simple"},"yoast_head":"<!-- This site is optimized with the Yoast SEO plugin v26.5 - https:\/\/yoast.com\/wordpress\/plugins\/seo\/ -->\n<title>Fruchtig und s\u00fc\u00df Bang Blaze 20000 Puffs Strawberry Watermelon | Vapingnet.de<\/title>\n<meta name=\"description\" content=\"Entdecke Fruchtig und s\u00fc\u00df Bang Blaze 20000 Puffs Strawberry Watermelon bei vapingnet.de, \u25ba Gro\u00dfe Auswahl an Geschmacksrichtungen &amp; super g\u00fcnstig!\" \/>\n<meta name=\"robots\" content=\"index, follow, max-snippet:-1, max-image-preview:large, max-video-preview:-1\" \/>\n<link rel=\"canonical\" href=\"https:\/\/vapingnet.de\/lt\/vape\/fruchtig-und-suess-bang-blaze-20000-puffs-strawberry-watermelon\/\" \/>\n<meta property=\"og:locale\" content=\"lt_LT\" \/>\n<meta property=\"og:type\" content=\"article\" \/>\n<meta property=\"og:title\" content=\"Fruchtig und s\u00fc\u00df Bang Blaze 20000 Puffs Strawberry Watermelon | Vapingnet.de\" \/>\n<meta property=\"og:description\" content=\"Entdecke Fruchtig und s\u00fc\u00df Bang Blaze 20000 Puffs Strawberry Watermelon bei vapingnet.de, \u25ba Gro\u00dfe Auswahl an Geschmacksrichtungen &amp; super g\u00fcnstig!\" \/>\n<meta property=\"og:url\" content=\"https:\/\/vapingnet.de\/lt\/vape\/fruchtig-und-suess-bang-blaze-20000-puffs-strawberry-watermelon\/\" \/>\n<meta property=\"og:site_name\" content=\"Vapingnet.de\" \/>\n<meta property=\"article:publisher\" content=\"https:\/\/www.facebook.com\/vapingnetde\/\" \/>\n<meta property=\"article:modified_time\" content=\"2026-01-28T08:35:31+00:00\" \/>\n<meta property=\"og:image\" content=\"https:\/\/vapingnet.de\/wp-content\/uploads\/2025\/03\/bang-blaze.jpg\" \/>\n\t<meta property=\"og:image:width\" content=\"1000\" \/>\n\t<meta property=\"og:image:height\" content=\"1000\" \/>\n\t<meta property=\"og:image:type\" content=\"image\/jpeg\" \/>\n<meta name=\"twitter:card\" content=\"summary_large_image\" \/>\n<meta name=\"twitter:label1\" content=\"Est. reading time\" \/>\n\t<meta name=\"twitter:data1\" content=\"2 minutes\" \/>\n<script type=\"application\/ld+json\" class=\"yoast-schema-graph\">{\"@context\":\"https:\/\/schema.org\",\"@graph\":[{\"@type\":\"WebPage\",\"@id\":\"https:\/\/vapingnet.de\/vape\/fruchtig-und-suess-bang-blaze-20000-puffs-strawberry-watermelon\/\",\"url\":\"https:\/\/vapingnet.de\/vape\/fruchtig-und-suess-bang-blaze-20000-puffs-strawberry-watermelon\/\",\"name\":\"Fruchtig und s\u00fc\u00df Bang Blaze 20000 Puffs Strawberry Watermelon | Vapingnet.de\",\"isPartOf\":{\"@id\":\"https:\/\/vapingnet.de\/#website\"},\"primaryImageOfPage\":{\"@id\":\"https:\/\/vapingnet.de\/vape\/fruchtig-und-suess-bang-blaze-20000-puffs-strawberry-watermelon\/#primaryimage\"},\"image\":{\"@id\":\"https:\/\/vapingnet.de\/vape\/fruchtig-und-suess-bang-blaze-20000-puffs-strawberry-watermelon\/#primaryimage\"},\"thumbnailUrl\":\"https:\/\/vapingnet.de\/wp-content\/uploads\/2025\/03\/bang-blaze.jpg\",\"datePublished\":\"2025-12-13T09:38:40+00:00\",\"dateModified\":\"2026-01-28T08:35:31+00:00\",\"description\":\"Entdecke Fruchtig und s\u00fc\u00df Bang Blaze 20000 Puffs Strawberry Watermelon bei vapingnet.de, \u25ba Gro\u00dfe Auswahl an Geschmacksrichtungen & super g\u00fcnstig!\",\"breadcrumb\":{\"@id\":\"https:\/\/vapingnet.de\/vape\/fruchtig-und-suess-bang-blaze-20000-puffs-strawberry-watermelon\/#breadcrumb\"},\"inLanguage\":\"lt-LT\",\"potentialAction\":[{\"@type\":\"ReadAction\",\"target\":[\"https:\/\/vapingnet.de\/vape\/fruchtig-und-suess-bang-blaze-20000-puffs-strawberry-watermelon\/\"]}]},{\"@type\":\"ImageObject\",\"inLanguage\":\"lt-LT\",\"@id\":\"https:\/\/vapingnet.de\/vape\/fruchtig-und-suess-bang-blaze-20000-puffs-strawberry-watermelon\/#primaryimage\",\"url\":\"https:\/\/vapingnet.de\/wp-content\/uploads\/2025\/03\/bang-blaze.jpg\",\"contentUrl\":\"https:\/\/vapingnet.de\/wp-content\/uploads\/2025\/03\/bang-blaze.jpg\",\"width\":1000,\"height\":1000},{\"@type\":\"BreadcrumbList\",\"@id\":\"https:\/\/vapingnet.de\/vape\/fruchtig-und-suess-bang-blaze-20000-puffs-strawberry-watermelon\/#breadcrumb\",\"itemListElement\":[{\"@type\":\"ListItem\",\"position\":1,\"name\":\"Home\",\"item\":\"https:\/\/vapingnet.de\/\"},{\"@type\":\"ListItem\",\"position\":2,\"name\":\"Shop\",\"item\":\"https:\/\/vapingnet.de\/vape\/\"},{\"@type\":\"ListItem\",\"position\":3,\"name\":\"Fruchtig und s\u00fc\u00df Bang Blaze 20000 Puffs Strawberry Watermelon\"}]},{\"@type\":\"WebSite\",\"@id\":\"https:\/\/vapingnet.de\/#website\",\"url\":\"https:\/\/vapingnet.de\/\",\"name\":\"Vapingnet.de\",\"description\":\"\",\"publisher\":{\"@id\":\"https:\/\/vapingnet.de\/#organization\"},\"potentialAction\":[{\"@type\":\"SearchAction\",\"target\":{\"@type\":\"EntryPoint\",\"urlTemplate\":\"https:\/\/vapingnet.de\/?s={search_term_string}\"},\"query-input\":{\"@type\":\"PropertyValueSpecification\",\"valueRequired\":true,\"valueName\":\"search_term_string\"}}],\"inLanguage\":\"lt-LT\"},{\"@type\":\"Organization\",\"@id\":\"https:\/\/vapingnet.de\/#organization\",\"name\":\"Vapingnet.de\",\"url\":\"https:\/\/vapingnet.de\/\",\"logo\":{\"@type\":\"ImageObject\",\"inLanguage\":\"lt-LT\",\"@id\":\"https:\/\/vapingnet.de\/#\/schema\/logo\/image\/\",\"url\":\"https:\/\/vapingnet.de\/wp-content\/uploads\/2025\/03\/cropped-vapingnet.de_.jpg\",\"contentUrl\":\"https:\/\/vapingnet.de\/wp-content\/uploads\/2025\/03\/cropped-vapingnet.de_.jpg\",\"width\":512,\"height\":512,\"caption\":\"Vapingnet.de\"},\"image\":{\"@id\":\"https:\/\/vapingnet.de\/#\/schema\/logo\/image\/\"},\"sameAs\":[\"https:\/\/www.facebook.com\/vapingnetde\/\"]}]}<\/script>\n<!-- \/ Yoast SEO plugin. -->","yoast_head_json":{"title":"Fruchtig und s\u00fc\u00df Bang Blaze 20000 Puffs Strawberry Watermelon | Vapingnet.de","description":"Entdecke Fruchtig und s\u00fc\u00df Bang Blaze 20000 Puffs Strawberry Watermelon bei vapingnet.de, \u25ba Gro\u00dfe Auswahl an Geschmacksrichtungen & super g\u00fcnstig!","robots":{"index":"index","follow":"follow","max-snippet":"max-snippet:-1","max-image-preview":"max-image-preview:large","max-video-preview":"max-video-preview:-1"},"canonical":"https:\/\/vapingnet.de\/lt\/vape\/fruchtig-und-suess-bang-blaze-20000-puffs-strawberry-watermelon\/","og_locale":"lt_LT","og_type":"article","og_title":"Fruchtig und s\u00fc\u00df Bang Blaze 20000 Puffs Strawberry Watermelon | Vapingnet.de","og_description":"Entdecke Fruchtig und s\u00fc\u00df Bang Blaze 20000 Puffs Strawberry Watermelon bei vapingnet.de, \u25ba Gro\u00dfe Auswahl an Geschmacksrichtungen & super g\u00fcnstig!","og_url":"https:\/\/vapingnet.de\/lt\/vape\/fruchtig-und-suess-bang-blaze-20000-puffs-strawberry-watermelon\/","og_site_name":"Vapingnet.de","article_publisher":"https:\/\/www.facebook.com\/vapingnetde\/","article_modified_time":"2026-01-28T08:35:31+00:00","og_image":[{"width":1000,"height":1000,"url":"https:\/\/vapingnet.de\/wp-content\/uploads\/2025\/03\/bang-blaze.jpg","type":"image\/jpeg"}],"twitter_card":"summary_large_image","twitter_misc":{"Est. reading time":"2 minutes"},"schema":{"@context":"https:\/\/schema.org","@graph":[{"@type":"WebPage","@id":"https:\/\/vapingnet.de\/vape\/fruchtig-und-suess-bang-blaze-20000-puffs-strawberry-watermelon\/","url":"https:\/\/vapingnet.de\/vape\/fruchtig-und-suess-bang-blaze-20000-puffs-strawberry-watermelon\/","name":"Fruchtig und s\u00fc\u00df Bang Blaze 20000 Puffs Strawberry Watermelon | Vapingnet.de","isPartOf":{"@id":"https:\/\/vapingnet.de\/#website"},"primaryImageOfPage":{"@id":"https:\/\/vapingnet.de\/vape\/fruchtig-und-suess-bang-blaze-20000-puffs-strawberry-watermelon\/#primaryimage"},"image":{"@id":"https:\/\/vapingnet.de\/vape\/fruchtig-und-suess-bang-blaze-20000-puffs-strawberry-watermelon\/#primaryimage"},"thumbnailUrl":"https:\/\/vapingnet.de\/wp-content\/uploads\/2025\/03\/bang-blaze.jpg","datePublished":"2025-12-13T09:38:40+00:00","dateModified":"2026-01-28T08:35:31+00:00","description":"Entdecke Fruchtig und s\u00fc\u00df Bang Blaze 20000 Puffs Strawberry Watermelon bei vapingnet.de, \u25ba Gro\u00dfe Auswahl an Geschmacksrichtungen & super g\u00fcnstig!","breadcrumb":{"@id":"https:\/\/vapingnet.de\/vape\/fruchtig-und-suess-bang-blaze-20000-puffs-strawberry-watermelon\/#breadcrumb"},"inLanguage":"lt-LT","potentialAction":[{"@type":"ReadAction","target":["https:\/\/vapingnet.de\/vape\/fruchtig-und-suess-bang-blaze-20000-puffs-strawberry-watermelon\/"]}]},{"@type":"ImageObject","inLanguage":"lt-LT","@id":"https:\/\/vapingnet.de\/vape\/fruchtig-und-suess-bang-blaze-20000-puffs-strawberry-watermelon\/#primaryimage","url":"https:\/\/vapingnet.de\/wp-content\/uploads\/2025\/03\/bang-blaze.jpg","contentUrl":"https:\/\/vapingnet.de\/wp-content\/uploads\/2025\/03\/bang-blaze.jpg","width":1000,"height":1000},{"@type":"BreadcrumbList","@id":"https:\/\/vapingnet.de\/vape\/fruchtig-und-suess-bang-blaze-20000-puffs-strawberry-watermelon\/#breadcrumb","itemListElement":[{"@type":"ListItem","position":1,"name":"Home","item":"https:\/\/vapingnet.de\/"},{"@type":"ListItem","position":2,"name":"Shop","item":"https:\/\/vapingnet.de\/vape\/"},{"@type":"ListItem","position":3,"name":"Fruchtig und s\u00fc\u00df Bang Blaze 20000 Puffs Strawberry Watermelon"}]},{"@type":"WebSite","@id":"https:\/\/vapingnet.de\/#website","url":"https:\/\/vapingnet.de\/","name":"Vapingnet.de","description":"","publisher":{"@id":"https:\/\/vapingnet.de\/#organization"},"potentialAction":[{"@type":"SearchAction","target":{"@type":"EntryPoint","urlTemplate":"https:\/\/vapingnet.de\/?s={search_term_string}"},"query-input":{"@type":"PropertyValueSpecification","valueRequired":true,"valueName":"search_term_string"}}],"inLanguage":"lt-LT"},{"@type":"Organization","@id":"https:\/\/vapingnet.de\/#organization","name":"Vapingnet.de","url":"https:\/\/vapingnet.de\/","logo":{"@type":"ImageObject","inLanguage":"lt-LT","@id":"https:\/\/vapingnet.de\/#\/schema\/logo\/image\/","url":"https:\/\/vapingnet.de\/wp-content\/uploads\/2025\/03\/cropped-vapingnet.de_.jpg","contentUrl":"https:\/\/vapingnet.de\/wp-content\/uploads\/2025\/03\/cropped-vapingnet.de_.jpg","width":512,"height":512,"caption":"Vapingnet.de"},"image":{"@id":"https:\/\/vapingnet.de\/#\/schema\/logo\/image\/"},"sameAs":["https:\/\/www.facebook.com\/vapingnetde\/"]}]}},"tiered_pricing_type":"fixed","tiered_pricing_fixed_rules":{"60":"6.83","110":"6.07","200":"5.31"},"tiered_pricing_product_settings":{"layout":"default","base_unit_name":{"singular":null,"plural":null},"default_variation":null},"tiered_pricing_minimum_quantity":null,"tiered_pricing_roles_data":[],"tiered_pricing_percentage_rules":[],"_links":{"self":[{"href":"https:\/\/vapingnet.de\/lt\/wp-json\/wp\/v2\/product\/5528","targetHints":{"allow":["GET"]}}],"collection":[{"href":"https:\/\/vapingnet.de\/lt\/wp-json\/wp\/v2\/product"}],"about":[{"href":"https:\/\/vapingnet.de\/lt\/wp-json\/wp\/v2\/types\/product"}],"version-history":[{"count":4,"href":"https:\/\/vapingnet.de\/lt\/wp-json\/wp\/v2\/product\/5528\/revisions"}],"predecessor-version":[{"id":7308,"href":"https:\/\/vapingnet.de\/lt\/wp-json\/wp\/v2\/product\/5528\/revisions\/7308"}],"wp:featuredmedia":[{"embeddable":true,"href":"https:\/\/vapingnet.de\/lt\/wp-json\/wp\/v2\/media\/6844"}],"wp:attachment":[{"href":"https:\/\/vapingnet.de\/lt\/wp-json\/wp\/v2\/media?parent=5528"}],"wp:term":[{"taxonomy":"brand","embeddable":true,"href":"https:\/\/vapingnet.de\/lt\/wp-json\/wp\/v2\/etheme_brands?post=5528"},{"taxonomy":"product_brand","embeddable":true,"href":"https:\/\/vapingnet.de\/lt\/wp-json\/wp\/v2\/product_brand?post=5528"},{"taxonomy":"product_cat","embeddable":true,"href":"https:\/\/vapingnet.de\/lt\/wp-json\/wp\/v2\/product_cat?post=5528"},{"taxonomy":"product_tag","embeddable":true,"href":"https:\/\/vapingnet.de\/lt\/wp-json\/wp\/v2\/product_tag?post=5528"}],"curies":[{"name":"wp","href":"https:\/\/api.w.org\/{rel}","templated":true}]}}