{"id":5535,"date":"2025-03-17T09:48:14","date_gmt":"2025-03-17T09:48:14","guid":{"rendered":"https:\/\/vapingnet.de\/?post_type=product&#038;p=5535"},"modified":"2025-06-19T03:40:46","modified_gmt":"2025-06-19T03:40:46","slug":"bang-blaze-20000-puffs-strawberry-ice-genuss-in-einem","status":"publish","type":"product","link":"https:\/\/vapingnet.de\/lt\/vape\/bang-blaze-20000-puffs-strawberry-ice-genuss-in-einem\/","title":{"rendered":"Bang Blaze 20000 p\u016btim\u0173 Bra\u0161k\u0117s Ledas \u2013 malonumas viename"},"content":{"rendered":"<h2 data-start=\"0\" data-end=\"80\">Bang Blaze 20000 Puffs \u2013 Kiekvienas \u012fkv\u0117pimas pilnas gaivinan\u010dio bra\u0161ki\u0173 skonio!<\/h2>\n<p data-start=\"82\" data-end=\"428\">Jis <a href=\"https:\/\/vapingnet.de\/lt\/bang-blaze-20000-puffs\/\" target=\"_blank\" rel=\"noopener\"><strong>Bang Blaze 20000 P\u016bki\u0173<\/strong><\/a> yra tobula pasirinktis tavo galutiniam garinimo patyrimui! Su i\u0161skirtinai ilgu naudojimo laiku ir galingu veikimu, taip pat gaivinan\u010diu Bra\u0161ki\u0173 Led\u0173 skoniu, jis si\u016blo nepamir\u0161tam\u0105 garinim\u0105. Kiekvienas \u012fkv\u0117pimas jau\u010diasi kaip b\u016bsiame \u0161altame Bra\u0161ki\u0173 Led\u0173 g\u0117rime.<\/p>\n<h4 data-start=\"435\" data-end=\"467\">Produkto specifikacijos:<\/h4>\n<ul data-start=\"469\" data-end=\"1017\">\n<li data-start=\"469\" data-end=\"507\">Modelis: Bang Blaze 20000 Puffs<\/li>\n<li data-start=\"508\" data-end=\"535\">Vamzdelis: Dul Mesh 1.0\u03a9<\/li>\n<li data-start=\"536\" data-end=\"588\">Baterijos talpa: 1000mAh (\u012fkraunama)<\/li>\n<li data-start=\"589\" data-end=\"635\">Jungtis: Type-C (greitas \u012fkrovimas)<\/li>\n<li data-start=\"636\" data-end=\"675\">Naudojimo trukm\u0117: 20 000 \u012fkv\u0117pim\u0173<\/li>\n<li data-start=\"676\" data-end=\"723\">Skonis: Bra\u0161ki\u0173 Ledai<\/li>\n<li data-start=\"724\" data-end=\"753\">Skys\u010dio talpa: 26ml<\/li>\n<li data-start=\"754\" data-end=\"844\">Nikotino stiprumas: 0%, 2%, 3%, 5% (0% ir 3% reikia u\u017esakyti dideliais kiekiais)<\/li>\n<li data-start=\"845\" data-end=\"865\">Svoris: 85g<\/li>\n<li data-start=\"866\" data-end=\"926\">Pristatymas: be muit\u0173, pristatymo laikas nuo 7 iki 15 darbo dien\u0173<\/li>\n<li data-start=\"927\" data-end=\"965\">Produkto tipas:<a href=\"https:\/\/vapingnet.de\/lt\/k\/einweg-e-zigarette\/\" target=\"_blank\" rel=\"noopener\"><strong> Vienkartin\u0117 elektronin\u0117 cigaret\u0117<\/strong><\/a><\/li>\n<\/ul>\n<h3 data-start=\"1024\" data-end=\"1069\">Kod\u0117l rinktis Bang Blaze 20000 \u012fkv\u0117pim\u0173?<\/h3>\n<ol data-start=\"1071\" data-end=\"2119\">\n<li data-start=\"1071\" data-end=\"1244\">\n<p data-start=\"1074\" data-end=\"1244\">Labai ilgaam\u017eis: Su 20 000 \u012fkv\u0117pim\u0173 gal\u0117si m\u0117gautis garinimu be da\u017en\u0173 \u012frenginio keitimo \u2013 ilgalaikis malonumas be pertrauk\u0173.<\/p>\n<\/li>\n<li data-start=\"1246\" data-end=\"1447\">\n<p data-start=\"1249\" data-end=\"1447\">Gaivus skonis: Bra\u0161ki\u0173 Led\u0173 skonis sujungia bra\u0161ki\u0173 saldum\u0105 su \u0161altu gaivumu, kuris kiekvien\u0105 \u012fkv\u0117pim\u0105 paver\u010dia maloniu patyrimu. \u0160vie\u017eias ir gaivinantis vienu metu!<\/p>\n<\/li>\n<li data-start=\"1449\" data-end=\"1651\">\n<p data-start=\"1452\" data-end=\"1651\">Galinga baterija, greitas \u012fkrovimas: 1000mAh baterija u\u017etikrina ilg\u0105 naudojim\u0105, o Type-C jungtis leid\u017eia greitai \u012fkrauti, kad gal\u0117tum toliau m\u0117gautis.<\/p>\n<\/li>\n<li data-start=\"1653\" data-end=\"1776\">\n<p data-start=\"1656\" data-end=\"1776\">Didel\u0117 skys\u010dio talpa: Su 26ml elektroninio skys\u010dio nereik\u0117s da\u017enai papildyti \u2013 idealiai tinka ilgesniems garinimo seansams.<\/p>\n<\/li>\n<li data-start=\"1778\" data-end=\"1982\">\n<p data-start=\"1781\" data-end=\"1982\">I\u0161manus ekranas: Prietaisas turi ekran\u0105, kuris nuolat rodo baterijos ir skys\u010dio lyg\u012f, kad b\u016btum visada informuotas ir gal\u0117tum m\u0117gautis geriausiu garinimo patirtimi.<\/p>\n<\/li>\n<li data-start=\"1984\" data-end=\"2119\">\n<p data-start=\"1987\" data-end=\"2119\">Lengvas ir ne\u0161iojamas: Svoris tik 85g, tod\u0117l elektronin\u0117 cigaret\u0117 yra lengva ir kompakti\u0161ka, kad gal\u0117tum ja m\u0117gautis bet kur ir bet kada.<\/p>\n<\/li>\n<\/ol>\n<h4 data-start=\"2126\" data-end=\"2149\">Pirkimo instrukcija:<\/h4>\n<p data-start=\"2151\" data-end=\"2476\">Apsilankyk dabar <a href=\"https:\/\/vapingnet.de\/lt\/\" target=\"_new\" rel=\"noopener\" data-start=\"2167\" data-end=\"2203\">vapingnet.de<\/a> u\u017esisakyk savo Bang Blaze 20000 Puffs. M\u0117gaukis \u0161vie\u017eiu Bra\u0161ki\u0173 Led\u0173 skoniu ir patirk ilgalaik\u012f garinimo malonum\u0105. Mes si\u016blome be muit\u0173 pristatym\u0105 ir garantuojame pristatymo laik\u0105 nuo 7 iki 15 darbo dien\u0173, kad gal\u0117tum be r\u016bpes\u010di\u0173 pirkti!<\/p>\n<p data-start=\"2478\" data-end=\"2598\" data-is-last-node=\"\" data-is-only-node=\"\">Pasirinkite Bang Blaze \u2013 tobul\u0105 derin\u012f ilgaam\u017ei\u0161kumo, gaivinan\u010dio skonio ir i\u0161maniosios technikos!<\/p>","protected":false},"excerpt":{"rendered":"<p>Bang Blaze 20000 Puffs \u2013 Jeder Zug voll erfrischendem Erdbeer-Geschmack! Der Bang Blaze 20000 Puffs ist die perfekte Wahl f\u00fcr dein ultimatives Dampferlebnis! Mit einer&#8230;<\/p>","protected":false},"featured_media":6845,"template":"","meta":[],"etheme_brands":[],"product_brand":[101],"product_cat":[54,49,61],"product_tag":[],"class_list":{"0":"post-5535","1":"product","2":"type-product","3":"status-publish","4":"has-post-thumbnail","6":"product_brand-bang-king-vape","7":"product_cat-vape-20000-zuege","8":"product_cat-einweg-e-zigarette","9":"product_cat-f","11":"first","12":"instock","13":"shipping-taxable","14":"purchasable","15":"product-type-simple"},"yoast_head":"<!-- This site is optimized with the Yoast SEO plugin v26.5 - https:\/\/yoast.com\/wordpress\/plugins\/seo\/ -->\n<title>Bang Blaze 20000 Puffs Strawberry Ice Genuss in einem | Vapingnet.de<\/title>\n<meta name=\"description\" content=\"Entdecke Bang Blaze 20000 Puffs Strawberry Ice Genuss in einem bei vapingnet.de, \u25ba Gro\u00dfe Auswahl an Geschmacksrichtungen &amp; super g\u00fcnstig!\" \/>\n<meta name=\"robots\" content=\"index, follow, max-snippet:-1, max-image-preview:large, max-video-preview:-1\" \/>\n<link rel=\"canonical\" href=\"https:\/\/vapingnet.de\/lt\/vape\/bang-blaze-20000-puffs-strawberry-ice-genuss-in-einem\/\" \/>\n<meta property=\"og:locale\" content=\"lt_LT\" \/>\n<meta property=\"og:type\" content=\"article\" \/>\n<meta property=\"og:title\" content=\"Bang Blaze 20000 Puffs Strawberry Ice Genuss in einem | Vapingnet.de\" \/>\n<meta property=\"og:description\" content=\"Entdecke Bang Blaze 20000 Puffs Strawberry Ice Genuss in einem bei vapingnet.de, \u25ba Gro\u00dfe Auswahl an Geschmacksrichtungen &amp; super g\u00fcnstig!\" \/>\n<meta property=\"og:url\" content=\"https:\/\/vapingnet.de\/lt\/vape\/bang-blaze-20000-puffs-strawberry-ice-genuss-in-einem\/\" \/>\n<meta property=\"og:site_name\" content=\"Vapingnet.de\" \/>\n<meta property=\"article:publisher\" content=\"https:\/\/www.facebook.com\/vapingnetde\/\" \/>\n<meta property=\"article:modified_time\" content=\"2025-06-19T03:40:46+00:00\" \/>\n<meta property=\"og:image\" content=\"https:\/\/vapingnet.de\/wp-content\/uploads\/2025\/03\/bang-strawberry-ice.png\" \/>\n\t<meta property=\"og:image:width\" content=\"1000\" \/>\n\t<meta property=\"og:image:height\" content=\"1000\" \/>\n\t<meta property=\"og:image:type\" content=\"image\/png\" \/>\n<meta name=\"twitter:card\" content=\"summary_large_image\" \/>\n<meta name=\"twitter:label1\" content=\"Est. reading time\" \/>\n\t<meta name=\"twitter:data1\" content=\"2 minutes\" \/>\n<script type=\"application\/ld+json\" class=\"yoast-schema-graph\">{\"@context\":\"https:\/\/schema.org\",\"@graph\":[{\"@type\":\"WebPage\",\"@id\":\"https:\/\/vapingnet.de\/vape\/bang-blaze-20000-puffs-strawberry-ice-genuss-in-einem\/\",\"url\":\"https:\/\/vapingnet.de\/vape\/bang-blaze-20000-puffs-strawberry-ice-genuss-in-einem\/\",\"name\":\"Bang Blaze 20000 Puffs Strawberry Ice Genuss in einem | Vapingnet.de\",\"isPartOf\":{\"@id\":\"https:\/\/vapingnet.de\/#website\"},\"primaryImageOfPage\":{\"@id\":\"https:\/\/vapingnet.de\/vape\/bang-blaze-20000-puffs-strawberry-ice-genuss-in-einem\/#primaryimage\"},\"image\":{\"@id\":\"https:\/\/vapingnet.de\/vape\/bang-blaze-20000-puffs-strawberry-ice-genuss-in-einem\/#primaryimage\"},\"thumbnailUrl\":\"https:\/\/vapingnet.de\/wp-content\/uploads\/2025\/03\/bang-strawberry-ice.png\",\"datePublished\":\"2025-03-17T09:48:14+00:00\",\"dateModified\":\"2025-06-19T03:40:46+00:00\",\"description\":\"Entdecke Bang Blaze 20000 Puffs Strawberry Ice Genuss in einem bei vapingnet.de, \u25ba Gro\u00dfe Auswahl an Geschmacksrichtungen & super g\u00fcnstig!\",\"breadcrumb\":{\"@id\":\"https:\/\/vapingnet.de\/vape\/bang-blaze-20000-puffs-strawberry-ice-genuss-in-einem\/#breadcrumb\"},\"inLanguage\":\"lt-LT\",\"potentialAction\":[{\"@type\":\"ReadAction\",\"target\":[\"https:\/\/vapingnet.de\/vape\/bang-blaze-20000-puffs-strawberry-ice-genuss-in-einem\/\"]}]},{\"@type\":\"ImageObject\",\"inLanguage\":\"lt-LT\",\"@id\":\"https:\/\/vapingnet.de\/vape\/bang-blaze-20000-puffs-strawberry-ice-genuss-in-einem\/#primaryimage\",\"url\":\"https:\/\/vapingnet.de\/wp-content\/uploads\/2025\/03\/bang-strawberry-ice.png\",\"contentUrl\":\"https:\/\/vapingnet.de\/wp-content\/uploads\/2025\/03\/bang-strawberry-ice.png\",\"width\":1000,\"height\":1000},{\"@type\":\"BreadcrumbList\",\"@id\":\"https:\/\/vapingnet.de\/vape\/bang-blaze-20000-puffs-strawberry-ice-genuss-in-einem\/#breadcrumb\",\"itemListElement\":[{\"@type\":\"ListItem\",\"position\":1,\"name\":\"Home\",\"item\":\"https:\/\/vapingnet.de\/\"},{\"@type\":\"ListItem\",\"position\":2,\"name\":\"Shop\",\"item\":\"https:\/\/vapingnet.de\/vape\/\"},{\"@type\":\"ListItem\",\"position\":3,\"name\":\"Bang Blaze 20000 Puffs Strawberry Ice Genuss in einem\"}]},{\"@type\":\"WebSite\",\"@id\":\"https:\/\/vapingnet.de\/#website\",\"url\":\"https:\/\/vapingnet.de\/\",\"name\":\"Vapingnet.de\",\"description\":\"\",\"publisher\":{\"@id\":\"https:\/\/vapingnet.de\/#organization\"},\"potentialAction\":[{\"@type\":\"SearchAction\",\"target\":{\"@type\":\"EntryPoint\",\"urlTemplate\":\"https:\/\/vapingnet.de\/?s={search_term_string}\"},\"query-input\":{\"@type\":\"PropertyValueSpecification\",\"valueRequired\":true,\"valueName\":\"search_term_string\"}}],\"inLanguage\":\"lt-LT\"},{\"@type\":\"Organization\",\"@id\":\"https:\/\/vapingnet.de\/#organization\",\"name\":\"Vapingnet.de\",\"url\":\"https:\/\/vapingnet.de\/\",\"logo\":{\"@type\":\"ImageObject\",\"inLanguage\":\"lt-LT\",\"@id\":\"https:\/\/vapingnet.de\/#\/schema\/logo\/image\/\",\"url\":\"https:\/\/vapingnet.de\/wp-content\/uploads\/2025\/03\/cropped-vapingnet.de_.jpg\",\"contentUrl\":\"https:\/\/vapingnet.de\/wp-content\/uploads\/2025\/03\/cropped-vapingnet.de_.jpg\",\"width\":512,\"height\":512,\"caption\":\"Vapingnet.de\"},\"image\":{\"@id\":\"https:\/\/vapingnet.de\/#\/schema\/logo\/image\/\"},\"sameAs\":[\"https:\/\/www.facebook.com\/vapingnetde\/\"]}]}<\/script>\n<!-- \/ Yoast SEO plugin. -->","yoast_head_json":{"title":"Bang Blaze 20000 Puffs Strawberry Ice Genuss in einem | Vapingnet.de","description":"Entdecke Bang Blaze 20000 Puffs Strawberry Ice Genuss in einem bei vapingnet.de, \u25ba Gro\u00dfe Auswahl an Geschmacksrichtungen & super g\u00fcnstig!","robots":{"index":"index","follow":"follow","max-snippet":"max-snippet:-1","max-image-preview":"max-image-preview:large","max-video-preview":"max-video-preview:-1"},"canonical":"https:\/\/vapingnet.de\/lt\/vape\/bang-blaze-20000-puffs-strawberry-ice-genuss-in-einem\/","og_locale":"lt_LT","og_type":"article","og_title":"Bang Blaze 20000 Puffs Strawberry Ice Genuss in einem | Vapingnet.de","og_description":"Entdecke Bang Blaze 20000 Puffs Strawberry Ice Genuss in einem bei vapingnet.de, \u25ba Gro\u00dfe Auswahl an Geschmacksrichtungen & super g\u00fcnstig!","og_url":"https:\/\/vapingnet.de\/lt\/vape\/bang-blaze-20000-puffs-strawberry-ice-genuss-in-einem\/","og_site_name":"Vapingnet.de","article_publisher":"https:\/\/www.facebook.com\/vapingnetde\/","article_modified_time":"2025-06-19T03:40:46+00:00","og_image":[{"width":1000,"height":1000,"url":"https:\/\/vapingnet.de\/wp-content\/uploads\/2025\/03\/bang-strawberry-ice.png","type":"image\/png"}],"twitter_card":"summary_large_image","twitter_misc":{"Est. reading time":"2 minutes"},"schema":{"@context":"https:\/\/schema.org","@graph":[{"@type":"WebPage","@id":"https:\/\/vapingnet.de\/vape\/bang-blaze-20000-puffs-strawberry-ice-genuss-in-einem\/","url":"https:\/\/vapingnet.de\/vape\/bang-blaze-20000-puffs-strawberry-ice-genuss-in-einem\/","name":"Bang Blaze 20000 Puffs Strawberry Ice Genuss in einem | Vapingnet.de","isPartOf":{"@id":"https:\/\/vapingnet.de\/#website"},"primaryImageOfPage":{"@id":"https:\/\/vapingnet.de\/vape\/bang-blaze-20000-puffs-strawberry-ice-genuss-in-einem\/#primaryimage"},"image":{"@id":"https:\/\/vapingnet.de\/vape\/bang-blaze-20000-puffs-strawberry-ice-genuss-in-einem\/#primaryimage"},"thumbnailUrl":"https:\/\/vapingnet.de\/wp-content\/uploads\/2025\/03\/bang-strawberry-ice.png","datePublished":"2025-03-17T09:48:14+00:00","dateModified":"2025-06-19T03:40:46+00:00","description":"Entdecke Bang Blaze 20000 Puffs Strawberry Ice Genuss in einem bei vapingnet.de, \u25ba Gro\u00dfe Auswahl an Geschmacksrichtungen & super g\u00fcnstig!","breadcrumb":{"@id":"https:\/\/vapingnet.de\/vape\/bang-blaze-20000-puffs-strawberry-ice-genuss-in-einem\/#breadcrumb"},"inLanguage":"lt-LT","potentialAction":[{"@type":"ReadAction","target":["https:\/\/vapingnet.de\/vape\/bang-blaze-20000-puffs-strawberry-ice-genuss-in-einem\/"]}]},{"@type":"ImageObject","inLanguage":"lt-LT","@id":"https:\/\/vapingnet.de\/vape\/bang-blaze-20000-puffs-strawberry-ice-genuss-in-einem\/#primaryimage","url":"https:\/\/vapingnet.de\/wp-content\/uploads\/2025\/03\/bang-strawberry-ice.png","contentUrl":"https:\/\/vapingnet.de\/wp-content\/uploads\/2025\/03\/bang-strawberry-ice.png","width":1000,"height":1000},{"@type":"BreadcrumbList","@id":"https:\/\/vapingnet.de\/vape\/bang-blaze-20000-puffs-strawberry-ice-genuss-in-einem\/#breadcrumb","itemListElement":[{"@type":"ListItem","position":1,"name":"Home","item":"https:\/\/vapingnet.de\/"},{"@type":"ListItem","position":2,"name":"Shop","item":"https:\/\/vapingnet.de\/vape\/"},{"@type":"ListItem","position":3,"name":"Bang Blaze 20000 Puffs Strawberry Ice Genuss in einem"}]},{"@type":"WebSite","@id":"https:\/\/vapingnet.de\/#website","url":"https:\/\/vapingnet.de\/","name":"Vapingnet.de","description":"","publisher":{"@id":"https:\/\/vapingnet.de\/#organization"},"potentialAction":[{"@type":"SearchAction","target":{"@type":"EntryPoint","urlTemplate":"https:\/\/vapingnet.de\/?s={search_term_string}"},"query-input":{"@type":"PropertyValueSpecification","valueRequired":true,"valueName":"search_term_string"}}],"inLanguage":"lt-LT"},{"@type":"Organization","@id":"https:\/\/vapingnet.de\/#organization","name":"Vapingnet.de","url":"https:\/\/vapingnet.de\/","logo":{"@type":"ImageObject","inLanguage":"lt-LT","@id":"https:\/\/vapingnet.de\/#\/schema\/logo\/image\/","url":"https:\/\/vapingnet.de\/wp-content\/uploads\/2025\/03\/cropped-vapingnet.de_.jpg","contentUrl":"https:\/\/vapingnet.de\/wp-content\/uploads\/2025\/03\/cropped-vapingnet.de_.jpg","width":512,"height":512,"caption":"Vapingnet.de"},"image":{"@id":"https:\/\/vapingnet.de\/#\/schema\/logo\/image\/"},"sameAs":["https:\/\/www.facebook.com\/vapingnetde\/"]}]}},"tiered_pricing_type":"fixed","tiered_pricing_fixed_rules":{"10":"7.59","60":"6.83","110":"6.07","200":"5.31"},"tiered_pricing_product_settings":{"layout":"default","base_unit_name":{"singular":null,"plural":null},"default_variation":null},"tiered_pricing_minimum_quantity":null,"tiered_pricing_roles_data":[],"tiered_pricing_percentage_rules":[],"_links":{"self":[{"href":"https:\/\/vapingnet.de\/lt\/wp-json\/wp\/v2\/product\/5535","targetHints":{"allow":["GET"]}}],"collection":[{"href":"https:\/\/vapingnet.de\/lt\/wp-json\/wp\/v2\/product"}],"about":[{"href":"https:\/\/vapingnet.de\/lt\/wp-json\/wp\/v2\/types\/product"}],"version-history":[{"count":1,"href":"https:\/\/vapingnet.de\/lt\/wp-json\/wp\/v2\/product\/5535\/revisions"}],"predecessor-version":[{"id":5537,"href":"https:\/\/vapingnet.de\/lt\/wp-json\/wp\/v2\/product\/5535\/revisions\/5537"}],"wp:featuredmedia":[{"embeddable":true,"href":"https:\/\/vapingnet.de\/lt\/wp-json\/wp\/v2\/media\/6845"}],"wp:attachment":[{"href":"https:\/\/vapingnet.de\/lt\/wp-json\/wp\/v2\/media?parent=5535"}],"wp:term":[{"taxonomy":"brand","embeddable":true,"href":"https:\/\/vapingnet.de\/lt\/wp-json\/wp\/v2\/etheme_brands?post=5535"},{"taxonomy":"product_brand","embeddable":true,"href":"https:\/\/vapingnet.de\/lt\/wp-json\/wp\/v2\/product_brand?post=5535"},{"taxonomy":"product_cat","embeddable":true,"href":"https:\/\/vapingnet.de\/lt\/wp-json\/wp\/v2\/product_cat?post=5535"},{"taxonomy":"product_tag","embeddable":true,"href":"https:\/\/vapingnet.de\/lt\/wp-json\/wp\/v2\/product_tag?post=5535"}],"curies":[{"name":"wp","href":"https:\/\/api.w.org\/{rel}","templated":true}]}}