{"id":5541,"date":"2025-03-17T10:03:40","date_gmt":"2025-03-17T10:03:40","guid":{"rendered":"https:\/\/vapingnet.de\/?post_type=product&#038;p=5541"},"modified":"2025-06-19T03:40:45","modified_gmt":"2025-06-19T03:40:45","slug":"zwei-fruechte-ein-geschmackserlebnis-bang-blaze-20000-puffs-blueberry-grape","status":"publish","type":"product","link":"https:\/\/vapingnet.de\/lt\/vape\/zwei-fruechte-ein-geschmackserlebnis-bang-blaze-20000-puffs-blueberry-grape\/","title":{"rendered":"Dvi vaisiai \u2013 vienas skonis Bang Blaze 20000 p\u016btim\u0173 M\u0117lyn\u0117 Vynuog\u0117"},"content":{"rendered":"<h2 data-start=\"0\" data-end=\"88\">Patirkite neprilygstam\u0105 gar\u0173 patirt\u012f \u2013 Bang Blaze 20000 R\u016bkymo Uog\u0173 M\u0117lyn\u0117s Vynuog\u0117s<\/h2>\n<p data-start=\"90\" data-end=\"500\">Jei ie\u0161kote vape \u012frenginio, kuris suteikt\u0173 ilgalaik\u012f malonum\u0105 be kompromis\u0173 d\u0117l skonio, tada tai yra <a href=\"https:\/\/vapingnet.de\/lt\/bang-blaze-20000-puffs\/\" target=\"_blank\" rel=\"noopener\"><strong>Bang Blaze 20000 P\u016bki\u0173 <\/strong><\/a>puikus pasirinkimas. Su \u012fsp\u016bdinga galia ir neatsiejamu m\u0117lyni\u0173 vynuogi\u0173 skoniu jis nukels jus \u012f visi\u0161kai nauj\u0105 skonio patirt\u012f! Pa\u017ei\u016br\u0117kime kartu, kokios unikalios \u0161io \u012frenginio privalumai!<\/p>\n<ul>\n<li data-start=\"502\" data-end=\"545\">Ilgaam\u017ei\u0161kas ir malonus kiekvieno \u012fkv\u0117pimo metu<br \/>\nBang Blaze 20000 Puffs yra su Dul Mesh Coil ir turi 1.0\u03a9 var\u017e\u0105, kuri u\u017etikrina \u0161veln\u0173 ir glotn\u0173 garavim\u0105. Nesvarbu, ar esate pradedantysis, ar patyr\u0119s garintojas, m\u0117gausit\u0117s tobulia garavimo patirtimi. Su iki <a href=\"https:\/\/vapingnet.de\/lt\/k\/vape-20000-zuege\/\" target=\"_blank\" rel=\"noopener\"><strong>20000 \u012fkv\u0117pim\u0173<\/strong><\/a> \u0161is \u012frenginys si\u016blo nepaprastai ilg\u0105 naudojimo laik\u0105, tod\u0117l nereik\u0117s da\u017enai keisti \u012frengini\u0173. Kiekvienas \u012fkv\u0117pimas yra stabilus ir turtingas skoniu, leid\u017eiantis m\u0117gautis garavimu pilna \u0161irdimi.<\/li>\n<li data-start=\"1084\" data-end=\"1129\">Patogus \u012fkrovimas j\u016bs\u0173 patogumui<br \/>\nBang Blaze 20000 Puffs turi 1000mAh akumuliatori\u0173, kuris gali b\u016bti greitai \u012fkrautas per USB-C jungt\u012f. Greitas \u012fkrovimas u\u017etikrina, kad visada tur\u0117site pakankamai energijos kitam \u012fkv\u0117pimui. Tod\u0117l nereik\u0117s jaudintis d\u0117l i\u0161sikrovusio akumuliatoriaus, nesvarbu, ar esate kelyje, ar kasdien\u0117je veikloje. Greitas \u012fkrovimas leid\u017eia greitai gr\u012f\u017eti prie garavimo ir u\u017etikrina skland\u0173 naudojim\u0105si.<\/li>\n<li data-start=\"1560\" data-end=\"1614\">M\u0117lyni\u0173 vynuogi\u0173 skonis, kuris jus vilioja<br \/>\nKitas i\u0161skirtinumas \u2013 unikalus skonis. M\u0117lyni\u0173 vynuogi\u0173 skonis sujungia nat\u016brali\u0105 saldum\u0105 ir lengv\u0105 r\u016bg\u0161tum\u0105 i\u0161 m\u0117lyni\u0173 ir vynuogi\u0173, sukurdami \u0161vie\u017ei\u0105, vaisi\u0161k\u0105 garavimo patirt\u012f. Kiekvienas \u012fkv\u0117pimas jau\u010diasi kaip \u0161vie\u017ei\u0173 vaisi\u0173 m\u0117gavimasis, kas daro garavim\u0105 tikru malonumu.<\/li>\n<li data-start=\"1940\" data-end=\"1979\">Nikotino kiekis kiekvienam poreikiui<br \/>\nKiekvienam skoniui ir pageidavimui Bang Blaze 20000 Puffs si\u016blo nikotino stiprumo pasirinkim\u0105: 0%, 2%, 3% ir 5%. Nesvarbu, ar m\u0117gstate \u0161veln\u0173 malonum\u0105 be nikotino, ar intensyvesn\u012f garavim\u0105, \u010dia rasite tinkam\u0105 variant\u0105. Atkreipkite d\u0117mes\u012f, kad 0% ir 3% nikotinas gali b\u016bti u\u017esakomas tik didesn\u0117mis kiekiais, kad gal\u0117tume u\u017etikrinti pristatym\u0105.<\/li>\n<li data-start=\"2379\" data-end=\"2420\">Lengvas ir kompakti\u0161kas kelionei<br \/>\nBang Blaze dizainas ne tik \u017eavi savo galia, bet ir i\u0161vaizda. Svoris tik 85g, tod\u0117l jis yra ypa\u010d lengvas ir lengvai ne\u0161iojamas bet kur. Plonas dizainas atitinka \u0161iuolaikinius estetinius reikalavimus ir leid\u017eia parodyti savo stili\u0173 net garuojant.<\/li>\n<li data-start=\"2767\" data-end=\"2814\">Be muit\u0173 mokes\u010di\u0173, greitas pristatymas<br \/>\nPerkant Bang Blaze 20000 Puffs, galite b\u016bti tikri,<strong><a href=\"https:\/\/vapingnet.de\/lt\/k\/f\/\" target=\"_blank\" rel=\"noopener\"> kad papildom\u0173<\/a> muit\u0173 mokes\u010di\u0173 nebus taikoma<\/strong>. Be to, pristatymo laikas tik 7-15 darbo dien\u0173, tod\u0117l greitai gal\u0117site m\u0117gautis \u0161iuo auk\u0161tos kokyb\u0117s vape produktu.<\/li>\n<\/ul>\n<h4 data-start=\"3052\" data-end=\"3103\">Neprilygstamas garinimas ant vapingnet.de<\/h4>\n<p data-start=\"3105\" data-end=\"3464\">Jei dar dvejojate, apsilankykite pas mus vapingnet.de! Mes si\u016blome tik geriausius Vape \u012frenginius, o Bang Blaze 20000 Puffs yra kruop\u0161\u010diai atrinktas auk\u0161\u010diausios kokyb\u0117s produktas. Nesvarbu, ar norite i\u0161bandyti naujus skonius, ar ie\u0161kote galingo, ilgaam\u017eio garinimo patirties, Bang Blaze patenkins j\u016bs\u0173 poreikius.<\/p>\n<p data-start=\"3466\" data-end=\"3558\" data-is-last-node=\"\" data-is-only-node=\"\">Dabar i\u0161bandykite galutin\u012f skon\u012f ir m\u0117gaukit\u0117s kiekvienu \u0161io i\u0161skirtinio vape \u012fkv\u0117pimu!<\/p>","protected":false},"excerpt":{"rendered":"<p>Erlebe ein unvergleichliches Dampferlebnis \u2013 Bang Blaze 20000 Puffs Blueberry Grape Wenn du auf der Suche nach einem Vape-Ger\u00e4t bist, das dir langanhaltenden Genuss bietet,&#8230;<\/p>","protected":false},"featured_media":6843,"template":"","meta":[],"etheme_brands":[],"product_brand":[101],"product_cat":[54,49,61],"product_tag":[],"class_list":{"0":"post-5541","1":"product","2":"type-product","3":"status-publish","4":"has-post-thumbnail","6":"product_brand-bang-king-vape","7":"product_cat-vape-20000-zuege","8":"product_cat-einweg-e-zigarette","9":"product_cat-f","11":"first","12":"instock","13":"shipping-taxable","14":"purchasable","15":"product-type-simple"},"yoast_head":"<!-- This site is optimized with the Yoast SEO plugin v26.5 - https:\/\/yoast.com\/wordpress\/plugins\/seo\/ -->\n<title>Zwei Fr\u00fcchte ein Geschmackserlebnis Bang Blaze 20000 Puffs Blueberry Grape | Vapingnet.de<\/title>\n<meta name=\"description\" content=\"Entdecke Zwei Fr\u00fcchte ein Geschmackserlebnis Bang Blaze 20000 Puffs Blueberry Grape bei vapingnet.de, \u25ba Gro\u00dfe Auswahl an Geschmacksrichtungen &amp; super g\u00fcnstig!\" \/>\n<meta name=\"robots\" content=\"index, follow, max-snippet:-1, max-image-preview:large, max-video-preview:-1\" \/>\n<link rel=\"canonical\" href=\"https:\/\/vapingnet.de\/lt\/vape\/zwei-fruechte-ein-geschmackserlebnis-bang-blaze-20000-puffs-blueberry-grape\/\" \/>\n<meta property=\"og:locale\" content=\"lt_LT\" \/>\n<meta property=\"og:type\" content=\"article\" \/>\n<meta property=\"og:title\" content=\"Zwei Fr\u00fcchte ein Geschmackserlebnis Bang Blaze 20000 Puffs Blueberry Grape | Vapingnet.de\" \/>\n<meta property=\"og:description\" content=\"Entdecke Zwei Fr\u00fcchte ein Geschmackserlebnis Bang Blaze 20000 Puffs Blueberry Grape bei vapingnet.de, \u25ba Gro\u00dfe Auswahl an Geschmacksrichtungen &amp; super g\u00fcnstig!\" \/>\n<meta property=\"og:url\" content=\"https:\/\/vapingnet.de\/lt\/vape\/zwei-fruechte-ein-geschmackserlebnis-bang-blaze-20000-puffs-blueberry-grape\/\" \/>\n<meta property=\"og:site_name\" content=\"Vapingnet.de\" \/>\n<meta property=\"article:publisher\" content=\"https:\/\/www.facebook.com\/vapingnetde\/\" \/>\n<meta property=\"article:modified_time\" content=\"2025-06-19T03:40:45+00:00\" \/>\n<meta property=\"og:image\" content=\"https:\/\/vapingnet.de\/wp-content\/uploads\/2025\/03\/bang-blueberry-grape.png\" \/>\n\t<meta property=\"og:image:width\" content=\"1000\" \/>\n\t<meta property=\"og:image:height\" content=\"1000\" \/>\n\t<meta property=\"og:image:type\" content=\"image\/png\" \/>\n<meta name=\"twitter:card\" content=\"summary_large_image\" \/>\n<meta name=\"twitter:label1\" content=\"Est. reading time\" \/>\n\t<meta name=\"twitter:data1\" content=\"4 minutes\" \/>\n<script type=\"application\/ld+json\" class=\"yoast-schema-graph\">{\"@context\":\"https:\/\/schema.org\",\"@graph\":[{\"@type\":\"WebPage\",\"@id\":\"https:\/\/vapingnet.de\/vape\/zwei-fruechte-ein-geschmackserlebnis-bang-blaze-20000-puffs-blueberry-grape\/\",\"url\":\"https:\/\/vapingnet.de\/vape\/zwei-fruechte-ein-geschmackserlebnis-bang-blaze-20000-puffs-blueberry-grape\/\",\"name\":\"Zwei Fr\u00fcchte ein Geschmackserlebnis Bang Blaze 20000 Puffs Blueberry Grape | Vapingnet.de\",\"isPartOf\":{\"@id\":\"https:\/\/vapingnet.de\/#website\"},\"primaryImageOfPage\":{\"@id\":\"https:\/\/vapingnet.de\/vape\/zwei-fruechte-ein-geschmackserlebnis-bang-blaze-20000-puffs-blueberry-grape\/#primaryimage\"},\"image\":{\"@id\":\"https:\/\/vapingnet.de\/vape\/zwei-fruechte-ein-geschmackserlebnis-bang-blaze-20000-puffs-blueberry-grape\/#primaryimage\"},\"thumbnailUrl\":\"https:\/\/vapingnet.de\/wp-content\/uploads\/2025\/03\/bang-blueberry-grape.png\",\"datePublished\":\"2025-03-17T10:03:40+00:00\",\"dateModified\":\"2025-06-19T03:40:45+00:00\",\"description\":\"Entdecke Zwei Fr\u00fcchte ein Geschmackserlebnis Bang Blaze 20000 Puffs Blueberry Grape bei vapingnet.de, \u25ba Gro\u00dfe Auswahl an Geschmacksrichtungen & super g\u00fcnstig!\",\"breadcrumb\":{\"@id\":\"https:\/\/vapingnet.de\/vape\/zwei-fruechte-ein-geschmackserlebnis-bang-blaze-20000-puffs-blueberry-grape\/#breadcrumb\"},\"inLanguage\":\"lt-LT\",\"potentialAction\":[{\"@type\":\"ReadAction\",\"target\":[\"https:\/\/vapingnet.de\/vape\/zwei-fruechte-ein-geschmackserlebnis-bang-blaze-20000-puffs-blueberry-grape\/\"]}]},{\"@type\":\"ImageObject\",\"inLanguage\":\"lt-LT\",\"@id\":\"https:\/\/vapingnet.de\/vape\/zwei-fruechte-ein-geschmackserlebnis-bang-blaze-20000-puffs-blueberry-grape\/#primaryimage\",\"url\":\"https:\/\/vapingnet.de\/wp-content\/uploads\/2025\/03\/bang-blueberry-grape.png\",\"contentUrl\":\"https:\/\/vapingnet.de\/wp-content\/uploads\/2025\/03\/bang-blueberry-grape.png\",\"width\":1000,\"height\":1000},{\"@type\":\"BreadcrumbList\",\"@id\":\"https:\/\/vapingnet.de\/vape\/zwei-fruechte-ein-geschmackserlebnis-bang-blaze-20000-puffs-blueberry-grape\/#breadcrumb\",\"itemListElement\":[{\"@type\":\"ListItem\",\"position\":1,\"name\":\"Home\",\"item\":\"https:\/\/vapingnet.de\/\"},{\"@type\":\"ListItem\",\"position\":2,\"name\":\"Shop\",\"item\":\"https:\/\/vapingnet.de\/vape\/\"},{\"@type\":\"ListItem\",\"position\":3,\"name\":\"Zwei Fr\u00fcchte ein Geschmackserlebnis Bang Blaze 20000 Puffs Blueberry Grape\"}]},{\"@type\":\"WebSite\",\"@id\":\"https:\/\/vapingnet.de\/#website\",\"url\":\"https:\/\/vapingnet.de\/\",\"name\":\"Vapingnet.de\",\"description\":\"\",\"publisher\":{\"@id\":\"https:\/\/vapingnet.de\/#organization\"},\"potentialAction\":[{\"@type\":\"SearchAction\",\"target\":{\"@type\":\"EntryPoint\",\"urlTemplate\":\"https:\/\/vapingnet.de\/?s={search_term_string}\"},\"query-input\":{\"@type\":\"PropertyValueSpecification\",\"valueRequired\":true,\"valueName\":\"search_term_string\"}}],\"inLanguage\":\"lt-LT\"},{\"@type\":\"Organization\",\"@id\":\"https:\/\/vapingnet.de\/#organization\",\"name\":\"Vapingnet.de\",\"url\":\"https:\/\/vapingnet.de\/\",\"logo\":{\"@type\":\"ImageObject\",\"inLanguage\":\"lt-LT\",\"@id\":\"https:\/\/vapingnet.de\/#\/schema\/logo\/image\/\",\"url\":\"https:\/\/vapingnet.de\/wp-content\/uploads\/2025\/03\/cropped-vapingnet.de_.jpg\",\"contentUrl\":\"https:\/\/vapingnet.de\/wp-content\/uploads\/2025\/03\/cropped-vapingnet.de_.jpg\",\"width\":512,\"height\":512,\"caption\":\"Vapingnet.de\"},\"image\":{\"@id\":\"https:\/\/vapingnet.de\/#\/schema\/logo\/image\/\"},\"sameAs\":[\"https:\/\/www.facebook.com\/vapingnetde\/\"]}]}<\/script>\n<!-- \/ Yoast SEO plugin. -->","yoast_head_json":{"title":"Zwei Fr\u00fcchte ein Geschmackserlebnis Bang Blaze 20000 Puffs Blueberry Grape | Vapingnet.de","description":"Entdecke Zwei Fr\u00fcchte ein Geschmackserlebnis Bang Blaze 20000 Puffs Blueberry Grape bei vapingnet.de, \u25ba Gro\u00dfe Auswahl an Geschmacksrichtungen & super g\u00fcnstig!","robots":{"index":"index","follow":"follow","max-snippet":"max-snippet:-1","max-image-preview":"max-image-preview:large","max-video-preview":"max-video-preview:-1"},"canonical":"https:\/\/vapingnet.de\/lt\/vape\/zwei-fruechte-ein-geschmackserlebnis-bang-blaze-20000-puffs-blueberry-grape\/","og_locale":"lt_LT","og_type":"article","og_title":"Zwei Fr\u00fcchte ein Geschmackserlebnis Bang Blaze 20000 Puffs Blueberry Grape | Vapingnet.de","og_description":"Entdecke Zwei Fr\u00fcchte ein Geschmackserlebnis Bang Blaze 20000 Puffs Blueberry Grape bei vapingnet.de, \u25ba Gro\u00dfe Auswahl an Geschmacksrichtungen & super g\u00fcnstig!","og_url":"https:\/\/vapingnet.de\/lt\/vape\/zwei-fruechte-ein-geschmackserlebnis-bang-blaze-20000-puffs-blueberry-grape\/","og_site_name":"Vapingnet.de","article_publisher":"https:\/\/www.facebook.com\/vapingnetde\/","article_modified_time":"2025-06-19T03:40:45+00:00","og_image":[{"width":1000,"height":1000,"url":"https:\/\/vapingnet.de\/wp-content\/uploads\/2025\/03\/bang-blueberry-grape.png","type":"image\/png"}],"twitter_card":"summary_large_image","twitter_misc":{"Est. reading time":"4 minutes"},"schema":{"@context":"https:\/\/schema.org","@graph":[{"@type":"WebPage","@id":"https:\/\/vapingnet.de\/vape\/zwei-fruechte-ein-geschmackserlebnis-bang-blaze-20000-puffs-blueberry-grape\/","url":"https:\/\/vapingnet.de\/vape\/zwei-fruechte-ein-geschmackserlebnis-bang-blaze-20000-puffs-blueberry-grape\/","name":"Zwei Fr\u00fcchte ein Geschmackserlebnis Bang Blaze 20000 Puffs Blueberry Grape | Vapingnet.de","isPartOf":{"@id":"https:\/\/vapingnet.de\/#website"},"primaryImageOfPage":{"@id":"https:\/\/vapingnet.de\/vape\/zwei-fruechte-ein-geschmackserlebnis-bang-blaze-20000-puffs-blueberry-grape\/#primaryimage"},"image":{"@id":"https:\/\/vapingnet.de\/vape\/zwei-fruechte-ein-geschmackserlebnis-bang-blaze-20000-puffs-blueberry-grape\/#primaryimage"},"thumbnailUrl":"https:\/\/vapingnet.de\/wp-content\/uploads\/2025\/03\/bang-blueberry-grape.png","datePublished":"2025-03-17T10:03:40+00:00","dateModified":"2025-06-19T03:40:45+00:00","description":"Entdecke Zwei Fr\u00fcchte ein Geschmackserlebnis Bang Blaze 20000 Puffs Blueberry Grape bei vapingnet.de, \u25ba Gro\u00dfe Auswahl an Geschmacksrichtungen & super g\u00fcnstig!","breadcrumb":{"@id":"https:\/\/vapingnet.de\/vape\/zwei-fruechte-ein-geschmackserlebnis-bang-blaze-20000-puffs-blueberry-grape\/#breadcrumb"},"inLanguage":"lt-LT","potentialAction":[{"@type":"ReadAction","target":["https:\/\/vapingnet.de\/vape\/zwei-fruechte-ein-geschmackserlebnis-bang-blaze-20000-puffs-blueberry-grape\/"]}]},{"@type":"ImageObject","inLanguage":"lt-LT","@id":"https:\/\/vapingnet.de\/vape\/zwei-fruechte-ein-geschmackserlebnis-bang-blaze-20000-puffs-blueberry-grape\/#primaryimage","url":"https:\/\/vapingnet.de\/wp-content\/uploads\/2025\/03\/bang-blueberry-grape.png","contentUrl":"https:\/\/vapingnet.de\/wp-content\/uploads\/2025\/03\/bang-blueberry-grape.png","width":1000,"height":1000},{"@type":"BreadcrumbList","@id":"https:\/\/vapingnet.de\/vape\/zwei-fruechte-ein-geschmackserlebnis-bang-blaze-20000-puffs-blueberry-grape\/#breadcrumb","itemListElement":[{"@type":"ListItem","position":1,"name":"Home","item":"https:\/\/vapingnet.de\/"},{"@type":"ListItem","position":2,"name":"Shop","item":"https:\/\/vapingnet.de\/vape\/"},{"@type":"ListItem","position":3,"name":"Zwei Fr\u00fcchte ein Geschmackserlebnis Bang Blaze 20000 Puffs Blueberry Grape"}]},{"@type":"WebSite","@id":"https:\/\/vapingnet.de\/#website","url":"https:\/\/vapingnet.de\/","name":"Vapingnet.de","description":"","publisher":{"@id":"https:\/\/vapingnet.de\/#organization"},"potentialAction":[{"@type":"SearchAction","target":{"@type":"EntryPoint","urlTemplate":"https:\/\/vapingnet.de\/?s={search_term_string}"},"query-input":{"@type":"PropertyValueSpecification","valueRequired":true,"valueName":"search_term_string"}}],"inLanguage":"lt-LT"},{"@type":"Organization","@id":"https:\/\/vapingnet.de\/#organization","name":"Vapingnet.de","url":"https:\/\/vapingnet.de\/","logo":{"@type":"ImageObject","inLanguage":"lt-LT","@id":"https:\/\/vapingnet.de\/#\/schema\/logo\/image\/","url":"https:\/\/vapingnet.de\/wp-content\/uploads\/2025\/03\/cropped-vapingnet.de_.jpg","contentUrl":"https:\/\/vapingnet.de\/wp-content\/uploads\/2025\/03\/cropped-vapingnet.de_.jpg","width":512,"height":512,"caption":"Vapingnet.de"},"image":{"@id":"https:\/\/vapingnet.de\/#\/schema\/logo\/image\/"},"sameAs":["https:\/\/www.facebook.com\/vapingnetde\/"]}]}},"tiered_pricing_type":"fixed","tiered_pricing_fixed_rules":{"10":"7.59","60":"6.83","110":"6.07","200":"5.31"},"tiered_pricing_product_settings":{"layout":"default","base_unit_name":{"singular":null,"plural":null},"default_variation":null},"tiered_pricing_minimum_quantity":null,"tiered_pricing_roles_data":[],"tiered_pricing_percentage_rules":[],"_links":{"self":[{"href":"https:\/\/vapingnet.de\/lt\/wp-json\/wp\/v2\/product\/5541","targetHints":{"allow":["GET"]}}],"collection":[{"href":"https:\/\/vapingnet.de\/lt\/wp-json\/wp\/v2\/product"}],"about":[{"href":"https:\/\/vapingnet.de\/lt\/wp-json\/wp\/v2\/types\/product"}],"version-history":[{"count":1,"href":"https:\/\/vapingnet.de\/lt\/wp-json\/wp\/v2\/product\/5541\/revisions"}],"predecessor-version":[{"id":5543,"href":"https:\/\/vapingnet.de\/lt\/wp-json\/wp\/v2\/product\/5541\/revisions\/5543"}],"wp:featuredmedia":[{"embeddable":true,"href":"https:\/\/vapingnet.de\/lt\/wp-json\/wp\/v2\/media\/6843"}],"wp:attachment":[{"href":"https:\/\/vapingnet.de\/lt\/wp-json\/wp\/v2\/media?parent=5541"}],"wp:term":[{"taxonomy":"brand","embeddable":true,"href":"https:\/\/vapingnet.de\/lt\/wp-json\/wp\/v2\/etheme_brands?post=5541"},{"taxonomy":"product_brand","embeddable":true,"href":"https:\/\/vapingnet.de\/lt\/wp-json\/wp\/v2\/product_brand?post=5541"},{"taxonomy":"product_cat","embeddable":true,"href":"https:\/\/vapingnet.de\/lt\/wp-json\/wp\/v2\/product_cat?post=5541"},{"taxonomy":"product_tag","embeddable":true,"href":"https:\/\/vapingnet.de\/lt\/wp-json\/wp\/v2\/product_tag?post=5541"}],"curies":[{"name":"wp","href":"https:\/\/api.w.org\/{rel}","templated":true}]}}