{"id":5574,"date":"2025-12-13T02:34:37","date_gmt":"2025-12-13T02:34:37","guid":{"rendered":"https:\/\/vapingnet.de\/?post_type=product&#038;p=5574"},"modified":"2026-01-28T08:37:47","modified_gmt":"2026-01-28T08:37:47","slug":"maximaler-dampfspass-bang-tornado-40000-puffs-blueberry-raspberry","status":"publish","type":"product","link":"https:\/\/vapingnet.de\/lt\/vape\/maximaler-dampfspass-bang-tornado-40000-puffs-blueberry-raspberry\/","title":{"rendered":"Maksimalus garo malonumas Bang Tornado 40000 Puffs Blueberry Raspberry"},"content":{"rendered":"<h2 data-path-to-node=\"3\">Bang Tornado 40000 Puffs: Nauja garinimo dimensija<\/h2>\n<p data-path-to-node=\"4\">Bang Tornado 40000 Puffs nustato naujus standartus vienkartin\u0117ms elektronin\u0117ms cigaret\u0117ms. Jei ie\u0161kote \u012frenginio, kuris sujungia itin ilg\u0105 tarnavimo laik\u0105 su intensyviu skonio i\u0161siskyrimu, \u010dia rasite optimal\u0173 sprendim\u0105. \u0160is modelis buvo specialiai sukurtas garintojams, kurie vertina kokyb\u0119, komfort\u0105 ir technin\u0119 inovacij\u0105, nesileisdami \u012f kompromisus d\u0117l patogumo.<\/p>\n<h3 data-path-to-node=\"5\">Kod\u0117l Bang Tornado 40000 Puffs \u012ftikina<\/h3>\n<p data-path-to-node=\"6\">\u0160i elektronin\u0117 cigaret\u0117 ai\u0161kiai i\u0161siskiria i\u0161 \u012fprast\u0173 modeli\u0173. Ji sujungia ne\u012fprast\u0105 talp\u0105 su pa\u017eangia coil technologija, u\u017etikrinan\u010dia nuolatin\u012f auk\u0161tos kokyb\u0117s garavimo patirt\u012f.<\/p>\n<ul>\n<li data-path-to-node=\"7\">Maksimali i\u0161tverm\u0117: 40 000 \u012fkv\u0117pim\u0173<br \/>\nBang Tornado perkuria ilgaam\u017ei\u0161kum\u0105. Su talpa iki 40 000 \u012fkv\u0117pim\u0173, \u0161is \u012frenginys yra skirtas ilgalaikiam naudojimui. Tai daro j\u012f idealiu palydovu kasdieniam naudojimui ar ilgesn\u0117ms kelion\u0117ms, nes nereikia nuolat pirkti nauj\u0173 \u012frengini\u0173. J\u016bs gaunate patikim\u0105 veikim\u0105 ilgam laikui.<\/li>\n<li data-path-to-node=\"9\">40ML bako t\u016bris nuolatiniam malonumui<br \/>\nDa\u017enas kritikas standartiniuose vapes yra greitas skys\u010dio sunaudojimas. Bang Tornado tai i\u0161sprend\u017eia su dideliu 40ML baku. \u0160is didelis t\u016bris \u017eymiai suma\u017eina pertraukim\u0173 poreik\u012f ir garantuoja, kad j\u016bs\u0173 garinimo patirtis truks tiek ilgai, kiek norite.<\/li>\n<li data-path-to-node=\"11\">Trigubos tinklin\u0117s coil technologijos intensyviam aromatui<br \/>\nSkoniui svarbi yra naudojama technologija. Bang Tornado naudoja inovatyvi\u0105 trigub\u0105 tinklin\u0117s coil sistem\u0105. D\u0117l padid\u0117jusios \u0161ildymo pavir\u0161iaus plotas skystis yra tolygiau ir efektyviau garinamas. Rezultatas \u2013 tankesnis garas ir ai\u0161kesnis, intensyvesnis skonio profilis kiekvieno \u012fkv\u0117pimo metu \u2013 nesvarbu, ar tai vaisi\u0173, ar klasikini\u0173 aromat\u0173.<\/li>\n<li data-path-to-node=\"13\">Individuali kontrol\u0117 su reguliuojama galia<br \/>\nSkoniai skiriasi, ir Bang Tornado tai atsi\u017evelgia. D\u0117l reguliuojamos galios galite tiksliai pritaikyti garo kiek\u012f ir intensyvum\u0105 pagal savo asmeninius pageidavimus. Nesvarbu, ar tai \u0161velnus \u012fkv\u0117pimas, ar stipri garo gamyba \u2013 j\u016bs valdote savo garinimo patirt\u012f.<\/li>\n<li data-path-to-node=\"15\">Galingas 850mAh akumuliatorius ir tvirtas dizainas<br \/>\nKad didelis skys\u010dio kiekis b\u016bt\u0173 naudojamas, \u012fmontuotas patikimas 850mAh akumuliatorius, kuris patikimai palaiko vis\u0105 dien\u0105. Korpusas \u201eMini Oil Barrel\u201c dizaino ne tik yra esteti\u0161kas akcentas, bet ir ergonomi\u0161kai patogus rankai. Jis sujungia stiling\u0105 estetik\u0105 su prakti\u0161ka tvirtumu.<\/li>\n<\/ul>\n<h4 data-path-to-node=\"19\">\u00a0Efektyvumas ir skonis viename<\/h4>\n<p data-path-to-node=\"20\">Bang Tornado 40000 Puffs yra tinkamas pasirinkimas visiems, kurie atsibodo trumpalaikiai vienkartiniai produktai. D\u0117l didelio 40ML bako, tikslios trigubos tinklin\u0117s technologijos ir tvirto konstrukcijos jis si\u016blo pirmos klas\u0117s kainos ir kokyb\u0117s santyk\u012f bei auk\u0161\u010diausios klas\u0117s garinimo patirt\u012f.<\/p>\n<p data-path-to-node=\"21\">Patirkite skirtum\u0105. Apsilankykite m\u016bs\u0173 parduotuv\u0117je dabar, kad u\u017esisakyti Bang Tornado 40000 Puffs ir pakelti savo garinimo patirt\u012f \u012f kit\u0105 lyg\u012f.<\/p>","protected":false},"excerpt":{"rendered":"<p>Bang Tornado 40000 Puffs: Naujas garavimo dimensija. Bang Tornado 40000 Puffs nustato naujus standartus vienkartini\u0173 elektronini\u0173 cigare\u010di\u0173 srityje. Jei ie\u0161kote...<\/p>","protected":false},"featured_media":5351,"template":"","meta":[],"etheme_brands":[],"product_brand":[101],"product_cat":[65,49,61],"product_tag":[],"class_list":{"0":"post-5574","1":"product","2":"type-product","3":"status-publish","4":"has-post-thumbnail","6":"product_brand-bang-king-vape","7":"product_cat-vape-40000-zuege","8":"product_cat-einweg-e-zigarette","9":"product_cat-f","11":"first","12":"instock","13":"shipping-taxable","14":"purchasable","15":"product-type-simple"},"yoast_head":"<!-- This site is optimized with the Yoast SEO plugin v26.5 - https:\/\/yoast.com\/wordpress\/plugins\/seo\/ -->\n<title>Maximaler Dampfspa\u00df Bang Tornado 40000 Puffs Blueberry Raspberry | Vapingnet.de<\/title>\n<meta name=\"description\" content=\"Entdecke Maximaler Dampfspa\u00df Bang Tornado 40000 Puffs Blueberry Raspberry bei vapingnet.de, \u25ba Gro\u00dfe Auswahl an Geschmacksrichtungen &amp; super g\u00fcnstig!\" \/>\n<meta name=\"robots\" content=\"index, follow, max-snippet:-1, max-image-preview:large, max-video-preview:-1\" \/>\n<link rel=\"canonical\" href=\"https:\/\/vapingnet.de\/lt\/vape\/maximaler-dampfspass-bang-tornado-40000-puffs-blueberry-raspberry\/\" \/>\n<meta property=\"og:locale\" content=\"lt_LT\" \/>\n<meta property=\"og:type\" content=\"article\" \/>\n<meta property=\"og:title\" content=\"Maximaler Dampfspa\u00df Bang Tornado 40000 Puffs Blueberry Raspberry | Vapingnet.de\" \/>\n<meta property=\"og:description\" content=\"Entdecke Maximaler Dampfspa\u00df Bang Tornado 40000 Puffs Blueberry Raspberry bei vapingnet.de, \u25ba Gro\u00dfe Auswahl an Geschmacksrichtungen &amp; super g\u00fcnstig!\" \/>\n<meta property=\"og:url\" content=\"https:\/\/vapingnet.de\/lt\/vape\/maximaler-dampfspass-bang-tornado-40000-puffs-blueberry-raspberry\/\" \/>\n<meta property=\"og:site_name\" content=\"Vapingnet.de\" \/>\n<meta property=\"article:publisher\" content=\"https:\/\/www.facebook.com\/vapingnetde\/\" \/>\n<meta property=\"article:modified_time\" content=\"2026-01-28T08:37:47+00:00\" \/>\n<meta property=\"og:image\" content=\"https:\/\/vapingnet.de\/wp-content\/uploads\/2025\/03\/bang-40k-puffs-blueberry-raspberry.png\" \/>\n\t<meta property=\"og:image:width\" content=\"1000\" \/>\n\t<meta property=\"og:image:height\" content=\"1000\" \/>\n\t<meta property=\"og:image:type\" content=\"image\/png\" \/>\n<meta name=\"twitter:card\" content=\"summary_large_image\" \/>\n<meta name=\"twitter:label1\" content=\"Est. reading time\" \/>\n\t<meta name=\"twitter:data1\" content=\"3 minutes\" \/>\n<script type=\"application\/ld+json\" class=\"yoast-schema-graph\">{\"@context\":\"https:\/\/schema.org\",\"@graph\":[{\"@type\":\"WebPage\",\"@id\":\"https:\/\/vapingnet.de\/vape\/maximaler-dampfspass-bang-tornado-40000-puffs-blueberry-raspberry\/\",\"url\":\"https:\/\/vapingnet.de\/vape\/maximaler-dampfspass-bang-tornado-40000-puffs-blueberry-raspberry\/\",\"name\":\"Maximaler Dampfspa\u00df Bang Tornado 40000 Puffs Blueberry Raspberry | Vapingnet.de\",\"isPartOf\":{\"@id\":\"https:\/\/vapingnet.de\/#website\"},\"primaryImageOfPage\":{\"@id\":\"https:\/\/vapingnet.de\/vape\/maximaler-dampfspass-bang-tornado-40000-puffs-blueberry-raspberry\/#primaryimage\"},\"image\":{\"@id\":\"https:\/\/vapingnet.de\/vape\/maximaler-dampfspass-bang-tornado-40000-puffs-blueberry-raspberry\/#primaryimage\"},\"thumbnailUrl\":\"https:\/\/vapingnet.de\/wp-content\/uploads\/2025\/03\/bang-40k-puffs-blueberry-raspberry.png\",\"datePublished\":\"2025-12-13T02:34:37+00:00\",\"dateModified\":\"2026-01-28T08:37:47+00:00\",\"description\":\"Entdecke Maximaler Dampfspa\u00df Bang Tornado 40000 Puffs Blueberry Raspberry bei vapingnet.de, \u25ba Gro\u00dfe Auswahl an Geschmacksrichtungen & super g\u00fcnstig!\",\"breadcrumb\":{\"@id\":\"https:\/\/vapingnet.de\/vape\/maximaler-dampfspass-bang-tornado-40000-puffs-blueberry-raspberry\/#breadcrumb\"},\"inLanguage\":\"lt-LT\",\"potentialAction\":[{\"@type\":\"ReadAction\",\"target\":[\"https:\/\/vapingnet.de\/vape\/maximaler-dampfspass-bang-tornado-40000-puffs-blueberry-raspberry\/\"]}]},{\"@type\":\"ImageObject\",\"inLanguage\":\"lt-LT\",\"@id\":\"https:\/\/vapingnet.de\/vape\/maximaler-dampfspass-bang-tornado-40000-puffs-blueberry-raspberry\/#primaryimage\",\"url\":\"https:\/\/vapingnet.de\/wp-content\/uploads\/2025\/03\/bang-40k-puffs-blueberry-raspberry.png\",\"contentUrl\":\"https:\/\/vapingnet.de\/wp-content\/uploads\/2025\/03\/bang-40k-puffs-blueberry-raspberry.png\",\"width\":1000,\"height\":1000,\"caption\":\"bang 40k puffs-blueberry-raspberry\"},{\"@type\":\"BreadcrumbList\",\"@id\":\"https:\/\/vapingnet.de\/vape\/maximaler-dampfspass-bang-tornado-40000-puffs-blueberry-raspberry\/#breadcrumb\",\"itemListElement\":[{\"@type\":\"ListItem\",\"position\":1,\"name\":\"Home\",\"item\":\"https:\/\/vapingnet.de\/\"},{\"@type\":\"ListItem\",\"position\":2,\"name\":\"Shop\",\"item\":\"https:\/\/vapingnet.de\/vape\/\"},{\"@type\":\"ListItem\",\"position\":3,\"name\":\"Maximaler Dampfspa\u00df Bang Tornado 40000 Puffs Blueberry Raspberry\"}]},{\"@type\":\"WebSite\",\"@id\":\"https:\/\/vapingnet.de\/#website\",\"url\":\"https:\/\/vapingnet.de\/\",\"name\":\"Vapingnet.de\",\"description\":\"\",\"publisher\":{\"@id\":\"https:\/\/vapingnet.de\/#organization\"},\"potentialAction\":[{\"@type\":\"SearchAction\",\"target\":{\"@type\":\"EntryPoint\",\"urlTemplate\":\"https:\/\/vapingnet.de\/?s={search_term_string}\"},\"query-input\":{\"@type\":\"PropertyValueSpecification\",\"valueRequired\":true,\"valueName\":\"search_term_string\"}}],\"inLanguage\":\"lt-LT\"},{\"@type\":\"Organization\",\"@id\":\"https:\/\/vapingnet.de\/#organization\",\"name\":\"Vapingnet.de\",\"url\":\"https:\/\/vapingnet.de\/\",\"logo\":{\"@type\":\"ImageObject\",\"inLanguage\":\"lt-LT\",\"@id\":\"https:\/\/vapingnet.de\/#\/schema\/logo\/image\/\",\"url\":\"https:\/\/vapingnet.de\/wp-content\/uploads\/2025\/03\/cropped-vapingnet.de_.jpg\",\"contentUrl\":\"https:\/\/vapingnet.de\/wp-content\/uploads\/2025\/03\/cropped-vapingnet.de_.jpg\",\"width\":512,\"height\":512,\"caption\":\"Vapingnet.de\"},\"image\":{\"@id\":\"https:\/\/vapingnet.de\/#\/schema\/logo\/image\/\"},\"sameAs\":[\"https:\/\/www.facebook.com\/vapingnetde\/\"]}]}<\/script>\n<!-- \/ Yoast SEO plugin. -->","yoast_head_json":{"title":"Maximaler Dampfspa\u00df Bang Tornado 40000 Puffs Blueberry Raspberry | Vapingnet.de","description":"Entdecke Maximaler Dampfspa\u00df Bang Tornado 40000 Puffs Blueberry Raspberry bei vapingnet.de, \u25ba Gro\u00dfe Auswahl an Geschmacksrichtungen & super g\u00fcnstig!","robots":{"index":"index","follow":"follow","max-snippet":"max-snippet:-1","max-image-preview":"max-image-preview:large","max-video-preview":"max-video-preview:-1"},"canonical":"https:\/\/vapingnet.de\/lt\/vape\/maximaler-dampfspass-bang-tornado-40000-puffs-blueberry-raspberry\/","og_locale":"lt_LT","og_type":"article","og_title":"Maximaler Dampfspa\u00df Bang Tornado 40000 Puffs Blueberry Raspberry | Vapingnet.de","og_description":"Entdecke Maximaler Dampfspa\u00df Bang Tornado 40000 Puffs Blueberry Raspberry bei vapingnet.de, \u25ba Gro\u00dfe Auswahl an Geschmacksrichtungen & super g\u00fcnstig!","og_url":"https:\/\/vapingnet.de\/lt\/vape\/maximaler-dampfspass-bang-tornado-40000-puffs-blueberry-raspberry\/","og_site_name":"Vapingnet.de","article_publisher":"https:\/\/www.facebook.com\/vapingnetde\/","article_modified_time":"2026-01-28T08:37:47+00:00","og_image":[{"width":1000,"height":1000,"url":"https:\/\/vapingnet.de\/wp-content\/uploads\/2025\/03\/bang-40k-puffs-blueberry-raspberry.png","type":"image\/png"}],"twitter_card":"summary_large_image","twitter_misc":{"Est. reading time":"3 minutes"},"schema":{"@context":"https:\/\/schema.org","@graph":[{"@type":"WebPage","@id":"https:\/\/vapingnet.de\/vape\/maximaler-dampfspass-bang-tornado-40000-puffs-blueberry-raspberry\/","url":"https:\/\/vapingnet.de\/vape\/maximaler-dampfspass-bang-tornado-40000-puffs-blueberry-raspberry\/","name":"Maximaler Dampfspa\u00df Bang Tornado 40000 Puffs Blueberry Raspberry | Vapingnet.de","isPartOf":{"@id":"https:\/\/vapingnet.de\/#website"},"primaryImageOfPage":{"@id":"https:\/\/vapingnet.de\/vape\/maximaler-dampfspass-bang-tornado-40000-puffs-blueberry-raspberry\/#primaryimage"},"image":{"@id":"https:\/\/vapingnet.de\/vape\/maximaler-dampfspass-bang-tornado-40000-puffs-blueberry-raspberry\/#primaryimage"},"thumbnailUrl":"https:\/\/vapingnet.de\/wp-content\/uploads\/2025\/03\/bang-40k-puffs-blueberry-raspberry.png","datePublished":"2025-12-13T02:34:37+00:00","dateModified":"2026-01-28T08:37:47+00:00","description":"Entdecke Maximaler Dampfspa\u00df Bang Tornado 40000 Puffs Blueberry Raspberry bei vapingnet.de, \u25ba Gro\u00dfe Auswahl an Geschmacksrichtungen & super g\u00fcnstig!","breadcrumb":{"@id":"https:\/\/vapingnet.de\/vape\/maximaler-dampfspass-bang-tornado-40000-puffs-blueberry-raspberry\/#breadcrumb"},"inLanguage":"lt-LT","potentialAction":[{"@type":"ReadAction","target":["https:\/\/vapingnet.de\/vape\/maximaler-dampfspass-bang-tornado-40000-puffs-blueberry-raspberry\/"]}]},{"@type":"ImageObject","inLanguage":"lt-LT","@id":"https:\/\/vapingnet.de\/vape\/maximaler-dampfspass-bang-tornado-40000-puffs-blueberry-raspberry\/#primaryimage","url":"https:\/\/vapingnet.de\/wp-content\/uploads\/2025\/03\/bang-40k-puffs-blueberry-raspberry.png","contentUrl":"https:\/\/vapingnet.de\/wp-content\/uploads\/2025\/03\/bang-40k-puffs-blueberry-raspberry.png","width":1000,"height":1000,"caption":"bang 40k puffs-blueberry-raspberry"},{"@type":"BreadcrumbList","@id":"https:\/\/vapingnet.de\/vape\/maximaler-dampfspass-bang-tornado-40000-puffs-blueberry-raspberry\/#breadcrumb","itemListElement":[{"@type":"ListItem","position":1,"name":"Home","item":"https:\/\/vapingnet.de\/"},{"@type":"ListItem","position":2,"name":"Shop","item":"https:\/\/vapingnet.de\/vape\/"},{"@type":"ListItem","position":3,"name":"Maximaler Dampfspa\u00df Bang Tornado 40000 Puffs Blueberry Raspberry"}]},{"@type":"WebSite","@id":"https:\/\/vapingnet.de\/#website","url":"https:\/\/vapingnet.de\/","name":"Vapingnet.de","description":"","publisher":{"@id":"https:\/\/vapingnet.de\/#organization"},"potentialAction":[{"@type":"SearchAction","target":{"@type":"EntryPoint","urlTemplate":"https:\/\/vapingnet.de\/?s={search_term_string}"},"query-input":{"@type":"PropertyValueSpecification","valueRequired":true,"valueName":"search_term_string"}}],"inLanguage":"lt-LT"},{"@type":"Organization","@id":"https:\/\/vapingnet.de\/#organization","name":"Vapingnet.de","url":"https:\/\/vapingnet.de\/","logo":{"@type":"ImageObject","inLanguage":"lt-LT","@id":"https:\/\/vapingnet.de\/#\/schema\/logo\/image\/","url":"https:\/\/vapingnet.de\/wp-content\/uploads\/2025\/03\/cropped-vapingnet.de_.jpg","contentUrl":"https:\/\/vapingnet.de\/wp-content\/uploads\/2025\/03\/cropped-vapingnet.de_.jpg","width":512,"height":512,"caption":"Vapingnet.de"},"image":{"@id":"https:\/\/vapingnet.de\/#\/schema\/logo\/image\/"},"sameAs":["https:\/\/www.facebook.com\/vapingnetde\/"]}]}},"tiered_pricing_type":"fixed","tiered_pricing_fixed_rules":{"10":"12.91","60":"11.62","110":"10.33","200":"9.04"},"tiered_pricing_product_settings":{"layout":"default","base_unit_name":{"singular":null,"plural":null},"default_variation":null},"tiered_pricing_minimum_quantity":null,"tiered_pricing_roles_data":[],"tiered_pricing_percentage_rules":[],"_links":{"self":[{"href":"https:\/\/vapingnet.de\/lt\/wp-json\/wp\/v2\/product\/5574","targetHints":{"allow":["GET"]}}],"collection":[{"href":"https:\/\/vapingnet.de\/lt\/wp-json\/wp\/v2\/product"}],"about":[{"href":"https:\/\/vapingnet.de\/lt\/wp-json\/wp\/v2\/types\/product"}],"version-history":[{"count":5,"href":"https:\/\/vapingnet.de\/lt\/wp-json\/wp\/v2\/product\/5574\/revisions"}],"predecessor-version":[{"id":7493,"href":"https:\/\/vapingnet.de\/lt\/wp-json\/wp\/v2\/product\/5574\/revisions\/7493"}],"wp:featuredmedia":[{"embeddable":true,"href":"https:\/\/vapingnet.de\/lt\/wp-json\/wp\/v2\/media\/5351"}],"wp:attachment":[{"href":"https:\/\/vapingnet.de\/lt\/wp-json\/wp\/v2\/media?parent=5574"}],"wp:term":[{"taxonomy":"brand","embeddable":true,"href":"https:\/\/vapingnet.de\/lt\/wp-json\/wp\/v2\/etheme_brands?post=5574"},{"taxonomy":"product_brand","embeddable":true,"href":"https:\/\/vapingnet.de\/lt\/wp-json\/wp\/v2\/product_brand?post=5574"},{"taxonomy":"product_cat","embeddable":true,"href":"https:\/\/vapingnet.de\/lt\/wp-json\/wp\/v2\/product_cat?post=5574"},{"taxonomy":"product_tag","embeddable":true,"href":"https:\/\/vapingnet.de\/lt\/wp-json\/wp\/v2\/product_tag?post=5574"}],"curies":[{"name":"wp","href":"https:\/\/api.w.org\/{rel}","templated":true}]}}