{"id":5640,"date":"2025-03-18T07:54:21","date_gmt":"2025-03-18T07:54:21","guid":{"rendered":"https:\/\/vapingnet.de\/?post_type=product&#038;p=5640"},"modified":"2025-06-19T03:40:39","modified_gmt":"2025-06-19T03:40:39","slug":"bang-king-45000-puffs-lemon-lime-strawberry-watermelon-blueberry-ice-maximales-dampfvergnuegen-mit-3-in-1-geschmack","status":"publish","type":"product","link":"https:\/\/vapingnet.de\/lt\/vape\/bang-king-45000-puffs-lemon-lime-strawberry-watermelon-blueberry-ice-maximales-dampfvergnuegen-mit-3-in-1-geschmack\/","title":{"rendered":"BANG KING 45000 Puffs Lemon Lime Strawberry Watermelon Blueberry Ice \u2013 maksimalus garavimo malonumas su 3-in-1 skoniu"},"content":{"rendered":"<h2 data-start=\"0\" data-end=\"84\">BANG KING 45000 P\u016bsl\u0173 Galutinis D\u016bm\u0173 Patirtis su trimis intensyviomis aromatomis<\/h2>\n<p data-start=\"86\" data-end=\"441\">BANG KING 45000 P\u016bsl\u0173 yra nauja karta i\u0161 <strong><a href=\"https:\/\/vapingnet.de\/lt\/k\/einweg-e-zigarette\/\">Vienkartini\u0173 elektronini\u0173 cigare\u010di\u0173<\/a><\/strong> ir si\u016blo neprilygstam\u0105 d\u016bm\u0173 patirt\u012f. Su savo 3-in-1 skonio sistema ir \u012fsp\u016bdingu <strong><a href=\"https:\/\/vapingnet.de\/lt\/k\/45k-vape\/\">45k vape<\/a><\/strong> \u0161is modelis u\u017etikrina maksimal\u0173 malonum\u0105 kiekvieno \u012fkv\u0117pimo metu. \u0160iame straipsnyje pristatome unikalius \u0161io produkto savybes.<\/p>\n<h3>Produkto ypatyb\u0117s akimirksniu<\/h3>\n<div class=\"overflow-x-auto contain-inline-size\">\n<table data-start=\"491\" data-end=\"1487\">\n<thead data-start=\"491\" data-end=\"579\">\n<tr data-start=\"491\" data-end=\"579\">\n<th data-start=\"491\" data-end=\"522\">Savyb\u0117<\/th>\n<th data-start=\"522\" data-end=\"579\">Detal\u0117s<\/th>\n<\/tr>\n<\/thead>\n<tbody data-start=\"669\" data-end=\"1487\">\n<tr data-start=\"669\" data-end=\"765\">\n<td>Aromatai<\/td>\n<td>Lemon Lime, Strawberry Watermelon, Blueberry Ice<\/td>\n<\/tr>\n<tr data-start=\"766\" data-end=\"855\">\n<td>P\u016bsl\u0173 skai\u010dius<\/td>\n<td>45 000 \u012fkv\u0117pim\u0173<\/td>\n<\/tr>\n<tr data-start=\"856\" data-end=\"945\">\n<td>E-liquido talpa<\/td>\n<td>15 ml (kiekviename kameroje) x 3<\/td>\n<\/tr>\n<tr data-start=\"946\" data-end=\"1036\">\n<td>Vamzdelis<\/td>\n<td>Tinklelio rit\u0117 (1.0 Ohm)<\/td>\n<\/tr>\n<tr data-start=\"1037\" data-end=\"1127\">\n<td>Baterija<\/td>\n<td>650mAh (\u012fkraunama)<\/td>\n<\/tr>\n<tr data-start=\"1128\" data-end=\"1217\">\n<td>\u012ekrovimo jungtis<\/td>\n<td>Type-C greitas \u012fkrovimas<\/td>\n<\/tr>\n<tr data-start=\"1218\" data-end=\"1307\">\n<td>Nikotin\u0105<\/td>\n<td>0%, 2%, 3%, 5%<\/td>\n<\/tr>\n<tr data-start=\"1308\" data-end=\"1397\">\n<td>Pakuot\u0117s vienetas<\/td>\n<td>10 vnt. d\u0117\u017eut\u0117je, 20 d\u0117\u017eu\u010di\u0173 d\u0117\u017e\u0117je<\/td>\n<\/tr>\n<tr data-start=\"1398\" data-end=\"1487\">\n<td>Transporto dydis<\/td>\n<td>100 arba 200 vnt. d\u0117\u017eut\u0117je<\/td>\n<\/tr>\n<\/tbody>\n<\/table>\n<\/div>\n<h3 data-start=\"1494\" data-end=\"1566\">Trys aromatai viename \u012frenginyje \u2013 Maksimalus \u012fvairov\u0117, maksimalus malonumas<\/h3>\n<p data-start=\"1568\" data-end=\"1711\">Jis <strong><a href=\"https:\/\/vapingnet.de\/lt\/bang-king-45000-puffs\/\">BANG KING 45000 Puffs<\/a><\/strong> si\u016blo 3-in-1 skonio technologij\u0105, leid\u017eian\u010di\u0105 keisti tarp trij\u0173 skani\u0173 aromat\u0173:<\/p>\n<ol data-start=\"1713\" data-end=\"2124\">\n<li data-start=\"1713\" data-end=\"1855\">Lemon Lime \u2013 gaivinanti citrinos ir r\u016bg\u0161tin\u0117s laimo kombinacija, suteikianti gaiv\u0173 citrus\u0173 skon\u012f.<\/li>\n<li data-start=\"1856\" data-end=\"2003\">Strawberry Watermelon \u2013 harmoningas sald\u017ei\u0173 bra\u0161ki\u0173 ir sultingos arb\u016bzo mi\u0161inys, kuris i\u0161lieka gaivus vis\u0105 dien\u0105.<\/li>\n<li data-start=\"2004\" data-end=\"2124\">Blueberry Ice \u2013 vaisin\u0117s m\u0117lyn\u0117s su \u0161altu mentolio atspalviu, u\u017etikrinan\u010diu maloni\u0105 gaiv\u0105.<\/li>\n<\/ol>\n<p data-start=\"2126\" data-end=\"2329\">\u0160ie trys aromatai suteikia jums laisv\u0119 bet kada pritaikyti savo garinimo patirt\u012f ir u\u017etikrina intensyv\u0173, ilgai i\u0161liekant\u012f skon\u012f, palaikom\u0105 pa\u017eangios Mesh-Coil technologijos.<\/p>\n<h3 data-start=\"2336\" data-end=\"2404\">Technologija intensyviam skoniui \u2013 Mesh-Coils naudojimas<\/h3>\n<p data-start=\"2406\" data-end=\"2588\">BANG KING 45000 Puffs naudoja Mesh-Coils, kurie u\u017etikrina, kad skonis b\u016bt\u0173 intensyvus ir gar\u0173 debesys tank\u016bs. Mesh-Coil technologijos privalumai ap\u017evelgiami:<\/p>\n<ul data-start=\"2590\" data-end=\"3021\">\n<li data-start=\"2590\" data-end=\"2744\">Sultingesni aromatai \u2013 Didesn\u0117 Mesh-Coil pavir\u0161iaus plotas u\u017etikrina efektyvesn\u012f E-liquido garinim\u0105 ir maksimizuoja skonio intensyvum\u0105.<\/li>\n<li data-start=\"2745\" data-end=\"2880\">Tankesni gar\u0173 debesys \u2013 D\u0117l Mesh technologijos garai tolygiai paskirstomi ir u\u017etikrina didesn\u012f gar\u0173 kiek\u012f.<\/li>\n<li data-start=\"2881\" data-end=\"3021\">Ilgaam\u017ei\u0161kumas \u2013 Mesh-Coils suteikia tolyg\u0173 \u0161ilumos paskirstym\u0105, tod\u0117l skystis ilgiau i\u0161laiko pradin\u012f skon\u012f.<\/li>\n<\/ul>\n<p data-start=\"3023\" data-end=\"3123\">\u0160i pa\u017eangi technologija u\u017etikrina, kad kiekvienas \u012fkv\u0117pimas b\u016bt\u0173 toks pat skanus kaip ir pirmasis.<\/p>\n<h3 data-start=\"3130\" data-end=\"3184\">Galingas akumuliatorius su Type-C greitu \u012fkrovimu<\/h3>\n<p data-start=\"3186\" data-end=\"3431\">BANG KING 45000 Puffs yra su galingu 650mAh akumuliatoriumi, skirtu ilgalaikiam naudojimui. Su Type-C \u012fkrovimo jungtimi \u012fkrovimas yra greitas ir patogus. Svarbiausios akumuliatoriaus funkcijos:<\/p>\n<ul data-start=\"3433\" data-end=\"3820\">\n<li data-start=\"3433\" data-end=\"3524\">Greitas \u012fkrovimas \u2013 Akumuliatori\u0173 galima visi\u0161kai \u012fkrauti per tik 2 valandas.<\/li>\n<li data-start=\"3525\" data-end=\"3678\">Ilgaam\u017ei\u0161kumas \u2013 Akumuliatorius u\u017etikrina ilgesn\u012f naudojimo laik\u0105, palyginti su \u012fprastais vienkartiniais vapes, kol nereikia i\u0161mesti.<\/li>\n<li data-start=\"3679\" data-end=\"3820\">Perkraunamas \u2013 Akumuliatori\u0173 galima \u012fkrauti kelis kartus, tod\u0117l BANG KING 45000 Puffs yra ekologi\u0161kesnis ir ekonomi\u0161kesnis.<\/li>\n<\/ul>\n<h3 data-start=\"3827\" data-end=\"3879\">Individualios nikotino stiprumo parinktys kiekvienam poreikiui<\/h3>\n<p data-start=\"3881\" data-end=\"4022\">BANG KING 45000 Puffs si\u016blomas keturi\u0173 nikotino stiprum\u0173 pasirinkimas, kad atitikt\u0173 skirtingus garintoj\u0173 poreikius:<\/p>\n<ul data-start=\"4024\" data-end=\"4402\">\n<li data-start=\"4024\" data-end=\"4120\">0% Nikotinas \u2013 Skirta garintojams, kurie nori m\u0117gautis skoniu be nikotino vartojimo.<\/li>\n<li data-start=\"4121\" data-end=\"4196\">2% Nikotinas \u2013 \u0160velnus nikotino stiprumas, idealus atsitiktiniams garintojams.<\/li>\n<li data-start=\"4197\" data-end=\"4318\">3% Nikotinas \u2013 Tobula pusiausvyra tiems, kurie m\u0117gsta tiek skon\u012f, tiek vidutin\u012f nikotino kiek\u012f.<\/li>\n<li data-start=\"4319\" data-end=\"4402\">5% Nikotinas \u2013 Skirta patyrusiems garintojams, kurie nori stipresnio nikotino \u0161uolio.<\/li>\n<\/ul>\n<p data-start=\"4404\" data-end=\"4508\">\u0160is nikotino stiprum\u0173 pasirinkimas u\u017etikrina, kad kiekvienas garintojas rast\u0173 sau tinkam\u0105 patirt\u012f.<\/p>\n<h3 data-start=\"4515\" data-end=\"4569\">Kompakti\u0161kas, galingas ir patogus naudoti<\/h3>\n<p data-start=\"4571\" data-end=\"4670\">BANG KING 45000 Puffs sujungia auk\u0161t\u0105 na\u0161um\u0105 su patogiu naudoti:<\/p>\n<ul data-start=\"4672\" data-end=\"5067\">\n<li data-start=\"4672\" data-end=\"4784\">Kompakti\u0161kas dydis \u2013 \u012frenginys yra idealus keliaujant, lengvai ne\u0161iojamas ir telpa \u012f bet kuri\u0105 ki\u0161en\u0119.<\/li>\n<li data-start=\"4785\" data-end=\"4931\">Nereikia prie\u017ei\u016bros \u2013 nereikia papildom\u0173 skys\u010di\u0173 ar keisti rit\u0117s, tod\u0117l naudojimas yra labai patogus.<\/li>\n<li data-start=\"4932\" data-end=\"5067\">Maksimalus naudojimo laikas \u2013 \u012fkraunama baterija u\u017etikrina ilgesn\u012f tarnavimo laik\u0105 ir padeda optimizuoti suvartojim\u0105.<\/li>\n<\/ul>\n<p data-start=\"5069\" data-end=\"5207\">\u0160ios savyb\u0117s daro BANG KING 45000 Puffs idealiu pasirinkimu visiems, kurie ie\u0161ko galingo, nereikalaujan\u010dio prie\u017ei\u016bros \u012frenginio.<\/p>\n<h3 data-start=\"5214\" data-end=\"5261\">Pakuot\u0117s ir transportavimo informacija<\/h3>\n<p data-start=\"5263\" data-end=\"5370\">Prekybininkams ir didmeniniams pirk\u0117jams BANG KING 45000 Puffs si\u016blo \u0161i\u0105 pakuot\u0117s strukt\u016br\u0105:<\/p>\n<ul data-start=\"5372\" data-end=\"5635\">\n<li data-start=\"5372\" data-end=\"5454\">10 vienet\u0173 d\u0117\u017eut\u0117je \u2013 patogi pakuot\u0117 paprastam sand\u0117liavimui.<\/li>\n<li data-start=\"5455\" data-end=\"5521\">20 d\u0117\u017eu\u010di\u0173 d\u0117\u017e\u0117je \u2013 idealu didmeninei prekybai ir platinimui.<\/li>\n<li data-start=\"5522\" data-end=\"5635\">Transporto dyd\u017eiai: 100 arba 200 vienet\u0173 d\u0117\u017e\u0117je \u2013 efektyvios pakuot\u0117s sprendimai importui ir pardavimui.<\/li>\n<\/ul>\n<p data-start=\"5637\" data-end=\"5783\">\u0160ios pakuot\u0117s parinktys u\u017etikrina paprast\u0105 naudojim\u0105 ir skland\u0173 siuntim\u0105 tiek ma\u017emenin\u0117s prekybos, tiek didmenin\u0117s prekybos atstovams.<\/p>\n<h3>Premium vienkartinis \u012frenginys su unikaliu skoniu<\/h3>\n<p data-start=\"5857\" data-end=\"5903\">BANG KING 45000 Puffs \u012ftikina d\u0117l:<\/p>\n<ul data-start=\"5905\" data-end=\"6168\">\n<li data-start=\"5905\" data-end=\"5967\">Trij\u0173 atskir\u0173 skonio kamer\u0173 \u2013 maksimaliai \u012fvairovei.<\/li>\n<li data-start=\"5968\" data-end=\"6042\">Intensyvaus skonio ir tanki\u0173 gar\u0173 debes\u0173 d\u0117ka su tinklelio rit\u0117mis.<\/li>\n<li data-start=\"6043\" data-end=\"6107\">\u012ekraunama baterija su Type-C greitu \u012fkrovimu.<\/li>\n<li data-start=\"6108\" data-end=\"6168\">Galimi individual\u016bs nikotino stiprumai nuo 0% iki 5%.<\/li>\n<\/ul>\n<p data-start=\"6170\" data-end=\"6393\" data-is-last-node=\"\" data-is-only-node=\"\">Nesvarbu ar esate pradedantysis ar patyr\u0119s garintojas, BANG KING 45000 Puffs si\u016blo unikal\u0173 garinimo patirt\u012f, kuri sujungia didel\u012f lankstum\u0105 ir patogum\u0105. U\u017esisakykite dabar ir atraskite nauj\u0105 garinimo kart\u0105!<\/p>","protected":false},"excerpt":{"rendered":"<p>\u2705 Labai daug \u012fjungim\u0173 \u2013 iki 45 000 \u012fjungim\u0173, papildomam garo malonumui!<br \/>\n\u2705 Be muitin\u0117s mokes\u010di\u0173 ir nemokamas pristatymas \u2013 Paprastai u\u017esakykite be papildom\u0173 i\u0161laid\u0173!<br \/>\n\u2705 Trij\u0173 skoni\u0173 derinys viename \u2013 Keiskite pagal nor\u0105, trigubas malonumas!<\/p>","protected":false},"featured_media":5616,"template":"","meta":[],"etheme_brands":[],"product_brand":[101],"product_cat":[66,49,61,87],"product_tag":[],"class_list":{"0":"post-5640","1":"product","2":"type-product","3":"status-publish","4":"has-post-thumbnail","6":"product_brand-bang-king-vape","7":"product_cat-45k-vape","8":"product_cat-einweg-e-zigarette","9":"product_cat-f","10":"product_cat-v","12":"first","13":"instock","14":"shipping-taxable","15":"purchasable","16":"product-type-variable"},"yoast_head":"<!-- This site is optimized with the Yoast SEO plugin v26.5 - https:\/\/yoast.com\/wordpress\/plugins\/seo\/ -->\n<title>BANG KING 45000 Puffs Lemon Lime Strawberry Watermelon Blueberry Ice Maximales Dampfvergn\u00fcgen mit 3-in-1 Geschmack | vapingnet.de<\/title>\n<meta name=\"description\" content=\"BANG KING 45000 Puffs \u2013 3 Aromen: Lemon Lime, Strawberry Watermelon, Blueberry Ice, Mesh-Coil, 650mAh Akku &amp; Type-C Ladeanschluss.\" \/>\n<meta name=\"robots\" content=\"index, follow, max-snippet:-1, max-image-preview:large, max-video-preview:-1\" \/>\n<link rel=\"canonical\" href=\"https:\/\/vapingnet.de\/lt\/vape\/bang-king-45000-puffs-lemon-lime-strawberry-watermelon-blueberry-ice-maximales-dampfvergnuegen-mit-3-in-1-geschmack\/\" \/>\n<meta property=\"og:locale\" content=\"lt_LT\" \/>\n<meta property=\"og:type\" content=\"article\" \/>\n<meta property=\"og:title\" content=\"BANG KING 45000 Puffs Lemon Lime Strawberry Watermelon Blueberry Ice Maximales Dampfvergn\u00fcgen mit 3-in-1 Geschmack | vapingnet.de\" \/>\n<meta property=\"og:description\" content=\"BANG KING 45000 Puffs \u2013 3 Aromen: Lemon Lime, Strawberry Watermelon, Blueberry Ice, Mesh-Coil, 650mAh Akku &amp; Type-C Ladeanschluss.\" \/>\n<meta property=\"og:url\" content=\"https:\/\/vapingnet.de\/lt\/vape\/bang-king-45000-puffs-lemon-lime-strawberry-watermelon-blueberry-ice-maximales-dampfvergnuegen-mit-3-in-1-geschmack\/\" \/>\n<meta property=\"og:site_name\" content=\"Vapingnet.de\" \/>\n<meta property=\"article:publisher\" content=\"https:\/\/www.facebook.com\/vapingnetde\/\" \/>\n<meta property=\"article:modified_time\" content=\"2025-06-19T03:40:39+00:00\" \/>\n<meta property=\"og:image\" content=\"https:\/\/vapingnet.de\/wp-content\/uploads\/2025\/03\/45k_Lemon-Lime-Strawberry-Watermelon-Blueberry-Ice-1.png\" \/>\n\t<meta property=\"og:image:width\" content=\"1000\" \/>\n\t<meta property=\"og:image:height\" content=\"1000\" \/>\n\t<meta property=\"og:image:type\" content=\"image\/png\" \/>\n<meta name=\"twitter:card\" content=\"summary_large_image\" \/>\n<meta name=\"twitter:label1\" content=\"Est. reading time\" \/>\n\t<meta name=\"twitter:data1\" content=\"5 minutes\" \/>\n<script type=\"application\/ld+json\" class=\"yoast-schema-graph\">{\"@context\":\"https:\/\/schema.org\",\"@graph\":[{\"@type\":\"WebPage\",\"@id\":\"https:\/\/vapingnet.de\/vape\/bang-king-45000-puffs-lemon-lime-strawberry-watermelon-blueberry-ice-maximales-dampfvergnuegen-mit-3-in-1-geschmack\/\",\"url\":\"https:\/\/vapingnet.de\/vape\/bang-king-45000-puffs-lemon-lime-strawberry-watermelon-blueberry-ice-maximales-dampfvergnuegen-mit-3-in-1-geschmack\/\",\"name\":\"BANG KING 45000 Puffs Lemon Lime Strawberry Watermelon Blueberry Ice Maximales Dampfvergn\u00fcgen mit 3-in-1 Geschmack | vapingnet.de\",\"isPartOf\":{\"@id\":\"https:\/\/vapingnet.de\/#website\"},\"primaryImageOfPage\":{\"@id\":\"https:\/\/vapingnet.de\/vape\/bang-king-45000-puffs-lemon-lime-strawberry-watermelon-blueberry-ice-maximales-dampfvergnuegen-mit-3-in-1-geschmack\/#primaryimage\"},\"image\":{\"@id\":\"https:\/\/vapingnet.de\/vape\/bang-king-45000-puffs-lemon-lime-strawberry-watermelon-blueberry-ice-maximales-dampfvergnuegen-mit-3-in-1-geschmack\/#primaryimage\"},\"thumbnailUrl\":\"https:\/\/vapingnet.de\/wp-content\/uploads\/2025\/03\/45k_Lemon-Lime-Strawberry-Watermelon-Blueberry-Ice-1.png\",\"datePublished\":\"2025-03-18T07:54:21+00:00\",\"dateModified\":\"2025-06-19T03:40:39+00:00\",\"description\":\"BANG KING 45000 Puffs \u2013 3 Aromen: Lemon Lime, Strawberry Watermelon, Blueberry Ice, Mesh-Coil, 650mAh Akku & Type-C Ladeanschluss.\",\"breadcrumb\":{\"@id\":\"https:\/\/vapingnet.de\/vape\/bang-king-45000-puffs-lemon-lime-strawberry-watermelon-blueberry-ice-maximales-dampfvergnuegen-mit-3-in-1-geschmack\/#breadcrumb\"},\"inLanguage\":\"lt-LT\",\"potentialAction\":[{\"@type\":\"ReadAction\",\"target\":[\"https:\/\/vapingnet.de\/vape\/bang-king-45000-puffs-lemon-lime-strawberry-watermelon-blueberry-ice-maximales-dampfvergnuegen-mit-3-in-1-geschmack\/\"]}]},{\"@type\":\"ImageObject\",\"inLanguage\":\"lt-LT\",\"@id\":\"https:\/\/vapingnet.de\/vape\/bang-king-45000-puffs-lemon-lime-strawberry-watermelon-blueberry-ice-maximales-dampfvergnuegen-mit-3-in-1-geschmack\/#primaryimage\",\"url\":\"https:\/\/vapingnet.de\/wp-content\/uploads\/2025\/03\/45k_Lemon-Lime-Strawberry-Watermelon-Blueberry-Ice-1.png\",\"contentUrl\":\"https:\/\/vapingnet.de\/wp-content\/uploads\/2025\/03\/45k_Lemon-Lime-Strawberry-Watermelon-Blueberry-Ice-1.png\",\"width\":1000,\"height\":1000,\"caption\":\"45k_Lemon Lime Strawberry Watermelon Blueberry Ice\"},{\"@type\":\"BreadcrumbList\",\"@id\":\"https:\/\/vapingnet.de\/vape\/bang-king-45000-puffs-lemon-lime-strawberry-watermelon-blueberry-ice-maximales-dampfvergnuegen-mit-3-in-1-geschmack\/#breadcrumb\",\"itemListElement\":[{\"@type\":\"ListItem\",\"position\":1,\"name\":\"Home\",\"item\":\"https:\/\/vapingnet.de\/\"},{\"@type\":\"ListItem\",\"position\":2,\"name\":\"Shop\",\"item\":\"https:\/\/vapingnet.de\/vape\/\"},{\"@type\":\"ListItem\",\"position\":3,\"name\":\"BANG KING 45000 Puffs Lemon Lime Strawberry Watermelon Blueberry Ice Maximales Dampfvergn\u00fcgen mit 3-in-1 Geschmack\"}]},{\"@type\":\"WebSite\",\"@id\":\"https:\/\/vapingnet.de\/#website\",\"url\":\"https:\/\/vapingnet.de\/\",\"name\":\"Vapingnet.de\",\"description\":\"\",\"publisher\":{\"@id\":\"https:\/\/vapingnet.de\/#organization\"},\"potentialAction\":[{\"@type\":\"SearchAction\",\"target\":{\"@type\":\"EntryPoint\",\"urlTemplate\":\"https:\/\/vapingnet.de\/?s={search_term_string}\"},\"query-input\":{\"@type\":\"PropertyValueSpecification\",\"valueRequired\":true,\"valueName\":\"search_term_string\"}}],\"inLanguage\":\"lt-LT\"},{\"@type\":\"Organization\",\"@id\":\"https:\/\/vapingnet.de\/#organization\",\"name\":\"Vapingnet.de\",\"url\":\"https:\/\/vapingnet.de\/\",\"logo\":{\"@type\":\"ImageObject\",\"inLanguage\":\"lt-LT\",\"@id\":\"https:\/\/vapingnet.de\/#\/schema\/logo\/image\/\",\"url\":\"https:\/\/vapingnet.de\/wp-content\/uploads\/2025\/03\/cropped-vapingnet.de_.jpg\",\"contentUrl\":\"https:\/\/vapingnet.de\/wp-content\/uploads\/2025\/03\/cropped-vapingnet.de_.jpg\",\"width\":512,\"height\":512,\"caption\":\"Vapingnet.de\"},\"image\":{\"@id\":\"https:\/\/vapingnet.de\/#\/schema\/logo\/image\/\"},\"sameAs\":[\"https:\/\/www.facebook.com\/vapingnetde\/\"]}]}<\/script>\n<!-- \/ Yoast SEO plugin. -->","yoast_head_json":{"title":"BANG KING 45000 Puffs Lemon Lime Strawberry Watermelon Blueberry Ice Maximales Dampfvergn\u00fcgen mit 3-in-1 Geschmack | vapingnet.de","description":"BANG KING 45000 Puffs \u2013 3 Aromen: Lemon Lime, Strawberry Watermelon, Blueberry Ice, Mesh-Coil, 650mAh Akku & Type-C Ladeanschluss.","robots":{"index":"index","follow":"follow","max-snippet":"max-snippet:-1","max-image-preview":"max-image-preview:large","max-video-preview":"max-video-preview:-1"},"canonical":"https:\/\/vapingnet.de\/lt\/vape\/bang-king-45000-puffs-lemon-lime-strawberry-watermelon-blueberry-ice-maximales-dampfvergnuegen-mit-3-in-1-geschmack\/","og_locale":"lt_LT","og_type":"article","og_title":"BANG KING 45000 Puffs Lemon Lime Strawberry Watermelon Blueberry Ice Maximales Dampfvergn\u00fcgen mit 3-in-1 Geschmack | vapingnet.de","og_description":"BANG KING 45000 Puffs \u2013 3 Aromen: Lemon Lime, Strawberry Watermelon, Blueberry Ice, Mesh-Coil, 650mAh Akku & Type-C Ladeanschluss.","og_url":"https:\/\/vapingnet.de\/lt\/vape\/bang-king-45000-puffs-lemon-lime-strawberry-watermelon-blueberry-ice-maximales-dampfvergnuegen-mit-3-in-1-geschmack\/","og_site_name":"Vapingnet.de","article_publisher":"https:\/\/www.facebook.com\/vapingnetde\/","article_modified_time":"2025-06-19T03:40:39+00:00","og_image":[{"width":1000,"height":1000,"url":"https:\/\/vapingnet.de\/wp-content\/uploads\/2025\/03\/45k_Lemon-Lime-Strawberry-Watermelon-Blueberry-Ice-1.png","type":"image\/png"}],"twitter_card":"summary_large_image","twitter_misc":{"Est. reading time":"5 minutes"},"schema":{"@context":"https:\/\/schema.org","@graph":[{"@type":"WebPage","@id":"https:\/\/vapingnet.de\/vape\/bang-king-45000-puffs-lemon-lime-strawberry-watermelon-blueberry-ice-maximales-dampfvergnuegen-mit-3-in-1-geschmack\/","url":"https:\/\/vapingnet.de\/vape\/bang-king-45000-puffs-lemon-lime-strawberry-watermelon-blueberry-ice-maximales-dampfvergnuegen-mit-3-in-1-geschmack\/","name":"BANG KING 45000 Puffs Lemon Lime Strawberry Watermelon Blueberry Ice Maximales Dampfvergn\u00fcgen mit 3-in-1 Geschmack | vapingnet.de","isPartOf":{"@id":"https:\/\/vapingnet.de\/#website"},"primaryImageOfPage":{"@id":"https:\/\/vapingnet.de\/vape\/bang-king-45000-puffs-lemon-lime-strawberry-watermelon-blueberry-ice-maximales-dampfvergnuegen-mit-3-in-1-geschmack\/#primaryimage"},"image":{"@id":"https:\/\/vapingnet.de\/vape\/bang-king-45000-puffs-lemon-lime-strawberry-watermelon-blueberry-ice-maximales-dampfvergnuegen-mit-3-in-1-geschmack\/#primaryimage"},"thumbnailUrl":"https:\/\/vapingnet.de\/wp-content\/uploads\/2025\/03\/45k_Lemon-Lime-Strawberry-Watermelon-Blueberry-Ice-1.png","datePublished":"2025-03-18T07:54:21+00:00","dateModified":"2025-06-19T03:40:39+00:00","description":"BANG KING 45000 Puffs \u2013 3 Aromen: Lemon Lime, Strawberry Watermelon, Blueberry Ice, Mesh-Coil, 650mAh Akku & Type-C Ladeanschluss.","breadcrumb":{"@id":"https:\/\/vapingnet.de\/vape\/bang-king-45000-puffs-lemon-lime-strawberry-watermelon-blueberry-ice-maximales-dampfvergnuegen-mit-3-in-1-geschmack\/#breadcrumb"},"inLanguage":"lt-LT","potentialAction":[{"@type":"ReadAction","target":["https:\/\/vapingnet.de\/vape\/bang-king-45000-puffs-lemon-lime-strawberry-watermelon-blueberry-ice-maximales-dampfvergnuegen-mit-3-in-1-geschmack\/"]}]},{"@type":"ImageObject","inLanguage":"lt-LT","@id":"https:\/\/vapingnet.de\/vape\/bang-king-45000-puffs-lemon-lime-strawberry-watermelon-blueberry-ice-maximales-dampfvergnuegen-mit-3-in-1-geschmack\/#primaryimage","url":"https:\/\/vapingnet.de\/wp-content\/uploads\/2025\/03\/45k_Lemon-Lime-Strawberry-Watermelon-Blueberry-Ice-1.png","contentUrl":"https:\/\/vapingnet.de\/wp-content\/uploads\/2025\/03\/45k_Lemon-Lime-Strawberry-Watermelon-Blueberry-Ice-1.png","width":1000,"height":1000,"caption":"45k_Lemon Lime Strawberry Watermelon Blueberry Ice"},{"@type":"BreadcrumbList","@id":"https:\/\/vapingnet.de\/vape\/bang-king-45000-puffs-lemon-lime-strawberry-watermelon-blueberry-ice-maximales-dampfvergnuegen-mit-3-in-1-geschmack\/#breadcrumb","itemListElement":[{"@type":"ListItem","position":1,"name":"Home","item":"https:\/\/vapingnet.de\/"},{"@type":"ListItem","position":2,"name":"Shop","item":"https:\/\/vapingnet.de\/vape\/"},{"@type":"ListItem","position":3,"name":"BANG KING 45000 Puffs Lemon Lime Strawberry Watermelon Blueberry Ice Maximales Dampfvergn\u00fcgen mit 3-in-1 Geschmack"}]},{"@type":"WebSite","@id":"https:\/\/vapingnet.de\/#website","url":"https:\/\/vapingnet.de\/","name":"Vapingnet.de","description":"","publisher":{"@id":"https:\/\/vapingnet.de\/#organization"},"potentialAction":[{"@type":"SearchAction","target":{"@type":"EntryPoint","urlTemplate":"https:\/\/vapingnet.de\/?s={search_term_string}"},"query-input":{"@type":"PropertyValueSpecification","valueRequired":true,"valueName":"search_term_string"}}],"inLanguage":"lt-LT"},{"@type":"Organization","@id":"https:\/\/vapingnet.de\/#organization","name":"Vapingnet.de","url":"https:\/\/vapingnet.de\/","logo":{"@type":"ImageObject","inLanguage":"lt-LT","@id":"https:\/\/vapingnet.de\/#\/schema\/logo\/image\/","url":"https:\/\/vapingnet.de\/wp-content\/uploads\/2025\/03\/cropped-vapingnet.de_.jpg","contentUrl":"https:\/\/vapingnet.de\/wp-content\/uploads\/2025\/03\/cropped-vapingnet.de_.jpg","width":512,"height":512,"caption":"Vapingnet.de"},"image":{"@id":"https:\/\/vapingnet.de\/#\/schema\/logo\/image\/"},"sameAs":["https:\/\/www.facebook.com\/vapingnetde\/"]}]}},"tiered_pricing_type":"fixed","tiered_pricing_fixed_rules":[],"tiered_pricing_product_settings":{"layout":"default","base_unit_name":{"singular":null,"plural":null},"default_variation":null},"tiered_pricing_minimum_quantity":null,"tiered_pricing_roles_data":[],"tiered_pricing_percentage_rules":[],"_links":{"self":[{"href":"https:\/\/vapingnet.de\/lt\/wp-json\/wp\/v2\/product\/5640","targetHints":{"allow":["GET"]}}],"collection":[{"href":"https:\/\/vapingnet.de\/lt\/wp-json\/wp\/v2\/product"}],"about":[{"href":"https:\/\/vapingnet.de\/lt\/wp-json\/wp\/v2\/types\/product"}],"version-history":[{"count":3,"href":"https:\/\/vapingnet.de\/lt\/wp-json\/wp\/v2\/product\/5640\/revisions"}],"predecessor-version":[{"id":5966,"href":"https:\/\/vapingnet.de\/lt\/wp-json\/wp\/v2\/product\/5640\/revisions\/5966"}],"wp:featuredmedia":[{"embeddable":true,"href":"https:\/\/vapingnet.de\/lt\/wp-json\/wp\/v2\/media\/5616"}],"wp:attachment":[{"href":"https:\/\/vapingnet.de\/lt\/wp-json\/wp\/v2\/media?parent=5640"}],"wp:term":[{"taxonomy":"brand","embeddable":true,"href":"https:\/\/vapingnet.de\/lt\/wp-json\/wp\/v2\/etheme_brands?post=5640"},{"taxonomy":"product_brand","embeddable":true,"href":"https:\/\/vapingnet.de\/lt\/wp-json\/wp\/v2\/product_brand?post=5640"},{"taxonomy":"product_cat","embeddable":true,"href":"https:\/\/vapingnet.de\/lt\/wp-json\/wp\/v2\/product_cat?post=5640"},{"taxonomy":"product_tag","embeddable":true,"href":"https:\/\/vapingnet.de\/lt\/wp-json\/wp\/v2\/product_tag?post=5640"}],"curies":[{"name":"wp","href":"https:\/\/api.w.org\/{rel}","templated":true}]}}