{"id":5644,"date":"2025-03-18T08:04:41","date_gmt":"2025-03-18T08:04:41","guid":{"rendered":"https:\/\/vapingnet.de\/?post_type=product&#038;p=5644"},"modified":"2025-06-19T03:40:38","modified_gmt":"2025-06-19T03:40:38","slug":"geniessen-sie-bang-king-45000-bissen-mit-den-aromen-erdbeere-kiwi-saure-mango-ananas-und-red-bull","status":"publish","type":"product","link":"https:\/\/vapingnet.de\/lt\/vape\/geniessen-sie-bang-king-45000-bissen-mit-den-aromen-erdbeere-kiwi-saure-mango-ananas-und-red-bull\/","title":{"rendered":"M\u0117gaukit\u0117s BANG KING 45000 k\u0105sneliais su skoniais \u2013 bra\u0161k\u0117, kivi, r\u016bg\u0161tusis mango, ananasas ir Red Bull"},"content":{"rendered":"<h2 data-start=\"0\" data-end=\"75\">BANG KING 45000 P\u016bsl\u0117s Bra\u0161k\u0117s Kiwi R\u016bg\u0161tus Mango Ananasas Red Bull Trys jaudinantys aromatai maksimaliai malonumui<\/h2>\n<p data-start=\"77\" data-end=\"545\">Jis <strong><a href=\"https:\/\/vapingnet.de\/lt\/bang-king-45000-puffs\/\">BANG KING 45000 Puffs<\/a><\/strong> si\u016blo unikali\u0105 trij\u0173 skani\u0173 aromat\u0173 kombinacij\u0105, kurie sujungti viename \u012frenginyje. Su \u012fsp\u016bdingu skai\u010diumi <strong><a href=\"https:\/\/vapingnet.de\/lt\/k\/45k-vape\/\">45k vape<\/a><\/strong>\u00a0ir modernia Mesh-Coil technologija \u0161is <strong><a href=\"https:\/\/vapingnet.de\/lt\/k\/einweg-e-zigarette\/\">Vienkartinio Vape<\/a><\/strong> u\u017etikrina, kad kiekviena garinimo patirtis b\u016bt\u0173 intensyvi ir nepamir\u0161tama. Atrask, kaip \u012fvairus gali b\u016bti garinimas, su skoniais Bra\u0161k\u0117s Kiwi, R\u016bg\u0161tus Mango Ananasas ir Red Bull.<\/p>\n<h3 data-start=\"552\" data-end=\"591\">Produkto ypatyb\u0117s akimirksniu<\/h3>\n<div class=\"overflow-x-auto contain-inline-size\">\n<table data-start=\"593\" data-end=\"1639\">\n<thead data-start=\"593\" data-end=\"686\">\n<tr data-start=\"593\" data-end=\"686\">\n<th data-start=\"593\" data-end=\"625\">Savyb\u0117<\/th>\n<th data-start=\"625\" data-end=\"686\">Detal\u0117s<\/th>\n<\/tr>\n<\/thead>\n<tbody data-start=\"781\" data-end=\"1639\">\n<tr data-start=\"781\" data-end=\"877\">\n<td>Aromatai<\/td>\n<td>Bra\u0161k\u0117s Kiwi, R\u016bg\u0161tus Mango Ananasas, Red Bull<\/td>\n<\/tr>\n<tr data-start=\"878\" data-end=\"972\">\n<td>P\u016bsl\u0173 skai\u010dius<\/td>\n<td>45 000 \u012fkv\u0117pim\u0173<\/td>\n<\/tr>\n<tr data-start=\"973\" data-end=\"1067\">\n<td>E-liquido talpa<\/td>\n<td>15 ml (kambaryje) x 3<\/td>\n<\/tr>\n<tr data-start=\"1068\" data-end=\"1163\">\n<td>Vamzdelis<\/td>\n<td>Tinklelio rit\u0117 (1.0 Ohm)<\/td>\n<\/tr>\n<tr data-start=\"1164\" data-end=\"1259\">\n<td>Baterija<\/td>\n<td>650mAh (\u012fkraunama)<\/td>\n<\/tr>\n<tr data-start=\"1260\" data-end=\"1354\">\n<td>\u012ekrovimo jungtis<\/td>\n<td>Type-C greitas \u012fkrovimas<\/td>\n<\/tr>\n<tr data-start=\"1355\" data-end=\"1449\">\n<td>Nikotin\u0105<\/td>\n<td>0%, 2%, 3%, 5%<\/td>\n<\/tr>\n<tr data-start=\"1450\" data-end=\"1544\">\n<td>Pakuot\u0117s vienetas<\/td>\n<td>10 vnt. d\u0117\u017eut\u0117je, 20 d\u0117\u017eu\u010di\u0173 d\u0117\u017e\u0117je<\/td>\n<\/tr>\n<tr data-start=\"1545\" data-end=\"1639\">\n<td>Transporto dydis<\/td>\n<td>100 arba 200 vnt. d\u0117\u017eut\u0117je<\/td>\n<\/tr>\n<\/tbody>\n<\/table>\n<\/div>\n<h3 data-start=\"1646\" data-end=\"1686\">Trys aromatai maksimaliai malonumui<\/h3>\n<p data-start=\"1688\" data-end=\"1934\">Su 3-in-1 skonio technologija galite individualiai pritaikyti garinimo patirt\u012f ir pasirinkti i\u0161 trij\u0173 skani\u0173 aromat\u0173. Kiekvienas aromatas i\u0161lieka tolygiai intensyvus ir aromatingas d\u0117l pa\u017eangios Mesh-Coil technologijos.<\/p>\n<div class=\"overflow-x-auto contain-inline-size\">\n<table data-start=\"1936\" data-end=\"2478\">\n<thead data-start=\"1936\" data-end=\"2025\">\n<tr data-start=\"1936\" data-end=\"2025\">\n<th data-start=\"1936\" data-end=\"1965\">Aromatas<\/th>\n<th data-start=\"1965\" data-end=\"2025\">Apra\u0161ymas<\/th>\n<\/tr>\n<\/thead>\n<tbody data-start=\"2116\" data-end=\"2478\">\n<tr data-start=\"2116\" data-end=\"2242\">\n<td>Bra\u0161k\u0117 Kivi<\/td>\n<td>Saldus ir gaivus derinys i\u0161 sulting\u0173 bra\u0161ki\u0173 ir gaivinan\u010dio kiwi skonio.<\/td>\n<\/tr>\n<tr data-start=\"2243\" data-end=\"2368\">\n<td>R\u016bg\u0161tus Mango Ananasas<\/td>\n<td>Egzoti\u0161kas mango susitinka su tropiniu ananasu, suteikdamas gaiv\u0173, r\u016bg\u0161tesn\u012f garinimo patirt\u012f.<\/td>\n<\/tr>\n<tr data-start=\"2369\" data-end=\"2478\">\n<td>Red Bull<\/td>\n<td>\u017dinomas energinio g\u0117rimo skonis, kuris suteikia gaiv\u0173 impuls\u0105.<\/td>\n<\/tr>\n<\/tbody>\n<\/table>\n<\/div>\n<h3 data-start=\"2485\" data-end=\"2539\">Tinklelio rit\u0117s technologija intensyviam skoniui<\/h3>\n<p data-start=\"2541\" data-end=\"2727\">Pa\u017eangi Mesh-Coil technologija u\u017etikrina, kad E-skystis tolygiai garuot\u0173 ir skonis i\u0161likt\u0173 intensyvus iki paskutinio \u012fkv\u0117pimo. Ji si\u016blo daugyb\u0119 privalum\u0173:<\/p>\n<div class=\"overflow-x-auto contain-inline-size\">\n<table data-start=\"2729\" data-end=\"3196\">\n<thead data-start=\"2729\" data-end=\"2820\">\n<tr data-start=\"2729\" data-end=\"2820\">\n<th data-start=\"2729\" data-end=\"2759\">Prana\u0161umas<\/th>\n<th data-start=\"2759\" data-end=\"2820\">Apra\u0161ymas<\/th>\n<\/tr>\n<\/thead>\n<tbody data-start=\"2913\" data-end=\"3196\">\n<tr data-start=\"2913\" data-end=\"3004\">\n<td>Maksimalus aromat\u0173 i\u0161skleidimas<\/td>\n<td>Didesn\u0117 pavir\u0161iaus plotas u\u017etikrina intensyvesnius aromatus.<\/td>\n<\/tr>\n<tr data-start=\"3005\" data-end=\"3095\">\n<td>Tankios garo debesys<\/td>\n<td>Optimalus gar\u0173 kiekis pilnaver\u010diai patir\u010diai.<\/td>\n<\/tr>\n<tr data-start=\"3096\" data-end=\"3196\">\n<td>Patvarumas<\/td>\n<td>Geresn\u0117 \u0161ilumos paskirstymas, siekiant i\u0161laikyti skon\u012f vienodai.<\/td>\n<\/tr>\n<\/tbody>\n<\/table>\n<\/div>\n<h3 data-start=\"3203\" data-end=\"3258\">\u012ekraunamas akumuliatorius su Type-C greitu \u012fkrovimu<\/h3>\n<p data-start=\"3260\" data-end=\"3473\">BANG KING 45000 P\u016bsl\u0117s yra su \u012fkraunamu 650mAh akumuliatoriumi, u\u017etikrinan\u010diu ilg\u0105 naudojimo laik\u0105. Tipo-C \u012fkrovimo jungtis leid\u017eia greitai ir paprastai \u012fkrauti.<\/p>\n<div class=\"overflow-x-auto contain-inline-size\">\n<table data-start=\"3475\" data-end=\"4060\">\n<thead data-start=\"3475\" data-end=\"3567\">\n<tr data-start=\"3475\" data-end=\"3567\">\n<th data-start=\"3475\" data-end=\"3506\">Savyb\u0117<\/th>\n<th data-start=\"3506\" data-end=\"3567\">Detal\u0117s<\/th>\n<\/tr>\n<\/thead>\n<tbody data-start=\"3661\" data-end=\"4060\">\n<tr data-start=\"3661\" data-end=\"3754\">\n<td>Baterija<\/td>\n<td>650mAh (\u012fkraunama)<\/td>\n<\/tr>\n<tr data-start=\"3755\" data-end=\"3848\">\n<td>\u012ekrovimo laikas<\/td>\n<td>2 valandos visi\u0161kai \u012fkrovimui<\/td>\n<\/tr>\n<tr data-start=\"3849\" data-end=\"3942\">\n<td>\u012ekrovimo jungtis<\/td>\n<td>Type-C greitas \u012fkrovimas<\/td>\n<\/tr>\n<tr data-start=\"3943\" data-end=\"4060\">\n<td>Patvarumas<\/td>\n<td>Gali b\u016bti naudojamas ilg\u0105 laik\u0105 prie\u0161 i\u0161metant \u012frengin\u012f.<\/td>\n<\/tr>\n<\/tbody>\n<\/table>\n<\/div>\n<h3 data-start=\"4067\" data-end=\"4131\">\u012evair\u016bs nikotino stiprumai individualiems poreikiams<\/h3>\n<p data-start=\"4133\" data-end=\"4286\">BANG KING 45000 Puffs yra prieinamas keturiais nikotino stiprumais, tod\u0117l galite pritaikyti vaping patirt\u012f pagal savo pageidavimus:<\/p>\n<div class=\"overflow-x-auto contain-inline-size\">\n<table data-start=\"4288\" data-end=\"5065\">\n<thead data-start=\"4288\" data-end=\"4411\">\n<tr data-start=\"4288\" data-end=\"4411\">\n<th data-start=\"4288\" data-end=\"4319\">Nikotin\u0105<\/th>\n<th data-start=\"4319\" data-end=\"4349\">Doz\u0117 (mg\/ml)<\/th>\n<th data-start=\"4349\" data-end=\"4411\">Kam skirta<\/th>\n<\/tr>\n<\/thead>\n<tbody data-start=\"4535\" data-end=\"5065\">\n<tr data-start=\"4535\" data-end=\"4660\">\n<td>0% Nikotinas<\/td>\n<td>0%<\/td>\n<td>Skirta vaperiams, kurie nori m\u0117gautis skoniu be nikotino.<\/td>\n<\/tr>\n<tr data-start=\"4661\" data-end=\"4789\">\n<td>2% Nikotinas<\/td>\n<td>20mg\/ml<\/td>\n<td>Skirta atsitiktiniams vartotojams, kurie pageidauja \u0161velnesnio nikotino kiekio.<\/td>\n<\/tr>\n<tr data-start=\"4790\" data-end=\"4934\">\n<td>3% Nikotinas<\/td>\n<td>30mg\/ml<\/td>\n<td>Skirta vaperiams, kurie nori subalansuoto skonio ir nikotino santykio.<\/td>\n<\/tr>\n<tr data-start=\"4935\" data-end=\"5065\">\n<td>5% Nikotinas<\/td>\n<td>50mg\/ml<\/td>\n<td>Skirta patyrusiems vaperiams, kurie pageidauja stipresnio nikotino \u012fkandimo.<\/td>\n<\/tr>\n<\/tbody>\n<\/table>\n<\/div>\n<h3 data-start=\"5072\" data-end=\"5128\">Kompakti\u0161kas, galingas ir lengvai naudojamas<\/h3>\n<p data-start=\"5130\" data-end=\"5251\">BANG KING 45000 Puffs si\u016blo ne tik auk\u0161\u010diausi\u0105 gali\u0105, bet ir patog\u0173 valdym\u0105:<\/p>\n<div class=\"overflow-x-auto contain-inline-size\">\n<table data-start=\"5253\" data-end=\"5721\">\n<thead data-start=\"5253\" data-end=\"5345\">\n<tr data-start=\"5253\" data-end=\"5345\">\n<th data-start=\"5253\" data-end=\"5284\">Savyb\u0117<\/th>\n<th data-start=\"5284\" data-end=\"5345\">Detal\u0117s<\/th>\n<\/tr>\n<\/thead>\n<tbody data-start=\"5439\" data-end=\"5721\">\n<tr data-start=\"5439\" data-end=\"5532\">\n<td>Dydis<\/td>\n<td>Kompakti\u0161kas ir lengvai ne\u0161iojamas<\/td>\n<\/tr>\n<tr data-start=\"5533\" data-end=\"5627\">\n<td>Be prie\u017ei\u016bros<\/td>\n<td>Nereikia papildyti ar keisti rit\u0117s<\/td>\n<\/tr>\n<tr data-start=\"5628\" data-end=\"5721\">\n<td>Lengva naudoti<\/td>\n<td>Paruo\u0161ta naudoti i\u0161kart po i\u0161pakavimo<\/td>\n<\/tr>\n<\/tbody>\n<\/table>\n<\/div>\n<h3 data-start=\"5728\" data-end=\"5775\">Pakuot\u0117s ir transportavimo informacija<\/h3>\n<p data-start=\"5777\" data-end=\"5879\">Prekybininkams ir didmeniniams pirk\u0117jams BANG KING 45000 Puffs si\u016blo efektyvi\u0105 pakuot\u0117s strukt\u016br\u0105:<\/p>\n<div class=\"overflow-x-auto contain-inline-size\">\n<table data-start=\"5881\" data-end=\"6349\">\n<thead data-start=\"5881\" data-end=\"5974\">\n<tr data-start=\"5881\" data-end=\"5974\">\n<th data-start=\"5881\" data-end=\"5913\">Pakuot\u0117s vienetas<\/th>\n<th data-start=\"5913\" data-end=\"5974\">Detal\u0117s<\/th>\n<\/tr>\n<\/thead>\n<tbody data-start=\"6068\" data-end=\"6349\">\n<tr data-start=\"6068\" data-end=\"6161\">\n<td>D\u0117\u017eu\u010di\u0173 per d\u0117\u017eut\u0119<\/td>\n<td>20 d\u0117\u017eu\u010di\u0173 viename d\u0117\u017eut\u0117je<\/td>\n<\/tr>\n<tr data-start=\"6162\" data-end=\"6255\">\n<td>Vnt. per d\u0117\u017eut\u0119<\/td>\n<td>10 vienet\u0173 d\u0117\u017eut\u0117je<\/td>\n<\/tr>\n<tr data-start=\"6256\" data-end=\"6349\">\n<td>Transporto dyd\u017eiai<\/td>\n<td>100 arba 200 vnt. d\u0117\u017eut\u0117je<\/td>\n<\/tr>\n<\/tbody>\n<\/table>\n<\/div>\n<p data-start=\"6351\" data-end=\"6446\">\u0160ios pakuot\u0117s galimyb\u0117s leid\u017eia lengvai valdyti ir skland\u017eiai si\u0173sti.<\/p>\n<h3 data-start=\"6453\" data-end=\"6519\">Premium vienkartinis \u012frenginys nepaliekantis lygi\u0173 malonumo<\/h3>\n<p data-start=\"6521\" data-end=\"6820\">BANG KING 45000 Puffs yra idealus \u012frenginys d\u016bmams, kurie ie\u0161ko \u012fvairov\u0117s ir kokyb\u0117s. Su trimis unikaliomis aromat\u0173 r\u016b\u0161imis, modernia Mesh-Coil technologija, \u012fkraunamu akumuliatoriumi ir \u012fvairiomis nikotino variacijomis jis si\u016blo i\u0161skirtin\u012f d\u016bm\u0173 patirt\u012f.<\/p>\n<p data-start=\"6822\" data-end=\"6861\">Privalumai BANG KING 45000 Puffs:<\/p>\n<ul data-start=\"6863\" data-end=\"7155\">\n<li data-start=\"6863\" data-end=\"6918\">Trys skirtingi aromatai maksimaliai malonumui<\/li>\n<li data-start=\"6919\" data-end=\"6994\">Tinklelio rit\u0117s technologija intensyviam skoniui ir tankioms gar\u0173 debesims<\/li>\n<li data-start=\"6995\" data-end=\"7052\">\u012ekraunamas akumuliatorius su Type-C greitu \u012fkrovimu<\/li>\n<li data-start=\"7053\" data-end=\"7100\">Individual\u016bs nikotino stiprumai nuo 0% iki 5%<\/li>\n<li data-start=\"7101\" data-end=\"7155\">Nereikia prie\u017ei\u016bros, i\u0161kart paruo\u0161tas naudoti<\/li>\n<\/ul>\n<p data-start=\"7157\" data-end=\"7332\" data-is-last-node=\"\" data-is-only-node=\"\">BANG KING 45000 Puffs yra tobulas pasirinkimas d\u016bmams, kurie ie\u0161ko \u012fvairov\u0117s, na\u0161umo ir patogumo. U\u017esisakyk dabar ir patirk kit\u0105 lyg\u012f d\u016bm\u0173!<\/p>","protected":false},"excerpt":{"rendered":"<p>\u2705 Labai daug \u012fjungim\u0173 \u2013 iki 45 000 \u012fjungim\u0173, papildomam garo malonumui!<br \/>\n\u2705 Be muitin\u0117s mokes\u010di\u0173 ir nemokamas pristatymas \u2013 Paprastai u\u017esakykite be papildom\u0173 i\u0161laid\u0173!<br \/>\n\u2705 Trij\u0173 skoni\u0173 derinys viename \u2013 Keiskite pagal nor\u0105, trigubas malonumas!<\/p>","protected":false},"featured_media":5620,"template":"","meta":[],"etheme_brands":[],"product_brand":[101],"product_cat":[66,49,61,87],"product_tag":[],"class_list":{"0":"post-5644","1":"product","2":"type-product","3":"status-publish","4":"has-post-thumbnail","6":"product_brand-bang-king-vape","7":"product_cat-45k-vape","8":"product_cat-einweg-e-zigarette","9":"product_cat-f","10":"product_cat-v","12":"first","13":"instock","14":"shipping-taxable","15":"purchasable","16":"product-type-variable"},"yoast_head":"<!-- This site is optimized with the Yoast SEO plugin v26.5 - https:\/\/yoast.com\/wordpress\/plugins\/seo\/ -->\n<title>Genie\u00dfen Sie BANG KING 45000 Bissen mit den Aromen Erdbeere Kiwi saure Mango Ananas und Red Bull | vapingnet.de<\/title>\n<meta name=\"description\" content=\"Genie\u00dfe mit BANG KING 45000 Puffs die Aromen von Strawberry Kiwi, Sour Mango Pineapple und Red Bull \u2013 intensiver Geschmack bis zum letzten Zug!\" \/>\n<meta name=\"robots\" content=\"index, follow, max-snippet:-1, max-image-preview:large, max-video-preview:-1\" \/>\n<link rel=\"canonical\" href=\"https:\/\/vapingnet.de\/lt\/vape\/geniessen-sie-bang-king-45000-bissen-mit-den-aromen-erdbeere-kiwi-saure-mango-ananas-und-red-bull\/\" \/>\n<meta property=\"og:locale\" content=\"lt_LT\" \/>\n<meta property=\"og:type\" content=\"article\" \/>\n<meta property=\"og:title\" content=\"Genie\u00dfen Sie BANG KING 45000 Bissen mit den Aromen Erdbeere Kiwi saure Mango Ananas und Red Bull | vapingnet.de\" \/>\n<meta property=\"og:description\" content=\"Genie\u00dfe mit BANG KING 45000 Puffs die Aromen von Strawberry Kiwi, Sour Mango Pineapple und Red Bull \u2013 intensiver Geschmack bis zum letzten Zug!\" \/>\n<meta property=\"og:url\" content=\"https:\/\/vapingnet.de\/lt\/vape\/geniessen-sie-bang-king-45000-bissen-mit-den-aromen-erdbeere-kiwi-saure-mango-ananas-und-red-bull\/\" \/>\n<meta property=\"og:site_name\" content=\"Vapingnet.de\" \/>\n<meta property=\"article:publisher\" content=\"https:\/\/www.facebook.com\/vapingnetde\/\" \/>\n<meta property=\"article:modified_time\" content=\"2025-06-19T03:40:38+00:00\" \/>\n<meta property=\"og:image\" content=\"https:\/\/vapingnet.de\/wp-content\/uploads\/2025\/03\/45k_Strawberry-Kiwi_Sour-Mango-Pineapple_Red-Bull-1.png\" \/>\n\t<meta property=\"og:image:width\" content=\"1000\" \/>\n\t<meta property=\"og:image:height\" content=\"1000\" \/>\n\t<meta property=\"og:image:type\" content=\"image\/png\" \/>\n<meta name=\"twitter:card\" content=\"summary_large_image\" \/>\n<meta name=\"twitter:label1\" content=\"Est. reading time\" \/>\n\t<meta name=\"twitter:data1\" content=\"4 minutes\" \/>\n<script type=\"application\/ld+json\" class=\"yoast-schema-graph\">{\"@context\":\"https:\/\/schema.org\",\"@graph\":[{\"@type\":\"WebPage\",\"@id\":\"https:\/\/vapingnet.de\/vape\/geniessen-sie-bang-king-45000-bissen-mit-den-aromen-erdbeere-kiwi-saure-mango-ananas-und-red-bull\/\",\"url\":\"https:\/\/vapingnet.de\/vape\/geniessen-sie-bang-king-45000-bissen-mit-den-aromen-erdbeere-kiwi-saure-mango-ananas-und-red-bull\/\",\"name\":\"Genie\u00dfen Sie BANG KING 45000 Bissen mit den Aromen Erdbeere Kiwi saure Mango Ananas und Red Bull | vapingnet.de\",\"isPartOf\":{\"@id\":\"https:\/\/vapingnet.de\/#website\"},\"primaryImageOfPage\":{\"@id\":\"https:\/\/vapingnet.de\/vape\/geniessen-sie-bang-king-45000-bissen-mit-den-aromen-erdbeere-kiwi-saure-mango-ananas-und-red-bull\/#primaryimage\"},\"image\":{\"@id\":\"https:\/\/vapingnet.de\/vape\/geniessen-sie-bang-king-45000-bissen-mit-den-aromen-erdbeere-kiwi-saure-mango-ananas-und-red-bull\/#primaryimage\"},\"thumbnailUrl\":\"https:\/\/vapingnet.de\/wp-content\/uploads\/2025\/03\/45k_Strawberry-Kiwi_Sour-Mango-Pineapple_Red-Bull-1.png\",\"datePublished\":\"2025-03-18T08:04:41+00:00\",\"dateModified\":\"2025-06-19T03:40:38+00:00\",\"description\":\"Genie\u00dfe mit BANG KING 45000 Puffs die Aromen von Strawberry Kiwi, Sour Mango Pineapple und Red Bull \u2013 intensiver Geschmack bis zum letzten Zug!\",\"breadcrumb\":{\"@id\":\"https:\/\/vapingnet.de\/vape\/geniessen-sie-bang-king-45000-bissen-mit-den-aromen-erdbeere-kiwi-saure-mango-ananas-und-red-bull\/#breadcrumb\"},\"inLanguage\":\"lt-LT\",\"potentialAction\":[{\"@type\":\"ReadAction\",\"target\":[\"https:\/\/vapingnet.de\/vape\/geniessen-sie-bang-king-45000-bissen-mit-den-aromen-erdbeere-kiwi-saure-mango-ananas-und-red-bull\/\"]}]},{\"@type\":\"ImageObject\",\"inLanguage\":\"lt-LT\",\"@id\":\"https:\/\/vapingnet.de\/vape\/geniessen-sie-bang-king-45000-bissen-mit-den-aromen-erdbeere-kiwi-saure-mango-ananas-und-red-bull\/#primaryimage\",\"url\":\"https:\/\/vapingnet.de\/wp-content\/uploads\/2025\/03\/45k_Strawberry-Kiwi_Sour-Mango-Pineapple_Red-Bull-1.png\",\"contentUrl\":\"https:\/\/vapingnet.de\/wp-content\/uploads\/2025\/03\/45k_Strawberry-Kiwi_Sour-Mango-Pineapple_Red-Bull-1.png\",\"width\":1000,\"height\":1000},{\"@type\":\"BreadcrumbList\",\"@id\":\"https:\/\/vapingnet.de\/vape\/geniessen-sie-bang-king-45000-bissen-mit-den-aromen-erdbeere-kiwi-saure-mango-ananas-und-red-bull\/#breadcrumb\",\"itemListElement\":[{\"@type\":\"ListItem\",\"position\":1,\"name\":\"Home\",\"item\":\"https:\/\/vapingnet.de\/\"},{\"@type\":\"ListItem\",\"position\":2,\"name\":\"Shop\",\"item\":\"https:\/\/vapingnet.de\/vape\/\"},{\"@type\":\"ListItem\",\"position\":3,\"name\":\"Genie\u00dfen Sie BANG KING 45000 Bissen mit den Aromen Erdbeere Kiwi saure Mango Ananas und Red Bull\"}]},{\"@type\":\"WebSite\",\"@id\":\"https:\/\/vapingnet.de\/#website\",\"url\":\"https:\/\/vapingnet.de\/\",\"name\":\"Vapingnet.de\",\"description\":\"\",\"publisher\":{\"@id\":\"https:\/\/vapingnet.de\/#organization\"},\"potentialAction\":[{\"@type\":\"SearchAction\",\"target\":{\"@type\":\"EntryPoint\",\"urlTemplate\":\"https:\/\/vapingnet.de\/?s={search_term_string}\"},\"query-input\":{\"@type\":\"PropertyValueSpecification\",\"valueRequired\":true,\"valueName\":\"search_term_string\"}}],\"inLanguage\":\"lt-LT\"},{\"@type\":\"Organization\",\"@id\":\"https:\/\/vapingnet.de\/#organization\",\"name\":\"Vapingnet.de\",\"url\":\"https:\/\/vapingnet.de\/\",\"logo\":{\"@type\":\"ImageObject\",\"inLanguage\":\"lt-LT\",\"@id\":\"https:\/\/vapingnet.de\/#\/schema\/logo\/image\/\",\"url\":\"https:\/\/vapingnet.de\/wp-content\/uploads\/2025\/03\/cropped-vapingnet.de_.jpg\",\"contentUrl\":\"https:\/\/vapingnet.de\/wp-content\/uploads\/2025\/03\/cropped-vapingnet.de_.jpg\",\"width\":512,\"height\":512,\"caption\":\"Vapingnet.de\"},\"image\":{\"@id\":\"https:\/\/vapingnet.de\/#\/schema\/logo\/image\/\"},\"sameAs\":[\"https:\/\/www.facebook.com\/vapingnetde\/\"]}]}<\/script>\n<!-- \/ Yoast SEO plugin. -->","yoast_head_json":{"title":"Genie\u00dfen Sie BANG KING 45000 Bissen mit den Aromen Erdbeere Kiwi saure Mango Ananas und Red Bull | vapingnet.de","description":"Genie\u00dfe mit BANG KING 45000 Puffs die Aromen von Strawberry Kiwi, Sour Mango Pineapple und Red Bull \u2013 intensiver Geschmack bis zum letzten Zug!","robots":{"index":"index","follow":"follow","max-snippet":"max-snippet:-1","max-image-preview":"max-image-preview:large","max-video-preview":"max-video-preview:-1"},"canonical":"https:\/\/vapingnet.de\/lt\/vape\/geniessen-sie-bang-king-45000-bissen-mit-den-aromen-erdbeere-kiwi-saure-mango-ananas-und-red-bull\/","og_locale":"lt_LT","og_type":"article","og_title":"Genie\u00dfen Sie BANG KING 45000 Bissen mit den Aromen Erdbeere Kiwi saure Mango Ananas und Red Bull | vapingnet.de","og_description":"Genie\u00dfe mit BANG KING 45000 Puffs die Aromen von Strawberry Kiwi, Sour Mango Pineapple und Red Bull \u2013 intensiver Geschmack bis zum letzten Zug!","og_url":"https:\/\/vapingnet.de\/lt\/vape\/geniessen-sie-bang-king-45000-bissen-mit-den-aromen-erdbeere-kiwi-saure-mango-ananas-und-red-bull\/","og_site_name":"Vapingnet.de","article_publisher":"https:\/\/www.facebook.com\/vapingnetde\/","article_modified_time":"2025-06-19T03:40:38+00:00","og_image":[{"width":1000,"height":1000,"url":"https:\/\/vapingnet.de\/wp-content\/uploads\/2025\/03\/45k_Strawberry-Kiwi_Sour-Mango-Pineapple_Red-Bull-1.png","type":"image\/png"}],"twitter_card":"summary_large_image","twitter_misc":{"Est. reading time":"4 minutes"},"schema":{"@context":"https:\/\/schema.org","@graph":[{"@type":"WebPage","@id":"https:\/\/vapingnet.de\/vape\/geniessen-sie-bang-king-45000-bissen-mit-den-aromen-erdbeere-kiwi-saure-mango-ananas-und-red-bull\/","url":"https:\/\/vapingnet.de\/vape\/geniessen-sie-bang-king-45000-bissen-mit-den-aromen-erdbeere-kiwi-saure-mango-ananas-und-red-bull\/","name":"Genie\u00dfen Sie BANG KING 45000 Bissen mit den Aromen Erdbeere Kiwi saure Mango Ananas und Red Bull | vapingnet.de","isPartOf":{"@id":"https:\/\/vapingnet.de\/#website"},"primaryImageOfPage":{"@id":"https:\/\/vapingnet.de\/vape\/geniessen-sie-bang-king-45000-bissen-mit-den-aromen-erdbeere-kiwi-saure-mango-ananas-und-red-bull\/#primaryimage"},"image":{"@id":"https:\/\/vapingnet.de\/vape\/geniessen-sie-bang-king-45000-bissen-mit-den-aromen-erdbeere-kiwi-saure-mango-ananas-und-red-bull\/#primaryimage"},"thumbnailUrl":"https:\/\/vapingnet.de\/wp-content\/uploads\/2025\/03\/45k_Strawberry-Kiwi_Sour-Mango-Pineapple_Red-Bull-1.png","datePublished":"2025-03-18T08:04:41+00:00","dateModified":"2025-06-19T03:40:38+00:00","description":"Genie\u00dfe mit BANG KING 45000 Puffs die Aromen von Strawberry Kiwi, Sour Mango Pineapple und Red Bull \u2013 intensiver Geschmack bis zum letzten Zug!","breadcrumb":{"@id":"https:\/\/vapingnet.de\/vape\/geniessen-sie-bang-king-45000-bissen-mit-den-aromen-erdbeere-kiwi-saure-mango-ananas-und-red-bull\/#breadcrumb"},"inLanguage":"lt-LT","potentialAction":[{"@type":"ReadAction","target":["https:\/\/vapingnet.de\/vape\/geniessen-sie-bang-king-45000-bissen-mit-den-aromen-erdbeere-kiwi-saure-mango-ananas-und-red-bull\/"]}]},{"@type":"ImageObject","inLanguage":"lt-LT","@id":"https:\/\/vapingnet.de\/vape\/geniessen-sie-bang-king-45000-bissen-mit-den-aromen-erdbeere-kiwi-saure-mango-ananas-und-red-bull\/#primaryimage","url":"https:\/\/vapingnet.de\/wp-content\/uploads\/2025\/03\/45k_Strawberry-Kiwi_Sour-Mango-Pineapple_Red-Bull-1.png","contentUrl":"https:\/\/vapingnet.de\/wp-content\/uploads\/2025\/03\/45k_Strawberry-Kiwi_Sour-Mango-Pineapple_Red-Bull-1.png","width":1000,"height":1000},{"@type":"BreadcrumbList","@id":"https:\/\/vapingnet.de\/vape\/geniessen-sie-bang-king-45000-bissen-mit-den-aromen-erdbeere-kiwi-saure-mango-ananas-und-red-bull\/#breadcrumb","itemListElement":[{"@type":"ListItem","position":1,"name":"Home","item":"https:\/\/vapingnet.de\/"},{"@type":"ListItem","position":2,"name":"Shop","item":"https:\/\/vapingnet.de\/vape\/"},{"@type":"ListItem","position":3,"name":"Genie\u00dfen Sie BANG KING 45000 Bissen mit den Aromen Erdbeere Kiwi saure Mango Ananas und Red Bull"}]},{"@type":"WebSite","@id":"https:\/\/vapingnet.de\/#website","url":"https:\/\/vapingnet.de\/","name":"Vapingnet.de","description":"","publisher":{"@id":"https:\/\/vapingnet.de\/#organization"},"potentialAction":[{"@type":"SearchAction","target":{"@type":"EntryPoint","urlTemplate":"https:\/\/vapingnet.de\/?s={search_term_string}"},"query-input":{"@type":"PropertyValueSpecification","valueRequired":true,"valueName":"search_term_string"}}],"inLanguage":"lt-LT"},{"@type":"Organization","@id":"https:\/\/vapingnet.de\/#organization","name":"Vapingnet.de","url":"https:\/\/vapingnet.de\/","logo":{"@type":"ImageObject","inLanguage":"lt-LT","@id":"https:\/\/vapingnet.de\/#\/schema\/logo\/image\/","url":"https:\/\/vapingnet.de\/wp-content\/uploads\/2025\/03\/cropped-vapingnet.de_.jpg","contentUrl":"https:\/\/vapingnet.de\/wp-content\/uploads\/2025\/03\/cropped-vapingnet.de_.jpg","width":512,"height":512,"caption":"Vapingnet.de"},"image":{"@id":"https:\/\/vapingnet.de\/#\/schema\/logo\/image\/"},"sameAs":["https:\/\/www.facebook.com\/vapingnetde\/"]}]}},"tiered_pricing_type":"fixed","tiered_pricing_fixed_rules":[],"tiered_pricing_product_settings":{"layout":"default","base_unit_name":{"singular":null,"plural":null},"default_variation":null},"tiered_pricing_minimum_quantity":null,"tiered_pricing_roles_data":[],"tiered_pricing_percentage_rules":[],"_links":{"self":[{"href":"https:\/\/vapingnet.de\/lt\/wp-json\/wp\/v2\/product\/5644","targetHints":{"allow":["GET"]}}],"collection":[{"href":"https:\/\/vapingnet.de\/lt\/wp-json\/wp\/v2\/product"}],"about":[{"href":"https:\/\/vapingnet.de\/lt\/wp-json\/wp\/v2\/types\/product"}],"version-history":[{"count":3,"href":"https:\/\/vapingnet.de\/lt\/wp-json\/wp\/v2\/product\/5644\/revisions"}],"predecessor-version":[{"id":5965,"href":"https:\/\/vapingnet.de\/lt\/wp-json\/wp\/v2\/product\/5644\/revisions\/5965"}],"wp:featuredmedia":[{"embeddable":true,"href":"https:\/\/vapingnet.de\/lt\/wp-json\/wp\/v2\/media\/5620"}],"wp:attachment":[{"href":"https:\/\/vapingnet.de\/lt\/wp-json\/wp\/v2\/media?parent=5644"}],"wp:term":[{"taxonomy":"brand","embeddable":true,"href":"https:\/\/vapingnet.de\/lt\/wp-json\/wp\/v2\/etheme_brands?post=5644"},{"taxonomy":"product_brand","embeddable":true,"href":"https:\/\/vapingnet.de\/lt\/wp-json\/wp\/v2\/product_brand?post=5644"},{"taxonomy":"product_cat","embeddable":true,"href":"https:\/\/vapingnet.de\/lt\/wp-json\/wp\/v2\/product_cat?post=5644"},{"taxonomy":"product_tag","embeddable":true,"href":"https:\/\/vapingnet.de\/lt\/wp-json\/wp\/v2\/product_tag?post=5644"}],"curies":[{"name":"wp","href":"https:\/\/api.w.org\/{rel}","templated":true}]}}