{"id":5648,"date":"2025-03-18T08:05:14","date_gmt":"2025-03-18T08:05:14","guid":{"rendered":"https:\/\/vapingnet.de\/?post_type=product&#038;p=5648"},"modified":"2025-06-19T03:40:38","modified_gmt":"2025-06-19T03:40:38","slug":"erleben-sie-bang-king-45000-ananas-kokosnuss-erdbeer-banane-und-blaubeere-3-geschmacksrichtungen","status":"publish","type":"product","link":"https:\/\/vapingnet.de\/lt\/vape\/erleben-sie-bang-king-45000-ananas-kokosnuss-erdbeer-banane-und-blaubeere-3-geschmacksrichtungen\/","title":{"rendered":"Patirkite BANG KING 45000 Ananasas-Kokos\u0173 Bra\u0161k\u0117-Banan\u0105 ir M\u0117lyn\u0105j\u0105 uog\u0105 3 skonius"},"content":{"rendered":"<h2 data-start=\"0\" data-end=\"79\">BANG KING 45000 P\u016bsl\u0173 Tropin\u0117 \u012fvairov\u0117 su trimis intensyviais aromatais Ananasas Kokosas, Bra\u0161ki\u0173 Bananas ir M\u0117lynas Razz<\/h2>\n<p data-start=\"81\" data-end=\"436\">BANG KING 45000 P\u016bsl\u0173 n\u0117ra tik vienas <strong><a href=\"https:\/\/vapingnet.de\/lt\/k\/einweg-e-zigarette\/\">Vienkartin\u0117 elektronin\u0117 cigaret\u0117<\/a><\/strong> \u2013 jis yra d\u016bmavimo revoliucija. Su trimis atskirai pasirenkamais aromatais, did\u017eiuliu talpumu <strong><a href=\"https:\/\/vapingnet.de\/lt\/k\/45k-vape\/\">45k vape<\/a><\/strong> ir pa\u017eangia Mesh-Coil technologija, \u0161is modelis si\u016blo neprilygstam\u0105 skonio patirt\u012f visiems, kurie ie\u0161ko \u012fvairov\u0117s ir kokyb\u0117s.<\/p>\n<h3 data-start=\"438\" data-end=\"504\">Trys unikal\u016bs aromatai \u2013 Tropi\u0161ki, sald\u016bs ir gaiv\u016bs<\/h3>\n<p data-start=\"506\" data-end=\"709\">Skirtingai nuo \u012fprast\u0173 vienkartini\u0173 vape'\u0173, kurie si\u016blo tik vien\u0105 aromat\u0105, su <strong><a href=\"https:\/\/vapingnet.de\/lt\/bang-king-45000-puffs\/\">BANG KING 45000 Puffs<\/a><\/strong> paspaudimu galite keisti tarp trij\u0173 skirting\u0173 skoni\u0173:<\/p>\n<h4 data-start=\"711\" data-end=\"764\">1. Ananasas Kokosas \u2013 Tropinis sapnas<\/h4>\n<p data-start=\"765\" data-end=\"1035\">\u0160i kombinacija i\u0161 sultingo ananaso ir kreminio kokoso suteikia tobul\u0105 Karib\u0173 jausm\u0105 j\u016bs\u0173 d\u016bmavimo patir\u010diai. Vaisi\u0173 saldumas i\u0161 ananaso susilieja su \u0161velnia kokoso tekst\u016bra, tod\u0117l kiekvienas \u012fkv\u0117pimas skamba kaip egzoti\u0161kas kokteilis.<\/p>\n<h4 data-start=\"1037\" data-end=\"1089\">2. Bra\u0161ki\u0173 Bananas \u2013 Vaisi\u0173 harmonija<\/h4>\n<p data-start=\"1090\" data-end=\"1354\">Viena i\u0161 populiariausi\u0173 skoni\u0173 kombinacij\u0173: sald\u017eios, prinokusios bra\u0161k\u0117s susilieja su kreminiu banana, sudarydamos \u0161veln\u0173 ir piln\u0105 aromat\u0105. Tobula tiems, kurie m\u0117gsta subalansuot\u0105 vaisi\u0173 ir kremin\u0117s tekst\u016bros derin\u012f.<\/p>\n<h4 data-start=\"1356\" data-end=\"1406\">3. M\u0117lynas Razz \u2013 Gaivus ir energizuojantis<\/h4>\n<p data-start=\"1407\" data-end=\"1638\">Intensyvi sald\u017ei\u0173 m\u0117lyni\u0173 ir r\u016bg\u0161\u010di\u0173 avie\u010di\u0173 mi\u0161inys su lengva gaivumo nata. M\u0117lynas Razz suteikia tobul\u0105 pusiausvyr\u0105 tarp saldaus ir r\u016bg\u0161taus, u\u017etikrindamas energizuojan\u010di\u0105 d\u016bmavimo patirt\u012f su kiekvienu \u012fkv\u0117pimu.<\/p>\n<h3 data-start=\"1645\" data-end=\"1699\">Technin\u0117s BANG KING 45000 P\u016bsl\u0173 detal\u0117s<\/h3>\n<div class=\"overflow-x-auto contain-inline-size\">\n<table data-start=\"1701\" data-end=\"2199\">\n<thead data-start=\"1701\" data-end=\"1741\">\n<tr data-start=\"1701\" data-end=\"1741\">\n<th data-start=\"1701\" data-end=\"1725\">Savyb\u0117<\/th>\n<th data-start=\"1725\" data-end=\"1741\">Detal\u0117s<\/th>\n<\/tr>\n<\/thead>\n<tbody data-start=\"1781\" data-end=\"2199\">\n<tr data-start=\"1781\" data-end=\"1819\">\n<td>P\u016bsl\u0173 skai\u010dius<\/td>\n<td>45 000 \u012fkv\u0117pim\u0173<\/td>\n<\/tr>\n<tr data-start=\"1820\" data-end=\"1867\">\n<td>E-liquido talpa<\/td>\n<td>15ml + 15ml + 15ml<\/td>\n<\/tr>\n<tr data-start=\"1868\" data-end=\"1911\">\n<td>Vamzdelio tipas<\/td>\n<td>Tinklelio rit\u0117 1.0 Ohm<\/td>\n<\/tr>\n<tr data-start=\"1912\" data-end=\"1953\">\n<td>Nikotino stiprumas<\/td>\n<td>0%, 2%, 3%, 5%<\/td>\n<\/tr>\n<tr data-start=\"1954\" data-end=\"2003\">\n<td>Baterija<\/td>\n<td>650mAh, \u012fkraunamas<\/td>\n<\/tr>\n<tr data-start=\"2004\" data-end=\"2036\">\n<td>\u012ekrovimo jungtis<\/td>\n<td>Type-C<\/td>\n<\/tr>\n<tr data-start=\"2037\" data-end=\"2076\">\n<td>\u012ekrovimo laikas<\/td>\n<td>Apie 2 valandas<\/td>\n<\/tr>\n<tr data-start=\"2077\" data-end=\"2108\">\n<td>Mechaninis modifikavimas<\/td>\n<td>Ne<\/td>\n<\/tr>\n<tr data-start=\"2109\" data-end=\"2138\">\n<td>Vienkartinis \u012frenginys<\/td>\n<td>Ja<\/td>\n<\/tr>\n<tr data-start=\"2139\" data-end=\"2199\">\n<td>Aromato pasirinkimai<\/td>\n<td>12 skirting\u0173 skoni\u0173<\/td>\n<\/tr>\n<\/tbody>\n<\/table>\n<\/div>\n<h3 data-start=\"2206\" data-end=\"2244\">Kod\u0117l BANG KING 45000 p\u016btim\u0173?<\/h3>\n<h4 data-start=\"2246\" data-end=\"2320\">Trys aromatai viename \u012frenginyje \u2013 Daugiau skonio, daugiau \u012fvairov\u0117s<\/h4>\n<ul data-start=\"2321\" data-end=\"2515\">\n<li data-start=\"2321\" data-end=\"2398\">Paspaudimu keisti tarp trij\u0173 intensyvi\u0173 skoni\u0173<\/li>\n<li data-start=\"2399\" data-end=\"2452\">Nereikia papildomo skys\u010dio ar antro \u012frenginio<\/li>\n<li data-start=\"2453\" data-end=\"2515\">Ideali tropini\u0173, sald\u017ei\u0173 ir gaivinan\u010di\u0173 skoni\u0173 kombinacija<\/li>\n<\/ul>\n<h4 data-start=\"2517\" data-end=\"2586\">Moderniausia tinklinio rit\u0117s technologija intensyviam skoniui<\/h4>\n<p data-start=\"2587\" data-end=\"2632\">D\u0117ka 1.0 om\u0173 tinklin\u0117s rit\u0117s patiri:<\/p>\n<ul data-start=\"2633\" data-end=\"2808\">\n<li data-start=\"2633\" data-end=\"2690\">Maksimalus aromato i\u0161skyrimas intensyviam skoniui<\/li>\n<li data-start=\"2691\" data-end=\"2746\">Tankios garo debesys pilnam garintoj\u0173 potyriui<\/li>\n<li data-start=\"2747\" data-end=\"2808\">Ilgalaikis skonio nuoseklumas iki paskutinio \u012fkv\u0117pimo<\/li>\n<\/ul>\n<h4 data-start=\"2810\" data-end=\"2870\">\u012ekraunama 650mAh baterija su greitu \u012fkrovimu<\/h4>\n<ul data-start=\"2871\" data-end=\"3043\">\n<li data-start=\"2871\" data-end=\"2936\">\u012ekrovimo jungtis: Tipo-C greitam ir paprastam \u012fkrovimui<\/li>\n<li data-start=\"2937\" data-end=\"2977\">Pilnai \u012fkraunama per apie 2 valandas<\/li>\n<li data-start=\"2978\" data-end=\"3043\">Galimi keli \u012fkrovimo ciklai prie\u0161 i\u0161metant \u012frengin\u012f<\/li>\n<\/ul>\n<h4 data-start=\"3045\" data-end=\"3093\">Galimyb\u0117 pasirinkti nikotino stiprum\u0105<\/h4>\n<ul data-start=\"3094\" data-end=\"3366\">\n<li data-start=\"3094\" data-end=\"3159\">0% (nikotino nemokamai) \u2013 Idealiai tinkama grynam skoniui be nikotino<\/li>\n<li data-start=\"3160\" data-end=\"3228\">2% (20mg\/ml) \u2013 lengvas nikotino stiprumas atsipalaidavusiems garintojams<\/li>\n<li data-start=\"3229\" data-end=\"3298\">3% (30mg\/ml) \u2013 Tobula pusiausvyra tarp skonio ir nikotino \u012fkrovos<\/li>\n<li data-start=\"3299\" data-end=\"3366\">5% (50mg\/ml) \u2013 Galinga nikotino doz\u0117 patyrusiems garintojams<\/li>\n<\/ul>\n<h3 data-start=\"3373\" data-end=\"3422\">Pakuot\u0117s ir transportavimo informacija<\/h3>\n<div class=\"overflow-x-auto contain-inline-size\">\n<table data-start=\"3424\" data-end=\"3662\">\n<thead data-start=\"3424\" data-end=\"3465\">\n<tr data-start=\"3424\" data-end=\"3465\">\n<th data-start=\"3424\" data-end=\"3449\">Pakuot\u0117s vienetas<\/th>\n<th data-start=\"3449\" data-end=\"3465\">Detal\u0117s<\/th>\n<\/tr>\n<\/thead>\n<tbody data-start=\"3505\" data-end=\"3662\">\n<tr data-start=\"3505\" data-end=\"3540\">\n<td>Kartonin\u0117 d\u0117\u017eut\u0117<\/td>\n<td>10 vienet\u0173<\/td>\n<\/tr>\n<tr data-start=\"3541\" data-end=\"3597\">\n<td>Kartonin\u0117 pakuot\u0117<\/td>\n<td>20 d\u0117\u017eu\u010di\u0173 (100 arba 200 vienet\u0173)<\/td>\n<\/tr>\n<tr data-start=\"3598\" data-end=\"3662\">\n<td>Transporto dydis<\/td>\n<td>Kartono pakuot\u0117 saugiam siuntimui<\/td>\n<\/tr>\n<\/tbody>\n<\/table>\n<\/div>\n<h3 data-start=\"3669\" data-end=\"3738\">Galutinis elektroninis cigaret\u0117 su tropiniais aromatais<\/h3>\n<p data-start=\"3740\" data-end=\"4065\">Trys unikal\u016bs aromatai viename \u012frenginyje \u2013 tropiniai, sald\u016bs ir gaiv\u016bs<br data-start=\"3817\" data-end=\"3820\" \/>Inovatyvi tinklinio rit\u0117s technologija intensyviam skoniui<br data-start=\"3883\" data-end=\"3886\" \/>\u012ekraunama baterija su Type-C greitu \u012fkrovimu<br data-start=\"3939\" data-end=\"3942\" \/>45 000 \u012fkv\u0117pim\u0173 ilgam garinimo potyriui<br data-start=\"3997\" data-end=\"4000\" \/>Prieinama keturi\u0173 nikotino stiprum\u0173 \u2013 nuo nikotino nemokamai iki 5%<\/p>\n<p data-start=\"4067\" data-end=\"4167\" data-is-last-node=\"\" data-is-only-node=\"\">Patirkite maksimal\u0173 skonio \u012fvairov\u0119 su BANG KING 45000 \u012fkv\u0117pim\u0173 \u2013 u\u017esisakykite dabar ir m\u0117gaukit\u0117s!<\/p>","protected":false},"excerpt":{"rendered":"<p>\u2705 Labai daug \u012fjungim\u0173 \u2013 iki 45 000 \u012fjungim\u0173, papildomam garo malonumui!<br \/>\n\u2705 Be muitin\u0117s mokes\u010di\u0173 ir nemokamas pristatymas \u2013 Paprastai u\u017esakykite be papildom\u0173 i\u0161laid\u0173!<br \/>\n\u2705 Trij\u0173 skoni\u0173 derinys viename \u2013 Keiskite pagal nor\u0105, trigubas malonumas!<\/p>","protected":false},"featured_media":5617,"template":"","meta":[],"etheme_brands":[],"product_brand":[101],"product_cat":[66,49,61,87],"product_tag":[],"class_list":{"0":"post-5648","1":"product","2":"type-product","3":"status-publish","4":"has-post-thumbnail","6":"product_brand-bang-king-vape","7":"product_cat-45k-vape","8":"product_cat-einweg-e-zigarette","9":"product_cat-f","10":"product_cat-v","12":"first","13":"instock","14":"shipping-taxable","15":"purchasable","16":"product-type-variable"},"yoast_head":"<!-- This site is optimized with the Yoast SEO plugin v26.5 - https:\/\/yoast.com\/wordpress\/plugins\/seo\/ -->\n<title>Erleben Sie BANG KING 45000 Ananas-Kokosnuss Erdbeer-Banane und Blaubeere 3 Geschmacksrichtungen | vapingnet.de<\/title>\n<meta name=\"description\" content=\"Erlebe mit BANG KING 45000 Puffs tropische Vielfalt: Pineapple Coconut, Strawberry Banana &amp; Blue Razz \u2013 3 Aromen, 45.000 Z\u00fcge!\" \/>\n<meta name=\"robots\" content=\"index, follow, max-snippet:-1, max-image-preview:large, max-video-preview:-1\" \/>\n<link rel=\"canonical\" href=\"https:\/\/vapingnet.de\/lt\/vape\/erleben-sie-bang-king-45000-ananas-kokosnuss-erdbeer-banane-und-blaubeere-3-geschmacksrichtungen\/\" \/>\n<meta property=\"og:locale\" content=\"lt_LT\" \/>\n<meta property=\"og:type\" content=\"article\" \/>\n<meta property=\"og:title\" content=\"Erleben Sie BANG KING 45000 Ananas-Kokosnuss Erdbeer-Banane und Blaubeere 3 Geschmacksrichtungen | vapingnet.de\" \/>\n<meta property=\"og:description\" content=\"Erlebe mit BANG KING 45000 Puffs tropische Vielfalt: Pineapple Coconut, Strawberry Banana &amp; Blue Razz \u2013 3 Aromen, 45.000 Z\u00fcge!\" \/>\n<meta property=\"og:url\" content=\"https:\/\/vapingnet.de\/lt\/vape\/erleben-sie-bang-king-45000-ananas-kokosnuss-erdbeer-banane-und-blaubeere-3-geschmacksrichtungen\/\" \/>\n<meta property=\"og:site_name\" content=\"Vapingnet.de\" \/>\n<meta property=\"article:publisher\" content=\"https:\/\/www.facebook.com\/vapingnetde\/\" \/>\n<meta property=\"article:modified_time\" content=\"2025-06-19T03:40:38+00:00\" \/>\n<meta property=\"og:image\" content=\"https:\/\/vapingnet.de\/wp-content\/uploads\/2025\/03\/45k_Pineapple-Coconut-Strawberry-Banana-Blue-Razz-1.png\" \/>\n\t<meta property=\"og:image:width\" content=\"1000\" \/>\n\t<meta property=\"og:image:height\" content=\"1000\" \/>\n\t<meta property=\"og:image:type\" content=\"image\/png\" \/>\n<meta name=\"twitter:card\" content=\"summary_large_image\" \/>\n<meta name=\"twitter:label1\" content=\"Est. reading time\" \/>\n\t<meta name=\"twitter:data1\" content=\"3 minutes\" \/>\n<script type=\"application\/ld+json\" class=\"yoast-schema-graph\">{\"@context\":\"https:\/\/schema.org\",\"@graph\":[{\"@type\":\"WebPage\",\"@id\":\"https:\/\/vapingnet.de\/vape\/erleben-sie-bang-king-45000-ananas-kokosnuss-erdbeer-banane-und-blaubeere-3-geschmacksrichtungen\/\",\"url\":\"https:\/\/vapingnet.de\/vape\/erleben-sie-bang-king-45000-ananas-kokosnuss-erdbeer-banane-und-blaubeere-3-geschmacksrichtungen\/\",\"name\":\"Erleben Sie BANG KING 45000 Ananas-Kokosnuss Erdbeer-Banane und Blaubeere 3 Geschmacksrichtungen | vapingnet.de\",\"isPartOf\":{\"@id\":\"https:\/\/vapingnet.de\/#website\"},\"primaryImageOfPage\":{\"@id\":\"https:\/\/vapingnet.de\/vape\/erleben-sie-bang-king-45000-ananas-kokosnuss-erdbeer-banane-und-blaubeere-3-geschmacksrichtungen\/#primaryimage\"},\"image\":{\"@id\":\"https:\/\/vapingnet.de\/vape\/erleben-sie-bang-king-45000-ananas-kokosnuss-erdbeer-banane-und-blaubeere-3-geschmacksrichtungen\/#primaryimage\"},\"thumbnailUrl\":\"https:\/\/vapingnet.de\/wp-content\/uploads\/2025\/03\/45k_Pineapple-Coconut-Strawberry-Banana-Blue-Razz-1.png\",\"datePublished\":\"2025-03-18T08:05:14+00:00\",\"dateModified\":\"2025-06-19T03:40:38+00:00\",\"description\":\"Erlebe mit BANG KING 45000 Puffs tropische Vielfalt: Pineapple Coconut, Strawberry Banana & Blue Razz \u2013 3 Aromen, 45.000 Z\u00fcge!\",\"breadcrumb\":{\"@id\":\"https:\/\/vapingnet.de\/vape\/erleben-sie-bang-king-45000-ananas-kokosnuss-erdbeer-banane-und-blaubeere-3-geschmacksrichtungen\/#breadcrumb\"},\"inLanguage\":\"lt-LT\",\"potentialAction\":[{\"@type\":\"ReadAction\",\"target\":[\"https:\/\/vapingnet.de\/vape\/erleben-sie-bang-king-45000-ananas-kokosnuss-erdbeer-banane-und-blaubeere-3-geschmacksrichtungen\/\"]}]},{\"@type\":\"ImageObject\",\"inLanguage\":\"lt-LT\",\"@id\":\"https:\/\/vapingnet.de\/vape\/erleben-sie-bang-king-45000-ananas-kokosnuss-erdbeer-banane-und-blaubeere-3-geschmacksrichtungen\/#primaryimage\",\"url\":\"https:\/\/vapingnet.de\/wp-content\/uploads\/2025\/03\/45k_Pineapple-Coconut-Strawberry-Banana-Blue-Razz-1.png\",\"contentUrl\":\"https:\/\/vapingnet.de\/wp-content\/uploads\/2025\/03\/45k_Pineapple-Coconut-Strawberry-Banana-Blue-Razz-1.png\",\"width\":1000,\"height\":1000},{\"@type\":\"BreadcrumbList\",\"@id\":\"https:\/\/vapingnet.de\/vape\/erleben-sie-bang-king-45000-ananas-kokosnuss-erdbeer-banane-und-blaubeere-3-geschmacksrichtungen\/#breadcrumb\",\"itemListElement\":[{\"@type\":\"ListItem\",\"position\":1,\"name\":\"Home\",\"item\":\"https:\/\/vapingnet.de\/\"},{\"@type\":\"ListItem\",\"position\":2,\"name\":\"Shop\",\"item\":\"https:\/\/vapingnet.de\/vape\/\"},{\"@type\":\"ListItem\",\"position\":3,\"name\":\"Erleben Sie BANG KING 45000 Ananas-Kokosnuss Erdbeer-Banane und Blaubeere 3 Geschmacksrichtungen\"}]},{\"@type\":\"WebSite\",\"@id\":\"https:\/\/vapingnet.de\/#website\",\"url\":\"https:\/\/vapingnet.de\/\",\"name\":\"Vapingnet.de\",\"description\":\"\",\"publisher\":{\"@id\":\"https:\/\/vapingnet.de\/#organization\"},\"potentialAction\":[{\"@type\":\"SearchAction\",\"target\":{\"@type\":\"EntryPoint\",\"urlTemplate\":\"https:\/\/vapingnet.de\/?s={search_term_string}\"},\"query-input\":{\"@type\":\"PropertyValueSpecification\",\"valueRequired\":true,\"valueName\":\"search_term_string\"}}],\"inLanguage\":\"lt-LT\"},{\"@type\":\"Organization\",\"@id\":\"https:\/\/vapingnet.de\/#organization\",\"name\":\"Vapingnet.de\",\"url\":\"https:\/\/vapingnet.de\/\",\"logo\":{\"@type\":\"ImageObject\",\"inLanguage\":\"lt-LT\",\"@id\":\"https:\/\/vapingnet.de\/#\/schema\/logo\/image\/\",\"url\":\"https:\/\/vapingnet.de\/wp-content\/uploads\/2025\/03\/cropped-vapingnet.de_.jpg\",\"contentUrl\":\"https:\/\/vapingnet.de\/wp-content\/uploads\/2025\/03\/cropped-vapingnet.de_.jpg\",\"width\":512,\"height\":512,\"caption\":\"Vapingnet.de\"},\"image\":{\"@id\":\"https:\/\/vapingnet.de\/#\/schema\/logo\/image\/\"},\"sameAs\":[\"https:\/\/www.facebook.com\/vapingnetde\/\"]}]}<\/script>\n<!-- \/ Yoast SEO plugin. -->","yoast_head_json":{"title":"Erleben Sie BANG KING 45000 Ananas-Kokosnuss Erdbeer-Banane und Blaubeere 3 Geschmacksrichtungen | vapingnet.de","description":"Erlebe mit BANG KING 45000 Puffs tropische Vielfalt: Pineapple Coconut, Strawberry Banana & Blue Razz \u2013 3 Aromen, 45.000 Z\u00fcge!","robots":{"index":"index","follow":"follow","max-snippet":"max-snippet:-1","max-image-preview":"max-image-preview:large","max-video-preview":"max-video-preview:-1"},"canonical":"https:\/\/vapingnet.de\/lt\/vape\/erleben-sie-bang-king-45000-ananas-kokosnuss-erdbeer-banane-und-blaubeere-3-geschmacksrichtungen\/","og_locale":"lt_LT","og_type":"article","og_title":"Erleben Sie BANG KING 45000 Ananas-Kokosnuss Erdbeer-Banane und Blaubeere 3 Geschmacksrichtungen | vapingnet.de","og_description":"Erlebe mit BANG KING 45000 Puffs tropische Vielfalt: Pineapple Coconut, Strawberry Banana & Blue Razz \u2013 3 Aromen, 45.000 Z\u00fcge!","og_url":"https:\/\/vapingnet.de\/lt\/vape\/erleben-sie-bang-king-45000-ananas-kokosnuss-erdbeer-banane-und-blaubeere-3-geschmacksrichtungen\/","og_site_name":"Vapingnet.de","article_publisher":"https:\/\/www.facebook.com\/vapingnetde\/","article_modified_time":"2025-06-19T03:40:38+00:00","og_image":[{"width":1000,"height":1000,"url":"https:\/\/vapingnet.de\/wp-content\/uploads\/2025\/03\/45k_Pineapple-Coconut-Strawberry-Banana-Blue-Razz-1.png","type":"image\/png"}],"twitter_card":"summary_large_image","twitter_misc":{"Est. reading time":"3 minutes"},"schema":{"@context":"https:\/\/schema.org","@graph":[{"@type":"WebPage","@id":"https:\/\/vapingnet.de\/vape\/erleben-sie-bang-king-45000-ananas-kokosnuss-erdbeer-banane-und-blaubeere-3-geschmacksrichtungen\/","url":"https:\/\/vapingnet.de\/vape\/erleben-sie-bang-king-45000-ananas-kokosnuss-erdbeer-banane-und-blaubeere-3-geschmacksrichtungen\/","name":"Erleben Sie BANG KING 45000 Ananas-Kokosnuss Erdbeer-Banane und Blaubeere 3 Geschmacksrichtungen | vapingnet.de","isPartOf":{"@id":"https:\/\/vapingnet.de\/#website"},"primaryImageOfPage":{"@id":"https:\/\/vapingnet.de\/vape\/erleben-sie-bang-king-45000-ananas-kokosnuss-erdbeer-banane-und-blaubeere-3-geschmacksrichtungen\/#primaryimage"},"image":{"@id":"https:\/\/vapingnet.de\/vape\/erleben-sie-bang-king-45000-ananas-kokosnuss-erdbeer-banane-und-blaubeere-3-geschmacksrichtungen\/#primaryimage"},"thumbnailUrl":"https:\/\/vapingnet.de\/wp-content\/uploads\/2025\/03\/45k_Pineapple-Coconut-Strawberry-Banana-Blue-Razz-1.png","datePublished":"2025-03-18T08:05:14+00:00","dateModified":"2025-06-19T03:40:38+00:00","description":"Erlebe mit BANG KING 45000 Puffs tropische Vielfalt: Pineapple Coconut, Strawberry Banana & Blue Razz \u2013 3 Aromen, 45.000 Z\u00fcge!","breadcrumb":{"@id":"https:\/\/vapingnet.de\/vape\/erleben-sie-bang-king-45000-ananas-kokosnuss-erdbeer-banane-und-blaubeere-3-geschmacksrichtungen\/#breadcrumb"},"inLanguage":"lt-LT","potentialAction":[{"@type":"ReadAction","target":["https:\/\/vapingnet.de\/vape\/erleben-sie-bang-king-45000-ananas-kokosnuss-erdbeer-banane-und-blaubeere-3-geschmacksrichtungen\/"]}]},{"@type":"ImageObject","inLanguage":"lt-LT","@id":"https:\/\/vapingnet.de\/vape\/erleben-sie-bang-king-45000-ananas-kokosnuss-erdbeer-banane-und-blaubeere-3-geschmacksrichtungen\/#primaryimage","url":"https:\/\/vapingnet.de\/wp-content\/uploads\/2025\/03\/45k_Pineapple-Coconut-Strawberry-Banana-Blue-Razz-1.png","contentUrl":"https:\/\/vapingnet.de\/wp-content\/uploads\/2025\/03\/45k_Pineapple-Coconut-Strawberry-Banana-Blue-Razz-1.png","width":1000,"height":1000},{"@type":"BreadcrumbList","@id":"https:\/\/vapingnet.de\/vape\/erleben-sie-bang-king-45000-ananas-kokosnuss-erdbeer-banane-und-blaubeere-3-geschmacksrichtungen\/#breadcrumb","itemListElement":[{"@type":"ListItem","position":1,"name":"Home","item":"https:\/\/vapingnet.de\/"},{"@type":"ListItem","position":2,"name":"Shop","item":"https:\/\/vapingnet.de\/vape\/"},{"@type":"ListItem","position":3,"name":"Erleben Sie BANG KING 45000 Ananas-Kokosnuss Erdbeer-Banane und Blaubeere 3 Geschmacksrichtungen"}]},{"@type":"WebSite","@id":"https:\/\/vapingnet.de\/#website","url":"https:\/\/vapingnet.de\/","name":"Vapingnet.de","description":"","publisher":{"@id":"https:\/\/vapingnet.de\/#organization"},"potentialAction":[{"@type":"SearchAction","target":{"@type":"EntryPoint","urlTemplate":"https:\/\/vapingnet.de\/?s={search_term_string}"},"query-input":{"@type":"PropertyValueSpecification","valueRequired":true,"valueName":"search_term_string"}}],"inLanguage":"lt-LT"},{"@type":"Organization","@id":"https:\/\/vapingnet.de\/#organization","name":"Vapingnet.de","url":"https:\/\/vapingnet.de\/","logo":{"@type":"ImageObject","inLanguage":"lt-LT","@id":"https:\/\/vapingnet.de\/#\/schema\/logo\/image\/","url":"https:\/\/vapingnet.de\/wp-content\/uploads\/2025\/03\/cropped-vapingnet.de_.jpg","contentUrl":"https:\/\/vapingnet.de\/wp-content\/uploads\/2025\/03\/cropped-vapingnet.de_.jpg","width":512,"height":512,"caption":"Vapingnet.de"},"image":{"@id":"https:\/\/vapingnet.de\/#\/schema\/logo\/image\/"},"sameAs":["https:\/\/www.facebook.com\/vapingnetde\/"]}]}},"tiered_pricing_type":"fixed","tiered_pricing_fixed_rules":[],"tiered_pricing_product_settings":{"layout":"default","base_unit_name":{"singular":null,"plural":null},"default_variation":null},"tiered_pricing_minimum_quantity":null,"tiered_pricing_roles_data":[],"tiered_pricing_percentage_rules":[],"_links":{"self":[{"href":"https:\/\/vapingnet.de\/lt\/wp-json\/wp\/v2\/product\/5648","targetHints":{"allow":["GET"]}}],"collection":[{"href":"https:\/\/vapingnet.de\/lt\/wp-json\/wp\/v2\/product"}],"about":[{"href":"https:\/\/vapingnet.de\/lt\/wp-json\/wp\/v2\/types\/product"}],"version-history":[{"count":3,"href":"https:\/\/vapingnet.de\/lt\/wp-json\/wp\/v2\/product\/5648\/revisions"}],"predecessor-version":[{"id":5963,"href":"https:\/\/vapingnet.de\/lt\/wp-json\/wp\/v2\/product\/5648\/revisions\/5963"}],"wp:featuredmedia":[{"embeddable":true,"href":"https:\/\/vapingnet.de\/lt\/wp-json\/wp\/v2\/media\/5617"}],"wp:attachment":[{"href":"https:\/\/vapingnet.de\/lt\/wp-json\/wp\/v2\/media?parent=5648"}],"wp:term":[{"taxonomy":"brand","embeddable":true,"href":"https:\/\/vapingnet.de\/lt\/wp-json\/wp\/v2\/etheme_brands?post=5648"},{"taxonomy":"product_brand","embeddable":true,"href":"https:\/\/vapingnet.de\/lt\/wp-json\/wp\/v2\/product_brand?post=5648"},{"taxonomy":"product_cat","embeddable":true,"href":"https:\/\/vapingnet.de\/lt\/wp-json\/wp\/v2\/product_cat?post=5648"},{"taxonomy":"product_tag","embeddable":true,"href":"https:\/\/vapingnet.de\/lt\/wp-json\/wp\/v2\/product_tag?post=5648"}],"curies":[{"name":"wp","href":"https:\/\/api.w.org\/{rel}","templated":true}]}}