{"id":5650,"date":"2025-03-18T08:05:16","date_gmt":"2025-03-18T08:05:16","guid":{"rendered":"https:\/\/vapingnet.de\/?post_type=product&#038;p=5650"},"modified":"2025-06-19T03:40:37","modified_gmt":"2025-06-19T03:40:37","slug":"geniessen-sie-die-perfekte-kombination-aus-erdbeer-himbeere-dreifachmelone-und-saurer-mango-ananas-mit-bang-king-45000-puffs","status":"publish","type":"product","link":"https:\/\/vapingnet.de\/lt\/vape\/geniessen-sie-die-perfekte-kombination-aus-erdbeer-himbeere-dreifachmelone-und-saurer-mango-ananas-mit-bang-king-45000-puffs\/","title":{"rendered":"M\u0117gaukit\u0117s tobula bra\u0161ki\u0173-avie\u010di\u0173, trigubos meliono ir r\u016bg\u0161taus mango-ananaso kombinacija su BANG KING 45000 Puffs"},"content":{"rendered":"<h2 data-start=\"0\" data-end=\"85\">BANG KING 45000 P\u016b\u010di\u0173 Trij\u0173 skoni\u0173 nepakartojamai garinimo patir\u010diai<\/h2>\n<p data-start=\"87\" data-end=\"445\">BANG KING 45000 P\u016b\u010di\u0173 perkuria garinim\u0105. Su savo inovatyvia 3-in-1 skonio technologija, dideliu talpumu <strong><a href=\"https:\/\/vapingnet.de\/lt\/k\/45k-vape\/\">45k vape<\/a><\/strong> ir modernia Mesh-Coil technologija \u0161is modelis i\u0161siskiria i\u0161 \u012fprast\u0173 <strong><a href=\"https:\/\/vapingnet.de\/lt\/k\/einweg-e-zigarette\/\">Vienkartini\u0173 elektronini\u0173 cigare\u010di\u0173<\/a><\/strong> d\u0117l galingo akumuliatoriaus ir Type-C greito \u012fkrovimo \u012frenginys visada yra paruo\u0161tas naudoti.<\/p>\n<p data-start=\"447\" data-end=\"722\">Ypatingas akcentas yra trij\u0173 intensyvi\u0173 vaisi\u0173 aromat\u0173 derinys, kuris suteikia \u012fvairov\u0117s ir i\u0161skirtin\u0117s skonio patirties. Kas vertina kokyb\u0119, ilgaam\u017ei\u0161kum\u0105 ir skonio \u012fvairov\u0119, pasirinkdami BANG KING 45000 P\u016b\u010di\u0173 ras tobul\u0105 pasirinkim\u0105.<\/p>\n<h3>Trys aromatai maksimaliai malonumui<\/h3>\n<p data-start=\"772\" data-end=\"972\">Unikalus <strong><a href=\"https:\/\/vapingnet.de\/lt\/bang-king-45000-puffs\/\">BANG KING 45000 Puffs<\/a><\/strong> 3 kamer\u0173 sistema<\/p>\n<p>leid\u017eia keisti tarp trij\u0173 skirting\u0173 skoni\u0173 be papildomo \u012frenginio ar papildom\u0173 skys\u010di\u0173.<\/p>\n<p data-start=\"1009\" data-end=\"1233\">1. Bra\u0161k\u0117 Aviet\u0117<\/p>\n<p>Harmoninga sald\u017ei\u0173 bra\u0161ki\u0173 ir \u0161iek tiek r\u016bg\u0161\u010di\u0173 avie\u010di\u0173 mi\u0161inys. Bra\u0161ki\u0173 gaivumas puikiai susilieja su avie\u010di\u0173 sultinga nata ir sukuria subalansuot\u0105, vaisi\u0173 skon\u012f.<\/p>\n<p data-start=\"1262\" data-end=\"1489\">2. Triple Melon<\/p>\n<p>Trys skirtingos melion\u0173 r\u016b\u0161ys susilieja \u012f gaiv\u0173 skonio derin\u012f. Sultinga arb\u016bzas susitinka su sald\u017eia medaus meliona ir aromatinga cantaloupe meliona \u2013 vasari\u0161ka malonumas su kiekvienu \u012fkv\u0117pimu.<\/p>\n<p data-start=\"1526\" data-end=\"1783\">3. R\u016bg\u0161tus Mango Ananasas<\/p>\n<p data-start=\"1785\" data-end=\"1949\">Eksoti\u0161kas r\u016bg\u0161taus mango ir saldaus ananaso derinys suteikia intensyvi\u0105, tropin\u0119 garinimo patirt\u012f. Sultingas mango suteikia lengv\u0105 r\u016bg\u0161tumo nat\u0105, o subrendusio ananaso nat\u016brali saldumas u\u017ebaigia skon\u012f tobulai.<\/p>\n<h3>Tinklelio rit\u0117s technologija intensyviam skoniui<\/h3>\n<p data-start=\"2013\" data-end=\"2174\">\u0160ie aromatai i\u0161lieka tolygiai intensyv\u016bs iki paskutinio \u012fkv\u0117pimo d\u0117ka pa\u017eangios Mesh-Coil technologijos ir u\u017etikrina autenti\u0161k\u0105 garinimo patirt\u012f.<\/p>\n<p data-start=\"2176\" data-end=\"2575\">BANG KING 45000 P\u016b\u010di\u0173 naudoja pa\u017eangi\u0105 1.0-Omo Mesh-Coil, kuri u\u017etikrina tolyg\u0173 garavim\u0105 ir intensyvesn\u012f skonio i\u0161siskyrim\u0105.<br data-start=\"2319\" data-end=\"2322\" \/>Ry\u0161kesn\u0117 skonio pl\u0117tra: D\u0117l didesn\u0117s Mesh-Coil pavir\u0161iaus plotas skystis efektyviau garuoja, kas sustiprina skon\u012f.<br data-start=\"2434\" data-end=\"2437\" \/>Tankios garo debesys: Technologija u\u017etikrina optimal\u0173 garo kiek\u012f ir maloni\u0105 \u012fkv\u0117pim\u0105.<\/p>\n<h3>Galingas, \u012fkraunamas akumuliatorius su Type-C greitu \u012fkrovimu<\/h3>\n<p data-start=\"2658\" data-end=\"2872\">Vienkartinis neb\u0117ra rei\u0161kia, kad \u012frenginys gali b\u016bti naudojamas tik trump\u0105 laik\u0105. BANG KING 45000 Puffs turi galing\u0105, \u012fkraunam\u0105 650mAh akumuliatori\u0173, u\u017etikrinant\u012f ilgalaik\u012f naudojim\u0105.<\/p>\n<p data-start=\"2874\" data-end=\"3136\">Type-C \u012fkrovimo jungtis \u2013 leid\u017eia greit\u0105 ir efektyv\u0173 \u012fkrovim\u0105.<br data-start=\"2946\" data-end=\"2949\" \/>Greitas \u012fkrovimo laikas \u2013 tik dvi valandos \u2013 \u012frenginys greitai v\u0117l paruo\u0161tas naudoti.<br data-start=\"3033\" data-end=\"3036\" \/>Ilgaam\u017e\u0117 akumuliatoriaus veikla \u2013 i\u0161laiko vis\u0105 \u012frenginio gyvavimo laik\u0105 per daugkartin\u012f \u012fkrovim\u0105.<\/p>\n<p data-start=\"3138\" data-end=\"3252\">\u0160ios funkcijos daro BANG KING 45000 Puffs ypa\u010d ekonomi\u0161ku lyginant su kitais vienkartiniais vape'ais.<\/p>\n<h3>\u012evair\u016bs nikotino stiprumai individualiems poreikiams<\/h3>\n<p data-start=\"3326\" data-end=\"3482\">Kiekvienas d\u016bm\u0173 m\u0117g\u0117jas turi savo pageidavimus d\u0117l nikotino kiekio. Tod\u0117l BANG KING 45000 Puffs yra prieinamas keturiose skirtingose stipryb\u0117se:<\/p>\n<p data-start=\"3484\" data-end=\"3786\">0% (be nikotino) \u2013 tiems, kurie nori m\u0117gautis skoniu be nikotino.<br data-start=\"3567\" data-end=\"3570\" \/>2% (20mg\/ml) \u2013 \u0161velnus dozes laisvalaikio d\u016bm\u0173 m\u0117g\u0117jams.<br data-start=\"3632\" data-end=\"3635\" \/>3% (30mg\/ml) \u2013 subalansuotas skoni\u0173 ir nikotino stiprumo santykis.<br data-start=\"3716\" data-end=\"3719\" \/>5% (50mg\/ml) \u2013 stipriausia versija patyrusiems d\u016bm\u0173 m\u0117g\u0117jams.<\/p>\n<p data-start=\"3788\" data-end=\"3894\">D\u0117l \u0161ios \u012fvairov\u0117s \u012frenginys yra puikus tiek pradedantiesiems, tiek patyrusiems d\u016bm\u0173 m\u0117g\u0117jams.<\/p>\n<h3>Patogi pakuot\u0117 prekybininkams ir didmeniniams pirk\u0117jams<\/h3>\n<p data-start=\"3962\" data-end=\"4107\">Didmeninei prekybai ir ma\u017emeninei prekybai BANG KING 45000 Puffs yra optimaliai supakuotas, siekiant u\u017etikrinti paprast\u0105 naudojim\u0105 ir sand\u0117liavim\u0105:<\/p>\n<p data-start=\"4109\" data-end=\"4378\">10 vienet\u0173 d\u0117\u017eut\u0117je \u2013 patogios pakuot\u0117s vienetai ma\u017emeninei prekybai.<br data-start=\"4187\" data-end=\"4190\" \/>20 d\u0117\u017eu\u010di\u0173 d\u0117\u017e\u0117je \u2013 idealu didmeninei prekybai ir platinimui.<br data-start=\"4260\" data-end=\"4263\" \/>Transporto dyd\u017eiai: 100 arba 200 vienet\u0173 d\u0117\u017e\u0117je \u2013 efektyvios pakuot\u0117s sprendimai importui ir pardavimui.<\/p>\n<p data-start=\"4380\" data-end=\"4473\">\u0160i pakuot\u0117s strukt\u016bra u\u017etikrina skland\u0173 siuntim\u0105 ir optimal\u0173 sand\u0117liavim\u0105.<\/p>\n<h3>Premium vienkartinis su unikaliu skoniu<\/h3>\n<p data-start=\"4544\" data-end=\"4826\">BANG KING 45000 Puffs nustato naujus standartus vienkartin\u0117ms elektronin\u0117ms cigaret\u0117ms. Su trimis skirtingais aromatais, inovatyvia tinklelio rit\u0117s technologija, \u012fkraunamu akumuliatoriumi ir \u012fsp\u016bdingu 45 000 \u012fkv\u0117pim\u0173 skai\u010diumi, \u0161is \u012frenginys turi visk\u0105, ko ie\u0161ko reiklios d\u016bm\u0173 m\u0117g\u0117jai.<\/p>\n<p data-start=\"4828\" data-end=\"5140\">Trys aromatai viename \u012frenginyje maksimaliai \u012fvairovei<br data-start=\"4882\" data-end=\"4885\" \/>Intensyvus skonis ir tankus garas d\u0117ka tinklelio rit\u0117s technologijos<br data-start=\"4956\" data-end=\"4959\" \/>\u012ekraunama baterija su Type-C greito \u012fkrovimo funkcija<br data-start=\"5018\" data-end=\"5021\" \/>Individually pasirenkamos nikotino stiprumo nuo 0% iki 5%<br data-start=\"5076\" data-end=\"5079\" \/>Ilgaam\u017eis ir galingas \u2013 idealus daugiafunkciams p\u016bt\u0117jams<\/p>\n<p data-start=\"5142\" data-end=\"5369\" data-is-last-node=\"\" data-is-only-node=\"\">Ar kasdieniam naudojimui, ar ypatingoms akimirkoms \u2013 BANG KING 45000 p\u016btim\u0173 si\u016blo unikal\u0173 p\u016btimo patirt\u012f su maksimalia lankstumu ir komfortu. U\u017esisakykite dabar ir atraskite nauj\u0105 p\u016btimo kart\u0105!<\/p>","protected":false},"excerpt":{"rendered":"<p>\u2705 Labai daug \u012fjungim\u0173 \u2013 iki 45 000 \u012fjungim\u0173, papildomam garo malonumui!<br \/>\n\u2705 Be muitin\u0117s mokes\u010di\u0173 ir nemokamas pristatymas \u2013 Paprastai u\u017esakykite be papildom\u0173 i\u0161laid\u0173!<br \/>\n\u2705 Trij\u0173 skoni\u0173 derinys viename \u2013 Keiskite pagal nor\u0105, trigubas malonumas!<\/p>","protected":false},"featured_media":5621,"template":"","meta":[],"etheme_brands":[],"product_brand":[101],"product_cat":[66,49,61,87],"product_tag":[],"class_list":{"0":"post-5650","1":"product","2":"type-product","3":"status-publish","4":"has-post-thumbnail","6":"product_brand-bang-king-vape","7":"product_cat-45k-vape","8":"product_cat-einweg-e-zigarette","9":"product_cat-f","10":"product_cat-v","12":"first","13":"instock","14":"shipping-taxable","15":"purchasable","16":"product-type-variable"},"yoast_head":"<!-- This site is optimized with the Yoast SEO plugin v26.5 - https:\/\/yoast.com\/wordpress\/plugins\/seo\/ -->\n<title>Genie\u00dfen Sie die perfekte Kombination aus Erdbeer-Himbeere, Dreifachmelone und saurer Mango-Ananas mit BANG KING 45000 Puffs | vapingnet.de<\/title>\n<meta name=\"description\" content=\"Genie\u00dfen Sie die perfekte Mischung aus Erdbeer-Himbeere, Dreifachmelone und saurer Mango-Ananas mit BANG KING 45000 Puffs, um den Sommer zur\u00fcckzubringen\" \/>\n<meta name=\"robots\" content=\"index, follow, max-snippet:-1, max-image-preview:large, max-video-preview:-1\" \/>\n<link rel=\"canonical\" href=\"https:\/\/vapingnet.de\/lt\/vape\/geniessen-sie-die-perfekte-kombination-aus-erdbeer-himbeere-dreifachmelone-und-saurer-mango-ananas-mit-bang-king-45000-puffs\/\" \/>\n<meta property=\"og:locale\" content=\"lt_LT\" \/>\n<meta property=\"og:type\" content=\"article\" \/>\n<meta property=\"og:title\" content=\"Genie\u00dfen Sie die perfekte Kombination aus Erdbeer-Himbeere, Dreifachmelone und saurer Mango-Ananas mit BANG KING 45000 Puffs | vapingnet.de\" \/>\n<meta property=\"og:description\" content=\"Genie\u00dfen Sie die perfekte Mischung aus Erdbeer-Himbeere, Dreifachmelone und saurer Mango-Ananas mit BANG KING 45000 Puffs, um den Sommer zur\u00fcckzubringen\" \/>\n<meta property=\"og:url\" content=\"https:\/\/vapingnet.de\/lt\/vape\/geniessen-sie-die-perfekte-kombination-aus-erdbeer-himbeere-dreifachmelone-und-saurer-mango-ananas-mit-bang-king-45000-puffs\/\" \/>\n<meta property=\"og:site_name\" content=\"Vapingnet.de\" \/>\n<meta property=\"article:publisher\" content=\"https:\/\/www.facebook.com\/vapingnetde\/\" \/>\n<meta property=\"article:modified_time\" content=\"2025-06-19T03:40:37+00:00\" \/>\n<meta property=\"og:image\" content=\"https:\/\/vapingnet.de\/wp-content\/uploads\/2025\/03\/45k_Strawberry-Raspberry_-Triple-Melon_-Sour-Mango-Pineapple-1.png\" \/>\n\t<meta property=\"og:image:width\" content=\"1000\" \/>\n\t<meta property=\"og:image:height\" content=\"1000\" \/>\n\t<meta property=\"og:image:type\" content=\"image\/png\" \/>\n<meta name=\"twitter:card\" content=\"summary_large_image\" \/>\n<meta name=\"twitter:label1\" content=\"Est. reading time\" \/>\n\t<meta name=\"twitter:data1\" content=\"4 minutes\" \/>\n<script type=\"application\/ld+json\" class=\"yoast-schema-graph\">{\"@context\":\"https:\/\/schema.org\",\"@graph\":[{\"@type\":\"WebPage\",\"@id\":\"https:\/\/vapingnet.de\/vape\/geniessen-sie-die-perfekte-kombination-aus-erdbeer-himbeere-dreifachmelone-und-saurer-mango-ananas-mit-bang-king-45000-puffs\/\",\"url\":\"https:\/\/vapingnet.de\/vape\/geniessen-sie-die-perfekte-kombination-aus-erdbeer-himbeere-dreifachmelone-und-saurer-mango-ananas-mit-bang-king-45000-puffs\/\",\"name\":\"Genie\u00dfen Sie die perfekte Kombination aus Erdbeer-Himbeere, Dreifachmelone und saurer Mango-Ananas mit BANG KING 45000 Puffs | vapingnet.de\",\"isPartOf\":{\"@id\":\"https:\/\/vapingnet.de\/#website\"},\"primaryImageOfPage\":{\"@id\":\"https:\/\/vapingnet.de\/vape\/geniessen-sie-die-perfekte-kombination-aus-erdbeer-himbeere-dreifachmelone-und-saurer-mango-ananas-mit-bang-king-45000-puffs\/#primaryimage\"},\"image\":{\"@id\":\"https:\/\/vapingnet.de\/vape\/geniessen-sie-die-perfekte-kombination-aus-erdbeer-himbeere-dreifachmelone-und-saurer-mango-ananas-mit-bang-king-45000-puffs\/#primaryimage\"},\"thumbnailUrl\":\"https:\/\/vapingnet.de\/wp-content\/uploads\/2025\/03\/45k_Strawberry-Raspberry_-Triple-Melon_-Sour-Mango-Pineapple-1.png\",\"datePublished\":\"2025-03-18T08:05:16+00:00\",\"dateModified\":\"2025-06-19T03:40:37+00:00\",\"description\":\"Genie\u00dfen Sie die perfekte Mischung aus Erdbeer-Himbeere, Dreifachmelone und saurer Mango-Ananas mit BANG KING 45000 Puffs, um den Sommer zur\u00fcckzubringen\",\"breadcrumb\":{\"@id\":\"https:\/\/vapingnet.de\/vape\/geniessen-sie-die-perfekte-kombination-aus-erdbeer-himbeere-dreifachmelone-und-saurer-mango-ananas-mit-bang-king-45000-puffs\/#breadcrumb\"},\"inLanguage\":\"lt-LT\",\"potentialAction\":[{\"@type\":\"ReadAction\",\"target\":[\"https:\/\/vapingnet.de\/vape\/geniessen-sie-die-perfekte-kombination-aus-erdbeer-himbeere-dreifachmelone-und-saurer-mango-ananas-mit-bang-king-45000-puffs\/\"]}]},{\"@type\":\"ImageObject\",\"inLanguage\":\"lt-LT\",\"@id\":\"https:\/\/vapingnet.de\/vape\/geniessen-sie-die-perfekte-kombination-aus-erdbeer-himbeere-dreifachmelone-und-saurer-mango-ananas-mit-bang-king-45000-puffs\/#primaryimage\",\"url\":\"https:\/\/vapingnet.de\/wp-content\/uploads\/2025\/03\/45k_Strawberry-Raspberry_-Triple-Melon_-Sour-Mango-Pineapple-1.png\",\"contentUrl\":\"https:\/\/vapingnet.de\/wp-content\/uploads\/2025\/03\/45k_Strawberry-Raspberry_-Triple-Melon_-Sour-Mango-Pineapple-1.png\",\"width\":1000,\"height\":1000},{\"@type\":\"BreadcrumbList\",\"@id\":\"https:\/\/vapingnet.de\/vape\/geniessen-sie-die-perfekte-kombination-aus-erdbeer-himbeere-dreifachmelone-und-saurer-mango-ananas-mit-bang-king-45000-puffs\/#breadcrumb\",\"itemListElement\":[{\"@type\":\"ListItem\",\"position\":1,\"name\":\"Home\",\"item\":\"https:\/\/vapingnet.de\/\"},{\"@type\":\"ListItem\",\"position\":2,\"name\":\"Shop\",\"item\":\"https:\/\/vapingnet.de\/vape\/\"},{\"@type\":\"ListItem\",\"position\":3,\"name\":\"Genie\u00dfen Sie die perfekte Kombination aus Erdbeer-Himbeere, Dreifachmelone und saurer Mango-Ananas mit BANG KING 45000 Puffs\"}]},{\"@type\":\"WebSite\",\"@id\":\"https:\/\/vapingnet.de\/#website\",\"url\":\"https:\/\/vapingnet.de\/\",\"name\":\"Vapingnet.de\",\"description\":\"\",\"publisher\":{\"@id\":\"https:\/\/vapingnet.de\/#organization\"},\"potentialAction\":[{\"@type\":\"SearchAction\",\"target\":{\"@type\":\"EntryPoint\",\"urlTemplate\":\"https:\/\/vapingnet.de\/?s={search_term_string}\"},\"query-input\":{\"@type\":\"PropertyValueSpecification\",\"valueRequired\":true,\"valueName\":\"search_term_string\"}}],\"inLanguage\":\"lt-LT\"},{\"@type\":\"Organization\",\"@id\":\"https:\/\/vapingnet.de\/#organization\",\"name\":\"Vapingnet.de\",\"url\":\"https:\/\/vapingnet.de\/\",\"logo\":{\"@type\":\"ImageObject\",\"inLanguage\":\"lt-LT\",\"@id\":\"https:\/\/vapingnet.de\/#\/schema\/logo\/image\/\",\"url\":\"https:\/\/vapingnet.de\/wp-content\/uploads\/2025\/03\/cropped-vapingnet.de_.jpg\",\"contentUrl\":\"https:\/\/vapingnet.de\/wp-content\/uploads\/2025\/03\/cropped-vapingnet.de_.jpg\",\"width\":512,\"height\":512,\"caption\":\"Vapingnet.de\"},\"image\":{\"@id\":\"https:\/\/vapingnet.de\/#\/schema\/logo\/image\/\"},\"sameAs\":[\"https:\/\/www.facebook.com\/vapingnetde\/\"]}]}<\/script>\n<!-- \/ Yoast SEO plugin. -->","yoast_head_json":{"title":"Genie\u00dfen Sie die perfekte Kombination aus Erdbeer-Himbeere, Dreifachmelone und saurer Mango-Ananas mit BANG KING 45000 Puffs | vapingnet.de","description":"Genie\u00dfen Sie die perfekte Mischung aus Erdbeer-Himbeere, Dreifachmelone und saurer Mango-Ananas mit BANG KING 45000 Puffs, um den Sommer zur\u00fcckzubringen","robots":{"index":"index","follow":"follow","max-snippet":"max-snippet:-1","max-image-preview":"max-image-preview:large","max-video-preview":"max-video-preview:-1"},"canonical":"https:\/\/vapingnet.de\/lt\/vape\/geniessen-sie-die-perfekte-kombination-aus-erdbeer-himbeere-dreifachmelone-und-saurer-mango-ananas-mit-bang-king-45000-puffs\/","og_locale":"lt_LT","og_type":"article","og_title":"Genie\u00dfen Sie die perfekte Kombination aus Erdbeer-Himbeere, Dreifachmelone und saurer Mango-Ananas mit BANG KING 45000 Puffs | vapingnet.de","og_description":"Genie\u00dfen Sie die perfekte Mischung aus Erdbeer-Himbeere, Dreifachmelone und saurer Mango-Ananas mit BANG KING 45000 Puffs, um den Sommer zur\u00fcckzubringen","og_url":"https:\/\/vapingnet.de\/lt\/vape\/geniessen-sie-die-perfekte-kombination-aus-erdbeer-himbeere-dreifachmelone-und-saurer-mango-ananas-mit-bang-king-45000-puffs\/","og_site_name":"Vapingnet.de","article_publisher":"https:\/\/www.facebook.com\/vapingnetde\/","article_modified_time":"2025-06-19T03:40:37+00:00","og_image":[{"width":1000,"height":1000,"url":"https:\/\/vapingnet.de\/wp-content\/uploads\/2025\/03\/45k_Strawberry-Raspberry_-Triple-Melon_-Sour-Mango-Pineapple-1.png","type":"image\/png"}],"twitter_card":"summary_large_image","twitter_misc":{"Est. reading time":"4 minutes"},"schema":{"@context":"https:\/\/schema.org","@graph":[{"@type":"WebPage","@id":"https:\/\/vapingnet.de\/vape\/geniessen-sie-die-perfekte-kombination-aus-erdbeer-himbeere-dreifachmelone-und-saurer-mango-ananas-mit-bang-king-45000-puffs\/","url":"https:\/\/vapingnet.de\/vape\/geniessen-sie-die-perfekte-kombination-aus-erdbeer-himbeere-dreifachmelone-und-saurer-mango-ananas-mit-bang-king-45000-puffs\/","name":"Genie\u00dfen Sie die perfekte Kombination aus Erdbeer-Himbeere, Dreifachmelone und saurer Mango-Ananas mit BANG KING 45000 Puffs | vapingnet.de","isPartOf":{"@id":"https:\/\/vapingnet.de\/#website"},"primaryImageOfPage":{"@id":"https:\/\/vapingnet.de\/vape\/geniessen-sie-die-perfekte-kombination-aus-erdbeer-himbeere-dreifachmelone-und-saurer-mango-ananas-mit-bang-king-45000-puffs\/#primaryimage"},"image":{"@id":"https:\/\/vapingnet.de\/vape\/geniessen-sie-die-perfekte-kombination-aus-erdbeer-himbeere-dreifachmelone-und-saurer-mango-ananas-mit-bang-king-45000-puffs\/#primaryimage"},"thumbnailUrl":"https:\/\/vapingnet.de\/wp-content\/uploads\/2025\/03\/45k_Strawberry-Raspberry_-Triple-Melon_-Sour-Mango-Pineapple-1.png","datePublished":"2025-03-18T08:05:16+00:00","dateModified":"2025-06-19T03:40:37+00:00","description":"Genie\u00dfen Sie die perfekte Mischung aus Erdbeer-Himbeere, Dreifachmelone und saurer Mango-Ananas mit BANG KING 45000 Puffs, um den Sommer zur\u00fcckzubringen","breadcrumb":{"@id":"https:\/\/vapingnet.de\/vape\/geniessen-sie-die-perfekte-kombination-aus-erdbeer-himbeere-dreifachmelone-und-saurer-mango-ananas-mit-bang-king-45000-puffs\/#breadcrumb"},"inLanguage":"lt-LT","potentialAction":[{"@type":"ReadAction","target":["https:\/\/vapingnet.de\/vape\/geniessen-sie-die-perfekte-kombination-aus-erdbeer-himbeere-dreifachmelone-und-saurer-mango-ananas-mit-bang-king-45000-puffs\/"]}]},{"@type":"ImageObject","inLanguage":"lt-LT","@id":"https:\/\/vapingnet.de\/vape\/geniessen-sie-die-perfekte-kombination-aus-erdbeer-himbeere-dreifachmelone-und-saurer-mango-ananas-mit-bang-king-45000-puffs\/#primaryimage","url":"https:\/\/vapingnet.de\/wp-content\/uploads\/2025\/03\/45k_Strawberry-Raspberry_-Triple-Melon_-Sour-Mango-Pineapple-1.png","contentUrl":"https:\/\/vapingnet.de\/wp-content\/uploads\/2025\/03\/45k_Strawberry-Raspberry_-Triple-Melon_-Sour-Mango-Pineapple-1.png","width":1000,"height":1000},{"@type":"BreadcrumbList","@id":"https:\/\/vapingnet.de\/vape\/geniessen-sie-die-perfekte-kombination-aus-erdbeer-himbeere-dreifachmelone-und-saurer-mango-ananas-mit-bang-king-45000-puffs\/#breadcrumb","itemListElement":[{"@type":"ListItem","position":1,"name":"Home","item":"https:\/\/vapingnet.de\/"},{"@type":"ListItem","position":2,"name":"Shop","item":"https:\/\/vapingnet.de\/vape\/"},{"@type":"ListItem","position":3,"name":"Genie\u00dfen Sie die perfekte Kombination aus Erdbeer-Himbeere, Dreifachmelone und saurer Mango-Ananas mit BANG KING 45000 Puffs"}]},{"@type":"WebSite","@id":"https:\/\/vapingnet.de\/#website","url":"https:\/\/vapingnet.de\/","name":"Vapingnet.de","description":"","publisher":{"@id":"https:\/\/vapingnet.de\/#organization"},"potentialAction":[{"@type":"SearchAction","target":{"@type":"EntryPoint","urlTemplate":"https:\/\/vapingnet.de\/?s={search_term_string}"},"query-input":{"@type":"PropertyValueSpecification","valueRequired":true,"valueName":"search_term_string"}}],"inLanguage":"lt-LT"},{"@type":"Organization","@id":"https:\/\/vapingnet.de\/#organization","name":"Vapingnet.de","url":"https:\/\/vapingnet.de\/","logo":{"@type":"ImageObject","inLanguage":"lt-LT","@id":"https:\/\/vapingnet.de\/#\/schema\/logo\/image\/","url":"https:\/\/vapingnet.de\/wp-content\/uploads\/2025\/03\/cropped-vapingnet.de_.jpg","contentUrl":"https:\/\/vapingnet.de\/wp-content\/uploads\/2025\/03\/cropped-vapingnet.de_.jpg","width":512,"height":512,"caption":"Vapingnet.de"},"image":{"@id":"https:\/\/vapingnet.de\/#\/schema\/logo\/image\/"},"sameAs":["https:\/\/www.facebook.com\/vapingnetde\/"]}]}},"tiered_pricing_type":"fixed","tiered_pricing_fixed_rules":[],"tiered_pricing_product_settings":{"layout":"default","base_unit_name":{"singular":null,"plural":null},"default_variation":null},"tiered_pricing_minimum_quantity":null,"tiered_pricing_roles_data":[],"tiered_pricing_percentage_rules":[],"_links":{"self":[{"href":"https:\/\/vapingnet.de\/lt\/wp-json\/wp\/v2\/product\/5650","targetHints":{"allow":["GET"]}}],"collection":[{"href":"https:\/\/vapingnet.de\/lt\/wp-json\/wp\/v2\/product"}],"about":[{"href":"https:\/\/vapingnet.de\/lt\/wp-json\/wp\/v2\/types\/product"}],"version-history":[{"count":3,"href":"https:\/\/vapingnet.de\/lt\/wp-json\/wp\/v2\/product\/5650\/revisions"}],"predecessor-version":[{"id":5962,"href":"https:\/\/vapingnet.de\/lt\/wp-json\/wp\/v2\/product\/5650\/revisions\/5962"}],"wp:featuredmedia":[{"embeddable":true,"href":"https:\/\/vapingnet.de\/lt\/wp-json\/wp\/v2\/media\/5621"}],"wp:attachment":[{"href":"https:\/\/vapingnet.de\/lt\/wp-json\/wp\/v2\/media?parent=5650"}],"wp:term":[{"taxonomy":"brand","embeddable":true,"href":"https:\/\/vapingnet.de\/lt\/wp-json\/wp\/v2\/etheme_brands?post=5650"},{"taxonomy":"product_brand","embeddable":true,"href":"https:\/\/vapingnet.de\/lt\/wp-json\/wp\/v2\/product_brand?post=5650"},{"taxonomy":"product_cat","embeddable":true,"href":"https:\/\/vapingnet.de\/lt\/wp-json\/wp\/v2\/product_cat?post=5650"},{"taxonomy":"product_tag","embeddable":true,"href":"https:\/\/vapingnet.de\/lt\/wp-json\/wp\/v2\/product_tag?post=5650"}],"curies":[{"name":"wp","href":"https:\/\/api.w.org\/{rel}","templated":true}]}}