{"id":5727,"date":"2025-03-19T05:38:06","date_gmt":"2025-03-19T05:38:06","guid":{"rendered":"https:\/\/vapingnet.de\/?post_type=product&#038;p=5727"},"modified":"2025-06-19T03:37:14","modified_gmt":"2025-06-19T03:37:14","slug":"cooles-e-zigaretten-erlebnis-nexa-ultra-50k-eine-reichhaltige-mischung-aus-suesser-blaubeere-und-erfrischendem-eisgeschmack","status":"publish","type":"product","link":"https:\/\/vapingnet.de\/lt\/vape\/cooles-e-zigaretten-erlebnis-nexa-ultra-50k-eine-reichhaltige-mischung-aus-suesser-blaubeere-und-erfrischendem-eisgeschmack\/","title":{"rendered":"\u0160auni elektronini\u0173 cigare\u010di\u0173 patirtis NEXA Ultra 50K \u2013 turtinga sald\u017eios m\u0117lynosios uogos ir gaivinan\u010dio ledo skonio mi\u0161inys"},"content":{"rendered":"<h2 data-start=\"0\" data-end=\"70\">NEXA Ultra 50K Pufas Vienkartin\u0117 Elektronin\u0117 Cigaret\u0117 Blue Razz Ice Edition<\/h2>\n<p data-start=\"72\" data-end=\"438\">NEXA Ultra 50K nustato standart\u0105 <strong><a href=\"https:\/\/vapingnet.de\/lt\/k\/einweg-e-zigarette\/\">Vienkartini\u0173 elektronini\u0173 cigare\u010di\u0173<\/a><\/strong> nauja ir sujungia auk\u0161t\u0105 na\u0161um\u0105, inovatyv\u0173 dizain\u0105 ir neprilygstam\u0105 skonio patirt\u012f. Su \u012fsp\u016bdinga <strong><a href=\"https:\/\/vapingnet.de\/lt\/k\/50k-vape\/\">50k vape<\/a><\/strong> Talpa, 800 mAh akumuliatorius su USB-C greitu \u012fkrovimu ir skaidrus kristalinis bakelis su 20 ml skys\u010dio, \u0161i modelis nustato naujus standartus.<\/p>\n<p data-start=\"440\" data-end=\"751\">Ypa\u010d i\u0161skirtin\u0117 yra Blue Razz Ice Edition, kuri pasi\u017eymi tobulai suderinta sald\u017ei\u0173 m\u0117lyn\u0173 avie\u010di\u0173 ir gaivios ledin\u0117s natos mi\u0161iniu. \u0160i kombinacija u\u017etikrina intensyv\u0173, vaisi\u0161k\u0105 ir \u0161aldant\u012f garavimo patirt\u012f, kuri d\u017eiugina tiek pradedan\u010dius, tiek patyrusius garintojus.<\/p>\n<h3 data-start=\"758\" data-end=\"796\">Techniniai duomenys ir funkcijos<\/h3>\n<p data-start=\"798\" data-end=\"1000\">Ji <strong><a href=\"https:\/\/vapingnet.de\/lt\/nexa-ultra-50000-puffs\/\">NEXA Ultra 50K p\u016btimo<\/a><\/strong> si\u016blo daugyb\u0119 funkcij\u0173, kurios jas daro idealiu pasirinkimu reikalaujantiems garintojams. \u017demiau pateiktoje lentel\u0117je apibendrinti svarbiausi techniniai duomenys:<\/p>\n<div class=\"overflow-x-auto contain-inline-size\">\n<table data-start=\"1002\" data-end=\"1819\">\n<thead data-start=\"1002\" data-end=\"1044\">\n<tr data-start=\"1002\" data-end=\"1044\">\n<th data-start=\"1002\" data-end=\"1024\">Savyb\u0117<\/th>\n<th data-start=\"1024\" data-end=\"1044\">Apra\u0161ymas<\/th>\n<\/tr>\n<\/thead>\n<tbody data-start=\"1088\" data-end=\"1819\">\n<tr data-start=\"1088\" data-end=\"1136\">\n<td>Puf\u0173 skai\u010dius<\/td>\n<td>Iki 50 000 \u012fkv\u0117pim\u0173<\/td>\n<\/tr>\n<tr data-start=\"1137\" data-end=\"1178\">\n<td>Nikotino kiekis<\/td>\n<td>5 % Nikotino druska<\/td>\n<\/tr>\n<tr data-start=\"1179\" data-end=\"1231\">\n<td>E-liquido talpa<\/td>\n<td>20 ml (matomas bakelis)<\/td>\n<\/tr>\n<tr data-start=\"1232\" data-end=\"1339\">\n<td>Skonis<\/td>\n<td>Blue Razz Ice \u2013 sald\u017eios, sultingos m\u0117lynos aviet\u0117s su gaivinan\u010dia ledine nata<\/td>\n<\/tr>\n<tr data-start=\"1340\" data-end=\"1409\">\n<td>Akumuliatoriaus talpa<\/td>\n<td>800 mAh, \u012fkraunamas per USB-C<\/td>\n<\/tr>\n<tr data-start=\"1410\" data-end=\"1499\">\n<td>Galia re\u017eimai<\/td>\n<td>Dvigubo re\u017eimo technologija: Normalus re\u017eimas (50K) \/ Turbo re\u017eimas (30K)<\/td>\n<\/tr>\n<tr data-start=\"1500\" data-end=\"1612\">\n<td>Ekranas<\/td>\n<td>3D i\u0161lenktas ekranas su baterijos b\u016bsenos, skys\u010dio lygio ir galios re\u017eimo rodymu<\/td>\n<\/tr>\n<tr data-start=\"1613\" data-end=\"1682\">\n<td>Aktyvavimas<\/td>\n<td>\u012ekv\u0117pimo aktyvavimas \u2013 nereikia mygtuko<\/td>\n<\/tr>\n<tr data-start=\"1683\" data-end=\"1778\">\n<td>Dizainas<\/td>\n<td>Skaidrus kristalinis bakelis, leid\u017eiantis ai\u0161kiai matyti skys\u010dio lyg\u012f<\/td>\n<\/tr>\n<tr data-start=\"1779\" data-end=\"1819\">\n<td>Pakuot\u0117<\/td>\n<td>5 vnt. kiekviename d\u0117\u017eut\u0117je<\/td>\n<\/tr>\n<\/tbody>\n<\/table>\n<\/div>\n<h3 data-start=\"1826\" data-end=\"1892\">Kod\u0117l NEXA Ultra 50K yra viena geriausi\u0173 vienkartini\u0173 vape'\u0173<\/h3>\n<p data-start=\"1894\" data-end=\"2120\">NEXA Ultra 50K Blue Razz Ice Edition buvo specialiai sukurta Vape entuziastams, kurie vertina kokyb\u0119, na\u0161um\u0105 ir skon\u012f. Ji sujungia pa\u017eangiausi\u0105 technologij\u0105 su i\u0161skirtiniu skonio patirtimi.<\/p>\n<h4 data-start=\"2122\" data-end=\"2179\">1. Maksimali p\u016btimo talpa \u2013 iki 50 000 \u012fkv\u0117pim\u0173<\/h4>\n<p data-start=\"2180\" data-end=\"2400\">Dauguma vienkartini\u0173 elektronini\u0173 cigare\u010di\u0173 turi ribot\u0105 p\u016btimo talp\u0105 nuo 5 000 iki <strong><a href=\"https:\/\/vapingnet.de\/lt\/k\/vape-15000-zuege\/\">15000 \u012fkv\u0117pim\u0173<\/a><\/strong>. NEXA Ultra 50K tai gerokai vir\u0161ija ir su savo dviej\u0173 re\u017eim\u0173 technologija si\u016blo du skirtingus re\u017eimus:<\/p>\n<p data-start=\"2402\" data-end=\"2563\">Normalus re\u017eimas (50K vape) \u2013 ilgesn\u0117 naudojimo trukm\u0117 maksimaliai malonumui<br data-start=\"2479\" data-end=\"2482\" \/>Turbo re\u017eimas (<strong><a href=\"https:\/\/vapingnet.de\/lt\/k\/vape-30000-zuege\/\">30K vape<\/a><\/strong>) \u2013 padidintas na\u0161umas intensyvesniam gar\u0173 generavimui<\/p>\n<p data-start=\"2565\" data-end=\"2708\">D\u0117l \u0161i\u0173 galimybi\u0173 naudotojas gali individualiai pritaikyti savo garavimo patirt\u012f \u2013 funkcij\u0105, kuri anks\u010diau buvo b\u016bdinga tik auk\u0161\u010diausios klas\u0117s \u012frenginiams.<\/p>\n<h4 data-start=\"2715\" data-end=\"2773\">2. Skonis, kuris \u017eavi \u2013 Blue Razz Ice<\/h4>\n<p data-start=\"2774\" data-end=\"2926\">Skonis yra esminis veiksnys renkantis elektronin\u0119 cigaret\u0119, ir Blue Razz Ice Edition suteikia nepalyginam\u0105 aromat\u0105.<\/p>\n<p data-start=\"2928\" data-end=\"3194\">Vaisi\u0173 saldumas i\u0161 m\u0117lyn\u0173j\u0173 avie\u010di\u0173 sukuria intensyv\u0173, sulting\u0105 atspalv\u012f.<br data-start=\"3014\" data-end=\"3017\" \/>Gaivus atv\u0117sinimo efektas, sukuriantis maloniai \u0161alt\u0105 garavimo patirt\u012f.<br data-start=\"3099\" data-end=\"3102\" \/>Ai\u0161kus ir intensyvus skonis d\u0117ka auk\u0161tos kokyb\u0117s aromat\u0173 ir Mesh-Coil technologijos.<\/p>\n<p data-start=\"3196\" data-end=\"3317\">\u0160i skonio kombinacija daro NEXA Ultra 50K tobul\u0105 visiems, kurie m\u0117gsta vaisinius ir gaivinan\u010dius vapes.<\/p>\n<h4 data-start=\"3324\" data-end=\"3396\">Permatomas kristal\u0173 bakas \u2013 visada matyti likus\u012f skyst\u012f<\/h4>\n<p data-start=\"3397\" data-end=\"3646\">Vienas i\u0161 i\u0161skirtini\u0173 NEXA Ultra 50K dizaino bruo\u017e\u0173 yra matomas skystymo rezervuaras. Nors daugelis vienkartini\u0173 \u012frengini\u0173 turi u\u017edar\u0105 rezervuar\u0105, permatomas kristalinis rezervuaras leid\u017eia tiesiogiai matyti likus\u012f E-skyst\u012f.<\/p>\n<p data-start=\"3648\" data-end=\"3796\">Stilingas ir modernus dizainas<br data-start=\"3685\" data-end=\"3688\" \/>Apsaugo nuo netik\u0117to skys\u010dio i\u0161siliejimo<br data-start=\"3741\" data-end=\"3744\" \/>Palengvina suvartojimo steb\u0117jim\u0105<\/p>\n<p data-start=\"3798\" data-end=\"3923\">Ypa\u010d daug garinan\u010di\u0173 naudotoj\u0173 tai yra svarbus prana\u0161umas, nes jie gali bet kada steb\u0117ti skys\u010dio lyg\u012f.<\/p>\n<h4 data-start=\"3930\" data-end=\"3988\">4. Galingas akumuliatorius su USB-C greitu \u012fkrovimu<\/h4>\n<p data-start=\"3989\" data-end=\"4129\">NEXA Ultra 50K 800 mAh akumuliatorius yra \u012fkraunamas ir gali b\u016bti \u012fkrautas per trump\u0105 laik\u0105 naudojant USB-C greito \u012fkrovimo funkcij\u0105.<\/p>\n<p data-start=\"4131\" data-end=\"4293\">Ilgesn\u0117 naudojimo trukm\u0117 be pertrauk\u0173<br data-start=\"4180\" data-end=\"4183\" \/>Greitas \u012fkrovimas, u\u017etikrinantis nuolatin\u012f gar\u0173 malonum\u0105<br data-start=\"4237\" data-end=\"4240\" \/>Akumuliatoriaus b\u016bkl\u0117 bet kada matoma ekrane<\/p>\n<p data-start=\"4295\" data-end=\"4406\">Tai \u017eymiai prailgina \u012frenginio naudojimo laik\u0105, i\u0161skirdamas j\u012f i\u0161 \u012fprast\u0173 vienkartini\u0173 elektronini\u0173 cigare\u010di\u0173.<\/p>\n<h4>5. 3D i\u0161lenktas ekranas \u2013 visi svarb\u016bs duomenys vienu \u017evilgsniu<\/h4>\n<p data-start=\"4483\" data-end=\"4689\">Dauguma vienkartini\u0173 elektronini\u0173 cigare\u010di\u0173 neturi ar turi paprastus LED indikatorius. NEXA Ultra 50K turi modern\u0173 3D i\u0161lenkt\u0105 ekran\u0105, kuris rodo svarbi\u0105 informacij\u0105:<\/p>\n<p data-start=\"4691\" data-end=\"4907\">Baterijos b\u016bkl\u0117 \u2013 rodo, kada reikalingas \u012fkrovimas.<br data-start=\"4755\" data-end=\"4758\" \/>E-liquido lygis \u2013 padeda i\u0161vengti netik\u0117t\u0173 i\u0161sekim\u0173.<br data-start=\"4816\" data-end=\"4819\" \/>Dabartinis galios re\u017eimas (Normalus \/ Turbo) \u2013 pritaiko garavimo patirt\u012f individualiai.<\/p>\n<p data-start=\"4909\" data-end=\"5004\">\u0160is funkcionalumas suteikia maksimal\u0173 patogum\u0105 ir daro \u012frengin\u012f ypa\u010d draugi\u0161k\u0105 naudotojui.<\/p>\n<h3>Kam skirta NEXA Ultra 50K Blue Razz Ice?<\/h3>\n<p data-start=\"5076\" data-end=\"5117\">NEXA Ultra 50K skirta:<\/p>\n<p data-start=\"5119\" data-end=\"5449\">M\u0117g\u0117jams, vertinantiems intensyv\u0173 skonio patirt\u012f.<br data-start=\"5193\" data-end=\"5196\" \/>Ilgalaikiams naudotojams, kurie pageidauja didel\u0117s p\u016btimo talpos.<br data-start=\"5262\" data-end=\"5265\" \/>Pradedantiesiems, ie\u0161kantiems paprastos ir kokybi\u0161kos vienkartin\u0117s elektronin\u0117s cigaret\u0117s.<br data-start=\"5349\" data-end=\"5352\" \/>Prekybininkams, norintiems pasi\u016blyti savo klientams auk\u0161tos kokyb\u0117s vienkartinius vape produktus, kuri\u0173 paklausa didel\u0117.<\/p>\n<h3>Auk\u0161\u010diausios klas\u0117s vienkartinis vape<\/h3>\n<p data-start=\"5514\" data-end=\"5769\">NEXA Ultra 50K Blue Razz Ice leid\u017eia sujungti galing\u0105 technologij\u0105, apgalvot\u0105 dizain\u0105 ir i\u0161skirtin\u012f skon\u012f. Ji yra viena pa\u017eangiausi\u0173 vienkartini\u0173 elektronini\u0173 cigare\u010di\u0173 rinkoje ir si\u016blo \u0161iuos privalumus:<\/p>\n<p data-start=\"5771\" data-end=\"6055\">Iki 50 000 \u012fkv\u0117pim\u0173 su dvigubo re\u017eimo technologija<br data-start=\"5821\" data-end=\"5824\" \/>Intensyvus Blue Razz Ice skonis \u2013 vaisi\u0161kas ir gaivus<br data-start=\"5893\" data-end=\"5896\" \/>\u012ekraunama 800 mAh baterija su USB-C<br data-start=\"5942\" data-end=\"5945\" \/>Skaidrus kristalinis bakelis ai\u0161kiai skys\u010dio rodymui<br data-start=\"6001\" data-end=\"6004\" \/>3D i\u0161lenktas ekranas su visomis svarbiausiomis nuorodomis<\/p>\n<p data-start=\"6057\" data-end=\"6182\" data-is-last-node=\"\" data-is-only-node=\"\">Visiems, kurie ie\u0161ko auk\u0161\u010diausios kokyb\u0117s garinimo patirties, NEXA Ultra 50K Blue Razz Ice yra ai\u0161ki pirkimo rekomendacija!<\/p>","protected":false},"excerpt":{"rendered":"<p>NEXA Ultra 50K Puff Einweg E-Zigarette Blue Razz Ice Edition Die NEXA Ultra 50K definiert den Standard f\u00fcr Einweg-E-Zigaretten neu und kombiniert hohe Leistung, innovatives&#8230;<\/p>","protected":false},"featured_media":5710,"template":"","meta":[],"etheme_brands":[],"product_brand":[],"product_cat":[67,49,61],"product_tag":[],"class_list":{"0":"post-5727","1":"product","2":"type-product","3":"status-publish","4":"has-post-thumbnail","6":"product_cat-50k-vape","7":"product_cat-einweg-e-zigarette","8":"product_cat-f","10":"first","11":"instock","12":"shipping-taxable","13":"purchasable","14":"product-type-variable"},"yoast_head":"<!-- This site is optimized with the Yoast SEO plugin v26.5 - https:\/\/yoast.com\/wordpress\/plugins\/seo\/ -->\n<title>Cooles E-Zigaretten-Erlebnis NEXA Ultra 50K Eine reichhaltige Mischung aus s\u00fc\u00dfer Blaubeere und erfrischendem Eisgeschmack | Vapingnet.de<\/title>\n<meta name=\"description\" content=\"NEXA Ultra 50K Ein intensiver Mix aus s\u00fc\u00dfen blauen Himbeeren und erfrischender Eisnote f\u00fcr ein angenehm k\u00fchles Dampferlebnis!\" \/>\n<meta name=\"robots\" content=\"index, follow, max-snippet:-1, max-image-preview:large, max-video-preview:-1\" \/>\n<link rel=\"canonical\" href=\"https:\/\/vapingnet.de\/lt\/vape\/cooles-e-zigaretten-erlebnis-nexa-ultra-50k-eine-reichhaltige-mischung-aus-suesser-blaubeere-und-erfrischendem-eisgeschmack\/\" \/>\n<meta property=\"og:locale\" content=\"lt_LT\" \/>\n<meta property=\"og:type\" content=\"article\" \/>\n<meta property=\"og:title\" content=\"Cooles E-Zigaretten-Erlebnis NEXA Ultra 50K Eine reichhaltige Mischung aus s\u00fc\u00dfer Blaubeere und erfrischendem Eisgeschmack | Vapingnet.de\" \/>\n<meta property=\"og:description\" content=\"NEXA Ultra 50K Ein intensiver Mix aus s\u00fc\u00dfen blauen Himbeeren und erfrischender Eisnote f\u00fcr ein angenehm k\u00fchles Dampferlebnis!\" \/>\n<meta property=\"og:url\" content=\"https:\/\/vapingnet.de\/lt\/vape\/cooles-e-zigaretten-erlebnis-nexa-ultra-50k-eine-reichhaltige-mischung-aus-suesser-blaubeere-und-erfrischendem-eisgeschmack\/\" \/>\n<meta property=\"og:site_name\" content=\"Vapingnet.de\" \/>\n<meta property=\"article:publisher\" content=\"https:\/\/www.facebook.com\/vapingnetde\/\" \/>\n<meta property=\"article:modified_time\" content=\"2025-06-19T03:37:14+00:00\" \/>\n<meta property=\"og:image\" content=\"https:\/\/vapingnet.de\/wp-content\/uploads\/2025\/03\/50K_BLUE_RAZZ_ICE-1.png\" \/>\n\t<meta property=\"og:image:width\" content=\"1000\" \/>\n\t<meta property=\"og:image:height\" content=\"1000\" \/>\n\t<meta property=\"og:image:type\" content=\"image\/png\" \/>\n<meta name=\"twitter:card\" content=\"summary_large_image\" \/>\n<meta name=\"twitter:label1\" content=\"Est. reading time\" \/>\n\t<meta name=\"twitter:data1\" content=\"5 minutes\" \/>\n<script type=\"application\/ld+json\" class=\"yoast-schema-graph\">{\"@context\":\"https:\/\/schema.org\",\"@graph\":[{\"@type\":\"WebPage\",\"@id\":\"https:\/\/vapingnet.de\/vape\/cooles-e-zigaretten-erlebnis-nexa-ultra-50k-eine-reichhaltige-mischung-aus-suesser-blaubeere-und-erfrischendem-eisgeschmack\/\",\"url\":\"https:\/\/vapingnet.de\/vape\/cooles-e-zigaretten-erlebnis-nexa-ultra-50k-eine-reichhaltige-mischung-aus-suesser-blaubeere-und-erfrischendem-eisgeschmack\/\",\"name\":\"Cooles E-Zigaretten-Erlebnis NEXA Ultra 50K Eine reichhaltige Mischung aus s\u00fc\u00dfer Blaubeere und erfrischendem Eisgeschmack | Vapingnet.de\",\"isPartOf\":{\"@id\":\"https:\/\/vapingnet.de\/#website\"},\"primaryImageOfPage\":{\"@id\":\"https:\/\/vapingnet.de\/vape\/cooles-e-zigaretten-erlebnis-nexa-ultra-50k-eine-reichhaltige-mischung-aus-suesser-blaubeere-und-erfrischendem-eisgeschmack\/#primaryimage\"},\"image\":{\"@id\":\"https:\/\/vapingnet.de\/vape\/cooles-e-zigaretten-erlebnis-nexa-ultra-50k-eine-reichhaltige-mischung-aus-suesser-blaubeere-und-erfrischendem-eisgeschmack\/#primaryimage\"},\"thumbnailUrl\":\"https:\/\/vapingnet.de\/wp-content\/uploads\/2025\/03\/50K_BLUE_RAZZ_ICE-1.png\",\"datePublished\":\"2025-03-19T05:38:06+00:00\",\"dateModified\":\"2025-06-19T03:37:14+00:00\",\"description\":\"NEXA Ultra 50K Ein intensiver Mix aus s\u00fc\u00dfen blauen Himbeeren und erfrischender Eisnote f\u00fcr ein angenehm k\u00fchles Dampferlebnis!\",\"breadcrumb\":{\"@id\":\"https:\/\/vapingnet.de\/vape\/cooles-e-zigaretten-erlebnis-nexa-ultra-50k-eine-reichhaltige-mischung-aus-suesser-blaubeere-und-erfrischendem-eisgeschmack\/#breadcrumb\"},\"inLanguage\":\"lt-LT\",\"potentialAction\":[{\"@type\":\"ReadAction\",\"target\":[\"https:\/\/vapingnet.de\/vape\/cooles-e-zigaretten-erlebnis-nexa-ultra-50k-eine-reichhaltige-mischung-aus-suesser-blaubeere-und-erfrischendem-eisgeschmack\/\"]}]},{\"@type\":\"ImageObject\",\"inLanguage\":\"lt-LT\",\"@id\":\"https:\/\/vapingnet.de\/vape\/cooles-e-zigaretten-erlebnis-nexa-ultra-50k-eine-reichhaltige-mischung-aus-suesser-blaubeere-und-erfrischendem-eisgeschmack\/#primaryimage\",\"url\":\"https:\/\/vapingnet.de\/wp-content\/uploads\/2025\/03\/50K_BLUE_RAZZ_ICE-1.png\",\"contentUrl\":\"https:\/\/vapingnet.de\/wp-content\/uploads\/2025\/03\/50K_BLUE_RAZZ_ICE-1.png\",\"width\":1000,\"height\":1000},{\"@type\":\"BreadcrumbList\",\"@id\":\"https:\/\/vapingnet.de\/vape\/cooles-e-zigaretten-erlebnis-nexa-ultra-50k-eine-reichhaltige-mischung-aus-suesser-blaubeere-und-erfrischendem-eisgeschmack\/#breadcrumb\",\"itemListElement\":[{\"@type\":\"ListItem\",\"position\":1,\"name\":\"Home\",\"item\":\"https:\/\/vapingnet.de\/\"},{\"@type\":\"ListItem\",\"position\":2,\"name\":\"Shop\",\"item\":\"https:\/\/vapingnet.de\/vape\/\"},{\"@type\":\"ListItem\",\"position\":3,\"name\":\"Cooles E-Zigaretten-Erlebnis NEXA Ultra 50K Eine reichhaltige Mischung aus s\u00fc\u00dfer Blaubeere und erfrischendem Eisgeschmack\"}]},{\"@type\":\"WebSite\",\"@id\":\"https:\/\/vapingnet.de\/#website\",\"url\":\"https:\/\/vapingnet.de\/\",\"name\":\"Vapingnet.de\",\"description\":\"\",\"publisher\":{\"@id\":\"https:\/\/vapingnet.de\/#organization\"},\"potentialAction\":[{\"@type\":\"SearchAction\",\"target\":{\"@type\":\"EntryPoint\",\"urlTemplate\":\"https:\/\/vapingnet.de\/?s={search_term_string}\"},\"query-input\":{\"@type\":\"PropertyValueSpecification\",\"valueRequired\":true,\"valueName\":\"search_term_string\"}}],\"inLanguage\":\"lt-LT\"},{\"@type\":\"Organization\",\"@id\":\"https:\/\/vapingnet.de\/#organization\",\"name\":\"Vapingnet.de\",\"url\":\"https:\/\/vapingnet.de\/\",\"logo\":{\"@type\":\"ImageObject\",\"inLanguage\":\"lt-LT\",\"@id\":\"https:\/\/vapingnet.de\/#\/schema\/logo\/image\/\",\"url\":\"https:\/\/vapingnet.de\/wp-content\/uploads\/2025\/03\/cropped-vapingnet.de_.jpg\",\"contentUrl\":\"https:\/\/vapingnet.de\/wp-content\/uploads\/2025\/03\/cropped-vapingnet.de_.jpg\",\"width\":512,\"height\":512,\"caption\":\"Vapingnet.de\"},\"image\":{\"@id\":\"https:\/\/vapingnet.de\/#\/schema\/logo\/image\/\"},\"sameAs\":[\"https:\/\/www.facebook.com\/vapingnetde\/\"]}]}<\/script>\n<!-- \/ Yoast SEO plugin. -->","yoast_head_json":{"title":"Cooles E-Zigaretten-Erlebnis NEXA Ultra 50K Eine reichhaltige Mischung aus s\u00fc\u00dfer Blaubeere und erfrischendem Eisgeschmack | Vapingnet.de","description":"NEXA Ultra 50K Ein intensiver Mix aus s\u00fc\u00dfen blauen Himbeeren und erfrischender Eisnote f\u00fcr ein angenehm k\u00fchles Dampferlebnis!","robots":{"index":"index","follow":"follow","max-snippet":"max-snippet:-1","max-image-preview":"max-image-preview:large","max-video-preview":"max-video-preview:-1"},"canonical":"https:\/\/vapingnet.de\/lt\/vape\/cooles-e-zigaretten-erlebnis-nexa-ultra-50k-eine-reichhaltige-mischung-aus-suesser-blaubeere-und-erfrischendem-eisgeschmack\/","og_locale":"lt_LT","og_type":"article","og_title":"Cooles E-Zigaretten-Erlebnis NEXA Ultra 50K Eine reichhaltige Mischung aus s\u00fc\u00dfer Blaubeere und erfrischendem Eisgeschmack | Vapingnet.de","og_description":"NEXA Ultra 50K Ein intensiver Mix aus s\u00fc\u00dfen blauen Himbeeren und erfrischender Eisnote f\u00fcr ein angenehm k\u00fchles Dampferlebnis!","og_url":"https:\/\/vapingnet.de\/lt\/vape\/cooles-e-zigaretten-erlebnis-nexa-ultra-50k-eine-reichhaltige-mischung-aus-suesser-blaubeere-und-erfrischendem-eisgeschmack\/","og_site_name":"Vapingnet.de","article_publisher":"https:\/\/www.facebook.com\/vapingnetde\/","article_modified_time":"2025-06-19T03:37:14+00:00","og_image":[{"width":1000,"height":1000,"url":"https:\/\/vapingnet.de\/wp-content\/uploads\/2025\/03\/50K_BLUE_RAZZ_ICE-1.png","type":"image\/png"}],"twitter_card":"summary_large_image","twitter_misc":{"Est. reading time":"5 minutes"},"schema":{"@context":"https:\/\/schema.org","@graph":[{"@type":"WebPage","@id":"https:\/\/vapingnet.de\/vape\/cooles-e-zigaretten-erlebnis-nexa-ultra-50k-eine-reichhaltige-mischung-aus-suesser-blaubeere-und-erfrischendem-eisgeschmack\/","url":"https:\/\/vapingnet.de\/vape\/cooles-e-zigaretten-erlebnis-nexa-ultra-50k-eine-reichhaltige-mischung-aus-suesser-blaubeere-und-erfrischendem-eisgeschmack\/","name":"Cooles E-Zigaretten-Erlebnis NEXA Ultra 50K Eine reichhaltige Mischung aus s\u00fc\u00dfer Blaubeere und erfrischendem Eisgeschmack | Vapingnet.de","isPartOf":{"@id":"https:\/\/vapingnet.de\/#website"},"primaryImageOfPage":{"@id":"https:\/\/vapingnet.de\/vape\/cooles-e-zigaretten-erlebnis-nexa-ultra-50k-eine-reichhaltige-mischung-aus-suesser-blaubeere-und-erfrischendem-eisgeschmack\/#primaryimage"},"image":{"@id":"https:\/\/vapingnet.de\/vape\/cooles-e-zigaretten-erlebnis-nexa-ultra-50k-eine-reichhaltige-mischung-aus-suesser-blaubeere-und-erfrischendem-eisgeschmack\/#primaryimage"},"thumbnailUrl":"https:\/\/vapingnet.de\/wp-content\/uploads\/2025\/03\/50K_BLUE_RAZZ_ICE-1.png","datePublished":"2025-03-19T05:38:06+00:00","dateModified":"2025-06-19T03:37:14+00:00","description":"NEXA Ultra 50K Ein intensiver Mix aus s\u00fc\u00dfen blauen Himbeeren und erfrischender Eisnote f\u00fcr ein angenehm k\u00fchles Dampferlebnis!","breadcrumb":{"@id":"https:\/\/vapingnet.de\/vape\/cooles-e-zigaretten-erlebnis-nexa-ultra-50k-eine-reichhaltige-mischung-aus-suesser-blaubeere-und-erfrischendem-eisgeschmack\/#breadcrumb"},"inLanguage":"lt-LT","potentialAction":[{"@type":"ReadAction","target":["https:\/\/vapingnet.de\/vape\/cooles-e-zigaretten-erlebnis-nexa-ultra-50k-eine-reichhaltige-mischung-aus-suesser-blaubeere-und-erfrischendem-eisgeschmack\/"]}]},{"@type":"ImageObject","inLanguage":"lt-LT","@id":"https:\/\/vapingnet.de\/vape\/cooles-e-zigaretten-erlebnis-nexa-ultra-50k-eine-reichhaltige-mischung-aus-suesser-blaubeere-und-erfrischendem-eisgeschmack\/#primaryimage","url":"https:\/\/vapingnet.de\/wp-content\/uploads\/2025\/03\/50K_BLUE_RAZZ_ICE-1.png","contentUrl":"https:\/\/vapingnet.de\/wp-content\/uploads\/2025\/03\/50K_BLUE_RAZZ_ICE-1.png","width":1000,"height":1000},{"@type":"BreadcrumbList","@id":"https:\/\/vapingnet.de\/vape\/cooles-e-zigaretten-erlebnis-nexa-ultra-50k-eine-reichhaltige-mischung-aus-suesser-blaubeere-und-erfrischendem-eisgeschmack\/#breadcrumb","itemListElement":[{"@type":"ListItem","position":1,"name":"Home","item":"https:\/\/vapingnet.de\/"},{"@type":"ListItem","position":2,"name":"Shop","item":"https:\/\/vapingnet.de\/vape\/"},{"@type":"ListItem","position":3,"name":"Cooles E-Zigaretten-Erlebnis NEXA Ultra 50K Eine reichhaltige Mischung aus s\u00fc\u00dfer Blaubeere und erfrischendem Eisgeschmack"}]},{"@type":"WebSite","@id":"https:\/\/vapingnet.de\/#website","url":"https:\/\/vapingnet.de\/","name":"Vapingnet.de","description":"","publisher":{"@id":"https:\/\/vapingnet.de\/#organization"},"potentialAction":[{"@type":"SearchAction","target":{"@type":"EntryPoint","urlTemplate":"https:\/\/vapingnet.de\/?s={search_term_string}"},"query-input":{"@type":"PropertyValueSpecification","valueRequired":true,"valueName":"search_term_string"}}],"inLanguage":"lt-LT"},{"@type":"Organization","@id":"https:\/\/vapingnet.de\/#organization","name":"Vapingnet.de","url":"https:\/\/vapingnet.de\/","logo":{"@type":"ImageObject","inLanguage":"lt-LT","@id":"https:\/\/vapingnet.de\/#\/schema\/logo\/image\/","url":"https:\/\/vapingnet.de\/wp-content\/uploads\/2025\/03\/cropped-vapingnet.de_.jpg","contentUrl":"https:\/\/vapingnet.de\/wp-content\/uploads\/2025\/03\/cropped-vapingnet.de_.jpg","width":512,"height":512,"caption":"Vapingnet.de"},"image":{"@id":"https:\/\/vapingnet.de\/#\/schema\/logo\/image\/"},"sameAs":["https:\/\/www.facebook.com\/vapingnetde\/"]}]}},"tiered_pricing_type":"fixed","tiered_pricing_fixed_rules":[],"tiered_pricing_product_settings":{"layout":"default","base_unit_name":{"singular":null,"plural":null},"default_variation":null},"tiered_pricing_minimum_quantity":null,"tiered_pricing_roles_data":[],"tiered_pricing_percentage_rules":[],"_links":{"self":[{"href":"https:\/\/vapingnet.de\/lt\/wp-json\/wp\/v2\/product\/5727","targetHints":{"allow":["GET"]}}],"collection":[{"href":"https:\/\/vapingnet.de\/lt\/wp-json\/wp\/v2\/product"}],"about":[{"href":"https:\/\/vapingnet.de\/lt\/wp-json\/wp\/v2\/types\/product"}],"version-history":[{"count":1,"href":"https:\/\/vapingnet.de\/lt\/wp-json\/wp\/v2\/product\/5727\/revisions"}],"predecessor-version":[{"id":5755,"href":"https:\/\/vapingnet.de\/lt\/wp-json\/wp\/v2\/product\/5727\/revisions\/5755"}],"wp:featuredmedia":[{"embeddable":true,"href":"https:\/\/vapingnet.de\/lt\/wp-json\/wp\/v2\/media\/5710"}],"wp:attachment":[{"href":"https:\/\/vapingnet.de\/lt\/wp-json\/wp\/v2\/media?parent=5727"}],"wp:term":[{"taxonomy":"brand","embeddable":true,"href":"https:\/\/vapingnet.de\/lt\/wp-json\/wp\/v2\/etheme_brands?post=5727"},{"taxonomy":"product_brand","embeddable":true,"href":"https:\/\/vapingnet.de\/lt\/wp-json\/wp\/v2\/product_brand?post=5727"},{"taxonomy":"product_cat","embeddable":true,"href":"https:\/\/vapingnet.de\/lt\/wp-json\/wp\/v2\/product_cat?post=5727"},{"taxonomy":"product_tag","embeddable":true,"href":"https:\/\/vapingnet.de\/lt\/wp-json\/wp\/v2\/product_tag?post=5727"}],"curies":[{"name":"wp","href":"https:\/\/api.w.org\/{rel}","templated":true}]}}