{"id":5731,"date":"2025-03-19T05:38:11","date_gmt":"2025-03-19T05:38:11","guid":{"rendered":"https:\/\/vapingnet.de\/?post_type=product&#038;p=5731"},"modified":"2026-04-14T06:41:05","modified_gmt":"2026-04-14T06:41:05","slug":"nexa-ultra-50k-cherry-bomb-liefert-eine-explosion-suesser-reifer-kirschen","status":"publish","type":"product","link":"https:\/\/vapingnet.de\/lt\/vape\/nexa-ultra-50k-cherry-bomb-liefert-eine-explosion-suesser-reifer-kirschen\/","title":{"rendered":"NEXA Ultra 50K Cherry Bomb \u2013 sulting\u0173 prinokusi\u0173 vy\u0161ni\u0173 sprogimas"},"content":{"rendered":"<h2 data-start=\"0\" data-end=\"66\">NEXA Ultra 50K Pufas Vienkartin\u0117 Elektronin\u0117 Cigaret\u0117 Cherry Bomb Edicija<\/h2>\n<p data-start=\"68\" data-end=\"456\">NEXA Ultra 50K Cherry Bomb yra inovatyvi <strong><a href=\"https:\/\/vapingnet.de\/lt\/k\/einweg-e-zigarette\/\">Vienkartin\u0117 elektronin\u0117 cigaret\u0117<\/a><\/strong>, kuri nustato naujus standartus veikimo ir skonio srityje. Su \u012fsp\u016bdingu skai\u010diumi <strong><a href=\"https:\/\/vapingnet.de\/lt\/k\/50k-vape\/\">50k vape<\/a><\/strong>, 800 mAh akumuliatoriumi su USB-C greitu \u012fkrovimu ir permatomu 20 ml kristaliniu bakeliu, \u0161i elektronin\u0117 cigaret\u0117 suteikia visk\u0105, ko reikia, kad m\u0117gautum\u0117t\u0117s auk\u0161\u010diausios kokyb\u0117s patirtimi.<\/p>\n<p data-start=\"458\" data-end=\"724\">Cherry Bomb skonio r\u016b\u0161is jungia intensyv\u0173 subrendusios vy\u0161nios saldum\u0105 su gaiviu sprogimu, kurie kartu sukuria jaudinant\u012f ir patenkinant\u012f r\u016bkymo patirt\u012f. Idealiai tinka visiems, kurie m\u0117gsta vaisinius ir gaivius skonius.<\/p>\n<h3 data-start=\"726\" data-end=\"756\">Produkto specifikacijos:<\/h3>\n<div class=\"overflow-x-auto contain-inline-size\">\n<table data-start=\"758\" data-end=\"1779\">\n<thead data-start=\"758\" data-end=\"842\">\n<tr data-start=\"758\" data-end=\"842\">\n<th data-start=\"758\" data-end=\"787\">Savyb\u0117<\/th>\n<th data-start=\"787\" data-end=\"842\">Detal\u0117s<\/th>\n<\/tr>\n<\/thead>\n<tbody data-start=\"928\" data-end=\"1779\">\n<tr data-start=\"928\" data-end=\"1012\">\n<td>Puf\u0173 skai\u010dius<\/td>\n<td>Iki 50 000 \u012fkv\u0117pim\u0173<\/td>\n<\/tr>\n<tr data-start=\"1013\" data-end=\"1098\">\n<td>Nikotino kiekis<\/td>\n<td>5%<\/td>\n<\/tr>\n<tr data-start=\"1099\" data-end=\"1183\">\n<td>Skys\u010dio kiekis<\/td>\n<td>20 ml permatomo kristalinio bakelio<\/td>\n<\/tr>\n<tr data-start=\"1184\" data-end=\"1269\">\n<td>Baterija<\/td>\n<td>800 mAh su USB-C greitu \u012fkrovimu<\/td>\n<\/tr>\n<tr data-start=\"1270\" data-end=\"1354\">\n<td>Galingumo re\u017eimai<\/td>\n<td>Dvigubo re\u017eimo<\/td>\n<\/tr>\n<tr data-start=\"1355\" data-end=\"1439\">\n<td>Normalus re\u017eimas<\/td>\n<td>50K \u012fkv\u0117pim\u0173 ilgesniam naudojimui<\/td>\n<\/tr>\n<tr data-start=\"1440\" data-end=\"1524\">\n<td>Turbo re\u017eimas<\/td>\n<td>30K \u012fkv\u0117pim\u0173 intensyvesniam garui ir skoniui<\/td>\n<\/tr>\n<tr data-start=\"1525\" data-end=\"1609\">\n<td>Ekranas<\/td>\n<td>3D i\u0161lenktas ekranas<\/td>\n<\/tr>\n<tr data-start=\"1610\" data-end=\"1694\">\n<td>Aktyvavimas<\/td>\n<td>\u012ekv\u0117pimo aktyvavimas paprastam naudojimui<\/td>\n<\/tr>\n<tr data-start=\"1695\" data-end=\"1779\">\n<td>Pakuot\u0117<\/td>\n<td>5 vnt. kiekviename d\u0117\u017eut\u0117je<\/td>\n<\/tr>\n<\/tbody>\n<\/table>\n<\/div>\n<h3 data-start=\"1781\" data-end=\"1817\">DUK \u2013 Da\u017eniausiai u\u017eduodami klausimai<\/h3>\n<h4 data-start=\"1819\" data-end=\"1881\">1. Kuo i\u0161siskiria NEXA Ultra 50K Cherry Bomb?<\/h4>\n<p data-start=\"1882\" data-end=\"2028\">NEXA Ultra 50K Cherry Bomb si\u016blo unikali\u0105 derin\u012f i\u0161 didelio p\u016btimo skai\u010diaus, stipraus skonio ir naudotojui draugi\u0161k\u0173 funkcij\u0173:<\/p>\n<ul data-start=\"2030\" data-end=\"2317\">\n<li data-start=\"2030\" data-end=\"2078\">Iki 50 000 \u012fkv\u0117pim\u0173 ilgam garinimui<\/li>\n<li data-start=\"2079\" data-end=\"2158\">Dvigubo re\u017eimo sistema su \u012fprastu ir turbo re\u017eimu individualiems nustatymams<\/li>\n<li data-start=\"2159\" data-end=\"2233\">USB-C greitas \u012fkrovimas u\u017etikrina greit\u0105 ir efektyv\u0173 \u012fkrovim\u0105<\/li>\n<li data-start=\"2234\" data-end=\"2317\">Permatomas kristalinis bakelis leid\u017eia nuolat steb\u0117ti skys\u010dio lyg\u012f<\/li>\n<\/ul>\n<h4 data-start=\"2319\" data-end=\"2367\">2. Kaip skamba Cherry Bomb versija?<\/h4>\n<p data-start=\"2368\" data-end=\"2461\">Cherry Bomb skonis si\u016blo intensyv\u0173 ir gaiv\u0173 garinimo patirt\u012f:<\/p>\n<ul data-start=\"2463\" data-end=\"2695\">\n<li data-start=\"2463\" data-end=\"2531\">Sald\u017eios, prinokusios vy\u0161nios suteikia vaisi\u0173-sald\u0173 skon\u012f<\/li>\n<li data-start=\"2532\" data-end=\"2626\">Spinduliuojanti gaiva papildo skonio patirt\u012f ir sukelia gaivinant\u012f efekt\u0105<\/li>\n<li data-start=\"2627\" data-end=\"2695\">Puikiai subalansuotas ilgam ir jaudinan\u010diam garinimui<\/li>\n<\/ul>\n<h4 data-start=\"2697\" data-end=\"2737\">3. Kas yra dvigubo re\u017eimo sistema?<\/h4>\n<p data-start=\"2738\" data-end=\"2834\">NEXA Ultra 50K si\u016blo du galios re\u017eimus, leid\u017eian\u010dius pritaikyti garinimo patirt\u012f pagal nor\u0105:<\/p>\n<ul data-start=\"2836\" data-end=\"2992\">\n<li data-start=\"2836\" data-end=\"2916\">\u012eprastas re\u017eimas (50K \u012fkv\u0117pim\u0173): ilgesn\u0117 naudojimo trukm\u0117 su tolygiais \u012fkv\u0117pimais<\/li>\n<li data-start=\"2917\" data-end=\"2992\">Turbo re\u017eimas (30K \u012fkv\u0117pim\u0173): intensyvesniam garui ir stipresniam skoniui<\/li>\n<\/ul>\n<h4 data-start=\"2994\" data-end=\"3056\">4. Kiek laiko veikia akumuliatorius ir kaip jis \u012fkraunamas?<\/h4>\n<ul data-start=\"3057\" data-end=\"3306\">\n<li data-start=\"3057\" data-end=\"3116\">800 mAh akumuliatorius: sukurtas ilgaam\u017ei\u0161kumui<\/li>\n<li data-start=\"3117\" data-end=\"3219\">USB-C greitas \u012fkrovimas: greitai ir efektyviai \u012fkraukite, kad garinimas neb\u016bt\u0173 nutrauktas<\/li>\n<li data-start=\"3220\" data-end=\"3306\">Baterijos lygio indikatorius 3D ekrane rodo esam\u0105 \u012fkrovimo b\u016bsen\u0105 bet kuriuo metu<\/li>\n<\/ul>\n<h4 data-start=\"3308\" data-end=\"3372\">5. Kokios naudos suteikia skaidrus kristalo bakelis?<\/h4>\n<p data-start=\"3373\" data-end=\"3453\">Kristalo bakelis leid\u017eia ai\u0161kiai matyti skys\u010dio lyg\u012f ir si\u016blo:<\/p>\n<ul data-start=\"3455\" data-end=\"3641\">\n<li data-start=\"3455\" data-end=\"3498\">Modernus dizainas su eleganti\u0161ka i\u0161vaizda<\/li>\n<li data-start=\"3499\" data-end=\"3573\">Nuolatin\u0117 skys\u010dio lygio kontrol\u0117, kad laiku papildyti<\/li>\n<li data-start=\"3574\" data-end=\"3641\">Lengvesnis sunaudojimo steb\u0117jimas garinant<\/li>\n<\/ul>\n<h4 data-start=\"3643\" data-end=\"3706\">6. Kam skirta NEXA Ultra 50K Cherry Bomb?<\/h4>\n<ul data-start=\"3707\" data-end=\"4018\">\n<li data-start=\"3707\" data-end=\"3783\">M\u0117g\u0117jai, m\u0117gstantys intensyv\u0173 prinokusi\u0173 vy\u0161ni\u0173 skon\u012f<\/li>\n<li data-start=\"3784\" data-end=\"3860\">Daug garinan\u010di\u0173, kuriems reikalingas didelis p\u016btimo paj\u0117gumas<\/li>\n<li data-start=\"3861\" data-end=\"3942\">Pradedantieji, ie\u0161kantys paprastos ir galingos vienkartin\u0117s elektronin\u0117s cigaret\u0117s<\/li>\n<li data-start=\"3943\" data-end=\"4018\">Prekybininkai, norintys pasi\u016blyti auk\u0161tos kokyb\u0117s produkt\u0105 su dideliu paklausumu<\/li>\n<\/ul>\n<h4 data-start=\"4020\" data-end=\"4073\">7. Kas daro 3D i\u0161lenkt\u0105 ekran\u0105 ypatingu?<\/h4>\n<p data-start=\"4074\" data-end=\"4148\">3D i\u0161lenktas ekranas si\u016blo patogi\u0105 naudotojo s\u0105saj\u0105, kuri:<\/p>\n<ul data-start=\"4150\" data-end=\"4266\">\n<li data-start=\"4150\" data-end=\"4182\">Rodo baterijos b\u016bsen\u0105<\/li>\n<li data-start=\"4183\" data-end=\"4214\">Stebi skys\u010dio lyg\u012f<\/li>\n<li data-start=\"4215\" data-end=\"4266\">Rodo aktyv\u0173 re\u017eim\u0105 (Normalus arba Turbo)<\/li>\n<\/ul>\n<h4 data-start=\"4268\" data-end=\"4329\">8. I\u0161vada \u2013 ar verta \u012fsigyti NEXA Ultra 50K Cherry Bomb?<\/h4>\n<p data-start=\"4330\" data-end=\"4390\">Tikrai. NEXA Ultra 50K Cherry Bomb \u012ftikina d\u0117l:<\/p>\n<ul data-start=\"4392\" data-end=\"4710\">\n<li data-start=\"4392\" data-end=\"4438\">Iki 50 000 \u012fkv\u0117pim\u0173 ir dvigubo re\u017eimo technologijos<\/li>\n<li data-start=\"4439\" data-end=\"4517\">Unikalus sald\u017ei\u0173 vy\u0161ni\u0173 skonio ir gaivios \u0161vie\u017eumo derinys<\/li>\n<li data-start=\"4518\" data-end=\"4579\">USB-C greitas \u012fkrovimas greitam ir patogiam \u012fkrovimui<\/li>\n<li data-start=\"4580\" data-end=\"4633\">Skaidr\u016bs 20 ml bakeliai lengvai steb\u0117ti<\/li>\n<li data-start=\"4634\" data-end=\"4710\">3D ekranas, kuris vienu \u017evilgsniu rodo visas svarbiausias informacijas<\/li>\n<\/ul>\n<p data-start=\"4712\" data-end=\"4899\" data-is-last-node=\"\" data-is-only-node=\"\">Kas ie\u0161ko galingo, intensyvaus skonio ir inovatyvaus garinimo patirties, pasirenka <strong><a href=\"https:\/\/vapingnet.de\/lt\/nexa-ultra-50000-puffs\/\">NEXA Ultra 50K p\u016btimo<\/a><\/strong> Vy\u0161nios sprogimo leidim\u0105 versij\u0105 kaip tobul\u0105 pasirinkim\u0105.<\/p>","protected":false},"excerpt":{"rendered":"<p>NEXA Ultra 50K Puff Einweg E-Zigarette Cherry Bomb Edition Die NEXA Ultra 50K Cherry Bomb ist eine innovative Einweg-E-Zigarette, die in Bezug auf Leistung und&#8230;<\/p>","protected":false},"featured_media":5712,"template":"","meta":[],"etheme_brands":[],"product_brand":[],"product_cat":[67,49,61],"product_tag":[],"class_list":{"0":"post-5731","1":"product","2":"type-product","3":"status-publish","4":"has-post-thumbnail","6":"product_cat-50k-vape","7":"product_cat-einweg-e-zigarette","8":"product_cat-f","10":"first","11":"outofstock","12":"shipping-taxable","13":"purchasable","14":"product-type-variable"},"yoast_head":"<!-- This site is optimized with the Yoast SEO plugin v26.5 - https:\/\/yoast.com\/wordpress\/plugins\/seo\/ -->\n<title>NEXA Ultra 50K Cherry Bomb liefert eine Explosion s\u00fc\u00dfer reifer Kirschen | Vapingnet.de<\/title>\n<meta name=\"description\" content=\"NEXA Ultra 50K Cherry Bomb bietet einen explosiven Geschmack s\u00fc\u00dfer, reifer Kirschen und macht jeden Zug zu einem aufregenden Erlebnis.\" \/>\n<meta name=\"robots\" content=\"index, follow, max-snippet:-1, max-image-preview:large, max-video-preview:-1\" \/>\n<link rel=\"canonical\" href=\"https:\/\/vapingnet.de\/lt\/vape\/nexa-ultra-50k-cherry-bomb-liefert-eine-explosion-suesser-reifer-kirschen\/\" \/>\n<meta property=\"og:locale\" content=\"lt_LT\" \/>\n<meta property=\"og:type\" content=\"article\" \/>\n<meta property=\"og:title\" content=\"NEXA Ultra 50K Cherry Bomb liefert eine Explosion s\u00fc\u00dfer reifer Kirschen | Vapingnet.de\" \/>\n<meta property=\"og:description\" content=\"NEXA Ultra 50K Cherry Bomb bietet einen explosiven Geschmack s\u00fc\u00dfer, reifer Kirschen und macht jeden Zug zu einem aufregenden Erlebnis.\" \/>\n<meta property=\"og:url\" content=\"https:\/\/vapingnet.de\/lt\/vape\/nexa-ultra-50k-cherry-bomb-liefert-eine-explosion-suesser-reifer-kirschen\/\" \/>\n<meta property=\"og:site_name\" content=\"Vapingnet.de\" \/>\n<meta property=\"article:publisher\" content=\"https:\/\/www.facebook.com\/vapingnetde\/\" \/>\n<meta property=\"article:modified_time\" content=\"2026-04-14T06:41:05+00:00\" \/>\n<meta property=\"og:image\" content=\"https:\/\/vapingnet.de\/wp-content\/uploads\/2025\/03\/50K_CHERRY_BOMB-1.png\" \/>\n\t<meta property=\"og:image:width\" content=\"1000\" \/>\n\t<meta property=\"og:image:height\" content=\"1000\" \/>\n\t<meta property=\"og:image:type\" content=\"image\/png\" \/>\n<meta name=\"twitter:card\" content=\"summary_large_image\" \/>\n<meta name=\"twitter:label1\" content=\"Est. reading time\" \/>\n\t<meta name=\"twitter:data1\" content=\"4 minutes\" \/>\n<script type=\"application\/ld+json\" class=\"yoast-schema-graph\">{\"@context\":\"https:\/\/schema.org\",\"@graph\":[{\"@type\":\"WebPage\",\"@id\":\"https:\/\/vapingnet.de\/vape\/nexa-ultra-50k-cherry-bomb-liefert-eine-explosion-suesser-reifer-kirschen\/\",\"url\":\"https:\/\/vapingnet.de\/vape\/nexa-ultra-50k-cherry-bomb-liefert-eine-explosion-suesser-reifer-kirschen\/\",\"name\":\"NEXA Ultra 50K Cherry Bomb liefert eine Explosion s\u00fc\u00dfer reifer Kirschen | Vapingnet.de\",\"isPartOf\":{\"@id\":\"https:\/\/vapingnet.de\/#website\"},\"primaryImageOfPage\":{\"@id\":\"https:\/\/vapingnet.de\/vape\/nexa-ultra-50k-cherry-bomb-liefert-eine-explosion-suesser-reifer-kirschen\/#primaryimage\"},\"image\":{\"@id\":\"https:\/\/vapingnet.de\/vape\/nexa-ultra-50k-cherry-bomb-liefert-eine-explosion-suesser-reifer-kirschen\/#primaryimage\"},\"thumbnailUrl\":\"https:\/\/vapingnet.de\/wp-content\/uploads\/2025\/03\/50K_CHERRY_BOMB-1.png\",\"datePublished\":\"2025-03-19T05:38:11+00:00\",\"dateModified\":\"2026-04-14T06:41:05+00:00\",\"description\":\"NEXA Ultra 50K Cherry Bomb bietet einen explosiven Geschmack s\u00fc\u00dfer, reifer Kirschen und macht jeden Zug zu einem aufregenden Erlebnis.\",\"breadcrumb\":{\"@id\":\"https:\/\/vapingnet.de\/vape\/nexa-ultra-50k-cherry-bomb-liefert-eine-explosion-suesser-reifer-kirschen\/#breadcrumb\"},\"inLanguage\":\"lt-LT\",\"potentialAction\":[{\"@type\":\"ReadAction\",\"target\":[\"https:\/\/vapingnet.de\/vape\/nexa-ultra-50k-cherry-bomb-liefert-eine-explosion-suesser-reifer-kirschen\/\"]}]},{\"@type\":\"ImageObject\",\"inLanguage\":\"lt-LT\",\"@id\":\"https:\/\/vapingnet.de\/vape\/nexa-ultra-50k-cherry-bomb-liefert-eine-explosion-suesser-reifer-kirschen\/#primaryimage\",\"url\":\"https:\/\/vapingnet.de\/wp-content\/uploads\/2025\/03\/50K_CHERRY_BOMB-1.png\",\"contentUrl\":\"https:\/\/vapingnet.de\/wp-content\/uploads\/2025\/03\/50K_CHERRY_BOMB-1.png\",\"width\":1000,\"height\":1000},{\"@type\":\"BreadcrumbList\",\"@id\":\"https:\/\/vapingnet.de\/vape\/nexa-ultra-50k-cherry-bomb-liefert-eine-explosion-suesser-reifer-kirschen\/#breadcrumb\",\"itemListElement\":[{\"@type\":\"ListItem\",\"position\":1,\"name\":\"Home\",\"item\":\"https:\/\/vapingnet.de\/\"},{\"@type\":\"ListItem\",\"position\":2,\"name\":\"Shop\",\"item\":\"https:\/\/vapingnet.de\/vape\/\"},{\"@type\":\"ListItem\",\"position\":3,\"name\":\"NEXA Ultra 50K Cherry Bomb liefert eine Explosion s\u00fc\u00dfer reifer Kirschen\"}]},{\"@type\":\"WebSite\",\"@id\":\"https:\/\/vapingnet.de\/#website\",\"url\":\"https:\/\/vapingnet.de\/\",\"name\":\"Vapingnet.de\",\"description\":\"\",\"publisher\":{\"@id\":\"https:\/\/vapingnet.de\/#organization\"},\"potentialAction\":[{\"@type\":\"SearchAction\",\"target\":{\"@type\":\"EntryPoint\",\"urlTemplate\":\"https:\/\/vapingnet.de\/?s={search_term_string}\"},\"query-input\":{\"@type\":\"PropertyValueSpecification\",\"valueRequired\":true,\"valueName\":\"search_term_string\"}}],\"inLanguage\":\"lt-LT\"},{\"@type\":\"Organization\",\"@id\":\"https:\/\/vapingnet.de\/#organization\",\"name\":\"Vapingnet.de\",\"url\":\"https:\/\/vapingnet.de\/\",\"logo\":{\"@type\":\"ImageObject\",\"inLanguage\":\"lt-LT\",\"@id\":\"https:\/\/vapingnet.de\/#\/schema\/logo\/image\/\",\"url\":\"https:\/\/vapingnet.de\/wp-content\/uploads\/2025\/03\/cropped-vapingnet.de_.jpg\",\"contentUrl\":\"https:\/\/vapingnet.de\/wp-content\/uploads\/2025\/03\/cropped-vapingnet.de_.jpg\",\"width\":512,\"height\":512,\"caption\":\"Vapingnet.de\"},\"image\":{\"@id\":\"https:\/\/vapingnet.de\/#\/schema\/logo\/image\/\"},\"sameAs\":[\"https:\/\/www.facebook.com\/vapingnetde\/\"]}]}<\/script>\n<!-- \/ Yoast SEO plugin. -->","yoast_head_json":{"title":"NEXA Ultra 50K Cherry Bomb liefert eine Explosion s\u00fc\u00dfer reifer Kirschen | Vapingnet.de","description":"NEXA Ultra 50K Cherry Bomb bietet einen explosiven Geschmack s\u00fc\u00dfer, reifer Kirschen und macht jeden Zug zu einem aufregenden Erlebnis.","robots":{"index":"index","follow":"follow","max-snippet":"max-snippet:-1","max-image-preview":"max-image-preview:large","max-video-preview":"max-video-preview:-1"},"canonical":"https:\/\/vapingnet.de\/lt\/vape\/nexa-ultra-50k-cherry-bomb-liefert-eine-explosion-suesser-reifer-kirschen\/","og_locale":"lt_LT","og_type":"article","og_title":"NEXA Ultra 50K Cherry Bomb liefert eine Explosion s\u00fc\u00dfer reifer Kirschen | Vapingnet.de","og_description":"NEXA Ultra 50K Cherry Bomb bietet einen explosiven Geschmack s\u00fc\u00dfer, reifer Kirschen und macht jeden Zug zu einem aufregenden Erlebnis.","og_url":"https:\/\/vapingnet.de\/lt\/vape\/nexa-ultra-50k-cherry-bomb-liefert-eine-explosion-suesser-reifer-kirschen\/","og_site_name":"Vapingnet.de","article_publisher":"https:\/\/www.facebook.com\/vapingnetde\/","article_modified_time":"2026-04-14T06:41:05+00:00","og_image":[{"width":1000,"height":1000,"url":"https:\/\/vapingnet.de\/wp-content\/uploads\/2025\/03\/50K_CHERRY_BOMB-1.png","type":"image\/png"}],"twitter_card":"summary_large_image","twitter_misc":{"Est. reading time":"4 minutes"},"schema":{"@context":"https:\/\/schema.org","@graph":[{"@type":"WebPage","@id":"https:\/\/vapingnet.de\/vape\/nexa-ultra-50k-cherry-bomb-liefert-eine-explosion-suesser-reifer-kirschen\/","url":"https:\/\/vapingnet.de\/vape\/nexa-ultra-50k-cherry-bomb-liefert-eine-explosion-suesser-reifer-kirschen\/","name":"NEXA Ultra 50K Cherry Bomb liefert eine Explosion s\u00fc\u00dfer reifer Kirschen | Vapingnet.de","isPartOf":{"@id":"https:\/\/vapingnet.de\/#website"},"primaryImageOfPage":{"@id":"https:\/\/vapingnet.de\/vape\/nexa-ultra-50k-cherry-bomb-liefert-eine-explosion-suesser-reifer-kirschen\/#primaryimage"},"image":{"@id":"https:\/\/vapingnet.de\/vape\/nexa-ultra-50k-cherry-bomb-liefert-eine-explosion-suesser-reifer-kirschen\/#primaryimage"},"thumbnailUrl":"https:\/\/vapingnet.de\/wp-content\/uploads\/2025\/03\/50K_CHERRY_BOMB-1.png","datePublished":"2025-03-19T05:38:11+00:00","dateModified":"2026-04-14T06:41:05+00:00","description":"NEXA Ultra 50K Cherry Bomb bietet einen explosiven Geschmack s\u00fc\u00dfer, reifer Kirschen und macht jeden Zug zu einem aufregenden Erlebnis.","breadcrumb":{"@id":"https:\/\/vapingnet.de\/vape\/nexa-ultra-50k-cherry-bomb-liefert-eine-explosion-suesser-reifer-kirschen\/#breadcrumb"},"inLanguage":"lt-LT","potentialAction":[{"@type":"ReadAction","target":["https:\/\/vapingnet.de\/vape\/nexa-ultra-50k-cherry-bomb-liefert-eine-explosion-suesser-reifer-kirschen\/"]}]},{"@type":"ImageObject","inLanguage":"lt-LT","@id":"https:\/\/vapingnet.de\/vape\/nexa-ultra-50k-cherry-bomb-liefert-eine-explosion-suesser-reifer-kirschen\/#primaryimage","url":"https:\/\/vapingnet.de\/wp-content\/uploads\/2025\/03\/50K_CHERRY_BOMB-1.png","contentUrl":"https:\/\/vapingnet.de\/wp-content\/uploads\/2025\/03\/50K_CHERRY_BOMB-1.png","width":1000,"height":1000},{"@type":"BreadcrumbList","@id":"https:\/\/vapingnet.de\/vape\/nexa-ultra-50k-cherry-bomb-liefert-eine-explosion-suesser-reifer-kirschen\/#breadcrumb","itemListElement":[{"@type":"ListItem","position":1,"name":"Home","item":"https:\/\/vapingnet.de\/"},{"@type":"ListItem","position":2,"name":"Shop","item":"https:\/\/vapingnet.de\/vape\/"},{"@type":"ListItem","position":3,"name":"NEXA Ultra 50K Cherry Bomb liefert eine Explosion s\u00fc\u00dfer reifer Kirschen"}]},{"@type":"WebSite","@id":"https:\/\/vapingnet.de\/#website","url":"https:\/\/vapingnet.de\/","name":"Vapingnet.de","description":"","publisher":{"@id":"https:\/\/vapingnet.de\/#organization"},"potentialAction":[{"@type":"SearchAction","target":{"@type":"EntryPoint","urlTemplate":"https:\/\/vapingnet.de\/?s={search_term_string}"},"query-input":{"@type":"PropertyValueSpecification","valueRequired":true,"valueName":"search_term_string"}}],"inLanguage":"lt-LT"},{"@type":"Organization","@id":"https:\/\/vapingnet.de\/#organization","name":"Vapingnet.de","url":"https:\/\/vapingnet.de\/","logo":{"@type":"ImageObject","inLanguage":"lt-LT","@id":"https:\/\/vapingnet.de\/#\/schema\/logo\/image\/","url":"https:\/\/vapingnet.de\/wp-content\/uploads\/2025\/03\/cropped-vapingnet.de_.jpg","contentUrl":"https:\/\/vapingnet.de\/wp-content\/uploads\/2025\/03\/cropped-vapingnet.de_.jpg","width":512,"height":512,"caption":"Vapingnet.de"},"image":{"@id":"https:\/\/vapingnet.de\/#\/schema\/logo\/image\/"},"sameAs":["https:\/\/www.facebook.com\/vapingnetde\/"]}]}},"tiered_pricing_type":"fixed","tiered_pricing_fixed_rules":[],"tiered_pricing_product_settings":{"layout":"default","base_unit_name":{"singular":null,"plural":null},"default_variation":null},"tiered_pricing_minimum_quantity":null,"tiered_pricing_roles_data":[],"tiered_pricing_percentage_rules":[],"_links":{"self":[{"href":"https:\/\/vapingnet.de\/lt\/wp-json\/wp\/v2\/product\/5731","targetHints":{"allow":["GET"]}}],"collection":[{"href":"https:\/\/vapingnet.de\/lt\/wp-json\/wp\/v2\/product"}],"about":[{"href":"https:\/\/vapingnet.de\/lt\/wp-json\/wp\/v2\/types\/product"}],"version-history":[{"count":3,"href":"https:\/\/vapingnet.de\/lt\/wp-json\/wp\/v2\/product\/5731\/revisions"}],"predecessor-version":[{"id":5760,"href":"https:\/\/vapingnet.de\/lt\/wp-json\/wp\/v2\/product\/5731\/revisions\/5760"}],"wp:featuredmedia":[{"embeddable":true,"href":"https:\/\/vapingnet.de\/lt\/wp-json\/wp\/v2\/media\/5712"}],"wp:attachment":[{"href":"https:\/\/vapingnet.de\/lt\/wp-json\/wp\/v2\/media?parent=5731"}],"wp:term":[{"taxonomy":"brand","embeddable":true,"href":"https:\/\/vapingnet.de\/lt\/wp-json\/wp\/v2\/etheme_brands?post=5731"},{"taxonomy":"product_brand","embeddable":true,"href":"https:\/\/vapingnet.de\/lt\/wp-json\/wp\/v2\/product_brand?post=5731"},{"taxonomy":"product_cat","embeddable":true,"href":"https:\/\/vapingnet.de\/lt\/wp-json\/wp\/v2\/product_cat?post=5731"},{"taxonomy":"product_tag","embeddable":true,"href":"https:\/\/vapingnet.de\/lt\/wp-json\/wp\/v2\/product_tag?post=5731"}],"curies":[{"name":"wp","href":"https:\/\/api.w.org\/{rel}","templated":true}]}}