{"id":5737,"date":"2025-03-19T05:38:17","date_gmt":"2025-03-19T05:38:17","guid":{"rendered":"https:\/\/vapingnet.de\/?post_type=product&#038;p=5737"},"modified":"2026-04-14T06:41:05","modified_gmt":"2026-04-14T06:41:05","slug":"der-nexa-ultra-50k-mit-georgia-peach-ice-liefert-50000-zuege-spitzentechnologie-und-vollen-geschmack","status":"publish","type":"product","link":"https:\/\/vapingnet.de\/lt\/vape\/der-nexa-ultra-50k-mit-georgia-peach-ice-liefert-50000-zuege-spitzentechnologie-und-vollen-geschmack\/","title":{"rendered":"NEXA Ultra 50K su Georgia Peach Ice suteikia 50000 \u012fkrov\u0173, pa\u017eangiausi\u0105 technologij\u0105 ir piln\u0105 skon\u012f"},"content":{"rendered":"<h2 data-start=\"0\" data-end=\"96\">NEXA Ultra 50K P\u016bst\u0173 Vienkartin\u0117 Elektronin\u0117 Putojimo Vape Georgia Peach ledas Revoliucin\u0117 galia reikalaujantiems vapotojams<\/h2>\n<p data-start=\"98\" data-end=\"470\">Sveiki atvyk\u0119 \u012f garinimo ateit\u012f \u2013 su NEXA Ultra 50K P\u016bst\u0173 Vienkartine Elektronine Putojimo Vape pasiekiamas visi\u0161kai naujas veikimo ir malonumo lygis. \u0160i moderni elektronin\u0117 cigaret\u0117 sujungia \u012fsp\u016bding\u0105 technologij\u0105 su patogiu dizainu ir yra specialiai sukurta vapotojams, kurie vertina kokyb\u0119, ilgaam\u017ei\u0161kum\u0105 ir intensyv\u0173 skon\u012f.<\/p>\n<h3 data-start=\"472\" data-end=\"528\">Maksali galia ne\u012fkainojamam malonumui<\/h3>\n<p data-start=\"529\" data-end=\"882\">NEXA Ultra nustato naujus standartus su i\u0161skirtiniu p\u016btimo talpumu iki <strong><a href=\"https:\/\/vapingnet.de\/lt\/k\/50k-vape\/\">50k vape<\/a><\/strong> \u2013 visi\u0161ka retenyb\u0117 rinkoje <strong><a href=\"https:\/\/vapingnet.de\/lt\/k\/einweg-e-zigarette\/\">Vienkartini\u0173 elektronini\u0173 cigare\u010di\u0173<\/a><\/strong>. Tai u\u017etikrina i\u0161skirtin\u012f ilgaam\u017ei\u0161kum\u0105 ir yra puikus pasirinkimas vapotojams, ie\u0161kantiems ilgalaikio patirties, nereikalaujant nuolat naujo \u012frenginio pirkimo.<\/p>\n<p data-start=\"884\" data-end=\"986\">Tie, kurie m\u0117gsta dar intensyvesn\u012f garinim\u0105, gali pasirinkti du skirtingus garinimo re\u017eimus:<\/p>\n<ul data-start=\"987\" data-end=\"1362\">\n<li data-start=\"987\" data-end=\"1136\">Normalus re\u017eimas (50K p\u016btim\u0173) \u2013 idealus tolygiam ir ilgalaikiam naudojimui su optimizuotu akumuliatoriaus veikimu ir \u0161velniu skonio vystymusi.<\/li>\n<li data-start=\"1137\" data-end=\"1362\">Turbo re\u017eimas (30K p\u016btim\u0173) \u2013 skirtas tiems, kurie nori maksimalios galios per trumpesn\u012f laik\u0105. \u0160is re\u017eimas suteikia stipresn\u012f garo kiek\u012f ir intensyvesn\u012f skon\u012f, kainuojant \u0161iek tiek suma\u017eint\u0105 p\u016btimo skai\u010di\u0173.<\/li>\n<\/ul>\n<p data-start=\"1364\" data-end=\"1532\">\u0160i dviej\u0173 re\u017eim\u0173 technologija u\u017etikrina maksimal\u0173 lankstum\u0105 ir daro NEXA Ultra tobul\u0105 pasirinkim\u0105 tiems, kurie nori individualiai pritaikyti savo garinimo patirt\u012f.<\/p>\n<h3 data-start=\"1534\" data-end=\"1594\">Permatomas kristalinis bakelis \u2013 matyti, k\u0105 garinate<\/h3>\n<p data-start=\"1595\" data-end=\"1892\">Vienas i\u0161 inovatyviausi\u0173 NEXA Ultra aspekt\u0173 yra matomas 20 ml talpos skystuko bakelis. \u0160is permatomas kristalinis dizainas leid\u017eia vartotojui steb\u0117ti skys\u010dio lyg\u012f bet kuriuo metu, tod\u0117l netik\u0117tumai d\u0117l staiga i\u0161sikrovusio \u012frenginio yra praeitis.<\/p>\n<p data-start=\"1894\" data-end=\"2079\">Auk\u0161tos kokyb\u0117s kristalinis bakelio dizainas ne tik atrodo prabangiai, bet ir u\u017etikrina tolyg\u0173 skys\u010dio paskirstym\u0105 bei nuolatin\u012f garinimo patirt\u012f nuo prad\u017eios iki pabaigos.<\/p>\n<h3 data-start=\"2081\" data-end=\"2133\">Unikalus skonis: Georgia Peach Ice<\/h3>\n<p data-start=\"2134\" data-end=\"2502\">NEXA Ultra 50K su skoniu Georgia Peach Ice atne\u0161a piet\u0173 valstij\u0173 \u017eaves\u012f tiesiai \u012f Deutschland. Intensyvus sulting\u0173, saul\u0117je sunokusi\u0173 persik\u0173 skonis susilieja su malonia \u0161vie\u017eio m\u0117t\u0173 gaiva ir sukuria unikali\u0105 garinimo patirt\u012f. Puikiai tinka tiems, kurie m\u0117gsta vaisinius aromatus su gaivumo prieskoniu.<\/p>\n<p data-start=\"2504\" data-end=\"2729\">Auk\u0161tos kokyb\u0117s skystuko formul\u0117 su 5 % nikotino si\u016blo stipri\u0105, bet maloni\u0105 nikotino poveik\u012f \u2013 ideali tiems, kurie kei\u010diasi i\u0161 tabako ar ie\u0161ko intensyvios, bet subalansuotos skonio patirties.<\/p>\n<h3 data-start=\"2731\" data-end=\"2791\">Pa\u017eangi technologija su 3D lenktu ekranu<\/h3>\n<p data-start=\"2792\" data-end=\"3051\">Kitas NEXA Ultra i\u0161skirtinumas \u2013 modernus 3D lenktas ekranas. \u0160is auk\u0161tos kokyb\u0117s ekranas pateikia vis\u0105 svarbi\u0105 informacij\u0105 vienu \u017evilgsniu, \u012fskaitant akumuliatoriaus b\u016bsen\u0105 ir skys\u010dio kiek\u012f. Taip vartotojai visada turi piln\u0105 kontrol\u0119 savo \u012frenginio at\u017evilgiu.<\/p>\n<p data-start=\"3053\" data-end=\"3303\">Prabangus i\u0161lenktas stiklo dizainas ne tik suteikia futuristin\u012f estetin\u012f vaizd\u0105, bet ir u\u017etikrina patog\u0173 valdym\u0105. \u0160is dizainas ai\u0161kiai i\u0161skiria NEXA Ultra i\u0161 \u012fprast\u0173 vienkartini\u0173 elektronini\u0173 cigare\u010di\u0173 ir pabr\u0117\u017eia j\u0173 auk\u0161\u010diausios klas\u0117s charakteristikas.<\/p>\n<h3 data-start=\"3305\" data-end=\"3360\">Galingas akumuliatorius su greito \u012fkrovimo funkcija<\/h3>\n<p data-start=\"3361\" data-end=\"3617\">Nepaisant j\u0173 mil\u017eini\u0161kos p\u016btimo talpos, NEXA Ultra yra apr\u016bpinta galingu 800 mAh akumuliatoriumi, kur\u012f galima \u012fkrauti per USB-C Quick Charge per trumpiausi\u0105 laik\u0105. Ilgai laukti nereikia \u2013 tiesiog \u012fkraukite ir toliau r\u016bkykite garus.<\/p>\n<p data-start=\"3619\" data-end=\"3818\">Derinys tarp energij\u0105 taupan\u010dio dizaino ir pa\u017eangios lust\u0173 technologijos u\u017etikrina ilg\u0105 akumuliatoriaus veikimo laik\u0105 ir pastovi\u0105 na\u0161um\u0105, nesvarbu, ar naudojate \u012fprast\u0105, ar turbo re\u017eim\u0105.<\/p>\n<h3 data-start=\"3820\" data-end=\"3874\">Paprasta naudoti \u2013 idealiai kasdieniam naudojimui<\/h3>\n<p data-start=\"3875\" data-end=\"4129\">Kaip ir priklauso \u0161iuolaikinei vienkartinei elektroninei cigaretei, NEXA Ultra yra aktyvuojama traukiant, t. y. nereikia jokio mygtuko. Tiesiog traukite ir m\u0117gaukit\u0117s \u2013 tai daro \u0161i\u0105 elektronin\u0119 cigaret\u0119 ypa\u010d patogi\u0105 ir draugi\u0161k\u0105 pradedantiesiems.<\/p>\n<p data-start=\"4131\" data-end=\"4264\">Kompakti\u0161kas, bet vis dar stilingas dizainas j\u0105 daro ideali\u0105 keliaujant, nesuma\u017einant na\u0161umo ar skonio.<\/p>\n<h3 data-start=\"4266\" data-end=\"4324\">Patogi pakuot\u0117 da\u017enam vartotojui ir pardav\u0117jams<\/h3>\n<p data-start=\"4325\" data-end=\"4543\">Ji <strong><a href=\"https:\/\/vapingnet.de\/lt\/nexa-ultra-50000-puffs\/\">NEXA Ultra 50K Puff<\/a><\/strong> pateikiama d\u0117\u017eut\u0117je su 5 vienetais \u2013 ideali asmeniniam atsarginiam kiekiui arba pardav\u0117jams, norintiems pasi\u016blyti savo klientams auk\u0161tos kokyb\u0117s produkt\u0105 su i\u0161skirtiniu ilgaam\u017ei\u0161kumu.<\/p>\n<h3>Kod\u0117l NEXA Ultra 50K yra elektronini\u0173 cigare\u010di\u0173 vienkartini\u0173 ateitis<\/h3>\n<p data-start=\"4628\" data-end=\"4871\">Su savo i\u0161skirtine 50 000 p\u016btim\u0173 talpa, inovatyviu kristaliniu baku, dviem na\u0161umo re\u017eimais, auk\u0161tos kokyb\u0117s 3D ekranu ir stipriu akumuliatoriaus veikimu, NEXA Ultra nustato naujus standartus vienkartini\u0173 vape pasaulyje.<\/p>\n<p data-start=\"4873\" data-end=\"5161\">Georgia Peach Ice skonio suteikia gaiv\u0173, vaisi\u0161k\u0105 patirt\u012f, kuri paver\u010dia kiekvien\u0105 \u012fkv\u0117pim\u0105 malonumu. Nesvarbu, ar esate patyr\u0119s gar\u0173 m\u0117g\u0117jas, ar naujokas \u2013 \u0161i elektronin\u0117 cigaret\u0117 \u012ftikina i\u0161 vis\u0173 pusi\u0173 ir si\u016blo geriausi\u0105, k\u0105 \u0161iuo metu gali pasi\u016blyti rinka.<\/p>\n<p data-start=\"5163\" data-end=\"5376\" data-is-last-node=\"\" data-is-only-node=\"\">Su NEXA Ultra 50K Puff vienkartine elektronine cigarete patirsite r\u016bkyti visi\u0161kai naujame lygyje. Kas siekia auk\u0161\u010diausios kokyb\u0117s, pa\u017eangiausios technologijos ir maksimalaus skonio, negali praleisti \u0161io \u012frenginio.<\/p>","protected":false},"excerpt":{"rendered":"<p>NEXA Ultra 50K Puff Einweg E-Zigarette Georgia Peach lce Revolution\u00e4re Leistung f\u00fcr anspruchsvolle Dampfer Willkommen in der Zukunft des Dampfens \u2013 mit der NEXA Ultra&#8230;<\/p>","protected":false},"featured_media":5715,"template":"","meta":[],"etheme_brands":[],"product_brand":[],"product_cat":[67,49,61],"product_tag":[],"class_list":{"0":"post-5737","1":"product","2":"type-product","3":"status-publish","4":"has-post-thumbnail","6":"product_cat-50k-vape","7":"product_cat-einweg-e-zigarette","8":"product_cat-f","10":"first","11":"outofstock","12":"shipping-taxable","13":"purchasable","14":"product-type-variable"},"yoast_head":"<!-- This site is optimized with the Yoast SEO plugin v26.5 - https:\/\/yoast.com\/wordpress\/plugins\/seo\/ -->\n<title>Der NEXA Ultra 50K mit Georgia Peach Ice liefert 50000 Z\u00fcge Spitzentechnologie und vollen Geschmack | Vapingnet.de<\/title>\n<meta name=\"description\" content=\"Die NEXA Ultra 50K mit Georgia Peach Ice bietet 50.000 Z\u00fcge, 20 ml Kristalltank, 800 mAh Akku &amp; 3D-Display \u2013 High-Tech &amp; intensiver Geschmack!\" \/>\n<meta name=\"robots\" content=\"index, follow, max-snippet:-1, max-image-preview:large, max-video-preview:-1\" \/>\n<link rel=\"canonical\" href=\"https:\/\/vapingnet.de\/lt\/vape\/der-nexa-ultra-50k-mit-georgia-peach-ice-liefert-50000-zuege-spitzentechnologie-und-vollen-geschmack\/\" \/>\n<meta property=\"og:locale\" content=\"lt_LT\" \/>\n<meta property=\"og:type\" content=\"article\" \/>\n<meta property=\"og:title\" content=\"Der NEXA Ultra 50K mit Georgia Peach Ice liefert 50000 Z\u00fcge Spitzentechnologie und vollen Geschmack | Vapingnet.de\" \/>\n<meta property=\"og:description\" content=\"Die NEXA Ultra 50K mit Georgia Peach Ice bietet 50.000 Z\u00fcge, 20 ml Kristalltank, 800 mAh Akku &amp; 3D-Display \u2013 High-Tech &amp; intensiver Geschmack!\" \/>\n<meta property=\"og:url\" content=\"https:\/\/vapingnet.de\/lt\/vape\/der-nexa-ultra-50k-mit-georgia-peach-ice-liefert-50000-zuege-spitzentechnologie-und-vollen-geschmack\/\" \/>\n<meta property=\"og:site_name\" content=\"Vapingnet.de\" \/>\n<meta property=\"article:publisher\" content=\"https:\/\/www.facebook.com\/vapingnetde\/\" \/>\n<meta property=\"article:modified_time\" content=\"2026-04-14T06:41:05+00:00\" \/>\n<meta property=\"og:image\" content=\"https:\/\/vapingnet.de\/wp-content\/uploads\/2025\/03\/50K_GEORGIA_PEACH_ICE-1.png\" \/>\n\t<meta property=\"og:image:width\" content=\"1000\" \/>\n\t<meta property=\"og:image:height\" content=\"1000\" \/>\n\t<meta property=\"og:image:type\" content=\"image\/png\" \/>\n<meta name=\"twitter:card\" content=\"summary_large_image\" \/>\n<meta name=\"twitter:label1\" content=\"Est. reading time\" \/>\n\t<meta name=\"twitter:data1\" content=\"5 minutes\" \/>\n<script type=\"application\/ld+json\" class=\"yoast-schema-graph\">{\"@context\":\"https:\/\/schema.org\",\"@graph\":[{\"@type\":\"WebPage\",\"@id\":\"https:\/\/vapingnet.de\/vape\/der-nexa-ultra-50k-mit-georgia-peach-ice-liefert-50000-zuege-spitzentechnologie-und-vollen-geschmack\/\",\"url\":\"https:\/\/vapingnet.de\/vape\/der-nexa-ultra-50k-mit-georgia-peach-ice-liefert-50000-zuege-spitzentechnologie-und-vollen-geschmack\/\",\"name\":\"Der NEXA Ultra 50K mit Georgia Peach Ice liefert 50000 Z\u00fcge Spitzentechnologie und vollen Geschmack | Vapingnet.de\",\"isPartOf\":{\"@id\":\"https:\/\/vapingnet.de\/#website\"},\"primaryImageOfPage\":{\"@id\":\"https:\/\/vapingnet.de\/vape\/der-nexa-ultra-50k-mit-georgia-peach-ice-liefert-50000-zuege-spitzentechnologie-und-vollen-geschmack\/#primaryimage\"},\"image\":{\"@id\":\"https:\/\/vapingnet.de\/vape\/der-nexa-ultra-50k-mit-georgia-peach-ice-liefert-50000-zuege-spitzentechnologie-und-vollen-geschmack\/#primaryimage\"},\"thumbnailUrl\":\"https:\/\/vapingnet.de\/wp-content\/uploads\/2025\/03\/50K_GEORGIA_PEACH_ICE-1.png\",\"datePublished\":\"2025-03-19T05:38:17+00:00\",\"dateModified\":\"2026-04-14T06:41:05+00:00\",\"description\":\"Die NEXA Ultra 50K mit Georgia Peach Ice bietet 50.000 Z\u00fcge, 20 ml Kristalltank, 800 mAh Akku & 3D-Display \u2013 High-Tech & intensiver Geschmack!\",\"breadcrumb\":{\"@id\":\"https:\/\/vapingnet.de\/vape\/der-nexa-ultra-50k-mit-georgia-peach-ice-liefert-50000-zuege-spitzentechnologie-und-vollen-geschmack\/#breadcrumb\"},\"inLanguage\":\"lt-LT\",\"potentialAction\":[{\"@type\":\"ReadAction\",\"target\":[\"https:\/\/vapingnet.de\/vape\/der-nexa-ultra-50k-mit-georgia-peach-ice-liefert-50000-zuege-spitzentechnologie-und-vollen-geschmack\/\"]}]},{\"@type\":\"ImageObject\",\"inLanguage\":\"lt-LT\",\"@id\":\"https:\/\/vapingnet.de\/vape\/der-nexa-ultra-50k-mit-georgia-peach-ice-liefert-50000-zuege-spitzentechnologie-und-vollen-geschmack\/#primaryimage\",\"url\":\"https:\/\/vapingnet.de\/wp-content\/uploads\/2025\/03\/50K_GEORGIA_PEACH_ICE-1.png\",\"contentUrl\":\"https:\/\/vapingnet.de\/wp-content\/uploads\/2025\/03\/50K_GEORGIA_PEACH_ICE-1.png\",\"width\":1000,\"height\":1000},{\"@type\":\"BreadcrumbList\",\"@id\":\"https:\/\/vapingnet.de\/vape\/der-nexa-ultra-50k-mit-georgia-peach-ice-liefert-50000-zuege-spitzentechnologie-und-vollen-geschmack\/#breadcrumb\",\"itemListElement\":[{\"@type\":\"ListItem\",\"position\":1,\"name\":\"Home\",\"item\":\"https:\/\/vapingnet.de\/\"},{\"@type\":\"ListItem\",\"position\":2,\"name\":\"Shop\",\"item\":\"https:\/\/vapingnet.de\/vape\/\"},{\"@type\":\"ListItem\",\"position\":3,\"name\":\"Der NEXA Ultra 50K mit Georgia Peach Ice liefert 50000 Z\u00fcge Spitzentechnologie und vollen Geschmack\"}]},{\"@type\":\"WebSite\",\"@id\":\"https:\/\/vapingnet.de\/#website\",\"url\":\"https:\/\/vapingnet.de\/\",\"name\":\"Vapingnet.de\",\"description\":\"\",\"publisher\":{\"@id\":\"https:\/\/vapingnet.de\/#organization\"},\"potentialAction\":[{\"@type\":\"SearchAction\",\"target\":{\"@type\":\"EntryPoint\",\"urlTemplate\":\"https:\/\/vapingnet.de\/?s={search_term_string}\"},\"query-input\":{\"@type\":\"PropertyValueSpecification\",\"valueRequired\":true,\"valueName\":\"search_term_string\"}}],\"inLanguage\":\"lt-LT\"},{\"@type\":\"Organization\",\"@id\":\"https:\/\/vapingnet.de\/#organization\",\"name\":\"Vapingnet.de\",\"url\":\"https:\/\/vapingnet.de\/\",\"logo\":{\"@type\":\"ImageObject\",\"inLanguage\":\"lt-LT\",\"@id\":\"https:\/\/vapingnet.de\/#\/schema\/logo\/image\/\",\"url\":\"https:\/\/vapingnet.de\/wp-content\/uploads\/2025\/03\/cropped-vapingnet.de_.jpg\",\"contentUrl\":\"https:\/\/vapingnet.de\/wp-content\/uploads\/2025\/03\/cropped-vapingnet.de_.jpg\",\"width\":512,\"height\":512,\"caption\":\"Vapingnet.de\"},\"image\":{\"@id\":\"https:\/\/vapingnet.de\/#\/schema\/logo\/image\/\"},\"sameAs\":[\"https:\/\/www.facebook.com\/vapingnetde\/\"]}]}<\/script>\n<!-- \/ Yoast SEO plugin. -->","yoast_head_json":{"title":"Der NEXA Ultra 50K mit Georgia Peach Ice liefert 50000 Z\u00fcge Spitzentechnologie und vollen Geschmack | Vapingnet.de","description":"Die NEXA Ultra 50K mit Georgia Peach Ice bietet 50.000 Z\u00fcge, 20 ml Kristalltank, 800 mAh Akku & 3D-Display \u2013 High-Tech & intensiver Geschmack!","robots":{"index":"index","follow":"follow","max-snippet":"max-snippet:-1","max-image-preview":"max-image-preview:large","max-video-preview":"max-video-preview:-1"},"canonical":"https:\/\/vapingnet.de\/lt\/vape\/der-nexa-ultra-50k-mit-georgia-peach-ice-liefert-50000-zuege-spitzentechnologie-und-vollen-geschmack\/","og_locale":"lt_LT","og_type":"article","og_title":"Der NEXA Ultra 50K mit Georgia Peach Ice liefert 50000 Z\u00fcge Spitzentechnologie und vollen Geschmack | Vapingnet.de","og_description":"Die NEXA Ultra 50K mit Georgia Peach Ice bietet 50.000 Z\u00fcge, 20 ml Kristalltank, 800 mAh Akku & 3D-Display \u2013 High-Tech & intensiver Geschmack!","og_url":"https:\/\/vapingnet.de\/lt\/vape\/der-nexa-ultra-50k-mit-georgia-peach-ice-liefert-50000-zuege-spitzentechnologie-und-vollen-geschmack\/","og_site_name":"Vapingnet.de","article_publisher":"https:\/\/www.facebook.com\/vapingnetde\/","article_modified_time":"2026-04-14T06:41:05+00:00","og_image":[{"width":1000,"height":1000,"url":"https:\/\/vapingnet.de\/wp-content\/uploads\/2025\/03\/50K_GEORGIA_PEACH_ICE-1.png","type":"image\/png"}],"twitter_card":"summary_large_image","twitter_misc":{"Est. reading time":"5 minutes"},"schema":{"@context":"https:\/\/schema.org","@graph":[{"@type":"WebPage","@id":"https:\/\/vapingnet.de\/vape\/der-nexa-ultra-50k-mit-georgia-peach-ice-liefert-50000-zuege-spitzentechnologie-und-vollen-geschmack\/","url":"https:\/\/vapingnet.de\/vape\/der-nexa-ultra-50k-mit-georgia-peach-ice-liefert-50000-zuege-spitzentechnologie-und-vollen-geschmack\/","name":"Der NEXA Ultra 50K mit Georgia Peach Ice liefert 50000 Z\u00fcge Spitzentechnologie und vollen Geschmack | Vapingnet.de","isPartOf":{"@id":"https:\/\/vapingnet.de\/#website"},"primaryImageOfPage":{"@id":"https:\/\/vapingnet.de\/vape\/der-nexa-ultra-50k-mit-georgia-peach-ice-liefert-50000-zuege-spitzentechnologie-und-vollen-geschmack\/#primaryimage"},"image":{"@id":"https:\/\/vapingnet.de\/vape\/der-nexa-ultra-50k-mit-georgia-peach-ice-liefert-50000-zuege-spitzentechnologie-und-vollen-geschmack\/#primaryimage"},"thumbnailUrl":"https:\/\/vapingnet.de\/wp-content\/uploads\/2025\/03\/50K_GEORGIA_PEACH_ICE-1.png","datePublished":"2025-03-19T05:38:17+00:00","dateModified":"2026-04-14T06:41:05+00:00","description":"Die NEXA Ultra 50K mit Georgia Peach Ice bietet 50.000 Z\u00fcge, 20 ml Kristalltank, 800 mAh Akku & 3D-Display \u2013 High-Tech & intensiver Geschmack!","breadcrumb":{"@id":"https:\/\/vapingnet.de\/vape\/der-nexa-ultra-50k-mit-georgia-peach-ice-liefert-50000-zuege-spitzentechnologie-und-vollen-geschmack\/#breadcrumb"},"inLanguage":"lt-LT","potentialAction":[{"@type":"ReadAction","target":["https:\/\/vapingnet.de\/vape\/der-nexa-ultra-50k-mit-georgia-peach-ice-liefert-50000-zuege-spitzentechnologie-und-vollen-geschmack\/"]}]},{"@type":"ImageObject","inLanguage":"lt-LT","@id":"https:\/\/vapingnet.de\/vape\/der-nexa-ultra-50k-mit-georgia-peach-ice-liefert-50000-zuege-spitzentechnologie-und-vollen-geschmack\/#primaryimage","url":"https:\/\/vapingnet.de\/wp-content\/uploads\/2025\/03\/50K_GEORGIA_PEACH_ICE-1.png","contentUrl":"https:\/\/vapingnet.de\/wp-content\/uploads\/2025\/03\/50K_GEORGIA_PEACH_ICE-1.png","width":1000,"height":1000},{"@type":"BreadcrumbList","@id":"https:\/\/vapingnet.de\/vape\/der-nexa-ultra-50k-mit-georgia-peach-ice-liefert-50000-zuege-spitzentechnologie-und-vollen-geschmack\/#breadcrumb","itemListElement":[{"@type":"ListItem","position":1,"name":"Home","item":"https:\/\/vapingnet.de\/"},{"@type":"ListItem","position":2,"name":"Shop","item":"https:\/\/vapingnet.de\/vape\/"},{"@type":"ListItem","position":3,"name":"Der NEXA Ultra 50K mit Georgia Peach Ice liefert 50000 Z\u00fcge Spitzentechnologie und vollen Geschmack"}]},{"@type":"WebSite","@id":"https:\/\/vapingnet.de\/#website","url":"https:\/\/vapingnet.de\/","name":"Vapingnet.de","description":"","publisher":{"@id":"https:\/\/vapingnet.de\/#organization"},"potentialAction":[{"@type":"SearchAction","target":{"@type":"EntryPoint","urlTemplate":"https:\/\/vapingnet.de\/?s={search_term_string}"},"query-input":{"@type":"PropertyValueSpecification","valueRequired":true,"valueName":"search_term_string"}}],"inLanguage":"lt-LT"},{"@type":"Organization","@id":"https:\/\/vapingnet.de\/#organization","name":"Vapingnet.de","url":"https:\/\/vapingnet.de\/","logo":{"@type":"ImageObject","inLanguage":"lt-LT","@id":"https:\/\/vapingnet.de\/#\/schema\/logo\/image\/","url":"https:\/\/vapingnet.de\/wp-content\/uploads\/2025\/03\/cropped-vapingnet.de_.jpg","contentUrl":"https:\/\/vapingnet.de\/wp-content\/uploads\/2025\/03\/cropped-vapingnet.de_.jpg","width":512,"height":512,"caption":"Vapingnet.de"},"image":{"@id":"https:\/\/vapingnet.de\/#\/schema\/logo\/image\/"},"sameAs":["https:\/\/www.facebook.com\/vapingnetde\/"]}]}},"tiered_pricing_type":"fixed","tiered_pricing_fixed_rules":[],"tiered_pricing_product_settings":{"layout":"default","base_unit_name":{"singular":null,"plural":null},"default_variation":null},"tiered_pricing_minimum_quantity":null,"tiered_pricing_roles_data":[],"tiered_pricing_percentage_rules":[],"_links":{"self":[{"href":"https:\/\/vapingnet.de\/lt\/wp-json\/wp\/v2\/product\/5737","targetHints":{"allow":["GET"]}}],"collection":[{"href":"https:\/\/vapingnet.de\/lt\/wp-json\/wp\/v2\/product"}],"about":[{"href":"https:\/\/vapingnet.de\/lt\/wp-json\/wp\/v2\/types\/product"}],"version-history":[{"count":1,"href":"https:\/\/vapingnet.de\/lt\/wp-json\/wp\/v2\/product\/5737\/revisions"}],"predecessor-version":[{"id":5764,"href":"https:\/\/vapingnet.de\/lt\/wp-json\/wp\/v2\/product\/5737\/revisions\/5764"}],"wp:featuredmedia":[{"embeddable":true,"href":"https:\/\/vapingnet.de\/lt\/wp-json\/wp\/v2\/media\/5715"}],"wp:attachment":[{"href":"https:\/\/vapingnet.de\/lt\/wp-json\/wp\/v2\/media?parent=5737"}],"wp:term":[{"taxonomy":"brand","embeddable":true,"href":"https:\/\/vapingnet.de\/lt\/wp-json\/wp\/v2\/etheme_brands?post=5737"},{"taxonomy":"product_brand","embeddable":true,"href":"https:\/\/vapingnet.de\/lt\/wp-json\/wp\/v2\/product_brand?post=5737"},{"taxonomy":"product_cat","embeddable":true,"href":"https:\/\/vapingnet.de\/lt\/wp-json\/wp\/v2\/product_cat?post=5737"},{"taxonomy":"product_tag","embeddable":true,"href":"https:\/\/vapingnet.de\/lt\/wp-json\/wp\/v2\/product_tag?post=5737"}],"curies":[{"name":"wp","href":"https:\/\/api.w.org\/{rel}","templated":true}]}}