{"id":5739,"date":"2025-03-19T05:38:19","date_gmt":"2025-03-19T05:38:19","guid":{"rendered":"https:\/\/vapingnet.de\/?post_type=product&#038;p=5739"},"modified":"2025-06-19T03:37:12","modified_gmt":"2025-06-19T03:37:12","slug":"sonnengereifte-mangos-mit-einem-hauch-tropischer-frische-nexa-ultra-50k-und-mango-oasis","status":"publish","type":"product","link":"https:\/\/vapingnet.de\/lt\/vape\/sonnengereifte-mangos-mit-einem-hauch-tropischer-frische-nexa-ultra-50k-und-mango-oasis\/","title":{"rendered":"Saul\u0117s prinokusios mangai su tropinio gaivumo u\u017euomina NEXA Ultra 50K ir Mango Oasis"},"content":{"rendered":"<h2 data-start=\"0\" data-end=\"90\">NEXA Ultra 50K Puff vienkartin\u0117 elektronin\u0117 cigaret\u0117, inovacija susitinka su tropiniu malonumu<\/h2>\n<p data-start=\"92\" data-end=\"518\">NEXA Ultra 50K Puff <strong><a href=\"https:\/\/vapingnet.de\/lt\/k\/einweg-e-zigarette\/\">Vienkartin\u0117 elektronin\u0117 cigaret\u0117<\/a><\/strong> yra tobula pasirinktis reikliems vaporiams, kurie vertina i\u0161skirtin\u012f na\u0161um\u0105, modern\u0173 dizain\u0105 ir intensyv\u0173 skon\u012f. Su \u012fsp\u016bdinga 50 000 \u012fkv\u0117pim\u0173 talpa <strong><a href=\"https:\/\/vapingnet.de\/lt\/k\/50k-vape\/\">50k vape<\/a><\/strong>, matomu kristaliniu bakeliu su 20 ml skys\u010dio ir pa\u017eangia 3D lenkta ekrano technologija, \u0161i \u012franga nustato naujus standartus vienkartini\u0173 elektronini\u0173 cigare\u010di\u0173 srityje.<\/p>\n<h3 data-start=\"520\" data-end=\"588\">Maksimalus na\u0161umas \u2013 du re\u017eimai individualiam \u012fkv\u0117pimui<\/h3>\n<p data-start=\"589\" data-end=\"754\">NEXA Ultra si\u016blo ne tik itin didel\u012f \u012fkv\u0117pim\u0173 skai\u010di\u0173, bet ir du skirtingus garavimo re\u017eimus, leid\u017eian\u010dius pritaikyti patirt\u012f pagal asmeninius pageidavimus:<\/p>\n<ul data-start=\"755\" data-end=\"1051\">\n<li data-start=\"755\" data-end=\"894\">Normalus re\u017eimas (50K \u012fkv\u0117pim\u0173) \u2013 u\u017etikrina tolyg\u0173 garo generavim\u0105 su optimaliu akumuliatoriaus veikimu ir \u0161velniu skonio i\u0161siskyrimu.<\/li>\n<li data-start=\"895\" data-end=\"1051\">Turbo re\u017eimas (30K \u012fkv\u0117pim\u0173) \u2013 intensyvesniam garui ir stipresniam skoniui, idealiai tinka vaporiams, norintiems i\u0161kart m\u0117gautis pilnu aromatu.<\/li>\n<\/ul>\n<p data-start=\"1053\" data-end=\"1217\">\u0160is lankstus nustatymas i\u0161skiria NEXA Ultra 50K i\u0161 \u012fprast\u0173 vienkartini\u0173 vapes ir leid\u017eia individualiai valdyti vapavimo patirt\u012f.<\/p>\n<h3 data-start=\"1219\" data-end=\"1289\">Permatomas kristalinis bakelis \u2013 ai\u0161kus skys\u010dio lygio matymas<\/h3>\n<p data-start=\"1290\" data-end=\"1596\">Vienas i\u0161 i\u0161skirtini\u0173 NEXA Ultra bruo\u017e\u0173 yra matomas 20 ml kristalinis bakelis. \u0160is inovatyvus dizainas leid\u017eia bet kada patikrinti skys\u010dio lyg\u012f, tod\u0117l visada \u017einosite, kada reik\u0117s papildyti \u2013 nors su 50 000 \u012fkv\u0117pim\u0173 talpa tai gali b\u016bti retai reikalinga.<\/p>\n<p data-start=\"1598\" data-end=\"1774\">Kristalo efektas taip pat suteikia eleganti\u0161k\u0105 i\u0161vaizd\u0105 ir suteikia \u012frenginiui unikal\u0173 futuristin\u012f vaizd\u0105, kuris ai\u0161kiai i\u0161siskiria i\u0161 kit\u0173 vienkartini\u0173 elektronini\u0173 cigare\u010di\u0173.<\/p>\n<h3 data-start=\"1776\" data-end=\"1850\">Skonio r\u016b\u0161is: Mango Oasis \u2013 tropinis malonumas kiekviename \u012fkv\u0117pime<\/h3>\n<p data-start=\"1851\" data-end=\"2020\">Ji <strong><a href=\"https:\/\/vapingnet.de\/lt\/nexa-ultra-50000-puffs\/\">NEXA Ultra 50K p\u016btimo<\/a><\/strong> yra prieinama unikalioje Mango Oasis versijoje \u2013 tropinis, saldus skonis, kuris perteikia saul\u0117tos rojus jausm\u0105.<\/p>\n<p data-start=\"2022\" data-end=\"2302\">Kiekvienu \u012fkv\u0117pimu atsiskleid\u017eia pilnavert\u0117s, sultingos mangos aromatas, subtiliai subalansuotas su gaivumu. \u0160is egzoti\u0161kas ir gaivinantis vapavimo patirtis yra idealus fruitini\u0173 aromat\u0173 m\u0117g\u0117jams ir atne\u0161a dalel\u0119 tropin\u0117s saul\u0117s \u012f kasdienyb\u0119.<\/p>\n<p data-start=\"2304\" data-end=\"2456\">5 % nikotino stiprumas u\u017etikrina maloni\u0105, bet stipri\u0105 nikotino bang\u0105, kuri patenkins tiek kei\u010dian\u010dius, tiek patyrusius vaporius.<\/p>\n<h3 data-start=\"2458\" data-end=\"2518\">Pa\u017eangi 3D lenkta ekrano technologija u\u017etikrina piln\u0105 kontrol\u0119<\/h3>\n<p data-start=\"2519\" data-end=\"2860\">NEXA Ultra 50K turi inovatyv\u0173 3D lenkt\u0105 ekran\u0105, kuris ai\u0161kiai rodo vis\u0105 svarbi\u0105 informacij\u0105:<br data-start=\"2645\" data-end=\"2648\" \/>Akumuliatoriaus b\u016bkl\u0117 \u2013 visada \u017einoti, kada reik\u0117s \u012fkrauti.<br data-start=\"2710\" data-end=\"2713\" \/>Skys\u010dio lygis \u2013 per permatom\u0105 bakelio dizain\u0105 visada matyti.<br data-start=\"2783\" data-end=\"2786\" \/>Re\u017eimo rodymas \u2013 paprasta pereiti tarp \u012fprasto ir turbo re\u017eimo.<\/p>\n<p data-start=\"2862\" data-end=\"2976\">Lenktas stiklo dizainas suteikia elektroninei cigaretei prabang\u0173 i\u0161vaizd\u0105 ir i\u0161skiria j\u0105 i\u0161 \u012fprast\u0173 modeli\u0173.<\/p>\n<h3 data-start=\"2978\" data-end=\"3041\">Galingas 800 mAh akumuliatorius su USB-C greitu \u012fkrovimu<\/h3>\n<p data-start=\"3042\" data-end=\"3312\">D\u0117l 800 mAh akumuliatoriaus NEXA Ultra si\u016blo i\u0161skirtin\u012f veikimo laik\u0105. Jei akumuliatorius i\u0161sikrauna, USB-C greito \u012fkrovimo funkcija u\u017etikrina greit\u0105 ir paprast\u0105 \u012fkrovim\u0105 \u2013 taip \u012frenginys v\u0117l paruo\u0161tas naudoti per trump\u0105 laik\u0105.<\/p>\n<p data-start=\"3314\" data-end=\"3424\">D\u0117l energij\u0105 taupan\u010dios technologijos veikimas i\u0161lieka stabilus, nesvarbu, ar naudojate \u012fprast\u0105, ar turbo re\u017eim\u0105.<\/p>\n<h3 data-start=\"3426\" data-end=\"3479\">Paprasta naudoti \u2013 idealiai kasdieniam naudojimui<\/h3>\n<p data-start=\"3480\" data-end=\"3703\">Kaip moderni vienkartin\u0117 elektronin\u0117 cigaret\u0117, NEXA Ultra veikia traukiant \u2013 tai rei\u0161kia, kad ji \u012fjungiama tiesiog traukiant i\u0161 burnos vamzdelio \u2013 joki\u0173 mygtuk\u0173 spaudimo, joki\u0173 sud\u0117ting\u0173 nustatym\u0173.<\/p>\n<p data-start=\"3705\" data-end=\"3805\">Kompakti\u0161ka konstrukcija u\u017etikrina did\u017eiausi\u0105 patogum\u0105, nesvarbu, ar esate kelyje, darbe ar namuose.<\/p>\n<h3 data-start=\"3807\" data-end=\"3873\">Patogi pakuot\u0117 \u2013 Idealiai tinka pardav\u0117jams ir da\u017enai naudojantiems<\/h3>\n<p data-start=\"3874\" data-end=\"4134\">NEXA Ultra 50K p\u016btimo vienkartin\u0117 elektronin\u0117 cigaret\u0117 tiekiama d\u0117\u017eut\u0117je su 5 vienetais. Tai daro j\u0105 ne tik idealia pasirinkimu asmeniniam naudojimui, bet ir pardav\u0117jams, norintiems pasi\u016blyti savo klientams i\u0161skirtin\u012f, galing\u0105 produkt\u0105.<\/p>\n<h3 data-start=\"4136\" data-end=\"4212\">Kod\u0117l NEXA Ultra 50K su Mango Oasis yra b\u016btinas<\/h3>\n<p data-start=\"4213\" data-end=\"4475\">D\u0117l savo itin didelio p\u016btimo talpos, inovatyvaus kristal\u0173 bako, galing\u0173 re\u017eim\u0173, auk\u0161tos kokyb\u0117s 3D ekran\u0173 ir ilgo akumuliatoriaus veikimo laiko, NEXA Ultra 50K p\u016btimo vienkartin\u0117 elektronin\u0117 cigaret\u0117 nustato naujus standartus r\u016bkymo pasaulyje.<\/p>\n<p data-start=\"4477\" data-end=\"4683\">Mango Oasis skonio balansas puikiai sujungia sald\u017ei\u0105, egzoti\u0161k\u0105 mang\u0105 ir maloni\u0105 gaiv\u0105 \u2013 idealiai tinka tiems, kurie nori m\u0117gautis vasaros skoniu kiekvienu \u012fkv\u0117pimu.<\/p>\n<p data-start=\"4685\" data-end=\"4888\" data-is-last-node=\"\" data-is-only-node=\"\">Nesvarbu, ar esate patyr\u0119s r\u016bkalius, ar naujokas \u2013 NEXA Ultra 50K p\u016btimo vienkartin\u0117 elektronin\u0117 cigaret\u0117 yra tobulas pasirinkimas visiems, kurie vertina auk\u0161t\u0105 kokyb\u0119, moderni\u0105 technologij\u0105 ir unikal\u0173 skonio patirt\u012f.<\/p>","protected":false},"excerpt":{"rendered":"<p>NEXA Ultra 50K Puff Einweg E-Zigarette Innovation trifft auf tropischen Genuss Die NEXA Ultra 50K Puff Einweg E-Zigarette ist die perfekte Wahl f\u00fcr anspruchsvolle Dampfer,&#8230;<\/p>","protected":false},"featured_media":5716,"template":"","meta":[],"etheme_brands":[],"product_brand":[],"product_cat":[67,49,61],"product_tag":[],"class_list":{"0":"post-5739","1":"product","2":"type-product","3":"status-publish","4":"has-post-thumbnail","6":"product_cat-50k-vape","7":"product_cat-einweg-e-zigarette","8":"product_cat-f","10":"first","11":"instock","12":"shipping-taxable","13":"purchasable","14":"product-type-variable"},"yoast_head":"<!-- This site is optimized with the Yoast SEO plugin v26.5 - https:\/\/yoast.com\/wordpress\/plugins\/seo\/ -->\n<title>Sonnengereifte Mangos mit einem Hauch tropischer Frische NEXA Ultra 50K und Mango Oasis | Vapingnet.de<\/title>\n<meta name=\"description\" content=\"NEXA Ultra 50K mit Mango Oasis liefert 50.000 Z\u00fcge und ein unvergleichliches Dampferlebnis \u2013 tropisch-s\u00fc\u00dfer Mangogenuss mit jeder Inhalation!\" \/>\n<meta name=\"robots\" content=\"index, follow, max-snippet:-1, max-image-preview:large, max-video-preview:-1\" \/>\n<link rel=\"canonical\" href=\"https:\/\/vapingnet.de\/lt\/vape\/sonnengereifte-mangos-mit-einem-hauch-tropischer-frische-nexa-ultra-50k-und-mango-oasis\/\" \/>\n<meta property=\"og:locale\" content=\"lt_LT\" \/>\n<meta property=\"og:type\" content=\"article\" \/>\n<meta property=\"og:title\" content=\"Sonnengereifte Mangos mit einem Hauch tropischer Frische NEXA Ultra 50K und Mango Oasis | Vapingnet.de\" \/>\n<meta property=\"og:description\" content=\"NEXA Ultra 50K mit Mango Oasis liefert 50.000 Z\u00fcge und ein unvergleichliches Dampferlebnis \u2013 tropisch-s\u00fc\u00dfer Mangogenuss mit jeder Inhalation!\" \/>\n<meta property=\"og:url\" content=\"https:\/\/vapingnet.de\/lt\/vape\/sonnengereifte-mangos-mit-einem-hauch-tropischer-frische-nexa-ultra-50k-und-mango-oasis\/\" \/>\n<meta property=\"og:site_name\" content=\"Vapingnet.de\" \/>\n<meta property=\"article:publisher\" content=\"https:\/\/www.facebook.com\/vapingnetde\/\" \/>\n<meta property=\"article:modified_time\" content=\"2025-06-19T03:37:12+00:00\" \/>\n<meta property=\"og:image\" content=\"https:\/\/vapingnet.de\/wp-content\/uploads\/2025\/03\/50K_MANGO_OASIS-1.png\" \/>\n\t<meta property=\"og:image:width\" content=\"1000\" \/>\n\t<meta property=\"og:image:height\" content=\"1000\" \/>\n\t<meta property=\"og:image:type\" content=\"image\/png\" \/>\n<meta name=\"twitter:card\" content=\"summary_large_image\" \/>\n<meta name=\"twitter:label1\" content=\"Est. reading time\" \/>\n\t<meta name=\"twitter:data1\" content=\"4 minutes\" \/>\n<script type=\"application\/ld+json\" class=\"yoast-schema-graph\">{\"@context\":\"https:\/\/schema.org\",\"@graph\":[{\"@type\":\"WebPage\",\"@id\":\"https:\/\/vapingnet.de\/vape\/sonnengereifte-mangos-mit-einem-hauch-tropischer-frische-nexa-ultra-50k-und-mango-oasis\/\",\"url\":\"https:\/\/vapingnet.de\/vape\/sonnengereifte-mangos-mit-einem-hauch-tropischer-frische-nexa-ultra-50k-und-mango-oasis\/\",\"name\":\"Sonnengereifte Mangos mit einem Hauch tropischer Frische NEXA Ultra 50K und Mango Oasis | Vapingnet.de\",\"isPartOf\":{\"@id\":\"https:\/\/vapingnet.de\/#website\"},\"primaryImageOfPage\":{\"@id\":\"https:\/\/vapingnet.de\/vape\/sonnengereifte-mangos-mit-einem-hauch-tropischer-frische-nexa-ultra-50k-und-mango-oasis\/#primaryimage\"},\"image\":{\"@id\":\"https:\/\/vapingnet.de\/vape\/sonnengereifte-mangos-mit-einem-hauch-tropischer-frische-nexa-ultra-50k-und-mango-oasis\/#primaryimage\"},\"thumbnailUrl\":\"https:\/\/vapingnet.de\/wp-content\/uploads\/2025\/03\/50K_MANGO_OASIS-1.png\",\"datePublished\":\"2025-03-19T05:38:19+00:00\",\"dateModified\":\"2025-06-19T03:37:12+00:00\",\"description\":\"NEXA Ultra 50K mit Mango Oasis liefert 50.000 Z\u00fcge und ein unvergleichliches Dampferlebnis \u2013 tropisch-s\u00fc\u00dfer Mangogenuss mit jeder Inhalation!\",\"breadcrumb\":{\"@id\":\"https:\/\/vapingnet.de\/vape\/sonnengereifte-mangos-mit-einem-hauch-tropischer-frische-nexa-ultra-50k-und-mango-oasis\/#breadcrumb\"},\"inLanguage\":\"lt-LT\",\"potentialAction\":[{\"@type\":\"ReadAction\",\"target\":[\"https:\/\/vapingnet.de\/vape\/sonnengereifte-mangos-mit-einem-hauch-tropischer-frische-nexa-ultra-50k-und-mango-oasis\/\"]}]},{\"@type\":\"ImageObject\",\"inLanguage\":\"lt-LT\",\"@id\":\"https:\/\/vapingnet.de\/vape\/sonnengereifte-mangos-mit-einem-hauch-tropischer-frische-nexa-ultra-50k-und-mango-oasis\/#primaryimage\",\"url\":\"https:\/\/vapingnet.de\/wp-content\/uploads\/2025\/03\/50K_MANGO_OASIS-1.png\",\"contentUrl\":\"https:\/\/vapingnet.de\/wp-content\/uploads\/2025\/03\/50K_MANGO_OASIS-1.png\",\"width\":1000,\"height\":1000},{\"@type\":\"BreadcrumbList\",\"@id\":\"https:\/\/vapingnet.de\/vape\/sonnengereifte-mangos-mit-einem-hauch-tropischer-frische-nexa-ultra-50k-und-mango-oasis\/#breadcrumb\",\"itemListElement\":[{\"@type\":\"ListItem\",\"position\":1,\"name\":\"Home\",\"item\":\"https:\/\/vapingnet.de\/\"},{\"@type\":\"ListItem\",\"position\":2,\"name\":\"Shop\",\"item\":\"https:\/\/vapingnet.de\/vape\/\"},{\"@type\":\"ListItem\",\"position\":3,\"name\":\"Sonnengereifte Mangos mit einem Hauch tropischer Frische NEXA Ultra 50K und Mango Oasis\"}]},{\"@type\":\"WebSite\",\"@id\":\"https:\/\/vapingnet.de\/#website\",\"url\":\"https:\/\/vapingnet.de\/\",\"name\":\"Vapingnet.de\",\"description\":\"\",\"publisher\":{\"@id\":\"https:\/\/vapingnet.de\/#organization\"},\"potentialAction\":[{\"@type\":\"SearchAction\",\"target\":{\"@type\":\"EntryPoint\",\"urlTemplate\":\"https:\/\/vapingnet.de\/?s={search_term_string}\"},\"query-input\":{\"@type\":\"PropertyValueSpecification\",\"valueRequired\":true,\"valueName\":\"search_term_string\"}}],\"inLanguage\":\"lt-LT\"},{\"@type\":\"Organization\",\"@id\":\"https:\/\/vapingnet.de\/#organization\",\"name\":\"Vapingnet.de\",\"url\":\"https:\/\/vapingnet.de\/\",\"logo\":{\"@type\":\"ImageObject\",\"inLanguage\":\"lt-LT\",\"@id\":\"https:\/\/vapingnet.de\/#\/schema\/logo\/image\/\",\"url\":\"https:\/\/vapingnet.de\/wp-content\/uploads\/2025\/03\/cropped-vapingnet.de_.jpg\",\"contentUrl\":\"https:\/\/vapingnet.de\/wp-content\/uploads\/2025\/03\/cropped-vapingnet.de_.jpg\",\"width\":512,\"height\":512,\"caption\":\"Vapingnet.de\"},\"image\":{\"@id\":\"https:\/\/vapingnet.de\/#\/schema\/logo\/image\/\"},\"sameAs\":[\"https:\/\/www.facebook.com\/vapingnetde\/\"]}]}<\/script>\n<!-- \/ Yoast SEO plugin. -->","yoast_head_json":{"title":"Sonnengereifte Mangos mit einem Hauch tropischer Frische NEXA Ultra 50K und Mango Oasis | Vapingnet.de","description":"NEXA Ultra 50K mit Mango Oasis liefert 50.000 Z\u00fcge und ein unvergleichliches Dampferlebnis \u2013 tropisch-s\u00fc\u00dfer Mangogenuss mit jeder Inhalation!","robots":{"index":"index","follow":"follow","max-snippet":"max-snippet:-1","max-image-preview":"max-image-preview:large","max-video-preview":"max-video-preview:-1"},"canonical":"https:\/\/vapingnet.de\/lt\/vape\/sonnengereifte-mangos-mit-einem-hauch-tropischer-frische-nexa-ultra-50k-und-mango-oasis\/","og_locale":"lt_LT","og_type":"article","og_title":"Sonnengereifte Mangos mit einem Hauch tropischer Frische NEXA Ultra 50K und Mango Oasis | Vapingnet.de","og_description":"NEXA Ultra 50K mit Mango Oasis liefert 50.000 Z\u00fcge und ein unvergleichliches Dampferlebnis \u2013 tropisch-s\u00fc\u00dfer Mangogenuss mit jeder Inhalation!","og_url":"https:\/\/vapingnet.de\/lt\/vape\/sonnengereifte-mangos-mit-einem-hauch-tropischer-frische-nexa-ultra-50k-und-mango-oasis\/","og_site_name":"Vapingnet.de","article_publisher":"https:\/\/www.facebook.com\/vapingnetde\/","article_modified_time":"2025-06-19T03:37:12+00:00","og_image":[{"width":1000,"height":1000,"url":"https:\/\/vapingnet.de\/wp-content\/uploads\/2025\/03\/50K_MANGO_OASIS-1.png","type":"image\/png"}],"twitter_card":"summary_large_image","twitter_misc":{"Est. reading time":"4 minutes"},"schema":{"@context":"https:\/\/schema.org","@graph":[{"@type":"WebPage","@id":"https:\/\/vapingnet.de\/vape\/sonnengereifte-mangos-mit-einem-hauch-tropischer-frische-nexa-ultra-50k-und-mango-oasis\/","url":"https:\/\/vapingnet.de\/vape\/sonnengereifte-mangos-mit-einem-hauch-tropischer-frische-nexa-ultra-50k-und-mango-oasis\/","name":"Sonnengereifte Mangos mit einem Hauch tropischer Frische NEXA Ultra 50K und Mango Oasis | Vapingnet.de","isPartOf":{"@id":"https:\/\/vapingnet.de\/#website"},"primaryImageOfPage":{"@id":"https:\/\/vapingnet.de\/vape\/sonnengereifte-mangos-mit-einem-hauch-tropischer-frische-nexa-ultra-50k-und-mango-oasis\/#primaryimage"},"image":{"@id":"https:\/\/vapingnet.de\/vape\/sonnengereifte-mangos-mit-einem-hauch-tropischer-frische-nexa-ultra-50k-und-mango-oasis\/#primaryimage"},"thumbnailUrl":"https:\/\/vapingnet.de\/wp-content\/uploads\/2025\/03\/50K_MANGO_OASIS-1.png","datePublished":"2025-03-19T05:38:19+00:00","dateModified":"2025-06-19T03:37:12+00:00","description":"NEXA Ultra 50K mit Mango Oasis liefert 50.000 Z\u00fcge und ein unvergleichliches Dampferlebnis \u2013 tropisch-s\u00fc\u00dfer Mangogenuss mit jeder Inhalation!","breadcrumb":{"@id":"https:\/\/vapingnet.de\/vape\/sonnengereifte-mangos-mit-einem-hauch-tropischer-frische-nexa-ultra-50k-und-mango-oasis\/#breadcrumb"},"inLanguage":"lt-LT","potentialAction":[{"@type":"ReadAction","target":["https:\/\/vapingnet.de\/vape\/sonnengereifte-mangos-mit-einem-hauch-tropischer-frische-nexa-ultra-50k-und-mango-oasis\/"]}]},{"@type":"ImageObject","inLanguage":"lt-LT","@id":"https:\/\/vapingnet.de\/vape\/sonnengereifte-mangos-mit-einem-hauch-tropischer-frische-nexa-ultra-50k-und-mango-oasis\/#primaryimage","url":"https:\/\/vapingnet.de\/wp-content\/uploads\/2025\/03\/50K_MANGO_OASIS-1.png","contentUrl":"https:\/\/vapingnet.de\/wp-content\/uploads\/2025\/03\/50K_MANGO_OASIS-1.png","width":1000,"height":1000},{"@type":"BreadcrumbList","@id":"https:\/\/vapingnet.de\/vape\/sonnengereifte-mangos-mit-einem-hauch-tropischer-frische-nexa-ultra-50k-und-mango-oasis\/#breadcrumb","itemListElement":[{"@type":"ListItem","position":1,"name":"Home","item":"https:\/\/vapingnet.de\/"},{"@type":"ListItem","position":2,"name":"Shop","item":"https:\/\/vapingnet.de\/vape\/"},{"@type":"ListItem","position":3,"name":"Sonnengereifte Mangos mit einem Hauch tropischer Frische NEXA Ultra 50K und Mango Oasis"}]},{"@type":"WebSite","@id":"https:\/\/vapingnet.de\/#website","url":"https:\/\/vapingnet.de\/","name":"Vapingnet.de","description":"","publisher":{"@id":"https:\/\/vapingnet.de\/#organization"},"potentialAction":[{"@type":"SearchAction","target":{"@type":"EntryPoint","urlTemplate":"https:\/\/vapingnet.de\/?s={search_term_string}"},"query-input":{"@type":"PropertyValueSpecification","valueRequired":true,"valueName":"search_term_string"}}],"inLanguage":"lt-LT"},{"@type":"Organization","@id":"https:\/\/vapingnet.de\/#organization","name":"Vapingnet.de","url":"https:\/\/vapingnet.de\/","logo":{"@type":"ImageObject","inLanguage":"lt-LT","@id":"https:\/\/vapingnet.de\/#\/schema\/logo\/image\/","url":"https:\/\/vapingnet.de\/wp-content\/uploads\/2025\/03\/cropped-vapingnet.de_.jpg","contentUrl":"https:\/\/vapingnet.de\/wp-content\/uploads\/2025\/03\/cropped-vapingnet.de_.jpg","width":512,"height":512,"caption":"Vapingnet.de"},"image":{"@id":"https:\/\/vapingnet.de\/#\/schema\/logo\/image\/"},"sameAs":["https:\/\/www.facebook.com\/vapingnetde\/"]}]}},"tiered_pricing_type":"fixed","tiered_pricing_fixed_rules":[],"tiered_pricing_product_settings":{"layout":"default","base_unit_name":{"singular":null,"plural":null},"default_variation":null},"tiered_pricing_minimum_quantity":null,"tiered_pricing_roles_data":[],"tiered_pricing_percentage_rules":[],"_links":{"self":[{"href":"https:\/\/vapingnet.de\/lt\/wp-json\/wp\/v2\/product\/5739","targetHints":{"allow":["GET"]}}],"collection":[{"href":"https:\/\/vapingnet.de\/lt\/wp-json\/wp\/v2\/product"}],"about":[{"href":"https:\/\/vapingnet.de\/lt\/wp-json\/wp\/v2\/types\/product"}],"version-history":[{"count":1,"href":"https:\/\/vapingnet.de\/lt\/wp-json\/wp\/v2\/product\/5739\/revisions"}],"predecessor-version":[{"id":5765,"href":"https:\/\/vapingnet.de\/lt\/wp-json\/wp\/v2\/product\/5739\/revisions\/5765"}],"wp:featuredmedia":[{"embeddable":true,"href":"https:\/\/vapingnet.de\/lt\/wp-json\/wp\/v2\/media\/5716"}],"wp:attachment":[{"href":"https:\/\/vapingnet.de\/lt\/wp-json\/wp\/v2\/media?parent=5739"}],"wp:term":[{"taxonomy":"brand","embeddable":true,"href":"https:\/\/vapingnet.de\/lt\/wp-json\/wp\/v2\/etheme_brands?post=5739"},{"taxonomy":"product_brand","embeddable":true,"href":"https:\/\/vapingnet.de\/lt\/wp-json\/wp\/v2\/product_brand?post=5739"},{"taxonomy":"product_cat","embeddable":true,"href":"https:\/\/vapingnet.de\/lt\/wp-json\/wp\/v2\/product_cat?post=5739"},{"taxonomy":"product_tag","embeddable":true,"href":"https:\/\/vapingnet.de\/lt\/wp-json\/wp\/v2\/product_tag?post=5739"}],"curies":[{"name":"wp","href":"https:\/\/api.w.org\/{rel}","templated":true}]}}