{"id":5741,"date":"2025-03-19T05:38:20","date_gmt":"2025-03-19T05:38:20","guid":{"rendered":"https:\/\/vapingnet.de\/?post_type=product&#038;p=5741"},"modified":"2026-04-14T06:41:05","modified_gmt":"2026-04-14T06:41:05","slug":"nexa-ultra-50k-miami-mint-bietet-eine-erfrischende-minz-mischung-mit-einem-hauch-suesse-perfekt-fuer-einen-kuehlen-mentholigen-genuss","status":"publish","type":"product","link":"https:\/\/vapingnet.de\/lt\/vape\/nexa-ultra-50k-miami-mint-bietet-eine-erfrischende-minz-mischung-mit-einem-hauch-suesse-perfekt-fuer-einen-kuehlen-mentholigen-genuss\/","title":{"rendered":"NEXA Ultra 50K Miami Mint si\u016blo gaivi\u0105 m\u0117t\u0173 mi\u0161in\u012f su \u0161iek tiek saldumo, puikiai tinka \u0161altam mentolio malonumui"},"content":{"rendered":"<h2 data-start=\"0\" data-end=\"111\">NEXA Ultra 50K Puf\u0173 Vienkartin\u0117 Elektronin\u0117 Putojimo Vape \u2013 Maksimali galia susitinka su gaiviu Miami Mint skoniu<\/h2>\n<p data-start=\"113\" data-end=\"465\">NEXA Ultra 50K Puff <strong><a href=\"https:\/\/vapingnet.de\/lt\/k\/einweg-e-zigarette\/\">Vienkartin\u0117 elektronin\u0117 cigaret\u0117<\/a><\/strong> nustato naujus standartus garinimo pasaulyje. Su mil\u017eini\u0161ku talpumu <strong><a href=\"https:\/\/vapingnet.de\/lt\/k\/50k-vape\/\">50k vape<\/a><\/strong>, matomu 20 ml kristal\u0173 baku, galingu 800 mAh akumuliatoriumi su USB-C greitu \u012fkrovimu ir moderniu 3D lenktu ekranu, \u0161is \u012frenginys yra tobulas pasirinkimas reikliems garintojams.<\/p>\n<h3 data-start=\"467\" data-end=\"539\">Maksimalus na\u0161umas \u2013 du re\u017eimai individualiam garinimo malonumui<\/h3>\n<p data-start=\"540\" data-end=\"635\">NEXA Ultra si\u016blo su dviem skirtingais garinimo re\u017eimais pritaikom\u0105 garinimo patirt\u012f:<\/p>\n<ul data-start=\"636\" data-end=\"858\">\n<li data-start=\"636\" data-end=\"740\">Normalus re\u017eimas (50 t\u016bkst. puf\u0173) \u2013 optimizuotas maksimaliam puf\u0173 kiekiui ir \u0161velniam skonio i\u0161siskyrimui.<\/li>\n<li data-start=\"741\" data-end=\"858\">Turbo re\u017eimas (30 t\u016bkst. puf\u0173) \u2013 intensyviam garui ir stipresniam skoniui \u2013 puikiai tinka m\u0117g\u0117jams stipri\u0173 \u012fkv\u0117pim\u0173.<\/li>\n<\/ul>\n<p data-start=\"860\" data-end=\"1016\">Su \u0161ia dviej\u0173 re\u017eim\u0173 technologija NEXA Ultra 50K ai\u0161kiai i\u0161siskiria i\u0161 kit\u0173 vienkartini\u0173 vape'\u0173 ir leid\u017eia lankst\u0173 naudojim\u0105 pagal pageidavimus.<\/p>\n<h3 data-start=\"1018\" data-end=\"1088\">Permatomas kristalinis bakelis \u2013 ai\u0161kus skys\u010dio lygio matymas<\/h3>\n<p data-start=\"1089\" data-end=\"1405\">D\u0117ka 20 ml kristal\u0173 bako, galima bet kada matyti skys\u010dio lyg\u012f \u2013 joki\u0173 sp\u0117jim\u0173, kada atsargos baigsis. Pra\u0161matnus kristal\u0173 dizainas ne tik suteikia stiling\u0105 i\u0161vaizd\u0105, bet ir padeda tolygiai paskirstyti skyst\u012f, kad kiekvienas \u012fkv\u0117pimas b\u016bt\u0173 nuoseklus ir intensyvus.<\/p>\n<h3 data-start=\"1407\" data-end=\"1492\">Skonio r\u016b\u0161is: Miami Mint \u2013 \u0161altas gaivumas su prabangaus prisilietimo akcentu<\/h3>\n<p data-start=\"1493\" data-end=\"1749\">Ji <a href=\"https:\/\/vapingnet.de\/lt\/nexa-ultra-50000-puffs\/\"><strong>NEXA Ultra 50K p\u016btimo<\/strong><\/a> Miami Mint si\u016blo unikali\u0105 garinimo patirt\u012f, kuri \u012fk\u016bnija gryn\u0105 gaivum\u0105. \u012ekv\u0117ptas pulsuojan\u010dio Miamio naktinio gyvenimo, \u0161is aromatas sujungia kristalin\u0119 m\u0117t\u0173 gaiv\u0105 su \u0161altu v\u0117ju, kuris i\u0161 karto atgaivina ir pakelia nuotaik\u0105.<\/p>\n<p data-start=\"1751\" data-end=\"1990\">Kiekvienas \u012fkv\u0117pimas atskleid\u017eia tobulai subalansuot\u0105 \u0161alto m\u0117t\u0173 ir \u0161iek tiek saldaus poskonio mi\u0161in\u012f, kuris u\u017etikrina ilgalaik\u012f, gaiv\u0173 burnos poj\u016bt\u012f. Idealiai tinka garintojams, m\u0117gstantiems tra\u0161ki\u0105, mentolio natos.<\/p>\n<p data-start=\"1992\" data-end=\"2203\">Su 5 % nikotino stiprumu Miami Mint versija suteikia intensyv\u0173, bet malon\u0173 nikotino \u0161uol\u012f \u2013 puikiai tinka keit\u0117jams ir patyrusiems garintojams, ie\u0161kantiems stiprios, bet \u0161velnios patirties.<\/p>\n<h3 data-start=\"2205\" data-end=\"2275\">Auk\u0161t\u0173j\u0173 technologij\u0173 su 3D i\u0161lenktu ekranu \u2013 Visa informacija vienu \u017evilgsniu<\/h3>\n<p data-start=\"2276\" data-end=\"2554\">Modernus 3D lenktas ekranas rodo visas svarbiausias informacijas:<br data-start=\"2348\" data-end=\"2351\" \/>Akumuliatoriaus b\u016bkl\u0117 \u2013 daugiau niekada nebus netik\u0117tai i\u0161sikrov\u0119s akumas.<br data-start=\"2405\" data-end=\"2408\" \/>Skys\u010dio lygis \u2013 matomas per skaidr\u0173 bak\u0105 bet kada.<br data-start=\"2476\" data-end=\"2479\" \/>Re\u017eimo indikatorius \u2013 paprastas perjungimas tarp normalio ir turbo re\u017eimo.<\/p>\n<p data-start=\"2556\" data-end=\"2669\">Auk\u0161tos kokyb\u0117s stiklo optika suteikia NEXA Ultra prabang\u0173 \u012fvaizd\u012f ir pabr\u0117\u017eia jos modern\u0173 dizain\u0105.<\/p>\n<h3 data-start=\"2671\" data-end=\"2726\">Galingas akumuliatorius su USB-C greitu \u012fkrovimu<\/h3>\n<p data-start=\"2727\" data-end=\"2935\">800 mAh akumuliatoriaus talpa garantuoja ilg\u0105 naudojimo laik\u0105. D\u0117ka USB-C greito \u012fkrovimo, \u012frenginys greitai v\u0117l paruo\u0161tas naudoti \u2013 nereikia ilgai laukti, tiesiog \u012fkraukite ir toliau garinkite.<\/p>\n<p data-start=\"2937\" data-end=\"3089\">Energij\u0105 taupanti lust\u0173 technologija u\u017etikrina, kad na\u0161umas i\u0161likt\u0173 stabilus iki paskutinio \u012fkvepimo \u2013 nesvarbu, ar naudojate \u012fprast\u0105, ar turbo re\u017eim\u0105.<\/p>\n<h3 data-start=\"3091\" data-end=\"3144\">Paprastas valdymas \u2013 tobulas kasdieniam naudojimui<\/h3>\n<p data-start=\"3145\" data-end=\"3356\">NEXA Ultra 50K yra \u012fjungta traukimu, t. y. jai nereikia mygtuko \u012fjungimui \u2013 tiesiog traukite ir m\u0117gaukit\u0117s. Su savo kompakti\u0161ku ir eleganti\u0161ku dizainu ji yra ideali kelionin\u0117 partner\u0117.<\/p>\n<h3 data-start=\"3358\" data-end=\"3424\">Patogi pakuot\u0117 \u2013 Idealiai tinka pardav\u0117jams ir da\u017enai naudojantiems<\/h3>\n<p data-start=\"3425\" data-end=\"3649\">NEXA Ultra 50K Miami Mint pristatoma d\u0117\u017eut\u0117je su 5 vienetais \u2013 ideali asmeniniam atsarginiam kiekiui arba pardav\u0117jams, norintiems pasi\u016blyti savo klientams auk\u0161tos kokyb\u0117s produkt\u0105 su i\u0161skirtiniu ilgaam\u017ei\u0161kumu.<\/p>\n<h3 data-start=\"3651\" data-end=\"3722\">Kod\u0117l NEXA Ultra 50K Miami Mint yra b\u016btinas<\/h3>\n<p data-start=\"3723\" data-end=\"3957\">Su savo dideliu p\u016btimo talpa, inovatyviu kristal\u0173 baku, dviem garinimo re\u017eimais, auk\u0161tos kokyb\u0117s 3D ekranu ir ilga baterijos veikimo trukme, NEXA Ultra 50K P\u016bsti Vienkartiniai Elektroniniai Cigaretes yra i\u0161skirtinis produktas.<\/p>\n<p data-start=\"3959\" data-end=\"4117\">Miami Mint versija si\u016blo nepalyginam\u0105 gaivum\u0105 ir u\u017etikrina \u0161alt\u0105, gaivinant\u012f garavimo patirt\u012f, kuri idealiai tinka kasdieniam malonumui.<\/p>\n<p data-start=\"4119\" data-end=\"4346\" data-is-last-node=\"\" data-is-only-node=\"\">Nesvarbu, ar esate patyr\u0119s garintojas, ar naujokas \u2013 NEXA Ultra 50K P\u016bsti Miami Mint sujungia pa\u017eangiausi\u0105 technologij\u0105 su intensyviu gaivumu ir yra puikus pasirinkimas tiems, kurie ie\u0161ko auk\u0161\u010diausios kokyb\u0117s ir maksimalios malonumo.<\/p>","protected":false},"excerpt":{"rendered":"<p>NEXA Ultra 50K Puff Einweg E-Zigarette \u2013 Maximale Leistung trifft auf erfrischenden Miami Mint Genuss Die NEXA Ultra 50K Puff Einweg E-Zigarette setzt neue Ma\u00dfst\u00e4be&#8230;<\/p>","protected":false},"featured_media":5717,"template":"","meta":[],"etheme_brands":[],"product_brand":[],"product_cat":[67,49,61],"product_tag":[],"class_list":{"0":"post-5741","1":"product","2":"type-product","3":"status-publish","4":"has-post-thumbnail","6":"product_cat-50k-vape","7":"product_cat-einweg-e-zigarette","8":"product_cat-f","10":"first","11":"outofstock","12":"shipping-taxable","13":"purchasable","14":"product-type-variable"},"yoast_head":"<!-- This site is optimized with the Yoast SEO plugin v26.5 - https:\/\/yoast.com\/wordpress\/plugins\/seo\/ -->\n<title>NEXA Ultra 50K Miami Mint bietet eine erfrischende Minz-Mischung mit einem Hauch S\u00fc\u00dfe perfekt f\u00fcr einen k\u00fchlen mentholigen Genuss | Vapingnet.de<\/title>\n<meta name=\"description\" content=\"NEXA Ultra 50K Miami Mint bietet eine erfrischende Minz-Mischung mit einem Hauch S\u00fc\u00dfe \u2013 perfekt f\u00fcr einen k\u00fchlen, mentholigen Genuss.\" \/>\n<meta name=\"robots\" content=\"index, follow, max-snippet:-1, max-image-preview:large, max-video-preview:-1\" \/>\n<link rel=\"canonical\" href=\"https:\/\/vapingnet.de\/lt\/vape\/nexa-ultra-50k-miami-mint-bietet-eine-erfrischende-minz-mischung-mit-einem-hauch-suesse-perfekt-fuer-einen-kuehlen-mentholigen-genuss\/\" \/>\n<meta property=\"og:locale\" content=\"lt_LT\" \/>\n<meta property=\"og:type\" content=\"article\" \/>\n<meta property=\"og:title\" content=\"NEXA Ultra 50K Miami Mint bietet eine erfrischende Minz-Mischung mit einem Hauch S\u00fc\u00dfe perfekt f\u00fcr einen k\u00fchlen mentholigen Genuss | Vapingnet.de\" \/>\n<meta property=\"og:description\" content=\"NEXA Ultra 50K Miami Mint bietet eine erfrischende Minz-Mischung mit einem Hauch S\u00fc\u00dfe \u2013 perfekt f\u00fcr einen k\u00fchlen, mentholigen Genuss.\" \/>\n<meta property=\"og:url\" content=\"https:\/\/vapingnet.de\/lt\/vape\/nexa-ultra-50k-miami-mint-bietet-eine-erfrischende-minz-mischung-mit-einem-hauch-suesse-perfekt-fuer-einen-kuehlen-mentholigen-genuss\/\" \/>\n<meta property=\"og:site_name\" content=\"Vapingnet.de\" \/>\n<meta property=\"article:publisher\" content=\"https:\/\/www.facebook.com\/vapingnetde\/\" \/>\n<meta property=\"article:modified_time\" content=\"2026-04-14T06:41:05+00:00\" \/>\n<meta property=\"og:image\" content=\"https:\/\/vapingnet.de\/wp-content\/uploads\/2025\/03\/50K_MIAMI_MINT-1.png\" \/>\n\t<meta property=\"og:image:width\" content=\"1000\" \/>\n\t<meta property=\"og:image:height\" content=\"1000\" \/>\n\t<meta property=\"og:image:type\" content=\"image\/png\" \/>\n<meta name=\"twitter:card\" content=\"summary_large_image\" \/>\n<meta name=\"twitter:label1\" content=\"Est. reading time\" \/>\n\t<meta name=\"twitter:data1\" content=\"4 minutes\" \/>\n<script type=\"application\/ld+json\" class=\"yoast-schema-graph\">{\"@context\":\"https:\/\/schema.org\",\"@graph\":[{\"@type\":\"WebPage\",\"@id\":\"https:\/\/vapingnet.de\/vape\/nexa-ultra-50k-miami-mint-bietet-eine-erfrischende-minz-mischung-mit-einem-hauch-suesse-perfekt-fuer-einen-kuehlen-mentholigen-genuss\/\",\"url\":\"https:\/\/vapingnet.de\/vape\/nexa-ultra-50k-miami-mint-bietet-eine-erfrischende-minz-mischung-mit-einem-hauch-suesse-perfekt-fuer-einen-kuehlen-mentholigen-genuss\/\",\"name\":\"NEXA Ultra 50K Miami Mint bietet eine erfrischende Minz-Mischung mit einem Hauch S\u00fc\u00dfe perfekt f\u00fcr einen k\u00fchlen mentholigen Genuss | Vapingnet.de\",\"isPartOf\":{\"@id\":\"https:\/\/vapingnet.de\/#website\"},\"primaryImageOfPage\":{\"@id\":\"https:\/\/vapingnet.de\/vape\/nexa-ultra-50k-miami-mint-bietet-eine-erfrischende-minz-mischung-mit-einem-hauch-suesse-perfekt-fuer-einen-kuehlen-mentholigen-genuss\/#primaryimage\"},\"image\":{\"@id\":\"https:\/\/vapingnet.de\/vape\/nexa-ultra-50k-miami-mint-bietet-eine-erfrischende-minz-mischung-mit-einem-hauch-suesse-perfekt-fuer-einen-kuehlen-mentholigen-genuss\/#primaryimage\"},\"thumbnailUrl\":\"https:\/\/vapingnet.de\/wp-content\/uploads\/2025\/03\/50K_MIAMI_MINT-1.png\",\"datePublished\":\"2025-03-19T05:38:20+00:00\",\"dateModified\":\"2026-04-14T06:41:05+00:00\",\"description\":\"NEXA Ultra 50K Miami Mint bietet eine erfrischende Minz-Mischung mit einem Hauch S\u00fc\u00dfe \u2013 perfekt f\u00fcr einen k\u00fchlen, mentholigen Genuss.\",\"breadcrumb\":{\"@id\":\"https:\/\/vapingnet.de\/vape\/nexa-ultra-50k-miami-mint-bietet-eine-erfrischende-minz-mischung-mit-einem-hauch-suesse-perfekt-fuer-einen-kuehlen-mentholigen-genuss\/#breadcrumb\"},\"inLanguage\":\"lt-LT\",\"potentialAction\":[{\"@type\":\"ReadAction\",\"target\":[\"https:\/\/vapingnet.de\/vape\/nexa-ultra-50k-miami-mint-bietet-eine-erfrischende-minz-mischung-mit-einem-hauch-suesse-perfekt-fuer-einen-kuehlen-mentholigen-genuss\/\"]}]},{\"@type\":\"ImageObject\",\"inLanguage\":\"lt-LT\",\"@id\":\"https:\/\/vapingnet.de\/vape\/nexa-ultra-50k-miami-mint-bietet-eine-erfrischende-minz-mischung-mit-einem-hauch-suesse-perfekt-fuer-einen-kuehlen-mentholigen-genuss\/#primaryimage\",\"url\":\"https:\/\/vapingnet.de\/wp-content\/uploads\/2025\/03\/50K_MIAMI_MINT-1.png\",\"contentUrl\":\"https:\/\/vapingnet.de\/wp-content\/uploads\/2025\/03\/50K_MIAMI_MINT-1.png\",\"width\":1000,\"height\":1000},{\"@type\":\"BreadcrumbList\",\"@id\":\"https:\/\/vapingnet.de\/vape\/nexa-ultra-50k-miami-mint-bietet-eine-erfrischende-minz-mischung-mit-einem-hauch-suesse-perfekt-fuer-einen-kuehlen-mentholigen-genuss\/#breadcrumb\",\"itemListElement\":[{\"@type\":\"ListItem\",\"position\":1,\"name\":\"Home\",\"item\":\"https:\/\/vapingnet.de\/\"},{\"@type\":\"ListItem\",\"position\":2,\"name\":\"Shop\",\"item\":\"https:\/\/vapingnet.de\/vape\/\"},{\"@type\":\"ListItem\",\"position\":3,\"name\":\"NEXA Ultra 50K Miami Mint bietet eine erfrischende Minz-Mischung mit einem Hauch S\u00fc\u00dfe perfekt f\u00fcr einen k\u00fchlen mentholigen Genuss\"}]},{\"@type\":\"WebSite\",\"@id\":\"https:\/\/vapingnet.de\/#website\",\"url\":\"https:\/\/vapingnet.de\/\",\"name\":\"Vapingnet.de\",\"description\":\"\",\"publisher\":{\"@id\":\"https:\/\/vapingnet.de\/#organization\"},\"potentialAction\":[{\"@type\":\"SearchAction\",\"target\":{\"@type\":\"EntryPoint\",\"urlTemplate\":\"https:\/\/vapingnet.de\/?s={search_term_string}\"},\"query-input\":{\"@type\":\"PropertyValueSpecification\",\"valueRequired\":true,\"valueName\":\"search_term_string\"}}],\"inLanguage\":\"lt-LT\"},{\"@type\":\"Organization\",\"@id\":\"https:\/\/vapingnet.de\/#organization\",\"name\":\"Vapingnet.de\",\"url\":\"https:\/\/vapingnet.de\/\",\"logo\":{\"@type\":\"ImageObject\",\"inLanguage\":\"lt-LT\",\"@id\":\"https:\/\/vapingnet.de\/#\/schema\/logo\/image\/\",\"url\":\"https:\/\/vapingnet.de\/wp-content\/uploads\/2025\/03\/cropped-vapingnet.de_.jpg\",\"contentUrl\":\"https:\/\/vapingnet.de\/wp-content\/uploads\/2025\/03\/cropped-vapingnet.de_.jpg\",\"width\":512,\"height\":512,\"caption\":\"Vapingnet.de\"},\"image\":{\"@id\":\"https:\/\/vapingnet.de\/#\/schema\/logo\/image\/\"},\"sameAs\":[\"https:\/\/www.facebook.com\/vapingnetde\/\"]}]}<\/script>\n<!-- \/ Yoast SEO plugin. -->","yoast_head_json":{"title":"NEXA Ultra 50K Miami Mint bietet eine erfrischende Minz-Mischung mit einem Hauch S\u00fc\u00dfe perfekt f\u00fcr einen k\u00fchlen mentholigen Genuss | Vapingnet.de","description":"NEXA Ultra 50K Miami Mint bietet eine erfrischende Minz-Mischung mit einem Hauch S\u00fc\u00dfe \u2013 perfekt f\u00fcr einen k\u00fchlen, mentholigen Genuss.","robots":{"index":"index","follow":"follow","max-snippet":"max-snippet:-1","max-image-preview":"max-image-preview:large","max-video-preview":"max-video-preview:-1"},"canonical":"https:\/\/vapingnet.de\/lt\/vape\/nexa-ultra-50k-miami-mint-bietet-eine-erfrischende-minz-mischung-mit-einem-hauch-suesse-perfekt-fuer-einen-kuehlen-mentholigen-genuss\/","og_locale":"lt_LT","og_type":"article","og_title":"NEXA Ultra 50K Miami Mint bietet eine erfrischende Minz-Mischung mit einem Hauch S\u00fc\u00dfe perfekt f\u00fcr einen k\u00fchlen mentholigen Genuss | Vapingnet.de","og_description":"NEXA Ultra 50K Miami Mint bietet eine erfrischende Minz-Mischung mit einem Hauch S\u00fc\u00dfe \u2013 perfekt f\u00fcr einen k\u00fchlen, mentholigen Genuss.","og_url":"https:\/\/vapingnet.de\/lt\/vape\/nexa-ultra-50k-miami-mint-bietet-eine-erfrischende-minz-mischung-mit-einem-hauch-suesse-perfekt-fuer-einen-kuehlen-mentholigen-genuss\/","og_site_name":"Vapingnet.de","article_publisher":"https:\/\/www.facebook.com\/vapingnetde\/","article_modified_time":"2026-04-14T06:41:05+00:00","og_image":[{"width":1000,"height":1000,"url":"https:\/\/vapingnet.de\/wp-content\/uploads\/2025\/03\/50K_MIAMI_MINT-1.png","type":"image\/png"}],"twitter_card":"summary_large_image","twitter_misc":{"Est. reading time":"4 minutes"},"schema":{"@context":"https:\/\/schema.org","@graph":[{"@type":"WebPage","@id":"https:\/\/vapingnet.de\/vape\/nexa-ultra-50k-miami-mint-bietet-eine-erfrischende-minz-mischung-mit-einem-hauch-suesse-perfekt-fuer-einen-kuehlen-mentholigen-genuss\/","url":"https:\/\/vapingnet.de\/vape\/nexa-ultra-50k-miami-mint-bietet-eine-erfrischende-minz-mischung-mit-einem-hauch-suesse-perfekt-fuer-einen-kuehlen-mentholigen-genuss\/","name":"NEXA Ultra 50K Miami Mint bietet eine erfrischende Minz-Mischung mit einem Hauch S\u00fc\u00dfe perfekt f\u00fcr einen k\u00fchlen mentholigen Genuss | Vapingnet.de","isPartOf":{"@id":"https:\/\/vapingnet.de\/#website"},"primaryImageOfPage":{"@id":"https:\/\/vapingnet.de\/vape\/nexa-ultra-50k-miami-mint-bietet-eine-erfrischende-minz-mischung-mit-einem-hauch-suesse-perfekt-fuer-einen-kuehlen-mentholigen-genuss\/#primaryimage"},"image":{"@id":"https:\/\/vapingnet.de\/vape\/nexa-ultra-50k-miami-mint-bietet-eine-erfrischende-minz-mischung-mit-einem-hauch-suesse-perfekt-fuer-einen-kuehlen-mentholigen-genuss\/#primaryimage"},"thumbnailUrl":"https:\/\/vapingnet.de\/wp-content\/uploads\/2025\/03\/50K_MIAMI_MINT-1.png","datePublished":"2025-03-19T05:38:20+00:00","dateModified":"2026-04-14T06:41:05+00:00","description":"NEXA Ultra 50K Miami Mint bietet eine erfrischende Minz-Mischung mit einem Hauch S\u00fc\u00dfe \u2013 perfekt f\u00fcr einen k\u00fchlen, mentholigen Genuss.","breadcrumb":{"@id":"https:\/\/vapingnet.de\/vape\/nexa-ultra-50k-miami-mint-bietet-eine-erfrischende-minz-mischung-mit-einem-hauch-suesse-perfekt-fuer-einen-kuehlen-mentholigen-genuss\/#breadcrumb"},"inLanguage":"lt-LT","potentialAction":[{"@type":"ReadAction","target":["https:\/\/vapingnet.de\/vape\/nexa-ultra-50k-miami-mint-bietet-eine-erfrischende-minz-mischung-mit-einem-hauch-suesse-perfekt-fuer-einen-kuehlen-mentholigen-genuss\/"]}]},{"@type":"ImageObject","inLanguage":"lt-LT","@id":"https:\/\/vapingnet.de\/vape\/nexa-ultra-50k-miami-mint-bietet-eine-erfrischende-minz-mischung-mit-einem-hauch-suesse-perfekt-fuer-einen-kuehlen-mentholigen-genuss\/#primaryimage","url":"https:\/\/vapingnet.de\/wp-content\/uploads\/2025\/03\/50K_MIAMI_MINT-1.png","contentUrl":"https:\/\/vapingnet.de\/wp-content\/uploads\/2025\/03\/50K_MIAMI_MINT-1.png","width":1000,"height":1000},{"@type":"BreadcrumbList","@id":"https:\/\/vapingnet.de\/vape\/nexa-ultra-50k-miami-mint-bietet-eine-erfrischende-minz-mischung-mit-einem-hauch-suesse-perfekt-fuer-einen-kuehlen-mentholigen-genuss\/#breadcrumb","itemListElement":[{"@type":"ListItem","position":1,"name":"Home","item":"https:\/\/vapingnet.de\/"},{"@type":"ListItem","position":2,"name":"Shop","item":"https:\/\/vapingnet.de\/vape\/"},{"@type":"ListItem","position":3,"name":"NEXA Ultra 50K Miami Mint bietet eine erfrischende Minz-Mischung mit einem Hauch S\u00fc\u00dfe perfekt f\u00fcr einen k\u00fchlen mentholigen Genuss"}]},{"@type":"WebSite","@id":"https:\/\/vapingnet.de\/#website","url":"https:\/\/vapingnet.de\/","name":"Vapingnet.de","description":"","publisher":{"@id":"https:\/\/vapingnet.de\/#organization"},"potentialAction":[{"@type":"SearchAction","target":{"@type":"EntryPoint","urlTemplate":"https:\/\/vapingnet.de\/?s={search_term_string}"},"query-input":{"@type":"PropertyValueSpecification","valueRequired":true,"valueName":"search_term_string"}}],"inLanguage":"lt-LT"},{"@type":"Organization","@id":"https:\/\/vapingnet.de\/#organization","name":"Vapingnet.de","url":"https:\/\/vapingnet.de\/","logo":{"@type":"ImageObject","inLanguage":"lt-LT","@id":"https:\/\/vapingnet.de\/#\/schema\/logo\/image\/","url":"https:\/\/vapingnet.de\/wp-content\/uploads\/2025\/03\/cropped-vapingnet.de_.jpg","contentUrl":"https:\/\/vapingnet.de\/wp-content\/uploads\/2025\/03\/cropped-vapingnet.de_.jpg","width":512,"height":512,"caption":"Vapingnet.de"},"image":{"@id":"https:\/\/vapingnet.de\/#\/schema\/logo\/image\/"},"sameAs":["https:\/\/www.facebook.com\/vapingnetde\/"]}]}},"tiered_pricing_type":"fixed","tiered_pricing_fixed_rules":[],"tiered_pricing_product_settings":{"layout":"default","base_unit_name":{"singular":null,"plural":null},"default_variation":null},"tiered_pricing_minimum_quantity":null,"tiered_pricing_roles_data":[],"tiered_pricing_percentage_rules":[],"_links":{"self":[{"href":"https:\/\/vapingnet.de\/lt\/wp-json\/wp\/v2\/product\/5741","targetHints":{"allow":["GET"]}}],"collection":[{"href":"https:\/\/vapingnet.de\/lt\/wp-json\/wp\/v2\/product"}],"about":[{"href":"https:\/\/vapingnet.de\/lt\/wp-json\/wp\/v2\/types\/product"}],"version-history":[{"count":1,"href":"https:\/\/vapingnet.de\/lt\/wp-json\/wp\/v2\/product\/5741\/revisions"}],"predecessor-version":[{"id":5766,"href":"https:\/\/vapingnet.de\/lt\/wp-json\/wp\/v2\/product\/5741\/revisions\/5766"}],"wp:featuredmedia":[{"embeddable":true,"href":"https:\/\/vapingnet.de\/lt\/wp-json\/wp\/v2\/media\/5717"}],"wp:attachment":[{"href":"https:\/\/vapingnet.de\/lt\/wp-json\/wp\/v2\/media?parent=5741"}],"wp:term":[{"taxonomy":"brand","embeddable":true,"href":"https:\/\/vapingnet.de\/lt\/wp-json\/wp\/v2\/etheme_brands?post=5741"},{"taxonomy":"product_brand","embeddable":true,"href":"https:\/\/vapingnet.de\/lt\/wp-json\/wp\/v2\/product_brand?post=5741"},{"taxonomy":"product_cat","embeddable":true,"href":"https:\/\/vapingnet.de\/lt\/wp-json\/wp\/v2\/product_cat?post=5741"},{"taxonomy":"product_tag","embeddable":true,"href":"https:\/\/vapingnet.de\/lt\/wp-json\/wp\/v2\/product_tag?post=5741"}],"curies":[{"name":"wp","href":"https:\/\/api.w.org\/{rel}","templated":true}]}}