{"id":5745,"date":"2025-03-19T05:38:25","date_gmt":"2025-03-19T05:38:25","guid":{"rendered":"https:\/\/vapingnet.de\/?post_type=product&#038;p=5745"},"modified":"2026-04-14T06:41:05","modified_gmt":"2026-04-14T06:41:05","slug":"nexa-ultra-50k-erdbeer-banane-fruchtiges-dampferlebnis-suesse-erdbeere-und-cremige-banane-fuer-ein-erfrischendes-erlebnis","status":"publish","type":"product","link":"https:\/\/vapingnet.de\/lt\/vape\/nexa-ultra-50k-erdbeer-banane-fruchtiges-dampferlebnis-suesse-erdbeere-und-cremige-banane-fuer-ein-erfrischendes-erlebnis\/","title":{"rendered":"NEXA Ultra 50K Bra\u0161k\u0117 Banana Vaisinis garinimo potyris Saldi bra\u0161k\u0117 ir kremin\u0117 banana \u0161vie\u017eiam malonumui"},"content":{"rendered":"<h2 data-start=\"100\" data-end=\"165\">NEXA Ultra 50K Pufas Vienkartin\u0117 E-cigaret\u0117: Bra\u0161k\u0117 Banana<\/h2>\n<p data-start=\"167\" data-end=\"511\">NEXA Ultra 50K si\u016blo puik\u0173 derin\u012f tarp \u012fsp\u016bdingo na\u0161umo ir skanaus skonio. Jei esate vaisini\u0173 aromat\u0173 m\u0117g\u0117jas, tada \u201eBra\u0161k\u0117 Banana\u201c versija yra b\u016btent tai, ko ie\u0161kote. Ji sujungia bra\u0161ki\u0173 saldum\u0105 ir banano kremi\u0161kum\u0105, suteikdama unikal\u0173 garinimo patirt\u012f.<\/p>\n<div class=\"overflow-x-auto contain-inline-size\">\n<table data-start=\"513\" data-end=\"3166\">\n<thead data-start=\"513\" data-end=\"688\">\n<tr data-start=\"513\" data-end=\"688\">\n<th data-start=\"513\" data-end=\"544\">Savyb\u0117<\/th>\n<th data-start=\"544\" data-end=\"688\">Detal\u0117s<\/th>\n<\/tr>\n<\/thead>\n<tbody data-start=\"865\" data-end=\"3166\">\n<tr data-start=\"865\" data-end=\"1041\">\n<td>Modelis<\/td>\n<td>NEXA Ultra 50K Puff vienkartin\u0117 elektronin\u0117 cigaret\u0117<\/td>\n<\/tr>\n<tr data-start=\"1042\" data-end=\"1218\">\n<td>Skonis<\/td>\n<td>Bra\u0161k\u0117 Banana (Bra\u0161k\u0117 &amp; Banana)<\/td>\n<\/tr>\n<tr data-start=\"1219\" data-end=\"1395\">\n<td>P\u016bsti kapacitetas<\/td>\n<td>50 000 \u012fkv\u0117pim\u0173<\/td>\n<\/tr>\n<tr data-start=\"1396\" data-end=\"1571\">\n<td>Nikotino stiprumas<\/td>\n<td>5%<\/td>\n<\/tr>\n<tr data-start=\"1572\" data-end=\"1748\">\n<td>E-liquido bakelis<\/td>\n<td>20 ml permatomo kristalinio bakelio<\/td>\n<\/tr>\n<tr data-start=\"1749\" data-end=\"1925\">\n<td>Akumuliatoriaus talpa<\/td>\n<td>800 mAh (USB-C greitas \u012fkrovimas)<\/td>\n<\/tr>\n<tr data-start=\"1926\" data-end=\"2102\">\n<td>Garavimo re\u017eimai<\/td>\n<td>Du re\u017eimai:<\/td>\n<\/tr>\n<tr data-start=\"2103\" data-end=\"2278\">\n<td><\/td>\n<td>\u2013 \u012eprastas re\u017eimas: 50 000 \u012fkv\u0117pim\u0173, \u0161velnus skonio patirtis<\/td>\n<\/tr>\n<tr data-start=\"2279\" data-end=\"2452\">\n<td><\/td>\n<td>\u2013 Turbo re\u017eimas: 30 000 \u012fkv\u0117pim\u0173, intensyvesnis garas ir skonis<\/td>\n<\/tr>\n<tr data-start=\"2453\" data-end=\"2629\">\n<td>Ekranas<\/td>\n<td>3D i\u0161lenktas ekranas, rodo akumuliatoriaus b\u016bsen\u0105, skys\u010dio lyg\u012f ir re\u017eim\u0105<\/td>\n<\/tr>\n<tr data-start=\"2630\" data-end=\"2806\">\n<td>Aktyvavimas<\/td>\n<td>\u012ekv\u0117pimo aktyvuojama (pakanka traukti, kad prad\u0117tum garinti)<\/td>\n<\/tr>\n<tr data-start=\"2807\" data-end=\"2986\">\n<td>Pakuot\u0117s vienetas<\/td>\n<td>5 vnt. kiekviename d\u0117\u017eut\u0117je<\/td>\n<\/tr>\n<tr data-start=\"2987\" data-end=\"3166\">\n<td>Aromato apra\u0161ymas<\/td>\n<td>Harmoninga bra\u0161ki\u0173 saldumo ir kremi\u0161ko banano mi\u0161inys, suteikiantis maloni\u0105, vaisin\u0119 garinimo patirt\u012f.<\/td>\n<\/tr>\n<\/tbody>\n<\/table>\n<\/div>\n<h3 data-start=\"3173\" data-end=\"3221\">1. Skonio patirtis: Bra\u0161k\u0117 &amp; Banana<\/h3>\n<p data-start=\"3223\" data-end=\"3615\">\u201eBra\u0161k\u0117 Banana\u201c versija sujungia \u0161vie\u017ei\u0105 bra\u0161ki\u0173 saldum\u0105 su banano kremi\u0161kumu, sukurdama skan\u0173, vaisin\u012f potyr\u012f. Bra\u0161k\u0117 suteikia intensyv\u0173 sald\u0173 skon\u012f, o bananas papildo garinimo patirt\u012f \u0161velnia, beveik kremi\u0161ka tekst\u016bra. Skonis visada i\u0161lieka \u0161vie\u017eias ir subalansuotas \u2013 ne per saldus, bet labai malonus.<\/p>\n<p data-start=\"3617\" data-end=\"3919\">Bra\u0161k\u0117 suteikia sald\u0173, beveik r\u016bg\u0161t\u0173 gaivum\u0105, o bananas su savo kremi\u0161ku, egzoti\u0161ku atspalviu u\u017etikrina harmoning\u0105 balans\u0105. Kiekvienas \u012fkv\u0117pimas si\u016blo tolyg\u0173 \u0161i\u0173 dviej\u0173 vaisi\u0173 nat\u0173 mi\u0161in\u012f, u\u017etikrinant\u012f nuosekli\u0105 ir ilgalaik\u0119 skonio patirt\u012f.<\/p>\n<h3 data-start=\"3921\" data-end=\"3965\">2. 50 000 \u012fkv\u0117pim\u0173 \u2013 ilgas naudojimo laikas<\/h3>\n<p data-start=\"3967\" data-end=\"4343\">Ji <strong><a href=\"https:\/\/vapingnet.de\/lt\/k\/50k-vape\/\">50k vape<\/a><\/strong>\u00a0NEXA Ultra 50K yra daugiau nei pakankamai ilgaam\u017eis, kad gal\u0117tum\u0117te m\u0117gautis. Su 20 ml kristaliniu baku galite ilg\u0105 laik\u0105 m\u0117gautis \u201eBra\u0161k\u0117 Banana\u201c versija. Skaidrus bakas leid\u017eia lengvai steb\u0117ti skys\u010dio lyg\u012f, kad visada \u017einotum\u0117te, kada laikas \u012fkrauti arba papildyti \u012frengin\u012f.<\/p>\n<h3 data-start=\"4345\" data-end=\"4395\">3. Dvigubo re\u017eimo technologija lankstumui<\/h3>\n<p data-start=\"4397\" data-end=\"4488\">Naudodama dvigubo re\u017eimo technologij\u0105, NEXA Ultra 50K si\u016blo pritaikom\u0105 garinimo patirt\u012f:<\/p>\n<ul data-start=\"4490\" data-end=\"4898\">\n<li data-start=\"4490\" data-end=\"4672\">\n<p data-start=\"4492\" data-end=\"4672\">Normalus re\u017eimas (50 t\u016bkst. puf\u0173): \u0160is re\u017eimas skirtas tolygiam ir \u0161velniam garinimui. \u201eBra\u0161k\u0117 Banana\u201c aromatai subtiliai ir ilgai i\u0161siskleid\u017eia.<\/p>\n<\/li>\n<li data-start=\"4676\" data-end=\"4898\">\n<p data-start=\"4678\" data-end=\"4898\">Turbo re\u017eimas (30 t\u016bkst. puf\u0173): Intensyvesniam garui ir stipresniam skoniui. \u0160iame re\u017eime garas tampa tankesnis, o vaisinis skonis dar intensyvesnis, idealiai tinka garintojams, ie\u0161kantiems stipresn\u0117s patirties.<\/p>\n<\/li>\n<\/ul>\n<h3 data-start=\"4900\" data-end=\"4949\">4. 3D i\u0161lenktas ekranas patogiam naudojimui<\/h3>\n<p data-start=\"4951\" data-end=\"5305\">NEXA Ultra 50K 3D i\u0161lenktas ekranas rodo svarbi\u0105 informacij\u0105 moderniame, eleganti\u0161kame dizaine. Jame rodomas akumuliatoriaus lygis, skys\u010dio lygis ir dabartinis garinimo re\u017eimas, kad visada b\u016btum\u0117te informuoti. Ai\u0161kus, gerai skaitomas ekranas u\u017etikrina, kad niekada nepraleisite savo \u012frenginio b\u016bsenos.<\/p>\n<h3 data-start=\"5307\" data-end=\"5358\">5. USB-C greitas \u012fkrovimas greitam naudojimui<\/h3>\n<p data-start=\"5360\" data-end=\"5587\">D\u0117ka 800 mAh akumuliatoriaus ir USB-C greito \u012fkrovimo, galite greitai \u012fkrauti \u012frengin\u012f ir i\u0161 karto naudotis. Greitas \u012fkrovimo procesas u\u017etikrina, kad niekada nereik\u0117s ilgai laukti kitos garinimo sesijos.<\/p>\n<h3 data-start=\"5589\" data-end=\"5644\">6. Paprastas valdymas \u2013 idealiai kasdieniam naudojimui<\/h3>\n<p data-start=\"5646\" data-end=\"5995\">NEXA Ultra 50K veikia \u012fkv\u0117pimo b\u016bdu, tai rei\u0161kia, kad ji automati\u0161kai \u012fsijungia, kai traukiate. Jums nereikia spausti joki\u0173 mygtuk\u0173, prad\u0117ti garinti \u2013 tiesiog traukite ir m\u0117gaukit\u0117s. \u0160i draugi\u0161ka naudotojui funkcija daro \u012frengin\u012f idealiu tiems, kurie ie\u0161ko paprasto, greito sprendimo savo garinimo poreikiams.<\/p>\n<h3 data-start=\"5997\" data-end=\"6054\">7. Tobula pakuot\u0117 pardav\u0117jams ir daug naudotoj\u0173<\/h3>\n<p data-start=\"6056\" data-end=\"6387\">NEXA Ultra 50K yra pristatoma d\u0117\u017eut\u0117je po 5 vienetus, tod\u0117l ji yra patraukli tiek asmeniniam atsarg\u0173 kaupimui, tiek pardav\u0117jams. \u0160is pakuot\u0117s dydis leid\u017eia \u012fsigyti ir parduoti produkt\u0105 ekonomi\u0161kai, o ilga p\u016btimo talpa daro j\u012f ypa\u010d patraukl\u0173 daug naudotoj\u0173 turintiems vartotojams.<\/p>\n<h3 data-start=\"6389\" data-end=\"6455\">8. Kod\u0117l NEXA Ultra 50K Strawberry Banana yra b\u016btinas<\/h3>\n<p data-start=\"6457\" data-end=\"7048\">Apibendrinant galima pasakyti, kad <strong><a href=\"https:\/\/vapingnet.de\/lt\/nexa-ultra-50000-puffs\/\">NEXA Ultra 50K p\u016btimo<\/a><\/strong> Strawberry Banana d\u0117l savo \u012fsp\u016bdingos p\u016btimo talpos ir vaisinio skonio yra puikus pasirinkimas vapotojams, kurie ie\u0161ko tiek ilgaam\u017ei\u0161kumo, tiek intensyvaus malonumo. Bra\u0161ki\u0173 ir banan\u0173 skonis yra puikiai subalansuotas ir suteikia gaiv\u0173, vaisin\u012f poj\u016bt\u012f kiekvienu \u012fkv\u0117pimu. Modernus dizainas, dvigubo re\u017eimo technologija ir 3D lenktas ekranas daro NEXA Ultra 50K \u012frenginiu, kuris \u012ftikinamai \u017eavi tiek technika, tiek skoniu.<\/p>\n<p data-start=\"7050\" data-end=\"7287\">Vapotojams, ie\u0161kantiems ilgalaikio vaisinio skonio patirties, kuri\u0105 palaiko technika ir patogumas naudoti, NEXA Ultra 50K Strawberry Banana tikrai yra tinkamas pasirinkimas.<\/p>","protected":false},"excerpt":{"rendered":"<p>NEXA Ultra 50K Puff Einweg E-Zigarette: Strawberry Banana Die NEXA Ultra 50K bietet eine gro\u00dfartige Kombination aus beeindruckender Leistung und k\u00f6stlichem Geschmack. Wenn Sie ein&#8230;<\/p>","protected":false},"featured_media":5719,"template":"","meta":[],"etheme_brands":[],"product_brand":[],"product_cat":[67,49,61],"product_tag":[],"class_list":{"0":"post-5745","1":"product","2":"type-product","3":"status-publish","4":"has-post-thumbnail","6":"product_cat-50k-vape","7":"product_cat-einweg-e-zigarette","8":"product_cat-f","10":"first","11":"outofstock","12":"shipping-taxable","13":"purchasable","14":"product-type-variable"},"yoast_head":"<!-- This site is optimized with the Yoast SEO plugin v26.5 - https:\/\/yoast.com\/wordpress\/plugins\/seo\/ -->\n<title>NEXA Ultra 50K Erdbeer Banane Fruchtiges Dampferlebnis S\u00fc\u00dfe Erdbeere und cremige Banane f\u00fcr ein erfrischendes Erlebnis | Vapingnet.de<\/title>\n<meta name=\"description\" content=\"NEXA Ultra 50K Strawberry Banana bietet die perfekte Mischung aus s\u00fc\u00dfer Erdbeere und cremiger Banane f\u00fcr ein erfrischendes, fruchtiges Dampferlebnis.\" \/>\n<meta name=\"robots\" content=\"index, follow, max-snippet:-1, max-image-preview:large, max-video-preview:-1\" \/>\n<link rel=\"canonical\" href=\"https:\/\/vapingnet.de\/lt\/vape\/nexa-ultra-50k-erdbeer-banane-fruchtiges-dampferlebnis-suesse-erdbeere-und-cremige-banane-fuer-ein-erfrischendes-erlebnis\/\" \/>\n<meta property=\"og:locale\" content=\"lt_LT\" \/>\n<meta property=\"og:type\" content=\"article\" \/>\n<meta property=\"og:title\" content=\"NEXA Ultra 50K Erdbeer Banane Fruchtiges Dampferlebnis S\u00fc\u00dfe Erdbeere und cremige Banane f\u00fcr ein erfrischendes Erlebnis | Vapingnet.de\" \/>\n<meta property=\"og:description\" content=\"NEXA Ultra 50K Strawberry Banana bietet die perfekte Mischung aus s\u00fc\u00dfer Erdbeere und cremiger Banane f\u00fcr ein erfrischendes, fruchtiges Dampferlebnis.\" \/>\n<meta property=\"og:url\" content=\"https:\/\/vapingnet.de\/lt\/vape\/nexa-ultra-50k-erdbeer-banane-fruchtiges-dampferlebnis-suesse-erdbeere-und-cremige-banane-fuer-ein-erfrischendes-erlebnis\/\" \/>\n<meta property=\"og:site_name\" content=\"Vapingnet.de\" \/>\n<meta property=\"article:publisher\" content=\"https:\/\/www.facebook.com\/vapingnetde\/\" \/>\n<meta property=\"article:modified_time\" content=\"2026-04-14T06:41:05+00:00\" \/>\n<meta property=\"og:image\" content=\"https:\/\/vapingnet.de\/wp-content\/uploads\/2025\/03\/50K_STRAWBERRY_BANANA-1.png\" \/>\n\t<meta property=\"og:image:width\" content=\"1000\" \/>\n\t<meta property=\"og:image:height\" content=\"1000\" \/>\n\t<meta property=\"og:image:type\" content=\"image\/png\" \/>\n<meta name=\"twitter:card\" content=\"summary_large_image\" \/>\n<meta name=\"twitter:label1\" content=\"Est. reading time\" \/>\n\t<meta name=\"twitter:data1\" content=\"5 minutes\" \/>\n<script type=\"application\/ld+json\" class=\"yoast-schema-graph\">{\"@context\":\"https:\/\/schema.org\",\"@graph\":[{\"@type\":\"WebPage\",\"@id\":\"https:\/\/vapingnet.de\/vape\/nexa-ultra-50k-erdbeer-banane-fruchtiges-dampferlebnis-suesse-erdbeere-und-cremige-banane-fuer-ein-erfrischendes-erlebnis\/\",\"url\":\"https:\/\/vapingnet.de\/vape\/nexa-ultra-50k-erdbeer-banane-fruchtiges-dampferlebnis-suesse-erdbeere-und-cremige-banane-fuer-ein-erfrischendes-erlebnis\/\",\"name\":\"NEXA Ultra 50K Erdbeer Banane Fruchtiges Dampferlebnis S\u00fc\u00dfe Erdbeere und cremige Banane f\u00fcr ein erfrischendes Erlebnis | Vapingnet.de\",\"isPartOf\":{\"@id\":\"https:\/\/vapingnet.de\/#website\"},\"primaryImageOfPage\":{\"@id\":\"https:\/\/vapingnet.de\/vape\/nexa-ultra-50k-erdbeer-banane-fruchtiges-dampferlebnis-suesse-erdbeere-und-cremige-banane-fuer-ein-erfrischendes-erlebnis\/#primaryimage\"},\"image\":{\"@id\":\"https:\/\/vapingnet.de\/vape\/nexa-ultra-50k-erdbeer-banane-fruchtiges-dampferlebnis-suesse-erdbeere-und-cremige-banane-fuer-ein-erfrischendes-erlebnis\/#primaryimage\"},\"thumbnailUrl\":\"https:\/\/vapingnet.de\/wp-content\/uploads\/2025\/03\/50K_STRAWBERRY_BANANA-1.png\",\"datePublished\":\"2025-03-19T05:38:25+00:00\",\"dateModified\":\"2026-04-14T06:41:05+00:00\",\"description\":\"NEXA Ultra 50K Strawberry Banana bietet die perfekte Mischung aus s\u00fc\u00dfer Erdbeere und cremiger Banane f\u00fcr ein erfrischendes, fruchtiges Dampferlebnis.\",\"breadcrumb\":{\"@id\":\"https:\/\/vapingnet.de\/vape\/nexa-ultra-50k-erdbeer-banane-fruchtiges-dampferlebnis-suesse-erdbeere-und-cremige-banane-fuer-ein-erfrischendes-erlebnis\/#breadcrumb\"},\"inLanguage\":\"lt-LT\",\"potentialAction\":[{\"@type\":\"ReadAction\",\"target\":[\"https:\/\/vapingnet.de\/vape\/nexa-ultra-50k-erdbeer-banane-fruchtiges-dampferlebnis-suesse-erdbeere-und-cremige-banane-fuer-ein-erfrischendes-erlebnis\/\"]}]},{\"@type\":\"ImageObject\",\"inLanguage\":\"lt-LT\",\"@id\":\"https:\/\/vapingnet.de\/vape\/nexa-ultra-50k-erdbeer-banane-fruchtiges-dampferlebnis-suesse-erdbeere-und-cremige-banane-fuer-ein-erfrischendes-erlebnis\/#primaryimage\",\"url\":\"https:\/\/vapingnet.de\/wp-content\/uploads\/2025\/03\/50K_STRAWBERRY_BANANA-1.png\",\"contentUrl\":\"https:\/\/vapingnet.de\/wp-content\/uploads\/2025\/03\/50K_STRAWBERRY_BANANA-1.png\",\"width\":1000,\"height\":1000},{\"@type\":\"BreadcrumbList\",\"@id\":\"https:\/\/vapingnet.de\/vape\/nexa-ultra-50k-erdbeer-banane-fruchtiges-dampferlebnis-suesse-erdbeere-und-cremige-banane-fuer-ein-erfrischendes-erlebnis\/#breadcrumb\",\"itemListElement\":[{\"@type\":\"ListItem\",\"position\":1,\"name\":\"Home\",\"item\":\"https:\/\/vapingnet.de\/\"},{\"@type\":\"ListItem\",\"position\":2,\"name\":\"Shop\",\"item\":\"https:\/\/vapingnet.de\/vape\/\"},{\"@type\":\"ListItem\",\"position\":3,\"name\":\"NEXA Ultra 50K Erdbeer Banane Fruchtiges Dampferlebnis S\u00fc\u00dfe Erdbeere und cremige Banane f\u00fcr ein erfrischendes Erlebnis\"}]},{\"@type\":\"WebSite\",\"@id\":\"https:\/\/vapingnet.de\/#website\",\"url\":\"https:\/\/vapingnet.de\/\",\"name\":\"Vapingnet.de\",\"description\":\"\",\"publisher\":{\"@id\":\"https:\/\/vapingnet.de\/#organization\"},\"potentialAction\":[{\"@type\":\"SearchAction\",\"target\":{\"@type\":\"EntryPoint\",\"urlTemplate\":\"https:\/\/vapingnet.de\/?s={search_term_string}\"},\"query-input\":{\"@type\":\"PropertyValueSpecification\",\"valueRequired\":true,\"valueName\":\"search_term_string\"}}],\"inLanguage\":\"lt-LT\"},{\"@type\":\"Organization\",\"@id\":\"https:\/\/vapingnet.de\/#organization\",\"name\":\"Vapingnet.de\",\"url\":\"https:\/\/vapingnet.de\/\",\"logo\":{\"@type\":\"ImageObject\",\"inLanguage\":\"lt-LT\",\"@id\":\"https:\/\/vapingnet.de\/#\/schema\/logo\/image\/\",\"url\":\"https:\/\/vapingnet.de\/wp-content\/uploads\/2025\/03\/cropped-vapingnet.de_.jpg\",\"contentUrl\":\"https:\/\/vapingnet.de\/wp-content\/uploads\/2025\/03\/cropped-vapingnet.de_.jpg\",\"width\":512,\"height\":512,\"caption\":\"Vapingnet.de\"},\"image\":{\"@id\":\"https:\/\/vapingnet.de\/#\/schema\/logo\/image\/\"},\"sameAs\":[\"https:\/\/www.facebook.com\/vapingnetde\/\"]}]}<\/script>\n<!-- \/ Yoast SEO plugin. -->","yoast_head_json":{"title":"NEXA Ultra 50K Erdbeer Banane Fruchtiges Dampferlebnis S\u00fc\u00dfe Erdbeere und cremige Banane f\u00fcr ein erfrischendes Erlebnis | Vapingnet.de","description":"NEXA Ultra 50K Strawberry Banana bietet die perfekte Mischung aus s\u00fc\u00dfer Erdbeere und cremiger Banane f\u00fcr ein erfrischendes, fruchtiges Dampferlebnis.","robots":{"index":"index","follow":"follow","max-snippet":"max-snippet:-1","max-image-preview":"max-image-preview:large","max-video-preview":"max-video-preview:-1"},"canonical":"https:\/\/vapingnet.de\/lt\/vape\/nexa-ultra-50k-erdbeer-banane-fruchtiges-dampferlebnis-suesse-erdbeere-und-cremige-banane-fuer-ein-erfrischendes-erlebnis\/","og_locale":"lt_LT","og_type":"article","og_title":"NEXA Ultra 50K Erdbeer Banane Fruchtiges Dampferlebnis S\u00fc\u00dfe Erdbeere und cremige Banane f\u00fcr ein erfrischendes Erlebnis | Vapingnet.de","og_description":"NEXA Ultra 50K Strawberry Banana bietet die perfekte Mischung aus s\u00fc\u00dfer Erdbeere und cremiger Banane f\u00fcr ein erfrischendes, fruchtiges Dampferlebnis.","og_url":"https:\/\/vapingnet.de\/lt\/vape\/nexa-ultra-50k-erdbeer-banane-fruchtiges-dampferlebnis-suesse-erdbeere-und-cremige-banane-fuer-ein-erfrischendes-erlebnis\/","og_site_name":"Vapingnet.de","article_publisher":"https:\/\/www.facebook.com\/vapingnetde\/","article_modified_time":"2026-04-14T06:41:05+00:00","og_image":[{"width":1000,"height":1000,"url":"https:\/\/vapingnet.de\/wp-content\/uploads\/2025\/03\/50K_STRAWBERRY_BANANA-1.png","type":"image\/png"}],"twitter_card":"summary_large_image","twitter_misc":{"Est. reading time":"5 minutes"},"schema":{"@context":"https:\/\/schema.org","@graph":[{"@type":"WebPage","@id":"https:\/\/vapingnet.de\/vape\/nexa-ultra-50k-erdbeer-banane-fruchtiges-dampferlebnis-suesse-erdbeere-und-cremige-banane-fuer-ein-erfrischendes-erlebnis\/","url":"https:\/\/vapingnet.de\/vape\/nexa-ultra-50k-erdbeer-banane-fruchtiges-dampferlebnis-suesse-erdbeere-und-cremige-banane-fuer-ein-erfrischendes-erlebnis\/","name":"NEXA Ultra 50K Erdbeer Banane Fruchtiges Dampferlebnis S\u00fc\u00dfe Erdbeere und cremige Banane f\u00fcr ein erfrischendes Erlebnis | Vapingnet.de","isPartOf":{"@id":"https:\/\/vapingnet.de\/#website"},"primaryImageOfPage":{"@id":"https:\/\/vapingnet.de\/vape\/nexa-ultra-50k-erdbeer-banane-fruchtiges-dampferlebnis-suesse-erdbeere-und-cremige-banane-fuer-ein-erfrischendes-erlebnis\/#primaryimage"},"image":{"@id":"https:\/\/vapingnet.de\/vape\/nexa-ultra-50k-erdbeer-banane-fruchtiges-dampferlebnis-suesse-erdbeere-und-cremige-banane-fuer-ein-erfrischendes-erlebnis\/#primaryimage"},"thumbnailUrl":"https:\/\/vapingnet.de\/wp-content\/uploads\/2025\/03\/50K_STRAWBERRY_BANANA-1.png","datePublished":"2025-03-19T05:38:25+00:00","dateModified":"2026-04-14T06:41:05+00:00","description":"NEXA Ultra 50K Strawberry Banana bietet die perfekte Mischung aus s\u00fc\u00dfer Erdbeere und cremiger Banane f\u00fcr ein erfrischendes, fruchtiges Dampferlebnis.","breadcrumb":{"@id":"https:\/\/vapingnet.de\/vape\/nexa-ultra-50k-erdbeer-banane-fruchtiges-dampferlebnis-suesse-erdbeere-und-cremige-banane-fuer-ein-erfrischendes-erlebnis\/#breadcrumb"},"inLanguage":"lt-LT","potentialAction":[{"@type":"ReadAction","target":["https:\/\/vapingnet.de\/vape\/nexa-ultra-50k-erdbeer-banane-fruchtiges-dampferlebnis-suesse-erdbeere-und-cremige-banane-fuer-ein-erfrischendes-erlebnis\/"]}]},{"@type":"ImageObject","inLanguage":"lt-LT","@id":"https:\/\/vapingnet.de\/vape\/nexa-ultra-50k-erdbeer-banane-fruchtiges-dampferlebnis-suesse-erdbeere-und-cremige-banane-fuer-ein-erfrischendes-erlebnis\/#primaryimage","url":"https:\/\/vapingnet.de\/wp-content\/uploads\/2025\/03\/50K_STRAWBERRY_BANANA-1.png","contentUrl":"https:\/\/vapingnet.de\/wp-content\/uploads\/2025\/03\/50K_STRAWBERRY_BANANA-1.png","width":1000,"height":1000},{"@type":"BreadcrumbList","@id":"https:\/\/vapingnet.de\/vape\/nexa-ultra-50k-erdbeer-banane-fruchtiges-dampferlebnis-suesse-erdbeere-und-cremige-banane-fuer-ein-erfrischendes-erlebnis\/#breadcrumb","itemListElement":[{"@type":"ListItem","position":1,"name":"Home","item":"https:\/\/vapingnet.de\/"},{"@type":"ListItem","position":2,"name":"Shop","item":"https:\/\/vapingnet.de\/vape\/"},{"@type":"ListItem","position":3,"name":"NEXA Ultra 50K Erdbeer Banane Fruchtiges Dampferlebnis S\u00fc\u00dfe Erdbeere und cremige Banane f\u00fcr ein erfrischendes Erlebnis"}]},{"@type":"WebSite","@id":"https:\/\/vapingnet.de\/#website","url":"https:\/\/vapingnet.de\/","name":"Vapingnet.de","description":"","publisher":{"@id":"https:\/\/vapingnet.de\/#organization"},"potentialAction":[{"@type":"SearchAction","target":{"@type":"EntryPoint","urlTemplate":"https:\/\/vapingnet.de\/?s={search_term_string}"},"query-input":{"@type":"PropertyValueSpecification","valueRequired":true,"valueName":"search_term_string"}}],"inLanguage":"lt-LT"},{"@type":"Organization","@id":"https:\/\/vapingnet.de\/#organization","name":"Vapingnet.de","url":"https:\/\/vapingnet.de\/","logo":{"@type":"ImageObject","inLanguage":"lt-LT","@id":"https:\/\/vapingnet.de\/#\/schema\/logo\/image\/","url":"https:\/\/vapingnet.de\/wp-content\/uploads\/2025\/03\/cropped-vapingnet.de_.jpg","contentUrl":"https:\/\/vapingnet.de\/wp-content\/uploads\/2025\/03\/cropped-vapingnet.de_.jpg","width":512,"height":512,"caption":"Vapingnet.de"},"image":{"@id":"https:\/\/vapingnet.de\/#\/schema\/logo\/image\/"},"sameAs":["https:\/\/www.facebook.com\/vapingnetde\/"]}]}},"tiered_pricing_type":"fixed","tiered_pricing_fixed_rules":[],"tiered_pricing_product_settings":{"layout":"default","base_unit_name":{"singular":null,"plural":null},"default_variation":null},"tiered_pricing_minimum_quantity":null,"tiered_pricing_roles_data":[],"tiered_pricing_percentage_rules":[],"_links":{"self":[{"href":"https:\/\/vapingnet.de\/lt\/wp-json\/wp\/v2\/product\/5745","targetHints":{"allow":["GET"]}}],"collection":[{"href":"https:\/\/vapingnet.de\/lt\/wp-json\/wp\/v2\/product"}],"about":[{"href":"https:\/\/vapingnet.de\/lt\/wp-json\/wp\/v2\/types\/product"}],"version-history":[{"count":1,"href":"https:\/\/vapingnet.de\/lt\/wp-json\/wp\/v2\/product\/5745\/revisions"}],"predecessor-version":[{"id":5768,"href":"https:\/\/vapingnet.de\/lt\/wp-json\/wp\/v2\/product\/5745\/revisions\/5768"}],"wp:featuredmedia":[{"embeddable":true,"href":"https:\/\/vapingnet.de\/lt\/wp-json\/wp\/v2\/media\/5719"}],"wp:attachment":[{"href":"https:\/\/vapingnet.de\/lt\/wp-json\/wp\/v2\/media?parent=5745"}],"wp:term":[{"taxonomy":"brand","embeddable":true,"href":"https:\/\/vapingnet.de\/lt\/wp-json\/wp\/v2\/etheme_brands?post=5745"},{"taxonomy":"product_brand","embeddable":true,"href":"https:\/\/vapingnet.de\/lt\/wp-json\/wp\/v2\/product_brand?post=5745"},{"taxonomy":"product_cat","embeddable":true,"href":"https:\/\/vapingnet.de\/lt\/wp-json\/wp\/v2\/product_cat?post=5745"},{"taxonomy":"product_tag","embeddable":true,"href":"https:\/\/vapingnet.de\/lt\/wp-json\/wp\/v2\/product_tag?post=5745"}],"curies":[{"name":"wp","href":"https:\/\/api.w.org\/{rel}","templated":true}]}}