{"id":5747,"date":"2025-03-19T05:38:28","date_gmt":"2025-03-19T05:38:28","guid":{"rendered":"https:\/\/vapingnet.de\/?post_type=product&#038;p=5747"},"modified":"2026-04-14T06:41:05","modified_gmt":"2026-04-14T06:41:05","slug":"nexa-ultra-50k-strawberry-ice-kombiniert-suesse-erdbeere-mit-erfrischendem-minzgeschmack","status":"publish","type":"product","link":"https:\/\/vapingnet.de\/lt\/vape\/nexa-ultra-50k-strawberry-ice-kombiniert-suesse-erdbeere-mit-erfrischendem-minzgeschmack\/","title":{"rendered":"NEXA Ultra 50K Strawberry Ice sujungia sald\u017ei\u0105 bra\u0161k\u0119 su gaiviu m\u0117t\u0173 skoniu"},"content":{"rendered":"<h2 data-start=\"0\" data-end=\"117\">NEXA Ultra 50K Puff vienkartin\u0117 elektronin\u0117 cigaret\u0117 Bra\u0161ki\u0173 ledas \u2013 gaivus gar\u0173 potyris su vaisi\u0173 ir \u0161alto skonio<\/h2>\n<p data-start=\"119\" data-end=\"574\">NEXA Ultra 50K Puff <strong><a href=\"https:\/\/vapingnet.de\/lt\/k\/einweg-e-zigarette\/\">Vienkartin\u0117 elektronin\u0117 cigaret\u0117<\/a><\/strong> si\u016blo su savo Bra\u0161ki\u0173 led\u0173 aromatu tobul\u0105 sald\u017eios bra\u0161k\u0117s ir gaivinan\u010dio mentolio derin\u012f, kuris pakelia garinimo patirt\u012f \u012f kit\u0105 lyg\u012f. Su \u012fsp\u016bdinga 50 000 \u012fkv\u0117pim\u0173 talpa, eleganti\u0161ku 3D i\u0161lenktu ekranu ir permatomu kristaliniu bakeliu, \u0161is modelis sujungia technik\u0105 ir skon\u012f, skirt\u0105 reikliems garintojams.<\/p>\n<p data-start=\"576\" data-end=\"735\">Toliau pristatome i\u0161skirtines NEXA Ultra 50K savybes ir detaliai ap\u017evelgiame Bra\u0161ki\u0173 led\u0173 aromat\u0105.<\/p>\n<div class=\"overflow-x-auto contain-inline-size\">\n<table data-start=\"742\" data-end=\"2718\">\n<thead data-start=\"742\" data-end=\"870\">\n<tr data-start=\"742\" data-end=\"870\">\n<th data-start=\"742\" data-end=\"773\">Savyb\u0117<\/th>\n<th data-start=\"773\" data-end=\"870\">Detal\u0117s<\/th>\n<\/tr>\n<\/thead>\n<tbody data-start=\"1000\" data-end=\"2718\">\n<tr data-start=\"1000\" data-end=\"1130\">\n<td>Modelis<\/td>\n<td>NEXA Ultra 50K Puff vienkartin\u0117 elektronin\u0117 cigaret\u0117<\/td>\n<\/tr>\n<tr data-start=\"1131\" data-end=\"1261\">\n<td>Skonis<\/td>\n<td>Bra\u0161ki\u0173 ledas (bra\u0161k\u0117s ir mentolis)<\/td>\n<\/tr>\n<tr data-start=\"1262\" data-end=\"1391\">\n<td>P\u016bsti kapacitetas<\/td>\n<td>50 000 \u012fkv\u0117pim\u0173<\/td>\n<\/tr>\n<tr data-start=\"1392\" data-end=\"1522\">\n<td>Nikotino stiprumas<\/td>\n<td>5%<\/td>\n<\/tr>\n<tr data-start=\"1523\" data-end=\"1653\">\n<td>E-liquido bakelis<\/td>\n<td>20 ml permatomo kristalinio bakelio<\/td>\n<\/tr>\n<tr data-start=\"1654\" data-end=\"1784\">\n<td>Akumuliatoriaus talpa<\/td>\n<td>800 mAh (USB-C greitas \u012fkrovimas)<\/td>\n<\/tr>\n<tr data-start=\"1785\" data-end=\"1913\">\n<td>Garavimo re\u017eimai<\/td>\n<td>Du re\u017eimai:<\/td>\n<\/tr>\n<tr data-start=\"1914\" data-end=\"2043\">\n<td><\/td>\n<td>\u2013 \u012eprastas re\u017eimas: 50 000 \u012fkv\u0117pim\u0173, \u0161velnus skonio patirtis<\/td>\n<\/tr>\n<tr data-start=\"2044\" data-end=\"2171\">\n<td><\/td>\n<td>\u2013 Turbo re\u017eimas: 30 000 \u012fkv\u0117pim\u0173, intensyvesnis garas ir skonis<\/td>\n<\/tr>\n<tr data-start=\"2172\" data-end=\"2301\">\n<td>Ekranas<\/td>\n<td>3D i\u0161lenktas ekranas, rodo akumuliatoriaus b\u016bsen\u0105, skys\u010dio lyg\u012f ir re\u017eim\u0105<\/td>\n<\/tr>\n<tr data-start=\"2302\" data-end=\"2432\">\n<td>Aktyvavimas<\/td>\n<td>\u012ekv\u0117pimo aktyvuojama (pakanka traukti, kad prad\u0117tum garinti)<\/td>\n<\/tr>\n<tr data-start=\"2433\" data-end=\"2561\">\n<td>Pakuot\u0117s vienetas<\/td>\n<td>5 vnt. kiekviename d\u0117\u017eut\u0117je<\/td>\n<\/tr>\n<tr data-start=\"2562\" data-end=\"2718\">\n<td>Aromato apra\u0161ymas<\/td>\n<td>Subalansuota sald\u017eios, prinokusios bra\u0161k\u0117s ir gaivinan\u010dio mentolio mi\u0161inys, suteikiantis \u0161alt\u0105, vaisi\u0173 garavimo patirt\u012f.<\/td>\n<\/tr>\n<\/tbody>\n<\/table>\n<\/div>\n<h3 data-start=\"2725\" data-end=\"2776\">1. Skonio patirtis: bra\u0161k\u0117s ir mentolis<\/h3>\n<p data-start=\"2778\" data-end=\"3369\">Strawberry Ice-Aroma der <strong><a href=\"https:\/\/vapingnet.de\/lt\/nexa-ultra-50000-puffs\/\">NEXA Ultra 50K p\u016btimo<\/a><\/strong> si\u016blo gaiv\u0173 skonio derin\u012f i\u0161 prinokusios bra\u0161k\u0117s saldumo ir stipraus mentolio \u0161uolio. Bra\u0161k\u0117 sukuria sald\u0173 ir vaising\u0105 pagrind\u0105, kuris apgaubia gomur\u012f savo pilna ir nat\u016bralia gaiva. Ta\u010diau tikroji magija slypi mentolyje, kuris puikiai susilieja su bra\u0161k\u0117s vaisingumu ir sukuria \u0161alt\u0105, gaiv\u0173 poj\u016bt\u012f. Kiekvienas \u012fkv\u0117pimas palieka maloniai gaiv\u0173, beveik ledin\u012f poj\u016bt\u012f burnoje, kuris ypa\u010d kar\u0161tomis dienomis suteikia gryn\u0105 atgaiv\u0105.<\/p>\n<p data-start=\"3371\" data-end=\"3682\">Sald\u017eios bra\u0161k\u0117s ir gaivaus mentolio derinys daro Strawberry Ice-Aroma tobul\u0105 visos dienos vape, kuris n\u0117ra per saldus, bet malonus ir gaivus. Mentolio nat\u016bra papildo aromat\u0105 ir daro gar\u0105 \u0161alt\u0105, ne u\u017ego\u017eiant vaisi\u0173 skonio.<\/p>\n<h3 data-start=\"3684\" data-end=\"3739\">2. 50 000 \u012fkv\u0117pim\u0173 \u2013 Nepalyginama ilgaam\u017ei\u0161kumas<\/h3>\n<p data-start=\"3741\" data-end=\"4105\">Ji <strong><a href=\"https:\/\/vapingnet.de\/lt\/k\/50k-vape\/\">50k vape<\/a><\/strong> NEXA Ultra 50K garantuoja ilg\u0105 naudojimo laik\u0105. 20 ml kristalinio bako u\u017etikrina ilgalaik\u012f malonum\u0105, o skaidrus bakas leid\u017eia vartotojui bet kada steb\u0117ti likus\u012f skyst\u012f. Taip i\u0161vengsite netik\u0117tum\u0173 ir gal\u0117site b\u016bti tikri, kad skys\u010dio atsargos niekada nenutr\u016bks netik\u0117tai.<\/p>\n<p data-start=\"4107\" data-end=\"4308\">Bakas turi eleganti\u0161k\u0105 kristalin\u0119 i\u0161vaizd\u0105, kuri ne tik atrodo patraukliai, bet ir u\u017etikrina tolyg\u0173 E-liquido paskirstym\u0105, kad kiekvienas \u012fkv\u0117pimas b\u016bt\u0173 nuoseklus ir intensyvus.<\/p>\n<h3 data-start=\"4310\" data-end=\"4368\">3. Du re\u017eimai, skirti pritaikyti j\u016bs\u0173 d\u016bm\u0173 skoniui<\/h3>\n<p data-start=\"4370\" data-end=\"4507\">NEXA Ultra 50K si\u016blo du skirtingus d\u016bm\u0173 re\u017eimus, leid\u017eian\u010dius individualiai pritaikyti pagal asmenin\u012f skon\u012f:<\/p>\n<ul data-start=\"4509\" data-end=\"4934\">\n<li data-start=\"4509\" data-end=\"4698\">\n<p data-start=\"4511\" data-end=\"4698\">Normalus re\u017eimas (50K \u012fkv\u0117pim\u0173): \u0160is re\u017eimas u\u017etikrina \u0161veln\u0173 bra\u0161k\u0117s ir mentolio skonio atsiskleidim\u0105. Idealiai tinka vartotojams, kurie m\u0117gsta \u0161veln\u0173, nuolatin\u012f d\u016bm\u0173 poj\u016bt\u012f.<\/p>\n<\/li>\n<li data-start=\"4702\" data-end=\"4934\">\n<p data-start=\"4704\" data-end=\"4934\">Turbo re\u017eimas (30K \u012fkv\u0117pim\u0173): Skirtas tiems, kurie nori intensyvesnio d\u016bm\u0173 ir stipresnio skonio atsiskleidimo. \u0160iuo re\u017eimu d\u016bmai tampa tankesni, o Strawberry Ice-Aroma \u012fgauna stipresn\u012f ir jaudinant\u012f skon\u012f.<\/p>\n<\/li>\n<\/ul>\n<p data-start=\"4936\" data-end=\"5153\">D\u0117ka \u0161ios dviej\u0173 re\u017eim\u0173 technologijos, galite individualiai pritaikyti savo d\u016bm\u0173 patirt\u012f ir pagal nuotaik\u0105 pasirinkti raminant\u012f, \u0161veln\u0173 skon\u012f arba intensyvesn\u012f d\u016bm\u0173 ir skonio poj\u016bt\u012f.<\/p>\n<h3 data-start=\"5155\" data-end=\"5215\">4. 3D i\u0161lenktas ekranas, skirtas patogesniam naudojimui<\/h3>\n<p data-start=\"5217\" data-end=\"5625\">NEXA Ultra 50K 3D i\u0161lenktas ekranas ne tik suteikia futuristin\u0119 i\u0161vaizd\u0105, bet ir labai prakti\u0161k\u0105 funkcij\u0105. Ekrane rodomi visi svarb\u016bs duomenys, tokie kaip akumuliatoriaus lygis, skys\u010dio kiekis ir dabartinis re\u017eimas. Taip visada matote visk\u0105 ir galite naudotis \u012frenginiu paprastai ir efektyviai, nesir\u016bpindami apie b\u016bsen\u0105.<\/p>\n<h3 data-start=\"5627\" data-end=\"5674\">5. Greitas \u012fkrovimas ir ilgas akumuliatoriaus veikimo laikas<\/h3>\n<p data-start=\"5676\" data-end=\"6018\">NEXA Ultra 50K 800 mAh akumuliatorius u\u017etikrina ilgalaik\u012f veikim\u0105. D\u0117ka USB-C greito \u012fkrovimo, galite greitai \u012fkrauti \u012frengin\u012f ir visada b\u016bti pasiruo\u0161\u0119 toliau d\u016bminti. \u0160i technologija leid\u017eia akumuliatoriui ilgai tarnauti net intensyvaus d\u016bmavimo metu, nereikalaujant ilg\u0173 \u012fkrovimo laik\u0173.<\/p>\n<h3 data-start=\"6020\" data-end=\"6077\">6. Paprastas naudojimas kasdieniam naudojimui<\/h3>\n<p data-start=\"6079\" data-end=\"6410\">NEXA Ultra 50K veikia \u012fkv\u0117pimo aktyvavimo b\u016bdu, tai rei\u0161kia, kad jis \u012fsijungia automati\u0161kai, kai traukiate. Nereikia spausti joki\u0173 mygtuk\u0173 \u2013 traukite ir d\u016bmai prasideda i\u0161 karto. Tai daro \u012frengin\u012f ypa\u010d patogiu naudoti ir idealiu tiems, kurie ie\u0161ko paprasto ir lengvo d\u016bmavimo patirties.<\/p>\n<p data-start=\"6412\" data-end=\"6681\">Su eleganti\u0161ku dizainu ir paprastu naudojimu, NEXA Ultra 50K yra puikus kasdienio gyvenimo palydovas. Jis patogiai telpa \u012f ki\u0161en\u0119 ir visada pasiruo\u0161\u0119s, kai norite gaivios ir malonios d\u016bmavimo patirties.<\/p>\n<h3 data-start=\"6683\" data-end=\"6750\">Patogi pakuot\u0117 \u2013 Idealiai tinka pardav\u0117jams ir da\u017enai naudojantiems<\/h3>\n<p data-start=\"6752\" data-end=\"7083\">NEXA Ultra 50K Strawberry Ice yra komplekte su 5 vienetais, tod\u0117l jis patrauklus tiek daug naudotoj\u0173, tiek pardav\u0117j\u0173. Ilga tarnavimo trukm\u0117 ir didelis \u012fkv\u0117pim\u0173 kiekis daro \u0161\u012f model\u012f puikia pasirinkimu tiems, kurie ie\u0161ko auk\u0161tos kokyb\u0117s ir ilgaam\u017eio produkto.<\/p>\n<h3 data-start=\"7085\" data-end=\"7161\">8. Kod\u0117l NEXA Ultra 50K Strawberry Ice yra nepakei\u010diamas<\/h3>\n<p data-start=\"7163\" data-end=\"7530\">NEXA Ultra 50K Bra\u0161ki\u0173 Ledas si\u016blo tobul\u0105 \u0161iuolaikin\u0117s technologijos, patogaus dizaino ir unikalios skonio patirties derin\u012f. Bra\u0161ki\u0173 Led\u0173 aromatas jungia saldum\u0105 i\u0161 bra\u0161k\u0117s su gaiviu mentoliu, u\u017etikrindamas malon\u0173 v\u0117sinant\u012f garinimo patirt\u012f, kuri kiekvien\u0105 \u012fkv\u0117pim\u0105 paver\u010dia malonumu.<\/p>\n<p data-start=\"7532\" data-end=\"7945\">Tiek kasdieniam naudojimui, tiek kaip gaivus u\u017ekandis tarp j\u0173 \u2013 NEXA Ultra 50K yra ideali pasirinkimas tiems, kurie ie\u0161ko \u0161vie\u017eio, vaisinio garinimo potyrio. Su dvigubo re\u017eimo technologija, ilga p\u016btimo talpa ir patogiu valdymu \u0161is modelis i\u0161siskiria i\u0161 kit\u0173 vienkartini\u0173 vape'\u0173 ir u\u017etikrina, kad kiekvienas garintojas gaut\u0173 tobul\u0105 garinimo patirt\u012f.<\/p>","protected":false},"excerpt":{"rendered":"<p>NEXA Ultra 50K Puff Einweg E-Zigarette Strawberry Ice Ein Erfrischendes Dampferlebnis mit Frucht und K\u00fchle Die NEXA Ultra 50K Puff Einweg E-Zigarette bietet mit ihrem&#8230;<\/p>","protected":false},"featured_media":5720,"template":"","meta":[],"etheme_brands":[],"product_brand":[],"product_cat":[67,49,61],"product_tag":[],"class_list":{"0":"post-5747","1":"product","2":"type-product","3":"status-publish","4":"has-post-thumbnail","6":"product_cat-50k-vape","7":"product_cat-einweg-e-zigarette","8":"product_cat-f","10":"first","11":"outofstock","12":"shipping-taxable","13":"purchasable","14":"product-type-variable"},"yoast_head":"<!-- This site is optimized with the Yoast SEO plugin v26.5 - https:\/\/yoast.com\/wordpress\/plugins\/seo\/ -->\n<title>NEXA Ultra 50K Strawberry Ice kombiniert s\u00fc\u00dfe Erdbeere mit erfrischendem Minzgeschmack | Vapingnet.de<\/title>\n<meta name=\"description\" content=\"NEXA Ultra 50K Strawberry Ice kombiniert s\u00fc\u00dfe Erdbeere mit k\u00fchlem Minzgeschmack f\u00fcr ein erfrischendes, fruchtiges Dampferlebnis.\" \/>\n<meta name=\"robots\" content=\"index, follow, max-snippet:-1, max-image-preview:large, max-video-preview:-1\" \/>\n<link rel=\"canonical\" href=\"https:\/\/vapingnet.de\/lt\/vape\/nexa-ultra-50k-strawberry-ice-kombiniert-suesse-erdbeere-mit-erfrischendem-minzgeschmack\/\" \/>\n<meta property=\"og:locale\" content=\"lt_LT\" \/>\n<meta property=\"og:type\" content=\"article\" \/>\n<meta property=\"og:title\" content=\"NEXA Ultra 50K Strawberry Ice kombiniert s\u00fc\u00dfe Erdbeere mit erfrischendem Minzgeschmack | Vapingnet.de\" \/>\n<meta property=\"og:description\" content=\"NEXA Ultra 50K Strawberry Ice kombiniert s\u00fc\u00dfe Erdbeere mit k\u00fchlem Minzgeschmack f\u00fcr ein erfrischendes, fruchtiges Dampferlebnis.\" \/>\n<meta property=\"og:url\" content=\"https:\/\/vapingnet.de\/lt\/vape\/nexa-ultra-50k-strawberry-ice-kombiniert-suesse-erdbeere-mit-erfrischendem-minzgeschmack\/\" \/>\n<meta property=\"og:site_name\" content=\"Vapingnet.de\" \/>\n<meta property=\"article:publisher\" content=\"https:\/\/www.facebook.com\/vapingnetde\/\" \/>\n<meta property=\"article:modified_time\" content=\"2026-04-14T06:41:05+00:00\" \/>\n<meta property=\"og:image\" content=\"https:\/\/vapingnet.de\/wp-content\/uploads\/2025\/03\/50K_STRAWBERRY_ICE-1.png\" \/>\n\t<meta property=\"og:image:width\" content=\"1000\" \/>\n\t<meta property=\"og:image:height\" content=\"1000\" \/>\n\t<meta property=\"og:image:type\" content=\"image\/png\" \/>\n<meta name=\"twitter:card\" content=\"summary_large_image\" \/>\n<meta name=\"twitter:label1\" content=\"Est. reading time\" \/>\n\t<meta name=\"twitter:data1\" content=\"6 minutes\" \/>\n<script type=\"application\/ld+json\" class=\"yoast-schema-graph\">{\"@context\":\"https:\/\/schema.org\",\"@graph\":[{\"@type\":\"WebPage\",\"@id\":\"https:\/\/vapingnet.de\/vape\/nexa-ultra-50k-strawberry-ice-kombiniert-suesse-erdbeere-mit-erfrischendem-minzgeschmack\/\",\"url\":\"https:\/\/vapingnet.de\/vape\/nexa-ultra-50k-strawberry-ice-kombiniert-suesse-erdbeere-mit-erfrischendem-minzgeschmack\/\",\"name\":\"NEXA Ultra 50K Strawberry Ice kombiniert s\u00fc\u00dfe Erdbeere mit erfrischendem Minzgeschmack | Vapingnet.de\",\"isPartOf\":{\"@id\":\"https:\/\/vapingnet.de\/#website\"},\"primaryImageOfPage\":{\"@id\":\"https:\/\/vapingnet.de\/vape\/nexa-ultra-50k-strawberry-ice-kombiniert-suesse-erdbeere-mit-erfrischendem-minzgeschmack\/#primaryimage\"},\"image\":{\"@id\":\"https:\/\/vapingnet.de\/vape\/nexa-ultra-50k-strawberry-ice-kombiniert-suesse-erdbeere-mit-erfrischendem-minzgeschmack\/#primaryimage\"},\"thumbnailUrl\":\"https:\/\/vapingnet.de\/wp-content\/uploads\/2025\/03\/50K_STRAWBERRY_ICE-1.png\",\"datePublished\":\"2025-03-19T05:38:28+00:00\",\"dateModified\":\"2026-04-14T06:41:05+00:00\",\"description\":\"NEXA Ultra 50K Strawberry Ice kombiniert s\u00fc\u00dfe Erdbeere mit k\u00fchlem Minzgeschmack f\u00fcr ein erfrischendes, fruchtiges Dampferlebnis.\",\"breadcrumb\":{\"@id\":\"https:\/\/vapingnet.de\/vape\/nexa-ultra-50k-strawberry-ice-kombiniert-suesse-erdbeere-mit-erfrischendem-minzgeschmack\/#breadcrumb\"},\"inLanguage\":\"lt-LT\",\"potentialAction\":[{\"@type\":\"ReadAction\",\"target\":[\"https:\/\/vapingnet.de\/vape\/nexa-ultra-50k-strawberry-ice-kombiniert-suesse-erdbeere-mit-erfrischendem-minzgeschmack\/\"]}]},{\"@type\":\"ImageObject\",\"inLanguage\":\"lt-LT\",\"@id\":\"https:\/\/vapingnet.de\/vape\/nexa-ultra-50k-strawberry-ice-kombiniert-suesse-erdbeere-mit-erfrischendem-minzgeschmack\/#primaryimage\",\"url\":\"https:\/\/vapingnet.de\/wp-content\/uploads\/2025\/03\/50K_STRAWBERRY_ICE-1.png\",\"contentUrl\":\"https:\/\/vapingnet.de\/wp-content\/uploads\/2025\/03\/50K_STRAWBERRY_ICE-1.png\",\"width\":1000,\"height\":1000},{\"@type\":\"BreadcrumbList\",\"@id\":\"https:\/\/vapingnet.de\/vape\/nexa-ultra-50k-strawberry-ice-kombiniert-suesse-erdbeere-mit-erfrischendem-minzgeschmack\/#breadcrumb\",\"itemListElement\":[{\"@type\":\"ListItem\",\"position\":1,\"name\":\"Home\",\"item\":\"https:\/\/vapingnet.de\/\"},{\"@type\":\"ListItem\",\"position\":2,\"name\":\"Shop\",\"item\":\"https:\/\/vapingnet.de\/vape\/\"},{\"@type\":\"ListItem\",\"position\":3,\"name\":\"NEXA Ultra 50K Strawberry Ice kombiniert s\u00fc\u00dfe Erdbeere mit erfrischendem Minzgeschmack\"}]},{\"@type\":\"WebSite\",\"@id\":\"https:\/\/vapingnet.de\/#website\",\"url\":\"https:\/\/vapingnet.de\/\",\"name\":\"Vapingnet.de\",\"description\":\"\",\"publisher\":{\"@id\":\"https:\/\/vapingnet.de\/#organization\"},\"potentialAction\":[{\"@type\":\"SearchAction\",\"target\":{\"@type\":\"EntryPoint\",\"urlTemplate\":\"https:\/\/vapingnet.de\/?s={search_term_string}\"},\"query-input\":{\"@type\":\"PropertyValueSpecification\",\"valueRequired\":true,\"valueName\":\"search_term_string\"}}],\"inLanguage\":\"lt-LT\"},{\"@type\":\"Organization\",\"@id\":\"https:\/\/vapingnet.de\/#organization\",\"name\":\"Vapingnet.de\",\"url\":\"https:\/\/vapingnet.de\/\",\"logo\":{\"@type\":\"ImageObject\",\"inLanguage\":\"lt-LT\",\"@id\":\"https:\/\/vapingnet.de\/#\/schema\/logo\/image\/\",\"url\":\"https:\/\/vapingnet.de\/wp-content\/uploads\/2025\/03\/cropped-vapingnet.de_.jpg\",\"contentUrl\":\"https:\/\/vapingnet.de\/wp-content\/uploads\/2025\/03\/cropped-vapingnet.de_.jpg\",\"width\":512,\"height\":512,\"caption\":\"Vapingnet.de\"},\"image\":{\"@id\":\"https:\/\/vapingnet.de\/#\/schema\/logo\/image\/\"},\"sameAs\":[\"https:\/\/www.facebook.com\/vapingnetde\/\"]}]}<\/script>\n<!-- \/ Yoast SEO plugin. -->","yoast_head_json":{"title":"NEXA Ultra 50K Strawberry Ice kombiniert s\u00fc\u00dfe Erdbeere mit erfrischendem Minzgeschmack | Vapingnet.de","description":"NEXA Ultra 50K Strawberry Ice kombiniert s\u00fc\u00dfe Erdbeere mit k\u00fchlem Minzgeschmack f\u00fcr ein erfrischendes, fruchtiges Dampferlebnis.","robots":{"index":"index","follow":"follow","max-snippet":"max-snippet:-1","max-image-preview":"max-image-preview:large","max-video-preview":"max-video-preview:-1"},"canonical":"https:\/\/vapingnet.de\/lt\/vape\/nexa-ultra-50k-strawberry-ice-kombiniert-suesse-erdbeere-mit-erfrischendem-minzgeschmack\/","og_locale":"lt_LT","og_type":"article","og_title":"NEXA Ultra 50K Strawberry Ice kombiniert s\u00fc\u00dfe Erdbeere mit erfrischendem Minzgeschmack | Vapingnet.de","og_description":"NEXA Ultra 50K Strawberry Ice kombiniert s\u00fc\u00dfe Erdbeere mit k\u00fchlem Minzgeschmack f\u00fcr ein erfrischendes, fruchtiges Dampferlebnis.","og_url":"https:\/\/vapingnet.de\/lt\/vape\/nexa-ultra-50k-strawberry-ice-kombiniert-suesse-erdbeere-mit-erfrischendem-minzgeschmack\/","og_site_name":"Vapingnet.de","article_publisher":"https:\/\/www.facebook.com\/vapingnetde\/","article_modified_time":"2026-04-14T06:41:05+00:00","og_image":[{"width":1000,"height":1000,"url":"https:\/\/vapingnet.de\/wp-content\/uploads\/2025\/03\/50K_STRAWBERRY_ICE-1.png","type":"image\/png"}],"twitter_card":"summary_large_image","twitter_misc":{"Est. reading time":"6 minutes"},"schema":{"@context":"https:\/\/schema.org","@graph":[{"@type":"WebPage","@id":"https:\/\/vapingnet.de\/vape\/nexa-ultra-50k-strawberry-ice-kombiniert-suesse-erdbeere-mit-erfrischendem-minzgeschmack\/","url":"https:\/\/vapingnet.de\/vape\/nexa-ultra-50k-strawberry-ice-kombiniert-suesse-erdbeere-mit-erfrischendem-minzgeschmack\/","name":"NEXA Ultra 50K Strawberry Ice kombiniert s\u00fc\u00dfe Erdbeere mit erfrischendem Minzgeschmack | Vapingnet.de","isPartOf":{"@id":"https:\/\/vapingnet.de\/#website"},"primaryImageOfPage":{"@id":"https:\/\/vapingnet.de\/vape\/nexa-ultra-50k-strawberry-ice-kombiniert-suesse-erdbeere-mit-erfrischendem-minzgeschmack\/#primaryimage"},"image":{"@id":"https:\/\/vapingnet.de\/vape\/nexa-ultra-50k-strawberry-ice-kombiniert-suesse-erdbeere-mit-erfrischendem-minzgeschmack\/#primaryimage"},"thumbnailUrl":"https:\/\/vapingnet.de\/wp-content\/uploads\/2025\/03\/50K_STRAWBERRY_ICE-1.png","datePublished":"2025-03-19T05:38:28+00:00","dateModified":"2026-04-14T06:41:05+00:00","description":"NEXA Ultra 50K Strawberry Ice kombiniert s\u00fc\u00dfe Erdbeere mit k\u00fchlem Minzgeschmack f\u00fcr ein erfrischendes, fruchtiges Dampferlebnis.","breadcrumb":{"@id":"https:\/\/vapingnet.de\/vape\/nexa-ultra-50k-strawberry-ice-kombiniert-suesse-erdbeere-mit-erfrischendem-minzgeschmack\/#breadcrumb"},"inLanguage":"lt-LT","potentialAction":[{"@type":"ReadAction","target":["https:\/\/vapingnet.de\/vape\/nexa-ultra-50k-strawberry-ice-kombiniert-suesse-erdbeere-mit-erfrischendem-minzgeschmack\/"]}]},{"@type":"ImageObject","inLanguage":"lt-LT","@id":"https:\/\/vapingnet.de\/vape\/nexa-ultra-50k-strawberry-ice-kombiniert-suesse-erdbeere-mit-erfrischendem-minzgeschmack\/#primaryimage","url":"https:\/\/vapingnet.de\/wp-content\/uploads\/2025\/03\/50K_STRAWBERRY_ICE-1.png","contentUrl":"https:\/\/vapingnet.de\/wp-content\/uploads\/2025\/03\/50K_STRAWBERRY_ICE-1.png","width":1000,"height":1000},{"@type":"BreadcrumbList","@id":"https:\/\/vapingnet.de\/vape\/nexa-ultra-50k-strawberry-ice-kombiniert-suesse-erdbeere-mit-erfrischendem-minzgeschmack\/#breadcrumb","itemListElement":[{"@type":"ListItem","position":1,"name":"Home","item":"https:\/\/vapingnet.de\/"},{"@type":"ListItem","position":2,"name":"Shop","item":"https:\/\/vapingnet.de\/vape\/"},{"@type":"ListItem","position":3,"name":"NEXA Ultra 50K Strawberry Ice kombiniert s\u00fc\u00dfe Erdbeere mit erfrischendem Minzgeschmack"}]},{"@type":"WebSite","@id":"https:\/\/vapingnet.de\/#website","url":"https:\/\/vapingnet.de\/","name":"Vapingnet.de","description":"","publisher":{"@id":"https:\/\/vapingnet.de\/#organization"},"potentialAction":[{"@type":"SearchAction","target":{"@type":"EntryPoint","urlTemplate":"https:\/\/vapingnet.de\/?s={search_term_string}"},"query-input":{"@type":"PropertyValueSpecification","valueRequired":true,"valueName":"search_term_string"}}],"inLanguage":"lt-LT"},{"@type":"Organization","@id":"https:\/\/vapingnet.de\/#organization","name":"Vapingnet.de","url":"https:\/\/vapingnet.de\/","logo":{"@type":"ImageObject","inLanguage":"lt-LT","@id":"https:\/\/vapingnet.de\/#\/schema\/logo\/image\/","url":"https:\/\/vapingnet.de\/wp-content\/uploads\/2025\/03\/cropped-vapingnet.de_.jpg","contentUrl":"https:\/\/vapingnet.de\/wp-content\/uploads\/2025\/03\/cropped-vapingnet.de_.jpg","width":512,"height":512,"caption":"Vapingnet.de"},"image":{"@id":"https:\/\/vapingnet.de\/#\/schema\/logo\/image\/"},"sameAs":["https:\/\/www.facebook.com\/vapingnetde\/"]}]}},"tiered_pricing_type":"fixed","tiered_pricing_fixed_rules":[],"tiered_pricing_product_settings":{"layout":"default","base_unit_name":{"singular":null,"plural":null},"default_variation":null},"tiered_pricing_minimum_quantity":null,"tiered_pricing_roles_data":[],"tiered_pricing_percentage_rules":[],"_links":{"self":[{"href":"https:\/\/vapingnet.de\/lt\/wp-json\/wp\/v2\/product\/5747","targetHints":{"allow":["GET"]}}],"collection":[{"href":"https:\/\/vapingnet.de\/lt\/wp-json\/wp\/v2\/product"}],"about":[{"href":"https:\/\/vapingnet.de\/lt\/wp-json\/wp\/v2\/types\/product"}],"version-history":[{"count":2,"href":"https:\/\/vapingnet.de\/lt\/wp-json\/wp\/v2\/product\/5747\/revisions"}],"predecessor-version":[{"id":6024,"href":"https:\/\/vapingnet.de\/lt\/wp-json\/wp\/v2\/product\/5747\/revisions\/6024"}],"wp:featuredmedia":[{"embeddable":true,"href":"https:\/\/vapingnet.de\/lt\/wp-json\/wp\/v2\/media\/5720"}],"wp:attachment":[{"href":"https:\/\/vapingnet.de\/lt\/wp-json\/wp\/v2\/media?parent=5747"}],"wp:term":[{"taxonomy":"brand","embeddable":true,"href":"https:\/\/vapingnet.de\/lt\/wp-json\/wp\/v2\/etheme_brands?post=5747"},{"taxonomy":"product_brand","embeddable":true,"href":"https:\/\/vapingnet.de\/lt\/wp-json\/wp\/v2\/product_brand?post=5747"},{"taxonomy":"product_cat","embeddable":true,"href":"https:\/\/vapingnet.de\/lt\/wp-json\/wp\/v2\/product_cat?post=5747"},{"taxonomy":"product_tag","embeddable":true,"href":"https:\/\/vapingnet.de\/lt\/wp-json\/wp\/v2\/product_tag?post=5747"}],"curies":[{"name":"wp","href":"https:\/\/api.w.org\/{rel}","templated":true}]}}