{"id":5749,"date":"2025-03-19T05:38:30","date_gmt":"2025-03-19T05:38:30","guid":{"rendered":"https:\/\/vapingnet.de\/?post_type=product&#038;p=5749"},"modified":"2026-04-14T06:41:05","modified_gmt":"2026-04-14T06:41:05","slug":"erfrischendes-e-zigaretten-erlebnis-nexa-ultra-50k-triple-berry-die-perfekte-kombination-aus-erdbeere-himbeere-und-blaubeere","status":"publish","type":"product","link":"https:\/\/vapingnet.de\/lt\/vape\/erfrischendes-e-zigaretten-erlebnis-nexa-ultra-50k-triple-berry-die-perfekte-kombination-aus-erdbeere-himbeere-und-blaubeere\/","title":{"rendered":"Gaivus elektronini\u0173 cigare\u010di\u0173 potyris NEXA Ultra 50K Triple Berry \u2013 tobulas bra\u0161ki\u0173, avie\u010di\u0173 ir m\u0117lyni\u0173 derinys"},"content":{"rendered":"<h2 data-start=\"0\" data-end=\"107\">NEXA Ultra 50K Puff Vienkartin\u0117s Elektronin\u0117s Cigaret\u0117s Triple Berry \u2013 Vaisi\u0173 malonumas, kuris pa\u017eadina visus poj\u016b\u010dius<\/h2>\n<p data-start=\"109\" data-end=\"514\">NEXA Ultra 50K Puff <strong><a href=\"https:\/\/vapingnet.de\/lt\/k\/einweg-e-zigarette\/\">Vienkartin\u0117 elektronin\u0117 cigaret\u0117<\/a><\/strong> su Triple Berry aromatu nustato naujus standartus vaisi\u0173 m\u0117g\u0117jams, ie\u0161kantiems intensyvaus ir gaivinan\u010dio garavimo patirties. Su i\u0161skirtiniu p\u016btimo talpumu <strong><a href=\"https:\/\/vapingnet.de\/lt\/k\/50k-vape\/\">50k vape<\/a><\/strong> ir moderniu dizainu \u0161is modelis ne tik pasi\u017eymi i\u0161skirtiniu na\u0161umu, bet ir suteikia skonio patirt\u012f, kuri kiekvienoje doz\u0117je yra vaisinga ir skani.<\/p>\n<p data-start=\"516\" data-end=\"728\">\u0160iame straipsnyje i\u0161samiai ap\u017evelgsime Triple Berry skonio r\u016b\u0161\u012f ir i\u0161skirtines savybes <strong><a href=\"https:\/\/vapingnet.de\/lt\/nexa-ultra-50000-puffs\/\">NEXA Ultra 50K p\u016btimo<\/a><\/strong>kurios padarys jus tobulai suderintu kompanionu kiekvienam garintojui.<\/p>\n<div class=\"overflow-x-auto contain-inline-size\">\n<table data-start=\"735\" data-end=\"2729\">\n<thead data-start=\"735\" data-end=\"863\">\n<tr data-start=\"735\" data-end=\"863\">\n<th data-start=\"735\" data-end=\"766\">Savyb\u0117<\/th>\n<th data-start=\"766\" data-end=\"863\">Detal\u0117s<\/th>\n<\/tr>\n<\/thead>\n<tbody data-start=\"993\" data-end=\"2729\">\n<tr data-start=\"993\" data-end=\"1123\">\n<td>Modelis<\/td>\n<td>NEXA Ultra 50K Puff vienkartin\u0117 elektronin\u0117 cigaret\u0117<\/td>\n<\/tr>\n<tr data-start=\"1124\" data-end=\"1252\">\n<td>Skonis<\/td>\n<td>Triple Berry (mi\u0161inys i\u0161 bra\u0161ki\u0173, avie\u010di\u0173 ir m\u0117lyni\u0173)<\/td>\n<\/tr>\n<tr data-start=\"1253\" data-end=\"1382\">\n<td>P\u016bsti kapacitetas<\/td>\n<td>50 000 \u012fkv\u0117pim\u0173<\/td>\n<\/tr>\n<tr data-start=\"1383\" data-end=\"1513\">\n<td>Nikotino stiprumas<\/td>\n<td>5%<\/td>\n<\/tr>\n<tr data-start=\"1514\" data-end=\"1644\">\n<td>E-liquido bakelis<\/td>\n<td>20 ml permatomo kristalinio bakelio<\/td>\n<\/tr>\n<tr data-start=\"1645\" data-end=\"1775\">\n<td>Akumuliatoriaus talpa<\/td>\n<td>800 mAh (USB-C greitas \u012fkrovimas)<\/td>\n<\/tr>\n<tr data-start=\"1776\" data-end=\"1904\">\n<td>Garavimo re\u017eimai<\/td>\n<td>Du re\u017eimai:<\/td>\n<\/tr>\n<tr data-start=\"1905\" data-end=\"2034\">\n<td><\/td>\n<td>\u2013 \u012eprastas re\u017eimas: 50 000 \u012fkv\u0117pim\u0173, \u0161velnus skonio patirtis<\/td>\n<\/tr>\n<tr data-start=\"2035\" data-end=\"2162\">\n<td><\/td>\n<td>\u2013 Turbo re\u017eimas: 30 000 \u012fkv\u0117pim\u0173, intensyvesnis garas ir skonis<\/td>\n<\/tr>\n<tr data-start=\"2163\" data-end=\"2292\">\n<td>Ekranas<\/td>\n<td>3D i\u0161lenktas ekranas, rodo akumuliatoriaus b\u016bsen\u0105, skys\u010dio lyg\u012f ir re\u017eim\u0105<\/td>\n<\/tr>\n<tr data-start=\"2293\" data-end=\"2423\">\n<td>Aktyvavimas<\/td>\n<td>\u012ekv\u0117pimo aktyvuojama (pakanka traukti, kad prad\u0117tum garinti)<\/td>\n<\/tr>\n<tr data-start=\"2424\" data-end=\"2552\">\n<td>Pakuot\u0117s vienetas<\/td>\n<td>5 vnt. kiekviename d\u0117\u017eut\u0117je<\/td>\n<\/tr>\n<tr data-start=\"2553\" data-end=\"2729\">\n<td>Aromato apra\u0161ymas<\/td>\n<td>Harmoninga \u0161vie\u017ei\u0173 bra\u0161ki\u0173, avie\u010di\u0173 ir m\u0117lyni\u0173 mi\u0161inys, si\u016blantis gaivi\u0105, vaisi\u0161k\u0105 garavimo patirt\u012f.<\/td>\n<\/tr>\n<\/tbody>\n<\/table>\n<\/div>\n<h3 data-start=\"2736\" data-end=\"2804\">1. Skonio patirtis: Tobulas trij\u0173 uog\u0173 mi\u0161inys<\/h3>\n<p data-start=\"2806\" data-end=\"3361\">NEXA Ultra 50K Triple Berry skonio r\u016b\u0161is jungia bra\u0161ki\u0173, avie\u010di\u0173 ir m\u0117lyni\u0173 aromatus, kurie kartu sukuria harmoning\u0105 ir \u0161vie\u017ei\u0105 vaisi\u0173 patirt\u012f. Pirmojo \u012fkv\u0117pimo metu jau\u010diate sald\u017ei\u0105 ir sulting\u0105 bra\u0161k\u0119, kuri apgaubia gomur\u012f. Tada seka aviet\u0117, kuri su \u0161iek tiek r\u016bg\u0161tumo ir gaivinan\u010diu atspalviu praturtina skon\u012f. Patirt\u012f u\u017ebaigia m\u0117lyn\u0117s, kurios su \u0161velnia salduma ir lengvu kartumu u\u017etikrina tobul\u0105 balans\u0105.<\/p>\n<p data-start=\"3363\" data-end=\"3740\">Kiekvienas Triple Berry aromato \u012fkv\u0117pimas jau\u010diasi kaip gaivus vaisi\u0173 salotas \u2013 saldus, bet ne per stiprus, ir b\u016btent tinkamas kiekis gaivos, kad garavimas tapt\u0173 malonia ir vaisinga patirtimi. Tobula pasirinkimas garintojams, m\u0117gstantiems vis\u0105 dien\u0105 m\u0117gautis vaisi\u0173 aromatais, nesukeliantys jausmo, kad jie per sald\u016bs ar per stipr\u016bs.<\/p>\n<h3 data-start=\"3742\" data-end=\"3795\">2. 50 000 \u012fkv\u0117pim\u0173 \u2013 ilgaam\u017e\u0117 patirtis<\/h3>\n<p data-start=\"3797\" data-end=\"4179\">Su p\u016btimo talpa 50 000 \u012fkv\u0117pim\u0173, NEXA Ultra 50K pasi\u017eymi ne\u012ftik\u0117tina ilgaam\u017ei\u0161kumu. 20 ml kristalinio bako d\u0117ka net intensyvaus naudojimo metu niekada neliks be skys\u010dio. Skaidrus kristalinis bakas leid\u017eia nuolat steb\u0117ti skys\u010dio lyg\u012f, kad \u017einotum\u0117te, kada reik\u0117s pakeisti.<\/p>\n<p data-start=\"4181\" data-end=\"4411\">Bako kristalin\u0117 i\u0161vaizda ne tik suteikia eleganti\u0161k\u0105 estetik\u0105 \u012frenginiui, bet ir u\u017etikrina, kad skystis tolygiai paskirstomas, suteikdamas kiekvieno \u012fkv\u0117pimo metu nuolatin\u0119, intensyvi\u0105 garavimo patirt\u012f.<\/p>\n<h3 data-start=\"4413\" data-end=\"4480\">3. Dvigubo re\u017eimo technologija \u2013 pritaikymas pagal j\u016bs\u0173 garinimo pageidavimus<\/h3>\n<p data-start=\"4482\" data-end=\"4609\">NEXA Ultra 50K si\u016blo du garavimo re\u017eimus, leid\u017eian\u010dius jums pritaikyti savo garavimo patirt\u012f pagal savo pageidavimus:<\/p>\n<ul data-start=\"4611\" data-end=\"5116\">\n<li data-start=\"4611\" data-end=\"4835\">\n<p data-start=\"4613\" data-end=\"4835\">Normalus re\u017eimas (50K \u012fkv\u0117pim\u0173): \u0160is re\u017eimas u\u017etikrina \u0161veln\u0173 ir tolyg\u0173 Triple Berry aromato i\u0161siskyrim\u0105, idealiai tinka garintojams, kurie nori m\u0117gautis vaisiniu skoniu pilna ir harmoningai forma.<\/p>\n<\/li>\n<li data-start=\"4839\" data-end=\"5116\">\n<p data-start=\"4841\" data-end=\"5116\">Turbo re\u017eimas (30K \u012fkv\u0117pim\u0173): Jei ie\u0161kote stipresnio garo ir intensyvesnio skonio, galite pasirinkti Turbo re\u017eim\u0105. \u0160iuo re\u017eimu skonis tampa intensyvesnis, o garas tankesnis, tod\u0117l Triple Berry aromatas \u012fgauna dar gyvesn\u012f atspalv\u012f.<\/p>\n<\/li>\n<\/ul>\n<p data-start=\"5118\" data-end=\"5285\">D\u0117l dvigubo re\u017eimo technologijos turite galimyb\u0119 pereiti tarp \u0161velnaus ir intensyvaus garavimo, priklausomai nuo nuotaikos ir poreiki\u0173.<\/p>\n<h3 data-start=\"5287\" data-end=\"5354\">4. 3D i\u0161lenktas ekranas \u2013 patogiam naudojimui<\/h3>\n<p data-start=\"5356\" data-end=\"5702\">NEXA Ultra 50K 3D i\u0161lenktas ekranas ne tik yra vizualinis akcentas, bet ir labai funkcionalus. Jame rodomi visi svarb\u016bs duomenys, tokie kaip akumuliatoriaus lygis, skys\u010dio lygis ir aktyvus garavimo re\u017eimas. Taip visada matote visus svarbius duomenis ir galite tiksliai valdyti savo garavimo patirt\u012f.<\/p>\n<p data-start=\"5704\" data-end=\"5875\">Auk\u0161tos kokyb\u0117s stiklo optika ekrane prisideda prie prabangios bendros i\u0161vaizdos ir u\u017etikrina, kad \u012frenginys ne tik gerai veikt\u0173, bet ir atrodyt\u0173 stilingai.<\/p>\n<h3 data-start=\"5877\" data-end=\"5929\">5. Greitas \u012fkrovimas ir ilgas akumuliatoriaus veikimo laikas<\/h3>\n<p data-start=\"5931\" data-end=\"6281\">NEXA Ultra 50K 800 mAh akumuliatoriaus talpa leid\u017eia ilgai naudotis garinimu, nereikia nuolat ie\u0161koti \u012fkroviklio. Jei akumuliatorius i\u0161sikrauna, j\u012f galima greitai \u012fkrauti naudojant USB-C greit\u0105 \u012fkrovim\u0105 ir toliau m\u0117gautis garinimu \u2013 joki\u0173 ilg\u0173 laukimo laik\u0173, tiesiog \u012fkraukite ir prad\u0117kite.<\/p>\n<h3 data-start=\"6283\" data-end=\"6340\">6. Paprastas naudojimas kasdieniam naudojimui<\/h3>\n<p data-start=\"6342\" data-end=\"6696\">NEXA Ultra 50K traukimo aktyvuotas dizainas padaro garinim\u0105 paprast\u0105 ir patog\u0173. Jums nereikia spausti joki\u0173 mygtuk\u0173 ar \u012fjungti \u012frengin\u012f \u2013 tiesiog traukite ir m\u0117gaukit\u0117s Triple Berry skoniu. \u0160is draugi\u0161kas naudotojui dizainas yra idealus garintojams, ie\u0161kantiems paprasto sprendimo, kuris visada yra pasiruo\u0161\u0119s naudoti.<\/p>\n<p data-start=\"6698\" data-end=\"6881\">Kompakti\u0161kas dydis ir eleganti\u0161kas dizainas daro \u012frengin\u012f puikiu kelioniniu palydovu, tod\u0117l galite m\u0117gautis vaisiniu Triple Berry skoniu bet kurioje vietoje.<\/p>\n<h3 data-start=\"6883\" data-end=\"6950\">Patogi pakuot\u0117 \u2013 Idealiai tinka pardav\u0117jams ir da\u017enai naudojantiems<\/h3>\n<p data-start=\"6952\" data-end=\"7367\">NEXA Ultra 50K Triple Berry yra komplekte su 5 vienetais, tod\u0117l yra ypa\u010d patraukli daug naudotoj\u0173 ir pardav\u0117j\u0173. Su tokia didel\u0117mis p\u016btimo talpomis ji yra puikus pasirinkimas tiems, kurie ie\u0161ko auk\u0161tos kokyb\u0117s ir ilgaam\u017eio produkto. Patogi pakuot\u0117 taip pat suteikia pardav\u0117jams galimyb\u0119 pasi\u016blyti klientams auk\u0161\u010diausios kokyb\u0117s produkt\u0105 su ilga tarnavimo trukme.<\/p>\n<h3 data-start=\"7369\" data-end=\"7458\">8. Kod\u0117l NEXA Ultra 50K Triple Berry yra b\u016btinas vaisi\u0173 m\u0117g\u0117jams<\/h3>\n<p data-start=\"7460\" data-end=\"7810\">NEXA Ultra 50K Triple Berry yra puikus pasirinkimas visiems, kurie m\u0117gsta vaisinius aromatus ir nenori aukoti kokyb\u0117s bei na\u0161umo. Su savo didel\u0117mis p\u016btimo talpomis, moderniu dizainu, dviej\u0173 re\u017eim\u0173 technologija ir patogia naudoti, \u0161is modelis atitinka visus garintoj\u0173 l\u016bkes\u010dius.<\/p>\n<p data-start=\"7812\" data-end=\"8115\">Triple Berry aromatas u\u017etikrina skan\u0173, vaisin\u012f garinimo patirt\u012f, kuri yra ne tik saldi, bet ir gaivi bei gyvybinga. Nesvarbu, ar naudojate kasdien, ar retkar\u010diais \u2013 \u0161is modelis yra puikus pasirinkimas tiems, kurie ie\u0161ko gaivios, vaisin\u0117s garinimo patirties.<\/p>\n<p data-start=\"8117\" data-end=\"8286\" data-is-last-node=\"\" data-is-only-node=\"\">Pasirinkite NEXA Ultra 50K Triple Berry, jei ie\u0161kote auk\u0161tos kokyb\u0117s, ilgai trunkan\u010dio garinimo patirties, kuri\u0105 norite nuolat m\u0117gautis.<\/p>","protected":false},"excerpt":{"rendered":"<p>NEXA Ultra 50K Puff Einweg E-Zigaretten Triple Berry \u2013 Ein Fruchtiger Genuss Der Alle Sinne Belebt Die NEXA Ultra 50K Puff Einweg E-Zigarette mit dem&#8230;<\/p>","protected":false},"featured_media":5721,"template":"","meta":[],"etheme_brands":[],"product_brand":[],"product_cat":[67,49,61],"product_tag":[],"class_list":{"0":"post-5749","1":"product","2":"type-product","3":"status-publish","4":"has-post-thumbnail","6":"product_cat-50k-vape","7":"product_cat-einweg-e-zigarette","8":"product_cat-f","10":"first","11":"outofstock","12":"shipping-taxable","13":"purchasable","14":"product-type-variable"},"yoast_head":"<!-- This site is optimized with the Yoast SEO plugin v26.5 - https:\/\/yoast.com\/wordpress\/plugins\/seo\/ -->\n<title>Erfrischendes E-Zigaretten-Erlebnis NEXA Ultra 50K Triple Berry Die perfekte Kombination aus Erdbeere Himbeere und Blaubeere | Vapingnet.de<\/title>\n<meta name=\"description\" content=\"NEXA Ultra 50K Triple Berry ist die perfekte Mischung aus Erdbeere, Himbeere und Blaubeere f\u00fcr ein erfrischendes Dampferlebnis\" \/>\n<meta name=\"robots\" content=\"index, follow, max-snippet:-1, max-image-preview:large, max-video-preview:-1\" \/>\n<link rel=\"canonical\" href=\"https:\/\/vapingnet.de\/lt\/vape\/erfrischendes-e-zigaretten-erlebnis-nexa-ultra-50k-triple-berry-die-perfekte-kombination-aus-erdbeere-himbeere-und-blaubeere\/\" \/>\n<meta property=\"og:locale\" content=\"lt_LT\" \/>\n<meta property=\"og:type\" content=\"article\" \/>\n<meta property=\"og:title\" content=\"Erfrischendes E-Zigaretten-Erlebnis NEXA Ultra 50K Triple Berry Die perfekte Kombination aus Erdbeere Himbeere und Blaubeere | Vapingnet.de\" \/>\n<meta property=\"og:description\" content=\"NEXA Ultra 50K Triple Berry ist die perfekte Mischung aus Erdbeere, Himbeere und Blaubeere f\u00fcr ein erfrischendes Dampferlebnis\" \/>\n<meta property=\"og:url\" content=\"https:\/\/vapingnet.de\/lt\/vape\/erfrischendes-e-zigaretten-erlebnis-nexa-ultra-50k-triple-berry-die-perfekte-kombination-aus-erdbeere-himbeere-und-blaubeere\/\" \/>\n<meta property=\"og:site_name\" content=\"Vapingnet.de\" \/>\n<meta property=\"article:publisher\" content=\"https:\/\/www.facebook.com\/vapingnetde\/\" \/>\n<meta property=\"article:modified_time\" content=\"2026-04-14T06:41:05+00:00\" \/>\n<meta property=\"og:image\" content=\"https:\/\/vapingnet.de\/wp-content\/uploads\/2025\/03\/50K_TRIPLE_BERRY-1.png\" \/>\n\t<meta property=\"og:image:width\" content=\"1000\" \/>\n\t<meta property=\"og:image:height\" content=\"1000\" \/>\n\t<meta property=\"og:image:type\" content=\"image\/png\" \/>\n<meta name=\"twitter:card\" content=\"summary_large_image\" \/>\n<meta name=\"twitter:label1\" content=\"Est. reading time\" \/>\n\t<meta name=\"twitter:data1\" content=\"6 minutes\" \/>\n<script type=\"application\/ld+json\" class=\"yoast-schema-graph\">{\"@context\":\"https:\/\/schema.org\",\"@graph\":[{\"@type\":\"WebPage\",\"@id\":\"https:\/\/vapingnet.de\/vape\/erfrischendes-e-zigaretten-erlebnis-nexa-ultra-50k-triple-berry-die-perfekte-kombination-aus-erdbeere-himbeere-und-blaubeere\/\",\"url\":\"https:\/\/vapingnet.de\/vape\/erfrischendes-e-zigaretten-erlebnis-nexa-ultra-50k-triple-berry-die-perfekte-kombination-aus-erdbeere-himbeere-und-blaubeere\/\",\"name\":\"Erfrischendes E-Zigaretten-Erlebnis NEXA Ultra 50K Triple Berry Die perfekte Kombination aus Erdbeere Himbeere und Blaubeere | Vapingnet.de\",\"isPartOf\":{\"@id\":\"https:\/\/vapingnet.de\/#website\"},\"primaryImageOfPage\":{\"@id\":\"https:\/\/vapingnet.de\/vape\/erfrischendes-e-zigaretten-erlebnis-nexa-ultra-50k-triple-berry-die-perfekte-kombination-aus-erdbeere-himbeere-und-blaubeere\/#primaryimage\"},\"image\":{\"@id\":\"https:\/\/vapingnet.de\/vape\/erfrischendes-e-zigaretten-erlebnis-nexa-ultra-50k-triple-berry-die-perfekte-kombination-aus-erdbeere-himbeere-und-blaubeere\/#primaryimage\"},\"thumbnailUrl\":\"https:\/\/vapingnet.de\/wp-content\/uploads\/2025\/03\/50K_TRIPLE_BERRY-1.png\",\"datePublished\":\"2025-03-19T05:38:30+00:00\",\"dateModified\":\"2026-04-14T06:41:05+00:00\",\"description\":\"NEXA Ultra 50K Triple Berry ist die perfekte Mischung aus Erdbeere, Himbeere und Blaubeere f\u00fcr ein erfrischendes Dampferlebnis\",\"breadcrumb\":{\"@id\":\"https:\/\/vapingnet.de\/vape\/erfrischendes-e-zigaretten-erlebnis-nexa-ultra-50k-triple-berry-die-perfekte-kombination-aus-erdbeere-himbeere-und-blaubeere\/#breadcrumb\"},\"inLanguage\":\"lt-LT\",\"potentialAction\":[{\"@type\":\"ReadAction\",\"target\":[\"https:\/\/vapingnet.de\/vape\/erfrischendes-e-zigaretten-erlebnis-nexa-ultra-50k-triple-berry-die-perfekte-kombination-aus-erdbeere-himbeere-und-blaubeere\/\"]}]},{\"@type\":\"ImageObject\",\"inLanguage\":\"lt-LT\",\"@id\":\"https:\/\/vapingnet.de\/vape\/erfrischendes-e-zigaretten-erlebnis-nexa-ultra-50k-triple-berry-die-perfekte-kombination-aus-erdbeere-himbeere-und-blaubeere\/#primaryimage\",\"url\":\"https:\/\/vapingnet.de\/wp-content\/uploads\/2025\/03\/50K_TRIPLE_BERRY-1.png\",\"contentUrl\":\"https:\/\/vapingnet.de\/wp-content\/uploads\/2025\/03\/50K_TRIPLE_BERRY-1.png\",\"width\":1000,\"height\":1000},{\"@type\":\"BreadcrumbList\",\"@id\":\"https:\/\/vapingnet.de\/vape\/erfrischendes-e-zigaretten-erlebnis-nexa-ultra-50k-triple-berry-die-perfekte-kombination-aus-erdbeere-himbeere-und-blaubeere\/#breadcrumb\",\"itemListElement\":[{\"@type\":\"ListItem\",\"position\":1,\"name\":\"Home\",\"item\":\"https:\/\/vapingnet.de\/\"},{\"@type\":\"ListItem\",\"position\":2,\"name\":\"Shop\",\"item\":\"https:\/\/vapingnet.de\/vape\/\"},{\"@type\":\"ListItem\",\"position\":3,\"name\":\"Erfrischendes E-Zigaretten-Erlebnis NEXA Ultra 50K Triple Berry Die perfekte Kombination aus Erdbeere Himbeere und Blaubeere\"}]},{\"@type\":\"WebSite\",\"@id\":\"https:\/\/vapingnet.de\/#website\",\"url\":\"https:\/\/vapingnet.de\/\",\"name\":\"Vapingnet.de\",\"description\":\"\",\"publisher\":{\"@id\":\"https:\/\/vapingnet.de\/#organization\"},\"potentialAction\":[{\"@type\":\"SearchAction\",\"target\":{\"@type\":\"EntryPoint\",\"urlTemplate\":\"https:\/\/vapingnet.de\/?s={search_term_string}\"},\"query-input\":{\"@type\":\"PropertyValueSpecification\",\"valueRequired\":true,\"valueName\":\"search_term_string\"}}],\"inLanguage\":\"lt-LT\"},{\"@type\":\"Organization\",\"@id\":\"https:\/\/vapingnet.de\/#organization\",\"name\":\"Vapingnet.de\",\"url\":\"https:\/\/vapingnet.de\/\",\"logo\":{\"@type\":\"ImageObject\",\"inLanguage\":\"lt-LT\",\"@id\":\"https:\/\/vapingnet.de\/#\/schema\/logo\/image\/\",\"url\":\"https:\/\/vapingnet.de\/wp-content\/uploads\/2025\/03\/cropped-vapingnet.de_.jpg\",\"contentUrl\":\"https:\/\/vapingnet.de\/wp-content\/uploads\/2025\/03\/cropped-vapingnet.de_.jpg\",\"width\":512,\"height\":512,\"caption\":\"Vapingnet.de\"},\"image\":{\"@id\":\"https:\/\/vapingnet.de\/#\/schema\/logo\/image\/\"},\"sameAs\":[\"https:\/\/www.facebook.com\/vapingnetde\/\"]}]}<\/script>\n<!-- \/ Yoast SEO plugin. -->","yoast_head_json":{"title":"Erfrischendes E-Zigaretten-Erlebnis NEXA Ultra 50K Triple Berry Die perfekte Kombination aus Erdbeere Himbeere und Blaubeere | Vapingnet.de","description":"NEXA Ultra 50K Triple Berry ist die perfekte Mischung aus Erdbeere, Himbeere und Blaubeere f\u00fcr ein erfrischendes Dampferlebnis","robots":{"index":"index","follow":"follow","max-snippet":"max-snippet:-1","max-image-preview":"max-image-preview:large","max-video-preview":"max-video-preview:-1"},"canonical":"https:\/\/vapingnet.de\/lt\/vape\/erfrischendes-e-zigaretten-erlebnis-nexa-ultra-50k-triple-berry-die-perfekte-kombination-aus-erdbeere-himbeere-und-blaubeere\/","og_locale":"lt_LT","og_type":"article","og_title":"Erfrischendes E-Zigaretten-Erlebnis NEXA Ultra 50K Triple Berry Die perfekte Kombination aus Erdbeere Himbeere und Blaubeere | Vapingnet.de","og_description":"NEXA Ultra 50K Triple Berry ist die perfekte Mischung aus Erdbeere, Himbeere und Blaubeere f\u00fcr ein erfrischendes Dampferlebnis","og_url":"https:\/\/vapingnet.de\/lt\/vape\/erfrischendes-e-zigaretten-erlebnis-nexa-ultra-50k-triple-berry-die-perfekte-kombination-aus-erdbeere-himbeere-und-blaubeere\/","og_site_name":"Vapingnet.de","article_publisher":"https:\/\/www.facebook.com\/vapingnetde\/","article_modified_time":"2026-04-14T06:41:05+00:00","og_image":[{"width":1000,"height":1000,"url":"https:\/\/vapingnet.de\/wp-content\/uploads\/2025\/03\/50K_TRIPLE_BERRY-1.png","type":"image\/png"}],"twitter_card":"summary_large_image","twitter_misc":{"Est. reading time":"6 minutes"},"schema":{"@context":"https:\/\/schema.org","@graph":[{"@type":"WebPage","@id":"https:\/\/vapingnet.de\/vape\/erfrischendes-e-zigaretten-erlebnis-nexa-ultra-50k-triple-berry-die-perfekte-kombination-aus-erdbeere-himbeere-und-blaubeere\/","url":"https:\/\/vapingnet.de\/vape\/erfrischendes-e-zigaretten-erlebnis-nexa-ultra-50k-triple-berry-die-perfekte-kombination-aus-erdbeere-himbeere-und-blaubeere\/","name":"Erfrischendes E-Zigaretten-Erlebnis NEXA Ultra 50K Triple Berry Die perfekte Kombination aus Erdbeere Himbeere und Blaubeere | Vapingnet.de","isPartOf":{"@id":"https:\/\/vapingnet.de\/#website"},"primaryImageOfPage":{"@id":"https:\/\/vapingnet.de\/vape\/erfrischendes-e-zigaretten-erlebnis-nexa-ultra-50k-triple-berry-die-perfekte-kombination-aus-erdbeere-himbeere-und-blaubeere\/#primaryimage"},"image":{"@id":"https:\/\/vapingnet.de\/vape\/erfrischendes-e-zigaretten-erlebnis-nexa-ultra-50k-triple-berry-die-perfekte-kombination-aus-erdbeere-himbeere-und-blaubeere\/#primaryimage"},"thumbnailUrl":"https:\/\/vapingnet.de\/wp-content\/uploads\/2025\/03\/50K_TRIPLE_BERRY-1.png","datePublished":"2025-03-19T05:38:30+00:00","dateModified":"2026-04-14T06:41:05+00:00","description":"NEXA Ultra 50K Triple Berry ist die perfekte Mischung aus Erdbeere, Himbeere und Blaubeere f\u00fcr ein erfrischendes Dampferlebnis","breadcrumb":{"@id":"https:\/\/vapingnet.de\/vape\/erfrischendes-e-zigaretten-erlebnis-nexa-ultra-50k-triple-berry-die-perfekte-kombination-aus-erdbeere-himbeere-und-blaubeere\/#breadcrumb"},"inLanguage":"lt-LT","potentialAction":[{"@type":"ReadAction","target":["https:\/\/vapingnet.de\/vape\/erfrischendes-e-zigaretten-erlebnis-nexa-ultra-50k-triple-berry-die-perfekte-kombination-aus-erdbeere-himbeere-und-blaubeere\/"]}]},{"@type":"ImageObject","inLanguage":"lt-LT","@id":"https:\/\/vapingnet.de\/vape\/erfrischendes-e-zigaretten-erlebnis-nexa-ultra-50k-triple-berry-die-perfekte-kombination-aus-erdbeere-himbeere-und-blaubeere\/#primaryimage","url":"https:\/\/vapingnet.de\/wp-content\/uploads\/2025\/03\/50K_TRIPLE_BERRY-1.png","contentUrl":"https:\/\/vapingnet.de\/wp-content\/uploads\/2025\/03\/50K_TRIPLE_BERRY-1.png","width":1000,"height":1000},{"@type":"BreadcrumbList","@id":"https:\/\/vapingnet.de\/vape\/erfrischendes-e-zigaretten-erlebnis-nexa-ultra-50k-triple-berry-die-perfekte-kombination-aus-erdbeere-himbeere-und-blaubeere\/#breadcrumb","itemListElement":[{"@type":"ListItem","position":1,"name":"Home","item":"https:\/\/vapingnet.de\/"},{"@type":"ListItem","position":2,"name":"Shop","item":"https:\/\/vapingnet.de\/vape\/"},{"@type":"ListItem","position":3,"name":"Erfrischendes E-Zigaretten-Erlebnis NEXA Ultra 50K Triple Berry Die perfekte Kombination aus Erdbeere Himbeere und Blaubeere"}]},{"@type":"WebSite","@id":"https:\/\/vapingnet.de\/#website","url":"https:\/\/vapingnet.de\/","name":"Vapingnet.de","description":"","publisher":{"@id":"https:\/\/vapingnet.de\/#organization"},"potentialAction":[{"@type":"SearchAction","target":{"@type":"EntryPoint","urlTemplate":"https:\/\/vapingnet.de\/?s={search_term_string}"},"query-input":{"@type":"PropertyValueSpecification","valueRequired":true,"valueName":"search_term_string"}}],"inLanguage":"lt-LT"},{"@type":"Organization","@id":"https:\/\/vapingnet.de\/#organization","name":"Vapingnet.de","url":"https:\/\/vapingnet.de\/","logo":{"@type":"ImageObject","inLanguage":"lt-LT","@id":"https:\/\/vapingnet.de\/#\/schema\/logo\/image\/","url":"https:\/\/vapingnet.de\/wp-content\/uploads\/2025\/03\/cropped-vapingnet.de_.jpg","contentUrl":"https:\/\/vapingnet.de\/wp-content\/uploads\/2025\/03\/cropped-vapingnet.de_.jpg","width":512,"height":512,"caption":"Vapingnet.de"},"image":{"@id":"https:\/\/vapingnet.de\/#\/schema\/logo\/image\/"},"sameAs":["https:\/\/www.facebook.com\/vapingnetde\/"]}]}},"tiered_pricing_type":"fixed","tiered_pricing_fixed_rules":[],"tiered_pricing_product_settings":{"layout":"default","base_unit_name":{"singular":null,"plural":null},"default_variation":null},"tiered_pricing_minimum_quantity":null,"tiered_pricing_roles_data":[],"tiered_pricing_percentage_rules":[],"_links":{"self":[{"href":"https:\/\/vapingnet.de\/lt\/wp-json\/wp\/v2\/product\/5749","targetHints":{"allow":["GET"]}}],"collection":[{"href":"https:\/\/vapingnet.de\/lt\/wp-json\/wp\/v2\/product"}],"about":[{"href":"https:\/\/vapingnet.de\/lt\/wp-json\/wp\/v2\/types\/product"}],"version-history":[{"count":1,"href":"https:\/\/vapingnet.de\/lt\/wp-json\/wp\/v2\/product\/5749\/revisions"}],"predecessor-version":[{"id":5770,"href":"https:\/\/vapingnet.de\/lt\/wp-json\/wp\/v2\/product\/5749\/revisions\/5770"}],"wp:featuredmedia":[{"embeddable":true,"href":"https:\/\/vapingnet.de\/lt\/wp-json\/wp\/v2\/media\/5721"}],"wp:attachment":[{"href":"https:\/\/vapingnet.de\/lt\/wp-json\/wp\/v2\/media?parent=5749"}],"wp:term":[{"taxonomy":"brand","embeddable":true,"href":"https:\/\/vapingnet.de\/lt\/wp-json\/wp\/v2\/etheme_brands?post=5749"},{"taxonomy":"product_brand","embeddable":true,"href":"https:\/\/vapingnet.de\/lt\/wp-json\/wp\/v2\/product_brand?post=5749"},{"taxonomy":"product_cat","embeddable":true,"href":"https:\/\/vapingnet.de\/lt\/wp-json\/wp\/v2\/product_cat?post=5749"},{"taxonomy":"product_tag","embeddable":true,"href":"https:\/\/vapingnet.de\/lt\/wp-json\/wp\/v2\/product_tag?post=5749"}],"curies":[{"name":"wp","href":"https:\/\/api.w.org\/{rel}","templated":true}]}}