{"id":5751,"date":"2025-03-19T05:38:34","date_gmt":"2025-03-19T05:38:34","guid":{"rendered":"https:\/\/vapingnet.de\/?post_type=product&#038;p=5751"},"modified":"2026-04-14T06:41:05","modified_gmt":"2026-04-14T06:41:05","slug":"nexa-ultra-50k-watermelon-ice-bietet-ihnen-ein-erfrischendes-und-intensives-raucherlebnis","status":"publish","type":"product","link":"https:\/\/vapingnet.de\/lt\/vape\/nexa-ultra-50k-watermelon-ice-bietet-ihnen-ein-erfrischendes-und-intensives-raucherlebnis\/","title":{"rendered":"NEXA Ultra 50K Watermelon Ice suteikia gaiv\u0173 ir intensyv\u0173 r\u016bkymo patirt\u012f."},"content":{"rendered":"<h2 data-start=\"0\" data-end=\"88\">NEXA Ultra 50K Puff vienkartin\u0117 elektronin\u0117 cigaret\u0117 \u2013 galutinis gaivumas su Watermelon Ice<\/h2>\n<p data-start=\"90\" data-end=\"482\">NEXA Ultra 50K Puff <strong><a href=\"https:\/\/vapingnet.de\/lt\/k\/einweg-e-zigarette\/\">Vienkartin\u0117 elektronin\u0117 cigaret\u0117<\/a><\/strong> nustato naujus standartus intensyviems skonio potyriams ir maksimaliai ilgaam\u017ei\u0161kumui. Su <strong><a href=\"https:\/\/vapingnet.de\/lt\/k\/50k-vape\/\">50k vape<\/a><\/strong>, matomu 20 ml kristal\u0173 bakeliu, galingu 800 mAh akumuliatoriumi su USB-C greitu \u012fkrovimu ir moderniu 3D i\u0161lenktu ekranu, \u0161is \u012frenginys sujungia i\u0161skirtin\u0119 technologij\u0105 su neprilygstamu aromato kokybe.<\/p>\n<h3 data-start=\"491\" data-end=\"560\">Maksimalus na\u0161umas Du re\u017eimai individualiai kontrolei<\/h3>\n<p data-start=\"562\" data-end=\"659\">NEXA Ultra 50K si\u016blo du skirtingus garavimo re\u017eimus personalizuotam naudojimui:<\/p>\n<div class=\"overflow-x-auto contain-inline-size\">\n<table data-start=\"661\" data-end=\"971\">\n<thead data-start=\"661\" data-end=\"714\">\n<tr data-start=\"661\" data-end=\"714\">\n<th data-start=\"661\" data-end=\"677\">Re\u017eimas<\/th>\n<th data-start=\"677\" data-end=\"698\">P\u016bsti kapacitetas<\/th>\n<th data-start=\"698\" data-end=\"714\">Patirtis<\/th>\n<\/tr>\n<\/thead>\n<tbody data-start=\"765\" data-end=\"971\">\n<tr data-start=\"765\" data-end=\"854\">\n<td>Normalus re\u017eimas<\/td>\n<td>50 000 p\u016btim\u0173<\/td>\n<td>Subalansuotas, ilgalaikis skonio i\u0161siskleidimas<\/td>\n<\/tr>\n<tr data-start=\"855\" data-end=\"971\">\n<td>Turbo re\u017eimas<\/td>\n<td>30 000 p\u016btim\u0173<\/td>\n<td>Intensyvesnis garas ir stipresnis skonis dar labiau sustiprina aromat\u0105<\/td>\n<\/tr>\n<\/tbody>\n<\/table>\n<\/div>\n<p data-start=\"973\" data-end=\"1133\">D\u0117l \u0161ios inovatyvios dviej\u0173 re\u017eim\u0173 technologijos NEXA Ultra 50K i\u0161siskiria i\u0161 kit\u0173 vienkartini\u0173 elektronini\u0173 cigare\u010di\u0173 ir leid\u017eia lankstesn\u012f garinimo patirt\u012f.<\/p>\n<h3 data-start=\"1142\" data-end=\"1210\">Kristalinis bakelis \u2013 visi\u0161ka kontrol\u0117 vir\u0161 skys\u010dio lygio<\/h3>\n<p data-start=\"1212\" data-end=\"1542\">20 ml kristalinis bakelis ne tik suteikia eleganti\u0161k\u0105 dizain\u0105, bet ir leid\u017eia ai\u0161kiai matyti likus\u012f skys\u010dio lyg\u012f. Taip i\u0161vengiama sp\u0117lioni\u0173, kada reik\u0117s papildyti. Vienodas skys\u010dio paskirstymas u\u017etikrina nuolatin\u0119 auk\u0161tos kokyb\u0117s skonio patirt\u012f nuo prad\u017eios iki pabaigos.<\/p>\n<h3 data-start=\"1551\" data-end=\"1637\">Skonio r\u016b\u0161is: Watermelon Ice \u2013 gaivinantis vasaros gaivumas kiekviename \u012fkv\u0117pime<\/h3>\n<p data-start=\"1639\" data-end=\"1931\">NEXA Ultra 50K Watermelon Ice si\u016blo nepamir\u0161tam\u0105 derin\u012f i\u0161siskirian\u010dio sultingo arb\u016bzo ir \u0161alto, ledinio gaivumo. Kiekvienas \u012fkv\u0117pimas atskleid\u017eia subrendusio arb\u016bzo vaisi\u0173 aromat\u0105, puikiai subalansuot\u0105 su gaivinan\u010diu v\u0117sos efektu, kuris atgaivina gomur\u012f.<\/p>\n<p data-start=\"1933\" data-end=\"2129\">\u0160i harmoningas skonio derinys primena \u0161alt\u0105 arb\u016bzo kokteil\u012f kar\u0161t\u0105 vasaros dien\u0105 \u2013 idealu garintojams, m\u0117gstantiems vaisinius gaivumus su \u0161altu v\u0117jeliu.<\/p>\n<p data-start=\"2131\" data-end=\"2335\">Su 5 % nikotino stiprumu Watermelon Ice si\u016blo malon\u0173, bet stipr\u0173 nikotino potyr\u012f \u2013 puikiai tinka keit\u0117jams ir patyrusiems garintojams, kurie m\u0117gsta \u0161veln\u0173, bet intensyv\u0173 aromat\u0105.<\/p>\n<h3 data-start=\"2344\" data-end=\"2398\">Inovatyvi technologija su 3D i\u0161lenktu ekranu<\/h3>\n<p data-start=\"2400\" data-end=\"2493\">Auk\u0161tos kokyb\u0117s 3D i\u0161lenktas ekranas pateikia visas svarbiausias informacijas vienu \u017evilgsniu:<\/p>\n<p data-start=\"2495\" data-end=\"2712\">Akumuliatoriaus b\u016bkl\u0117 \u2013 be netik\u0117tum\u0173 d\u0117l staigaus i\u0161sikrovimo.<br data-start=\"2561\" data-end=\"2564\" \/>Skys\u010dio lygis \u2013 Visada matomas per skaidr\u0173 bakel\u012f.<br data-start=\"2628\" data-end=\"2631\" \/>Re\u017eimo indikatorius \u2013 perjungimas tarp \u012fprasto ir turbo re\u017eimo vienu \u017evilgsniu.<\/p>\n<p data-start=\"2714\" data-end=\"2862\">Modernus stiklo efekt\u0105 turintis ekranas ne tik suteikia eleganti\u0161k\u0105 dizain\u0105 NEXA Ultra 50K, bet ir u\u017etikrina intuityv\u0173 valdym\u0105.<\/p>\n<h3 data-start=\"2871\" data-end=\"2938\">800 mAh akumuliatorius su USB-C greitu \u012fkrovimu \u2013 maksimalus efektyvumas<\/h3>\n<p data-start=\"2940\" data-end=\"3115\">Galinga 800 mAh baterija u\u017etikrina \u012fsp\u016bding\u0105 veikimo laik\u0105, tod\u0117l garintojas gali m\u0117gautis nuolatiniu patirtimi net ir ilg\u0105 laik\u0105.<\/p>\n<p data-start=\"3117\" data-end=\"3378\">D\u0117l USB-C Quick Charge funkcijos elektronin\u0117 cigaret\u0117 greitai v\u0117l paruo\u0161ta naudoti \u2013 joki\u0173 varginan\u010di\u0173 laukimo moment\u0173, tiesiog \u012fkraukite ir toliau r\u016bkykite. Energij\u0105 taupantis lustas u\u017etikrina pastovi\u0105 veikim\u0105, nesvarbu ar naudojate \u012fprast\u0105, ar turbo re\u017eim\u0105.<\/p>\n<h3 data-start=\"3387\" data-end=\"3453\">Vartotojo draugi\u0161kumas ir dizainas \u2013 tobulas kasdieniam naudojimui<\/h3>\n<p data-start=\"3455\" data-end=\"3753\">Ji <strong><a href=\"https:\/\/vapingnet.de\/lt\/nexa-ultra-50000-puffs\/\">NEXA Ultra 50K vape<\/a><\/strong> yra traukimo aktyvuojama, tai rei\u0161kia, kad nereikia jokio mygtuko \u2013 tiesiog traukite ir m\u0117gaukit\u0117s. J\u016bs\u0173 kompakti\u0161kas ir eleganti\u0161kas dizainas daro j\u0105 tobuliausiu kompanionu keliaujant, o auk\u0161tos kokyb\u0117s apdirbimas u\u017etikrina patog\u0173 valdym\u0105.<\/p>\n<h3 data-start=\"3762\" data-end=\"3812\">Pakuot\u0117 \u2013 ideali garintojams ir pardav\u0117jams<\/h3>\n<p data-start=\"3814\" data-end=\"4033\">NEXA Ultra 50K Watermelon Ice yra pristatomas d\u0117\u017eut\u0117je su 5 vienetais \u2013 puikus pasirinkimas asmeniniam atsarginiam kiekiui arba pardav\u0117jams, norintiems pasi\u016blyti savo klientams auk\u0161tos kokyb\u0117s, ilgaam\u017e\u012f vienkartin\u012f vape.<\/p>\n<h3 data-start=\"4042\" data-end=\"4117\">Kod\u0117l NEXA Ultra 50K Watermelon Ice yra b\u016btinas<\/h3>\n<p data-start=\"4119\" data-end=\"4327\">D\u0117l didelio p\u016btimo talpos, inovatyvaus kristal\u0173 bako, dviej\u0173 garinimo re\u017eim\u0173, \u0161iuolaikinio 3D ekrano ir ilgo akumuliatoriaus veikimo laiko, NEXA Ultra 50K si\u016blo neprilygstam\u0105 garinimo patirt\u012f.<\/p>\n<p data-start=\"4329\" data-end=\"4529\">Watermelon Ice versija pasi\u017eymi tobulai subalansuota vaisi\u0173 arb\u016bzo ir \u0161alto gaivumo kombinacija, ideali garintojams, ie\u0161kantiems gaivios ir skoningos patirties.<\/p>\n<p data-start=\"4531\" data-end=\"4758\" data-is-last-node=\"\" data-is-only-node=\"\">Nesvarbu ar esate patyr\u0119s garintojas, ar naujokas \u2013 NEXA Ultra 50K Watermelon Ice sujungia moderniausi\u0105 technologij\u0105 su intensyviu gaivumu ir yra tobulas pasirinkimas tiems, kurie ie\u0161ko auk\u0161\u010diausios kokyb\u0117s ir maksimalios malonumo.<\/p>","protected":false},"excerpt":{"rendered":"<p>NEXA Ultra 50K Puff Einweg E-Zigarette \u2013 Ultimative Frische mit Watermelon Ice Die NEXA Ultra 50K Puff Einweg E-Zigarette setzt neue Ma\u00dfst\u00e4be f\u00fcr intensive Geschmackserlebnisse&#8230;<\/p>","protected":false},"featured_media":5722,"template":"","meta":[],"etheme_brands":[],"product_brand":[],"product_cat":[67,49,61],"product_tag":[],"class_list":{"0":"post-5751","1":"product","2":"type-product","3":"status-publish","4":"has-post-thumbnail","6":"product_cat-50k-vape","7":"product_cat-einweg-e-zigarette","8":"product_cat-f","10":"first","11":"outofstock","12":"shipping-taxable","13":"purchasable","14":"product-type-variable"},"yoast_head":"<!-- This site is optimized with the Yoast SEO plugin v26.5 - https:\/\/yoast.com\/wordpress\/plugins\/seo\/ -->\n<title>NEXA Ultra 50K Watermelon Ice bietet Ihnen ein erfrischendes und intensives Raucherlebnis. | Vapingnet.de<\/title>\n<meta name=\"description\" content=\"NEXA Ultra 50K Watermelon Ice kombiniert saftige Wassermelone mit einer eisigen Frische f\u00fcr ein erfrischendes und intensives Dampferlebnis.\" \/>\n<meta name=\"robots\" content=\"index, follow, max-snippet:-1, max-image-preview:large, max-video-preview:-1\" \/>\n<link rel=\"canonical\" href=\"https:\/\/vapingnet.de\/lt\/vape\/nexa-ultra-50k-watermelon-ice-bietet-ihnen-ein-erfrischendes-und-intensives-raucherlebnis\/\" \/>\n<meta property=\"og:locale\" content=\"lt_LT\" \/>\n<meta property=\"og:type\" content=\"article\" \/>\n<meta property=\"og:title\" content=\"NEXA Ultra 50K Watermelon Ice bietet Ihnen ein erfrischendes und intensives Raucherlebnis. | Vapingnet.de\" \/>\n<meta property=\"og:description\" content=\"NEXA Ultra 50K Watermelon Ice kombiniert saftige Wassermelone mit einer eisigen Frische f\u00fcr ein erfrischendes und intensives Dampferlebnis.\" \/>\n<meta property=\"og:url\" content=\"https:\/\/vapingnet.de\/lt\/vape\/nexa-ultra-50k-watermelon-ice-bietet-ihnen-ein-erfrischendes-und-intensives-raucherlebnis\/\" \/>\n<meta property=\"og:site_name\" content=\"Vapingnet.de\" \/>\n<meta property=\"article:publisher\" content=\"https:\/\/www.facebook.com\/vapingnetde\/\" \/>\n<meta property=\"article:modified_time\" content=\"2026-04-14T06:41:05+00:00\" \/>\n<meta property=\"og:image\" content=\"https:\/\/vapingnet.de\/wp-content\/uploads\/2025\/03\/50K_WATERMELON_ICE-1.png\" \/>\n\t<meta property=\"og:image:width\" content=\"1000\" \/>\n\t<meta property=\"og:image:height\" content=\"1000\" \/>\n\t<meta property=\"og:image:type\" content=\"image\/png\" \/>\n<meta name=\"twitter:card\" content=\"summary_large_image\" \/>\n<meta name=\"twitter:label1\" content=\"Est. reading time\" \/>\n\t<meta name=\"twitter:data1\" content=\"4 minutes\" \/>\n<script type=\"application\/ld+json\" class=\"yoast-schema-graph\">{\"@context\":\"https:\/\/schema.org\",\"@graph\":[{\"@type\":\"WebPage\",\"@id\":\"https:\/\/vapingnet.de\/vape\/nexa-ultra-50k-watermelon-ice-bietet-ihnen-ein-erfrischendes-und-intensives-raucherlebnis\/\",\"url\":\"https:\/\/vapingnet.de\/vape\/nexa-ultra-50k-watermelon-ice-bietet-ihnen-ein-erfrischendes-und-intensives-raucherlebnis\/\",\"name\":\"NEXA Ultra 50K Watermelon Ice bietet Ihnen ein erfrischendes und intensives Raucherlebnis. | Vapingnet.de\",\"isPartOf\":{\"@id\":\"https:\/\/vapingnet.de\/#website\"},\"primaryImageOfPage\":{\"@id\":\"https:\/\/vapingnet.de\/vape\/nexa-ultra-50k-watermelon-ice-bietet-ihnen-ein-erfrischendes-und-intensives-raucherlebnis\/#primaryimage\"},\"image\":{\"@id\":\"https:\/\/vapingnet.de\/vape\/nexa-ultra-50k-watermelon-ice-bietet-ihnen-ein-erfrischendes-und-intensives-raucherlebnis\/#primaryimage\"},\"thumbnailUrl\":\"https:\/\/vapingnet.de\/wp-content\/uploads\/2025\/03\/50K_WATERMELON_ICE-1.png\",\"datePublished\":\"2025-03-19T05:38:34+00:00\",\"dateModified\":\"2026-04-14T06:41:05+00:00\",\"description\":\"NEXA Ultra 50K Watermelon Ice kombiniert saftige Wassermelone mit einer eisigen Frische f\u00fcr ein erfrischendes und intensives Dampferlebnis.\",\"breadcrumb\":{\"@id\":\"https:\/\/vapingnet.de\/vape\/nexa-ultra-50k-watermelon-ice-bietet-ihnen-ein-erfrischendes-und-intensives-raucherlebnis\/#breadcrumb\"},\"inLanguage\":\"lt-LT\",\"potentialAction\":[{\"@type\":\"ReadAction\",\"target\":[\"https:\/\/vapingnet.de\/vape\/nexa-ultra-50k-watermelon-ice-bietet-ihnen-ein-erfrischendes-und-intensives-raucherlebnis\/\"]}]},{\"@type\":\"ImageObject\",\"inLanguage\":\"lt-LT\",\"@id\":\"https:\/\/vapingnet.de\/vape\/nexa-ultra-50k-watermelon-ice-bietet-ihnen-ein-erfrischendes-und-intensives-raucherlebnis\/#primaryimage\",\"url\":\"https:\/\/vapingnet.de\/wp-content\/uploads\/2025\/03\/50K_WATERMELON_ICE-1.png\",\"contentUrl\":\"https:\/\/vapingnet.de\/wp-content\/uploads\/2025\/03\/50K_WATERMELON_ICE-1.png\",\"width\":1000,\"height\":1000},{\"@type\":\"BreadcrumbList\",\"@id\":\"https:\/\/vapingnet.de\/vape\/nexa-ultra-50k-watermelon-ice-bietet-ihnen-ein-erfrischendes-und-intensives-raucherlebnis\/#breadcrumb\",\"itemListElement\":[{\"@type\":\"ListItem\",\"position\":1,\"name\":\"Home\",\"item\":\"https:\/\/vapingnet.de\/\"},{\"@type\":\"ListItem\",\"position\":2,\"name\":\"Shop\",\"item\":\"https:\/\/vapingnet.de\/vape\/\"},{\"@type\":\"ListItem\",\"position\":3,\"name\":\"NEXA Ultra 50K Watermelon Ice bietet Ihnen ein erfrischendes und intensives Raucherlebnis.\"}]},{\"@type\":\"WebSite\",\"@id\":\"https:\/\/vapingnet.de\/#website\",\"url\":\"https:\/\/vapingnet.de\/\",\"name\":\"Vapingnet.de\",\"description\":\"\",\"publisher\":{\"@id\":\"https:\/\/vapingnet.de\/#organization\"},\"potentialAction\":[{\"@type\":\"SearchAction\",\"target\":{\"@type\":\"EntryPoint\",\"urlTemplate\":\"https:\/\/vapingnet.de\/?s={search_term_string}\"},\"query-input\":{\"@type\":\"PropertyValueSpecification\",\"valueRequired\":true,\"valueName\":\"search_term_string\"}}],\"inLanguage\":\"lt-LT\"},{\"@type\":\"Organization\",\"@id\":\"https:\/\/vapingnet.de\/#organization\",\"name\":\"Vapingnet.de\",\"url\":\"https:\/\/vapingnet.de\/\",\"logo\":{\"@type\":\"ImageObject\",\"inLanguage\":\"lt-LT\",\"@id\":\"https:\/\/vapingnet.de\/#\/schema\/logo\/image\/\",\"url\":\"https:\/\/vapingnet.de\/wp-content\/uploads\/2025\/03\/cropped-vapingnet.de_.jpg\",\"contentUrl\":\"https:\/\/vapingnet.de\/wp-content\/uploads\/2025\/03\/cropped-vapingnet.de_.jpg\",\"width\":512,\"height\":512,\"caption\":\"Vapingnet.de\"},\"image\":{\"@id\":\"https:\/\/vapingnet.de\/#\/schema\/logo\/image\/\"},\"sameAs\":[\"https:\/\/www.facebook.com\/vapingnetde\/\"]}]}<\/script>\n<!-- \/ Yoast SEO plugin. -->","yoast_head_json":{"title":"NEXA Ultra 50K Watermelon Ice bietet Ihnen ein erfrischendes und intensives Raucherlebnis. | Vapingnet.de","description":"NEXA Ultra 50K Watermelon Ice kombiniert saftige Wassermelone mit einer eisigen Frische f\u00fcr ein erfrischendes und intensives Dampferlebnis.","robots":{"index":"index","follow":"follow","max-snippet":"max-snippet:-1","max-image-preview":"max-image-preview:large","max-video-preview":"max-video-preview:-1"},"canonical":"https:\/\/vapingnet.de\/lt\/vape\/nexa-ultra-50k-watermelon-ice-bietet-ihnen-ein-erfrischendes-und-intensives-raucherlebnis\/","og_locale":"lt_LT","og_type":"article","og_title":"NEXA Ultra 50K Watermelon Ice bietet Ihnen ein erfrischendes und intensives Raucherlebnis. | Vapingnet.de","og_description":"NEXA Ultra 50K Watermelon Ice kombiniert saftige Wassermelone mit einer eisigen Frische f\u00fcr ein erfrischendes und intensives Dampferlebnis.","og_url":"https:\/\/vapingnet.de\/lt\/vape\/nexa-ultra-50k-watermelon-ice-bietet-ihnen-ein-erfrischendes-und-intensives-raucherlebnis\/","og_site_name":"Vapingnet.de","article_publisher":"https:\/\/www.facebook.com\/vapingnetde\/","article_modified_time":"2026-04-14T06:41:05+00:00","og_image":[{"width":1000,"height":1000,"url":"https:\/\/vapingnet.de\/wp-content\/uploads\/2025\/03\/50K_WATERMELON_ICE-1.png","type":"image\/png"}],"twitter_card":"summary_large_image","twitter_misc":{"Est. reading time":"4 minutes"},"schema":{"@context":"https:\/\/schema.org","@graph":[{"@type":"WebPage","@id":"https:\/\/vapingnet.de\/vape\/nexa-ultra-50k-watermelon-ice-bietet-ihnen-ein-erfrischendes-und-intensives-raucherlebnis\/","url":"https:\/\/vapingnet.de\/vape\/nexa-ultra-50k-watermelon-ice-bietet-ihnen-ein-erfrischendes-und-intensives-raucherlebnis\/","name":"NEXA Ultra 50K Watermelon Ice bietet Ihnen ein erfrischendes und intensives Raucherlebnis. | Vapingnet.de","isPartOf":{"@id":"https:\/\/vapingnet.de\/#website"},"primaryImageOfPage":{"@id":"https:\/\/vapingnet.de\/vape\/nexa-ultra-50k-watermelon-ice-bietet-ihnen-ein-erfrischendes-und-intensives-raucherlebnis\/#primaryimage"},"image":{"@id":"https:\/\/vapingnet.de\/vape\/nexa-ultra-50k-watermelon-ice-bietet-ihnen-ein-erfrischendes-und-intensives-raucherlebnis\/#primaryimage"},"thumbnailUrl":"https:\/\/vapingnet.de\/wp-content\/uploads\/2025\/03\/50K_WATERMELON_ICE-1.png","datePublished":"2025-03-19T05:38:34+00:00","dateModified":"2026-04-14T06:41:05+00:00","description":"NEXA Ultra 50K Watermelon Ice kombiniert saftige Wassermelone mit einer eisigen Frische f\u00fcr ein erfrischendes und intensives Dampferlebnis.","breadcrumb":{"@id":"https:\/\/vapingnet.de\/vape\/nexa-ultra-50k-watermelon-ice-bietet-ihnen-ein-erfrischendes-und-intensives-raucherlebnis\/#breadcrumb"},"inLanguage":"lt-LT","potentialAction":[{"@type":"ReadAction","target":["https:\/\/vapingnet.de\/vape\/nexa-ultra-50k-watermelon-ice-bietet-ihnen-ein-erfrischendes-und-intensives-raucherlebnis\/"]}]},{"@type":"ImageObject","inLanguage":"lt-LT","@id":"https:\/\/vapingnet.de\/vape\/nexa-ultra-50k-watermelon-ice-bietet-ihnen-ein-erfrischendes-und-intensives-raucherlebnis\/#primaryimage","url":"https:\/\/vapingnet.de\/wp-content\/uploads\/2025\/03\/50K_WATERMELON_ICE-1.png","contentUrl":"https:\/\/vapingnet.de\/wp-content\/uploads\/2025\/03\/50K_WATERMELON_ICE-1.png","width":1000,"height":1000},{"@type":"BreadcrumbList","@id":"https:\/\/vapingnet.de\/vape\/nexa-ultra-50k-watermelon-ice-bietet-ihnen-ein-erfrischendes-und-intensives-raucherlebnis\/#breadcrumb","itemListElement":[{"@type":"ListItem","position":1,"name":"Home","item":"https:\/\/vapingnet.de\/"},{"@type":"ListItem","position":2,"name":"Shop","item":"https:\/\/vapingnet.de\/vape\/"},{"@type":"ListItem","position":3,"name":"NEXA Ultra 50K Watermelon Ice bietet Ihnen ein erfrischendes und intensives Raucherlebnis."}]},{"@type":"WebSite","@id":"https:\/\/vapingnet.de\/#website","url":"https:\/\/vapingnet.de\/","name":"Vapingnet.de","description":"","publisher":{"@id":"https:\/\/vapingnet.de\/#organization"},"potentialAction":[{"@type":"SearchAction","target":{"@type":"EntryPoint","urlTemplate":"https:\/\/vapingnet.de\/?s={search_term_string}"},"query-input":{"@type":"PropertyValueSpecification","valueRequired":true,"valueName":"search_term_string"}}],"inLanguage":"lt-LT"},{"@type":"Organization","@id":"https:\/\/vapingnet.de\/#organization","name":"Vapingnet.de","url":"https:\/\/vapingnet.de\/","logo":{"@type":"ImageObject","inLanguage":"lt-LT","@id":"https:\/\/vapingnet.de\/#\/schema\/logo\/image\/","url":"https:\/\/vapingnet.de\/wp-content\/uploads\/2025\/03\/cropped-vapingnet.de_.jpg","contentUrl":"https:\/\/vapingnet.de\/wp-content\/uploads\/2025\/03\/cropped-vapingnet.de_.jpg","width":512,"height":512,"caption":"Vapingnet.de"},"image":{"@id":"https:\/\/vapingnet.de\/#\/schema\/logo\/image\/"},"sameAs":["https:\/\/www.facebook.com\/vapingnetde\/"]}]}},"tiered_pricing_type":"fixed","tiered_pricing_fixed_rules":[],"tiered_pricing_product_settings":{"layout":"default","base_unit_name":{"singular":null,"plural":null},"default_variation":null},"tiered_pricing_minimum_quantity":null,"tiered_pricing_roles_data":[],"tiered_pricing_percentage_rules":[],"_links":{"self":[{"href":"https:\/\/vapingnet.de\/lt\/wp-json\/wp\/v2\/product\/5751","targetHints":{"allow":["GET"]}}],"collection":[{"href":"https:\/\/vapingnet.de\/lt\/wp-json\/wp\/v2\/product"}],"about":[{"href":"https:\/\/vapingnet.de\/lt\/wp-json\/wp\/v2\/types\/product"}],"version-history":[{"count":1,"href":"https:\/\/vapingnet.de\/lt\/wp-json\/wp\/v2\/product\/5751\/revisions"}],"predecessor-version":[{"id":5771,"href":"https:\/\/vapingnet.de\/lt\/wp-json\/wp\/v2\/product\/5751\/revisions\/5771"}],"wp:featuredmedia":[{"embeddable":true,"href":"https:\/\/vapingnet.de\/lt\/wp-json\/wp\/v2\/media\/5722"}],"wp:attachment":[{"href":"https:\/\/vapingnet.de\/lt\/wp-json\/wp\/v2\/media?parent=5751"}],"wp:term":[{"taxonomy":"brand","embeddable":true,"href":"https:\/\/vapingnet.de\/lt\/wp-json\/wp\/v2\/etheme_brands?post=5751"},{"taxonomy":"product_brand","embeddable":true,"href":"https:\/\/vapingnet.de\/lt\/wp-json\/wp\/v2\/product_brand?post=5751"},{"taxonomy":"product_cat","embeddable":true,"href":"https:\/\/vapingnet.de\/lt\/wp-json\/wp\/v2\/product_cat?post=5751"},{"taxonomy":"product_tag","embeddable":true,"href":"https:\/\/vapingnet.de\/lt\/wp-json\/wp\/v2\/product_tag?post=5751"}],"curies":[{"name":"wp","href":"https:\/\/api.w.org\/{rel}","templated":true}]}}