{"id":5812,"date":"2025-03-24T03:17:59","date_gmt":"2025-03-24T03:17:59","guid":{"rendered":"https:\/\/vapingnet.de\/?post_type=product&#038;p=5812"},"modified":"2026-01-25T09:15:59","modified_gmt":"2026-01-25T09:15:59","slug":"duty-free-shopping-bang-king-50000-puffs-blueberry-ice-and-peach-ice-zum-grosshandelspreis","status":"publish","type":"product","link":"https:\/\/vapingnet.de\/lt\/vape\/duty-free-shopping-bang-king-50000-puffs-blueberry-ice-and-peach-ice-zum-grosshandelspreis\/","title":{"rendered":"Be muit\u0173 apsipirkimas Bang King 50000 R\u016bkim\u0173 M\u0117lyni\u0173 ledas ir Persik\u0173 ledas didmenine kaina"},"content":{"rendered":"<h2 data-start=\"98\" data-end=\"171\">Bang King 50000 Puffs \u2013 Maksimalus gar\u0173 malonumas su dvigubu skoniu<\/h2>\n<p class=\"\" data-start=\"173\" data-end=\"529\"><strong>Galutin\u0117 veikla tikriems gar\u0173 m\u0117g\u0117jams<\/strong><\/p>\n<p class=\"\" data-start=\"173\" data-end=\"529\">Bang King 50000 Puffs yra ideali pasirinktis visiems, kurie ie\u0161ko galingo, skonio intensyvaus ir ilgai veikian\u010dio vienkartinio elektroninio cigaret\u0117s. Su pa\u017eangiausia tinklelio rit\u0117s technologija, dideliu E-skys\u010dio baku ir ilgaam\u017ee baterija, \u0161is modelis suteikia nepamir\u0161tam\u0105 gar\u0173 malonum\u0105.<\/p>\n<h4 data-start=\"536\" data-end=\"569\">Produkto ap\u017evalga<\/h4>\n<div class=\"overflow-x-auto contain-inline-size\">\n<table style=\"height: 355px;\" width=\"709\" data-start=\"571\" data-end=\"1167\">\n<thead data-start=\"571\" data-end=\"638\">\n<tr data-start=\"571\" data-end=\"638\">\n<th data-start=\"571\" data-end=\"596\">Savyb\u0117<\/th>\n<th data-start=\"596\" data-end=\"638\">Detal\u0117s<\/th>\n<\/tr>\n<\/thead>\n<tbody data-start=\"706\" data-end=\"1167\">\n<tr data-start=\"706\" data-end=\"771\">\n<td>Maksimalus \u012fkv\u0117pim\u0173 skai\u010dius<\/td>\n<td>Iki 50 000 \u012fkv\u0117pim\u0173<\/td>\n<\/tr>\n<tr data-start=\"772\" data-end=\"836\">\n<td>Vamzdelis<\/td>\n<td>Tinklelio rit\u0117 1,0 Ohmo<\/td>\n<\/tr>\n<tr data-start=\"837\" data-end=\"902\">\n<td>E-liquido talpa<\/td>\n<td>50 ml<\/td>\n<\/tr>\n<tr data-start=\"903\" data-end=\"968\">\n<td>Nikotino stiprumas<\/td>\n<td>0% \/ 2% \/ 3% \/ 5%<\/td>\n<\/tr>\n<tr data-start=\"969\" data-end=\"1034\">\n<td>Baterijos talpa<\/td>\n<td>850mAh, \u012fkraunama per Type-C<\/td>\n<\/tr>\n<tr data-start=\"1035\" data-end=\"1099\">\n<td>Ekranas<\/td>\n<td>LCD skaitmeninis rodiklis<\/td>\n<\/tr>\n<tr data-start=\"1100\" data-end=\"1167\">\n<td>skoni\u0173 r\u016b\u0161i\u0173<\/td>\n<td>M\u0117lyni\u0173 ledas ir Persik\u0173 ledas<\/td>\n<\/tr>\n<\/tbody>\n<\/table>\n<\/div>\n<h3 data-start=\"1174\" data-end=\"1212\">Kod\u0117l Bang King 50000 Puffs?<\/h3>\n<p class=\"\" data-start=\"1214\" data-end=\"1747\">\u00a0Ilgalaikis naudojimas \u2013 iki 50 000 \u012fkv\u0117pim\u0173, leid\u017eiantis m\u0117gautis garais kelis m\u0117nesius be papildymo ar keitimo.<br data-start=\"1312\" data-end=\"1315\" \/>Intensyvus skonis \u2013 du gaiv\u016bs aromatai viename \u012frenginyje: M\u0117lyni\u0173 ledas \u2013 vaisi\u0161kas gaivumas, Persik\u0173 ledas \u2013 saldus, \u0161altas skonis.<br data-start=\"1462\" data-end=\"1465\" \/>Galinga baterija \u2013 su 850mAh ir Type-C greitu \u012fkrovimu visada pasiruo\u0161\u0119s naudoti.<br data-start=\"1549\" data-end=\"1552\" \/>\u00a0Pa\u017eangiausia tinklelio rit\u0117s technologija \u2013 u\u017etikrina tolyg\u0173 gar\u0173 i\u0161garavim\u0105 ir ypa\u010d \u0161veln\u0173 gar\u0173 malonum\u0105.<br data-start=\"1669\" data-end=\"1672\" \/>Patogus LCD ekranas \u2013 rodo akumuliatoriaus b\u016bkl\u0119 ir \u012fkv\u0117pim\u0173 skai\u010di\u0173 realiu laiku.<\/p>\n<h4 data-start=\"1754\" data-end=\"1802\">Greitas pristatymas ir be r\u016bpes\u010di\u0173 apsipirkimas<\/h4>\n<ul data-start=\"1804\" data-end=\"2106\">\n<li class=\"\" data-start=\"1804\" data-end=\"1896\">\n<p class=\"\" data-start=\"1806\" data-end=\"1896\">Pristatymo laikas: 7-15 darbo dien\u0173 \u2013 J\u016bs\u0173 u\u017esakymas bus greitai ir patikimai pristatytas.<\/p>\n<\/li>\n<li class=\"\" data-start=\"1897\" data-end=\"1975\">\n<p class=\"\" data-start=\"1899\" data-end=\"1975\">Pirkite be muit\u0173 \u2013 joki\u0173 papildom\u0173 r\u016bpes\u010di\u0173 ar pasl\u0117pt\u0173 mokes\u010di\u0173.<\/p>\n<\/li>\n<li class=\"\" data-start=\"1976\" data-end=\"2106\">\n<p class=\"\" data-start=\"1978\" data-end=\"2106\">Paprasta ir saugu u\u017esakyti \u2013 pirkti tiesiogiai vapingnet.de ir patogiai pristatyti \u012f namus.<\/p>\n<\/li>\n<\/ul>\n<h3 data-start=\"2113\" data-end=\"2383\">Dabar atraskite Bang King 50000 Puffs!<\/h3>\n<p class=\"\" data-start=\"2113\" data-end=\"2383\">Patirkite neprilygstam\u0105 skon\u012f ir auk\u0161\u010diausi\u0105 kokyb\u0119 \u2013 \u012fsigykite savo Bang King 50000 Puffs vienkartin\u0119 elektronin\u0119 cigaret\u0119 per vapingnet.de ir m\u0117gaukit\u0117s auk\u0161\u010diausio lygio gar\u0173 malonumu!<\/p>","protected":false},"excerpt":{"rendered":"<p>Bang King 50000 d\u016bm\u0173 \u2013 maksimalus garinimo patirtis su dvigubu skoniu. Galutinis na\u0161umas tikriems garintojams. Bang King 50000 d\u016bm\u0173 yra ideali pasirinkimas tiems, kurie...<\/p>","protected":false},"featured_media":5819,"template":"","meta":[],"etheme_brands":[],"product_brand":[101],"product_cat":[67,49,61,87],"product_tag":[],"class_list":{"0":"post-5812","1":"product","2":"type-product","3":"status-publish","4":"has-post-thumbnail","6":"product_brand-bang-king-vape","7":"product_cat-50k-vape","8":"product_cat-einweg-e-zigarette","9":"product_cat-f","10":"product_cat-v","12":"first","13":"instock","14":"shipping-taxable","15":"purchasable","16":"product-type-simple"},"yoast_head":"<!-- This site is optimized with the Yoast SEO plugin v26.5 - https:\/\/yoast.com\/wordpress\/plugins\/seo\/ -->\n<title>Duty-Free Shopping Bang King 50000 Puffs Blueberry Ice and Peach Ice zum Gro\u00dfhandelspreis | Vapingnet.de<\/title>\n<meta name=\"description\" content=\"Entdecke Duty-Free Shopping Bang King 50000 Puffs Blueberry Ice and Peach Ice zum Gro\u00dfhandelspreis bei vapingnet.de, \u25ba Gro\u00dfe Auswahl an Geschmacksrichtungen &amp; super g\u00fcnstig!\" \/>\n<meta name=\"robots\" content=\"index, follow, max-snippet:-1, max-image-preview:large, max-video-preview:-1\" \/>\n<link rel=\"canonical\" href=\"https:\/\/vapingnet.de\/lt\/vape\/duty-free-shopping-bang-king-50000-puffs-blueberry-ice-and-peach-ice-zum-grosshandelspreis\/\" \/>\n<meta property=\"og:locale\" content=\"lt_LT\" \/>\n<meta property=\"og:type\" content=\"article\" \/>\n<meta property=\"og:title\" content=\"Duty-Free Shopping Bang King 50000 Puffs Blueberry Ice and Peach Ice zum Gro\u00dfhandelspreis | Vapingnet.de\" \/>\n<meta property=\"og:description\" content=\"Entdecke Duty-Free Shopping Bang King 50000 Puffs Blueberry Ice and Peach Ice zum Gro\u00dfhandelspreis bei vapingnet.de, \u25ba Gro\u00dfe Auswahl an Geschmacksrichtungen &amp; super g\u00fcnstig!\" \/>\n<meta property=\"og:url\" content=\"https:\/\/vapingnet.de\/lt\/vape\/duty-free-shopping-bang-king-50000-puffs-blueberry-ice-and-peach-ice-zum-grosshandelspreis\/\" \/>\n<meta property=\"og:site_name\" content=\"Vapingnet.de\" \/>\n<meta property=\"article:publisher\" content=\"https:\/\/www.facebook.com\/vapingnetde\/\" \/>\n<meta property=\"article:modified_time\" content=\"2026-01-25T09:15:59+00:00\" \/>\n<meta property=\"og:image\" content=\"https:\/\/vapingnet.de\/wp-content\/uploads\/2025\/03\/blueberry-ice-und-peach-ice.png\" \/>\n\t<meta property=\"og:image:width\" content=\"1000\" \/>\n\t<meta property=\"og:image:height\" content=\"1000\" \/>\n\t<meta property=\"og:image:type\" content=\"image\/png\" \/>\n<meta name=\"twitter:card\" content=\"summary_large_image\" \/>\n<meta name=\"twitter:label1\" content=\"Est. reading time\" \/>\n\t<meta name=\"twitter:data1\" content=\"2 minutes\" \/>\n<script type=\"application\/ld+json\" class=\"yoast-schema-graph\">{\"@context\":\"https:\/\/schema.org\",\"@graph\":[{\"@type\":\"WebPage\",\"@id\":\"https:\/\/vapingnet.de\/vape\/duty-free-shopping-bang-king-50000-puffs-blueberry-ice-and-peach-ice-zum-grosshandelspreis\/\",\"url\":\"https:\/\/vapingnet.de\/vape\/duty-free-shopping-bang-king-50000-puffs-blueberry-ice-and-peach-ice-zum-grosshandelspreis\/\",\"name\":\"Duty-Free Shopping Bang King 50000 Puffs Blueberry Ice and Peach Ice zum Gro\u00dfhandelspreis | Vapingnet.de\",\"isPartOf\":{\"@id\":\"https:\/\/vapingnet.de\/#website\"},\"primaryImageOfPage\":{\"@id\":\"https:\/\/vapingnet.de\/vape\/duty-free-shopping-bang-king-50000-puffs-blueberry-ice-and-peach-ice-zum-grosshandelspreis\/#primaryimage\"},\"image\":{\"@id\":\"https:\/\/vapingnet.de\/vape\/duty-free-shopping-bang-king-50000-puffs-blueberry-ice-and-peach-ice-zum-grosshandelspreis\/#primaryimage\"},\"thumbnailUrl\":\"https:\/\/vapingnet.de\/wp-content\/uploads\/2025\/03\/blueberry-ice-und-peach-ice.png\",\"datePublished\":\"2025-03-24T03:17:59+00:00\",\"dateModified\":\"2026-01-25T09:15:59+00:00\",\"description\":\"Entdecke Duty-Free Shopping Bang King 50000 Puffs Blueberry Ice and Peach Ice zum Gro\u00dfhandelspreis bei vapingnet.de, \u25ba Gro\u00dfe Auswahl an Geschmacksrichtungen & super g\u00fcnstig!\",\"breadcrumb\":{\"@id\":\"https:\/\/vapingnet.de\/vape\/duty-free-shopping-bang-king-50000-puffs-blueberry-ice-and-peach-ice-zum-grosshandelspreis\/#breadcrumb\"},\"inLanguage\":\"lt-LT\",\"potentialAction\":[{\"@type\":\"ReadAction\",\"target\":[\"https:\/\/vapingnet.de\/vape\/duty-free-shopping-bang-king-50000-puffs-blueberry-ice-and-peach-ice-zum-grosshandelspreis\/\"]}]},{\"@type\":\"ImageObject\",\"inLanguage\":\"lt-LT\",\"@id\":\"https:\/\/vapingnet.de\/vape\/duty-free-shopping-bang-king-50000-puffs-blueberry-ice-and-peach-ice-zum-grosshandelspreis\/#primaryimage\",\"url\":\"https:\/\/vapingnet.de\/wp-content\/uploads\/2025\/03\/blueberry-ice-und-peach-ice.png\",\"contentUrl\":\"https:\/\/vapingnet.de\/wp-content\/uploads\/2025\/03\/blueberry-ice-und-peach-ice.png\",\"width\":1000,\"height\":1000,\"caption\":\"blueberry ice und peach ice\"},{\"@type\":\"BreadcrumbList\",\"@id\":\"https:\/\/vapingnet.de\/vape\/duty-free-shopping-bang-king-50000-puffs-blueberry-ice-and-peach-ice-zum-grosshandelspreis\/#breadcrumb\",\"itemListElement\":[{\"@type\":\"ListItem\",\"position\":1,\"name\":\"Home\",\"item\":\"https:\/\/vapingnet.de\/\"},{\"@type\":\"ListItem\",\"position\":2,\"name\":\"Shop\",\"item\":\"https:\/\/vapingnet.de\/vape\/\"},{\"@type\":\"ListItem\",\"position\":3,\"name\":\"Duty-Free Shopping Bang King 50000 Puffs Blueberry Ice and Peach Ice zum Gro\u00dfhandelspreis\"}]},{\"@type\":\"WebSite\",\"@id\":\"https:\/\/vapingnet.de\/#website\",\"url\":\"https:\/\/vapingnet.de\/\",\"name\":\"Vapingnet.de\",\"description\":\"\",\"publisher\":{\"@id\":\"https:\/\/vapingnet.de\/#organization\"},\"potentialAction\":[{\"@type\":\"SearchAction\",\"target\":{\"@type\":\"EntryPoint\",\"urlTemplate\":\"https:\/\/vapingnet.de\/?s={search_term_string}\"},\"query-input\":{\"@type\":\"PropertyValueSpecification\",\"valueRequired\":true,\"valueName\":\"search_term_string\"}}],\"inLanguage\":\"lt-LT\"},{\"@type\":\"Organization\",\"@id\":\"https:\/\/vapingnet.de\/#organization\",\"name\":\"Vapingnet.de\",\"url\":\"https:\/\/vapingnet.de\/\",\"logo\":{\"@type\":\"ImageObject\",\"inLanguage\":\"lt-LT\",\"@id\":\"https:\/\/vapingnet.de\/#\/schema\/logo\/image\/\",\"url\":\"https:\/\/vapingnet.de\/wp-content\/uploads\/2025\/03\/cropped-vapingnet.de_.jpg\",\"contentUrl\":\"https:\/\/vapingnet.de\/wp-content\/uploads\/2025\/03\/cropped-vapingnet.de_.jpg\",\"width\":512,\"height\":512,\"caption\":\"Vapingnet.de\"},\"image\":{\"@id\":\"https:\/\/vapingnet.de\/#\/schema\/logo\/image\/\"},\"sameAs\":[\"https:\/\/www.facebook.com\/vapingnetde\/\"]}]}<\/script>\n<!-- \/ Yoast SEO plugin. -->","yoast_head_json":{"title":"Duty-Free Shopping Bang King 50000 Puffs Blueberry Ice and Peach Ice zum Gro\u00dfhandelspreis | Vapingnet.de","description":"Entdecke Duty-Free Shopping Bang King 50000 Puffs Blueberry Ice and Peach Ice zum Gro\u00dfhandelspreis bei vapingnet.de, \u25ba Gro\u00dfe Auswahl an Geschmacksrichtungen & super g\u00fcnstig!","robots":{"index":"index","follow":"follow","max-snippet":"max-snippet:-1","max-image-preview":"max-image-preview:large","max-video-preview":"max-video-preview:-1"},"canonical":"https:\/\/vapingnet.de\/lt\/vape\/duty-free-shopping-bang-king-50000-puffs-blueberry-ice-and-peach-ice-zum-grosshandelspreis\/","og_locale":"lt_LT","og_type":"article","og_title":"Duty-Free Shopping Bang King 50000 Puffs Blueberry Ice and Peach Ice zum Gro\u00dfhandelspreis | Vapingnet.de","og_description":"Entdecke Duty-Free Shopping Bang King 50000 Puffs Blueberry Ice and Peach Ice zum Gro\u00dfhandelspreis bei vapingnet.de, \u25ba Gro\u00dfe Auswahl an Geschmacksrichtungen & super g\u00fcnstig!","og_url":"https:\/\/vapingnet.de\/lt\/vape\/duty-free-shopping-bang-king-50000-puffs-blueberry-ice-and-peach-ice-zum-grosshandelspreis\/","og_site_name":"Vapingnet.de","article_publisher":"https:\/\/www.facebook.com\/vapingnetde\/","article_modified_time":"2026-01-25T09:15:59+00:00","og_image":[{"width":1000,"height":1000,"url":"https:\/\/vapingnet.de\/wp-content\/uploads\/2025\/03\/blueberry-ice-und-peach-ice.png","type":"image\/png"}],"twitter_card":"summary_large_image","twitter_misc":{"Est. reading time":"2 minutes"},"schema":{"@context":"https:\/\/schema.org","@graph":[{"@type":"WebPage","@id":"https:\/\/vapingnet.de\/vape\/duty-free-shopping-bang-king-50000-puffs-blueberry-ice-and-peach-ice-zum-grosshandelspreis\/","url":"https:\/\/vapingnet.de\/vape\/duty-free-shopping-bang-king-50000-puffs-blueberry-ice-and-peach-ice-zum-grosshandelspreis\/","name":"Duty-Free Shopping Bang King 50000 Puffs Blueberry Ice and Peach Ice zum Gro\u00dfhandelspreis | Vapingnet.de","isPartOf":{"@id":"https:\/\/vapingnet.de\/#website"},"primaryImageOfPage":{"@id":"https:\/\/vapingnet.de\/vape\/duty-free-shopping-bang-king-50000-puffs-blueberry-ice-and-peach-ice-zum-grosshandelspreis\/#primaryimage"},"image":{"@id":"https:\/\/vapingnet.de\/vape\/duty-free-shopping-bang-king-50000-puffs-blueberry-ice-and-peach-ice-zum-grosshandelspreis\/#primaryimage"},"thumbnailUrl":"https:\/\/vapingnet.de\/wp-content\/uploads\/2025\/03\/blueberry-ice-und-peach-ice.png","datePublished":"2025-03-24T03:17:59+00:00","dateModified":"2026-01-25T09:15:59+00:00","description":"Entdecke Duty-Free Shopping Bang King 50000 Puffs Blueberry Ice and Peach Ice zum Gro\u00dfhandelspreis bei vapingnet.de, \u25ba Gro\u00dfe Auswahl an Geschmacksrichtungen & super g\u00fcnstig!","breadcrumb":{"@id":"https:\/\/vapingnet.de\/vape\/duty-free-shopping-bang-king-50000-puffs-blueberry-ice-and-peach-ice-zum-grosshandelspreis\/#breadcrumb"},"inLanguage":"lt-LT","potentialAction":[{"@type":"ReadAction","target":["https:\/\/vapingnet.de\/vape\/duty-free-shopping-bang-king-50000-puffs-blueberry-ice-and-peach-ice-zum-grosshandelspreis\/"]}]},{"@type":"ImageObject","inLanguage":"lt-LT","@id":"https:\/\/vapingnet.de\/vape\/duty-free-shopping-bang-king-50000-puffs-blueberry-ice-and-peach-ice-zum-grosshandelspreis\/#primaryimage","url":"https:\/\/vapingnet.de\/wp-content\/uploads\/2025\/03\/blueberry-ice-und-peach-ice.png","contentUrl":"https:\/\/vapingnet.de\/wp-content\/uploads\/2025\/03\/blueberry-ice-und-peach-ice.png","width":1000,"height":1000,"caption":"blueberry ice und peach ice"},{"@type":"BreadcrumbList","@id":"https:\/\/vapingnet.de\/vape\/duty-free-shopping-bang-king-50000-puffs-blueberry-ice-and-peach-ice-zum-grosshandelspreis\/#breadcrumb","itemListElement":[{"@type":"ListItem","position":1,"name":"Home","item":"https:\/\/vapingnet.de\/"},{"@type":"ListItem","position":2,"name":"Shop","item":"https:\/\/vapingnet.de\/vape\/"},{"@type":"ListItem","position":3,"name":"Duty-Free Shopping Bang King 50000 Puffs Blueberry Ice and Peach Ice zum Gro\u00dfhandelspreis"}]},{"@type":"WebSite","@id":"https:\/\/vapingnet.de\/#website","url":"https:\/\/vapingnet.de\/","name":"Vapingnet.de","description":"","publisher":{"@id":"https:\/\/vapingnet.de\/#organization"},"potentialAction":[{"@type":"SearchAction","target":{"@type":"EntryPoint","urlTemplate":"https:\/\/vapingnet.de\/?s={search_term_string}"},"query-input":{"@type":"PropertyValueSpecification","valueRequired":true,"valueName":"search_term_string"}}],"inLanguage":"lt-LT"},{"@type":"Organization","@id":"https:\/\/vapingnet.de\/#organization","name":"Vapingnet.de","url":"https:\/\/vapingnet.de\/","logo":{"@type":"ImageObject","inLanguage":"lt-LT","@id":"https:\/\/vapingnet.de\/#\/schema\/logo\/image\/","url":"https:\/\/vapingnet.de\/wp-content\/uploads\/2025\/03\/cropped-vapingnet.de_.jpg","contentUrl":"https:\/\/vapingnet.de\/wp-content\/uploads\/2025\/03\/cropped-vapingnet.de_.jpg","width":512,"height":512,"caption":"Vapingnet.de"},"image":{"@id":"https:\/\/vapingnet.de\/#\/schema\/logo\/image\/"},"sameAs":["https:\/\/www.facebook.com\/vapingnetde\/"]}]}},"tiered_pricing_type":"fixed","tiered_pricing_fixed_rules":{"10":"12.44","60":"11.96","110":"10.63","200":"9.3"},"tiered_pricing_product_settings":{"layout":"default","base_unit_name":{"singular":null,"plural":null},"default_variation":null},"tiered_pricing_minimum_quantity":null,"tiered_pricing_roles_data":[],"tiered_pricing_percentage_rules":[],"_links":{"self":[{"href":"https:\/\/vapingnet.de\/lt\/wp-json\/wp\/v2\/product\/5812","targetHints":{"allow":["GET"]}}],"collection":[{"href":"https:\/\/vapingnet.de\/lt\/wp-json\/wp\/v2\/product"}],"about":[{"href":"https:\/\/vapingnet.de\/lt\/wp-json\/wp\/v2\/types\/product"}],"version-history":[{"count":3,"href":"https:\/\/vapingnet.de\/lt\/wp-json\/wp\/v2\/product\/5812\/revisions"}],"predecessor-version":[{"id":7545,"href":"https:\/\/vapingnet.de\/lt\/wp-json\/wp\/v2\/product\/5812\/revisions\/7545"}],"wp:featuredmedia":[{"embeddable":true,"href":"https:\/\/vapingnet.de\/lt\/wp-json\/wp\/v2\/media\/5819"}],"wp:attachment":[{"href":"https:\/\/vapingnet.de\/lt\/wp-json\/wp\/v2\/media?parent=5812"}],"wp:term":[{"taxonomy":"brand","embeddable":true,"href":"https:\/\/vapingnet.de\/lt\/wp-json\/wp\/v2\/etheme_brands?post=5812"},{"taxonomy":"product_brand","embeddable":true,"href":"https:\/\/vapingnet.de\/lt\/wp-json\/wp\/v2\/product_brand?post=5812"},{"taxonomy":"product_cat","embeddable":true,"href":"https:\/\/vapingnet.de\/lt\/wp-json\/wp\/v2\/product_cat?post=5812"},{"taxonomy":"product_tag","embeddable":true,"href":"https:\/\/vapingnet.de\/lt\/wp-json\/wp\/v2\/product_tag?post=5812"}],"curies":[{"name":"wp","href":"https:\/\/api.w.org\/{rel}","templated":true}]}}