{"id":5815,"date":"2025-03-24T03:18:04","date_gmt":"2025-03-24T03:18:04","guid":{"rendered":"https:\/\/vapingnet.de\/?post_type=product&#038;p=5815"},"modified":"2026-01-25T09:13:37","modified_gmt":"2026-01-25T09:13:37","slug":"geniessen-sie-bang-king-50000-puffs-red-bull-and-strawberry-banana-doppelt-fruchtig-fuer-intensiven-geschmack","status":"publish","type":"product","link":"https:\/\/vapingnet.de\/lt\/vape\/geniessen-sie-bang-king-50000-puffs-red-bull-and-strawberry-banana-doppelt-fruchtig-fuer-intensiven-geschmack\/","title":{"rendered":"M\u0117gaukit\u0117s Bang King 50000 D\u016bm\u0173 Red Bull ir Bra\u0161ki\u0173 Bananas dvigubai vaisinga intensyviam skoniui"},"content":{"rendered":"<h2 data-start=\"0\" data-end=\"62\">Atraskite Bang King 50000 p\u016btimo vienkartin\u0119 elektronin\u0119 cigaret\u0119<\/h2>\n<p class=\"\" data-start=\"64\" data-end=\"398\">Bang King 50000 p\u016btimo yra auk\u0161tos kokyb\u0117s vienkartin\u0117 elektronin\u0117 cigaret\u0117, sukurta specialiai elektronini\u0173 cigare\u010di\u0173 m\u0117g\u0117jams. Su itin dideliu p\u016btim\u0173 skai\u010diumi, ilga baterijos veikimo trukme ir turtingais aromatais \u0161i \u012franga suteikia nepalyginam\u0105 patirt\u012f. Ir skonis, ir vartotojo patirtis pranoksta j\u016bs\u0173 l\u016bkes\u010dius.<\/p>\n<h4 data-start=\"405\" data-end=\"448\">Neprilygstama, ilga naudojimo trukm\u0117<\/h4>\n<ul data-start=\"450\" data-end=\"811\">\n<li class=\"\" data-start=\"450\" data-end=\"631\">\n<p class=\"\" data-start=\"452\" data-end=\"631\">Iki 50000 p\u016btim\u0173: jums nereikia da\u017enai keisti \u012frangos, nes Bang King 50000 p\u016btim\u0173 yra pritaikyta ilgalaikiam naudojimui \u2013 puikiai tinka vartotojams su dideliu sunaudojimu.<\/p>\n<\/li>\n<li class=\"\" data-start=\"633\" data-end=\"811\">\n<p class=\"\" data-start=\"635\" data-end=\"811\">50 ml didelis E-liquido t\u016bris: kiekvienas p\u016btimas yra skanus, su 50 ml E-liquido talpa, kuri \u017eymiai prailgina naudojim\u0105 ir suma\u017eina da\u017en\u012f papildyti.<\/p>\n<\/li>\n<\/ul>\n<h4 data-start=\"818\" data-end=\"874\">Auk\u0161tos klas\u0117s r\u016bko technologija ir dvigali aromatai<\/h4>\n<ul data-start=\"876\" data-end=\"1289\">\n<li class=\"\" data-start=\"876\" data-end=\"1042\">\n<p class=\"\" data-start=\"878\" data-end=\"1042\">1,0\u03a9 tinklelio rit\u0117: su tinklelio technologija 1,0\u03a9 rit\u0117 u\u017etikrina tolyg\u0173 garavim\u0105 ir intensyvesn\u012f skon\u012f, tod\u0117l kiekvienas p\u016btimas b\u016bna \u0161velnesnis ir aromatingesnis.<\/p>\n<\/li>\n<li class=\"\" data-start=\"1044\" data-end=\"1289\">\n<p class=\"\" data-start=\"1046\" data-end=\"1289\">Red Bull ir Bra\u0161ki\u0173 Bananas Dvigali aromatai: unikali kombinacija gaivinan\u010dio Red Bull skonio ir saldaus bra\u0161ki\u0173-banan\u0173 skonio, suteikianti nepalyginam\u0105 skonio patirt\u012f ir \u0161vie\u017eumo \u012fvairov\u0119.<\/p>\n<\/li>\n<\/ul>\n<h4 data-start=\"1296\" data-end=\"1334\">Visi funkcij\u0173 bruo\u017eai<\/h4>\n<ul data-start=\"1336\" data-end=\"1887\">\n<li class=\"\" data-start=\"1336\" data-end=\"1528\">\n<p class=\"\" data-start=\"1338\" data-end=\"1528\">LCD ekranas: steb\u0117kite realiu laiku likus\u012f akumuliatoriaus kiek\u012f ir p\u016btim\u0173 skai\u010di\u0173. Taip visada tur\u0117site kontrol\u0119 ir i\u0161vengsite netik\u0117t\u0173 i\u0161sikrovim\u0173.<\/p>\n<\/li>\n<li class=\"\" data-start=\"1530\" data-end=\"1724\">\n<p class=\"\" data-start=\"1532\" data-end=\"1724\">850mAh \u012fkraunamas akumuliatorius: akumuliatorius palaiko greit\u0105 \u012fkrovim\u0105 per Type-C jungt\u012f ir garantuoja ilgaam\u017ei\u0161kum\u0105. Idealiai tinka vartotojams, kurie reguliariai naudoja \u012frang\u0105.<\/p>\n<\/li>\n<li class=\"\" data-start=\"1726\" data-end=\"1887\">\n<p class=\"\" data-start=\"1728\" data-end=\"1887\">Skirtingi nikotino stiprumai: pasirinkite tarp nikotino stiprum\u0173 0%, 2%, 3% ir 5%, kad rastum\u0117te jums tinkamiausi\u0105 \u2013 nuo lengvo iki stipraus.<\/p>\n<\/li>\n<\/ul>\n<h3>Pirkimo informacija<\/h3>\n<ul data-start=\"1919\" data-end=\"2316\">\n<li class=\"\" data-start=\"1919\" data-end=\"2027\">\n<p class=\"\" data-start=\"1921\" data-end=\"2027\">Be muit\u0173: visi u\u017esakymai yra be muit\u0173 mokes\u010di\u0173, tod\u0117l papildom\u0173 i\u0161laid\u0173 nesusidarys.<\/p>\n<\/li>\n<li class=\"\" data-start=\"2028\" data-end=\"2182\">\n<p class=\"\" data-start=\"2030\" data-end=\"2182\">Pristatymo laikas: numatomas pristatymo laikas \u2013 7-15 darbo dien\u0173, siuntimas vyksta oro transportu, tod\u0117l j\u016bs\u0173 u\u017esakymas greitai pasieks jus.<\/p>\n<\/li>\n<li class=\"\" data-start=\"2183\" data-end=\"2316\">\n<p class=\"\" data-start=\"2185\" data-end=\"2316\">Pirkti dabar: <a href=\"https:\/\/vapingnet.de\/lt\/\" target=\"_new\" rel=\"noopener\" data-start=\"2203\" data-end=\"2273\">Spustel\u0117kite \u010dia, kad aplankytum\u0117te vapingnet.de<\/a> ir \u012fsigytum\u0117te savo Bang King 50000 p\u016btim\u0173.<\/p>\n<\/li>\n<\/ul>\n<p class=\"\" data-start=\"2323\" data-end=\"2536\">Bang King 50000 p\u016btim\u0173 yra daugiau nei vienkartin\u0117 elektronin\u0117 cigaret\u0117 \u2013 jis si\u016blo nauj\u0105 patirt\u012f elektronini\u0173 cigare\u010di\u0173 naudotojams. Pasirinkite \u0161\u012f produkt\u0105 ir m\u0117gaukit\u0117s savo garinimo patirtimi ilgiau ir intensyviau!<\/p>","protected":false},"excerpt":{"rendered":"<p>Entdecken Sie den Bang King 50000 Puffs Einweg E-Zigarette Der Bang King 50000 Puffs ist eine hochwertige Einweg-E-Zigarette, die speziell f\u00fcr E-Zigaretten-Liebhaber entwickelt wurde. Mit&#8230;<\/p>","protected":false},"featured_media":5822,"template":"","meta":[],"etheme_brands":[],"product_brand":[101],"product_cat":[67,49,61,87],"product_tag":[],"class_list":{"0":"post-5815","1":"product","2":"type-product","3":"status-publish","4":"has-post-thumbnail","6":"product_brand-bang-king-vape","7":"product_cat-50k-vape","8":"product_cat-einweg-e-zigarette","9":"product_cat-f","10":"product_cat-v","12":"first","13":"instock","14":"shipping-taxable","15":"purchasable","16":"product-type-simple"},"yoast_head":"<!-- This site is optimized with the Yoast SEO plugin v26.5 - https:\/\/yoast.com\/wordpress\/plugins\/seo\/ -->\n<title>Genie\u00dfen Sie Bang King 50000 Puffs Red Bull and Strawberry Banana doppelt fruchtig f\u00fcr intensiven Geschmack | Vapingnet.de<\/title>\n<meta name=\"description\" content=\"Entdecke Genie\u00dfen Sie Bang King 50000 Puffs Red Bull and Strawberry Banana doppelt fruchtig f\u00fcr intensiven Geschmack bei vapingnet.de, \u25ba Gro\u00dfe Auswahl an Geschmacksrichtungen &amp; super g\u00fcnstig!\" \/>\n<meta name=\"robots\" content=\"index, follow, max-snippet:-1, max-image-preview:large, max-video-preview:-1\" \/>\n<link rel=\"canonical\" href=\"https:\/\/vapingnet.de\/lt\/vape\/geniessen-sie-bang-king-50000-puffs-red-bull-and-strawberry-banana-doppelt-fruchtig-fuer-intensiven-geschmack\/\" \/>\n<meta property=\"og:locale\" content=\"lt_LT\" \/>\n<meta property=\"og:type\" content=\"article\" \/>\n<meta property=\"og:title\" content=\"Genie\u00dfen Sie Bang King 50000 Puffs Red Bull and Strawberry Banana doppelt fruchtig f\u00fcr intensiven Geschmack | Vapingnet.de\" \/>\n<meta property=\"og:description\" content=\"Entdecke Genie\u00dfen Sie Bang King 50000 Puffs Red Bull and Strawberry Banana doppelt fruchtig f\u00fcr intensiven Geschmack bei vapingnet.de, \u25ba Gro\u00dfe Auswahl an Geschmacksrichtungen &amp; super g\u00fcnstig!\" \/>\n<meta property=\"og:url\" content=\"https:\/\/vapingnet.de\/lt\/vape\/geniessen-sie-bang-king-50000-puffs-red-bull-and-strawberry-banana-doppelt-fruchtig-fuer-intensiven-geschmack\/\" \/>\n<meta property=\"og:site_name\" content=\"Vapingnet.de\" \/>\n<meta property=\"article:publisher\" content=\"https:\/\/www.facebook.com\/vapingnetde\/\" \/>\n<meta property=\"article:modified_time\" content=\"2026-01-25T09:13:37+00:00\" \/>\n<meta property=\"og:image\" content=\"https:\/\/vapingnet.de\/wp-content\/uploads\/2025\/03\/bang50k-red-bull-und-strawberry-banana.png\" \/>\n\t<meta property=\"og:image:width\" content=\"1000\" \/>\n\t<meta property=\"og:image:height\" content=\"1000\" \/>\n\t<meta property=\"og:image:type\" content=\"image\/png\" \/>\n<meta name=\"twitter:card\" content=\"summary_large_image\" \/>\n<meta name=\"twitter:label1\" content=\"Est. reading time\" \/>\n\t<meta name=\"twitter:data1\" content=\"2 minutes\" \/>\n<script type=\"application\/ld+json\" class=\"yoast-schema-graph\">{\"@context\":\"https:\/\/schema.org\",\"@graph\":[{\"@type\":\"WebPage\",\"@id\":\"https:\/\/vapingnet.de\/vape\/geniessen-sie-bang-king-50000-puffs-red-bull-and-strawberry-banana-doppelt-fruchtig-fuer-intensiven-geschmack\/\",\"url\":\"https:\/\/vapingnet.de\/vape\/geniessen-sie-bang-king-50000-puffs-red-bull-and-strawberry-banana-doppelt-fruchtig-fuer-intensiven-geschmack\/\",\"name\":\"Genie\u00dfen Sie Bang King 50000 Puffs Red Bull and Strawberry Banana doppelt fruchtig f\u00fcr intensiven Geschmack | Vapingnet.de\",\"isPartOf\":{\"@id\":\"https:\/\/vapingnet.de\/#website\"},\"primaryImageOfPage\":{\"@id\":\"https:\/\/vapingnet.de\/vape\/geniessen-sie-bang-king-50000-puffs-red-bull-and-strawberry-banana-doppelt-fruchtig-fuer-intensiven-geschmack\/#primaryimage\"},\"image\":{\"@id\":\"https:\/\/vapingnet.de\/vape\/geniessen-sie-bang-king-50000-puffs-red-bull-and-strawberry-banana-doppelt-fruchtig-fuer-intensiven-geschmack\/#primaryimage\"},\"thumbnailUrl\":\"https:\/\/vapingnet.de\/wp-content\/uploads\/2025\/03\/bang50k-red-bull-und-strawberry-banana.png\",\"datePublished\":\"2025-03-24T03:18:04+00:00\",\"dateModified\":\"2026-01-25T09:13:37+00:00\",\"description\":\"Entdecke Genie\u00dfen Sie Bang King 50000 Puffs Red Bull and Strawberry Banana doppelt fruchtig f\u00fcr intensiven Geschmack bei vapingnet.de, \u25ba Gro\u00dfe Auswahl an Geschmacksrichtungen & super g\u00fcnstig!\",\"breadcrumb\":{\"@id\":\"https:\/\/vapingnet.de\/vape\/geniessen-sie-bang-king-50000-puffs-red-bull-and-strawberry-banana-doppelt-fruchtig-fuer-intensiven-geschmack\/#breadcrumb\"},\"inLanguage\":\"lt-LT\",\"potentialAction\":[{\"@type\":\"ReadAction\",\"target\":[\"https:\/\/vapingnet.de\/vape\/geniessen-sie-bang-king-50000-puffs-red-bull-and-strawberry-banana-doppelt-fruchtig-fuer-intensiven-geschmack\/\"]}]},{\"@type\":\"ImageObject\",\"inLanguage\":\"lt-LT\",\"@id\":\"https:\/\/vapingnet.de\/vape\/geniessen-sie-bang-king-50000-puffs-red-bull-and-strawberry-banana-doppelt-fruchtig-fuer-intensiven-geschmack\/#primaryimage\",\"url\":\"https:\/\/vapingnet.de\/wp-content\/uploads\/2025\/03\/bang50k-red-bull-und-strawberry-banana.png\",\"contentUrl\":\"https:\/\/vapingnet.de\/wp-content\/uploads\/2025\/03\/bang50k-red-bull-und-strawberry-banana.png\",\"width\":1000,\"height\":1000,\"caption\":\"bang50k-red bull und strawberry banana\"},{\"@type\":\"BreadcrumbList\",\"@id\":\"https:\/\/vapingnet.de\/vape\/geniessen-sie-bang-king-50000-puffs-red-bull-and-strawberry-banana-doppelt-fruchtig-fuer-intensiven-geschmack\/#breadcrumb\",\"itemListElement\":[{\"@type\":\"ListItem\",\"position\":1,\"name\":\"Home\",\"item\":\"https:\/\/vapingnet.de\/\"},{\"@type\":\"ListItem\",\"position\":2,\"name\":\"Shop\",\"item\":\"https:\/\/vapingnet.de\/vape\/\"},{\"@type\":\"ListItem\",\"position\":3,\"name\":\"Genie\u00dfen Sie Bang King 50000 Puffs Red Bull and Strawberry Banana doppelt fruchtig f\u00fcr intensiven Geschmack\"}]},{\"@type\":\"WebSite\",\"@id\":\"https:\/\/vapingnet.de\/#website\",\"url\":\"https:\/\/vapingnet.de\/\",\"name\":\"Vapingnet.de\",\"description\":\"\",\"publisher\":{\"@id\":\"https:\/\/vapingnet.de\/#organization\"},\"potentialAction\":[{\"@type\":\"SearchAction\",\"target\":{\"@type\":\"EntryPoint\",\"urlTemplate\":\"https:\/\/vapingnet.de\/?s={search_term_string}\"},\"query-input\":{\"@type\":\"PropertyValueSpecification\",\"valueRequired\":true,\"valueName\":\"search_term_string\"}}],\"inLanguage\":\"lt-LT\"},{\"@type\":\"Organization\",\"@id\":\"https:\/\/vapingnet.de\/#organization\",\"name\":\"Vapingnet.de\",\"url\":\"https:\/\/vapingnet.de\/\",\"logo\":{\"@type\":\"ImageObject\",\"inLanguage\":\"lt-LT\",\"@id\":\"https:\/\/vapingnet.de\/#\/schema\/logo\/image\/\",\"url\":\"https:\/\/vapingnet.de\/wp-content\/uploads\/2025\/03\/cropped-vapingnet.de_.jpg\",\"contentUrl\":\"https:\/\/vapingnet.de\/wp-content\/uploads\/2025\/03\/cropped-vapingnet.de_.jpg\",\"width\":512,\"height\":512,\"caption\":\"Vapingnet.de\"},\"image\":{\"@id\":\"https:\/\/vapingnet.de\/#\/schema\/logo\/image\/\"},\"sameAs\":[\"https:\/\/www.facebook.com\/vapingnetde\/\"]}]}<\/script>\n<!-- \/ Yoast SEO plugin. -->","yoast_head_json":{"title":"Genie\u00dfen Sie Bang King 50000 Puffs Red Bull and Strawberry Banana doppelt fruchtig f\u00fcr intensiven Geschmack | Vapingnet.de","description":"Entdecke Genie\u00dfen Sie Bang King 50000 Puffs Red Bull and Strawberry Banana doppelt fruchtig f\u00fcr intensiven Geschmack bei vapingnet.de, \u25ba Gro\u00dfe Auswahl an Geschmacksrichtungen & super g\u00fcnstig!","robots":{"index":"index","follow":"follow","max-snippet":"max-snippet:-1","max-image-preview":"max-image-preview:large","max-video-preview":"max-video-preview:-1"},"canonical":"https:\/\/vapingnet.de\/lt\/vape\/geniessen-sie-bang-king-50000-puffs-red-bull-and-strawberry-banana-doppelt-fruchtig-fuer-intensiven-geschmack\/","og_locale":"lt_LT","og_type":"article","og_title":"Genie\u00dfen Sie Bang King 50000 Puffs Red Bull and Strawberry Banana doppelt fruchtig f\u00fcr intensiven Geschmack | Vapingnet.de","og_description":"Entdecke Genie\u00dfen Sie Bang King 50000 Puffs Red Bull and Strawberry Banana doppelt fruchtig f\u00fcr intensiven Geschmack bei vapingnet.de, \u25ba Gro\u00dfe Auswahl an Geschmacksrichtungen & super g\u00fcnstig!","og_url":"https:\/\/vapingnet.de\/lt\/vape\/geniessen-sie-bang-king-50000-puffs-red-bull-and-strawberry-banana-doppelt-fruchtig-fuer-intensiven-geschmack\/","og_site_name":"Vapingnet.de","article_publisher":"https:\/\/www.facebook.com\/vapingnetde\/","article_modified_time":"2026-01-25T09:13:37+00:00","og_image":[{"width":1000,"height":1000,"url":"https:\/\/vapingnet.de\/wp-content\/uploads\/2025\/03\/bang50k-red-bull-und-strawberry-banana.png","type":"image\/png"}],"twitter_card":"summary_large_image","twitter_misc":{"Est. reading time":"2 minutes"},"schema":{"@context":"https:\/\/schema.org","@graph":[{"@type":"WebPage","@id":"https:\/\/vapingnet.de\/vape\/geniessen-sie-bang-king-50000-puffs-red-bull-and-strawberry-banana-doppelt-fruchtig-fuer-intensiven-geschmack\/","url":"https:\/\/vapingnet.de\/vape\/geniessen-sie-bang-king-50000-puffs-red-bull-and-strawberry-banana-doppelt-fruchtig-fuer-intensiven-geschmack\/","name":"Genie\u00dfen Sie Bang King 50000 Puffs Red Bull and Strawberry Banana doppelt fruchtig f\u00fcr intensiven Geschmack | Vapingnet.de","isPartOf":{"@id":"https:\/\/vapingnet.de\/#website"},"primaryImageOfPage":{"@id":"https:\/\/vapingnet.de\/vape\/geniessen-sie-bang-king-50000-puffs-red-bull-and-strawberry-banana-doppelt-fruchtig-fuer-intensiven-geschmack\/#primaryimage"},"image":{"@id":"https:\/\/vapingnet.de\/vape\/geniessen-sie-bang-king-50000-puffs-red-bull-and-strawberry-banana-doppelt-fruchtig-fuer-intensiven-geschmack\/#primaryimage"},"thumbnailUrl":"https:\/\/vapingnet.de\/wp-content\/uploads\/2025\/03\/bang50k-red-bull-und-strawberry-banana.png","datePublished":"2025-03-24T03:18:04+00:00","dateModified":"2026-01-25T09:13:37+00:00","description":"Entdecke Genie\u00dfen Sie Bang King 50000 Puffs Red Bull and Strawberry Banana doppelt fruchtig f\u00fcr intensiven Geschmack bei vapingnet.de, \u25ba Gro\u00dfe Auswahl an Geschmacksrichtungen & super g\u00fcnstig!","breadcrumb":{"@id":"https:\/\/vapingnet.de\/vape\/geniessen-sie-bang-king-50000-puffs-red-bull-and-strawberry-banana-doppelt-fruchtig-fuer-intensiven-geschmack\/#breadcrumb"},"inLanguage":"lt-LT","potentialAction":[{"@type":"ReadAction","target":["https:\/\/vapingnet.de\/vape\/geniessen-sie-bang-king-50000-puffs-red-bull-and-strawberry-banana-doppelt-fruchtig-fuer-intensiven-geschmack\/"]}]},{"@type":"ImageObject","inLanguage":"lt-LT","@id":"https:\/\/vapingnet.de\/vape\/geniessen-sie-bang-king-50000-puffs-red-bull-and-strawberry-banana-doppelt-fruchtig-fuer-intensiven-geschmack\/#primaryimage","url":"https:\/\/vapingnet.de\/wp-content\/uploads\/2025\/03\/bang50k-red-bull-und-strawberry-banana.png","contentUrl":"https:\/\/vapingnet.de\/wp-content\/uploads\/2025\/03\/bang50k-red-bull-und-strawberry-banana.png","width":1000,"height":1000,"caption":"bang50k-red bull und strawberry banana"},{"@type":"BreadcrumbList","@id":"https:\/\/vapingnet.de\/vape\/geniessen-sie-bang-king-50000-puffs-red-bull-and-strawberry-banana-doppelt-fruchtig-fuer-intensiven-geschmack\/#breadcrumb","itemListElement":[{"@type":"ListItem","position":1,"name":"Home","item":"https:\/\/vapingnet.de\/"},{"@type":"ListItem","position":2,"name":"Shop","item":"https:\/\/vapingnet.de\/vape\/"},{"@type":"ListItem","position":3,"name":"Genie\u00dfen Sie Bang King 50000 Puffs Red Bull and Strawberry Banana doppelt fruchtig f\u00fcr intensiven Geschmack"}]},{"@type":"WebSite","@id":"https:\/\/vapingnet.de\/#website","url":"https:\/\/vapingnet.de\/","name":"Vapingnet.de","description":"","publisher":{"@id":"https:\/\/vapingnet.de\/#organization"},"potentialAction":[{"@type":"SearchAction","target":{"@type":"EntryPoint","urlTemplate":"https:\/\/vapingnet.de\/?s={search_term_string}"},"query-input":{"@type":"PropertyValueSpecification","valueRequired":true,"valueName":"search_term_string"}}],"inLanguage":"lt-LT"},{"@type":"Organization","@id":"https:\/\/vapingnet.de\/#organization","name":"Vapingnet.de","url":"https:\/\/vapingnet.de\/","logo":{"@type":"ImageObject","inLanguage":"lt-LT","@id":"https:\/\/vapingnet.de\/#\/schema\/logo\/image\/","url":"https:\/\/vapingnet.de\/wp-content\/uploads\/2025\/03\/cropped-vapingnet.de_.jpg","contentUrl":"https:\/\/vapingnet.de\/wp-content\/uploads\/2025\/03\/cropped-vapingnet.de_.jpg","width":512,"height":512,"caption":"Vapingnet.de"},"image":{"@id":"https:\/\/vapingnet.de\/#\/schema\/logo\/image\/"},"sameAs":["https:\/\/www.facebook.com\/vapingnetde\/"]}]}},"tiered_pricing_type":"fixed","tiered_pricing_fixed_rules":{"10":"12.44","60":"11.96","110":"10.63","200":"9.3"},"tiered_pricing_product_settings":{"layout":"default","base_unit_name":{"singular":null,"plural":null},"default_variation":null},"tiered_pricing_minimum_quantity":null,"tiered_pricing_roles_data":[],"tiered_pricing_percentage_rules":[],"_links":{"self":[{"href":"https:\/\/vapingnet.de\/lt\/wp-json\/wp\/v2\/product\/5815","targetHints":{"allow":["GET"]}}],"collection":[{"href":"https:\/\/vapingnet.de\/lt\/wp-json\/wp\/v2\/product"}],"about":[{"href":"https:\/\/vapingnet.de\/lt\/wp-json\/wp\/v2\/types\/product"}],"version-history":[{"count":3,"href":"https:\/\/vapingnet.de\/lt\/wp-json\/wp\/v2\/product\/5815\/revisions"}],"predecessor-version":[{"id":7543,"href":"https:\/\/vapingnet.de\/lt\/wp-json\/wp\/v2\/product\/5815\/revisions\/7543"}],"wp:featuredmedia":[{"embeddable":true,"href":"https:\/\/vapingnet.de\/lt\/wp-json\/wp\/v2\/media\/5822"}],"wp:attachment":[{"href":"https:\/\/vapingnet.de\/lt\/wp-json\/wp\/v2\/media?parent=5815"}],"wp:term":[{"taxonomy":"brand","embeddable":true,"href":"https:\/\/vapingnet.de\/lt\/wp-json\/wp\/v2\/etheme_brands?post=5815"},{"taxonomy":"product_brand","embeddable":true,"href":"https:\/\/vapingnet.de\/lt\/wp-json\/wp\/v2\/product_brand?post=5815"},{"taxonomy":"product_cat","embeddable":true,"href":"https:\/\/vapingnet.de\/lt\/wp-json\/wp\/v2\/product_cat?post=5815"},{"taxonomy":"product_tag","embeddable":true,"href":"https:\/\/vapingnet.de\/lt\/wp-json\/wp\/v2\/product_tag?post=5815"}],"curies":[{"name":"wp","href":"https:\/\/api.w.org\/{rel}","templated":true}]}}