{"id":5816,"date":"2025-03-24T03:18:05","date_gmt":"2025-03-24T03:18:05","guid":{"rendered":"https:\/\/vapingnet.de\/?post_type=product&#038;p=5816"},"modified":"2026-01-25T09:12:57","modified_gmt":"2026-01-25T09:12:57","slug":"bang-king-50000-puffs-red-bull-and-blueberry-watermelon-doppelt-fruchtig-ideal-fuer-den-taeglichen-gebrauch","status":"publish","type":"product","link":"https:\/\/vapingnet.de\/lt\/vape\/bang-king-50000-puffs-red-bull-and-blueberry-watermelon-doppelt-fruchtig-ideal-fuer-den-taeglichen-gebrauch\/","title":{"rendered":"Bang King 50000 D\u016bm\u0173 Red Bull ir M\u0117lyni\u0173 Arb\u016bzas dvigubai vaisinga, ideali kasdieniam naudojimui"},"content":{"rendered":"<h2 data-start=\"0\" data-end=\"93\">Bang King 50000 R\u016bkal\u0173 vienkartin\u0117 elektronin\u0117 cigaret\u0117 \u2013 ilgaam\u017ei\u0161kumas ir dviguba skonio patirtis<\/h2>\n<p class=\"\" data-start=\"95\" data-end=\"437\">Bang King 50000 R\u016bkal\u0173 vienkartin\u0117 elektronin\u0117 cigaret\u0117 si\u016blo reikliems vartotojams revoliucin\u012f produkt\u0105, kuris pasi\u017eymi ekstremaliu ilgaam\u017ei\u0161kumu, dideliu E-liquido talpa ir turtingomis skonio kombinacijomis. \u0160i vienkartin\u0117 elektronin\u0117 cigaret\u0117 pranoksta tradicinius modelius ir suteikia visi\u0161kai nauj\u0105 patirt\u012f kiekvieno \u012fkv\u0117pimo metu.<\/p>\n<h3 class=\"\" data-start=\"444\" data-end=\"472\">Produkto savyb\u0117s<\/h3>\n<ul data-start=\"474\" data-end=\"2009\">\n<li class=\"\" data-start=\"474\" data-end=\"771\">\n<p class=\"\" data-start=\"476\" data-end=\"771\">50000 \u012fkv\u0117pim\u0173 ilgaam\u017ei\u0161kumas Bang King 50000 R\u016bkal\u0173 vienkartin\u0117 elektronin\u0117 cigaret\u0117 si\u016blo ne\u012ftik\u0117tin\u0105 50000 \u012fkv\u0117pim\u0173 naudojimo trukm\u0119 ir nustato naujus standartus. Nesvarbu, ar esate atsitiktinis r\u016bkalius, ar intensyvus vartotojas, \u0161is \u012frenginys u\u017etikrins ilgalaik\u012f malonum\u0105.<\/p>\n<\/li>\n<li class=\"\" data-start=\"773\" data-end=\"1042\">\n<p class=\"\" data-start=\"775\" data-end=\"1042\">50 ml Didel\u0117 E-liquido talpa Su dosnia 50 ml E-liquido talpa jums nebereik\u0117s da\u017enai papildyti. Galite naudoti \u012frengin\u012f ilg\u0105 laik\u0105 be nuolatinio skys\u010dio paie\u0161kos.<\/p>\n<\/li>\n<li class=\"\" data-start=\"1044\" data-end=\"1249\">\n<p class=\"\" data-start=\"1046\" data-end=\"1249\">1,0\u03a9 Tinklinis rit\u0117 1,0\u03a9 tinklin\u0117 rit\u0117 u\u017etikrina tolyg\u0173 gar\u0173 gamyb\u0105 ir smulkesn\u012f garo i\u0161skyrim\u0105. Taip kiekvieno \u012fkv\u0117pimo metu m\u0117gausit\u0117s intensyvesniu ir malonesniu skonio poj\u016b\u010diu.<\/p>\n<\/li>\n<li class=\"\" data-start=\"1251\" data-end=\"1482\">\n<p class=\"\" data-start=\"1253\" data-end=\"1482\">Nikotino kiekis: 0%\/2%\/3%\/5% Bang King 50000 R\u016bkal\u0173 vienkartin\u0117 elektronin\u0117 cigaret\u0117 yra prieinama keturi\u0173 nikotino stiprum\u0173: 0% \/ 2% \/ 3% \/ 5%. Taip rasite tobul\u0105 nikotino stiprum\u0105 savo asmeninei skonio patir\u010diai.<\/p>\n<\/li>\n<li class=\"\" data-start=\"1484\" data-end=\"1753\">\n<p class=\"\" data-start=\"1486\" data-end=\"1753\">LCD skaitmeninis ekranas Su LCD skaitmeniniu ekranu, kuris rodo akumuliatoriaus b\u016bsen\u0105 ir likus\u012f naudojim\u0105, galite bet kada steb\u0117ti savo elektronin\u0117s cigaret\u0117s b\u016bkl\u0119 ir b\u016bti tikri, kad netik\u0117tai neprarasite garo.<\/p>\n<\/li>\n<li class=\"\" data-start=\"1755\" data-end=\"2009\">\n<p class=\"\" data-start=\"1757\" data-end=\"2009\">850mAh akumuliatorius ir Type-C greitas \u012fkrovimas Integruotas 850mAh akumuliatorius palaiko Type-C greit\u0105 \u012fkrovim\u0105, tod\u0117l galite greitai \u012fkrauti savo elektronin\u0119 cigaret\u0119. Tai u\u017etikrina nuolatin\u0119 ir patikim\u0105 patirt\u012f.<\/p>\n<\/li>\n<\/ul>\n<h4 data-start=\"2016\" data-end=\"2082\">Dviguba skonio \u012fvairov\u0117 unikaliam patyrimui<\/h4>\n<p class=\"\" data-start=\"2084\" data-end=\"2405\">Bang King 50000 R\u016bkal\u0173 si\u016blo i\u0161skirtin\u0119 dvigub\u0105 skonio krypt\u012f: Red Bull ir M\u0117lyn\u0105j\u0105 spanguol\u0119 su arb\u016bzu. Galite m\u0117gautis gaivinan\u010diu Red Bull poveikiu ir sald\u017eia m\u0117lyni\u0173 bei arb\u016bzo gaiva. Kiekvienas \u012fkv\u0117pimas tampa intensyvaus skonio patirtimi.<\/p>\n<h3>Kod\u0117l verta rinktis Bang King 50000 R\u016bkal\u0173?<\/h3>\n<ul data-start=\"2483\" data-end=\"2897\">\n<li class=\"\" data-start=\"2483\" data-end=\"2577\">\n<p class=\"\" data-start=\"2485\" data-end=\"2577\">Be muit\u0173: Pasinaudokite be muit\u0173 pirkimu, kuris palengvina pirkimo proces\u0105.<\/p>\n<\/li>\n<li class=\"\" data-start=\"2578\" data-end=\"2717\">\n<p class=\"\" data-start=\"2580\" data-end=\"2717\">Greitas pristatymas: Pristatymas vyksta per 7-15 darbo dien\u0173, kad gautum\u0117te savo u\u017esakym\u0105 greitai ir efektyviai.<\/p>\n<\/li>\n<li class=\"\" data-start=\"2718\" data-end=\"2897\">\n<p class=\"\" data-start=\"2720\" data-end=\"2897\">Auk\u0161ta na\u0161umas: Ilgalaikio naudojimo, didel\u0117s E-liquido talpos ir tikslios gar\u0173 gamybos technologijos d\u0117ka \u0161i \u012frenginys suteikia i\u0161skirtin\u0119 patirt\u012f kiekvieno \u012fkv\u0117pimo metu.<\/p>\n<\/li>\n<\/ul>\n<h3>Pirkite dabar ir m\u0117gaukit\u0117s nauja patirtimi<\/h3>\n<p class=\"\" data-start=\"2958\" data-end=\"3210\">Jei ie\u0161kote galingos elektronin\u0117s cigaret\u0117s, Bang King 50000 R\u016bkal\u0173 yra j\u016bs\u0173 ideali pasirinktis. Apsilankykite dabar vapingnet.de ir \u012fsigykite \u0161\u012f auk\u0161tos kokyb\u0117s produkt\u0105 kasdieniam garinimui!<\/p>\n<p class=\"\" data-start=\"3217\" data-end=\"3442\">Bang King 50000 R\u016bkal\u0173 n\u0117ra tik inovacija vienkartini\u0173 elektronini\u0173 cigare\u010di\u0173 srityje, tai ir naujo garinimo patirties prad\u017eia. M\u0117gaukit\u0117s neapr\u0117piama d\u017eiaugsmo, kur\u012f suteikia \u0161is i\u0161skirtinis produktas!<\/p>","protected":false},"excerpt":{"rendered":"<p>Bang King 50000 d\u016bm\u0173 vienkartin\u0117 elektronin\u0117 cigaret\u0117 \u2013 ilgaam\u017ei\u0161kumas ir dvigubo skonio patirtis. Bang King 50000 d\u016bm\u0173 vienkartin\u0117 elektronin\u0117 cigaret\u0117 si\u016blo pa\u017eang\u0173 produkt\u0105, kuris su...<\/p>","protected":false},"featured_media":5823,"template":"","meta":[],"etheme_brands":[],"product_brand":[101],"product_cat":[67,49,61,87],"product_tag":[],"class_list":{"0":"post-5816","1":"product","2":"type-product","3":"status-publish","4":"has-post-thumbnail","6":"product_brand-bang-king-vape","7":"product_cat-50k-vape","8":"product_cat-einweg-e-zigarette","9":"product_cat-f","10":"product_cat-v","12":"first","13":"instock","14":"shipping-taxable","15":"purchasable","16":"product-type-simple"},"yoast_head":"<!-- This site is optimized with the Yoast SEO plugin v26.5 - https:\/\/yoast.com\/wordpress\/plugins\/seo\/ -->\n<title>Bang King 50000 Puffs Red Bull and Blueberry Watermelon doppelt fruchtig ideal f\u00fcr den t\u00e4glichen Gebrauch | Vapingnet.de<\/title>\n<meta name=\"description\" content=\"Entdecke Bang King 50000 Puffs Red Bull and Blueberry Watermelon doppelt fruchtig ideal f\u00fcr den t\u00e4glichen Gebrauch bei vapingnet.de, \u25ba Gro\u00dfe Auswahl an Geschmacksrichtungen &amp; super g\u00fcnstig!\" \/>\n<meta name=\"robots\" content=\"index, follow, max-snippet:-1, max-image-preview:large, max-video-preview:-1\" \/>\n<link rel=\"canonical\" href=\"https:\/\/vapingnet.de\/lt\/vape\/bang-king-50000-puffs-red-bull-and-blueberry-watermelon-doppelt-fruchtig-ideal-fuer-den-taeglichen-gebrauch\/\" \/>\n<meta property=\"og:locale\" content=\"lt_LT\" \/>\n<meta property=\"og:type\" content=\"article\" \/>\n<meta property=\"og:title\" content=\"Bang King 50000 Puffs Red Bull and Blueberry Watermelon doppelt fruchtig ideal f\u00fcr den t\u00e4glichen Gebrauch | Vapingnet.de\" \/>\n<meta property=\"og:description\" content=\"Entdecke Bang King 50000 Puffs Red Bull and Blueberry Watermelon doppelt fruchtig ideal f\u00fcr den t\u00e4glichen Gebrauch bei vapingnet.de, \u25ba Gro\u00dfe Auswahl an Geschmacksrichtungen &amp; super g\u00fcnstig!\" \/>\n<meta property=\"og:url\" content=\"https:\/\/vapingnet.de\/lt\/vape\/bang-king-50000-puffs-red-bull-and-blueberry-watermelon-doppelt-fruchtig-ideal-fuer-den-taeglichen-gebrauch\/\" \/>\n<meta property=\"og:site_name\" content=\"Vapingnet.de\" \/>\n<meta property=\"article:publisher\" content=\"https:\/\/www.facebook.com\/vapingnetde\/\" \/>\n<meta property=\"article:modified_time\" content=\"2026-01-25T09:12:57+00:00\" \/>\n<meta property=\"og:image\" content=\"https:\/\/vapingnet.de\/wp-content\/uploads\/2025\/03\/bang50k-red-bull-und-blueberry-watermelon.png\" \/>\n\t<meta property=\"og:image:width\" content=\"1000\" \/>\n\t<meta property=\"og:image:height\" content=\"1000\" \/>\n\t<meta property=\"og:image:type\" content=\"image\/png\" \/>\n<meta name=\"twitter:card\" content=\"summary_large_image\" \/>\n<meta name=\"twitter:label1\" content=\"Est. reading time\" \/>\n\t<meta name=\"twitter:data1\" content=\"3 minutes\" \/>\n<script type=\"application\/ld+json\" class=\"yoast-schema-graph\">{\"@context\":\"https:\/\/schema.org\",\"@graph\":[{\"@type\":\"WebPage\",\"@id\":\"https:\/\/vapingnet.de\/vape\/bang-king-50000-puffs-red-bull-and-blueberry-watermelon-doppelt-fruchtig-ideal-fuer-den-taeglichen-gebrauch\/\",\"url\":\"https:\/\/vapingnet.de\/vape\/bang-king-50000-puffs-red-bull-and-blueberry-watermelon-doppelt-fruchtig-ideal-fuer-den-taeglichen-gebrauch\/\",\"name\":\"Bang King 50000 Puffs Red Bull and Blueberry Watermelon doppelt fruchtig ideal f\u00fcr den t\u00e4glichen Gebrauch | Vapingnet.de\",\"isPartOf\":{\"@id\":\"https:\/\/vapingnet.de\/#website\"},\"primaryImageOfPage\":{\"@id\":\"https:\/\/vapingnet.de\/vape\/bang-king-50000-puffs-red-bull-and-blueberry-watermelon-doppelt-fruchtig-ideal-fuer-den-taeglichen-gebrauch\/#primaryimage\"},\"image\":{\"@id\":\"https:\/\/vapingnet.de\/vape\/bang-king-50000-puffs-red-bull-and-blueberry-watermelon-doppelt-fruchtig-ideal-fuer-den-taeglichen-gebrauch\/#primaryimage\"},\"thumbnailUrl\":\"https:\/\/vapingnet.de\/wp-content\/uploads\/2025\/03\/bang50k-red-bull-und-blueberry-watermelon.png\",\"datePublished\":\"2025-03-24T03:18:05+00:00\",\"dateModified\":\"2026-01-25T09:12:57+00:00\",\"description\":\"Entdecke Bang King 50000 Puffs Red Bull and Blueberry Watermelon doppelt fruchtig ideal f\u00fcr den t\u00e4glichen Gebrauch bei vapingnet.de, \u25ba Gro\u00dfe Auswahl an Geschmacksrichtungen & super g\u00fcnstig!\",\"breadcrumb\":{\"@id\":\"https:\/\/vapingnet.de\/vape\/bang-king-50000-puffs-red-bull-and-blueberry-watermelon-doppelt-fruchtig-ideal-fuer-den-taeglichen-gebrauch\/#breadcrumb\"},\"inLanguage\":\"lt-LT\",\"potentialAction\":[{\"@type\":\"ReadAction\",\"target\":[\"https:\/\/vapingnet.de\/vape\/bang-king-50000-puffs-red-bull-and-blueberry-watermelon-doppelt-fruchtig-ideal-fuer-den-taeglichen-gebrauch\/\"]}]},{\"@type\":\"ImageObject\",\"inLanguage\":\"lt-LT\",\"@id\":\"https:\/\/vapingnet.de\/vape\/bang-king-50000-puffs-red-bull-and-blueberry-watermelon-doppelt-fruchtig-ideal-fuer-den-taeglichen-gebrauch\/#primaryimage\",\"url\":\"https:\/\/vapingnet.de\/wp-content\/uploads\/2025\/03\/bang50k-red-bull-und-blueberry-watermelon.png\",\"contentUrl\":\"https:\/\/vapingnet.de\/wp-content\/uploads\/2025\/03\/bang50k-red-bull-und-blueberry-watermelon.png\",\"width\":1000,\"height\":1000,\"caption\":\"bang50k-red bull und blueberry watermelon\"},{\"@type\":\"BreadcrumbList\",\"@id\":\"https:\/\/vapingnet.de\/vape\/bang-king-50000-puffs-red-bull-and-blueberry-watermelon-doppelt-fruchtig-ideal-fuer-den-taeglichen-gebrauch\/#breadcrumb\",\"itemListElement\":[{\"@type\":\"ListItem\",\"position\":1,\"name\":\"Home\",\"item\":\"https:\/\/vapingnet.de\/\"},{\"@type\":\"ListItem\",\"position\":2,\"name\":\"Shop\",\"item\":\"https:\/\/vapingnet.de\/vape\/\"},{\"@type\":\"ListItem\",\"position\":3,\"name\":\"Bang King 50000 Puffs Red Bull and Blueberry Watermelon doppelt fruchtig ideal f\u00fcr den t\u00e4glichen Gebrauch\"}]},{\"@type\":\"WebSite\",\"@id\":\"https:\/\/vapingnet.de\/#website\",\"url\":\"https:\/\/vapingnet.de\/\",\"name\":\"Vapingnet.de\",\"description\":\"\",\"publisher\":{\"@id\":\"https:\/\/vapingnet.de\/#organization\"},\"potentialAction\":[{\"@type\":\"SearchAction\",\"target\":{\"@type\":\"EntryPoint\",\"urlTemplate\":\"https:\/\/vapingnet.de\/?s={search_term_string}\"},\"query-input\":{\"@type\":\"PropertyValueSpecification\",\"valueRequired\":true,\"valueName\":\"search_term_string\"}}],\"inLanguage\":\"lt-LT\"},{\"@type\":\"Organization\",\"@id\":\"https:\/\/vapingnet.de\/#organization\",\"name\":\"Vapingnet.de\",\"url\":\"https:\/\/vapingnet.de\/\",\"logo\":{\"@type\":\"ImageObject\",\"inLanguage\":\"lt-LT\",\"@id\":\"https:\/\/vapingnet.de\/#\/schema\/logo\/image\/\",\"url\":\"https:\/\/vapingnet.de\/wp-content\/uploads\/2025\/03\/cropped-vapingnet.de_.jpg\",\"contentUrl\":\"https:\/\/vapingnet.de\/wp-content\/uploads\/2025\/03\/cropped-vapingnet.de_.jpg\",\"width\":512,\"height\":512,\"caption\":\"Vapingnet.de\"},\"image\":{\"@id\":\"https:\/\/vapingnet.de\/#\/schema\/logo\/image\/\"},\"sameAs\":[\"https:\/\/www.facebook.com\/vapingnetde\/\"]}]}<\/script>\n<!-- \/ Yoast SEO plugin. -->","yoast_head_json":{"title":"Bang King 50000 Puffs Red Bull and Blueberry Watermelon doppelt fruchtig ideal f\u00fcr den t\u00e4glichen Gebrauch | Vapingnet.de","description":"Entdecke Bang King 50000 Puffs Red Bull and Blueberry Watermelon doppelt fruchtig ideal f\u00fcr den t\u00e4glichen Gebrauch bei vapingnet.de, \u25ba Gro\u00dfe Auswahl an Geschmacksrichtungen & super g\u00fcnstig!","robots":{"index":"index","follow":"follow","max-snippet":"max-snippet:-1","max-image-preview":"max-image-preview:large","max-video-preview":"max-video-preview:-1"},"canonical":"https:\/\/vapingnet.de\/lt\/vape\/bang-king-50000-puffs-red-bull-and-blueberry-watermelon-doppelt-fruchtig-ideal-fuer-den-taeglichen-gebrauch\/","og_locale":"lt_LT","og_type":"article","og_title":"Bang King 50000 Puffs Red Bull and Blueberry Watermelon doppelt fruchtig ideal f\u00fcr den t\u00e4glichen Gebrauch | Vapingnet.de","og_description":"Entdecke Bang King 50000 Puffs Red Bull and Blueberry Watermelon doppelt fruchtig ideal f\u00fcr den t\u00e4glichen Gebrauch bei vapingnet.de, \u25ba Gro\u00dfe Auswahl an Geschmacksrichtungen & super g\u00fcnstig!","og_url":"https:\/\/vapingnet.de\/lt\/vape\/bang-king-50000-puffs-red-bull-and-blueberry-watermelon-doppelt-fruchtig-ideal-fuer-den-taeglichen-gebrauch\/","og_site_name":"Vapingnet.de","article_publisher":"https:\/\/www.facebook.com\/vapingnetde\/","article_modified_time":"2026-01-25T09:12:57+00:00","og_image":[{"width":1000,"height":1000,"url":"https:\/\/vapingnet.de\/wp-content\/uploads\/2025\/03\/bang50k-red-bull-und-blueberry-watermelon.png","type":"image\/png"}],"twitter_card":"summary_large_image","twitter_misc":{"Est. reading time":"3 minutes"},"schema":{"@context":"https:\/\/schema.org","@graph":[{"@type":"WebPage","@id":"https:\/\/vapingnet.de\/vape\/bang-king-50000-puffs-red-bull-and-blueberry-watermelon-doppelt-fruchtig-ideal-fuer-den-taeglichen-gebrauch\/","url":"https:\/\/vapingnet.de\/vape\/bang-king-50000-puffs-red-bull-and-blueberry-watermelon-doppelt-fruchtig-ideal-fuer-den-taeglichen-gebrauch\/","name":"Bang King 50000 Puffs Red Bull and Blueberry Watermelon doppelt fruchtig ideal f\u00fcr den t\u00e4glichen Gebrauch | Vapingnet.de","isPartOf":{"@id":"https:\/\/vapingnet.de\/#website"},"primaryImageOfPage":{"@id":"https:\/\/vapingnet.de\/vape\/bang-king-50000-puffs-red-bull-and-blueberry-watermelon-doppelt-fruchtig-ideal-fuer-den-taeglichen-gebrauch\/#primaryimage"},"image":{"@id":"https:\/\/vapingnet.de\/vape\/bang-king-50000-puffs-red-bull-and-blueberry-watermelon-doppelt-fruchtig-ideal-fuer-den-taeglichen-gebrauch\/#primaryimage"},"thumbnailUrl":"https:\/\/vapingnet.de\/wp-content\/uploads\/2025\/03\/bang50k-red-bull-und-blueberry-watermelon.png","datePublished":"2025-03-24T03:18:05+00:00","dateModified":"2026-01-25T09:12:57+00:00","description":"Entdecke Bang King 50000 Puffs Red Bull and Blueberry Watermelon doppelt fruchtig ideal f\u00fcr den t\u00e4glichen Gebrauch bei vapingnet.de, \u25ba Gro\u00dfe Auswahl an Geschmacksrichtungen & super g\u00fcnstig!","breadcrumb":{"@id":"https:\/\/vapingnet.de\/vape\/bang-king-50000-puffs-red-bull-and-blueberry-watermelon-doppelt-fruchtig-ideal-fuer-den-taeglichen-gebrauch\/#breadcrumb"},"inLanguage":"lt-LT","potentialAction":[{"@type":"ReadAction","target":["https:\/\/vapingnet.de\/vape\/bang-king-50000-puffs-red-bull-and-blueberry-watermelon-doppelt-fruchtig-ideal-fuer-den-taeglichen-gebrauch\/"]}]},{"@type":"ImageObject","inLanguage":"lt-LT","@id":"https:\/\/vapingnet.de\/vape\/bang-king-50000-puffs-red-bull-and-blueberry-watermelon-doppelt-fruchtig-ideal-fuer-den-taeglichen-gebrauch\/#primaryimage","url":"https:\/\/vapingnet.de\/wp-content\/uploads\/2025\/03\/bang50k-red-bull-und-blueberry-watermelon.png","contentUrl":"https:\/\/vapingnet.de\/wp-content\/uploads\/2025\/03\/bang50k-red-bull-und-blueberry-watermelon.png","width":1000,"height":1000,"caption":"bang50k-red bull und blueberry watermelon"},{"@type":"BreadcrumbList","@id":"https:\/\/vapingnet.de\/vape\/bang-king-50000-puffs-red-bull-and-blueberry-watermelon-doppelt-fruchtig-ideal-fuer-den-taeglichen-gebrauch\/#breadcrumb","itemListElement":[{"@type":"ListItem","position":1,"name":"Home","item":"https:\/\/vapingnet.de\/"},{"@type":"ListItem","position":2,"name":"Shop","item":"https:\/\/vapingnet.de\/vape\/"},{"@type":"ListItem","position":3,"name":"Bang King 50000 Puffs Red Bull and Blueberry Watermelon doppelt fruchtig ideal f\u00fcr den t\u00e4glichen Gebrauch"}]},{"@type":"WebSite","@id":"https:\/\/vapingnet.de\/#website","url":"https:\/\/vapingnet.de\/","name":"Vapingnet.de","description":"","publisher":{"@id":"https:\/\/vapingnet.de\/#organization"},"potentialAction":[{"@type":"SearchAction","target":{"@type":"EntryPoint","urlTemplate":"https:\/\/vapingnet.de\/?s={search_term_string}"},"query-input":{"@type":"PropertyValueSpecification","valueRequired":true,"valueName":"search_term_string"}}],"inLanguage":"lt-LT"},{"@type":"Organization","@id":"https:\/\/vapingnet.de\/#organization","name":"Vapingnet.de","url":"https:\/\/vapingnet.de\/","logo":{"@type":"ImageObject","inLanguage":"lt-LT","@id":"https:\/\/vapingnet.de\/#\/schema\/logo\/image\/","url":"https:\/\/vapingnet.de\/wp-content\/uploads\/2025\/03\/cropped-vapingnet.de_.jpg","contentUrl":"https:\/\/vapingnet.de\/wp-content\/uploads\/2025\/03\/cropped-vapingnet.de_.jpg","width":512,"height":512,"caption":"Vapingnet.de"},"image":{"@id":"https:\/\/vapingnet.de\/#\/schema\/logo\/image\/"},"sameAs":["https:\/\/www.facebook.com\/vapingnetde\/"]}]}},"tiered_pricing_type":"fixed","tiered_pricing_fixed_rules":{"10":"12.44","60":"11.96","110":"10.63","200":"9.3"},"tiered_pricing_product_settings":{"layout":"default","base_unit_name":{"singular":null,"plural":null},"default_variation":null},"tiered_pricing_minimum_quantity":null,"tiered_pricing_roles_data":[],"tiered_pricing_percentage_rules":[],"_links":{"self":[{"href":"https:\/\/vapingnet.de\/lt\/wp-json\/wp\/v2\/product\/5816","targetHints":{"allow":["GET"]}}],"collection":[{"href":"https:\/\/vapingnet.de\/lt\/wp-json\/wp\/v2\/product"}],"about":[{"href":"https:\/\/vapingnet.de\/lt\/wp-json\/wp\/v2\/types\/product"}],"version-history":[{"count":3,"href":"https:\/\/vapingnet.de\/lt\/wp-json\/wp\/v2\/product\/5816\/revisions"}],"predecessor-version":[{"id":7542,"href":"https:\/\/vapingnet.de\/lt\/wp-json\/wp\/v2\/product\/5816\/revisions\/7542"}],"wp:featuredmedia":[{"embeddable":true,"href":"https:\/\/vapingnet.de\/lt\/wp-json\/wp\/v2\/media\/5823"}],"wp:attachment":[{"href":"https:\/\/vapingnet.de\/lt\/wp-json\/wp\/v2\/media?parent=5816"}],"wp:term":[{"taxonomy":"brand","embeddable":true,"href":"https:\/\/vapingnet.de\/lt\/wp-json\/wp\/v2\/etheme_brands?post=5816"},{"taxonomy":"product_brand","embeddable":true,"href":"https:\/\/vapingnet.de\/lt\/wp-json\/wp\/v2\/product_brand?post=5816"},{"taxonomy":"product_cat","embeddable":true,"href":"https:\/\/vapingnet.de\/lt\/wp-json\/wp\/v2\/product_cat?post=5816"},{"taxonomy":"product_tag","embeddable":true,"href":"https:\/\/vapingnet.de\/lt\/wp-json\/wp\/v2\/product_tag?post=5816"}],"curies":[{"name":"wp","href":"https:\/\/api.w.org\/{rel}","templated":true}]}}