{"id":5817,"date":"2025-03-24T03:18:07","date_gmt":"2025-03-24T03:18:07","guid":{"rendered":"https:\/\/vapingnet.de\/?post_type=product&#038;p=5817"},"modified":"2026-01-25T09:12:18","modified_gmt":"2026-01-25T09:12:18","slug":"bang-king-50000-puffs-strawberry-mango-and-watermelon-bubble-gum-der-ideale-vape-fuer-intensive-fruchtnoten","status":"publish","type":"product","link":"https:\/\/vapingnet.de\/lt\/vape\/bang-king-50000-puffs-strawberry-mango-and-watermelon-bubble-gum-der-ideale-vape-fuer-intensive-fruchtnoten\/","title":{"rendered":"Bang King 50000 D\u016bm\u0173 Bra\u0161ki\u0173 Mango ir Arb\u016bz\u0173 Burbul\u0173 Kramtukas idealiems vaisi\u0173 atspalviams intensyviam vapingui"},"content":{"rendered":"<h2 data-start=\"0\" data-end=\"84\">Bang King 50000 Puffs vienkartin\u0117 elektronin\u0117 cigaret\u0117 \u2013 ilgaam\u017e\u0117 ir su dvigubu skoniu<\/h2>\n<p class=\"\" data-start=\"86\" data-end=\"432\">Bang King 50000 Puffs vienkartin\u0117 elektronin\u0117 cigaret\u0117 si\u016blo ne tik itin ilg\u0105 naudojim\u0105, bet ir turting\u0105 skonio patirt\u012f, suteikdama r\u016bkytojams patog\u0173, efektyv\u0173 ir malon\u0173 r\u016bkym\u0105. Su pa\u017eangia technologija ir dizainu \u0161is produktas yra tikra inovacija ir i\u0161siskiria i\u0161 kit\u0173 rinkoje.<\/p>\n<h3 class=\"\" data-start=\"439\" data-end=\"459\">Pagrindin\u0117s savyb\u0117s<\/h3>\n<div class=\"overflow-x-auto contain-inline-size\">\n<table data-start=\"461\" data-end=\"1272\">\n<thead data-start=\"461\" data-end=\"543\">\n<tr data-start=\"461\" data-end=\"543\">\n<th data-start=\"461\" data-end=\"488\">Funkcija<\/th>\n<th data-start=\"488\" data-end=\"543\">Detal\u0117s<\/th>\n<\/tr>\n<\/thead>\n<tbody data-start=\"628\" data-end=\"1272\">\n<tr data-start=\"628\" data-end=\"713\">\n<td>Maksimalus \u012fkv\u0117pim\u0173 skai\u010dius<\/td>\n<td>50 000 \u012fkv\u0117pim\u0173, ilgam naudojimui.<\/td>\n<\/tr>\n<tr data-start=\"714\" data-end=\"834\">\n<td>Vamzdelio \u0161erdies<\/td>\n<td>1,0\u03a9 tinklelio rit\u0117, u\u017etikrina tolyg\u0173 garavim\u0105 ir intensyvesn\u012f skon\u012f.<\/td>\n<\/tr>\n<tr data-start=\"835\" data-end=\"948\">\n<td>E-skys\u010dio talpa<\/td>\n<td>50 ml, didelis skys\u010dio kiekis, suma\u017eina da\u017en\u0173 papildym\u0173 poreik\u012f.<\/td>\n<\/tr>\n<tr data-start=\"949\" data-end=\"1037\">\n<td>Nikotino koncentracija<\/td>\n<td>Pasirinkite tarp 0% \/ 2% \/ 3% \/ 5% nikotino kiekio.<\/td>\n<\/tr>\n<tr data-start=\"1038\" data-end=\"1157\">\n<td>Ekranas<\/td>\n<td>LCD skaitmeninis ekranas, rodo likusi\u0105 baterijos gali\u0105 ir pa\u017eang\u0105.<\/td>\n<\/tr>\n<tr data-start=\"1158\" data-end=\"1272\">\n<td>Baterija ir \u012fkrovimo jungtis<\/td>\n<td>850mAh akumuliatorius, palaiko Type-C greit\u0105 \u012fkrovim\u0105.<\/td>\n<\/tr>\n<\/tbody>\n<\/table>\n<\/div>\n<h4 data-start=\"1279\" data-end=\"1347\">Skoni\u0173 patirtis: Bra\u0161ki\u0173 Mango ir Arb\u016bz\u0173 Burbuoli\u0173 Kramtukas<\/h4>\n<p class=\"\" data-start=\"1349\" data-end=\"1709\">Bang King 50000 Puffs si\u016blo dvi skanias skoni\u0173 r\u016b\u0161is: Bra\u0161ki\u0173 Mango ir Arb\u016bz\u0173 Burbuoli\u0173 Kramtukas. Kiekvienas \u012fkv\u0117pimas suteikia intensyvi\u0105 skonio patirt\u012f: saldi bra\u0161ki\u0173 ir mango kombinacija arba gaivus arb\u016bzas kartu su sald\u017eiu kramtomojo gumos skoniu. Abi skoni\u0173 r\u016b\u0161ys si\u016blo unikali\u0105 r\u016bkytojo patirt\u012f.<\/p>\n<h3>Privalumai ir ypatyb\u0117s<\/h3>\n<ul data-start=\"1749\" data-end=\"2275\">\n<li class=\"\" data-start=\"1749\" data-end=\"1912\">\n<p class=\"\" data-start=\"1751\" data-end=\"1912\">Be muit\u0173 pirkimai<br data-start=\"1773\" data-end=\"1776\" \/>Nesijaudinkite d\u0117l muitin\u0117s mokes\u010di\u0173! M\u0117gaukit\u0117s be muit\u0173 pirkimais ir lengvai \u012fsigykite \u0161\u012f auk\u0161tos kokyb\u0117s produkt\u0105.<\/p>\n<\/li>\n<li class=\"\" data-start=\"1914\" data-end=\"2103\">\n<p class=\"\" data-start=\"1916\" data-end=\"2103\">Greitas siuntimas<br data-start=\"1937\" data-end=\"1940\" \/>Pristatymas vyksta oro transportu ir trunka 7-15 darbo dien\u0173, tod\u0117l greitai gal\u0117site m\u0117gautis savo nauju produktu.<\/p>\n<\/li>\n<li class=\"\" data-start=\"2105\" data-end=\"2275\">\n<p class=\"\" data-start=\"2107\" data-end=\"2275\">Paprasta naudoti<br data-start=\"2127\" data-end=\"2130\" \/>Su LCD ekranu galite bet kada steb\u0117ti baterijos b\u016bkl\u0119 ir likusius \u012fkv\u0117pimus, kad niekada neliktum\u0117te be elektros.<\/p>\n<\/li>\n<\/ul>\n<h3 class=\"\" data-start=\"2282\" data-end=\"2333\">Dabar \u012fsigykite ir m\u0117gaukit\u0117s nauja patirtimi<\/h3>\n<p class=\"\" data-start=\"2335\" data-end=\"2611\">Bang King 50000 Puffs yra puikus pasirinkimas r\u016bkytojams, ie\u0161kantiems auk\u0161tos kokyb\u0117s, ilgaam\u017eio produkto. D\u0117l savo itin ilgaam\u017ei\u0161kumo, didelio skys\u010dio kiekio ir dvigubo skonio patirties jis yra idealus kasdieniam naudojimui arba ypatingoms progoms.<\/p>\n<p class=\"\" data-start=\"2613\" data-end=\"2772\">Aplankykite vapingnet.de, \u012fsigykite dabar ir patirkite \u0161i\u0105 inovatyvi\u0105 vienkartin\u0119 elektronin\u0119 cigaret\u0119 su unikaliu garavimo patirtimi!<\/p>\n<p class=\"\" data-start=\"2779\" data-end=\"2930\">Bang King 50000 Puffs si\u016blo ilgesn\u012f, intensyvesn\u012f ir protingesn\u012f garavimo patirt\u012f. Patirkite skirtum\u0105 \u2013 \u012fsigykite dabar ir m\u0117gaukit\u0117s!<\/p>","protected":false},"excerpt":{"rendered":"<p>Bang King 50000 d\u016bm\u0173 vienkartin\u0117 elektronin\u0117 cigaret\u0117 \u2013 ilgaam\u017ei\u0161ka ir su dvigubu skoniu. Bang King 50000 d\u016bm\u0173 vienkartin\u0117 elektronin\u0117 cigaret\u0117 ne tik pasi\u017eymi itin ilgu naudojimu, bet ir...<\/p>","protected":false},"featured_media":5824,"template":"","meta":[],"etheme_brands":[],"product_brand":[101],"product_cat":[67,49,61,87],"product_tag":[],"class_list":{"0":"post-5817","1":"product","2":"type-product","3":"status-publish","4":"has-post-thumbnail","6":"product_brand-bang-king-vape","7":"product_cat-50k-vape","8":"product_cat-einweg-e-zigarette","9":"product_cat-f","10":"product_cat-v","12":"first","13":"instock","14":"shipping-taxable","15":"purchasable","16":"product-type-simple"},"yoast_head":"<!-- This site is optimized with the Yoast SEO plugin v26.5 - https:\/\/yoast.com\/wordpress\/plugins\/seo\/ -->\n<title>Bang King 50000 Puffs Strawberry Mango and Watermelon Bubble Gum der ideale Vape f\u00fcr intensive Fruchtnoten | Vapingnet.de<\/title>\n<meta name=\"description\" content=\"Entdecke Bang King 50000 Puffs Strawberry Mango and Watermelon Bubble Gum der ideale Vape f\u00fcr intensive Fruchtnoten bei vapingnet.de, \u25ba Gro\u00dfe Auswahl an Geschmacksrichtungen &amp; super g\u00fcnstig!\" \/>\n<meta name=\"robots\" content=\"index, follow, max-snippet:-1, max-image-preview:large, max-video-preview:-1\" \/>\n<link rel=\"canonical\" href=\"https:\/\/vapingnet.de\/lt\/vape\/bang-king-50000-puffs-strawberry-mango-and-watermelon-bubble-gum-der-ideale-vape-fuer-intensive-fruchtnoten\/\" \/>\n<meta property=\"og:locale\" content=\"lt_LT\" \/>\n<meta property=\"og:type\" content=\"article\" \/>\n<meta property=\"og:title\" content=\"Bang King 50000 Puffs Strawberry Mango and Watermelon Bubble Gum der ideale Vape f\u00fcr intensive Fruchtnoten | Vapingnet.de\" \/>\n<meta property=\"og:description\" content=\"Entdecke Bang King 50000 Puffs Strawberry Mango and Watermelon Bubble Gum der ideale Vape f\u00fcr intensive Fruchtnoten bei vapingnet.de, \u25ba Gro\u00dfe Auswahl an Geschmacksrichtungen &amp; super g\u00fcnstig!\" \/>\n<meta property=\"og:url\" content=\"https:\/\/vapingnet.de\/lt\/vape\/bang-king-50000-puffs-strawberry-mango-and-watermelon-bubble-gum-der-ideale-vape-fuer-intensive-fruchtnoten\/\" \/>\n<meta property=\"og:site_name\" content=\"Vapingnet.de\" \/>\n<meta property=\"article:publisher\" content=\"https:\/\/www.facebook.com\/vapingnetde\/\" \/>\n<meta property=\"article:modified_time\" content=\"2026-01-25T09:12:18+00:00\" \/>\n<meta property=\"og:image\" content=\"https:\/\/vapingnet.de\/wp-content\/uploads\/2025\/03\/strawberry-mango-und-watermelon-bubble-gum.png\" \/>\n\t<meta property=\"og:image:width\" content=\"1000\" \/>\n\t<meta property=\"og:image:height\" content=\"1000\" \/>\n\t<meta property=\"og:image:type\" content=\"image\/png\" \/>\n<meta name=\"twitter:card\" content=\"summary_large_image\" \/>\n<meta name=\"twitter:label1\" content=\"Est. reading time\" \/>\n\t<meta name=\"twitter:data1\" content=\"3 minutes\" \/>\n<script type=\"application\/ld+json\" class=\"yoast-schema-graph\">{\"@context\":\"https:\/\/schema.org\",\"@graph\":[{\"@type\":\"WebPage\",\"@id\":\"https:\/\/vapingnet.de\/vape\/bang-king-50000-puffs-strawberry-mango-and-watermelon-bubble-gum-der-ideale-vape-fuer-intensive-fruchtnoten\/\",\"url\":\"https:\/\/vapingnet.de\/vape\/bang-king-50000-puffs-strawberry-mango-and-watermelon-bubble-gum-der-ideale-vape-fuer-intensive-fruchtnoten\/\",\"name\":\"Bang King 50000 Puffs Strawberry Mango and Watermelon Bubble Gum der ideale Vape f\u00fcr intensive Fruchtnoten | Vapingnet.de\",\"isPartOf\":{\"@id\":\"https:\/\/vapingnet.de\/#website\"},\"primaryImageOfPage\":{\"@id\":\"https:\/\/vapingnet.de\/vape\/bang-king-50000-puffs-strawberry-mango-and-watermelon-bubble-gum-der-ideale-vape-fuer-intensive-fruchtnoten\/#primaryimage\"},\"image\":{\"@id\":\"https:\/\/vapingnet.de\/vape\/bang-king-50000-puffs-strawberry-mango-and-watermelon-bubble-gum-der-ideale-vape-fuer-intensive-fruchtnoten\/#primaryimage\"},\"thumbnailUrl\":\"https:\/\/vapingnet.de\/wp-content\/uploads\/2025\/03\/strawberry-mango-und-watermelon-bubble-gum.png\",\"datePublished\":\"2025-03-24T03:18:07+00:00\",\"dateModified\":\"2026-01-25T09:12:18+00:00\",\"description\":\"Entdecke Bang King 50000 Puffs Strawberry Mango and Watermelon Bubble Gum der ideale Vape f\u00fcr intensive Fruchtnoten bei vapingnet.de, \u25ba Gro\u00dfe Auswahl an Geschmacksrichtungen & super g\u00fcnstig!\",\"breadcrumb\":{\"@id\":\"https:\/\/vapingnet.de\/vape\/bang-king-50000-puffs-strawberry-mango-and-watermelon-bubble-gum-der-ideale-vape-fuer-intensive-fruchtnoten\/#breadcrumb\"},\"inLanguage\":\"lt-LT\",\"potentialAction\":[{\"@type\":\"ReadAction\",\"target\":[\"https:\/\/vapingnet.de\/vape\/bang-king-50000-puffs-strawberry-mango-and-watermelon-bubble-gum-der-ideale-vape-fuer-intensive-fruchtnoten\/\"]}]},{\"@type\":\"ImageObject\",\"inLanguage\":\"lt-LT\",\"@id\":\"https:\/\/vapingnet.de\/vape\/bang-king-50000-puffs-strawberry-mango-and-watermelon-bubble-gum-der-ideale-vape-fuer-intensive-fruchtnoten\/#primaryimage\",\"url\":\"https:\/\/vapingnet.de\/wp-content\/uploads\/2025\/03\/strawberry-mango-und-watermelon-bubble-gum.png\",\"contentUrl\":\"https:\/\/vapingnet.de\/wp-content\/uploads\/2025\/03\/strawberry-mango-und-watermelon-bubble-gum.png\",\"width\":1000,\"height\":1000,\"caption\":\"strawberry mango und watermelon bubble gum\"},{\"@type\":\"BreadcrumbList\",\"@id\":\"https:\/\/vapingnet.de\/vape\/bang-king-50000-puffs-strawberry-mango-and-watermelon-bubble-gum-der-ideale-vape-fuer-intensive-fruchtnoten\/#breadcrumb\",\"itemListElement\":[{\"@type\":\"ListItem\",\"position\":1,\"name\":\"Home\",\"item\":\"https:\/\/vapingnet.de\/\"},{\"@type\":\"ListItem\",\"position\":2,\"name\":\"Shop\",\"item\":\"https:\/\/vapingnet.de\/vape\/\"},{\"@type\":\"ListItem\",\"position\":3,\"name\":\"Bang King 50000 Puffs Strawberry Mango and Watermelon Bubble Gum der ideale Vape f\u00fcr intensive Fruchtnoten\"}]},{\"@type\":\"WebSite\",\"@id\":\"https:\/\/vapingnet.de\/#website\",\"url\":\"https:\/\/vapingnet.de\/\",\"name\":\"Vapingnet.de\",\"description\":\"\",\"publisher\":{\"@id\":\"https:\/\/vapingnet.de\/#organization\"},\"potentialAction\":[{\"@type\":\"SearchAction\",\"target\":{\"@type\":\"EntryPoint\",\"urlTemplate\":\"https:\/\/vapingnet.de\/?s={search_term_string}\"},\"query-input\":{\"@type\":\"PropertyValueSpecification\",\"valueRequired\":true,\"valueName\":\"search_term_string\"}}],\"inLanguage\":\"lt-LT\"},{\"@type\":\"Organization\",\"@id\":\"https:\/\/vapingnet.de\/#organization\",\"name\":\"Vapingnet.de\",\"url\":\"https:\/\/vapingnet.de\/\",\"logo\":{\"@type\":\"ImageObject\",\"inLanguage\":\"lt-LT\",\"@id\":\"https:\/\/vapingnet.de\/#\/schema\/logo\/image\/\",\"url\":\"https:\/\/vapingnet.de\/wp-content\/uploads\/2025\/03\/cropped-vapingnet.de_.jpg\",\"contentUrl\":\"https:\/\/vapingnet.de\/wp-content\/uploads\/2025\/03\/cropped-vapingnet.de_.jpg\",\"width\":512,\"height\":512,\"caption\":\"Vapingnet.de\"},\"image\":{\"@id\":\"https:\/\/vapingnet.de\/#\/schema\/logo\/image\/\"},\"sameAs\":[\"https:\/\/www.facebook.com\/vapingnetde\/\"]}]}<\/script>\n<!-- \/ Yoast SEO plugin. -->","yoast_head_json":{"title":"Bang King 50000 Puffs Strawberry Mango and Watermelon Bubble Gum der ideale Vape f\u00fcr intensive Fruchtnoten | Vapingnet.de","description":"Entdecke Bang King 50000 Puffs Strawberry Mango and Watermelon Bubble Gum der ideale Vape f\u00fcr intensive Fruchtnoten bei vapingnet.de, \u25ba Gro\u00dfe Auswahl an Geschmacksrichtungen & super g\u00fcnstig!","robots":{"index":"index","follow":"follow","max-snippet":"max-snippet:-1","max-image-preview":"max-image-preview:large","max-video-preview":"max-video-preview:-1"},"canonical":"https:\/\/vapingnet.de\/lt\/vape\/bang-king-50000-puffs-strawberry-mango-and-watermelon-bubble-gum-der-ideale-vape-fuer-intensive-fruchtnoten\/","og_locale":"lt_LT","og_type":"article","og_title":"Bang King 50000 Puffs Strawberry Mango and Watermelon Bubble Gum der ideale Vape f\u00fcr intensive Fruchtnoten | Vapingnet.de","og_description":"Entdecke Bang King 50000 Puffs Strawberry Mango and Watermelon Bubble Gum der ideale Vape f\u00fcr intensive Fruchtnoten bei vapingnet.de, \u25ba Gro\u00dfe Auswahl an Geschmacksrichtungen & super g\u00fcnstig!","og_url":"https:\/\/vapingnet.de\/lt\/vape\/bang-king-50000-puffs-strawberry-mango-and-watermelon-bubble-gum-der-ideale-vape-fuer-intensive-fruchtnoten\/","og_site_name":"Vapingnet.de","article_publisher":"https:\/\/www.facebook.com\/vapingnetde\/","article_modified_time":"2026-01-25T09:12:18+00:00","og_image":[{"width":1000,"height":1000,"url":"https:\/\/vapingnet.de\/wp-content\/uploads\/2025\/03\/strawberry-mango-und-watermelon-bubble-gum.png","type":"image\/png"}],"twitter_card":"summary_large_image","twitter_misc":{"Est. reading time":"3 minutes"},"schema":{"@context":"https:\/\/schema.org","@graph":[{"@type":"WebPage","@id":"https:\/\/vapingnet.de\/vape\/bang-king-50000-puffs-strawberry-mango-and-watermelon-bubble-gum-der-ideale-vape-fuer-intensive-fruchtnoten\/","url":"https:\/\/vapingnet.de\/vape\/bang-king-50000-puffs-strawberry-mango-and-watermelon-bubble-gum-der-ideale-vape-fuer-intensive-fruchtnoten\/","name":"Bang King 50000 Puffs Strawberry Mango and Watermelon Bubble Gum der ideale Vape f\u00fcr intensive Fruchtnoten | Vapingnet.de","isPartOf":{"@id":"https:\/\/vapingnet.de\/#website"},"primaryImageOfPage":{"@id":"https:\/\/vapingnet.de\/vape\/bang-king-50000-puffs-strawberry-mango-and-watermelon-bubble-gum-der-ideale-vape-fuer-intensive-fruchtnoten\/#primaryimage"},"image":{"@id":"https:\/\/vapingnet.de\/vape\/bang-king-50000-puffs-strawberry-mango-and-watermelon-bubble-gum-der-ideale-vape-fuer-intensive-fruchtnoten\/#primaryimage"},"thumbnailUrl":"https:\/\/vapingnet.de\/wp-content\/uploads\/2025\/03\/strawberry-mango-und-watermelon-bubble-gum.png","datePublished":"2025-03-24T03:18:07+00:00","dateModified":"2026-01-25T09:12:18+00:00","description":"Entdecke Bang King 50000 Puffs Strawberry Mango and Watermelon Bubble Gum der ideale Vape f\u00fcr intensive Fruchtnoten bei vapingnet.de, \u25ba Gro\u00dfe Auswahl an Geschmacksrichtungen & super g\u00fcnstig!","breadcrumb":{"@id":"https:\/\/vapingnet.de\/vape\/bang-king-50000-puffs-strawberry-mango-and-watermelon-bubble-gum-der-ideale-vape-fuer-intensive-fruchtnoten\/#breadcrumb"},"inLanguage":"lt-LT","potentialAction":[{"@type":"ReadAction","target":["https:\/\/vapingnet.de\/vape\/bang-king-50000-puffs-strawberry-mango-and-watermelon-bubble-gum-der-ideale-vape-fuer-intensive-fruchtnoten\/"]}]},{"@type":"ImageObject","inLanguage":"lt-LT","@id":"https:\/\/vapingnet.de\/vape\/bang-king-50000-puffs-strawberry-mango-and-watermelon-bubble-gum-der-ideale-vape-fuer-intensive-fruchtnoten\/#primaryimage","url":"https:\/\/vapingnet.de\/wp-content\/uploads\/2025\/03\/strawberry-mango-und-watermelon-bubble-gum.png","contentUrl":"https:\/\/vapingnet.de\/wp-content\/uploads\/2025\/03\/strawberry-mango-und-watermelon-bubble-gum.png","width":1000,"height":1000,"caption":"strawberry mango und watermelon bubble gum"},{"@type":"BreadcrumbList","@id":"https:\/\/vapingnet.de\/vape\/bang-king-50000-puffs-strawberry-mango-and-watermelon-bubble-gum-der-ideale-vape-fuer-intensive-fruchtnoten\/#breadcrumb","itemListElement":[{"@type":"ListItem","position":1,"name":"Home","item":"https:\/\/vapingnet.de\/"},{"@type":"ListItem","position":2,"name":"Shop","item":"https:\/\/vapingnet.de\/vape\/"},{"@type":"ListItem","position":3,"name":"Bang King 50000 Puffs Strawberry Mango and Watermelon Bubble Gum der ideale Vape f\u00fcr intensive Fruchtnoten"}]},{"@type":"WebSite","@id":"https:\/\/vapingnet.de\/#website","url":"https:\/\/vapingnet.de\/","name":"Vapingnet.de","description":"","publisher":{"@id":"https:\/\/vapingnet.de\/#organization"},"potentialAction":[{"@type":"SearchAction","target":{"@type":"EntryPoint","urlTemplate":"https:\/\/vapingnet.de\/?s={search_term_string}"},"query-input":{"@type":"PropertyValueSpecification","valueRequired":true,"valueName":"search_term_string"}}],"inLanguage":"lt-LT"},{"@type":"Organization","@id":"https:\/\/vapingnet.de\/#organization","name":"Vapingnet.de","url":"https:\/\/vapingnet.de\/","logo":{"@type":"ImageObject","inLanguage":"lt-LT","@id":"https:\/\/vapingnet.de\/#\/schema\/logo\/image\/","url":"https:\/\/vapingnet.de\/wp-content\/uploads\/2025\/03\/cropped-vapingnet.de_.jpg","contentUrl":"https:\/\/vapingnet.de\/wp-content\/uploads\/2025\/03\/cropped-vapingnet.de_.jpg","width":512,"height":512,"caption":"Vapingnet.de"},"image":{"@id":"https:\/\/vapingnet.de\/#\/schema\/logo\/image\/"},"sameAs":["https:\/\/www.facebook.com\/vapingnetde\/"]}]}},"tiered_pricing_type":"fixed","tiered_pricing_fixed_rules":{"10":"12.44","60":"11.96","110":"10.63","200":"9.3"},"tiered_pricing_product_settings":{"layout":"default","base_unit_name":{"singular":null,"plural":null},"default_variation":null},"tiered_pricing_minimum_quantity":null,"tiered_pricing_roles_data":[],"tiered_pricing_percentage_rules":[],"_links":{"self":[{"href":"https:\/\/vapingnet.de\/lt\/wp-json\/wp\/v2\/product\/5817","targetHints":{"allow":["GET"]}}],"collection":[{"href":"https:\/\/vapingnet.de\/lt\/wp-json\/wp\/v2\/product"}],"about":[{"href":"https:\/\/vapingnet.de\/lt\/wp-json\/wp\/v2\/types\/product"}],"version-history":[{"count":3,"href":"https:\/\/vapingnet.de\/lt\/wp-json\/wp\/v2\/product\/5817\/revisions"}],"predecessor-version":[{"id":7541,"href":"https:\/\/vapingnet.de\/lt\/wp-json\/wp\/v2\/product\/5817\/revisions\/7541"}],"wp:featuredmedia":[{"embeddable":true,"href":"https:\/\/vapingnet.de\/lt\/wp-json\/wp\/v2\/media\/5824"}],"wp:attachment":[{"href":"https:\/\/vapingnet.de\/lt\/wp-json\/wp\/v2\/media?parent=5817"}],"wp:term":[{"taxonomy":"brand","embeddable":true,"href":"https:\/\/vapingnet.de\/lt\/wp-json\/wp\/v2\/etheme_brands?post=5817"},{"taxonomy":"product_brand","embeddable":true,"href":"https:\/\/vapingnet.de\/lt\/wp-json\/wp\/v2\/product_brand?post=5817"},{"taxonomy":"product_cat","embeddable":true,"href":"https:\/\/vapingnet.de\/lt\/wp-json\/wp\/v2\/product_cat?post=5817"},{"taxonomy":"product_tag","embeddable":true,"href":"https:\/\/vapingnet.de\/lt\/wp-json\/wp\/v2\/product_tag?post=5817"}],"curies":[{"name":"wp","href":"https:\/\/api.w.org\/{rel}","templated":true}]}}