{"id":5840,"date":"2025-03-24T06:01:04","date_gmt":"2025-03-24T06:01:04","guid":{"rendered":"https:\/\/vapingnet.de\/?post_type=product&#038;p=5840"},"modified":"2026-01-25T09:10:59","modified_gmt":"2026-01-25T09:10:59","slug":"bang-king-50000-puffs-doppelte-geschmackskraft-aus-strawberry-watermelon-und-black-dragon-ice-spare-jetzt-bei-deinem-kauf","status":"publish","type":"product","link":"https:\/\/vapingnet.de\/lt\/vape\/bang-king-50000-puffs-doppelte-geschmackskraft-aus-strawberry-watermelon-und-black-dragon-ice-spare-jetzt-bei-deinem-kauf\/","title":{"rendered":"Bang King 50000 D\u016bm\u0173 Dviguba skonio j\u0117ga i\u0161 Bra\u0161ki\u0173 Arb\u016bzo ir Juodojo Drakono Ledas. Pirkite dabar"},"content":{"rendered":"<h2 data-start=\"56\" data-end=\"103\">Bang King 50000 \u012fkv\u0117pim\u0173 vienkartin\u0117 elektronin\u0117 cigaret\u0117<\/h2>\n<p class=\"\" data-start=\"105\" data-end=\"425\">Elektronini\u0173 cigare\u010di\u0173 pasaulyje Bang King 50000 \u012fkv\u0117pim\u0173 vienkartin\u0117 elektronin\u0117 cigaret\u0117 i\u0161siskiria savo i\u0161skirtine technologija ir nepaprastai ilga tarnavimo trukme, tapdama daugelio vapotoj\u0173 m\u0117gstama pasirinkimu. Jos unikalus dizainas sujungia auk\u0161t\u0105 na\u0161um\u0105 ir stili\u0173, suteikdamas jums neprilygstam\u0105 vapavimo patirt\u012f.<\/p>\n<h4 class=\"\" data-start=\"432\" data-end=\"453\">Pagrindiniai privalumai<\/h4>\n<ol data-start=\"455\" data-end=\"1455\">\n<li class=\"\" data-start=\"455\" data-end=\"859\">\n<p class=\"\" data-start=\"458\" data-end=\"497\">Labai ilga tarnavimo trukm\u0117: 50000 \u012fkv\u0117pim\u0173<\/p>\n<p class=\"\" data-start=\"502\" data-end=\"859\">M\u0117gaukit\u0117s ilgalaikiu malonumu su Bang King vienkartine elektronine cigarete, kuri si\u016blo iki 50000 \u012fkv\u0117pim\u0173 \u2013 daug daugiau nei daugelis kit\u0173 vienkartini\u0173 elektronini\u0173 cigare\u010di\u0173 rinkoje. Tai rei\u0161kia, kad tur\u0117site ilgesn\u0119 vapavimo patirt\u012f be nuolatinio savo elektronin\u0117s cigaret\u0117s keitimo, ir gal\u0117site toliau m\u0117gautis auk\u0161\u010diausios kokyb\u0117s vapavimo patirtimi.<\/p>\n<\/li>\n<li class=\"\" data-start=\"861\" data-end=\"1156\">\n<p class=\"\" data-start=\"864\" data-end=\"906\">Pa\u017eangi tinklelio rit\u0117s technologija<\/p>\n<p class=\"\" data-start=\"911\" data-end=\"1156\">\u012erengta 1.0\u03a9 tinklelio rit\u0117, \u0161i technologija u\u017etikrina, kad kiekvienas \u012fkv\u0117pimas b\u016bt\u0173 tolygus ir be netolygaus \u0161ilumos i\u0161siskyrimo, kaip b\u016bna su \u012fprastomis rit\u0117mis. Tai garantuoja puik\u0173 skon\u012f kiekvieno \u012fkv\u0117pimo metu.<\/p>\n<\/li>\n<li class=\"\" data-start=\"1158\" data-end=\"1455\">\n<p class=\"\" data-start=\"1161\" data-end=\"1211\">Didel\u0117 baterijos talpa ir greitas \u012fkrovimas<\/p>\n<p class=\"\" data-start=\"1216\" data-end=\"1455\">Su 850mAh baterija Bang King elektronin\u0117 cigaret\u0117 pasi\u017eymi stipriu na\u0161umu. Type-C jungtis u\u017etikrina greit\u0105 \u012fkrovim\u0105, kad gal\u0117tum\u0117te greitai v\u0117l prad\u0117ti naudotis savo elektronine cigarete, nesustabdydami vapavimo proceso.<\/p>\n<\/li>\n<\/ol>\n<h4 class=\"\" data-start=\"1462\" data-end=\"1507\">Skoni\u0173 patirtys: dvigubai geresn\u0117s<\/h4>\n<p class=\"\" data-start=\"1509\" data-end=\"1754\">Bang King 50000 \u012fkv\u0117pim\u0173 vienkartin\u0117 elektronin\u0117 cigaret\u0117 si\u016blo unikalius skonio derinius: Bra\u0161ki\u0173 arb\u016bzas ir Juodojo Drakono ledas. Kiekvienas \u012fkv\u0117pimas \u2013 gaivus mi\u0161inys i\u0161 skani\u0173 vaisi\u0173 aromat\u0173 ir gaivinan\u010dio \u0161alto kick'o:<\/p>\n<ul data-start=\"1756\" data-end=\"2096\">\n<li class=\"\" data-start=\"1756\" data-end=\"1922\">\n<p class=\"\" data-start=\"1758\" data-end=\"1922\">Bra\u0161ki\u0173 arb\u016bzas: Tobula bra\u0161ki\u0173 saldumo ir arb\u016bzo gaivumo kombinacija \u2013 ideali vasarai ir gaiviam poilsiui.<\/p>\n<\/li>\n<li class=\"\" data-start=\"1926\" data-end=\"2096\">\n<p class=\"\" data-start=\"1928\" data-end=\"2096\">Juodojo Drakono ledas: Unikalus ledinis skonis, derinamas su giliais vaisi\u0173 atspalviais, puikiai tinka tiems, kurie ie\u0161ko stipraus ir gaivinan\u010dio kick'o.<\/p>\n<\/li>\n<\/ul>\n<h4>Produkto duomenys<\/h4>\n<div class=\"overflow-x-auto contain-inline-size\">\n<table data-start=\"2128\" data-end=\"2922\">\n<thead data-start=\"2128\" data-end=\"2210\">\n<tr data-start=\"2128\" data-end=\"2210\">\n<th data-start=\"2128\" data-end=\"2156\">Produkto ypatyb\u0117s<\/th>\n<th data-start=\"2156\" data-end=\"2210\">Apra\u0161ymas<\/th>\n<\/tr>\n<\/thead>\n<tbody data-start=\"2294\" data-end=\"2922\">\n<tr data-start=\"2294\" data-end=\"2376\">\n<td>\u012ekv\u0117pimai<\/td>\n<td>50000 \u012fkv\u0117pim\u0173<\/td>\n<\/tr>\n<tr data-start=\"2377\" data-end=\"2469\">\n<td>Vamzdelis<\/td>\n<td>Tinklelio rit\u0117, 1,0\u03a9, u\u017etikrina tolyg\u0173 ir \u0161veln\u0173 \u012fkv\u0117pim\u0105.<\/td>\n<\/tr>\n<tr data-start=\"2470\" data-end=\"2564\">\n<td>E-liquido talpa<\/td>\n<td>50 ml, pakankamai ilgam vapavimo malonumui.<\/td>\n<\/tr>\n<tr data-start=\"2565\" data-end=\"2661\">\n<td>Nikotin\u0105<\/td>\n<td>Prieinama koncentracijose 0% \/ 2% \/ 3% \/ 5%.<\/td>\n<\/tr>\n<tr data-start=\"2662\" data-end=\"2744\">\n<td>Baterijos talpa<\/td>\n<td>850mAh, ilgam naudojimui.<\/td>\n<\/tr>\n<tr data-start=\"2745\" data-end=\"2827\">\n<td>\u012ekrovimo jungtis<\/td>\n<td>Type-C, greitam \u012fkrovimui.<\/td>\n<\/tr>\n<tr data-start=\"2828\" data-end=\"2922\">\n<td>Ekranas<\/td>\n<td>LCD skaitmeninis ekranas, rodo baterijos b\u016bsen\u0105 ir \u012fkv\u0117pim\u0173 skai\u010di\u0173.<\/td>\n<\/tr>\n<\/tbody>\n<\/table>\n<\/div>\n<h3 data-start=\"2929\" data-end=\"2983\">Pirkimo privalumai: be muit\u0173 ir greitas pristatymas<\/h3>\n<ul data-start=\"2985\" data-end=\"3436\">\n<li class=\"\" data-start=\"2985\" data-end=\"3116\">\n<p class=\"\" data-start=\"2987\" data-end=\"3116\">Be muit\u0173: perkant vapingnet.de m\u0117gaukit\u0117s muitais nemokamomis naudomis ir gausite produkt\u0105 u\u017e pigesn\u0119 kain\u0105.<\/p>\n<\/li>\n<li class=\"\" data-start=\"3117\" data-end=\"3249\">\n<p class=\"\" data-start=\"3119\" data-end=\"3249\">Greitas pristatymas: su 7-15 darbo dien\u0173 oro siuntos pristatymu galite greitai gauti savo u\u017esakym\u0105.<\/p>\n<\/li>\n<li class=\"\" data-start=\"3250\" data-end=\"3436\">\n<p class=\"\" data-start=\"3252\" data-end=\"3436\">Auk\u0161tos kokyb\u0117s: kiekviena Bang King 50000 \u012fkv\u0117pim\u0173 vienkartin\u0117 elektronin\u0117 cigaret\u0117 yra grie\u017etai tikrinama, siekiant u\u017etikrinti saugum\u0105 ir stabilum\u0105 naudojimo metu.<\/p>\n<\/li>\n<\/ul>\n<h4 data-start=\"3443\" data-end=\"3495\">Pirkti dabar ir m\u0117gautis \u0161vie\u017eiu skoniu<\/h4>\n<p class=\"\" data-start=\"3497\" data-end=\"3777\">Pasirinkite Bang King 50000 \u012fkv\u0117pim\u0173 vienkartin\u0119 elektronin\u0119 cigaret\u0119 ir m\u0117gaukit\u0117s ilgalaikiu garo malonumu su \u012fvairiais skonio potyriais. Apsilankykite dabar vapingnet.de, pasirinkite savo m\u0117gstam\u0105 skon\u012f ir patirkite nauj\u0105 garavimo pasaul\u012f.<\/p>","protected":false},"excerpt":{"rendered":"<p>Bang King 50000 \u012fkv\u0117pim\u0173 vienkartin\u0117 elektronin\u0117 cigaret\u0117. Elektronini\u0173 cigare\u010di\u0173 pasaulyje Bang King 50000 d\u016bm\u0173 vienkartin\u0117 elektronin\u0117 cigaret\u0117 i\u0161siskiria savo pa\u017eangia technologija ir...<\/p>","protected":false},"featured_media":5843,"template":"","meta":[],"etheme_brands":[],"product_brand":[101],"product_cat":[67,49,61,87],"product_tag":[],"class_list":{"0":"post-5840","1":"product","2":"type-product","3":"status-publish","4":"has-post-thumbnail","6":"product_brand-bang-king-vape","7":"product_cat-50k-vape","8":"product_cat-einweg-e-zigarette","9":"product_cat-f","10":"product_cat-v","12":"first","13":"instock","14":"shipping-taxable","15":"purchasable","16":"product-type-simple"},"yoast_head":"<!-- This site is optimized with the Yoast SEO plugin v26.5 - https:\/\/yoast.com\/wordpress\/plugins\/seo\/ -->\n<title>Bang King 50000 Puffs Doppelte Geschmackskraft aus Strawberry Watermelon und Black Dragon Ice Spare jetzt bei deinem Kauf | Vapingnet.de<\/title>\n<meta name=\"description\" content=\"Entdecke Bang King 50000 Puffs Doppelte Geschmackskraft aus Strawberry Watermelon und Black Dragon Ice Spare jetzt bei deinem Kauf bei vapingnet.de, \u25ba Gro\u00dfe Auswahl an Geschmacksrichtungen &amp; super g\u00fcnstig!\" \/>\n<meta name=\"robots\" content=\"index, follow, max-snippet:-1, max-image-preview:large, max-video-preview:-1\" \/>\n<link rel=\"canonical\" href=\"https:\/\/vapingnet.de\/lt\/vape\/bang-king-50000-puffs-doppelte-geschmackskraft-aus-strawberry-watermelon-und-black-dragon-ice-spare-jetzt-bei-deinem-kauf\/\" \/>\n<meta property=\"og:locale\" content=\"lt_LT\" \/>\n<meta property=\"og:type\" content=\"article\" \/>\n<meta property=\"og:title\" content=\"Bang King 50000 Puffs Doppelte Geschmackskraft aus Strawberry Watermelon und Black Dragon Ice Spare jetzt bei deinem Kauf | Vapingnet.de\" \/>\n<meta property=\"og:description\" content=\"Entdecke Bang King 50000 Puffs Doppelte Geschmackskraft aus Strawberry Watermelon und Black Dragon Ice Spare jetzt bei deinem Kauf bei vapingnet.de, \u25ba Gro\u00dfe Auswahl an Geschmacksrichtungen &amp; super g\u00fcnstig!\" \/>\n<meta property=\"og:url\" content=\"https:\/\/vapingnet.de\/lt\/vape\/bang-king-50000-puffs-doppelte-geschmackskraft-aus-strawberry-watermelon-und-black-dragon-ice-spare-jetzt-bei-deinem-kauf\/\" \/>\n<meta property=\"og:site_name\" content=\"Vapingnet.de\" \/>\n<meta property=\"article:publisher\" content=\"https:\/\/www.facebook.com\/vapingnetde\/\" \/>\n<meta property=\"article:modified_time\" content=\"2026-01-25T09:10:59+00:00\" \/>\n<meta property=\"og:image\" content=\"https:\/\/vapingnet.de\/wp-content\/uploads\/2025\/03\/bang50k-strawberry-watermelon-und-black-dragon-ice.png\" \/>\n\t<meta property=\"og:image:width\" content=\"1000\" \/>\n\t<meta property=\"og:image:height\" content=\"1000\" \/>\n\t<meta property=\"og:image:type\" content=\"image\/png\" \/>\n<meta name=\"twitter:card\" content=\"summary_large_image\" \/>\n<meta name=\"twitter:label1\" content=\"Est. reading time\" \/>\n\t<meta name=\"twitter:data1\" content=\"3 minutes\" \/>\n<script type=\"application\/ld+json\" class=\"yoast-schema-graph\">{\"@context\":\"https:\/\/schema.org\",\"@graph\":[{\"@type\":\"WebPage\",\"@id\":\"https:\/\/vapingnet.de\/vape\/bang-king-50000-puffs-doppelte-geschmackskraft-aus-strawberry-watermelon-und-black-dragon-ice-spare-jetzt-bei-deinem-kauf\/\",\"url\":\"https:\/\/vapingnet.de\/vape\/bang-king-50000-puffs-doppelte-geschmackskraft-aus-strawberry-watermelon-und-black-dragon-ice-spare-jetzt-bei-deinem-kauf\/\",\"name\":\"Bang King 50000 Puffs Doppelte Geschmackskraft aus Strawberry Watermelon und Black Dragon Ice Spare jetzt bei deinem Kauf | Vapingnet.de\",\"isPartOf\":{\"@id\":\"https:\/\/vapingnet.de\/#website\"},\"primaryImageOfPage\":{\"@id\":\"https:\/\/vapingnet.de\/vape\/bang-king-50000-puffs-doppelte-geschmackskraft-aus-strawberry-watermelon-und-black-dragon-ice-spare-jetzt-bei-deinem-kauf\/#primaryimage\"},\"image\":{\"@id\":\"https:\/\/vapingnet.de\/vape\/bang-king-50000-puffs-doppelte-geschmackskraft-aus-strawberry-watermelon-und-black-dragon-ice-spare-jetzt-bei-deinem-kauf\/#primaryimage\"},\"thumbnailUrl\":\"https:\/\/vapingnet.de\/wp-content\/uploads\/2025\/03\/bang50k-strawberry-watermelon-und-black-dragon-ice.png\",\"datePublished\":\"2025-03-24T06:01:04+00:00\",\"dateModified\":\"2026-01-25T09:10:59+00:00\",\"description\":\"Entdecke Bang King 50000 Puffs Doppelte Geschmackskraft aus Strawberry Watermelon und Black Dragon Ice Spare jetzt bei deinem Kauf bei vapingnet.de, \u25ba Gro\u00dfe Auswahl an Geschmacksrichtungen & super g\u00fcnstig!\",\"breadcrumb\":{\"@id\":\"https:\/\/vapingnet.de\/vape\/bang-king-50000-puffs-doppelte-geschmackskraft-aus-strawberry-watermelon-und-black-dragon-ice-spare-jetzt-bei-deinem-kauf\/#breadcrumb\"},\"inLanguage\":\"lt-LT\",\"potentialAction\":[{\"@type\":\"ReadAction\",\"target\":[\"https:\/\/vapingnet.de\/vape\/bang-king-50000-puffs-doppelte-geschmackskraft-aus-strawberry-watermelon-und-black-dragon-ice-spare-jetzt-bei-deinem-kauf\/\"]}]},{\"@type\":\"ImageObject\",\"inLanguage\":\"lt-LT\",\"@id\":\"https:\/\/vapingnet.de\/vape\/bang-king-50000-puffs-doppelte-geschmackskraft-aus-strawberry-watermelon-und-black-dragon-ice-spare-jetzt-bei-deinem-kauf\/#primaryimage\",\"url\":\"https:\/\/vapingnet.de\/wp-content\/uploads\/2025\/03\/bang50k-strawberry-watermelon-und-black-dragon-ice.png\",\"contentUrl\":\"https:\/\/vapingnet.de\/wp-content\/uploads\/2025\/03\/bang50k-strawberry-watermelon-und-black-dragon-ice.png\",\"width\":1000,\"height\":1000,\"caption\":\"bang50k-strawberry watermelon und black dragon ice\"},{\"@type\":\"BreadcrumbList\",\"@id\":\"https:\/\/vapingnet.de\/vape\/bang-king-50000-puffs-doppelte-geschmackskraft-aus-strawberry-watermelon-und-black-dragon-ice-spare-jetzt-bei-deinem-kauf\/#breadcrumb\",\"itemListElement\":[{\"@type\":\"ListItem\",\"position\":1,\"name\":\"Home\",\"item\":\"https:\/\/vapingnet.de\/\"},{\"@type\":\"ListItem\",\"position\":2,\"name\":\"Shop\",\"item\":\"https:\/\/vapingnet.de\/vape\/\"},{\"@type\":\"ListItem\",\"position\":3,\"name\":\"Bang King 50000 Puffs Doppelte Geschmackskraft aus Strawberry Watermelon und Black Dragon Ice Spare jetzt bei deinem Kauf\"}]},{\"@type\":\"WebSite\",\"@id\":\"https:\/\/vapingnet.de\/#website\",\"url\":\"https:\/\/vapingnet.de\/\",\"name\":\"Vapingnet.de\",\"description\":\"\",\"publisher\":{\"@id\":\"https:\/\/vapingnet.de\/#organization\"},\"potentialAction\":[{\"@type\":\"SearchAction\",\"target\":{\"@type\":\"EntryPoint\",\"urlTemplate\":\"https:\/\/vapingnet.de\/?s={search_term_string}\"},\"query-input\":{\"@type\":\"PropertyValueSpecification\",\"valueRequired\":true,\"valueName\":\"search_term_string\"}}],\"inLanguage\":\"lt-LT\"},{\"@type\":\"Organization\",\"@id\":\"https:\/\/vapingnet.de\/#organization\",\"name\":\"Vapingnet.de\",\"url\":\"https:\/\/vapingnet.de\/\",\"logo\":{\"@type\":\"ImageObject\",\"inLanguage\":\"lt-LT\",\"@id\":\"https:\/\/vapingnet.de\/#\/schema\/logo\/image\/\",\"url\":\"https:\/\/vapingnet.de\/wp-content\/uploads\/2025\/03\/cropped-vapingnet.de_.jpg\",\"contentUrl\":\"https:\/\/vapingnet.de\/wp-content\/uploads\/2025\/03\/cropped-vapingnet.de_.jpg\",\"width\":512,\"height\":512,\"caption\":\"Vapingnet.de\"},\"image\":{\"@id\":\"https:\/\/vapingnet.de\/#\/schema\/logo\/image\/\"},\"sameAs\":[\"https:\/\/www.facebook.com\/vapingnetde\/\"]}]}<\/script>\n<!-- \/ Yoast SEO plugin. -->","yoast_head_json":{"title":"Bang King 50000 Puffs Doppelte Geschmackskraft aus Strawberry Watermelon und Black Dragon Ice Spare jetzt bei deinem Kauf | Vapingnet.de","description":"Entdecke Bang King 50000 Puffs Doppelte Geschmackskraft aus Strawberry Watermelon und Black Dragon Ice Spare jetzt bei deinem Kauf bei vapingnet.de, \u25ba Gro\u00dfe Auswahl an Geschmacksrichtungen & super g\u00fcnstig!","robots":{"index":"index","follow":"follow","max-snippet":"max-snippet:-1","max-image-preview":"max-image-preview:large","max-video-preview":"max-video-preview:-1"},"canonical":"https:\/\/vapingnet.de\/lt\/vape\/bang-king-50000-puffs-doppelte-geschmackskraft-aus-strawberry-watermelon-und-black-dragon-ice-spare-jetzt-bei-deinem-kauf\/","og_locale":"lt_LT","og_type":"article","og_title":"Bang King 50000 Puffs Doppelte Geschmackskraft aus Strawberry Watermelon und Black Dragon Ice Spare jetzt bei deinem Kauf | Vapingnet.de","og_description":"Entdecke Bang King 50000 Puffs Doppelte Geschmackskraft aus Strawberry Watermelon und Black Dragon Ice Spare jetzt bei deinem Kauf bei vapingnet.de, \u25ba Gro\u00dfe Auswahl an Geschmacksrichtungen & super g\u00fcnstig!","og_url":"https:\/\/vapingnet.de\/lt\/vape\/bang-king-50000-puffs-doppelte-geschmackskraft-aus-strawberry-watermelon-und-black-dragon-ice-spare-jetzt-bei-deinem-kauf\/","og_site_name":"Vapingnet.de","article_publisher":"https:\/\/www.facebook.com\/vapingnetde\/","article_modified_time":"2026-01-25T09:10:59+00:00","og_image":[{"width":1000,"height":1000,"url":"https:\/\/vapingnet.de\/wp-content\/uploads\/2025\/03\/bang50k-strawberry-watermelon-und-black-dragon-ice.png","type":"image\/png"}],"twitter_card":"summary_large_image","twitter_misc":{"Est. reading time":"3 minutes"},"schema":{"@context":"https:\/\/schema.org","@graph":[{"@type":"WebPage","@id":"https:\/\/vapingnet.de\/vape\/bang-king-50000-puffs-doppelte-geschmackskraft-aus-strawberry-watermelon-und-black-dragon-ice-spare-jetzt-bei-deinem-kauf\/","url":"https:\/\/vapingnet.de\/vape\/bang-king-50000-puffs-doppelte-geschmackskraft-aus-strawberry-watermelon-und-black-dragon-ice-spare-jetzt-bei-deinem-kauf\/","name":"Bang King 50000 Puffs Doppelte Geschmackskraft aus Strawberry Watermelon und Black Dragon Ice Spare jetzt bei deinem Kauf | Vapingnet.de","isPartOf":{"@id":"https:\/\/vapingnet.de\/#website"},"primaryImageOfPage":{"@id":"https:\/\/vapingnet.de\/vape\/bang-king-50000-puffs-doppelte-geschmackskraft-aus-strawberry-watermelon-und-black-dragon-ice-spare-jetzt-bei-deinem-kauf\/#primaryimage"},"image":{"@id":"https:\/\/vapingnet.de\/vape\/bang-king-50000-puffs-doppelte-geschmackskraft-aus-strawberry-watermelon-und-black-dragon-ice-spare-jetzt-bei-deinem-kauf\/#primaryimage"},"thumbnailUrl":"https:\/\/vapingnet.de\/wp-content\/uploads\/2025\/03\/bang50k-strawberry-watermelon-und-black-dragon-ice.png","datePublished":"2025-03-24T06:01:04+00:00","dateModified":"2026-01-25T09:10:59+00:00","description":"Entdecke Bang King 50000 Puffs Doppelte Geschmackskraft aus Strawberry Watermelon und Black Dragon Ice Spare jetzt bei deinem Kauf bei vapingnet.de, \u25ba Gro\u00dfe Auswahl an Geschmacksrichtungen & super g\u00fcnstig!","breadcrumb":{"@id":"https:\/\/vapingnet.de\/vape\/bang-king-50000-puffs-doppelte-geschmackskraft-aus-strawberry-watermelon-und-black-dragon-ice-spare-jetzt-bei-deinem-kauf\/#breadcrumb"},"inLanguage":"lt-LT","potentialAction":[{"@type":"ReadAction","target":["https:\/\/vapingnet.de\/vape\/bang-king-50000-puffs-doppelte-geschmackskraft-aus-strawberry-watermelon-und-black-dragon-ice-spare-jetzt-bei-deinem-kauf\/"]}]},{"@type":"ImageObject","inLanguage":"lt-LT","@id":"https:\/\/vapingnet.de\/vape\/bang-king-50000-puffs-doppelte-geschmackskraft-aus-strawberry-watermelon-und-black-dragon-ice-spare-jetzt-bei-deinem-kauf\/#primaryimage","url":"https:\/\/vapingnet.de\/wp-content\/uploads\/2025\/03\/bang50k-strawberry-watermelon-und-black-dragon-ice.png","contentUrl":"https:\/\/vapingnet.de\/wp-content\/uploads\/2025\/03\/bang50k-strawberry-watermelon-und-black-dragon-ice.png","width":1000,"height":1000,"caption":"bang50k-strawberry watermelon und black dragon ice"},{"@type":"BreadcrumbList","@id":"https:\/\/vapingnet.de\/vape\/bang-king-50000-puffs-doppelte-geschmackskraft-aus-strawberry-watermelon-und-black-dragon-ice-spare-jetzt-bei-deinem-kauf\/#breadcrumb","itemListElement":[{"@type":"ListItem","position":1,"name":"Home","item":"https:\/\/vapingnet.de\/"},{"@type":"ListItem","position":2,"name":"Shop","item":"https:\/\/vapingnet.de\/vape\/"},{"@type":"ListItem","position":3,"name":"Bang King 50000 Puffs Doppelte Geschmackskraft aus Strawberry Watermelon und Black Dragon Ice Spare jetzt bei deinem Kauf"}]},{"@type":"WebSite","@id":"https:\/\/vapingnet.de\/#website","url":"https:\/\/vapingnet.de\/","name":"Vapingnet.de","description":"","publisher":{"@id":"https:\/\/vapingnet.de\/#organization"},"potentialAction":[{"@type":"SearchAction","target":{"@type":"EntryPoint","urlTemplate":"https:\/\/vapingnet.de\/?s={search_term_string}"},"query-input":{"@type":"PropertyValueSpecification","valueRequired":true,"valueName":"search_term_string"}}],"inLanguage":"lt-LT"},{"@type":"Organization","@id":"https:\/\/vapingnet.de\/#organization","name":"Vapingnet.de","url":"https:\/\/vapingnet.de\/","logo":{"@type":"ImageObject","inLanguage":"lt-LT","@id":"https:\/\/vapingnet.de\/#\/schema\/logo\/image\/","url":"https:\/\/vapingnet.de\/wp-content\/uploads\/2025\/03\/cropped-vapingnet.de_.jpg","contentUrl":"https:\/\/vapingnet.de\/wp-content\/uploads\/2025\/03\/cropped-vapingnet.de_.jpg","width":512,"height":512,"caption":"Vapingnet.de"},"image":{"@id":"https:\/\/vapingnet.de\/#\/schema\/logo\/image\/"},"sameAs":["https:\/\/www.facebook.com\/vapingnetde\/"]}]}},"tiered_pricing_type":"fixed","tiered_pricing_fixed_rules":{"10":"12.44","60":"11.96","110":"10.63","200":"9.3"},"tiered_pricing_product_settings":{"layout":"default","base_unit_name":{"singular":null,"plural":null},"default_variation":null},"tiered_pricing_minimum_quantity":null,"tiered_pricing_roles_data":[],"tiered_pricing_percentage_rules":[],"_links":{"self":[{"href":"https:\/\/vapingnet.de\/lt\/wp-json\/wp\/v2\/product\/5840","targetHints":{"allow":["GET"]}}],"collection":[{"href":"https:\/\/vapingnet.de\/lt\/wp-json\/wp\/v2\/product"}],"about":[{"href":"https:\/\/vapingnet.de\/lt\/wp-json\/wp\/v2\/types\/product"}],"version-history":[{"count":4,"href":"https:\/\/vapingnet.de\/lt\/wp-json\/wp\/v2\/product\/5840\/revisions"}],"predecessor-version":[{"id":7539,"href":"https:\/\/vapingnet.de\/lt\/wp-json\/wp\/v2\/product\/5840\/revisions\/7539"}],"wp:featuredmedia":[{"embeddable":true,"href":"https:\/\/vapingnet.de\/lt\/wp-json\/wp\/v2\/media\/5843"}],"wp:attachment":[{"href":"https:\/\/vapingnet.de\/lt\/wp-json\/wp\/v2\/media?parent=5840"}],"wp:term":[{"taxonomy":"brand","embeddable":true,"href":"https:\/\/vapingnet.de\/lt\/wp-json\/wp\/v2\/etheme_brands?post=5840"},{"taxonomy":"product_brand","embeddable":true,"href":"https:\/\/vapingnet.de\/lt\/wp-json\/wp\/v2\/product_brand?post=5840"},{"taxonomy":"product_cat","embeddable":true,"href":"https:\/\/vapingnet.de\/lt\/wp-json\/wp\/v2\/product_cat?post=5840"},{"taxonomy":"product_tag","embeddable":true,"href":"https:\/\/vapingnet.de\/lt\/wp-json\/wp\/v2\/product_tag?post=5840"}],"curies":[{"name":"wp","href":"https:\/\/api.w.org\/{rel}","templated":true}]}}