{"id":5841,"date":"2025-03-24T06:01:06","date_gmt":"2025-03-24T06:01:06","guid":{"rendered":"https:\/\/vapingnet.de\/?post_type=product&#038;p=5841"},"modified":"2026-01-25T09:09:25","modified_gmt":"2026-01-25T09:09:25","slug":"bang-king-50000-puffs-strawberry-watermelon-und-kiwi-passion-fruit-guava-hoechste-qualitaet-und-jetzt-zollfrei-erhaeltlich","status":"publish","type":"product","link":"https:\/\/vapingnet.de\/lt\/vape\/bang-king-50000-puffs-strawberry-watermelon-und-kiwi-passion-fruit-guava-hoechste-qualitaet-und-jetzt-zollfrei-erhaeltlich\/","title":{"rendered":"Bang King 50000 D\u016bm\u0173 Bra\u0161ki\u0173 Arb\u016bzas ir Kivi Pasiflor\u0173 auk\u0161\u010diausia kokyb\u0117 ir dabar be muito"},"content":{"rendered":"<h2 data-start=\"0\" data-end=\"82\">Bang King 50000 Puffs vienkartin\u0117 elektronin\u0117 cigaret\u0117 \u2013 nepakartojamas r\u016bkymo patyrimas<\/h2>\n<p class=\"\" data-start=\"84\" data-end=\"478\">Bang King 50000 Puffs vienkartin\u0117 elektronin\u0117 cigaret\u0117 yra labai vertinama nauja elektronini\u0173 cigare\u010di\u0173 \u012franga rinkoje, pasi\u017eyminti ekstremalia ilgaam\u017ei\u0161kumu, dvigubomis skonio galimyb\u0117mis ir pa\u017eangia technologija, tapo m\u0117gstama pasirinkimu r\u016bkytojams. Nesvarbu, ar esi pradedantysis, ar patyr\u0119s r\u016bkytojas, Bang King 50000 Puffs atitiks visas tavo poreikius.<\/p>\n<h4 class=\"\" data-start=\"480\" data-end=\"503\">Pagrindin\u0117s savyb\u0117s:<\/h4>\n<ul data-start=\"505\" data-end=\"2076\">\n<li class=\"\" data-start=\"505\" data-end=\"726\">\n<p class=\"\" data-start=\"507\" data-end=\"726\">Ekstremalus naudojimo laikas: Did\u017eiausias Bang King 50000 Puffs vienkartin\u0117s elektronin\u0117s cigaret\u0117s privalumas \u2013 jos 50 000 \u012fkrovim\u0173 trukm\u0117. Nereikia nuolat keisti \u012frenginio ir ilgai r\u016bkyti be trukd\u017ei\u0173.<\/p>\n<\/li>\n<li class=\"\" data-start=\"728\" data-end=\"1004\">\n<p class=\"\" data-start=\"730\" data-end=\"1004\">Tinklelio rit\u0117s technologija: Su 1,0\u03a9 tinklelio rit\u0117, \u0161i elektronin\u0117 cigaret\u0117 u\u017etikrina tolyg\u0173 \u0161ildym\u0105, kuris sukuria \u0161veln\u0173 ir vienod\u0105 garavim\u0105. Kiekvienas \u012fkv\u0117pimas yra sklandus ir skanus, daug geriau nei tradicin\u0117s var\u017eos rit\u0117s.<\/p>\n<\/li>\n<li class=\"\" data-start=\"1006\" data-end=\"1371\">\n<p class=\"\" data-start=\"1008\" data-end=\"1371\">Dvigubos skonio galimyb\u0117s visiems skoniams: Bang King 50000 Puffs si\u016blo dvi skanias skonio r\u016b\u0161is: bra\u0161ki\u0173 arb\u016bz\u0105 ir kivi su pasiflor\u0173 guava. Pirmoji kombinacija si\u016blo sald\u017ei\u0105 bra\u0161ki\u0173 ir gaiv\u0173 arb\u016bz\u0105, o antroji \u2013 egzoti\u0161k\u0105 tropin\u012f skon\u012f, primenant\u012f atostogas.<\/p>\n<\/li>\n<li class=\"\" data-start=\"1373\" data-end=\"1610\">\n<p class=\"\" data-start=\"1375\" data-end=\"1610\">Skirtingi nikotino stiprumai: Bang King 50000 Puffs si\u016blo pasirinkti tarp 0%, 2%, 3% ir 5% nikotino stiprum\u0173. Priklausomai nuo pageidavim\u0173, galite nustatyti savo tobul\u0105 r\u016bkom\u0105j\u012f stiprum\u0105 ir m\u0117gautis tobulu garavimu.<\/p>\n<\/li>\n<li class=\"\" data-start=\"1612\" data-end=\"1865\">\n<p class=\"\" data-start=\"1614\" data-end=\"1865\">I\u0161manusis LCD ekranas: Su LCD ekranu visada galite steb\u0117ti \u012fkrovimo b\u016bsen\u0105 ir likusius \u012fkrovimus. Taip b\u016bsite informuotas ir i\u0161vengsite netik\u0117t\u0173 i\u0161sikrovim\u0173.<\/p>\n<\/li>\n<li class=\"\" data-start=\"1867\" data-end=\"2076\">\n<p class=\"\" data-start=\"1869\" data-end=\"2076\">Type-C greitas \u012fkrovimas: 850mAh akumuliatorius palaiko Type-C greit\u0105 \u012fkrovim\u0105, tod\u0117l \u012frenginys greitai v\u0117l paruo\u0161tas naudoti. Galite greitai \u012fkrauti ir toliau r\u016bkyti.<\/p>\n<\/li>\n<\/ul>\n<h3 data-start=\"2083\" data-end=\"2162\">Kod\u0117l verta rinktis Bang King 50000 Puffs vienkartin\u0119 elektronin\u0119 cigaret\u0119?<\/h3>\n<ul data-start=\"2164\" data-end=\"2741\">\n<li class=\"\" data-start=\"2164\" data-end=\"2455\">\n<p class=\"\" data-start=\"2166\" data-end=\"2455\">Be muitin\u0117s mokes\u010di\u0173 ir greitas pristatymas: Perkant Bang King 50000 Puffs, nemokate muit\u0173 ir galite patogiai u\u017esisakyti per svetain\u0119 vapingnet.de. Pristatymas trunka tik 7-15 darbo dien\u0173, tod\u0117l tai idealiai tinka greitam \u012frengini\u0173 keitimui.<\/p>\n<\/li>\n<li class=\"\" data-start=\"2457\" data-end=\"2741\">\n<p class=\"\" data-start=\"2459\" data-end=\"2741\">Vienkartinis dizainas, paprasta ir patogu: Skirtingai nuo kei\u010diam\u0173 pod\u0173 \u012frengini\u0173, Bang King 50000 Puffs yra patogus vienkartinis dizainas. Jums nereikia r\u016bpintis valymu ar pod\u0173 keitimu, tiesiog naudokite ir i\u0161meskite po naudojimo.<\/p>\n<\/li>\n<\/ul>\n<p class=\"\" data-start=\"2763\" data-end=\"3161\">Bang King 50000 Puffs vienkartin\u0117 elektronin\u0117 cigaret\u0117 yra ne tik inovacija estetikoje, bet ir technologinis prover\u017eis. Jos ilga naudojimo trukm\u0117, pla\u010dios skonio galimyb\u0117s ir auk\u0161tos kokyb\u0117s garavimo patirtis daro j\u0105 nepakei\u010diamu r\u016bkytojo palydovu. Jei ie\u0161kote auk\u0161\u010diausios kokyb\u0117s r\u016bkymo patirties, Bang King 50000 Puffs tikrai yra teisingas pasirinkimas.<\/p>","protected":false},"excerpt":{"rendered":"<p>Bang King 50000 d\u016bm\u0173 vienkartin\u0117 elektronin\u0117 cigaret\u0117 \u2013 neprilygstama r\u016bkymo patirtis. Bang King 50000 d\u016bm\u0173 vienkartin\u0117 elektronin\u0117 cigaret\u0117 yra naujas, rinkoje gerai \u017einomas \u012frenginys, kuris pasi\u017eymi savo...<\/p>","protected":false},"featured_media":5842,"template":"","meta":[],"etheme_brands":[],"product_brand":[101],"product_cat":[67,49,61,87],"product_tag":[],"class_list":{"0":"post-5841","1":"product","2":"type-product","3":"status-publish","4":"has-post-thumbnail","6":"product_brand-bang-king-vape","7":"product_cat-50k-vape","8":"product_cat-einweg-e-zigarette","9":"product_cat-f","10":"product_cat-v","12":"first","13":"instock","14":"shipping-taxable","15":"purchasable","16":"product-type-simple"},"yoast_head":"<!-- This site is optimized with the Yoast SEO plugin v26.5 - https:\/\/yoast.com\/wordpress\/plugins\/seo\/ -->\n<title>Bang King 50000 Puffs Strawberry Watermelon und Kiwi Passion Fruit Guava h\u00f6chste Qualit\u00e4t und jetzt zollfrei erh\u00e4ltlich | Vapingnet.de<\/title>\n<meta name=\"description\" content=\"Entdecke Bang King 50000 Puffs Strawberry Watermelon und Kiwi Passion Fruit Guava h\u00f6chste Qualit\u00e4t und jetzt zollfrei erh\u00e4ltlich bei vapingnet.de, \u25ba Gro\u00dfe Auswahl an Geschmacksrichtungen &amp; super g\u00fcnstig!\" \/>\n<meta name=\"robots\" content=\"index, follow, max-snippet:-1, max-image-preview:large, max-video-preview:-1\" \/>\n<link rel=\"canonical\" href=\"https:\/\/vapingnet.de\/lt\/vape\/bang-king-50000-puffs-strawberry-watermelon-und-kiwi-passion-fruit-guava-hoechste-qualitaet-und-jetzt-zollfrei-erhaeltlich\/\" \/>\n<meta property=\"og:locale\" content=\"lt_LT\" \/>\n<meta property=\"og:type\" content=\"article\" \/>\n<meta property=\"og:title\" content=\"Bang King 50000 Puffs Strawberry Watermelon und Kiwi Passion Fruit Guava h\u00f6chste Qualit\u00e4t und jetzt zollfrei erh\u00e4ltlich | Vapingnet.de\" \/>\n<meta property=\"og:description\" content=\"Entdecke Bang King 50000 Puffs Strawberry Watermelon und Kiwi Passion Fruit Guava h\u00f6chste Qualit\u00e4t und jetzt zollfrei erh\u00e4ltlich bei vapingnet.de, \u25ba Gro\u00dfe Auswahl an Geschmacksrichtungen &amp; super g\u00fcnstig!\" \/>\n<meta property=\"og:url\" content=\"https:\/\/vapingnet.de\/lt\/vape\/bang-king-50000-puffs-strawberry-watermelon-und-kiwi-passion-fruit-guava-hoechste-qualitaet-und-jetzt-zollfrei-erhaeltlich\/\" \/>\n<meta property=\"og:site_name\" content=\"Vapingnet.de\" \/>\n<meta property=\"article:publisher\" content=\"https:\/\/www.facebook.com\/vapingnetde\/\" \/>\n<meta property=\"article:modified_time\" content=\"2026-01-25T09:09:25+00:00\" \/>\n<meta property=\"og:image\" content=\"https:\/\/vapingnet.de\/wp-content\/uploads\/2025\/03\/bang50k-strawberry-watermelon-und-kiwi-passion-fruit-guava.png\" \/>\n\t<meta property=\"og:image:width\" content=\"1000\" \/>\n\t<meta property=\"og:image:height\" content=\"1000\" \/>\n\t<meta property=\"og:image:type\" content=\"image\/png\" \/>\n<meta name=\"twitter:card\" content=\"summary_large_image\" \/>\n<meta name=\"twitter:label1\" content=\"Est. reading time\" \/>\n\t<meta name=\"twitter:data1\" content=\"3 minutes\" \/>\n<script type=\"application\/ld+json\" class=\"yoast-schema-graph\">{\"@context\":\"https:\/\/schema.org\",\"@graph\":[{\"@type\":\"WebPage\",\"@id\":\"https:\/\/vapingnet.de\/vape\/bang-king-50000-puffs-strawberry-watermelon-und-kiwi-passion-fruit-guava-hoechste-qualitaet-und-jetzt-zollfrei-erhaeltlich\/\",\"url\":\"https:\/\/vapingnet.de\/vape\/bang-king-50000-puffs-strawberry-watermelon-und-kiwi-passion-fruit-guava-hoechste-qualitaet-und-jetzt-zollfrei-erhaeltlich\/\",\"name\":\"Bang King 50000 Puffs Strawberry Watermelon und Kiwi Passion Fruit Guava h\u00f6chste Qualit\u00e4t und jetzt zollfrei erh\u00e4ltlich | Vapingnet.de\",\"isPartOf\":{\"@id\":\"https:\/\/vapingnet.de\/#website\"},\"primaryImageOfPage\":{\"@id\":\"https:\/\/vapingnet.de\/vape\/bang-king-50000-puffs-strawberry-watermelon-und-kiwi-passion-fruit-guava-hoechste-qualitaet-und-jetzt-zollfrei-erhaeltlich\/#primaryimage\"},\"image\":{\"@id\":\"https:\/\/vapingnet.de\/vape\/bang-king-50000-puffs-strawberry-watermelon-und-kiwi-passion-fruit-guava-hoechste-qualitaet-und-jetzt-zollfrei-erhaeltlich\/#primaryimage\"},\"thumbnailUrl\":\"https:\/\/vapingnet.de\/wp-content\/uploads\/2025\/03\/bang50k-strawberry-watermelon-und-kiwi-passion-fruit-guava.png\",\"datePublished\":\"2025-03-24T06:01:06+00:00\",\"dateModified\":\"2026-01-25T09:09:25+00:00\",\"description\":\"Entdecke Bang King 50000 Puffs Strawberry Watermelon und Kiwi Passion Fruit Guava h\u00f6chste Qualit\u00e4t und jetzt zollfrei erh\u00e4ltlich bei vapingnet.de, \u25ba Gro\u00dfe Auswahl an Geschmacksrichtungen & super g\u00fcnstig!\",\"breadcrumb\":{\"@id\":\"https:\/\/vapingnet.de\/vape\/bang-king-50000-puffs-strawberry-watermelon-und-kiwi-passion-fruit-guava-hoechste-qualitaet-und-jetzt-zollfrei-erhaeltlich\/#breadcrumb\"},\"inLanguage\":\"lt-LT\",\"potentialAction\":[{\"@type\":\"ReadAction\",\"target\":[\"https:\/\/vapingnet.de\/vape\/bang-king-50000-puffs-strawberry-watermelon-und-kiwi-passion-fruit-guava-hoechste-qualitaet-und-jetzt-zollfrei-erhaeltlich\/\"]}]},{\"@type\":\"ImageObject\",\"inLanguage\":\"lt-LT\",\"@id\":\"https:\/\/vapingnet.de\/vape\/bang-king-50000-puffs-strawberry-watermelon-und-kiwi-passion-fruit-guava-hoechste-qualitaet-und-jetzt-zollfrei-erhaeltlich\/#primaryimage\",\"url\":\"https:\/\/vapingnet.de\/wp-content\/uploads\/2025\/03\/bang50k-strawberry-watermelon-und-kiwi-passion-fruit-guava.png\",\"contentUrl\":\"https:\/\/vapingnet.de\/wp-content\/uploads\/2025\/03\/bang50k-strawberry-watermelon-und-kiwi-passion-fruit-guava.png\",\"width\":1000,\"height\":1000,\"caption\":\"bang50k-strawberry watermelon und kiwi passion fruit guava\"},{\"@type\":\"BreadcrumbList\",\"@id\":\"https:\/\/vapingnet.de\/vape\/bang-king-50000-puffs-strawberry-watermelon-und-kiwi-passion-fruit-guava-hoechste-qualitaet-und-jetzt-zollfrei-erhaeltlich\/#breadcrumb\",\"itemListElement\":[{\"@type\":\"ListItem\",\"position\":1,\"name\":\"Home\",\"item\":\"https:\/\/vapingnet.de\/\"},{\"@type\":\"ListItem\",\"position\":2,\"name\":\"Shop\",\"item\":\"https:\/\/vapingnet.de\/vape\/\"},{\"@type\":\"ListItem\",\"position\":3,\"name\":\"Bang King 50000 Puffs Strawberry Watermelon und Kiwi Passion Fruit Guava h\u00f6chste Qualit\u00e4t und jetzt zollfrei erh\u00e4ltlich\"}]},{\"@type\":\"WebSite\",\"@id\":\"https:\/\/vapingnet.de\/#website\",\"url\":\"https:\/\/vapingnet.de\/\",\"name\":\"Vapingnet.de\",\"description\":\"\",\"publisher\":{\"@id\":\"https:\/\/vapingnet.de\/#organization\"},\"potentialAction\":[{\"@type\":\"SearchAction\",\"target\":{\"@type\":\"EntryPoint\",\"urlTemplate\":\"https:\/\/vapingnet.de\/?s={search_term_string}\"},\"query-input\":{\"@type\":\"PropertyValueSpecification\",\"valueRequired\":true,\"valueName\":\"search_term_string\"}}],\"inLanguage\":\"lt-LT\"},{\"@type\":\"Organization\",\"@id\":\"https:\/\/vapingnet.de\/#organization\",\"name\":\"Vapingnet.de\",\"url\":\"https:\/\/vapingnet.de\/\",\"logo\":{\"@type\":\"ImageObject\",\"inLanguage\":\"lt-LT\",\"@id\":\"https:\/\/vapingnet.de\/#\/schema\/logo\/image\/\",\"url\":\"https:\/\/vapingnet.de\/wp-content\/uploads\/2025\/03\/cropped-vapingnet.de_.jpg\",\"contentUrl\":\"https:\/\/vapingnet.de\/wp-content\/uploads\/2025\/03\/cropped-vapingnet.de_.jpg\",\"width\":512,\"height\":512,\"caption\":\"Vapingnet.de\"},\"image\":{\"@id\":\"https:\/\/vapingnet.de\/#\/schema\/logo\/image\/\"},\"sameAs\":[\"https:\/\/www.facebook.com\/vapingnetde\/\"]}]}<\/script>\n<!-- \/ Yoast SEO plugin. -->","yoast_head_json":{"title":"Bang King 50000 Puffs Strawberry Watermelon und Kiwi Passion Fruit Guava h\u00f6chste Qualit\u00e4t und jetzt zollfrei erh\u00e4ltlich | Vapingnet.de","description":"Entdecke Bang King 50000 Puffs Strawberry Watermelon und Kiwi Passion Fruit Guava h\u00f6chste Qualit\u00e4t und jetzt zollfrei erh\u00e4ltlich bei vapingnet.de, \u25ba Gro\u00dfe Auswahl an Geschmacksrichtungen & super g\u00fcnstig!","robots":{"index":"index","follow":"follow","max-snippet":"max-snippet:-1","max-image-preview":"max-image-preview:large","max-video-preview":"max-video-preview:-1"},"canonical":"https:\/\/vapingnet.de\/lt\/vape\/bang-king-50000-puffs-strawberry-watermelon-und-kiwi-passion-fruit-guava-hoechste-qualitaet-und-jetzt-zollfrei-erhaeltlich\/","og_locale":"lt_LT","og_type":"article","og_title":"Bang King 50000 Puffs Strawberry Watermelon und Kiwi Passion Fruit Guava h\u00f6chste Qualit\u00e4t und jetzt zollfrei erh\u00e4ltlich | Vapingnet.de","og_description":"Entdecke Bang King 50000 Puffs Strawberry Watermelon und Kiwi Passion Fruit Guava h\u00f6chste Qualit\u00e4t und jetzt zollfrei erh\u00e4ltlich bei vapingnet.de, \u25ba Gro\u00dfe Auswahl an Geschmacksrichtungen & super g\u00fcnstig!","og_url":"https:\/\/vapingnet.de\/lt\/vape\/bang-king-50000-puffs-strawberry-watermelon-und-kiwi-passion-fruit-guava-hoechste-qualitaet-und-jetzt-zollfrei-erhaeltlich\/","og_site_name":"Vapingnet.de","article_publisher":"https:\/\/www.facebook.com\/vapingnetde\/","article_modified_time":"2026-01-25T09:09:25+00:00","og_image":[{"width":1000,"height":1000,"url":"https:\/\/vapingnet.de\/wp-content\/uploads\/2025\/03\/bang50k-strawberry-watermelon-und-kiwi-passion-fruit-guava.png","type":"image\/png"}],"twitter_card":"summary_large_image","twitter_misc":{"Est. reading time":"3 minutes"},"schema":{"@context":"https:\/\/schema.org","@graph":[{"@type":"WebPage","@id":"https:\/\/vapingnet.de\/vape\/bang-king-50000-puffs-strawberry-watermelon-und-kiwi-passion-fruit-guava-hoechste-qualitaet-und-jetzt-zollfrei-erhaeltlich\/","url":"https:\/\/vapingnet.de\/vape\/bang-king-50000-puffs-strawberry-watermelon-und-kiwi-passion-fruit-guava-hoechste-qualitaet-und-jetzt-zollfrei-erhaeltlich\/","name":"Bang King 50000 Puffs Strawberry Watermelon und Kiwi Passion Fruit Guava h\u00f6chste Qualit\u00e4t und jetzt zollfrei erh\u00e4ltlich | Vapingnet.de","isPartOf":{"@id":"https:\/\/vapingnet.de\/#website"},"primaryImageOfPage":{"@id":"https:\/\/vapingnet.de\/vape\/bang-king-50000-puffs-strawberry-watermelon-und-kiwi-passion-fruit-guava-hoechste-qualitaet-und-jetzt-zollfrei-erhaeltlich\/#primaryimage"},"image":{"@id":"https:\/\/vapingnet.de\/vape\/bang-king-50000-puffs-strawberry-watermelon-und-kiwi-passion-fruit-guava-hoechste-qualitaet-und-jetzt-zollfrei-erhaeltlich\/#primaryimage"},"thumbnailUrl":"https:\/\/vapingnet.de\/wp-content\/uploads\/2025\/03\/bang50k-strawberry-watermelon-und-kiwi-passion-fruit-guava.png","datePublished":"2025-03-24T06:01:06+00:00","dateModified":"2026-01-25T09:09:25+00:00","description":"Entdecke Bang King 50000 Puffs Strawberry Watermelon und Kiwi Passion Fruit Guava h\u00f6chste Qualit\u00e4t und jetzt zollfrei erh\u00e4ltlich bei vapingnet.de, \u25ba Gro\u00dfe Auswahl an Geschmacksrichtungen & super g\u00fcnstig!","breadcrumb":{"@id":"https:\/\/vapingnet.de\/vape\/bang-king-50000-puffs-strawberry-watermelon-und-kiwi-passion-fruit-guava-hoechste-qualitaet-und-jetzt-zollfrei-erhaeltlich\/#breadcrumb"},"inLanguage":"lt-LT","potentialAction":[{"@type":"ReadAction","target":["https:\/\/vapingnet.de\/vape\/bang-king-50000-puffs-strawberry-watermelon-und-kiwi-passion-fruit-guava-hoechste-qualitaet-und-jetzt-zollfrei-erhaeltlich\/"]}]},{"@type":"ImageObject","inLanguage":"lt-LT","@id":"https:\/\/vapingnet.de\/vape\/bang-king-50000-puffs-strawberry-watermelon-und-kiwi-passion-fruit-guava-hoechste-qualitaet-und-jetzt-zollfrei-erhaeltlich\/#primaryimage","url":"https:\/\/vapingnet.de\/wp-content\/uploads\/2025\/03\/bang50k-strawberry-watermelon-und-kiwi-passion-fruit-guava.png","contentUrl":"https:\/\/vapingnet.de\/wp-content\/uploads\/2025\/03\/bang50k-strawberry-watermelon-und-kiwi-passion-fruit-guava.png","width":1000,"height":1000,"caption":"bang50k-strawberry watermelon und kiwi passion fruit guava"},{"@type":"BreadcrumbList","@id":"https:\/\/vapingnet.de\/vape\/bang-king-50000-puffs-strawberry-watermelon-und-kiwi-passion-fruit-guava-hoechste-qualitaet-und-jetzt-zollfrei-erhaeltlich\/#breadcrumb","itemListElement":[{"@type":"ListItem","position":1,"name":"Home","item":"https:\/\/vapingnet.de\/"},{"@type":"ListItem","position":2,"name":"Shop","item":"https:\/\/vapingnet.de\/vape\/"},{"@type":"ListItem","position":3,"name":"Bang King 50000 Puffs Strawberry Watermelon und Kiwi Passion Fruit Guava h\u00f6chste Qualit\u00e4t und jetzt zollfrei erh\u00e4ltlich"}]},{"@type":"WebSite","@id":"https:\/\/vapingnet.de\/#website","url":"https:\/\/vapingnet.de\/","name":"Vapingnet.de","description":"","publisher":{"@id":"https:\/\/vapingnet.de\/#organization"},"potentialAction":[{"@type":"SearchAction","target":{"@type":"EntryPoint","urlTemplate":"https:\/\/vapingnet.de\/?s={search_term_string}"},"query-input":{"@type":"PropertyValueSpecification","valueRequired":true,"valueName":"search_term_string"}}],"inLanguage":"lt-LT"},{"@type":"Organization","@id":"https:\/\/vapingnet.de\/#organization","name":"Vapingnet.de","url":"https:\/\/vapingnet.de\/","logo":{"@type":"ImageObject","inLanguage":"lt-LT","@id":"https:\/\/vapingnet.de\/#\/schema\/logo\/image\/","url":"https:\/\/vapingnet.de\/wp-content\/uploads\/2025\/03\/cropped-vapingnet.de_.jpg","contentUrl":"https:\/\/vapingnet.de\/wp-content\/uploads\/2025\/03\/cropped-vapingnet.de_.jpg","width":512,"height":512,"caption":"Vapingnet.de"},"image":{"@id":"https:\/\/vapingnet.de\/#\/schema\/logo\/image\/"},"sameAs":["https:\/\/www.facebook.com\/vapingnetde\/"]}]}},"tiered_pricing_type":"fixed","tiered_pricing_fixed_rules":{"10":"12.44","60":"11.96","110":"10.63","200":"9.3"},"tiered_pricing_product_settings":{"layout":"default","base_unit_name":{"singular":null,"plural":null},"default_variation":null},"tiered_pricing_minimum_quantity":null,"tiered_pricing_roles_data":[],"tiered_pricing_percentage_rules":[],"_links":{"self":[{"href":"https:\/\/vapingnet.de\/lt\/wp-json\/wp\/v2\/product\/5841","targetHints":{"allow":["GET"]}}],"collection":[{"href":"https:\/\/vapingnet.de\/lt\/wp-json\/wp\/v2\/product"}],"about":[{"href":"https:\/\/vapingnet.de\/lt\/wp-json\/wp\/v2\/types\/product"}],"version-history":[{"count":3,"href":"https:\/\/vapingnet.de\/lt\/wp-json\/wp\/v2\/product\/5841\/revisions"}],"predecessor-version":[{"id":7537,"href":"https:\/\/vapingnet.de\/lt\/wp-json\/wp\/v2\/product\/5841\/revisions\/7537"}],"wp:featuredmedia":[{"embeddable":true,"href":"https:\/\/vapingnet.de\/lt\/wp-json\/wp\/v2\/media\/5842"}],"wp:attachment":[{"href":"https:\/\/vapingnet.de\/lt\/wp-json\/wp\/v2\/media?parent=5841"}],"wp:term":[{"taxonomy":"brand","embeddable":true,"href":"https:\/\/vapingnet.de\/lt\/wp-json\/wp\/v2\/etheme_brands?post=5841"},{"taxonomy":"product_brand","embeddable":true,"href":"https:\/\/vapingnet.de\/lt\/wp-json\/wp\/v2\/product_brand?post=5841"},{"taxonomy":"product_cat","embeddable":true,"href":"https:\/\/vapingnet.de\/lt\/wp-json\/wp\/v2\/product_cat?post=5841"},{"taxonomy":"product_tag","embeddable":true,"href":"https:\/\/vapingnet.de\/lt\/wp-json\/wp\/v2\/product_tag?post=5841"}],"curies":[{"name":"wp","href":"https:\/\/api.w.org\/{rel}","templated":true}]}}