{"id":5871,"date":"2025-03-25T06:36:10","date_gmt":"2025-03-25T06:36:10","guid":{"rendered":"https:\/\/vapingnet.de\/?post_type=product&#038;p=5871"},"modified":"2025-06-19T03:40:10","modified_gmt":"2025-06-19T03:40:10","slug":"15000-zuege-purer-geschmack-bang-king-digital-strawberry-watermelon","status":"publish","type":"product","link":"https:\/\/vapingnet.de\/lt\/vape\/15000-zuege-purer-geschmack-bang-king-digital-strawberry-watermelon\/","title":{"rendered":"15000 Ruo\u0161i\u0173 gryno skonio Bang King Digital Strawberry Watermelon"},"content":{"rendered":"<h2 data-start=\"0\" data-end=\"100\" data-immersive-translate-walked=\"be435e60-77a0-46e9-a6da-6d61292a5e22\">Bang King Digital 15000 Puffs vienkartin\u0117 E-cigaret\u0117 \u2013 m\u0117gaukit\u0117s neprilygstamu skoniu<\/h2>\n<p class=\"\" data-start=\"102\" data-end=\"355\" data-immersive-translate-walked=\"be435e60-77a0-46e9-a6da-6d61292a5e22\">E-cigaret\u0117s pasaulyje Bang King Digital 15000 Puffs neabejotinai yra akcentas. Kaip inovatyvus, galingas \u012frenginys, jis ne tik atitinka vartotoj\u0173 poreikius, bet ir yra ideali pasirinktis E-cigaret\u0117s m\u0117g\u0117jams.<\/p>\n<h3 class=\"\" data-start=\"357\" data-end=\"374\" data-immersive-translate-walked=\"be435e60-77a0-46e9-a6da-6d61292a5e22\">Pagrindin\u0117s savyb\u0117s<\/h3>\n<ul data-start=\"376\" data-end=\"1778\" data-immersive-translate-walked=\"be435e60-77a0-46e9-a6da-6d61292a5e22\">\n<li class=\"\" data-start=\"376\" data-end=\"586\" data-immersive-translate-walked=\"be435e60-77a0-46e9-a6da-6d61292a5e22\">\n<p class=\"\" data-start=\"378\" data-end=\"586\" data-immersive-translate-walked=\"be435e60-77a0-46e9-a6da-6d61292a5e22\">Didelis garo kiekis: \u0160i E-cigaret\u0117 si\u016blo \u012fsp\u016bdingus 15000 p\u016btim\u0173, tai rei\u0161kia, kad gal\u0117site ilgai m\u0117gautis nuolatiniu skoniu be da\u017en\u0173 kaset\u0117s keitim\u0173 ar \u012fkrovimo.<\/p>\n<\/li>\n<li class=\"\" data-start=\"590\" data-end=\"786\" data-immersive-translate-walked=\"be435e60-77a0-46e9-a6da-6d61292a5e22\">\n<p class=\"\" data-start=\"592\" data-end=\"786\" data-immersive-translate-walked=\"be435e60-77a0-46e9-a6da-6d61292a5e22\">Galingas akumuliatorius: Su 650mAh akumuliatoriumi, kuris yra \u012fkraunamas ir u\u017etikrina ilg\u0105 naudojimo laik\u0105. Tipo-c greito \u012fkrovimo jungtis leid\u017eia dar patogiau \u012fkrauti.<\/p>\n<\/li>\n<li class=\"\" data-start=\"788\" data-end=\"1053\" data-immersive-translate-walked=\"be435e60-77a0-46e9-a6da-6d61292a5e22\">\n<p class=\"\" data-start=\"790\" data-end=\"1053\" data-immersive-translate-walked=\"be435e60-77a0-46e9-a6da-6d61292a5e22\">Patrauklus skonis: Su gaiviu ir sald\u017eiu bra\u0161ki\u0173 arb\u016bzo skoniu, kuris sujungia vaisinius aromatus ir lengv\u0105 saldum\u0105. Nesvarbu, ar kar\u0161t\u0105 vasar\u0105, ar ramiais momentais, jis suteiks ilgalaik\u012f malonum\u0105.<\/p>\n<\/li>\n<li class=\"\" data-start=\"1055\" data-end=\"1282\" data-immersive-translate-walked=\"be435e60-77a0-46e9-a6da-6d61292a5e22\">\n<p class=\"\" data-start=\"1057\" data-end=\"1282\" data-immersive-translate-walked=\"be435e60-77a0-46e9-a6da-6d61292a5e22\">Skirtingi nikotino stiprumai: Galimi 0%, 2%, 3%, 5% nikotino stiprumai, siekiant patenkinti \u012fvairius E-cigaret\u0117s naudotoj\u0173 poreikius. U\u017e 0% ir 3% nikotin\u0105 reikalinga didel\u0117 u\u017esakymo suma.<\/p>\n<\/li>\n<li class=\"\" data-start=\"1284\" data-end=\"1466\" data-immersive-translate-walked=\"be435e60-77a0-46e9-a6da-6d61292a5e22\">\n<p class=\"\" data-start=\"1286\" data-end=\"1466\" data-immersive-translate-walked=\"be435e60-77a0-46e9-a6da-6d61292a5e22\">LED \u0161viesos indikatorius: Su RGB ap\u0161vietimo efektais kiekvienas \u012fkv\u0117pimas tampa dar linksmesnis ir vizualiai patrauklesnis, idealiai tinka tiems, kurie ie\u0161ko individualumo ir stiliaus.<\/p>\n<\/li>\n<li class=\"\" data-start=\"1468\" data-end=\"1609\" data-immersive-translate-walked=\"be435e60-77a0-46e9-a6da-6d61292a5e22\">\n<p class=\"\" data-start=\"1470\" data-end=\"1609\" data-immersive-translate-walked=\"be435e60-77a0-46e9-a6da-6d61292a5e22\">Didelis E-liquid t\u016bris: Integruotas 25 ml bakelis u\u017etikrina, kad ilgai gal\u0117site m\u0117gautis pilnu, turtingu skoniu.<\/p>\n<\/li>\n<li class=\"\" data-start=\"1611\" data-end=\"1778\" data-immersive-translate-walked=\"be435e60-77a0-46e9-a6da-6d61292a5e22\">\n<p class=\"\" data-start=\"1613\" data-end=\"1778\" data-immersive-translate-walked=\"be435e60-77a0-46e9-a6da-6d61292a5e22\">Lengvas dizainas: Svoris tik 90 g leid\u017eia lengvai ne\u0161iotis E-cigaret\u0119 ir leid\u017eia jums bet kada ir bet kur patirti malonum\u0105.<\/p>\n<\/li>\n<\/ul>\n<h3>Unikal\u016bs privalumai<\/h3>\n<ul data-start=\"1807\" data-end=\"2331\" data-immersive-translate-walked=\"be435e60-77a0-46e9-a6da-6d61292a5e22\">\n<li class=\"\" data-start=\"1807\" data-end=\"1962\" data-immersive-translate-walked=\"be435e60-77a0-46e9-a6da-6d61292a5e22\">\n<p class=\"\" data-start=\"1809\" data-end=\"1962\" data-immersive-translate-walked=\"be435e60-77a0-46e9-a6da-6d61292a5e22\">Be muitin\u0117s mokes\u010di\u0173: Jums nereikia jaudintis d\u0117l papildom\u0173 muitin\u0117s mokes\u010di\u0173 \u2013 m\u0117gaukit\u0117s be r\u016bpes\u010di\u0173 pristatymu ir patogiu pirkimo procesu.<\/p>\n<\/li>\n<li class=\"\" data-start=\"1964\" data-end=\"2078\" data-immersive-translate-walked=\"be435e60-77a0-46e9-a6da-6d61292a5e22\">\n<p class=\"\" data-start=\"1966\" data-end=\"2078\" data-immersive-translate-walked=\"be435e60-77a0-46e9-a6da-6d61292a5e22\">Vienkartinio naudojimo dizainas: Nereikia valyti ar pri\u017ei\u016br\u0117ti. Papras\u010diausiai i\u0161meskite po naudojimo \u2013 taupo laik\u0105 ir pastangas.<\/p>\n<\/li>\n<li class=\"\" data-start=\"2080\" data-end=\"2331\" data-immersive-translate-walked=\"be435e60-77a0-46e9-a6da-6d61292a5e22\">\n<p class=\"\" data-start=\"2082\" data-end=\"2331\" data-immersive-translate-walked=\"be435e60-77a0-46e9-a6da-6d61292a5e22\">Tinka asmeniniam naudojimui ir didmenin\u0117ms u\u017esakymams: Nesvarbu, ar naudojate asmeni\u0161kai, ar didmeniniam pardavimui \u2013 \u0161is produktas atitiks j\u016bs\u0173 poreikius. Perkant per vapingnet.de, naudokit\u0117s \u017eemomis kainomis ir greitu pristatymu.<\/p>\n<\/li>\n<\/ul>\n<h4 data-start=\"2333\" data-end=\"2354\" data-immersive-translate-walked=\"be435e60-77a0-46e9-a6da-6d61292a5e22\">Kam jis tinka?<\/h4>\n<p class=\"\" data-start=\"2356\" data-end=\"2686\" data-immersive-translate-walked=\"be435e60-77a0-46e9-a6da-6d61292a5e22\">Nesvarbu, ar esate pradedantysis, ar patyr\u0119s E-cigaret\u0117s naudotojas, Bang King Digital 15000 Puffs suteiks jums i\u0161skirtin\u0119 garavimo patirt\u012f. Ypa\u010d tinkamas tiems, kurie vertina ilgalaik\u012f malonum\u0105 ir \u012fvairius skonius, o skirtingi nikotino stiprumai leid\u017eia pritaikyti prie \u012fvairi\u0173 poreiki\u0173 ir pageidavim\u0173.<\/p>\n<h4 data-start=\"2688\" data-end=\"2739\" data-immersive-translate-walked=\"be435e60-77a0-46e9-a6da-6d61292a5e22\">Patirkite dabar Bang King Digital 15000 Puffs!<\/h4>\n<p class=\"\" data-start=\"2741\" data-end=\"2898\" data-immersive-translate-walked=\"be435e60-77a0-46e9-a6da-6d61292a5e22\">Neleiskite laukti ilgiau, apsilankykite dabar vapingnet.de, \u012fsigykite \u0161i\u0105 auk\u0161tos kokyb\u0117s E-cigaret\u0119 ir patirkite visi\u0161kai nauj\u0105 garavimo patirt\u012f!<\/p>","protected":false},"excerpt":{"rendered":"<p>Bang King Digital 15000 Puffs Vienkartin\u0117 elektronin\u0117 cigaret\u0117 \u2013 Nepalyginamas skonio patyrimas M\u016bs\u0173 elektronini\u0173 cigare\u010di\u0173 pasaulyje Bang King Digital 15000 Puffs neabejotinai yra...<\/p>","protected":false},"featured_media":5876,"template":"","meta":[],"etheme_brands":[],"product_brand":[101],"product_cat":[53,49,61],"product_tag":[],"class_list":{"0":"post-5871","1":"product","2":"type-product","3":"status-publish","4":"has-post-thumbnail","6":"product_brand-bang-king-vape","7":"product_cat-vape-15000-zuege","8":"product_cat-einweg-e-zigarette","9":"product_cat-f","11":"first","12":"instock","13":"shipping-taxable","14":"purchasable","15":"product-type-simple"},"yoast_head":"<!-- This site is optimized with the Yoast SEO plugin v26.5 - https:\/\/yoast.com\/wordpress\/plugins\/seo\/ -->\n<title>15000 Z\u00fcge purer Geschmack Bang King Digital Strawberry Watermelon | Vapingnet.de<\/title>\n<meta name=\"description\" content=\"Entdecke 15000 Z\u00fcge purer Geschmack Bang King Digital Strawberry Watermelon bei vapingnet.de, \u25ba Gro\u00dfe Auswahl an Geschmacksrichtungen &amp; super g\u00fcnstig!\" \/>\n<meta name=\"robots\" content=\"index, follow, max-snippet:-1, max-image-preview:large, max-video-preview:-1\" \/>\n<link rel=\"canonical\" href=\"https:\/\/vapingnet.de\/lt\/vape\/15000-zuege-purer-geschmack-bang-king-digital-strawberry-watermelon\/\" \/>\n<meta property=\"og:locale\" content=\"lt_LT\" \/>\n<meta property=\"og:type\" content=\"article\" \/>\n<meta property=\"og:title\" content=\"15000 Z\u00fcge purer Geschmack Bang King Digital Strawberry Watermelon | Vapingnet.de\" \/>\n<meta property=\"og:description\" content=\"Entdecke 15000 Z\u00fcge purer Geschmack Bang King Digital Strawberry Watermelon bei vapingnet.de, \u25ba Gro\u00dfe Auswahl an Geschmacksrichtungen &amp; super g\u00fcnstig!\" \/>\n<meta property=\"og:url\" content=\"https:\/\/vapingnet.de\/lt\/vape\/15000-zuege-purer-geschmack-bang-king-digital-strawberry-watermelon\/\" \/>\n<meta property=\"og:site_name\" content=\"Vapingnet.de\" \/>\n<meta property=\"article:publisher\" content=\"https:\/\/www.facebook.com\/vapingnetde\/\" \/>\n<meta property=\"article:modified_time\" content=\"2025-06-19T03:40:10+00:00\" \/>\n<meta property=\"og:image\" content=\"https:\/\/vapingnet.de\/wp-content\/uploads\/2025\/03\/Strawberry-Watermelon-4.png\" \/>\n\t<meta property=\"og:image:width\" content=\"900\" \/>\n\t<meta property=\"og:image:height\" content=\"600\" \/>\n\t<meta property=\"og:image:type\" content=\"image\/png\" \/>\n<meta name=\"twitter:card\" content=\"summary_large_image\" \/>\n<meta name=\"twitter:label1\" content=\"Est. reading time\" \/>\n\t<meta name=\"twitter:data1\" content=\"3 minutes\" \/>\n<script type=\"application\/ld+json\" class=\"yoast-schema-graph\">{\"@context\":\"https:\/\/schema.org\",\"@graph\":[{\"@type\":\"WebPage\",\"@id\":\"https:\/\/vapingnet.de\/vape\/15000-zuege-purer-geschmack-bang-king-digital-strawberry-watermelon\/\",\"url\":\"https:\/\/vapingnet.de\/vape\/15000-zuege-purer-geschmack-bang-king-digital-strawberry-watermelon\/\",\"name\":\"15000 Z\u00fcge purer Geschmack Bang King Digital Strawberry Watermelon | Vapingnet.de\",\"isPartOf\":{\"@id\":\"https:\/\/vapingnet.de\/#website\"},\"primaryImageOfPage\":{\"@id\":\"https:\/\/vapingnet.de\/vape\/15000-zuege-purer-geschmack-bang-king-digital-strawberry-watermelon\/#primaryimage\"},\"image\":{\"@id\":\"https:\/\/vapingnet.de\/vape\/15000-zuege-purer-geschmack-bang-king-digital-strawberry-watermelon\/#primaryimage\"},\"thumbnailUrl\":\"https:\/\/vapingnet.de\/wp-content\/uploads\/2025\/03\/Strawberry-Watermelon-4.png\",\"datePublished\":\"2025-03-25T06:36:10+00:00\",\"dateModified\":\"2025-06-19T03:40:10+00:00\",\"description\":\"Entdecke 15000 Z\u00fcge purer Geschmack Bang King Digital Strawberry Watermelon bei vapingnet.de, \u25ba Gro\u00dfe Auswahl an Geschmacksrichtungen & super g\u00fcnstig!\",\"breadcrumb\":{\"@id\":\"https:\/\/vapingnet.de\/vape\/15000-zuege-purer-geschmack-bang-king-digital-strawberry-watermelon\/#breadcrumb\"},\"inLanguage\":\"lt-LT\",\"potentialAction\":[{\"@type\":\"ReadAction\",\"target\":[\"https:\/\/vapingnet.de\/vape\/15000-zuege-purer-geschmack-bang-king-digital-strawberry-watermelon\/\"]}]},{\"@type\":\"ImageObject\",\"inLanguage\":\"lt-LT\",\"@id\":\"https:\/\/vapingnet.de\/vape\/15000-zuege-purer-geschmack-bang-king-digital-strawberry-watermelon\/#primaryimage\",\"url\":\"https:\/\/vapingnet.de\/wp-content\/uploads\/2025\/03\/Strawberry-Watermelon-4.png\",\"contentUrl\":\"https:\/\/vapingnet.de\/wp-content\/uploads\/2025\/03\/Strawberry-Watermelon-4.png\",\"width\":900,\"height\":600,\"caption\":\"Strawberry Watermelon\"},{\"@type\":\"BreadcrumbList\",\"@id\":\"https:\/\/vapingnet.de\/vape\/15000-zuege-purer-geschmack-bang-king-digital-strawberry-watermelon\/#breadcrumb\",\"itemListElement\":[{\"@type\":\"ListItem\",\"position\":1,\"name\":\"Home\",\"item\":\"https:\/\/vapingnet.de\/\"},{\"@type\":\"ListItem\",\"position\":2,\"name\":\"Shop\",\"item\":\"https:\/\/vapingnet.de\/vape\/\"},{\"@type\":\"ListItem\",\"position\":3,\"name\":\"15000 Z\u00fcge purer Geschmack Bang King Digital Strawberry Watermelon\"}]},{\"@type\":\"WebSite\",\"@id\":\"https:\/\/vapingnet.de\/#website\",\"url\":\"https:\/\/vapingnet.de\/\",\"name\":\"Vapingnet.de\",\"description\":\"\",\"publisher\":{\"@id\":\"https:\/\/vapingnet.de\/#organization\"},\"potentialAction\":[{\"@type\":\"SearchAction\",\"target\":{\"@type\":\"EntryPoint\",\"urlTemplate\":\"https:\/\/vapingnet.de\/?s={search_term_string}\"},\"query-input\":{\"@type\":\"PropertyValueSpecification\",\"valueRequired\":true,\"valueName\":\"search_term_string\"}}],\"inLanguage\":\"lt-LT\"},{\"@type\":\"Organization\",\"@id\":\"https:\/\/vapingnet.de\/#organization\",\"name\":\"Vapingnet.de\",\"url\":\"https:\/\/vapingnet.de\/\",\"logo\":{\"@type\":\"ImageObject\",\"inLanguage\":\"lt-LT\",\"@id\":\"https:\/\/vapingnet.de\/#\/schema\/logo\/image\/\",\"url\":\"https:\/\/vapingnet.de\/wp-content\/uploads\/2025\/03\/cropped-vapingnet.de_.jpg\",\"contentUrl\":\"https:\/\/vapingnet.de\/wp-content\/uploads\/2025\/03\/cropped-vapingnet.de_.jpg\",\"width\":512,\"height\":512,\"caption\":\"Vapingnet.de\"},\"image\":{\"@id\":\"https:\/\/vapingnet.de\/#\/schema\/logo\/image\/\"},\"sameAs\":[\"https:\/\/www.facebook.com\/vapingnetde\/\"]}]}<\/script>\n<!-- \/ Yoast SEO plugin. -->","yoast_head_json":{"title":"15000 Z\u00fcge purer Geschmack Bang King Digital Strawberry Watermelon | Vapingnet.de","description":"Entdecke 15000 Z\u00fcge purer Geschmack Bang King Digital Strawberry Watermelon bei vapingnet.de, \u25ba Gro\u00dfe Auswahl an Geschmacksrichtungen & super g\u00fcnstig!","robots":{"index":"index","follow":"follow","max-snippet":"max-snippet:-1","max-image-preview":"max-image-preview:large","max-video-preview":"max-video-preview:-1"},"canonical":"https:\/\/vapingnet.de\/lt\/vape\/15000-zuege-purer-geschmack-bang-king-digital-strawberry-watermelon\/","og_locale":"lt_LT","og_type":"article","og_title":"15000 Z\u00fcge purer Geschmack Bang King Digital Strawberry Watermelon | Vapingnet.de","og_description":"Entdecke 15000 Z\u00fcge purer Geschmack Bang King Digital Strawberry Watermelon bei vapingnet.de, \u25ba Gro\u00dfe Auswahl an Geschmacksrichtungen & super g\u00fcnstig!","og_url":"https:\/\/vapingnet.de\/lt\/vape\/15000-zuege-purer-geschmack-bang-king-digital-strawberry-watermelon\/","og_site_name":"Vapingnet.de","article_publisher":"https:\/\/www.facebook.com\/vapingnetde\/","article_modified_time":"2025-06-19T03:40:10+00:00","og_image":[{"width":900,"height":600,"url":"https:\/\/vapingnet.de\/wp-content\/uploads\/2025\/03\/Strawberry-Watermelon-4.png","type":"image\/png"}],"twitter_card":"summary_large_image","twitter_misc":{"Est. reading time":"3 minutes"},"schema":{"@context":"https:\/\/schema.org","@graph":[{"@type":"WebPage","@id":"https:\/\/vapingnet.de\/vape\/15000-zuege-purer-geschmack-bang-king-digital-strawberry-watermelon\/","url":"https:\/\/vapingnet.de\/vape\/15000-zuege-purer-geschmack-bang-king-digital-strawberry-watermelon\/","name":"15000 Z\u00fcge purer Geschmack Bang King Digital Strawberry Watermelon | Vapingnet.de","isPartOf":{"@id":"https:\/\/vapingnet.de\/#website"},"primaryImageOfPage":{"@id":"https:\/\/vapingnet.de\/vape\/15000-zuege-purer-geschmack-bang-king-digital-strawberry-watermelon\/#primaryimage"},"image":{"@id":"https:\/\/vapingnet.de\/vape\/15000-zuege-purer-geschmack-bang-king-digital-strawberry-watermelon\/#primaryimage"},"thumbnailUrl":"https:\/\/vapingnet.de\/wp-content\/uploads\/2025\/03\/Strawberry-Watermelon-4.png","datePublished":"2025-03-25T06:36:10+00:00","dateModified":"2025-06-19T03:40:10+00:00","description":"Entdecke 15000 Z\u00fcge purer Geschmack Bang King Digital Strawberry Watermelon bei vapingnet.de, \u25ba Gro\u00dfe Auswahl an Geschmacksrichtungen & super g\u00fcnstig!","breadcrumb":{"@id":"https:\/\/vapingnet.de\/vape\/15000-zuege-purer-geschmack-bang-king-digital-strawberry-watermelon\/#breadcrumb"},"inLanguage":"lt-LT","potentialAction":[{"@type":"ReadAction","target":["https:\/\/vapingnet.de\/vape\/15000-zuege-purer-geschmack-bang-king-digital-strawberry-watermelon\/"]}]},{"@type":"ImageObject","inLanguage":"lt-LT","@id":"https:\/\/vapingnet.de\/vape\/15000-zuege-purer-geschmack-bang-king-digital-strawberry-watermelon\/#primaryimage","url":"https:\/\/vapingnet.de\/wp-content\/uploads\/2025\/03\/Strawberry-Watermelon-4.png","contentUrl":"https:\/\/vapingnet.de\/wp-content\/uploads\/2025\/03\/Strawberry-Watermelon-4.png","width":900,"height":600,"caption":"Strawberry Watermelon"},{"@type":"BreadcrumbList","@id":"https:\/\/vapingnet.de\/vape\/15000-zuege-purer-geschmack-bang-king-digital-strawberry-watermelon\/#breadcrumb","itemListElement":[{"@type":"ListItem","position":1,"name":"Home","item":"https:\/\/vapingnet.de\/"},{"@type":"ListItem","position":2,"name":"Shop","item":"https:\/\/vapingnet.de\/vape\/"},{"@type":"ListItem","position":3,"name":"15000 Z\u00fcge purer Geschmack Bang King Digital Strawberry Watermelon"}]},{"@type":"WebSite","@id":"https:\/\/vapingnet.de\/#website","url":"https:\/\/vapingnet.de\/","name":"Vapingnet.de","description":"","publisher":{"@id":"https:\/\/vapingnet.de\/#organization"},"potentialAction":[{"@type":"SearchAction","target":{"@type":"EntryPoint","urlTemplate":"https:\/\/vapingnet.de\/?s={search_term_string}"},"query-input":{"@type":"PropertyValueSpecification","valueRequired":true,"valueName":"search_term_string"}}],"inLanguage":"lt-LT"},{"@type":"Organization","@id":"https:\/\/vapingnet.de\/#organization","name":"Vapingnet.de","url":"https:\/\/vapingnet.de\/","logo":{"@type":"ImageObject","inLanguage":"lt-LT","@id":"https:\/\/vapingnet.de\/#\/schema\/logo\/image\/","url":"https:\/\/vapingnet.de\/wp-content\/uploads\/2025\/03\/cropped-vapingnet.de_.jpg","contentUrl":"https:\/\/vapingnet.de\/wp-content\/uploads\/2025\/03\/cropped-vapingnet.de_.jpg","width":512,"height":512,"caption":"Vapingnet.de"},"image":{"@id":"https:\/\/vapingnet.de\/#\/schema\/logo\/image\/"},"sameAs":["https:\/\/www.facebook.com\/vapingnetde\/"]}]}},"tiered_pricing_type":"fixed","tiered_pricing_fixed_rules":{"10":"6.83","60":"6.15","110":"5.46","200":"4.78"},"tiered_pricing_product_settings":{"layout":"default","base_unit_name":{"singular":null,"plural":null},"default_variation":null},"tiered_pricing_minimum_quantity":null,"tiered_pricing_roles_data":[],"tiered_pricing_percentage_rules":[],"_links":{"self":[{"href":"https:\/\/vapingnet.de\/lt\/wp-json\/wp\/v2\/product\/5871","targetHints":{"allow":["GET"]}}],"collection":[{"href":"https:\/\/vapingnet.de\/lt\/wp-json\/wp\/v2\/product"}],"about":[{"href":"https:\/\/vapingnet.de\/lt\/wp-json\/wp\/v2\/types\/product"}],"version-history":[{"count":1,"href":"https:\/\/vapingnet.de\/lt\/wp-json\/wp\/v2\/product\/5871\/revisions"}],"predecessor-version":[{"id":5883,"href":"https:\/\/vapingnet.de\/lt\/wp-json\/wp\/v2\/product\/5871\/revisions\/5883"}],"wp:featuredmedia":[{"embeddable":true,"href":"https:\/\/vapingnet.de\/lt\/wp-json\/wp\/v2\/media\/5876"}],"wp:attachment":[{"href":"https:\/\/vapingnet.de\/lt\/wp-json\/wp\/v2\/media?parent=5871"}],"wp:term":[{"taxonomy":"brand","embeddable":true,"href":"https:\/\/vapingnet.de\/lt\/wp-json\/wp\/v2\/etheme_brands?post=5871"},{"taxonomy":"product_brand","embeddable":true,"href":"https:\/\/vapingnet.de\/lt\/wp-json\/wp\/v2\/product_brand?post=5871"},{"taxonomy":"product_cat","embeddable":true,"href":"https:\/\/vapingnet.de\/lt\/wp-json\/wp\/v2\/product_cat?post=5871"},{"taxonomy":"product_tag","embeddable":true,"href":"https:\/\/vapingnet.de\/lt\/wp-json\/wp\/v2\/product_tag?post=5871"}],"curies":[{"name":"wp","href":"https:\/\/api.w.org\/{rel}","templated":true}]}}