{"id":5872,"date":"2025-03-25T06:36:11","date_gmt":"2025-03-25T06:36:11","guid":{"rendered":"https:\/\/vapingnet.de\/?post_type=product&#038;p=5872"},"modified":"2025-06-19T03:40:09","modified_gmt":"2025-06-19T03:40:09","slug":"hochwertiger-vape-bang-king-digital-15000-puffs-mit-lush-ice","status":"publish","type":"product","link":"https:\/\/vapingnet.de\/lt\/vape\/hochwertiger-vape-bang-king-digital-15000-puffs-mit-lush-ice\/","title":{"rendered":"Auk\u0161tos kokyb\u0117s Vape Bang King Digital 15000 p\u016btim\u0173 su Lush Ice"},"content":{"rendered":"<h2 data-start=\"0\" data-end=\"75\" data-immersive-translate-walked=\"be435e60-77a0-46e9-a6da-6d61292a5e22\">Bang King Digital 15000 Puffs Vienkartin\u0117 Elektronin\u0117 Cigaret\u0117 \u2013 Kiekvienas \u012fkv\u0117pimas \u2013 malonumas<\/h2>\n<p class=\"\" data-start=\"77\" data-end=\"410\" data-immersive-translate-walked=\"be435e60-77a0-46e9-a6da-6d61292a5e22\">Jei ie\u0161kote galingos ir ilgai veikian\u010dios elektronin\u0117s cigaret\u0117s, Bang King Digital 15000 Puffs tikrai yra viena geriausi\u0173 pasirinkim\u0173. Ji si\u016blo ne tik \u012fsp\u016bdingai didel\u012f \u012fkv\u0117pim\u0173 skai\u010di\u0173, bet ir daugyb\u0119 skoni\u0173 bei modern\u0173 dizain\u0105, kuris suteikia unikal\u0173 garinimo patirt\u012f.<\/p>\n<h4 data-start=\"412\" data-end=\"462\" data-immersive-translate-walked=\"be435e60-77a0-46e9-a6da-6d61292a5e22\">Galia ir dizainas \u2013 Tobula derinys<\/h4>\n<ul data-start=\"464\" data-end=\"2082\" data-immersive-translate-walked=\"be435e60-77a0-46e9-a6da-6d61292a5e22\">\n<li class=\"\" data-start=\"464\" data-end=\"680\" data-immersive-translate-walked=\"be435e60-77a0-46e9-a6da-6d61292a5e22\">\n<p class=\"\" data-start=\"466\" data-end=\"680\" data-immersive-translate-walked=\"be435e60-77a0-46e9-a6da-6d61292a5e22\">Ilgas naudojimo laikas: Su 15000 \u012fkv\u0117pim\u0173 galite ilgai m\u0117gautis pilnu skoniu be da\u017en\u0173 kaset\u0117s keitim\u0173 ar \u012fkrovimo \u2013 idealiai tinka ilgalaikiam malonumui.<\/p>\n<\/li>\n<li class=\"\" data-start=\"682\" data-end=\"963\" data-immersive-translate-walked=\"be435e60-77a0-46e9-a6da-6d61292a5e22\">\n<p class=\"\" data-start=\"684\" data-end=\"963\" data-immersive-translate-walked=\"be435e60-77a0-46e9-a6da-6d61292a5e22\">Galingas, \u012fkraunamas akumuliatorius: Su 650mAh akumuliatoriumi, kur\u012f galima \u012fkrauti per typ-c greito \u012fkrovimo jungt\u012f, \u0161is akumuliatorius u\u017etikrina ilgalaik\u012f naudojim\u0105 ir greit\u0105 \u012fkrovim\u0105 \u2013 taip gal\u0117site b\u016bti pasiruo\u0161\u0119s bet kada.<\/p>\n<\/li>\n<li class=\"\" data-start=\"965\" data-end=\"1202\" data-immersive-translate-walked=\"be435e60-77a0-46e9-a6da-6d61292a5e22\">\n<p class=\"\" data-start=\"967\" data-end=\"1202\" data-immersive-translate-walked=\"be435e60-77a0-46e9-a6da-6d61292a5e22\">M\u0117gavimasis skoniu: Lush Ice skonis si\u016blo gaiv\u0173 mi\u0161in\u012f i\u0161 vaisi\u0161ko saldumo ir ledinio gaivumo. Kiekvienas \u012fkv\u0117pimas suteikia tobul\u0105, v\u0117s\u0173 poj\u016bt\u012f \u2013 idealu kar\u0161tomis vasaros dienomis ar atsipalaidavusiems momentams.<\/p>\n<\/li>\n<li class=\"\" data-start=\"1204\" data-end=\"1447\" data-immersive-translate-walked=\"be435e60-77a0-46e9-a6da-6d61292a5e22\">\n<p class=\"\" data-start=\"1206\" data-end=\"1447\" data-immersive-translate-walked=\"be435e60-77a0-46e9-a6da-6d61292a5e22\">Individuali RGB ap\u0161vietimas: Su RGB ap\u0161vietimu kiekvienas \u012fkv\u0117pimas tampa vizualiniu patyrimu. \u0160i elektronin\u0117 cigaret\u0117 ne tik malonumas poj\u016b\u010diams, bet ir tikras akcentas \u2013 tiems, kurie m\u0117gsta stili\u0173 ir funkcionalum\u0105.<\/p>\n<\/li>\n<li class=\"\" data-start=\"1449\" data-end=\"1684\" data-immersive-translate-walked=\"be435e60-77a0-46e9-a6da-6d61292a5e22\">\n<p class=\"\" data-start=\"1451\" data-end=\"1684\" data-immersive-translate-walked=\"be435e60-77a0-46e9-a6da-6d61292a5e22\">Didelis skys\u010dio talpa: Integruotas 25 ml bakelis leid\u017eia ilgiau r\u016bkyti be da\u017en\u0173 papildym\u0173. Taip galite m\u0117gautis garinimu be r\u016bpes\u010di\u0173 d\u0117l skys\u010dio lygio.<\/p>\n<\/li>\n<li class=\"\" data-start=\"1686\" data-end=\"1916\" data-immersive-translate-walked=\"be435e60-77a0-46e9-a6da-6d61292a5e22\">\n<p class=\"\" data-start=\"1688\" data-end=\"1916\" data-immersive-translate-walked=\"be435e60-77a0-46e9-a6da-6d61292a5e22\">\u012evairios nikotino stiprumo galimyb\u0117s: Pasirinkite 0%, 2%, 3%, 5% nikotino stiprum\u0105, kad rastum\u0117te tobul\u0105 nikotino kiek\u012f savo skoniui. Jei m\u0117gstate 0% arba 3% nikotin\u0105, galite u\u017esisakyti didesniais kiekiais.<\/p>\n<\/li>\n<li class=\"\" data-start=\"1918\" data-end=\"2082\" data-immersive-translate-walked=\"be435e60-77a0-46e9-a6da-6d61292a5e22\">\n<p class=\"\" data-start=\"1920\" data-end=\"2082\" data-immersive-translate-walked=\"be435e60-77a0-46e9-a6da-6d61292a5e22\">Lengva ir ne\u0161iojama: Svoris tik 90 g, \u0161i elektronin\u0117 cigaret\u0117 yra itin lengva ir paprasta ne\u0161iotis \u2013 ideali kelion\u0117ms ar kasdieniam naudojimui.<\/p>\n<\/li>\n<\/ul>\n<h4 data-start=\"2084\" data-end=\"2104\" data-immersive-translate-walked=\"be435e60-77a0-46e9-a6da-6d61292a5e22\">Pirkimo privalumai<\/h4>\n<ul data-start=\"2106\" data-end=\"2732\" data-immersive-translate-walked=\"be435e60-77a0-46e9-a6da-6d61292a5e22\">\n<li class=\"\" data-start=\"2106\" data-end=\"2255\" data-immersive-translate-walked=\"be435e60-77a0-46e9-a6da-6d61292a5e22\">\n<p class=\"\" data-start=\"2108\" data-end=\"2255\" data-immersive-translate-walked=\"be435e60-77a0-46e9-a6da-6d61292a5e22\">Be muitin\u0117s mokes\u010di\u0173: Perkant nereikia jaudintis d\u0117l papildom\u0173 muitin\u0117s mokes\u010di\u0173 \u2013 m\u0117gaukit\u0117s paprasta ir nemokama pristatymo paslauga.<\/p>\n<\/li>\n<li class=\"\" data-start=\"2257\" data-end=\"2470\" data-immersive-translate-walked=\"be435e60-77a0-46e9-a6da-6d61292a5e22\">\n<p class=\"\" data-start=\"2259\" data-end=\"2470\" data-immersive-translate-walked=\"be435e60-77a0-46e9-a6da-6d61292a5e22\">Vienkartinis dizainas \u2013 paprasta ir patogu: Bang King Digital 15000 Puffs yra vienkartin\u0117 elektronin\u0117 cigaret\u0117, nereikalaujanti valymo ar prie\u017ei\u016bros. Tiesiog i\u0161meskite po naudojimo ir m\u0117gaukit\u0117s kit\u0105 kart\u0105.<\/p>\n<\/li>\n<li class=\"\" data-start=\"2472\" data-end=\"2732\" data-immersive-translate-walked=\"be435e60-77a0-46e9-a6da-6d61292a5e22\">\n<p class=\"\" data-start=\"2474\" data-end=\"2732\" data-immersive-translate-walked=\"be435e60-77a0-46e9-a6da-6d61292a5e22\">Tinka individualiems pirk\u0117jams ir didel\u0117ms u\u017esakym\u0173 partijoms: Nesvarbu, ar perkate asmeniniam naudojimui, ar dideliais kiekiais, \u0161i elektronin\u0117 cigaret\u0117 atitinka visus reikalavimus. Apsilankykite vapingnet.de ir patogiai u\u017esisakykite internetu.<\/p>\n<\/li>\n<\/ul>\n<h3>Kod\u0117l rinktis Bang King Digital 15000 Puffs?<\/h3>\n<ul data-start=\"2791\" data-end=\"3455\" data-immersive-translate-walked=\"be435e60-77a0-46e9-a6da-6d61292a5e22\">\n<li class=\"\" data-start=\"2791\" data-end=\"3065\" data-immersive-translate-walked=\"be435e60-77a0-46e9-a6da-6d61292a5e22\">\n<p class=\"\" data-start=\"2793\" data-end=\"3065\" data-immersive-translate-walked=\"be435e60-77a0-46e9-a6da-6d61292a5e22\">Tinkama visoms progoms: Nesvarbu, ar asmeniniam naudojimui, ar dalijimuisi su draugais \u2013 \u0161i elektronin\u0117 cigaret\u0117 suteikia patenkinam\u0105 garinimo patirt\u012f. Ilgas naudojimo laikas ir daugyb\u0117 skoni\u0173 u\u017etikrina, kad kiekvienas \u012fkv\u0117pimas b\u016bt\u0173 malonus.<\/p>\n<\/li>\n<li class=\"\" data-start=\"3067\" data-end=\"3251\" data-immersive-translate-walked=\"be435e60-77a0-46e9-a6da-6d61292a5e22\">\n<p class=\"\" data-start=\"3069\" data-end=\"3251\" data-immersive-translate-walked=\"be435e60-77a0-46e9-a6da-6d61292a5e22\">Ledinis potyris: Lush Ice skonis suteikia tobul\u0105 mi\u0161in\u012f i\u0161 \u0161vie\u017eios vaisi\u0161kos saldumo ir ledinio gaivumo, pakeliant garinimo patirt\u012f \u012f kit\u0105 lyg\u012f.<\/p>\n<\/li>\n<li class=\"\" data-start=\"3253\" data-end=\"3455\" data-immersive-translate-walked=\"be435e60-77a0-46e9-a6da-6d61292a5e22\">\n<p class=\"\" data-start=\"3255\" data-end=\"3455\" data-immersive-translate-walked=\"be435e60-77a0-46e9-a6da-6d61292a5e22\">Patogumas ir paprastumas: Be r\u016bpes\u010di\u0173 d\u0117l valymo ar reguliarios prie\u017ei\u016bros \u2013 tiesiog m\u0117gaukit\u0117s ir atsipalaiduokite. Bang King Digital 15000 Puffs padaro garinim\u0105 paprastesn\u012f nei bet kada anks\u010diau.<\/p>\n<\/li>\n<\/ul>\n<h3>Patirkite dabar Bang King Digital 15000 Puffs!<\/h3>\n<p class=\"\" data-start=\"3514\" data-end=\"3741\" data-immersive-translate-walked=\"be435e60-77a0-46e9-a6da-6d61292a5e22\">Aplankykite vapingnet.de, \u012fsigykite Bang King Digital 15000 Puffs elektronin\u0119 cigaret\u0119 ir prad\u0117kite nauj\u0105 garinimo nuotyk\u012f. Nepraleiskite \u0161ios stiliaus, galios ir malonumo kombinacijos!<\/p>","protected":false},"excerpt":{"rendered":"<p>Bang King Digital 15000 Puffs Einweg E-Zigarette \u2013 Jeder Zug ein Genuss Wenn du nach einer leistungsstarken und langanhaltenden E-Zigarette suchst, ist die Bang King&#8230;<\/p>","protected":false},"featured_media":5877,"template":"","meta":[],"etheme_brands":[],"product_brand":[101],"product_cat":[53,49,61],"product_tag":[],"class_list":{"0":"post-5872","1":"product","2":"type-product","3":"status-publish","4":"has-post-thumbnail","6":"product_brand-bang-king-vape","7":"product_cat-vape-15000-zuege","8":"product_cat-einweg-e-zigarette","9":"product_cat-f","11":"first","12":"instock","13":"shipping-taxable","14":"purchasable","15":"product-type-simple"},"yoast_head":"<!-- This site is optimized with the Yoast SEO plugin v26.5 - https:\/\/yoast.com\/wordpress\/plugins\/seo\/ -->\n<title>Hochwertiger Vape Bang King Digital 15000 Puffs mit Lush Ice | Vapingnet.de<\/title>\n<meta name=\"description\" content=\"Entdecke Hochwertiger Vape Bang King Digital 15000 Puffs mit Lush Ice bei vapingnet.de, \u25ba Gro\u00dfe Auswahl an Geschmacksrichtungen &amp; super g\u00fcnstig!\" \/>\n<meta name=\"robots\" content=\"index, follow, max-snippet:-1, max-image-preview:large, max-video-preview:-1\" \/>\n<link rel=\"canonical\" href=\"https:\/\/vapingnet.de\/lt\/vape\/hochwertiger-vape-bang-king-digital-15000-puffs-mit-lush-ice\/\" \/>\n<meta property=\"og:locale\" content=\"lt_LT\" \/>\n<meta property=\"og:type\" content=\"article\" \/>\n<meta property=\"og:title\" content=\"Hochwertiger Vape Bang King Digital 15000 Puffs mit Lush Ice | Vapingnet.de\" \/>\n<meta property=\"og:description\" content=\"Entdecke Hochwertiger Vape Bang King Digital 15000 Puffs mit Lush Ice bei vapingnet.de, \u25ba Gro\u00dfe Auswahl an Geschmacksrichtungen &amp; super g\u00fcnstig!\" \/>\n<meta property=\"og:url\" content=\"https:\/\/vapingnet.de\/lt\/vape\/hochwertiger-vape-bang-king-digital-15000-puffs-mit-lush-ice\/\" \/>\n<meta property=\"og:site_name\" content=\"Vapingnet.de\" \/>\n<meta property=\"article:publisher\" content=\"https:\/\/www.facebook.com\/vapingnetde\/\" \/>\n<meta property=\"article:modified_time\" content=\"2025-06-19T03:40:09+00:00\" \/>\n<meta property=\"og:image\" content=\"https:\/\/vapingnet.de\/wp-content\/uploads\/2025\/03\/LUSH-Ice.png\" \/>\n\t<meta property=\"og:image:width\" content=\"900\" \/>\n\t<meta property=\"og:image:height\" content=\"600\" \/>\n\t<meta property=\"og:image:type\" content=\"image\/png\" \/>\n<meta name=\"twitter:card\" content=\"summary_large_image\" \/>\n<meta name=\"twitter:label1\" content=\"Est. reading time\" \/>\n\t<meta name=\"twitter:data1\" content=\"3 minutes\" \/>\n<script type=\"application\/ld+json\" class=\"yoast-schema-graph\">{\"@context\":\"https:\/\/schema.org\",\"@graph\":[{\"@type\":\"WebPage\",\"@id\":\"https:\/\/vapingnet.de\/vape\/hochwertiger-vape-bang-king-digital-15000-puffs-mit-lush-ice\/\",\"url\":\"https:\/\/vapingnet.de\/vape\/hochwertiger-vape-bang-king-digital-15000-puffs-mit-lush-ice\/\",\"name\":\"Hochwertiger Vape Bang King Digital 15000 Puffs mit Lush Ice | Vapingnet.de\",\"isPartOf\":{\"@id\":\"https:\/\/vapingnet.de\/#website\"},\"primaryImageOfPage\":{\"@id\":\"https:\/\/vapingnet.de\/vape\/hochwertiger-vape-bang-king-digital-15000-puffs-mit-lush-ice\/#primaryimage\"},\"image\":{\"@id\":\"https:\/\/vapingnet.de\/vape\/hochwertiger-vape-bang-king-digital-15000-puffs-mit-lush-ice\/#primaryimage\"},\"thumbnailUrl\":\"https:\/\/vapingnet.de\/wp-content\/uploads\/2025\/03\/LUSH-Ice.png\",\"datePublished\":\"2025-03-25T06:36:11+00:00\",\"dateModified\":\"2025-06-19T03:40:09+00:00\",\"description\":\"Entdecke Hochwertiger Vape Bang King Digital 15000 Puffs mit Lush Ice bei vapingnet.de, \u25ba Gro\u00dfe Auswahl an Geschmacksrichtungen & super g\u00fcnstig!\",\"breadcrumb\":{\"@id\":\"https:\/\/vapingnet.de\/vape\/hochwertiger-vape-bang-king-digital-15000-puffs-mit-lush-ice\/#breadcrumb\"},\"inLanguage\":\"lt-LT\",\"potentialAction\":[{\"@type\":\"ReadAction\",\"target\":[\"https:\/\/vapingnet.de\/vape\/hochwertiger-vape-bang-king-digital-15000-puffs-mit-lush-ice\/\"]}]},{\"@type\":\"ImageObject\",\"inLanguage\":\"lt-LT\",\"@id\":\"https:\/\/vapingnet.de\/vape\/hochwertiger-vape-bang-king-digital-15000-puffs-mit-lush-ice\/#primaryimage\",\"url\":\"https:\/\/vapingnet.de\/wp-content\/uploads\/2025\/03\/LUSH-Ice.png\",\"contentUrl\":\"https:\/\/vapingnet.de\/wp-content\/uploads\/2025\/03\/LUSH-Ice.png\",\"width\":900,\"height\":600,\"caption\":\"Lush Ice\"},{\"@type\":\"BreadcrumbList\",\"@id\":\"https:\/\/vapingnet.de\/vape\/hochwertiger-vape-bang-king-digital-15000-puffs-mit-lush-ice\/#breadcrumb\",\"itemListElement\":[{\"@type\":\"ListItem\",\"position\":1,\"name\":\"Home\",\"item\":\"https:\/\/vapingnet.de\/\"},{\"@type\":\"ListItem\",\"position\":2,\"name\":\"Shop\",\"item\":\"https:\/\/vapingnet.de\/vape\/\"},{\"@type\":\"ListItem\",\"position\":3,\"name\":\"Hochwertiger Vape Bang King Digital 15000 Puffs mit Lush Ice\"}]},{\"@type\":\"WebSite\",\"@id\":\"https:\/\/vapingnet.de\/#website\",\"url\":\"https:\/\/vapingnet.de\/\",\"name\":\"Vapingnet.de\",\"description\":\"\",\"publisher\":{\"@id\":\"https:\/\/vapingnet.de\/#organization\"},\"potentialAction\":[{\"@type\":\"SearchAction\",\"target\":{\"@type\":\"EntryPoint\",\"urlTemplate\":\"https:\/\/vapingnet.de\/?s={search_term_string}\"},\"query-input\":{\"@type\":\"PropertyValueSpecification\",\"valueRequired\":true,\"valueName\":\"search_term_string\"}}],\"inLanguage\":\"lt-LT\"},{\"@type\":\"Organization\",\"@id\":\"https:\/\/vapingnet.de\/#organization\",\"name\":\"Vapingnet.de\",\"url\":\"https:\/\/vapingnet.de\/\",\"logo\":{\"@type\":\"ImageObject\",\"inLanguage\":\"lt-LT\",\"@id\":\"https:\/\/vapingnet.de\/#\/schema\/logo\/image\/\",\"url\":\"https:\/\/vapingnet.de\/wp-content\/uploads\/2025\/03\/cropped-vapingnet.de_.jpg\",\"contentUrl\":\"https:\/\/vapingnet.de\/wp-content\/uploads\/2025\/03\/cropped-vapingnet.de_.jpg\",\"width\":512,\"height\":512,\"caption\":\"Vapingnet.de\"},\"image\":{\"@id\":\"https:\/\/vapingnet.de\/#\/schema\/logo\/image\/\"},\"sameAs\":[\"https:\/\/www.facebook.com\/vapingnetde\/\"]}]}<\/script>\n<!-- \/ Yoast SEO plugin. -->","yoast_head_json":{"title":"Hochwertiger Vape Bang King Digital 15000 Puffs mit Lush Ice | Vapingnet.de","description":"Entdecke Hochwertiger Vape Bang King Digital 15000 Puffs mit Lush Ice bei vapingnet.de, \u25ba Gro\u00dfe Auswahl an Geschmacksrichtungen & super g\u00fcnstig!","robots":{"index":"index","follow":"follow","max-snippet":"max-snippet:-1","max-image-preview":"max-image-preview:large","max-video-preview":"max-video-preview:-1"},"canonical":"https:\/\/vapingnet.de\/lt\/vape\/hochwertiger-vape-bang-king-digital-15000-puffs-mit-lush-ice\/","og_locale":"lt_LT","og_type":"article","og_title":"Hochwertiger Vape Bang King Digital 15000 Puffs mit Lush Ice | Vapingnet.de","og_description":"Entdecke Hochwertiger Vape Bang King Digital 15000 Puffs mit Lush Ice bei vapingnet.de, \u25ba Gro\u00dfe Auswahl an Geschmacksrichtungen & super g\u00fcnstig!","og_url":"https:\/\/vapingnet.de\/lt\/vape\/hochwertiger-vape-bang-king-digital-15000-puffs-mit-lush-ice\/","og_site_name":"Vapingnet.de","article_publisher":"https:\/\/www.facebook.com\/vapingnetde\/","article_modified_time":"2025-06-19T03:40:09+00:00","og_image":[{"width":900,"height":600,"url":"https:\/\/vapingnet.de\/wp-content\/uploads\/2025\/03\/LUSH-Ice.png","type":"image\/png"}],"twitter_card":"summary_large_image","twitter_misc":{"Est. reading time":"3 minutes"},"schema":{"@context":"https:\/\/schema.org","@graph":[{"@type":"WebPage","@id":"https:\/\/vapingnet.de\/vape\/hochwertiger-vape-bang-king-digital-15000-puffs-mit-lush-ice\/","url":"https:\/\/vapingnet.de\/vape\/hochwertiger-vape-bang-king-digital-15000-puffs-mit-lush-ice\/","name":"Hochwertiger Vape Bang King Digital 15000 Puffs mit Lush Ice | Vapingnet.de","isPartOf":{"@id":"https:\/\/vapingnet.de\/#website"},"primaryImageOfPage":{"@id":"https:\/\/vapingnet.de\/vape\/hochwertiger-vape-bang-king-digital-15000-puffs-mit-lush-ice\/#primaryimage"},"image":{"@id":"https:\/\/vapingnet.de\/vape\/hochwertiger-vape-bang-king-digital-15000-puffs-mit-lush-ice\/#primaryimage"},"thumbnailUrl":"https:\/\/vapingnet.de\/wp-content\/uploads\/2025\/03\/LUSH-Ice.png","datePublished":"2025-03-25T06:36:11+00:00","dateModified":"2025-06-19T03:40:09+00:00","description":"Entdecke Hochwertiger Vape Bang King Digital 15000 Puffs mit Lush Ice bei vapingnet.de, \u25ba Gro\u00dfe Auswahl an Geschmacksrichtungen & super g\u00fcnstig!","breadcrumb":{"@id":"https:\/\/vapingnet.de\/vape\/hochwertiger-vape-bang-king-digital-15000-puffs-mit-lush-ice\/#breadcrumb"},"inLanguage":"lt-LT","potentialAction":[{"@type":"ReadAction","target":["https:\/\/vapingnet.de\/vape\/hochwertiger-vape-bang-king-digital-15000-puffs-mit-lush-ice\/"]}]},{"@type":"ImageObject","inLanguage":"lt-LT","@id":"https:\/\/vapingnet.de\/vape\/hochwertiger-vape-bang-king-digital-15000-puffs-mit-lush-ice\/#primaryimage","url":"https:\/\/vapingnet.de\/wp-content\/uploads\/2025\/03\/LUSH-Ice.png","contentUrl":"https:\/\/vapingnet.de\/wp-content\/uploads\/2025\/03\/LUSH-Ice.png","width":900,"height":600,"caption":"Lush Ice"},{"@type":"BreadcrumbList","@id":"https:\/\/vapingnet.de\/vape\/hochwertiger-vape-bang-king-digital-15000-puffs-mit-lush-ice\/#breadcrumb","itemListElement":[{"@type":"ListItem","position":1,"name":"Home","item":"https:\/\/vapingnet.de\/"},{"@type":"ListItem","position":2,"name":"Shop","item":"https:\/\/vapingnet.de\/vape\/"},{"@type":"ListItem","position":3,"name":"Hochwertiger Vape Bang King Digital 15000 Puffs mit Lush Ice"}]},{"@type":"WebSite","@id":"https:\/\/vapingnet.de\/#website","url":"https:\/\/vapingnet.de\/","name":"Vapingnet.de","description":"","publisher":{"@id":"https:\/\/vapingnet.de\/#organization"},"potentialAction":[{"@type":"SearchAction","target":{"@type":"EntryPoint","urlTemplate":"https:\/\/vapingnet.de\/?s={search_term_string}"},"query-input":{"@type":"PropertyValueSpecification","valueRequired":true,"valueName":"search_term_string"}}],"inLanguage":"lt-LT"},{"@type":"Organization","@id":"https:\/\/vapingnet.de\/#organization","name":"Vapingnet.de","url":"https:\/\/vapingnet.de\/","logo":{"@type":"ImageObject","inLanguage":"lt-LT","@id":"https:\/\/vapingnet.de\/#\/schema\/logo\/image\/","url":"https:\/\/vapingnet.de\/wp-content\/uploads\/2025\/03\/cropped-vapingnet.de_.jpg","contentUrl":"https:\/\/vapingnet.de\/wp-content\/uploads\/2025\/03\/cropped-vapingnet.de_.jpg","width":512,"height":512,"caption":"Vapingnet.de"},"image":{"@id":"https:\/\/vapingnet.de\/#\/schema\/logo\/image\/"},"sameAs":["https:\/\/www.facebook.com\/vapingnetde\/"]}]}},"tiered_pricing_type":"fixed","tiered_pricing_fixed_rules":{"10":"6.83","60":"6.15","110":"5.46","200":"4.78"},"tiered_pricing_product_settings":{"layout":"default","base_unit_name":{"singular":null,"plural":null},"default_variation":null},"tiered_pricing_minimum_quantity":null,"tiered_pricing_roles_data":[],"tiered_pricing_percentage_rules":[],"_links":{"self":[{"href":"https:\/\/vapingnet.de\/lt\/wp-json\/wp\/v2\/product\/5872","targetHints":{"allow":["GET"]}}],"collection":[{"href":"https:\/\/vapingnet.de\/lt\/wp-json\/wp\/v2\/product"}],"about":[{"href":"https:\/\/vapingnet.de\/lt\/wp-json\/wp\/v2\/types\/product"}],"version-history":[{"count":1,"href":"https:\/\/vapingnet.de\/lt\/wp-json\/wp\/v2\/product\/5872\/revisions"}],"predecessor-version":[{"id":5884,"href":"https:\/\/vapingnet.de\/lt\/wp-json\/wp\/v2\/product\/5872\/revisions\/5884"}],"wp:featuredmedia":[{"embeddable":true,"href":"https:\/\/vapingnet.de\/lt\/wp-json\/wp\/v2\/media\/5877"}],"wp:attachment":[{"href":"https:\/\/vapingnet.de\/lt\/wp-json\/wp\/v2\/media?parent=5872"}],"wp:term":[{"taxonomy":"brand","embeddable":true,"href":"https:\/\/vapingnet.de\/lt\/wp-json\/wp\/v2\/etheme_brands?post=5872"},{"taxonomy":"product_brand","embeddable":true,"href":"https:\/\/vapingnet.de\/lt\/wp-json\/wp\/v2\/product_brand?post=5872"},{"taxonomy":"product_cat","embeddable":true,"href":"https:\/\/vapingnet.de\/lt\/wp-json\/wp\/v2\/product_cat?post=5872"},{"taxonomy":"product_tag","embeddable":true,"href":"https:\/\/vapingnet.de\/lt\/wp-json\/wp\/v2\/product_tag?post=5872"}],"curies":[{"name":"wp","href":"https:\/\/api.w.org\/{rel}","templated":true}]}}