{"id":5873,"date":"2025-03-25T06:36:12","date_gmt":"2025-03-25T06:36:12","guid":{"rendered":"https:\/\/vapingnet.de\/?post_type=product&#038;p=5873"},"modified":"2025-06-19T03:40:09","modified_gmt":"2025-06-19T03:40:09","slug":"bang-king-digital-15000-puffs-blue-razz-ice-ideal-fuer-den-alltag","status":"publish","type":"product","link":"https:\/\/vapingnet.de\/lt\/vape\/bang-king-digital-15000-puffs-blue-razz-ice-ideal-fuer-den-alltag\/","title":{"rendered":"Bang King Digital 15000 p\u016btim\u0173 Blue Razz Ice, idealiai tinka kasdieniam naudojimui"},"content":{"rendered":"<h2 data-start=\"0\" data-end=\"101\" data-immersive-translate-walked=\"be435e60-77a0-46e9-a6da-6d61292a5e22\">Bang King Digital 15000 Puffs Vienkartin\u0117 E-sigarete \u2013 Neprilygstamas malonumas, gaivus ir \u0161altas<\/h2>\n<p class=\"\" data-start=\"103\" data-end=\"472\" data-immersive-translate-walked=\"be435e60-77a0-46e9-a6da-6d61292a5e22\">Jei ie\u0161kote galingos ir tuo pa\u010diu stilingos E-sigaretes, Bang King Digital 15000 Puffs tikrai yra tobula pasirinkimas. Ji si\u016blo ne tik ne\u012ftik\u0117tin\u0105 \u012fkv\u0117pimo kiek\u012f, bet ir daugyb\u0119 skani\u0173 skoni\u0173 bei puik\u0173 akumuliatoriaus ir \u012fkrovimo na\u0161um\u0105 \u2013 taip gal\u0117site m\u0117gautis kiekvienu \u012fkv\u0117pimu pilna j\u0117ga.<\/p>\n<h4 data-start=\"474\" data-end=\"516\" data-immersive-translate-walked=\"be435e60-77a0-46e9-a6da-6d61292a5e22\">Neprilygstama naudojimo patirtis<\/h4>\n<ul data-start=\"518\" data-end=\"2207\" data-immersive-translate-walked=\"be435e60-77a0-46e9-a6da-6d61292a5e22\">\n<li class=\"\" data-start=\"518\" data-end=\"829\" data-immersive-translate-walked=\"be435e60-77a0-46e9-a6da-6d61292a5e22\">\n<p class=\"\" data-start=\"520\" data-end=\"829\" data-immersive-translate-walked=\"be435e60-77a0-46e9-a6da-6d61292a5e22\">Ekstremaliai ilgas naudojimo laikas: Kiekviena Bang King Digital 15000 Puffs E-sigarete suteikia 15000 \u012fkv\u0117pim\u0173, tod\u0117l nereik\u0117s da\u017enai keisti ar \u012fkrauti. Ji puikiai tinka kasdieniam naudojimui ar ilgiems kelion\u0117ms ir nuolat teiks puik\u0173 gar\u0173 malonum\u0105.<\/p>\n<\/li>\n<li class=\"\" data-start=\"831\" data-end=\"1146\" data-immersive-translate-walked=\"be435e60-77a0-46e9-a6da-6d61292a5e22\">\n<p class=\"\" data-start=\"833\" data-end=\"1146\" data-immersive-translate-walked=\"be435e60-77a0-46e9-a6da-6d61292a5e22\">Galingas akumuliatorius ir greitas \u012fkrovimas: 650mAh akumuliatorius yra \u012fkraunamas ir apr\u016bpintas tipo-C greito \u012fkrovimo jungtimi, leid\u017eian\u010dia greitai \u012fkrauti. Jums nereik\u0117s jaudintis, kad akumuliatorius greitai i\u0161sikraus \u2013 su \u0161ia E-sigarete b\u016bsite visada pasiruo\u0161\u0119s kitam \u012fkv\u0117pimui.<\/p>\n<\/li>\n<li class=\"\" data-start=\"1148\" data-end=\"1443\" data-immersive-translate-walked=\"be435e60-77a0-46e9-a6da-6d61292a5e22\">\n<p class=\"\" data-start=\"1150\" data-end=\"1443\" data-immersive-translate-walked=\"be435e60-77a0-46e9-a6da-6d61292a5e22\">Gaivus skonis, \u0161aldyta \u0161vie\u017euma: Blue Razz Ice skonis jungia m\u0117lyni\u0173 ir avie\u010di\u0173 saldum\u0105 su gaivinan\u010dia ledine nata. Kiekvienas \u012fkv\u0117pimas suteikia v\u0117sinant\u012f, vaisi\u0173 patirt\u012f, kuri pa\u017eadina j\u016bs\u0173 poj\u016b\u010dius \u2013 idealiai tinka kar\u0161tomis dienomis ar atsipalaidavimo akimirkomis.<\/p>\n<\/li>\n<li class=\"\" data-start=\"1445\" data-end=\"1733\" data-immersive-translate-walked=\"be435e60-77a0-46e9-a6da-6d61292a5e22\">\n<p class=\"\" data-start=\"1447\" data-end=\"1733\" data-immersive-translate-walked=\"be435e60-77a0-46e9-a6da-6d61292a5e22\">RGB ap\u0161vietimo efektai \u2013 patrauklus vaizdas: \u0160ios E-sigaret\u0117s RGB ap\u0161vietimas ne tik funkcionalus, bet ir vizualiai patrauklus. Kiekvieno \u012fkv\u0117pimo metu \u012fjungiama \u0161vie\u010dianti spalv\u0173 \u0161ou, suteikiantis stiling\u0105 ir unikal\u0173 gar\u0173 malonum\u0105.<\/p>\n<\/li>\n<li class=\"\" data-start=\"1735\" data-end=\"1943\" data-immersive-translate-walked=\"be435e60-77a0-46e9-a6da-6d61292a5e22\">\n<p class=\"\" data-start=\"1737\" data-end=\"1943\" data-immersive-translate-walked=\"be435e60-77a0-46e9-a6da-6d61292a5e22\">Didelis skys\u010dio talpa: Su 25 ml E-skys\u010dio \u0161i E-sigarete suteikia ilgalaik\u012f gar\u0173 kiek\u012f. Jums nereik\u0117s nuolat papildyti \u2013 kiekvienas \u012fkv\u0117pimas i\u0161lieka \u0161vie\u017eias ir intensyvus.<\/p>\n<\/li>\n<li class=\"\" data-start=\"1945\" data-end=\"2207\" data-immersive-translate-walked=\"be435e60-77a0-46e9-a6da-6d61292a5e22\">\n<p class=\"\" data-start=\"1947\" data-end=\"2207\" data-immersive-translate-walked=\"be435e60-77a0-46e9-a6da-6d61292a5e22\">Lengva ir ne\u0161iojama: Svoris tik 90 g, \u0161i E-sigarete yra labai lengva ir paprasta ne\u0161iotis. Nesvarbu, ar j\u0105 laikysite rankin\u0117je ar kuprin\u0117je, ji visada bus po ranka, kad gal\u0117tum\u0117te m\u0117gautis momentu bet kuriuo metu.<\/p>\n<\/li>\n<\/ul>\n<h4 data-start=\"2209\" data-end=\"2260\" data-immersive-translate-walked=\"be435e60-77a0-46e9-a6da-6d61292a5e22\">Pirkimo privalumai \u2013 Tobula patirtis<\/h4>\n<ul data-start=\"2262\" data-end=\"3181\" data-immersive-translate-walked=\"be435e60-77a0-46e9-a6da-6d61292a5e22\">\n<li class=\"\" data-start=\"2262\" data-end=\"2448\" data-immersive-translate-walked=\"be435e60-77a0-46e9-a6da-6d61292a5e22\">\n<p class=\"\" data-start=\"2264\" data-end=\"2448\" data-immersive-translate-walked=\"be435e60-77a0-46e9-a6da-6d61292a5e22\">Be muit\u0173 mokes\u010di\u0173: Jums nereik\u0117s r\u016bpintis papildomais muitais \u2013 m\u0117gaukit\u0117s tarptautiniu pristatymu ir paprasta pristatymo proced\u016bra be pasl\u0117pt\u0173 mokes\u010di\u0173.<\/p>\n<\/li>\n<li class=\"\" data-start=\"2450\" data-end=\"2672\" data-immersive-translate-walked=\"be435e60-77a0-46e9-a6da-6d61292a5e22\">\n<p class=\"\" data-start=\"2452\" data-end=\"2672\" data-immersive-translate-walked=\"be435e60-77a0-46e9-a6da-6d61292a5e22\">Vienkartinio dizaino patogumas ir prakti\u0161kumas: \u0160i E-sigarete yra vienkartinis produktas, kuris po naudojimo gali b\u016bti paprastai i\u0161metamas. Nereikia valyti ar pri\u017ei\u016br\u0117ti \u2013 tiesiog m\u0117gaukit\u0117s ir jud\u0117kite toliau.<\/p>\n<\/li>\n<li class=\"\" data-start=\"2674\" data-end=\"2897\" data-immersive-translate-walked=\"be435e60-77a0-46e9-a6da-6d61292a5e22\">\n<p class=\"\" data-start=\"2676\" data-end=\"2897\" data-immersive-translate-walked=\"be435e60-77a0-46e9-a6da-6d61292a5e22\">\u012evairios nikotino stiprumo galimyb\u0117s: Pasirinktinai nikotino stiprumai nuo 0,1% iki 5,1% suteikia pla\u010di\u0105 pasirinkimo galimyb\u0119 tiksliai rasti tinkam\u0105 intensyvum\u0105. U\u017esakym\u0105 galite pateikti dideliais kiekiais, \u012fskaitant 0,1% ar 3,1% nikotin\u0105.<\/p>\n<\/li>\n<li class=\"\" data-start=\"2899\" data-end=\"3181\" data-immersive-translate-walked=\"be435e60-77a0-46e9-a6da-6d61292a5e22\">\n<p class=\"\" data-start=\"2901\" data-end=\"3181\" data-immersive-translate-walked=\"be435e60-77a0-46e9-a6da-6d61292a5e22\">Idealiai tinka vienkartiniam pirkimui ar didel\u0117ms u\u017esakymams: Nesvarbu, ar naudojate asmeniniam poreikiui, ar dideliais kiekiais, Bang King Digital 15000 Puffs atitiks visus j\u016bs\u0173 reikalavimus. Apsilankykite vapingnet.de ir u\u017esisakykite internetu.<\/p>\n<\/li>\n<\/ul>\n<h3>Kod\u0117l verta rinktis Bang King Digital 15000 Puffs?<\/h3>\n<ul data-start=\"3252\" data-end=\"3826\" data-immersive-translate-walked=\"be435e60-77a0-46e9-a6da-6d61292a5e22\">\n<li class=\"\" data-start=\"3252\" data-end=\"3467\" data-immersive-translate-walked=\"be435e60-77a0-46e9-a6da-6d61292a5e22\">\n<p class=\"\" data-start=\"3254\" data-end=\"3467\" data-immersive-translate-walked=\"be435e60-77a0-46e9-a6da-6d61292a5e22\">Ilgas naudojimas, patogus \u012fkrovimas: Su 15000 \u012fkv\u0117pim\u0173 ir galingu akumuliatoriumi \u0161i E-sigarete yra ideali ilgalaikiam malonumui ir reguliariam naudojimui, nereikalaujant nuolatinio \u012fkrovimo.<\/p>\n<\/li>\n<li class=\"\" data-start=\"3469\" data-end=\"3668\" data-immersive-translate-walked=\"be435e60-77a0-46e9-a6da-6d61292a5e22\">\n<p class=\"\" data-start=\"3471\" data-end=\"3668\" data-immersive-translate-walked=\"be435e60-77a0-46e9-a6da-6d61292a5e22\">Gaivus ledinio skonio potyris: Blue Razz Ice skonis suteikia tobul\u0105 pusiausvyr\u0105 tarp vaisi\u0161kumo ir \u0161aldan\u010dios \u0161vie\u017eumo, paversdamas kiekvien\u0105 \u012fkv\u0117pim\u0105 \u012f \u012fdomi\u0105 patirt\u012f.<\/p>\n<\/li>\n<li class=\"\" data-start=\"3670\" data-end=\"3826\" data-immersive-translate-walked=\"be435e60-77a0-46e9-a6da-6d61292a5e22\">\n<p class=\"\" data-start=\"3672\" data-end=\"3826\" data-immersive-translate-walked=\"be435e60-77a0-46e9-a6da-6d61292a5e22\">Unikalus RGB ap\u0161vietimas: RGB ap\u0161vietimas ne tik suteikia spalv\u0173 j\u016bs\u0173 gar\u0173 patir\u010diai, bet ir prideda j\u016bs\u0173 stiliui daugiau asmenyb\u0117s.<\/p>\n<\/li>\n<\/ul>\n<h4>Patirkite dabar Bang King Digital 15000 Puffs!<\/h4>\n<p class=\"\" data-start=\"3885\" data-end=\"4182\" data-immersive-translate-walked=\"be435e60-77a0-46e9-a6da-6d61292a5e22\">Apsilankykite vapingnet.de, kad u\u017esisakyti Bang King Digital 15000 Puffs ir paversti \u0161i\u0105 puiki\u0105 E-sigarete savo nauju palydovu. Leiskit\u0117s \u012f nuostabi\u0105 patirt\u012f, kurioje susijungia galia, stilius ir patogumas!<\/p>","protected":false},"excerpt":{"rendered":"<p>Bang King Digital 15000 Puffs Vienkartin\u0117 elektronin\u0117 cigaret\u0117 \u2013 Nepalyginamas malonumas, gaivus ir \u0161altas Jei ie\u0161kote galingos ir tuo pa\u010diu stilingos elektronin\u0117s cigaret\u0117s, tai...<\/p>","protected":false},"featured_media":5878,"template":"","meta":[],"etheme_brands":[],"product_brand":[101],"product_cat":[53,49,61],"product_tag":[],"class_list":{"0":"post-5873","1":"product","2":"type-product","3":"status-publish","4":"has-post-thumbnail","6":"product_brand-bang-king-vape","7":"product_cat-vape-15000-zuege","8":"product_cat-einweg-e-zigarette","9":"product_cat-f","11":"first","12":"instock","13":"shipping-taxable","14":"purchasable","15":"product-type-simple"},"yoast_head":"<!-- This site is optimized with the Yoast SEO plugin v26.5 - https:\/\/yoast.com\/wordpress\/plugins\/seo\/ -->\n<title>Bang King Digital 15000 Puffs Blue Razz Ice ideal f\u00fcr den Alltag | Vapingnet.de<\/title>\n<meta name=\"description\" content=\"Entdecke Bang King Digital 15000 Puffs Blue Razz Ice ideal f\u00fcr den Alltag bei vapingnet.de, \u25ba Gro\u00dfe Auswahl an Geschmacksrichtungen &amp; super g\u00fcnstig!\" \/>\n<meta name=\"robots\" content=\"index, follow, max-snippet:-1, max-image-preview:large, max-video-preview:-1\" \/>\n<link rel=\"canonical\" href=\"https:\/\/vapingnet.de\/lt\/vape\/bang-king-digital-15000-puffs-blue-razz-ice-ideal-fuer-den-alltag\/\" \/>\n<meta property=\"og:locale\" content=\"lt_LT\" \/>\n<meta property=\"og:type\" content=\"article\" \/>\n<meta property=\"og:title\" content=\"Bang King Digital 15000 Puffs Blue Razz Ice ideal f\u00fcr den Alltag | Vapingnet.de\" \/>\n<meta property=\"og:description\" content=\"Entdecke Bang King Digital 15000 Puffs Blue Razz Ice ideal f\u00fcr den Alltag bei vapingnet.de, \u25ba Gro\u00dfe Auswahl an Geschmacksrichtungen &amp; super g\u00fcnstig!\" \/>\n<meta property=\"og:url\" content=\"https:\/\/vapingnet.de\/lt\/vape\/bang-king-digital-15000-puffs-blue-razz-ice-ideal-fuer-den-alltag\/\" \/>\n<meta property=\"og:site_name\" content=\"Vapingnet.de\" \/>\n<meta property=\"article:publisher\" content=\"https:\/\/www.facebook.com\/vapingnetde\/\" \/>\n<meta property=\"article:modified_time\" content=\"2025-06-19T03:40:09+00:00\" \/>\n<meta property=\"og:image\" content=\"https:\/\/vapingnet.de\/wp-content\/uploads\/2025\/03\/Blue-Razz-ICE-1.png\" \/>\n\t<meta property=\"og:image:width\" content=\"900\" \/>\n\t<meta property=\"og:image:height\" content=\"600\" \/>\n\t<meta property=\"og:image:type\" content=\"image\/png\" \/>\n<meta name=\"twitter:card\" content=\"summary_large_image\" \/>\n<meta name=\"twitter:label1\" content=\"Est. reading time\" \/>\n\t<meta name=\"twitter:data1\" content=\"4 minutes\" \/>\n<script type=\"application\/ld+json\" class=\"yoast-schema-graph\">{\"@context\":\"https:\/\/schema.org\",\"@graph\":[{\"@type\":\"WebPage\",\"@id\":\"https:\/\/vapingnet.de\/vape\/bang-king-digital-15000-puffs-blue-razz-ice-ideal-fuer-den-alltag\/\",\"url\":\"https:\/\/vapingnet.de\/vape\/bang-king-digital-15000-puffs-blue-razz-ice-ideal-fuer-den-alltag\/\",\"name\":\"Bang King Digital 15000 Puffs Blue Razz Ice ideal f\u00fcr den Alltag | Vapingnet.de\",\"isPartOf\":{\"@id\":\"https:\/\/vapingnet.de\/#website\"},\"primaryImageOfPage\":{\"@id\":\"https:\/\/vapingnet.de\/vape\/bang-king-digital-15000-puffs-blue-razz-ice-ideal-fuer-den-alltag\/#primaryimage\"},\"image\":{\"@id\":\"https:\/\/vapingnet.de\/vape\/bang-king-digital-15000-puffs-blue-razz-ice-ideal-fuer-den-alltag\/#primaryimage\"},\"thumbnailUrl\":\"https:\/\/vapingnet.de\/wp-content\/uploads\/2025\/03\/Blue-Razz-ICE-1.png\",\"datePublished\":\"2025-03-25T06:36:12+00:00\",\"dateModified\":\"2025-06-19T03:40:09+00:00\",\"description\":\"Entdecke Bang King Digital 15000 Puffs Blue Razz Ice ideal f\u00fcr den Alltag bei vapingnet.de, \u25ba Gro\u00dfe Auswahl an Geschmacksrichtungen & super g\u00fcnstig!\",\"breadcrumb\":{\"@id\":\"https:\/\/vapingnet.de\/vape\/bang-king-digital-15000-puffs-blue-razz-ice-ideal-fuer-den-alltag\/#breadcrumb\"},\"inLanguage\":\"lt-LT\",\"potentialAction\":[{\"@type\":\"ReadAction\",\"target\":[\"https:\/\/vapingnet.de\/vape\/bang-king-digital-15000-puffs-blue-razz-ice-ideal-fuer-den-alltag\/\"]}]},{\"@type\":\"ImageObject\",\"inLanguage\":\"lt-LT\",\"@id\":\"https:\/\/vapingnet.de\/vape\/bang-king-digital-15000-puffs-blue-razz-ice-ideal-fuer-den-alltag\/#primaryimage\",\"url\":\"https:\/\/vapingnet.de\/wp-content\/uploads\/2025\/03\/Blue-Razz-ICE-1.png\",\"contentUrl\":\"https:\/\/vapingnet.de\/wp-content\/uploads\/2025\/03\/Blue-Razz-ICE-1.png\",\"width\":900,\"height\":600,\"caption\":\"Blue Razz Ice\"},{\"@type\":\"BreadcrumbList\",\"@id\":\"https:\/\/vapingnet.de\/vape\/bang-king-digital-15000-puffs-blue-razz-ice-ideal-fuer-den-alltag\/#breadcrumb\",\"itemListElement\":[{\"@type\":\"ListItem\",\"position\":1,\"name\":\"Home\",\"item\":\"https:\/\/vapingnet.de\/\"},{\"@type\":\"ListItem\",\"position\":2,\"name\":\"Shop\",\"item\":\"https:\/\/vapingnet.de\/vape\/\"},{\"@type\":\"ListItem\",\"position\":3,\"name\":\"Bang King Digital 15000 Puffs Blue Razz Ice ideal f\u00fcr den Alltag\"}]},{\"@type\":\"WebSite\",\"@id\":\"https:\/\/vapingnet.de\/#website\",\"url\":\"https:\/\/vapingnet.de\/\",\"name\":\"Vapingnet.de\",\"description\":\"\",\"publisher\":{\"@id\":\"https:\/\/vapingnet.de\/#organization\"},\"potentialAction\":[{\"@type\":\"SearchAction\",\"target\":{\"@type\":\"EntryPoint\",\"urlTemplate\":\"https:\/\/vapingnet.de\/?s={search_term_string}\"},\"query-input\":{\"@type\":\"PropertyValueSpecification\",\"valueRequired\":true,\"valueName\":\"search_term_string\"}}],\"inLanguage\":\"lt-LT\"},{\"@type\":\"Organization\",\"@id\":\"https:\/\/vapingnet.de\/#organization\",\"name\":\"Vapingnet.de\",\"url\":\"https:\/\/vapingnet.de\/\",\"logo\":{\"@type\":\"ImageObject\",\"inLanguage\":\"lt-LT\",\"@id\":\"https:\/\/vapingnet.de\/#\/schema\/logo\/image\/\",\"url\":\"https:\/\/vapingnet.de\/wp-content\/uploads\/2025\/03\/cropped-vapingnet.de_.jpg\",\"contentUrl\":\"https:\/\/vapingnet.de\/wp-content\/uploads\/2025\/03\/cropped-vapingnet.de_.jpg\",\"width\":512,\"height\":512,\"caption\":\"Vapingnet.de\"},\"image\":{\"@id\":\"https:\/\/vapingnet.de\/#\/schema\/logo\/image\/\"},\"sameAs\":[\"https:\/\/www.facebook.com\/vapingnetde\/\"]}]}<\/script>\n<!-- \/ Yoast SEO plugin. -->","yoast_head_json":{"title":"Bang King Digital 15000 Puffs Blue Razz Ice ideal f\u00fcr den Alltag | Vapingnet.de","description":"Entdecke Bang King Digital 15000 Puffs Blue Razz Ice ideal f\u00fcr den Alltag bei vapingnet.de, \u25ba Gro\u00dfe Auswahl an Geschmacksrichtungen & super g\u00fcnstig!","robots":{"index":"index","follow":"follow","max-snippet":"max-snippet:-1","max-image-preview":"max-image-preview:large","max-video-preview":"max-video-preview:-1"},"canonical":"https:\/\/vapingnet.de\/lt\/vape\/bang-king-digital-15000-puffs-blue-razz-ice-ideal-fuer-den-alltag\/","og_locale":"lt_LT","og_type":"article","og_title":"Bang King Digital 15000 Puffs Blue Razz Ice ideal f\u00fcr den Alltag | Vapingnet.de","og_description":"Entdecke Bang King Digital 15000 Puffs Blue Razz Ice ideal f\u00fcr den Alltag bei vapingnet.de, \u25ba Gro\u00dfe Auswahl an Geschmacksrichtungen & super g\u00fcnstig!","og_url":"https:\/\/vapingnet.de\/lt\/vape\/bang-king-digital-15000-puffs-blue-razz-ice-ideal-fuer-den-alltag\/","og_site_name":"Vapingnet.de","article_publisher":"https:\/\/www.facebook.com\/vapingnetde\/","article_modified_time":"2025-06-19T03:40:09+00:00","og_image":[{"width":900,"height":600,"url":"https:\/\/vapingnet.de\/wp-content\/uploads\/2025\/03\/Blue-Razz-ICE-1.png","type":"image\/png"}],"twitter_card":"summary_large_image","twitter_misc":{"Est. reading time":"4 minutes"},"schema":{"@context":"https:\/\/schema.org","@graph":[{"@type":"WebPage","@id":"https:\/\/vapingnet.de\/vape\/bang-king-digital-15000-puffs-blue-razz-ice-ideal-fuer-den-alltag\/","url":"https:\/\/vapingnet.de\/vape\/bang-king-digital-15000-puffs-blue-razz-ice-ideal-fuer-den-alltag\/","name":"Bang King Digital 15000 Puffs Blue Razz Ice ideal f\u00fcr den Alltag | Vapingnet.de","isPartOf":{"@id":"https:\/\/vapingnet.de\/#website"},"primaryImageOfPage":{"@id":"https:\/\/vapingnet.de\/vape\/bang-king-digital-15000-puffs-blue-razz-ice-ideal-fuer-den-alltag\/#primaryimage"},"image":{"@id":"https:\/\/vapingnet.de\/vape\/bang-king-digital-15000-puffs-blue-razz-ice-ideal-fuer-den-alltag\/#primaryimage"},"thumbnailUrl":"https:\/\/vapingnet.de\/wp-content\/uploads\/2025\/03\/Blue-Razz-ICE-1.png","datePublished":"2025-03-25T06:36:12+00:00","dateModified":"2025-06-19T03:40:09+00:00","description":"Entdecke Bang King Digital 15000 Puffs Blue Razz Ice ideal f\u00fcr den Alltag bei vapingnet.de, \u25ba Gro\u00dfe Auswahl an Geschmacksrichtungen & super g\u00fcnstig!","breadcrumb":{"@id":"https:\/\/vapingnet.de\/vape\/bang-king-digital-15000-puffs-blue-razz-ice-ideal-fuer-den-alltag\/#breadcrumb"},"inLanguage":"lt-LT","potentialAction":[{"@type":"ReadAction","target":["https:\/\/vapingnet.de\/vape\/bang-king-digital-15000-puffs-blue-razz-ice-ideal-fuer-den-alltag\/"]}]},{"@type":"ImageObject","inLanguage":"lt-LT","@id":"https:\/\/vapingnet.de\/vape\/bang-king-digital-15000-puffs-blue-razz-ice-ideal-fuer-den-alltag\/#primaryimage","url":"https:\/\/vapingnet.de\/wp-content\/uploads\/2025\/03\/Blue-Razz-ICE-1.png","contentUrl":"https:\/\/vapingnet.de\/wp-content\/uploads\/2025\/03\/Blue-Razz-ICE-1.png","width":900,"height":600,"caption":"Blue Razz Ice"},{"@type":"BreadcrumbList","@id":"https:\/\/vapingnet.de\/vape\/bang-king-digital-15000-puffs-blue-razz-ice-ideal-fuer-den-alltag\/#breadcrumb","itemListElement":[{"@type":"ListItem","position":1,"name":"Home","item":"https:\/\/vapingnet.de\/"},{"@type":"ListItem","position":2,"name":"Shop","item":"https:\/\/vapingnet.de\/vape\/"},{"@type":"ListItem","position":3,"name":"Bang King Digital 15000 Puffs Blue Razz Ice ideal f\u00fcr den Alltag"}]},{"@type":"WebSite","@id":"https:\/\/vapingnet.de\/#website","url":"https:\/\/vapingnet.de\/","name":"Vapingnet.de","description":"","publisher":{"@id":"https:\/\/vapingnet.de\/#organization"},"potentialAction":[{"@type":"SearchAction","target":{"@type":"EntryPoint","urlTemplate":"https:\/\/vapingnet.de\/?s={search_term_string}"},"query-input":{"@type":"PropertyValueSpecification","valueRequired":true,"valueName":"search_term_string"}}],"inLanguage":"lt-LT"},{"@type":"Organization","@id":"https:\/\/vapingnet.de\/#organization","name":"Vapingnet.de","url":"https:\/\/vapingnet.de\/","logo":{"@type":"ImageObject","inLanguage":"lt-LT","@id":"https:\/\/vapingnet.de\/#\/schema\/logo\/image\/","url":"https:\/\/vapingnet.de\/wp-content\/uploads\/2025\/03\/cropped-vapingnet.de_.jpg","contentUrl":"https:\/\/vapingnet.de\/wp-content\/uploads\/2025\/03\/cropped-vapingnet.de_.jpg","width":512,"height":512,"caption":"Vapingnet.de"},"image":{"@id":"https:\/\/vapingnet.de\/#\/schema\/logo\/image\/"},"sameAs":["https:\/\/www.facebook.com\/vapingnetde\/"]}]}},"tiered_pricing_type":"fixed","tiered_pricing_fixed_rules":{"10":"6.83","60":"6.15","110":"5.46","200":"4.78"},"tiered_pricing_product_settings":{"layout":"default","base_unit_name":{"singular":null,"plural":null},"default_variation":null},"tiered_pricing_minimum_quantity":null,"tiered_pricing_roles_data":[],"tiered_pricing_percentage_rules":[],"_links":{"self":[{"href":"https:\/\/vapingnet.de\/lt\/wp-json\/wp\/v2\/product\/5873","targetHints":{"allow":["GET"]}}],"collection":[{"href":"https:\/\/vapingnet.de\/lt\/wp-json\/wp\/v2\/product"}],"about":[{"href":"https:\/\/vapingnet.de\/lt\/wp-json\/wp\/v2\/types\/product"}],"version-history":[{"count":1,"href":"https:\/\/vapingnet.de\/lt\/wp-json\/wp\/v2\/product\/5873\/revisions"}],"predecessor-version":[{"id":5885,"href":"https:\/\/vapingnet.de\/lt\/wp-json\/wp\/v2\/product\/5873\/revisions\/5885"}],"wp:featuredmedia":[{"embeddable":true,"href":"https:\/\/vapingnet.de\/lt\/wp-json\/wp\/v2\/media\/5878"}],"wp:attachment":[{"href":"https:\/\/vapingnet.de\/lt\/wp-json\/wp\/v2\/media?parent=5873"}],"wp:term":[{"taxonomy":"brand","embeddable":true,"href":"https:\/\/vapingnet.de\/lt\/wp-json\/wp\/v2\/etheme_brands?post=5873"},{"taxonomy":"product_brand","embeddable":true,"href":"https:\/\/vapingnet.de\/lt\/wp-json\/wp\/v2\/product_brand?post=5873"},{"taxonomy":"product_cat","embeddable":true,"href":"https:\/\/vapingnet.de\/lt\/wp-json\/wp\/v2\/product_cat?post=5873"},{"taxonomy":"product_tag","embeddable":true,"href":"https:\/\/vapingnet.de\/lt\/wp-json\/wp\/v2\/product_tag?post=5873"}],"curies":[{"name":"wp","href":"https:\/\/api.w.org\/{rel}","templated":true}]}}