{"id":5874,"date":"2025-03-25T06:36:14","date_gmt":"2025-03-25T06:36:14","guid":{"rendered":"https:\/\/vapingnet.de\/?post_type=product&#038;p=5874"},"modified":"2025-06-19T03:40:09","modified_gmt":"2025-06-19T03:40:09","slug":"15000-zuege-mit-aloe-grape-bang-king-digital-fuer-dich","status":"publish","type":"product","link":"https:\/\/vapingnet.de\/lt\/vape\/15000-zuege-mit-aloe-grape-bang-king-digital-fuer-dich\/","title":{"rendered":"15000 kelioni\u0173 su Aloe Grape Bang King Digital jums"},"content":{"rendered":"<h2 data-start=\"0\" data-end=\"93\" data-immersive-translate-walked=\"be435e60-77a0-46e9-a6da-6d61292a5e22\">Bang King Digital 15000 Puffs vienkartin\u0117 elektronin\u0117 cigaret\u0117 \u2013 \u0160vie\u017eias skonis, galutinis malonumas<\/h2>\n<p class=\"\" data-start=\"95\" data-end=\"523\" data-immersive-translate-walked=\"be435e60-77a0-46e9-a6da-6d61292a5e22\">Bang King Digital 15000 Puffs vienkartin\u0117 elektronin\u0117 cigaret\u0117 tapo viena geriausi\u0173 pasirinkim\u0173 rinkoje visiems, kurie ie\u0161ko galingo, stilingo ir ilgai trunkan\u010dio garinimo patirties. Su \u012fsp\u016bdingu kiekio \u012fkv\u0117pim\u0173, skaniais aromatais ir \u012fsp\u016bdingais RGB \u0161viesos efektais \u0161i elektronin\u0117 cigaret\u0117 yra puikus palydovas tiems, kurie nori i\u0161skirtin\u0117s garinimo patirties.<\/p>\n<h5 data-start=\"525\" data-end=\"570\" data-immersive-translate-walked=\"be435e60-77a0-46e9-a6da-6d61292a5e22\">Ekstremaliai ilgas naudojimas, stiprus veikimas<\/h5>\n<ul data-start=\"572\" data-end=\"1111\" data-immersive-translate-walked=\"be435e60-77a0-46e9-a6da-6d61292a5e22\">\n<li class=\"\" data-start=\"572\" data-end=\"830\" data-immersive-translate-walked=\"be435e60-77a0-46e9-a6da-6d61292a5e22\">\n<p class=\"\" data-start=\"574\" data-end=\"830\" data-immersive-translate-walked=\"be435e60-77a0-46e9-a6da-6d61292a5e22\">15000 \u012fkv\u0117pim\u0173: Kiekviena Bang King Digital 15000 Puffs elektronin\u0117 cigaret\u0117 suteikia iki 15000 \u012fkv\u0117pim\u0173, tai rei\u0161kia, kad nereik\u0117s nuolat keisti. \u0160is ilgas tarnavimo laikas u\u017etikrina patog\u0173 garinim\u0105 ilgesn\u012f laik\u0105.<\/p>\n<\/li>\n<li class=\"\" data-start=\"832\" data-end=\"1111\" data-immersive-translate-walked=\"be435e60-77a0-46e9-a6da-6d61292a5e22\">\n<p class=\"\" data-start=\"834\" data-end=\"1111\" data-immersive-translate-walked=\"be435e60-77a0-46e9-a6da-6d61292a5e22\">650mAh \u012fkraunama baterija: 650mAh baterija \u012fkraunama per USB-C greito \u012fkrovimo jungt\u012f. Tai u\u017etikrina, kad baterija greitai \u012fsikraus ir suteiks ilgalaik\u012f veikim\u0105, tod\u0117l nereik\u0117s jaudintis d\u0117l greito i\u0161sikrovimo.<\/p>\n<\/li>\n<\/ul>\n<h5 data-start=\"1113\" data-end=\"1155\" data-immersive-translate-walked=\"be435e60-77a0-46e9-a6da-6d61292a5e22\">\u0160vie\u017eias skonis, ledinis gaivumas<\/h5>\n<ul data-start=\"1157\" data-end=\"1494\" data-immersive-translate-walked=\"be435e60-77a0-46e9-a6da-6d61292a5e22\">\n<li class=\"\" data-start=\"1157\" data-end=\"1494\" data-immersive-translate-walked=\"be435e60-77a0-46e9-a6da-6d61292a5e22\">\n<p class=\"\" data-start=\"1159\" data-end=\"1494\" data-immersive-translate-walked=\"be435e60-77a0-46e9-a6da-6d61292a5e22\">Aloe Grape skonis: Aloe Grape derinio skonis jungia \u0161vie\u017ei\u0105, \u017eali\u0105 Aloe Vera skon\u012f su sald\u017eiu, vaisiniu vynuogi\u0173 aromatu. Kiekvienas \u012fkv\u0117pimas suteikia gaiv\u0173, v\u0117s\u0173 poj\u016bt\u012f, kuris pa\u017eadina j\u016bs\u0173 poj\u016b\u010dius ir atv\u0117sina bet kokioje situacijoje \u2013 idealiai tinka kar\u0161tomis dienomis ar atsipalaidavimo akimirkomis.<\/p>\n<\/li>\n<\/ul>\n<h5>\u012esp\u016bdingi RGB \u0161viesos efektai<\/h5>\n<ul data-start=\"1537\" data-end=\"1828\" data-immersive-translate-walked=\"be435e60-77a0-46e9-a6da-6d61292a5e22\">\n<li class=\"\" data-start=\"1537\" data-end=\"1828\" data-immersive-translate-walked=\"be435e60-77a0-46e9-a6da-6d61292a5e22\">\n<p class=\"\" data-start=\"1539\" data-end=\"1828\" data-immersive-translate-walked=\"be435e60-77a0-46e9-a6da-6d61292a5e22\">RGB \u0161viesos indikatorius: Su RGB ap\u0161vietimu kiekvienas garinimas tampa vizualiniu patyrimu. \u0160viesa kei\u010diasi priklausomai nuo \u012fkv\u0117pimo ir sukuria \u012fsp\u016bding\u0105, gyv\u0105 spalv\u0173 vaizd\u0105. Ji ne tik suteikia funkcionalumo, bet ir stiliaus bei asmenyb\u0117s poj\u016bt\u012f j\u016bs\u0173 garinimo patir\u010diai.<\/p>\n<\/li>\n<\/ul>\n<h5 data-start=\"1830\" data-end=\"1885\" data-immersive-translate-walked=\"be435e60-77a0-46e9-a6da-6d61292a5e22\">Didelis skys\u010dio talpa, ilgalaikis malonumas<\/h5>\n<ul data-start=\"1887\" data-end=\"2416\" data-immersive-translate-walked=\"be435e60-77a0-46e9-a6da-6d61292a5e22\">\n<li class=\"\" data-start=\"1887\" data-end=\"2128\" data-immersive-translate-walked=\"be435e60-77a0-46e9-a6da-6d61292a5e22\">\n<p class=\"\" data-start=\"1889\" data-end=\"2128\" data-immersive-translate-walked=\"be435e60-77a0-46e9-a6da-6d61292a5e22\">25ml elektroninio skys\u010dio: Su 25ml skys\u010dio talpa galite m\u0117gautis ilgalaike garinimo patirtimi be nuolatinio papildymo. Kiekvien\u0105 kart\u0105 \u012fkv\u0117pdami m\u0117gaujat\u0117s tolygiu ir intensyviu skoniu.<\/p>\n<\/li>\n<li class=\"\" data-start=\"2130\" data-end=\"2416\" data-immersive-translate-walked=\"be435e60-77a0-46e9-a6da-6d61292a5e22\">\n<p class=\"\" data-start=\"2132\" data-end=\"2416\" data-immersive-translate-walked=\"be435e60-77a0-46e9-a6da-6d61292a5e22\">Lengva ir ne\u0161iojama: Svoris tik 90g, \u0161i elektronin\u0117 cigaret\u0117 yra nepaprastai lengva ir lengvai transportuojama. Ji puikiai telpa \u012f j\u016bs\u0173 ki\u0161en\u0119 ir leid\u017eia bet kada m\u0117gautis patogiu garinimu \u2013 nesvarbu, ar keliaujate, ar susitinkate su draugais.<\/p>\n<\/li>\n<\/ul>\n<h5 data-start=\"2418\" data-end=\"2470\" data-immersive-translate-walked=\"be435e60-77a0-46e9-a6da-6d61292a5e22\">Skirtingos nikotino stiprumo galimyb\u0117s kiekvienam poreikiui<\/h5>\n<ul data-start=\"2472\" data-end=\"2799\" data-immersive-translate-walked=\"be435e60-77a0-46e9-a6da-6d61292a5e22\">\n<li class=\"\" data-start=\"2472\" data-end=\"2799\" data-immersive-translate-walked=\"be435e60-77a0-46e9-a6da-6d61292a5e22\">\n<p class=\"\" data-start=\"2474\" data-end=\"2799\" data-immersive-translate-walked=\"be435e60-77a0-46e9-a6da-6d61292a5e22\">Bang King Digital 15000 Puffs elektronin\u0117 cigaret\u0117 yra prieinama keturi\u0173 nikotino stiprum\u0173: 0%, 2%, 3%, 5%. \u0160i \u012fvairov\u0117 u\u017etikrina, kad rasite b\u016btent jums tinkam\u0105 nikotino stiprum\u0105. Jei m\u0117gstate 0% arba 3% nikotin\u0105, galite pateikti didel\u012f u\u017esakym\u0105, kad patenkintum\u0117te savo poreikius.<\/p>\n<\/li>\n<\/ul>\n<h5 data-start=\"2801\" data-end=\"2850\" data-immersive-translate-walked=\"be435e60-77a0-46e9-a6da-6d61292a5e22\">Be muit\u0173, be r\u016bpes\u010di\u0173 pirkimas<\/h5>\n<ul data-start=\"2852\" data-end=\"3050\" data-immersive-translate-walked=\"be435e60-77a0-46e9-a6da-6d61292a5e22\">\n<li class=\"\" data-start=\"2852\" data-end=\"3050\" data-immersive-translate-walked=\"be435e60-77a0-46e9-a6da-6d61292a5e22\">\n<p class=\"\" data-start=\"2854\" data-end=\"3050\" data-immersive-translate-walked=\"be435e60-77a0-46e9-a6da-6d61292a5e22\">Perkant vapingnet.de n\u0117ra taikomi muitai. Taip galite m\u0117gautis savo elektronine cigarete be papildom\u0173 mokes\u010di\u0173 ir gauti paprast\u0105 pristatym\u0105 \u2013 net ir tarptautiniu mastu.<\/p>\n<\/li>\n<\/ul>\n<h3>Kod\u0117l verta rinktis Bang King Digital 15000 Puffs?<\/h3>\n<ul data-start=\"3121\" data-end=\"3650\" data-immersive-translate-walked=\"be435e60-77a0-46e9-a6da-6d61292a5e22\">\n<li class=\"\" data-start=\"3121\" data-end=\"3297\" data-immersive-translate-walked=\"be435e60-77a0-46e9-a6da-6d61292a5e22\">\n<p class=\"\" data-start=\"3123\" data-end=\"3297\" data-immersive-translate-walked=\"be435e60-77a0-46e9-a6da-6d61292a5e22\">Ilgalaikis naudojimas: Su 15000 \u012fkv\u0117pim\u0173 \u0161i elektronin\u0117 cigaret\u0117 si\u016blo i\u0161skirtinai ilg\u0105 naudojimo laik\u0105, tod\u0117l nereik\u0117s nuolat r\u016bpintis papildymu.<\/p>\n<\/li>\n<li class=\"\" data-start=\"3299\" data-end=\"3483\" data-immersive-translate-walked=\"be435e60-77a0-46e9-a6da-6d61292a5e22\">\n<p class=\"\" data-start=\"3301\" data-end=\"3483\" data-immersive-translate-walked=\"be435e60-77a0-46e9-a6da-6d61292a5e22\">\u0160vie\u017eias skonis: Aloe Grape skonis yra tobulas vaisi\u0173 saldumo ir gaivinan\u010dio v\u0117sos efekto derinys, kuris kiekvien\u0105 garinim\u0105 paver\u010dia maloniu patyrimu.<\/p>\n<\/li>\n<li class=\"\" data-start=\"3485\" data-end=\"3650\" data-immersive-translate-walked=\"be435e60-77a0-46e9-a6da-6d61292a5e22\">\n<p class=\"\" data-start=\"3487\" data-end=\"3650\" data-immersive-translate-walked=\"be435e60-77a0-46e9-a6da-6d61292a5e22\">\u012esp\u016bdingi RGB \u0161viesos efektai: RGB ap\u0161vietimas ne tik suteikia vizualin\u012f akcent\u0105, bet ir suteikia j\u016bs\u0173 garinimo patir\u010diai asmenin\u012f prisilietim\u0105.<\/p>\n<\/li>\n<\/ul>\n<h4 data-start=\"3652\" data-end=\"3707\" data-immersive-translate-walked=\"be435e60-77a0-46e9-a6da-6d61292a5e22\">Patirkite dabar Bang King Digital 15000 Puffs!<\/h4>\n<p class=\"\" data-start=\"3709\" data-end=\"3982\" data-immersive-translate-walked=\"be435e60-77a0-46e9-a6da-6d61292a5e22\">Aplankykite vapingnet.de ir u\u017esisakykite savo Bang King Digital 15000 Puffs elektronin\u0119 cigaret\u0119 jau \u0161iandien. M\u0117gaukit\u0117s ilgu naudojimu, \u012fdomiais skoniais ir unikaliu dizainu, kuris pavers j\u016bs\u0173 garinim\u0105 ypatingu \u012fvykiu!<\/p>","protected":false},"excerpt":{"rendered":"<p>Bang King Digital 15000 Puffs Vienkartin\u0117 elektronin\u0117 cigaret\u0117 \u2013 \u0160vie\u017eias skonis, galutinis malonumas Bang King Digital 15000 Puffs Vienkartin\u0117 elektronin\u0117 cigaret\u0117 \u012fsitvirtino rinkoje...<\/p>","protected":false},"featured_media":5879,"template":"","meta":[],"etheme_brands":[],"product_brand":[101],"product_cat":[53,49,61],"product_tag":[],"class_list":{"0":"post-5874","1":"product","2":"type-product","3":"status-publish","4":"has-post-thumbnail","6":"product_brand-bang-king-vape","7":"product_cat-vape-15000-zuege","8":"product_cat-einweg-e-zigarette","9":"product_cat-f","11":"first","12":"instock","13":"shipping-taxable","14":"purchasable","15":"product-type-simple"},"yoast_head":"<!-- This site is optimized with the Yoast SEO plugin v26.5 - https:\/\/yoast.com\/wordpress\/plugins\/seo\/ -->\n<title>15000 Z\u00fcge mit Aloe Grape Bang King Digital f\u00fcr Dich | Vapingnet.de<\/title>\n<meta name=\"description\" content=\"Entdecke 15000 Z\u00fcge mit Aloe Grape Bang King Digital f\u00fcr Dich bei vapingnet.de, \u25ba Gro\u00dfe Auswahl an Geschmacksrichtungen &amp; super g\u00fcnstig!\" \/>\n<meta name=\"robots\" content=\"index, follow, max-snippet:-1, max-image-preview:large, max-video-preview:-1\" \/>\n<link rel=\"canonical\" href=\"https:\/\/vapingnet.de\/lt\/vape\/15000-zuege-mit-aloe-grape-bang-king-digital-fuer-dich\/\" \/>\n<meta property=\"og:locale\" content=\"lt_LT\" \/>\n<meta property=\"og:type\" content=\"article\" \/>\n<meta property=\"og:title\" content=\"15000 Z\u00fcge mit Aloe Grape Bang King Digital f\u00fcr Dich | Vapingnet.de\" \/>\n<meta property=\"og:description\" content=\"Entdecke 15000 Z\u00fcge mit Aloe Grape Bang King Digital f\u00fcr Dich bei vapingnet.de, \u25ba Gro\u00dfe Auswahl an Geschmacksrichtungen &amp; super g\u00fcnstig!\" \/>\n<meta property=\"og:url\" content=\"https:\/\/vapingnet.de\/lt\/vape\/15000-zuege-mit-aloe-grape-bang-king-digital-fuer-dich\/\" \/>\n<meta property=\"og:site_name\" content=\"Vapingnet.de\" \/>\n<meta property=\"article:publisher\" content=\"https:\/\/www.facebook.com\/vapingnetde\/\" \/>\n<meta property=\"article:modified_time\" content=\"2025-06-19T03:40:09+00:00\" \/>\n<meta property=\"og:image\" content=\"https:\/\/vapingnet.de\/wp-content\/uploads\/2025\/03\/Aloe-Grape.png\" \/>\n\t<meta property=\"og:image:width\" content=\"900\" \/>\n\t<meta property=\"og:image:height\" content=\"600\" \/>\n\t<meta property=\"og:image:type\" content=\"image\/png\" \/>\n<meta name=\"twitter:card\" content=\"summary_large_image\" \/>\n<meta name=\"twitter:label1\" content=\"Est. reading time\" \/>\n\t<meta name=\"twitter:data1\" content=\"3 minutes\" \/>\n<script type=\"application\/ld+json\" class=\"yoast-schema-graph\">{\"@context\":\"https:\/\/schema.org\",\"@graph\":[{\"@type\":\"WebPage\",\"@id\":\"https:\/\/vapingnet.de\/vape\/15000-zuege-mit-aloe-grape-bang-king-digital-fuer-dich\/\",\"url\":\"https:\/\/vapingnet.de\/vape\/15000-zuege-mit-aloe-grape-bang-king-digital-fuer-dich\/\",\"name\":\"15000 Z\u00fcge mit Aloe Grape Bang King Digital f\u00fcr Dich | Vapingnet.de\",\"isPartOf\":{\"@id\":\"https:\/\/vapingnet.de\/#website\"},\"primaryImageOfPage\":{\"@id\":\"https:\/\/vapingnet.de\/vape\/15000-zuege-mit-aloe-grape-bang-king-digital-fuer-dich\/#primaryimage\"},\"image\":{\"@id\":\"https:\/\/vapingnet.de\/vape\/15000-zuege-mit-aloe-grape-bang-king-digital-fuer-dich\/#primaryimage\"},\"thumbnailUrl\":\"https:\/\/vapingnet.de\/wp-content\/uploads\/2025\/03\/Aloe-Grape.png\",\"datePublished\":\"2025-03-25T06:36:14+00:00\",\"dateModified\":\"2025-06-19T03:40:09+00:00\",\"description\":\"Entdecke 15000 Z\u00fcge mit Aloe Grape Bang King Digital f\u00fcr Dich bei vapingnet.de, \u25ba Gro\u00dfe Auswahl an Geschmacksrichtungen & super g\u00fcnstig!\",\"breadcrumb\":{\"@id\":\"https:\/\/vapingnet.de\/vape\/15000-zuege-mit-aloe-grape-bang-king-digital-fuer-dich\/#breadcrumb\"},\"inLanguage\":\"lt-LT\",\"potentialAction\":[{\"@type\":\"ReadAction\",\"target\":[\"https:\/\/vapingnet.de\/vape\/15000-zuege-mit-aloe-grape-bang-king-digital-fuer-dich\/\"]}]},{\"@type\":\"ImageObject\",\"inLanguage\":\"lt-LT\",\"@id\":\"https:\/\/vapingnet.de\/vape\/15000-zuege-mit-aloe-grape-bang-king-digital-fuer-dich\/#primaryimage\",\"url\":\"https:\/\/vapingnet.de\/wp-content\/uploads\/2025\/03\/Aloe-Grape.png\",\"contentUrl\":\"https:\/\/vapingnet.de\/wp-content\/uploads\/2025\/03\/Aloe-Grape.png\",\"width\":900,\"height\":600,\"caption\":\"Aloe Grape\"},{\"@type\":\"BreadcrumbList\",\"@id\":\"https:\/\/vapingnet.de\/vape\/15000-zuege-mit-aloe-grape-bang-king-digital-fuer-dich\/#breadcrumb\",\"itemListElement\":[{\"@type\":\"ListItem\",\"position\":1,\"name\":\"Home\",\"item\":\"https:\/\/vapingnet.de\/\"},{\"@type\":\"ListItem\",\"position\":2,\"name\":\"Shop\",\"item\":\"https:\/\/vapingnet.de\/vape\/\"},{\"@type\":\"ListItem\",\"position\":3,\"name\":\"15000 Z\u00fcge mit Aloe Grape Bang King Digital f\u00fcr Dich\"}]},{\"@type\":\"WebSite\",\"@id\":\"https:\/\/vapingnet.de\/#website\",\"url\":\"https:\/\/vapingnet.de\/\",\"name\":\"Vapingnet.de\",\"description\":\"\",\"publisher\":{\"@id\":\"https:\/\/vapingnet.de\/#organization\"},\"potentialAction\":[{\"@type\":\"SearchAction\",\"target\":{\"@type\":\"EntryPoint\",\"urlTemplate\":\"https:\/\/vapingnet.de\/?s={search_term_string}\"},\"query-input\":{\"@type\":\"PropertyValueSpecification\",\"valueRequired\":true,\"valueName\":\"search_term_string\"}}],\"inLanguage\":\"lt-LT\"},{\"@type\":\"Organization\",\"@id\":\"https:\/\/vapingnet.de\/#organization\",\"name\":\"Vapingnet.de\",\"url\":\"https:\/\/vapingnet.de\/\",\"logo\":{\"@type\":\"ImageObject\",\"inLanguage\":\"lt-LT\",\"@id\":\"https:\/\/vapingnet.de\/#\/schema\/logo\/image\/\",\"url\":\"https:\/\/vapingnet.de\/wp-content\/uploads\/2025\/03\/cropped-vapingnet.de_.jpg\",\"contentUrl\":\"https:\/\/vapingnet.de\/wp-content\/uploads\/2025\/03\/cropped-vapingnet.de_.jpg\",\"width\":512,\"height\":512,\"caption\":\"Vapingnet.de\"},\"image\":{\"@id\":\"https:\/\/vapingnet.de\/#\/schema\/logo\/image\/\"},\"sameAs\":[\"https:\/\/www.facebook.com\/vapingnetde\/\"]}]}<\/script>\n<!-- \/ Yoast SEO plugin. -->","yoast_head_json":{"title":"15000 Z\u00fcge mit Aloe Grape Bang King Digital f\u00fcr Dich | Vapingnet.de","description":"Entdecke 15000 Z\u00fcge mit Aloe Grape Bang King Digital f\u00fcr Dich bei vapingnet.de, \u25ba Gro\u00dfe Auswahl an Geschmacksrichtungen & super g\u00fcnstig!","robots":{"index":"index","follow":"follow","max-snippet":"max-snippet:-1","max-image-preview":"max-image-preview:large","max-video-preview":"max-video-preview:-1"},"canonical":"https:\/\/vapingnet.de\/lt\/vape\/15000-zuege-mit-aloe-grape-bang-king-digital-fuer-dich\/","og_locale":"lt_LT","og_type":"article","og_title":"15000 Z\u00fcge mit Aloe Grape Bang King Digital f\u00fcr Dich | Vapingnet.de","og_description":"Entdecke 15000 Z\u00fcge mit Aloe Grape Bang King Digital f\u00fcr Dich bei vapingnet.de, \u25ba Gro\u00dfe Auswahl an Geschmacksrichtungen & super g\u00fcnstig!","og_url":"https:\/\/vapingnet.de\/lt\/vape\/15000-zuege-mit-aloe-grape-bang-king-digital-fuer-dich\/","og_site_name":"Vapingnet.de","article_publisher":"https:\/\/www.facebook.com\/vapingnetde\/","article_modified_time":"2025-06-19T03:40:09+00:00","og_image":[{"width":900,"height":600,"url":"https:\/\/vapingnet.de\/wp-content\/uploads\/2025\/03\/Aloe-Grape.png","type":"image\/png"}],"twitter_card":"summary_large_image","twitter_misc":{"Est. reading time":"3 minutes"},"schema":{"@context":"https:\/\/schema.org","@graph":[{"@type":"WebPage","@id":"https:\/\/vapingnet.de\/vape\/15000-zuege-mit-aloe-grape-bang-king-digital-fuer-dich\/","url":"https:\/\/vapingnet.de\/vape\/15000-zuege-mit-aloe-grape-bang-king-digital-fuer-dich\/","name":"15000 Z\u00fcge mit Aloe Grape Bang King Digital f\u00fcr Dich | Vapingnet.de","isPartOf":{"@id":"https:\/\/vapingnet.de\/#website"},"primaryImageOfPage":{"@id":"https:\/\/vapingnet.de\/vape\/15000-zuege-mit-aloe-grape-bang-king-digital-fuer-dich\/#primaryimage"},"image":{"@id":"https:\/\/vapingnet.de\/vape\/15000-zuege-mit-aloe-grape-bang-king-digital-fuer-dich\/#primaryimage"},"thumbnailUrl":"https:\/\/vapingnet.de\/wp-content\/uploads\/2025\/03\/Aloe-Grape.png","datePublished":"2025-03-25T06:36:14+00:00","dateModified":"2025-06-19T03:40:09+00:00","description":"Entdecke 15000 Z\u00fcge mit Aloe Grape Bang King Digital f\u00fcr Dich bei vapingnet.de, \u25ba Gro\u00dfe Auswahl an Geschmacksrichtungen & super g\u00fcnstig!","breadcrumb":{"@id":"https:\/\/vapingnet.de\/vape\/15000-zuege-mit-aloe-grape-bang-king-digital-fuer-dich\/#breadcrumb"},"inLanguage":"lt-LT","potentialAction":[{"@type":"ReadAction","target":["https:\/\/vapingnet.de\/vape\/15000-zuege-mit-aloe-grape-bang-king-digital-fuer-dich\/"]}]},{"@type":"ImageObject","inLanguage":"lt-LT","@id":"https:\/\/vapingnet.de\/vape\/15000-zuege-mit-aloe-grape-bang-king-digital-fuer-dich\/#primaryimage","url":"https:\/\/vapingnet.de\/wp-content\/uploads\/2025\/03\/Aloe-Grape.png","contentUrl":"https:\/\/vapingnet.de\/wp-content\/uploads\/2025\/03\/Aloe-Grape.png","width":900,"height":600,"caption":"Aloe Grape"},{"@type":"BreadcrumbList","@id":"https:\/\/vapingnet.de\/vape\/15000-zuege-mit-aloe-grape-bang-king-digital-fuer-dich\/#breadcrumb","itemListElement":[{"@type":"ListItem","position":1,"name":"Home","item":"https:\/\/vapingnet.de\/"},{"@type":"ListItem","position":2,"name":"Shop","item":"https:\/\/vapingnet.de\/vape\/"},{"@type":"ListItem","position":3,"name":"15000 Z\u00fcge mit Aloe Grape Bang King Digital f\u00fcr Dich"}]},{"@type":"WebSite","@id":"https:\/\/vapingnet.de\/#website","url":"https:\/\/vapingnet.de\/","name":"Vapingnet.de","description":"","publisher":{"@id":"https:\/\/vapingnet.de\/#organization"},"potentialAction":[{"@type":"SearchAction","target":{"@type":"EntryPoint","urlTemplate":"https:\/\/vapingnet.de\/?s={search_term_string}"},"query-input":{"@type":"PropertyValueSpecification","valueRequired":true,"valueName":"search_term_string"}}],"inLanguage":"lt-LT"},{"@type":"Organization","@id":"https:\/\/vapingnet.de\/#organization","name":"Vapingnet.de","url":"https:\/\/vapingnet.de\/","logo":{"@type":"ImageObject","inLanguage":"lt-LT","@id":"https:\/\/vapingnet.de\/#\/schema\/logo\/image\/","url":"https:\/\/vapingnet.de\/wp-content\/uploads\/2025\/03\/cropped-vapingnet.de_.jpg","contentUrl":"https:\/\/vapingnet.de\/wp-content\/uploads\/2025\/03\/cropped-vapingnet.de_.jpg","width":512,"height":512,"caption":"Vapingnet.de"},"image":{"@id":"https:\/\/vapingnet.de\/#\/schema\/logo\/image\/"},"sameAs":["https:\/\/www.facebook.com\/vapingnetde\/"]}]}},"tiered_pricing_type":"fixed","tiered_pricing_fixed_rules":{"10":"6.83","60":"6.15","110":"5.46","200":"4.78"},"tiered_pricing_product_settings":{"layout":"default","base_unit_name":{"singular":null,"plural":null},"default_variation":null},"tiered_pricing_minimum_quantity":null,"tiered_pricing_roles_data":[],"tiered_pricing_percentage_rules":[],"_links":{"self":[{"href":"https:\/\/vapingnet.de\/lt\/wp-json\/wp\/v2\/product\/5874","targetHints":{"allow":["GET"]}}],"collection":[{"href":"https:\/\/vapingnet.de\/lt\/wp-json\/wp\/v2\/product"}],"about":[{"href":"https:\/\/vapingnet.de\/lt\/wp-json\/wp\/v2\/types\/product"}],"version-history":[{"count":1,"href":"https:\/\/vapingnet.de\/lt\/wp-json\/wp\/v2\/product\/5874\/revisions"}],"predecessor-version":[{"id":5886,"href":"https:\/\/vapingnet.de\/lt\/wp-json\/wp\/v2\/product\/5874\/revisions\/5886"}],"wp:featuredmedia":[{"embeddable":true,"href":"https:\/\/vapingnet.de\/lt\/wp-json\/wp\/v2\/media\/5879"}],"wp:attachment":[{"href":"https:\/\/vapingnet.de\/lt\/wp-json\/wp\/v2\/media?parent=5874"}],"wp:term":[{"taxonomy":"brand","embeddable":true,"href":"https:\/\/vapingnet.de\/lt\/wp-json\/wp\/v2\/etheme_brands?post=5874"},{"taxonomy":"product_brand","embeddable":true,"href":"https:\/\/vapingnet.de\/lt\/wp-json\/wp\/v2\/product_brand?post=5874"},{"taxonomy":"product_cat","embeddable":true,"href":"https:\/\/vapingnet.de\/lt\/wp-json\/wp\/v2\/product_cat?post=5874"},{"taxonomy":"product_tag","embeddable":true,"href":"https:\/\/vapingnet.de\/lt\/wp-json\/wp\/v2\/product_tag?post=5874"}],"curies":[{"name":"wp","href":"https:\/\/api.w.org\/{rel}","templated":true}]}}