{"id":5875,"date":"2025-03-25T06:36:16","date_gmt":"2025-03-25T06:36:16","guid":{"rendered":"https:\/\/vapingnet.de\/?post_type=product&#038;p=5875"},"modified":"2025-06-19T03:40:08","modified_gmt":"2025-06-19T03:40:08","slug":"15000-zuege-voller-genuss-bang-king-digital-peach-ice-jetzt-entdecken","status":"publish","type":"product","link":"https:\/\/vapingnet.de\/lt\/vape\/15000-zuege-voller-genuss-bang-king-digital-peach-ice-jetzt-entdecken\/","title":{"rendered":"15000 \u012fkv\u0117pim\u0173 pilni malonumo Bang King Digital Peach Ice dabar atraskite"},"content":{"rendered":"<h2 data-start=\"0\" data-end=\"128\" data-immersive-translate-walked=\"be435e60-77a0-46e9-a6da-6d61292a5e22\">\u0160vie\u017eias persik\u0173 skonis ir ledin\u0117 gaiva, ilgalaikis malonumas<\/h2>\n<p class=\"\" data-start=\"130\" data-end=\"466\" data-immersive-translate-walked=\"be435e60-77a0-46e9-a6da-6d61292a5e22\">Bang King Digital 15000 Puffs vienkartin\u0117 elektronin\u0117 cigaret\u0117 tapo idealiu pasirinkimu visiems, kurie ie\u0161ko galingo, stilingo ir ilgai trunkan\u010dio garinimo patirties. Nesvarbu, ar esate pradedantysis, ar patyr\u0119s garintojas, \u0161i elektronin\u0117 cigaret\u0117 suteiks nepamir\u0161tam\u0105 garinimo patirt\u012f.<\/p>\n<h5 data-start=\"468\" data-end=\"513\" data-immersive-translate-walked=\"be435e60-77a0-46e9-a6da-6d61292a5e22\">Galingas veikimas, itin ilgas naudojimas<\/h5>\n<ul data-start=\"515\" data-end=\"1025\" data-immersive-translate-walked=\"be435e60-77a0-46e9-a6da-6d61292a5e22\">\n<li class=\"\" data-start=\"515\" data-end=\"775\" data-immersive-translate-walked=\"be435e60-77a0-46e9-a6da-6d61292a5e22\">\n<p class=\"\" data-start=\"517\" data-end=\"775\" data-immersive-translate-walked=\"be435e60-77a0-46e9-a6da-6d61292a5e22\">15000 \u012fkv\u0117pim\u0173, ilgas naudojimas: Kiekviena Bang King Digital 15000 Puffs suteikia iki 15000 \u012fkv\u0117pim\u0173, tai rei\u0161kia, kad gal\u0117site m\u0117gautis ilg\u0105 laik\u0105 be da\u017en\u0173 keitim\u0173. \u0160is ilgas tarnavimo laikas u\u017etikrina, kad i\u0161 kiekvieno \u012fkv\u0117pimo gautum\u0117te maksimal\u0173 malonum\u0105.<\/p>\n<\/li>\n<li class=\"\" data-start=\"777\" data-end=\"1025\" data-immersive-translate-walked=\"be435e60-77a0-46e9-a6da-6d61292a5e22\">\n<p class=\"\" data-start=\"779\" data-end=\"1025\" data-immersive-translate-walked=\"be435e60-77a0-46e9-a6da-6d61292a5e22\">650mAh \u012fkraunama baterija: 650mAh baterija palaiko Type-C greit\u0105 \u012fkrovim\u0105 ir u\u017etikrina greit\u0105 \u012fkrovim\u0105, kad gal\u0117tum\u0117te bet kada v\u0117l garinti. Vien\u0105 kart\u0105 \u012fkrovus, gal\u0117site ilgai m\u0117gautis savo elektronine cigarete.<\/p>\n<\/li>\n<\/ul>\n<h5 data-start=\"1027\" data-end=\"1081\" data-immersive-translate-walked=\"be435e60-77a0-46e9-a6da-6d61292a5e22\">\u0160vie\u017eias persik\u0173 skonis, ledin\u0117 gaiva<\/h5>\n<ul data-start=\"1083\" data-end=\"1379\" data-immersive-translate-walked=\"be435e60-77a0-46e9-a6da-6d61292a5e22\">\n<li class=\"\" data-start=\"1083\" data-end=\"1379\" data-immersive-translate-walked=\"be435e60-77a0-46e9-a6da-6d61292a5e22\">\n<p class=\"\" data-start=\"1085\" data-end=\"1379\" data-immersive-translate-walked=\"be435e60-77a0-46e9-a6da-6d61292a5e22\">Persik\u0173 ledas skonis: Persik\u0173 ledas skonis jungia saldum\u0105 ir gaiv\u0173 \u0161alt\u012f, suteikdamas kiekvienam \u012fkv\u0117pimui gaiv\u0173 poj\u016bt\u012f. Jau\u010diasi tarsi m\u0117gautum\u0117t\u0117s \u0161altu, \u0161vie\u017eiu persiku \u2013 puikus pasirinkimas kar\u0161tomis dienomis ar atsipalaidavimo akimirkomis.<\/p>\n<\/li>\n<\/ul>\n<h5 data-start=\"1381\" data-end=\"1439\" data-immersive-translate-walked=\"be435e60-77a0-46e9-a6da-6d61292a5e22\">Nuostab\u016bs RGB \u0161viesos efektai, stilingas dizainas<\/h5>\n<ul data-start=\"1441\" data-end=\"1763\" data-immersive-translate-walked=\"be435e60-77a0-46e9-a6da-6d61292a5e22\">\n<li class=\"\" data-start=\"1441\" data-end=\"1763\" data-immersive-translate-walked=\"be435e60-77a0-46e9-a6da-6d61292a5e22\">\n<p class=\"\" data-start=\"1443\" data-end=\"1763\" data-immersive-translate-walked=\"be435e60-77a0-46e9-a6da-6d61292a5e22\">RGB \u0161viesos indikatorius: Su RGB ap\u0161vietimu kiekvienas garinimas tampa \u012fsp\u016bdingu \u0161viesos \u017eaidimu, kuris kei\u010diasi priklausomai nuo \u012fkv\u0117pimo. \u0160ie \u0161viesos efektai suteikia j\u016bs\u0173 elektroninei cigaretei asmenin\u012f akcent\u0105 ir paver\u010dia j\u0105 tikru akcentu. Tai ne tik funkcionalu, bet ir stilingas aksesuaras.<\/p>\n<\/li>\n<\/ul>\n<h5 data-start=\"1765\" data-end=\"1821\" data-immersive-translate-walked=\"be435e60-77a0-46e9-a6da-6d61292a5e22\">Didel\u0117 E-liquido talpa, ilgalaikis malonumas<\/h5>\n<ul data-start=\"1823\" data-end=\"2312\" data-immersive-translate-walked=\"be435e60-77a0-46e9-a6da-6d61292a5e22\">\n<li class=\"\" data-start=\"1823\" data-end=\"2076\" data-immersive-translate-walked=\"be435e60-77a0-46e9-a6da-6d61292a5e22\">\n<p class=\"\" data-start=\"1825\" data-end=\"2076\" data-immersive-translate-walked=\"be435e60-77a0-46e9-a6da-6d61292a5e22\">25ml E-liquido: Su 25ml talpa E-liquido jums nereik\u0117s da\u017enai papildyti. Didel\u0117 talpa u\u017etikrina stabil\u0173 ir ilgalaik\u012f garinim\u0105, kur\u012f gal\u0117site m\u0117gautis pilna \u0161irdimi.<\/p>\n<\/li>\n<li class=\"\" data-start=\"2078\" data-end=\"2312\" data-immersive-translate-walked=\"be435e60-77a0-46e9-a6da-6d61292a5e22\">\n<p class=\"\" data-start=\"2080\" data-end=\"2312\" data-immersive-translate-walked=\"be435e60-77a0-46e9-a6da-6d61292a5e22\">Lengva ir kompakti\u0161ka, tik 90g: Svoris tik 90g, \u0161i elektronin\u0117 cigaret\u0117 yra lengva ir kompakti\u0161ka, ideali kelion\u0117ms. Galite j\u0105 lengvai \u012fsid\u0117ti \u012f rankin\u0119 ar kuprin\u0119 ir bet kada m\u0117gautis garinimo patirtimi.<\/p>\n<\/li>\n<\/ul>\n<h5 data-start=\"2314\" data-end=\"2366\" data-immersive-translate-walked=\"be435e60-77a0-46e9-a6da-6d61292a5e22\">Skirtingos nikotino stiprumo galimyb\u0117s kiekvienam poreikiui<\/h5>\n<ul data-start=\"2368\" data-end=\"2643\" data-immersive-translate-walked=\"be435e60-77a0-46e9-a6da-6d61292a5e22\">\n<li class=\"\" data-start=\"2368\" data-end=\"2643\" data-immersive-translate-walked=\"be435e60-77a0-46e9-a6da-6d61292a5e22\">\n<p class=\"\" data-start=\"2370\" data-end=\"2643\" data-immersive-translate-walked=\"be435e60-77a0-46e9-a6da-6d61292a5e22\">Bang King Digital 15000 Puffs elektronin\u0117 cigaret\u0117 yra prieinama su nikotino stiprumais 0%, 2%, 3%, 5%, kad atitikt\u0173 \u012fvairius poreikius. Jei pageidaujate nikotino stiprumo 0% arba 3%, galite pateikti didel\u012f u\u017esakym\u0105, kad patenkintum\u0117te savo poreikius.<\/p>\n<\/li>\n<\/ul>\n<h5 data-start=\"2645\" data-end=\"2694\" data-immersive-translate-walked=\"be435e60-77a0-46e9-a6da-6d61292a5e22\">Be muit\u0173 pirkimas, be streso patirtis<\/h5>\n<ul data-start=\"2696\" data-end=\"2922\" data-immersive-translate-walked=\"be435e60-77a0-46e9-a6da-6d61292a5e22\">\n<li class=\"\" data-start=\"2696\" data-end=\"2922\" data-immersive-translate-walked=\"be435e60-77a0-46e9-a6da-6d61292a5e22\">\n<p class=\"\" data-start=\"2698\" data-end=\"2922\" data-immersive-translate-walked=\"be435e60-77a0-46e9-a6da-6d61292a5e22\">Perkant vapingnet.de, n\u0117ra muit\u0173 mokes\u010di\u0173, tod\u0117l galite m\u0117gautis savo elektronine cigarete be papildom\u0173 i\u0161laid\u0173. Tarptautinis siuntimas u\u017etikrina, kad gausite savo produkt\u0105 greitai ir be r\u016bpes\u010di\u0173.<\/p>\n<\/li>\n<\/ul>\n<h3>Kod\u0117l verta rinktis Bang King Digital 15000 Puffs?<\/h3>\n<ul data-start=\"2993\" data-end=\"3580\" data-immersive-translate-walked=\"be435e60-77a0-46e9-a6da-6d61292a5e22\">\n<li class=\"\" data-start=\"2993\" data-end=\"3182\" data-immersive-translate-walked=\"be435e60-77a0-46e9-a6da-6d61292a5e22\">\n<p class=\"\" data-start=\"2995\" data-end=\"3182\" data-immersive-translate-walked=\"be435e60-77a0-46e9-a6da-6d61292a5e22\">Ilgas naudojimas: Su 15000 \u012fkv\u0117pim\u0173 \u0161i elektronin\u0117 cigaret\u0117 si\u016blo ne\u012ftik\u0117tinai ilg\u0105 naudojimo laik\u0105 ir u\u017etikrina, kad gal\u0117site m\u0117gautis pilnu malonumu be da\u017en\u0173 keitim\u0173.<\/p>\n<\/li>\n<li class=\"\" data-start=\"3183\" data-end=\"3318\" data-immersive-translate-walked=\"be435e60-77a0-46e9-a6da-6d61292a5e22\">\n<p class=\"\" data-start=\"3185\" data-end=\"3318\" data-immersive-translate-walked=\"be435e60-77a0-46e9-a6da-6d61292a5e22\">\u0160vie\u017eias skonis: Persik\u0173 ledas skonis jungia sald\u0173 vaisi\u0173 ir gaiv\u0173 \u0161alt\u012f, suteikdamas unikal\u0173 patirt\u012f.<\/p>\n<\/li>\n<li class=\"\" data-start=\"3319\" data-end=\"3453\" data-immersive-translate-walked=\"be435e60-77a0-46e9-a6da-6d61292a5e22\">\n<p class=\"\" data-start=\"3321\" data-end=\"3453\" data-immersive-translate-walked=\"be435e60-77a0-46e9-a6da-6d61292a5e22\">RGB \u0161viesos efektai: RGB ap\u0161vietimas suteikia vizualin\u012f akcent\u0105 ir prideda asmenin\u012f prisilietim\u0105 j\u016bs\u0173 garinimo patir\u010diai.<\/p>\n<\/li>\n<li class=\"\" data-start=\"3454\" data-end=\"3580\" data-immersive-translate-walked=\"be435e60-77a0-46e9-a6da-6d61292a5e22\">\n<p class=\"\" data-start=\"3456\" data-end=\"3580\" data-immersive-translate-walked=\"be435e60-77a0-46e9-a6da-6d61292a5e22\">Didel\u0117 E-liquido talpa: Su 25ml E-liquido talpa gal\u0117site ilgai m\u0117gautis be papildymo.<\/p>\n<\/li>\n<\/ul>\n<h4 data-start=\"3582\" data-end=\"3669\" data-immersive-translate-walked=\"be435e60-77a0-46e9-a6da-6d61292a5e22\">U\u017esisakyk dabar i\u0161 vapingnet.de ir i\u0161bandyk Bang King Digital 15000 Puffs!<\/h4>\n<p class=\"\" data-start=\"3671\" data-end=\"3967\" data-immersive-translate-walked=\"be435e60-77a0-46e9-a6da-6d61292a5e22\">Ko dar laukiate? Apsilankykite vapingnet.de ir u\u017esisakykite savo Bang King Digital 15000 Puffs \u0161iandien. M\u0117gaukit\u0117s \u0161vie\u017eiu persik\u0173 skoniu, ilgais naudojimo valandomis ir \u012fsp\u016bdingais RGB \u0161viesos efektais, kurie pakels j\u016bs\u0173 garinimo patirt\u012f \u012f kit\u0105 lyg\u012f!<\/p>","protected":false},"excerpt":{"rendered":"<p>\u0160vie\u017eias persik\u0173 skonis ir ledin\u0117 gaiva, ilgalaikis malonumas Bang King Digital 15000 Puffs Vienkartin\u0117 elektronin\u0117 cigaret\u0117 \u012fsitvirtino rinkoje kaip tobula pasirinkimo galimyb\u0117...<\/p>","protected":false},"featured_media":5880,"template":"","meta":[],"etheme_brands":[],"product_brand":[101],"product_cat":[53,49,61],"product_tag":[],"class_list":{"0":"post-5875","1":"product","2":"type-product","3":"status-publish","4":"has-post-thumbnail","6":"product_brand-bang-king-vape","7":"product_cat-vape-15000-zuege","8":"product_cat-einweg-e-zigarette","9":"product_cat-f","11":"first","12":"instock","13":"shipping-taxable","14":"purchasable","15":"product-type-simple"},"yoast_head":"<!-- This site is optimized with the Yoast SEO plugin v26.5 - https:\/\/yoast.com\/wordpress\/plugins\/seo\/ -->\n<title>15000 Z\u00fcge voller Genuss Bang King Digital Peach Ice jetzt entdecken | Vapingnet.de<\/title>\n<meta name=\"description\" content=\"Entdecke 15000 Z\u00fcge voller Genuss Bang King Digital Peach Ice jetzt entdecken bei vapingnet.de, \u25ba Gro\u00dfe Auswahl an Geschmacksrichtungen &amp; super g\u00fcnstig!\" \/>\n<meta name=\"robots\" content=\"index, follow, max-snippet:-1, max-image-preview:large, max-video-preview:-1\" \/>\n<link rel=\"canonical\" href=\"https:\/\/vapingnet.de\/lt\/vape\/15000-zuege-voller-genuss-bang-king-digital-peach-ice-jetzt-entdecken\/\" \/>\n<meta property=\"og:locale\" content=\"lt_LT\" \/>\n<meta property=\"og:type\" content=\"article\" \/>\n<meta property=\"og:title\" content=\"15000 Z\u00fcge voller Genuss Bang King Digital Peach Ice jetzt entdecken | Vapingnet.de\" \/>\n<meta property=\"og:description\" content=\"Entdecke 15000 Z\u00fcge voller Genuss Bang King Digital Peach Ice jetzt entdecken bei vapingnet.de, \u25ba Gro\u00dfe Auswahl an Geschmacksrichtungen &amp; super g\u00fcnstig!\" \/>\n<meta property=\"og:url\" content=\"https:\/\/vapingnet.de\/lt\/vape\/15000-zuege-voller-genuss-bang-king-digital-peach-ice-jetzt-entdecken\/\" \/>\n<meta property=\"og:site_name\" content=\"Vapingnet.de\" \/>\n<meta property=\"article:publisher\" content=\"https:\/\/www.facebook.com\/vapingnetde\/\" \/>\n<meta property=\"article:modified_time\" content=\"2025-06-19T03:40:08+00:00\" \/>\n<meta property=\"og:image\" content=\"https:\/\/vapingnet.de\/wp-content\/uploads\/2025\/03\/Peach-Ice-3.png\" \/>\n\t<meta property=\"og:image:width\" content=\"900\" \/>\n\t<meta property=\"og:image:height\" content=\"600\" \/>\n\t<meta property=\"og:image:type\" content=\"image\/png\" \/>\n<meta name=\"twitter:card\" content=\"summary_large_image\" \/>\n<meta name=\"twitter:label1\" content=\"Est. reading time\" \/>\n\t<meta name=\"twitter:data1\" content=\"3 minutes\" \/>\n<script type=\"application\/ld+json\" class=\"yoast-schema-graph\">{\"@context\":\"https:\/\/schema.org\",\"@graph\":[{\"@type\":\"WebPage\",\"@id\":\"https:\/\/vapingnet.de\/vape\/15000-zuege-voller-genuss-bang-king-digital-peach-ice-jetzt-entdecken\/\",\"url\":\"https:\/\/vapingnet.de\/vape\/15000-zuege-voller-genuss-bang-king-digital-peach-ice-jetzt-entdecken\/\",\"name\":\"15000 Z\u00fcge voller Genuss Bang King Digital Peach Ice jetzt entdecken | Vapingnet.de\",\"isPartOf\":{\"@id\":\"https:\/\/vapingnet.de\/#website\"},\"primaryImageOfPage\":{\"@id\":\"https:\/\/vapingnet.de\/vape\/15000-zuege-voller-genuss-bang-king-digital-peach-ice-jetzt-entdecken\/#primaryimage\"},\"image\":{\"@id\":\"https:\/\/vapingnet.de\/vape\/15000-zuege-voller-genuss-bang-king-digital-peach-ice-jetzt-entdecken\/#primaryimage\"},\"thumbnailUrl\":\"https:\/\/vapingnet.de\/wp-content\/uploads\/2025\/03\/Peach-Ice-3.png\",\"datePublished\":\"2025-03-25T06:36:16+00:00\",\"dateModified\":\"2025-06-19T03:40:08+00:00\",\"description\":\"Entdecke 15000 Z\u00fcge voller Genuss Bang King Digital Peach Ice jetzt entdecken bei vapingnet.de, \u25ba Gro\u00dfe Auswahl an Geschmacksrichtungen & super g\u00fcnstig!\",\"breadcrumb\":{\"@id\":\"https:\/\/vapingnet.de\/vape\/15000-zuege-voller-genuss-bang-king-digital-peach-ice-jetzt-entdecken\/#breadcrumb\"},\"inLanguage\":\"lt-LT\",\"potentialAction\":[{\"@type\":\"ReadAction\",\"target\":[\"https:\/\/vapingnet.de\/vape\/15000-zuege-voller-genuss-bang-king-digital-peach-ice-jetzt-entdecken\/\"]}]},{\"@type\":\"ImageObject\",\"inLanguage\":\"lt-LT\",\"@id\":\"https:\/\/vapingnet.de\/vape\/15000-zuege-voller-genuss-bang-king-digital-peach-ice-jetzt-entdecken\/#primaryimage\",\"url\":\"https:\/\/vapingnet.de\/wp-content\/uploads\/2025\/03\/Peach-Ice-3.png\",\"contentUrl\":\"https:\/\/vapingnet.de\/wp-content\/uploads\/2025\/03\/Peach-Ice-3.png\",\"width\":900,\"height\":600,\"caption\":\"Peach Ice\"},{\"@type\":\"BreadcrumbList\",\"@id\":\"https:\/\/vapingnet.de\/vape\/15000-zuege-voller-genuss-bang-king-digital-peach-ice-jetzt-entdecken\/#breadcrumb\",\"itemListElement\":[{\"@type\":\"ListItem\",\"position\":1,\"name\":\"Home\",\"item\":\"https:\/\/vapingnet.de\/\"},{\"@type\":\"ListItem\",\"position\":2,\"name\":\"Shop\",\"item\":\"https:\/\/vapingnet.de\/vape\/\"},{\"@type\":\"ListItem\",\"position\":3,\"name\":\"15000 Z\u00fcge voller Genuss Bang King Digital Peach Ice jetzt entdecken\"}]},{\"@type\":\"WebSite\",\"@id\":\"https:\/\/vapingnet.de\/#website\",\"url\":\"https:\/\/vapingnet.de\/\",\"name\":\"Vapingnet.de\",\"description\":\"\",\"publisher\":{\"@id\":\"https:\/\/vapingnet.de\/#organization\"},\"potentialAction\":[{\"@type\":\"SearchAction\",\"target\":{\"@type\":\"EntryPoint\",\"urlTemplate\":\"https:\/\/vapingnet.de\/?s={search_term_string}\"},\"query-input\":{\"@type\":\"PropertyValueSpecification\",\"valueRequired\":true,\"valueName\":\"search_term_string\"}}],\"inLanguage\":\"lt-LT\"},{\"@type\":\"Organization\",\"@id\":\"https:\/\/vapingnet.de\/#organization\",\"name\":\"Vapingnet.de\",\"url\":\"https:\/\/vapingnet.de\/\",\"logo\":{\"@type\":\"ImageObject\",\"inLanguage\":\"lt-LT\",\"@id\":\"https:\/\/vapingnet.de\/#\/schema\/logo\/image\/\",\"url\":\"https:\/\/vapingnet.de\/wp-content\/uploads\/2025\/03\/cropped-vapingnet.de_.jpg\",\"contentUrl\":\"https:\/\/vapingnet.de\/wp-content\/uploads\/2025\/03\/cropped-vapingnet.de_.jpg\",\"width\":512,\"height\":512,\"caption\":\"Vapingnet.de\"},\"image\":{\"@id\":\"https:\/\/vapingnet.de\/#\/schema\/logo\/image\/\"},\"sameAs\":[\"https:\/\/www.facebook.com\/vapingnetde\/\"]}]}<\/script>\n<!-- \/ Yoast SEO plugin. -->","yoast_head_json":{"title":"15000 Z\u00fcge voller Genuss Bang King Digital Peach Ice jetzt entdecken | Vapingnet.de","description":"Entdecke 15000 Z\u00fcge voller Genuss Bang King Digital Peach Ice jetzt entdecken bei vapingnet.de, \u25ba Gro\u00dfe Auswahl an Geschmacksrichtungen & super g\u00fcnstig!","robots":{"index":"index","follow":"follow","max-snippet":"max-snippet:-1","max-image-preview":"max-image-preview:large","max-video-preview":"max-video-preview:-1"},"canonical":"https:\/\/vapingnet.de\/lt\/vape\/15000-zuege-voller-genuss-bang-king-digital-peach-ice-jetzt-entdecken\/","og_locale":"lt_LT","og_type":"article","og_title":"15000 Z\u00fcge voller Genuss Bang King Digital Peach Ice jetzt entdecken | Vapingnet.de","og_description":"Entdecke 15000 Z\u00fcge voller Genuss Bang King Digital Peach Ice jetzt entdecken bei vapingnet.de, \u25ba Gro\u00dfe Auswahl an Geschmacksrichtungen & super g\u00fcnstig!","og_url":"https:\/\/vapingnet.de\/lt\/vape\/15000-zuege-voller-genuss-bang-king-digital-peach-ice-jetzt-entdecken\/","og_site_name":"Vapingnet.de","article_publisher":"https:\/\/www.facebook.com\/vapingnetde\/","article_modified_time":"2025-06-19T03:40:08+00:00","og_image":[{"width":900,"height":600,"url":"https:\/\/vapingnet.de\/wp-content\/uploads\/2025\/03\/Peach-Ice-3.png","type":"image\/png"}],"twitter_card":"summary_large_image","twitter_misc":{"Est. reading time":"3 minutes"},"schema":{"@context":"https:\/\/schema.org","@graph":[{"@type":"WebPage","@id":"https:\/\/vapingnet.de\/vape\/15000-zuege-voller-genuss-bang-king-digital-peach-ice-jetzt-entdecken\/","url":"https:\/\/vapingnet.de\/vape\/15000-zuege-voller-genuss-bang-king-digital-peach-ice-jetzt-entdecken\/","name":"15000 Z\u00fcge voller Genuss Bang King Digital Peach Ice jetzt entdecken | Vapingnet.de","isPartOf":{"@id":"https:\/\/vapingnet.de\/#website"},"primaryImageOfPage":{"@id":"https:\/\/vapingnet.de\/vape\/15000-zuege-voller-genuss-bang-king-digital-peach-ice-jetzt-entdecken\/#primaryimage"},"image":{"@id":"https:\/\/vapingnet.de\/vape\/15000-zuege-voller-genuss-bang-king-digital-peach-ice-jetzt-entdecken\/#primaryimage"},"thumbnailUrl":"https:\/\/vapingnet.de\/wp-content\/uploads\/2025\/03\/Peach-Ice-3.png","datePublished":"2025-03-25T06:36:16+00:00","dateModified":"2025-06-19T03:40:08+00:00","description":"Entdecke 15000 Z\u00fcge voller Genuss Bang King Digital Peach Ice jetzt entdecken bei vapingnet.de, \u25ba Gro\u00dfe Auswahl an Geschmacksrichtungen & super g\u00fcnstig!","breadcrumb":{"@id":"https:\/\/vapingnet.de\/vape\/15000-zuege-voller-genuss-bang-king-digital-peach-ice-jetzt-entdecken\/#breadcrumb"},"inLanguage":"lt-LT","potentialAction":[{"@type":"ReadAction","target":["https:\/\/vapingnet.de\/vape\/15000-zuege-voller-genuss-bang-king-digital-peach-ice-jetzt-entdecken\/"]}]},{"@type":"ImageObject","inLanguage":"lt-LT","@id":"https:\/\/vapingnet.de\/vape\/15000-zuege-voller-genuss-bang-king-digital-peach-ice-jetzt-entdecken\/#primaryimage","url":"https:\/\/vapingnet.de\/wp-content\/uploads\/2025\/03\/Peach-Ice-3.png","contentUrl":"https:\/\/vapingnet.de\/wp-content\/uploads\/2025\/03\/Peach-Ice-3.png","width":900,"height":600,"caption":"Peach Ice"},{"@type":"BreadcrumbList","@id":"https:\/\/vapingnet.de\/vape\/15000-zuege-voller-genuss-bang-king-digital-peach-ice-jetzt-entdecken\/#breadcrumb","itemListElement":[{"@type":"ListItem","position":1,"name":"Home","item":"https:\/\/vapingnet.de\/"},{"@type":"ListItem","position":2,"name":"Shop","item":"https:\/\/vapingnet.de\/vape\/"},{"@type":"ListItem","position":3,"name":"15000 Z\u00fcge voller Genuss Bang King Digital Peach Ice jetzt entdecken"}]},{"@type":"WebSite","@id":"https:\/\/vapingnet.de\/#website","url":"https:\/\/vapingnet.de\/","name":"Vapingnet.de","description":"","publisher":{"@id":"https:\/\/vapingnet.de\/#organization"},"potentialAction":[{"@type":"SearchAction","target":{"@type":"EntryPoint","urlTemplate":"https:\/\/vapingnet.de\/?s={search_term_string}"},"query-input":{"@type":"PropertyValueSpecification","valueRequired":true,"valueName":"search_term_string"}}],"inLanguage":"lt-LT"},{"@type":"Organization","@id":"https:\/\/vapingnet.de\/#organization","name":"Vapingnet.de","url":"https:\/\/vapingnet.de\/","logo":{"@type":"ImageObject","inLanguage":"lt-LT","@id":"https:\/\/vapingnet.de\/#\/schema\/logo\/image\/","url":"https:\/\/vapingnet.de\/wp-content\/uploads\/2025\/03\/cropped-vapingnet.de_.jpg","contentUrl":"https:\/\/vapingnet.de\/wp-content\/uploads\/2025\/03\/cropped-vapingnet.de_.jpg","width":512,"height":512,"caption":"Vapingnet.de"},"image":{"@id":"https:\/\/vapingnet.de\/#\/schema\/logo\/image\/"},"sameAs":["https:\/\/www.facebook.com\/vapingnetde\/"]}]}},"tiered_pricing_type":"fixed","tiered_pricing_fixed_rules":{"10":"6.83","60":"6.15","110":"5.46","200":"4.78"},"tiered_pricing_product_settings":{"layout":"default","base_unit_name":{"singular":null,"plural":null},"default_variation":null},"tiered_pricing_minimum_quantity":null,"tiered_pricing_roles_data":[],"tiered_pricing_percentage_rules":[],"_links":{"self":[{"href":"https:\/\/vapingnet.de\/lt\/wp-json\/wp\/v2\/product\/5875","targetHints":{"allow":["GET"]}}],"collection":[{"href":"https:\/\/vapingnet.de\/lt\/wp-json\/wp\/v2\/product"}],"about":[{"href":"https:\/\/vapingnet.de\/lt\/wp-json\/wp\/v2\/types\/product"}],"version-history":[{"count":1,"href":"https:\/\/vapingnet.de\/lt\/wp-json\/wp\/v2\/product\/5875\/revisions"}],"predecessor-version":[{"id":5887,"href":"https:\/\/vapingnet.de\/lt\/wp-json\/wp\/v2\/product\/5875\/revisions\/5887"}],"wp:featuredmedia":[{"embeddable":true,"href":"https:\/\/vapingnet.de\/lt\/wp-json\/wp\/v2\/media\/5880"}],"wp:attachment":[{"href":"https:\/\/vapingnet.de\/lt\/wp-json\/wp\/v2\/media?parent=5875"}],"wp:term":[{"taxonomy":"brand","embeddable":true,"href":"https:\/\/vapingnet.de\/lt\/wp-json\/wp\/v2\/etheme_brands?post=5875"},{"taxonomy":"product_brand","embeddable":true,"href":"https:\/\/vapingnet.de\/lt\/wp-json\/wp\/v2\/product_brand?post=5875"},{"taxonomy":"product_cat","embeddable":true,"href":"https:\/\/vapingnet.de\/lt\/wp-json\/wp\/v2\/product_cat?post=5875"},{"taxonomy":"product_tag","embeddable":true,"href":"https:\/\/vapingnet.de\/lt\/wp-json\/wp\/v2\/product_tag?post=5875"}],"curies":[{"name":"wp","href":"https:\/\/api.w.org\/{rel}","templated":true}]}}