{"id":5881,"date":"2025-03-25T06:39:29","date_gmt":"2025-03-25T06:39:29","guid":{"rendered":"https:\/\/vapingnet.de\/?post_type=product&#038;p=5881"},"modified":"2025-06-19T03:40:08","modified_gmt":"2025-06-19T03:40:08","slug":"15000-zuege-strawberry-banana-dein-neuer-lieblings-vape-von-bang-king-digital","status":"publish","type":"product","link":"https:\/\/vapingnet.de\/lt\/vape\/15000-zuege-strawberry-banana-dein-neuer-lieblings-vape-von-bang-king-digital\/","title":{"rendered":"15000 \u012fkv\u0117pim\u0173 Bra\u0161k\u0117 Banana J\u016bs\u0173 nauja m\u0117gstamiausia Vape i\u0161 Bang King Digital"},"content":{"rendered":"<h2 data-start=\"0\" data-end=\"98\" data-immersive-translate-walked=\"be435e60-77a0-46e9-a6da-6d61292a5e22\">Bang King Digital 15000 R\u016b\u0161i\u0173 \u2013 Bra\u0161ki\u0173 Banano Skonis<\/h2>\n<p class=\"\" data-start=\"100\" data-end=\"438\" data-immersive-translate-walked=\"be435e60-77a0-46e9-a6da-6d61292a5e22\">Ar ie\u0161kote galingo, turtingo skoniu ir ilgaam\u017eio elektroninio cigareto? Tuomet jums patiks Bang King Digital 15000 R\u016b\u0161i\u0173! \u0160i elektronin\u0117 cigaret\u0117 ne tik atrodo stilingai ir madingai, bet ir pasi\u017eymi neatsispiriamais skoniais. Pa\u017ei\u016br\u0117kime \u012f jos unikalius bruo\u017eus!<\/p>\n<ul>\n<li data-start=\"440\" data-end=\"501\" data-immersive-translate-walked=\"be435e60-77a0-46e9-a6da-6d61292a5e22\">Ekstremaliai ilgas naudojimo laikas ilgalaikiam malonumui<br \/>\nSu iki 15000 \u012fkv\u0117pim\u0173, Bang King Digital 15000 R\u016b\u0161i\u0173 pasi\u017eymi stebinan\u010diu ilgu naudojimo laiku. Joki\u0173 nuolatini\u0173 keitim\u0173 ar r\u016bpes\u010di\u0173 d\u0117l akumuliatoriaus tarnavimo laiko \u2013 m\u0117gaukis kiekvienu \u012fkv\u0117pimu be pertraukos!<\/li>\n<li data-start=\"722\" data-end=\"771\" data-immersive-translate-walked=\"be435e60-77a0-46e9-a6da-6d61292a5e22\">Greitas \u012fkrovimas ir ilgaam\u017eis naudojimas<br \/>\n650mAh akumuliatorius gali b\u016bti greitai \u012fkrautas per Tipo-C jungt\u012f. \u012ekrovimo laikas trumpas, o naudojimas \u2013 ilgalaikis. Nesvarbu, ar naudoji kasdien, ar b\u016bdamas kelyje, greitas \u012fkrovimas u\u017etikrina, kad gal\u0117tum d\u016bminti bet kada be r\u016bpes\u010di\u0173.<\/li>\n<li data-start=\"1058\" data-end=\"1115\" data-immersive-translate-walked=\"be435e60-77a0-46e9-a6da-6d61292a5e22\">Bra\u0161ki\u0173 Banano Skonis \u2013 Vaisi\u0161kas ir skanus<br \/>\nBra\u0161ki\u0173 Banano skonis yra neatsiejama sald\u017ei\u0173 bra\u0161ki\u0173 ir kremin\u0117s banano kombinacija. Kiekvienas \u012fkv\u0117pimas suteikia vaisi\u0161k\u0105, \u0161vie\u017ei\u0105 skon\u012f, kuris mal\u0161ina tavo skonio receptorius. Tai tobulas vaisi\u0173 m\u0117g\u0117j\u0173 malonumas \u2013 skonis, kuris sukelia priklausomyb\u0119!<\/li>\n<li data-start=\"1407\" data-end=\"1453\" data-immersive-translate-walked=\"be435e60-77a0-46e9-a6da-6d61292a5e22\">RGB \u0161viesos efektai stilingam vaizdui<br \/>\nSu RGB \u0161viesos efektais kiekvienas \u012fkv\u0117pimas tampa vizualiniu patyrimu. Elektronin\u0117 cigaret\u0117 \u0161vie\u010dia \u012fvairiomis spalvomis, daro d\u016bmavim\u0105 dar \u012fdomesn\u012f. Ji n\u0117ra tik funkcionalus \u012frenginys, bet ir stilingas aksesuaras, kuris patraukia vis\u0173 d\u0117mes\u012f.<\/li>\n<li data-start=\"1735\" data-end=\"1785\" data-immersive-translate-walked=\"be435e60-77a0-46e9-a6da-6d61292a5e22\">Didel\u0117 skys\u010dio talpa ilgesniam malonumui<br \/>\nSu 25 ml elektroninio skys\u010dio talpa nereikia da\u017enai papildyti. Didel\u0117 talpa leid\u017eia m\u0117gautis daugybe \u012fkv\u0117pim\u0173 be nuolatinio skys\u010dio papildymo. Skonis i\u0161lieka vienodas ir intensyvus viso naudojimo metu.<\/li>\n<li data-start=\"2074\" data-end=\"2131\" data-immersive-translate-walked=\"be435e60-77a0-46e9-a6da-6d61292a5e22\">Lengva ir ne\u0161iojama \u2013 d\u016bmink bet kada ir bet kur<br \/>\nSverianti tik 90 g, Bang King Digital 15000 R\u016b\u0161i\u0173 yra labai lengva ir kompakti\u0161ka, tod\u0117l j\u0105 galima ne\u0161iotis visur. Ar ki\u0161en\u0117je, ar kuprin\u0117je, ji visada po ranka, kad gal\u0117tum m\u0117gautis d\u016bmavimo patirtimi.<\/li>\n<li data-start=\"2358\" data-end=\"2413\" data-immersive-translate-walked=\"be435e60-77a0-46e9-a6da-6d61292a5e22\">Skirtingos nikotino stiprumo pasirinktys kiekvienam skoniui<br \/>\nPasirinkite nikotino stiprum\u0105 i\u0161 0%, 2%, 3%, 5%, kuris jums tinkamiausias. Jei m\u0117gstate 0% arba 3% nikotin\u0105, si\u016blome didmenin\u0117s prekybos galimyb\u0119, kad atitikt\u0173 j\u016bs\u0173 poreikius.<\/li>\n<li data-start=\"2631\" data-end=\"2680\" data-immersive-translate-walked=\"be435e60-77a0-46e9-a6da-6d61292a5e22\">Be muit\u0173 ir pristatymas visame pasaulyje<br \/>\nPerkant daugiau nei vapingnet.de, n\u0117ra taikomi muitai. Si\u016blome greit\u0105 tarptautin\u012f pristatym\u0105, kad gautum\u0117te savo elektronin\u0119 cigaret\u0119 greitai ir be r\u016bpes\u010di\u0173, nesvarbu, kur esate.<\/li>\n<\/ul>\n<h3>Kod\u0117l verta rinktis Bang King Digital 15000 Puffs?<\/h3>\n<ul data-start=\"2956\" data-end=\"3455\" data-immersive-translate-walked=\"be435e60-77a0-46e9-a6da-6d61292a5e22\">\n<li class=\"\" data-start=\"2956\" data-end=\"3010\" data-immersive-translate-walked=\"be435e60-77a0-46e9-a6da-6d61292a5e22\">\n<p class=\"\" data-start=\"2958\" data-end=\"3010\" data-immersive-translate-walked=\"be435e60-77a0-46e9-a6da-6d61292a5e22\">15000 \u012fkv\u0117pim\u0173 \u2013 ilgiau m\u0117gaukit\u0117s, ma\u017eiau papildym\u0173.<\/p>\n<\/li>\n<li class=\"\" data-start=\"3011\" data-end=\"3100\" data-immersive-translate-walked=\"be435e60-77a0-46e9-a6da-6d61292a5e22\">\n<p class=\"\" data-start=\"3013\" data-end=\"3100\" data-immersive-translate-walked=\"be435e60-77a0-46e9-a6da-6d61292a5e22\">Bra\u0161ki\u0173 Banano Skonis \u2013 saldus ir vaisi\u0161kas, su skaniu, \u0161vie\u017eiu aromatu.<\/p>\n<\/li>\n<li class=\"\" data-start=\"3101\" data-end=\"3176\" data-immersive-translate-walked=\"be435e60-77a0-46e9-a6da-6d61292a5e22\">\n<p class=\"\" data-start=\"3103\" data-end=\"3176\" data-immersive-translate-walked=\"be435e60-77a0-46e9-a6da-6d61292a5e22\">RGB \u0161viesos efektai \u2013 suteikia j\u016bs\u0173 d\u016bmavimo patir\u010diai stiling\u0105 akcent\u0105.<\/p>\n<\/li>\n<li class=\"\" data-start=\"3177\" data-end=\"3256\" data-immersive-translate-walked=\"be435e60-77a0-46e9-a6da-6d61292a5e22\">\n<p class=\"\" data-start=\"3179\" data-end=\"3256\" data-immersive-translate-walked=\"be435e60-77a0-46e9-a6da-6d61292a5e22\">25ml skystis \u2013 Didel\u0117 talpa ilgalaikiam malonumui be papildymo.<\/p>\n<\/li>\n<li class=\"\" data-start=\"3257\" data-end=\"3317\" data-immersive-translate-walked=\"be435e60-77a0-46e9-a6da-6d61292a5e22\">\n<p class=\"\" data-start=\"3259\" data-end=\"3317\" data-immersive-translate-walked=\"be435e60-77a0-46e9-a6da-6d61292a5e22\">Lengvas ir kompakti\u0161kas \u2013 Tik 90g, idealus keliaujant.<\/p>\n<\/li>\n<li class=\"\" data-start=\"3318\" data-end=\"3387\" data-immersive-translate-walked=\"be435e60-77a0-46e9-a6da-6d61292a5e22\">\n<p class=\"\" data-start=\"3320\" data-end=\"3387\" data-immersive-translate-walked=\"be435e60-77a0-46e9-a6da-6d61292a5e22\">\u012evair\u016bs nikotino stiprumai \u2013 Tinkamas kiekvieno skoniui.<\/p>\n<\/li>\n<li class=\"\" data-start=\"3388\" data-end=\"3455\" data-immersive-translate-walked=\"be435e60-77a0-46e9-a6da-6d61292a5e22\">\n<p class=\"\" data-start=\"3390\" data-end=\"3455\" data-immersive-translate-walked=\"be435e60-77a0-46e9-a6da-6d61292a5e22\">Be muit\u0173 \u2013 Joki\u0173 r\u016bpes\u010di\u0173 su muitais ir greitas pristatymas.<\/p>\n<\/li>\n<\/ul>\n<h4 data-start=\"3457\" data-end=\"3542\" data-immersive-translate-walked=\"be435e60-77a0-46e9-a6da-6d61292a5e22\">U\u017esisakyk dabar per vapingnet.de ir i\u0161bandyk Bang King Digital 15000 p\u016btim\u0173!<\/h4>\n<p class=\"\" data-start=\"3544\" data-end=\"3832\" data-immersive-translate-walked=\"be435e60-77a0-46e9-a6da-6d61292a5e22\">K\u0105 dar lauki? Aplankyk vapingnet.de ir \u0161iandien \u012fsigyk Bang King Digital 15000 p\u016btim\u0173. M\u0117gaukis vaisiniu bra\u0161ki\u0173 banan\u0173 skoniu, patirk ilgus \u012fkv\u0117pimus ir \u0161aunius RGB ap\u0161vietimo efektus \u2013 tavo tobulas garinimo patirtis tav\u0119s laukia!<\/p>","protected":false},"excerpt":{"rendered":"<p>Bang King Digital 15000 Puffs \u2013 Bra\u0161ki\u0173 ir banan\u0173 skonio Ar ie\u0161kote galingos, skonio turtingos ir ilgaam\u017e\u0117s elektronin\u0117s cigaret\u0117s? Tuomet j\u016bs...<\/p>","protected":false},"featured_media":5882,"template":"","meta":[],"etheme_brands":[],"product_brand":[101],"product_cat":[53,49,61],"product_tag":[],"class_list":{"0":"post-5881","1":"product","2":"type-product","3":"status-publish","4":"has-post-thumbnail","6":"product_brand-bang-king-vape","7":"product_cat-vape-15000-zuege","8":"product_cat-einweg-e-zigarette","9":"product_cat-f","11":"first","12":"instock","13":"shipping-taxable","14":"purchasable","15":"product-type-simple"},"yoast_head":"<!-- This site is optimized with the Yoast SEO plugin v26.5 - https:\/\/yoast.com\/wordpress\/plugins\/seo\/ -->\n<title>15000 Z\u00fcge Strawberry Banana Dein neuer Lieblings Vape von Bang King Digital | Vapingnet.de<\/title>\n<meta name=\"description\" content=\"Entdecke 15000 Z\u00fcge Strawberry Banana Dein neuer Lieblings Vape von Bang King Digital bei vapingnet.de, \u25ba Gro\u00dfe Auswahl an Geschmacksrichtungen &amp; super g\u00fcnstig!\" \/>\n<meta name=\"robots\" content=\"index, follow, max-snippet:-1, max-image-preview:large, max-video-preview:-1\" \/>\n<link rel=\"canonical\" href=\"https:\/\/vapingnet.de\/lt\/vape\/15000-zuege-strawberry-banana-dein-neuer-lieblings-vape-von-bang-king-digital\/\" \/>\n<meta property=\"og:locale\" content=\"lt_LT\" \/>\n<meta property=\"og:type\" content=\"article\" \/>\n<meta property=\"og:title\" content=\"15000 Z\u00fcge Strawberry Banana Dein neuer Lieblings Vape von Bang King Digital | Vapingnet.de\" \/>\n<meta property=\"og:description\" content=\"Entdecke 15000 Z\u00fcge Strawberry Banana Dein neuer Lieblings Vape von Bang King Digital bei vapingnet.de, \u25ba Gro\u00dfe Auswahl an Geschmacksrichtungen &amp; super g\u00fcnstig!\" \/>\n<meta property=\"og:url\" content=\"https:\/\/vapingnet.de\/lt\/vape\/15000-zuege-strawberry-banana-dein-neuer-lieblings-vape-von-bang-king-digital\/\" \/>\n<meta property=\"og:site_name\" content=\"Vapingnet.de\" \/>\n<meta property=\"article:publisher\" content=\"https:\/\/www.facebook.com\/vapingnetde\/\" \/>\n<meta property=\"article:modified_time\" content=\"2025-06-19T03:40:08+00:00\" \/>\n<meta property=\"og:image\" content=\"https:\/\/vapingnet.de\/wp-content\/uploads\/2025\/03\/Strawberry-Banana.png\" \/>\n\t<meta property=\"og:image:width\" content=\"900\" \/>\n\t<meta property=\"og:image:height\" content=\"600\" \/>\n\t<meta property=\"og:image:type\" content=\"image\/png\" \/>\n<meta name=\"twitter:card\" content=\"summary_large_image\" \/>\n<meta name=\"twitter:label1\" content=\"Est. reading time\" \/>\n\t<meta name=\"twitter:data1\" content=\"3 minutes\" \/>\n<script type=\"application\/ld+json\" class=\"yoast-schema-graph\">{\"@context\":\"https:\/\/schema.org\",\"@graph\":[{\"@type\":\"WebPage\",\"@id\":\"https:\/\/vapingnet.de\/vape\/15000-zuege-strawberry-banana-dein-neuer-lieblings-vape-von-bang-king-digital\/\",\"url\":\"https:\/\/vapingnet.de\/vape\/15000-zuege-strawberry-banana-dein-neuer-lieblings-vape-von-bang-king-digital\/\",\"name\":\"15000 Z\u00fcge Strawberry Banana Dein neuer Lieblings Vape von Bang King Digital | Vapingnet.de\",\"isPartOf\":{\"@id\":\"https:\/\/vapingnet.de\/#website\"},\"primaryImageOfPage\":{\"@id\":\"https:\/\/vapingnet.de\/vape\/15000-zuege-strawberry-banana-dein-neuer-lieblings-vape-von-bang-king-digital\/#primaryimage\"},\"image\":{\"@id\":\"https:\/\/vapingnet.de\/vape\/15000-zuege-strawberry-banana-dein-neuer-lieblings-vape-von-bang-king-digital\/#primaryimage\"},\"thumbnailUrl\":\"https:\/\/vapingnet.de\/wp-content\/uploads\/2025\/03\/Strawberry-Banana.png\",\"datePublished\":\"2025-03-25T06:39:29+00:00\",\"dateModified\":\"2025-06-19T03:40:08+00:00\",\"description\":\"Entdecke 15000 Z\u00fcge Strawberry Banana Dein neuer Lieblings Vape von Bang King Digital bei vapingnet.de, \u25ba Gro\u00dfe Auswahl an Geschmacksrichtungen & super g\u00fcnstig!\",\"breadcrumb\":{\"@id\":\"https:\/\/vapingnet.de\/vape\/15000-zuege-strawberry-banana-dein-neuer-lieblings-vape-von-bang-king-digital\/#breadcrumb\"},\"inLanguage\":\"lt-LT\",\"potentialAction\":[{\"@type\":\"ReadAction\",\"target\":[\"https:\/\/vapingnet.de\/vape\/15000-zuege-strawberry-banana-dein-neuer-lieblings-vape-von-bang-king-digital\/\"]}]},{\"@type\":\"ImageObject\",\"inLanguage\":\"lt-LT\",\"@id\":\"https:\/\/vapingnet.de\/vape\/15000-zuege-strawberry-banana-dein-neuer-lieblings-vape-von-bang-king-digital\/#primaryimage\",\"url\":\"https:\/\/vapingnet.de\/wp-content\/uploads\/2025\/03\/Strawberry-Banana.png\",\"contentUrl\":\"https:\/\/vapingnet.de\/wp-content\/uploads\/2025\/03\/Strawberry-Banana.png\",\"width\":900,\"height\":600},{\"@type\":\"BreadcrumbList\",\"@id\":\"https:\/\/vapingnet.de\/vape\/15000-zuege-strawberry-banana-dein-neuer-lieblings-vape-von-bang-king-digital\/#breadcrumb\",\"itemListElement\":[{\"@type\":\"ListItem\",\"position\":1,\"name\":\"Home\",\"item\":\"https:\/\/vapingnet.de\/\"},{\"@type\":\"ListItem\",\"position\":2,\"name\":\"Shop\",\"item\":\"https:\/\/vapingnet.de\/vape\/\"},{\"@type\":\"ListItem\",\"position\":3,\"name\":\"15000 Z\u00fcge Strawberry Banana Dein neuer Lieblings Vape von Bang King Digital\"}]},{\"@type\":\"WebSite\",\"@id\":\"https:\/\/vapingnet.de\/#website\",\"url\":\"https:\/\/vapingnet.de\/\",\"name\":\"Vapingnet.de\",\"description\":\"\",\"publisher\":{\"@id\":\"https:\/\/vapingnet.de\/#organization\"},\"potentialAction\":[{\"@type\":\"SearchAction\",\"target\":{\"@type\":\"EntryPoint\",\"urlTemplate\":\"https:\/\/vapingnet.de\/?s={search_term_string}\"},\"query-input\":{\"@type\":\"PropertyValueSpecification\",\"valueRequired\":true,\"valueName\":\"search_term_string\"}}],\"inLanguage\":\"lt-LT\"},{\"@type\":\"Organization\",\"@id\":\"https:\/\/vapingnet.de\/#organization\",\"name\":\"Vapingnet.de\",\"url\":\"https:\/\/vapingnet.de\/\",\"logo\":{\"@type\":\"ImageObject\",\"inLanguage\":\"lt-LT\",\"@id\":\"https:\/\/vapingnet.de\/#\/schema\/logo\/image\/\",\"url\":\"https:\/\/vapingnet.de\/wp-content\/uploads\/2025\/03\/cropped-vapingnet.de_.jpg\",\"contentUrl\":\"https:\/\/vapingnet.de\/wp-content\/uploads\/2025\/03\/cropped-vapingnet.de_.jpg\",\"width\":512,\"height\":512,\"caption\":\"Vapingnet.de\"},\"image\":{\"@id\":\"https:\/\/vapingnet.de\/#\/schema\/logo\/image\/\"},\"sameAs\":[\"https:\/\/www.facebook.com\/vapingnetde\/\"]}]}<\/script>\n<!-- \/ Yoast SEO plugin. -->","yoast_head_json":{"title":"15000 Z\u00fcge Strawberry Banana Dein neuer Lieblings Vape von Bang King Digital | Vapingnet.de","description":"Entdecke 15000 Z\u00fcge Strawberry Banana Dein neuer Lieblings Vape von Bang King Digital bei vapingnet.de, \u25ba Gro\u00dfe Auswahl an Geschmacksrichtungen & super g\u00fcnstig!","robots":{"index":"index","follow":"follow","max-snippet":"max-snippet:-1","max-image-preview":"max-image-preview:large","max-video-preview":"max-video-preview:-1"},"canonical":"https:\/\/vapingnet.de\/lt\/vape\/15000-zuege-strawberry-banana-dein-neuer-lieblings-vape-von-bang-king-digital\/","og_locale":"lt_LT","og_type":"article","og_title":"15000 Z\u00fcge Strawberry Banana Dein neuer Lieblings Vape von Bang King Digital | Vapingnet.de","og_description":"Entdecke 15000 Z\u00fcge Strawberry Banana Dein neuer Lieblings Vape von Bang King Digital bei vapingnet.de, \u25ba Gro\u00dfe Auswahl an Geschmacksrichtungen & super g\u00fcnstig!","og_url":"https:\/\/vapingnet.de\/lt\/vape\/15000-zuege-strawberry-banana-dein-neuer-lieblings-vape-von-bang-king-digital\/","og_site_name":"Vapingnet.de","article_publisher":"https:\/\/www.facebook.com\/vapingnetde\/","article_modified_time":"2025-06-19T03:40:08+00:00","og_image":[{"width":900,"height":600,"url":"https:\/\/vapingnet.de\/wp-content\/uploads\/2025\/03\/Strawberry-Banana.png","type":"image\/png"}],"twitter_card":"summary_large_image","twitter_misc":{"Est. reading time":"3 minutes"},"schema":{"@context":"https:\/\/schema.org","@graph":[{"@type":"WebPage","@id":"https:\/\/vapingnet.de\/vape\/15000-zuege-strawberry-banana-dein-neuer-lieblings-vape-von-bang-king-digital\/","url":"https:\/\/vapingnet.de\/vape\/15000-zuege-strawberry-banana-dein-neuer-lieblings-vape-von-bang-king-digital\/","name":"15000 Z\u00fcge Strawberry Banana Dein neuer Lieblings Vape von Bang King Digital | Vapingnet.de","isPartOf":{"@id":"https:\/\/vapingnet.de\/#website"},"primaryImageOfPage":{"@id":"https:\/\/vapingnet.de\/vape\/15000-zuege-strawberry-banana-dein-neuer-lieblings-vape-von-bang-king-digital\/#primaryimage"},"image":{"@id":"https:\/\/vapingnet.de\/vape\/15000-zuege-strawberry-banana-dein-neuer-lieblings-vape-von-bang-king-digital\/#primaryimage"},"thumbnailUrl":"https:\/\/vapingnet.de\/wp-content\/uploads\/2025\/03\/Strawberry-Banana.png","datePublished":"2025-03-25T06:39:29+00:00","dateModified":"2025-06-19T03:40:08+00:00","description":"Entdecke 15000 Z\u00fcge Strawberry Banana Dein neuer Lieblings Vape von Bang King Digital bei vapingnet.de, \u25ba Gro\u00dfe Auswahl an Geschmacksrichtungen & super g\u00fcnstig!","breadcrumb":{"@id":"https:\/\/vapingnet.de\/vape\/15000-zuege-strawberry-banana-dein-neuer-lieblings-vape-von-bang-king-digital\/#breadcrumb"},"inLanguage":"lt-LT","potentialAction":[{"@type":"ReadAction","target":["https:\/\/vapingnet.de\/vape\/15000-zuege-strawberry-banana-dein-neuer-lieblings-vape-von-bang-king-digital\/"]}]},{"@type":"ImageObject","inLanguage":"lt-LT","@id":"https:\/\/vapingnet.de\/vape\/15000-zuege-strawberry-banana-dein-neuer-lieblings-vape-von-bang-king-digital\/#primaryimage","url":"https:\/\/vapingnet.de\/wp-content\/uploads\/2025\/03\/Strawberry-Banana.png","contentUrl":"https:\/\/vapingnet.de\/wp-content\/uploads\/2025\/03\/Strawberry-Banana.png","width":900,"height":600},{"@type":"BreadcrumbList","@id":"https:\/\/vapingnet.de\/vape\/15000-zuege-strawberry-banana-dein-neuer-lieblings-vape-von-bang-king-digital\/#breadcrumb","itemListElement":[{"@type":"ListItem","position":1,"name":"Home","item":"https:\/\/vapingnet.de\/"},{"@type":"ListItem","position":2,"name":"Shop","item":"https:\/\/vapingnet.de\/vape\/"},{"@type":"ListItem","position":3,"name":"15000 Z\u00fcge Strawberry Banana Dein neuer Lieblings Vape von Bang King Digital"}]},{"@type":"WebSite","@id":"https:\/\/vapingnet.de\/#website","url":"https:\/\/vapingnet.de\/","name":"Vapingnet.de","description":"","publisher":{"@id":"https:\/\/vapingnet.de\/#organization"},"potentialAction":[{"@type":"SearchAction","target":{"@type":"EntryPoint","urlTemplate":"https:\/\/vapingnet.de\/?s={search_term_string}"},"query-input":{"@type":"PropertyValueSpecification","valueRequired":true,"valueName":"search_term_string"}}],"inLanguage":"lt-LT"},{"@type":"Organization","@id":"https:\/\/vapingnet.de\/#organization","name":"Vapingnet.de","url":"https:\/\/vapingnet.de\/","logo":{"@type":"ImageObject","inLanguage":"lt-LT","@id":"https:\/\/vapingnet.de\/#\/schema\/logo\/image\/","url":"https:\/\/vapingnet.de\/wp-content\/uploads\/2025\/03\/cropped-vapingnet.de_.jpg","contentUrl":"https:\/\/vapingnet.de\/wp-content\/uploads\/2025\/03\/cropped-vapingnet.de_.jpg","width":512,"height":512,"caption":"Vapingnet.de"},"image":{"@id":"https:\/\/vapingnet.de\/#\/schema\/logo\/image\/"},"sameAs":["https:\/\/www.facebook.com\/vapingnetde\/"]}]}},"tiered_pricing_type":"fixed","tiered_pricing_fixed_rules":{"10":"6.83","60":"6.15","110":"5.46","200":"4.78"},"tiered_pricing_product_settings":{"layout":"default","base_unit_name":{"singular":null,"plural":null},"default_variation":null},"tiered_pricing_minimum_quantity":null,"tiered_pricing_roles_data":[],"tiered_pricing_percentage_rules":[],"_links":{"self":[{"href":"https:\/\/vapingnet.de\/lt\/wp-json\/wp\/v2\/product\/5881","targetHints":{"allow":["GET"]}}],"collection":[{"href":"https:\/\/vapingnet.de\/lt\/wp-json\/wp\/v2\/product"}],"about":[{"href":"https:\/\/vapingnet.de\/lt\/wp-json\/wp\/v2\/types\/product"}],"version-history":[{"count":1,"href":"https:\/\/vapingnet.de\/lt\/wp-json\/wp\/v2\/product\/5881\/revisions"}],"predecessor-version":[{"id":5888,"href":"https:\/\/vapingnet.de\/lt\/wp-json\/wp\/v2\/product\/5881\/revisions\/5888"}],"wp:featuredmedia":[{"embeddable":true,"href":"https:\/\/vapingnet.de\/lt\/wp-json\/wp\/v2\/media\/5882"}],"wp:attachment":[{"href":"https:\/\/vapingnet.de\/lt\/wp-json\/wp\/v2\/media?parent=5881"}],"wp:term":[{"taxonomy":"brand","embeddable":true,"href":"https:\/\/vapingnet.de\/lt\/wp-json\/wp\/v2\/etheme_brands?post=5881"},{"taxonomy":"product_brand","embeddable":true,"href":"https:\/\/vapingnet.de\/lt\/wp-json\/wp\/v2\/product_brand?post=5881"},{"taxonomy":"product_cat","embeddable":true,"href":"https:\/\/vapingnet.de\/lt\/wp-json\/wp\/v2\/product_cat?post=5881"},{"taxonomy":"product_tag","embeddable":true,"href":"https:\/\/vapingnet.de\/lt\/wp-json\/wp\/v2\/product_tag?post=5881"}],"curies":[{"name":"wp","href":"https:\/\/api.w.org\/{rel}","templated":true}]}}