{"id":5889,"date":"2025-03-25T07:00:54","date_gmt":"2025-03-25T07:00:54","guid":{"rendered":"https:\/\/vapingnet.de\/?post_type=product&#038;p=5889"},"modified":"2025-06-19T03:40:07","modified_gmt":"2025-06-19T03:40:07","slug":"jetzt-im-angebot-sour-apple-raspberry-bang-king-digital-15000-puffs","status":"publish","type":"product","link":"https:\/\/vapingnet.de\/lt\/vape\/jetzt-im-angebot-sour-apple-raspberry-bang-king-digital-15000-puffs\/","title":{"rendered":"Dabar pasi\u016blyme Sour Apple Raspberry Bang King Digital 15000 Puffs"},"content":{"rendered":"<h2 data-start=\"0\" data-end=\"84\">Bang King Digital 15000 Puffs \u2013 Galutinis potyris, ilgalaikis malonumas<\/h2>\n<p class=\"\" data-start=\"86\" data-end=\"530\">Elektronini\u0173 cigare\u010di\u0173 pasaulyje Bang King Digital 15000 Puffs yra absoliutus b\u016btinas. D\u0117l savo itin ilgaam\u017ei\u0161kumo ir daugyb\u0117s skani\u0173 skonio variant\u0173 ji greitai tapo daugelio vapingo entuziast\u0173 m\u0117gstamiausia. \u0160i elektronin\u0117 cigaret\u0117 si\u016blo 15000 \u012fkv\u0117pim\u0173 ir u\u017etikrina ilgalaik\u012f bei intensyv\u0173 vapingo patirt\u012f, kuri yra puiki tiek kasdieniam naudojimui, tiek ilgesn\u0117ms vapingo sesijoms.<\/p>\n<h4>Galingas veikimas, ilgas i\u0161tverm\u0117s laikas<\/h4>\n<ul data-start=\"575\" data-end=\"1151\">\n<li class=\"\" data-start=\"575\" data-end=\"781\">\n<p class=\"\" data-start=\"577\" data-end=\"781\">650mAh \u012fkraunama baterija: Galinga baterija, kuri u\u017etikrina iki 15000 \u012fkv\u0117pim\u0173, leid\u017eianti m\u0117gautis vis\u0105 dien\u0105 be r\u016bpes\u010di\u0173 d\u0117l \u012fkrovimo.<\/p>\n<\/li>\n<li class=\"\" data-start=\"782\" data-end=\"905\">\n<p class=\"\" data-start=\"784\" data-end=\"905\">Type-C greito \u012fkrovimo jungtis: Greitai \u012fkrauk savo \u012frengin\u012f ir b\u016bk pasiruo\u0161\u0119s t\u0119sti vapingo patirt\u012f bet kada.<\/p>\n<\/li>\n<li class=\"\" data-start=\"906\" data-end=\"1020\">\n<p class=\"\" data-start=\"908\" data-end=\"1020\">25ml didel\u0117 skys\u010dio talpa: Pakankamai skys\u010dio ilgalaikiam naudojimui, kad nereik\u0117t\u0173 nuolat papildyti.<\/p>\n<\/li>\n<li class=\"\" data-start=\"1021\" data-end=\"1151\">\n<p class=\"\" data-start=\"1023\" data-end=\"1151\">RGB LED ap\u0161vietimas: Kiekvienas \u012fkv\u0117pimas lydimas \u012fsp\u016bding\u0173 \u0161viesos efekt\u0173, kurie dar labiau pagyvina patirt\u012f.<\/p>\n<\/li>\n<\/ul>\n<h4>Nikotino stiprumas kiekvienam poreikiui<\/h4>\n<p class=\"\" data-start=\"1195\" data-end=\"1331\">Nesvarbu, ar esi pradedantysis, ar patyr\u0119s vapingo entuziastas, Bang King Digital 15000 Puffs si\u016blo tinkam\u0105 nikotino stiprum\u0105 tau:<\/p>\n<ul data-start=\"1332\" data-end=\"1755\">\n<li class=\"\" data-start=\"1332\" data-end=\"1462\">\n<p class=\"\" data-start=\"1334\" data-end=\"1462\">0% Nikotinas: Idealiai tinka tiems, kurie m\u0117gsta vapinti, bet nereikia nikotino. (galima tik didel\u0117ms u\u017esakymams)<\/p>\n<\/li>\n<li class=\"\" data-start=\"1463\" data-end=\"1559\">\n<p class=\"\" data-start=\"1465\" data-end=\"1559\">2% Nikotinas: Kasdieniam naudojimui, su \u0161velniu ir subalansuotu nikotino stiprumu.<\/p>\n<\/li>\n<li class=\"\" data-start=\"1560\" data-end=\"1678\">\n<p class=\"\" data-start=\"1562\" data-end=\"1678\">3% Nikotinas: Tiems, kurie pageidauja stipresnio gerkl\u0117s sm\u016bgio. (galima tik didel\u0117ms u\u017esakymams)<\/p>\n<\/li>\n<li class=\"\" data-start=\"1679\" data-end=\"1755\">\n<p class=\"\" data-start=\"1681\" data-end=\"1755\">5% Nikotinas: Vapingo entuziastams, ie\u0161kantiems intensyvesn\u0117s nikotino patirties.<\/p>\n<\/li>\n<\/ul>\n<h4>Sour Apple Raspberry \u2013 Gaivus malonumas<\/h4>\n<p class=\"\" data-start=\"1816\" data-end=\"2132\">Sour Apple Raspberry skonis jungia r\u016bg\u0161t\u0173 ir sald\u0173 \u017eali\u0173j\u0173 obuoli\u0173 gaivum\u0105 su \u0161vie\u017ei\u0173 avie\u010di\u0173 natomis, si\u016blydamas unikal\u0173 ir gaiv\u0173 skonio potyr\u012f. Kiekvienas \u012fkv\u0117pimas yra vaisi\u0173 aromat\u0173 sprogimas, kuris maloniai lepina gomur\u012f ir daro vapingo patirt\u012f dar malonesn\u0119.<\/p>\n<h3>Produkto ypatyb\u0117s<\/h3>\n<ul data-start=\"2161\" data-end=\"2462\">\n<li class=\"\" data-start=\"2161\" data-end=\"2264\">\n<p class=\"\" data-start=\"2163\" data-end=\"2264\">15000 \u012fkv\u0117pim\u0173 \u2013 super ilga i\u0161tverm\u0117, m\u0117gaukis vapingu ilg\u0105 laik\u0105 be pertrauk\u0173.<\/p>\n<\/li>\n<li class=\"\" data-start=\"2265\" data-end=\"2362\">\n<p class=\"\" data-start=\"2267\" data-end=\"2362\">Joki\u0173 muit\u0173 mokes\u010di\u0173 \u2013 nemoki papildom\u0173 muit\u0173, kas palengvina pirkimo proces\u0105.<\/p>\n<\/li>\n<li class=\"\" data-start=\"2363\" data-end=\"2462\">\n<p class=\"\" data-start=\"2365\" data-end=\"2462\">Vienkartinio naudojimo dizainas \u2013 paprasta naudoti, nereikalaujant prie\u017ei\u016bros ar papildymo.<\/p>\n<\/li>\n<\/ul>\n<h4>Dabar \u012fsigyk ir m\u0117gaukis neprilygstama vapingo patirtimi<\/h4>\n<p class=\"\" data-start=\"2537\" data-end=\"2803\">Ar norite patirti tobul\u0105 ilgalaikio tarnavimo ir unikal\u0173 skon\u012f derin\u012f? Aplankyk vapingnet.de ir u\u017esisakyk \u0161iandien savo Bang King Digital 15000 Puffs, kad pakeltum savo vapingo patirt\u012f \u012f kit\u0105 lyg\u012f!<\/p>","protected":false},"excerpt":{"rendered":"<p>Bang King Digital 15000 P\u016b\u010di\u0173 \u2013 Galutinis patirtis, ilgalaikis malonumas Elektronini\u0173 cigare\u010di\u0173 pasaulyje Bang King Digital 15000 P\u016b\u010di\u0173 yra absoliutus b\u016btinas...<\/p>","protected":false},"featured_media":5899,"template":"","meta":[],"etheme_brands":[],"product_brand":[101],"product_cat":[53,49,61],"product_tag":[],"class_list":{"0":"post-5889","1":"product","2":"type-product","3":"status-publish","4":"has-post-thumbnail","6":"product_brand-bang-king-vape","7":"product_cat-vape-15000-zuege","8":"product_cat-einweg-e-zigarette","9":"product_cat-f","11":"first","12":"instock","13":"shipping-taxable","14":"purchasable","15":"product-type-simple"},"yoast_head":"<!-- This site is optimized with the Yoast SEO plugin v26.5 - https:\/\/yoast.com\/wordpress\/plugins\/seo\/ -->\n<title>Jetzt im Angebot Sour Apple Raspberry Bang King Digital 15000 Puffs | Vapingnet.de<\/title>\n<meta name=\"description\" content=\"Entdecke Jetzt im Angebot Sour Apple Raspberry Bang King Digital 15000 Puffs bei vapingnet.de, \u25ba Gro\u00dfe Auswahl an Geschmacksrichtungen &amp; super g\u00fcnstig!\" \/>\n<meta name=\"robots\" content=\"index, follow, max-snippet:-1, max-image-preview:large, max-video-preview:-1\" \/>\n<link rel=\"canonical\" href=\"https:\/\/vapingnet.de\/lt\/vape\/jetzt-im-angebot-sour-apple-raspberry-bang-king-digital-15000-puffs\/\" \/>\n<meta property=\"og:locale\" content=\"lt_LT\" \/>\n<meta property=\"og:type\" content=\"article\" \/>\n<meta property=\"og:title\" content=\"Jetzt im Angebot Sour Apple Raspberry Bang King Digital 15000 Puffs | Vapingnet.de\" \/>\n<meta property=\"og:description\" content=\"Entdecke Jetzt im Angebot Sour Apple Raspberry Bang King Digital 15000 Puffs bei vapingnet.de, \u25ba Gro\u00dfe Auswahl an Geschmacksrichtungen &amp; super g\u00fcnstig!\" \/>\n<meta property=\"og:url\" content=\"https:\/\/vapingnet.de\/lt\/vape\/jetzt-im-angebot-sour-apple-raspberry-bang-king-digital-15000-puffs\/\" \/>\n<meta property=\"og:site_name\" content=\"Vapingnet.de\" \/>\n<meta property=\"article:publisher\" content=\"https:\/\/www.facebook.com\/vapingnetde\/\" \/>\n<meta property=\"article:modified_time\" content=\"2025-06-19T03:40:07+00:00\" \/>\n<meta property=\"og:image\" content=\"https:\/\/vapingnet.de\/wp-content\/uploads\/2025\/03\/Sour-APPLE-Raspberry.png\" \/>\n\t<meta property=\"og:image:width\" content=\"900\" \/>\n\t<meta property=\"og:image:height\" content=\"600\" \/>\n\t<meta property=\"og:image:type\" content=\"image\/png\" \/>\n<meta name=\"twitter:card\" content=\"summary_large_image\" \/>\n<meta name=\"twitter:label1\" content=\"Est. reading time\" \/>\n\t<meta name=\"twitter:data1\" content=\"3 minutes\" \/>\n<script type=\"application\/ld+json\" class=\"yoast-schema-graph\">{\"@context\":\"https:\/\/schema.org\",\"@graph\":[{\"@type\":\"WebPage\",\"@id\":\"https:\/\/vapingnet.de\/vape\/jetzt-im-angebot-sour-apple-raspberry-bang-king-digital-15000-puffs\/\",\"url\":\"https:\/\/vapingnet.de\/vape\/jetzt-im-angebot-sour-apple-raspberry-bang-king-digital-15000-puffs\/\",\"name\":\"Jetzt im Angebot Sour Apple Raspberry Bang King Digital 15000 Puffs | Vapingnet.de\",\"isPartOf\":{\"@id\":\"https:\/\/vapingnet.de\/#website\"},\"primaryImageOfPage\":{\"@id\":\"https:\/\/vapingnet.de\/vape\/jetzt-im-angebot-sour-apple-raspberry-bang-king-digital-15000-puffs\/#primaryimage\"},\"image\":{\"@id\":\"https:\/\/vapingnet.de\/vape\/jetzt-im-angebot-sour-apple-raspberry-bang-king-digital-15000-puffs\/#primaryimage\"},\"thumbnailUrl\":\"https:\/\/vapingnet.de\/wp-content\/uploads\/2025\/03\/Sour-APPLE-Raspberry.png\",\"datePublished\":\"2025-03-25T07:00:54+00:00\",\"dateModified\":\"2025-06-19T03:40:07+00:00\",\"description\":\"Entdecke Jetzt im Angebot Sour Apple Raspberry Bang King Digital 15000 Puffs bei vapingnet.de, \u25ba Gro\u00dfe Auswahl an Geschmacksrichtungen & super g\u00fcnstig!\",\"breadcrumb\":{\"@id\":\"https:\/\/vapingnet.de\/vape\/jetzt-im-angebot-sour-apple-raspberry-bang-king-digital-15000-puffs\/#breadcrumb\"},\"inLanguage\":\"lt-LT\",\"potentialAction\":[{\"@type\":\"ReadAction\",\"target\":[\"https:\/\/vapingnet.de\/vape\/jetzt-im-angebot-sour-apple-raspberry-bang-king-digital-15000-puffs\/\"]}]},{\"@type\":\"ImageObject\",\"inLanguage\":\"lt-LT\",\"@id\":\"https:\/\/vapingnet.de\/vape\/jetzt-im-angebot-sour-apple-raspberry-bang-king-digital-15000-puffs\/#primaryimage\",\"url\":\"https:\/\/vapingnet.de\/wp-content\/uploads\/2025\/03\/Sour-APPLE-Raspberry.png\",\"contentUrl\":\"https:\/\/vapingnet.de\/wp-content\/uploads\/2025\/03\/Sour-APPLE-Raspberry.png\",\"width\":900,\"height\":600,\"caption\":\"Sour Apple Raspberry\"},{\"@type\":\"BreadcrumbList\",\"@id\":\"https:\/\/vapingnet.de\/vape\/jetzt-im-angebot-sour-apple-raspberry-bang-king-digital-15000-puffs\/#breadcrumb\",\"itemListElement\":[{\"@type\":\"ListItem\",\"position\":1,\"name\":\"Home\",\"item\":\"https:\/\/vapingnet.de\/\"},{\"@type\":\"ListItem\",\"position\":2,\"name\":\"Shop\",\"item\":\"https:\/\/vapingnet.de\/vape\/\"},{\"@type\":\"ListItem\",\"position\":3,\"name\":\"Jetzt im Angebot Sour Apple Raspberry Bang King Digital 15000 Puffs\"}]},{\"@type\":\"WebSite\",\"@id\":\"https:\/\/vapingnet.de\/#website\",\"url\":\"https:\/\/vapingnet.de\/\",\"name\":\"Vapingnet.de\",\"description\":\"\",\"publisher\":{\"@id\":\"https:\/\/vapingnet.de\/#organization\"},\"potentialAction\":[{\"@type\":\"SearchAction\",\"target\":{\"@type\":\"EntryPoint\",\"urlTemplate\":\"https:\/\/vapingnet.de\/?s={search_term_string}\"},\"query-input\":{\"@type\":\"PropertyValueSpecification\",\"valueRequired\":true,\"valueName\":\"search_term_string\"}}],\"inLanguage\":\"lt-LT\"},{\"@type\":\"Organization\",\"@id\":\"https:\/\/vapingnet.de\/#organization\",\"name\":\"Vapingnet.de\",\"url\":\"https:\/\/vapingnet.de\/\",\"logo\":{\"@type\":\"ImageObject\",\"inLanguage\":\"lt-LT\",\"@id\":\"https:\/\/vapingnet.de\/#\/schema\/logo\/image\/\",\"url\":\"https:\/\/vapingnet.de\/wp-content\/uploads\/2025\/03\/cropped-vapingnet.de_.jpg\",\"contentUrl\":\"https:\/\/vapingnet.de\/wp-content\/uploads\/2025\/03\/cropped-vapingnet.de_.jpg\",\"width\":512,\"height\":512,\"caption\":\"Vapingnet.de\"},\"image\":{\"@id\":\"https:\/\/vapingnet.de\/#\/schema\/logo\/image\/\"},\"sameAs\":[\"https:\/\/www.facebook.com\/vapingnetde\/\"]}]}<\/script>\n<!-- \/ Yoast SEO plugin. -->","yoast_head_json":{"title":"Jetzt im Angebot Sour Apple Raspberry Bang King Digital 15000 Puffs | Vapingnet.de","description":"Entdecke Jetzt im Angebot Sour Apple Raspberry Bang King Digital 15000 Puffs bei vapingnet.de, \u25ba Gro\u00dfe Auswahl an Geschmacksrichtungen & super g\u00fcnstig!","robots":{"index":"index","follow":"follow","max-snippet":"max-snippet:-1","max-image-preview":"max-image-preview:large","max-video-preview":"max-video-preview:-1"},"canonical":"https:\/\/vapingnet.de\/lt\/vape\/jetzt-im-angebot-sour-apple-raspberry-bang-king-digital-15000-puffs\/","og_locale":"lt_LT","og_type":"article","og_title":"Jetzt im Angebot Sour Apple Raspberry Bang King Digital 15000 Puffs | Vapingnet.de","og_description":"Entdecke Jetzt im Angebot Sour Apple Raspberry Bang King Digital 15000 Puffs bei vapingnet.de, \u25ba Gro\u00dfe Auswahl an Geschmacksrichtungen & super g\u00fcnstig!","og_url":"https:\/\/vapingnet.de\/lt\/vape\/jetzt-im-angebot-sour-apple-raspberry-bang-king-digital-15000-puffs\/","og_site_name":"Vapingnet.de","article_publisher":"https:\/\/www.facebook.com\/vapingnetde\/","article_modified_time":"2025-06-19T03:40:07+00:00","og_image":[{"width":900,"height":600,"url":"https:\/\/vapingnet.de\/wp-content\/uploads\/2025\/03\/Sour-APPLE-Raspberry.png","type":"image\/png"}],"twitter_card":"summary_large_image","twitter_misc":{"Est. reading time":"3 minutes"},"schema":{"@context":"https:\/\/schema.org","@graph":[{"@type":"WebPage","@id":"https:\/\/vapingnet.de\/vape\/jetzt-im-angebot-sour-apple-raspberry-bang-king-digital-15000-puffs\/","url":"https:\/\/vapingnet.de\/vape\/jetzt-im-angebot-sour-apple-raspberry-bang-king-digital-15000-puffs\/","name":"Jetzt im Angebot Sour Apple Raspberry Bang King Digital 15000 Puffs | Vapingnet.de","isPartOf":{"@id":"https:\/\/vapingnet.de\/#website"},"primaryImageOfPage":{"@id":"https:\/\/vapingnet.de\/vape\/jetzt-im-angebot-sour-apple-raspberry-bang-king-digital-15000-puffs\/#primaryimage"},"image":{"@id":"https:\/\/vapingnet.de\/vape\/jetzt-im-angebot-sour-apple-raspberry-bang-king-digital-15000-puffs\/#primaryimage"},"thumbnailUrl":"https:\/\/vapingnet.de\/wp-content\/uploads\/2025\/03\/Sour-APPLE-Raspberry.png","datePublished":"2025-03-25T07:00:54+00:00","dateModified":"2025-06-19T03:40:07+00:00","description":"Entdecke Jetzt im Angebot Sour Apple Raspberry Bang King Digital 15000 Puffs bei vapingnet.de, \u25ba Gro\u00dfe Auswahl an Geschmacksrichtungen & super g\u00fcnstig!","breadcrumb":{"@id":"https:\/\/vapingnet.de\/vape\/jetzt-im-angebot-sour-apple-raspberry-bang-king-digital-15000-puffs\/#breadcrumb"},"inLanguage":"lt-LT","potentialAction":[{"@type":"ReadAction","target":["https:\/\/vapingnet.de\/vape\/jetzt-im-angebot-sour-apple-raspberry-bang-king-digital-15000-puffs\/"]}]},{"@type":"ImageObject","inLanguage":"lt-LT","@id":"https:\/\/vapingnet.de\/vape\/jetzt-im-angebot-sour-apple-raspberry-bang-king-digital-15000-puffs\/#primaryimage","url":"https:\/\/vapingnet.de\/wp-content\/uploads\/2025\/03\/Sour-APPLE-Raspberry.png","contentUrl":"https:\/\/vapingnet.de\/wp-content\/uploads\/2025\/03\/Sour-APPLE-Raspberry.png","width":900,"height":600,"caption":"Sour Apple Raspberry"},{"@type":"BreadcrumbList","@id":"https:\/\/vapingnet.de\/vape\/jetzt-im-angebot-sour-apple-raspberry-bang-king-digital-15000-puffs\/#breadcrumb","itemListElement":[{"@type":"ListItem","position":1,"name":"Home","item":"https:\/\/vapingnet.de\/"},{"@type":"ListItem","position":2,"name":"Shop","item":"https:\/\/vapingnet.de\/vape\/"},{"@type":"ListItem","position":3,"name":"Jetzt im Angebot Sour Apple Raspberry Bang King Digital 15000 Puffs"}]},{"@type":"WebSite","@id":"https:\/\/vapingnet.de\/#website","url":"https:\/\/vapingnet.de\/","name":"Vapingnet.de","description":"","publisher":{"@id":"https:\/\/vapingnet.de\/#organization"},"potentialAction":[{"@type":"SearchAction","target":{"@type":"EntryPoint","urlTemplate":"https:\/\/vapingnet.de\/?s={search_term_string}"},"query-input":{"@type":"PropertyValueSpecification","valueRequired":true,"valueName":"search_term_string"}}],"inLanguage":"lt-LT"},{"@type":"Organization","@id":"https:\/\/vapingnet.de\/#organization","name":"Vapingnet.de","url":"https:\/\/vapingnet.de\/","logo":{"@type":"ImageObject","inLanguage":"lt-LT","@id":"https:\/\/vapingnet.de\/#\/schema\/logo\/image\/","url":"https:\/\/vapingnet.de\/wp-content\/uploads\/2025\/03\/cropped-vapingnet.de_.jpg","contentUrl":"https:\/\/vapingnet.de\/wp-content\/uploads\/2025\/03\/cropped-vapingnet.de_.jpg","width":512,"height":512,"caption":"Vapingnet.de"},"image":{"@id":"https:\/\/vapingnet.de\/#\/schema\/logo\/image\/"},"sameAs":["https:\/\/www.facebook.com\/vapingnetde\/"]}]}},"tiered_pricing_type":"fixed","tiered_pricing_fixed_rules":{"10":"6.83","60":"6.15","110":"5.46","200":"4.78"},"tiered_pricing_product_settings":{"layout":"default","base_unit_name":{"singular":null,"plural":null},"default_variation":null},"tiered_pricing_minimum_quantity":null,"tiered_pricing_roles_data":[],"tiered_pricing_percentage_rules":[],"_links":{"self":[{"href":"https:\/\/vapingnet.de\/lt\/wp-json\/wp\/v2\/product\/5889","targetHints":{"allow":["GET"]}}],"collection":[{"href":"https:\/\/vapingnet.de\/lt\/wp-json\/wp\/v2\/product"}],"about":[{"href":"https:\/\/vapingnet.de\/lt\/wp-json\/wp\/v2\/types\/product"}],"version-history":[{"count":1,"href":"https:\/\/vapingnet.de\/lt\/wp-json\/wp\/v2\/product\/5889\/revisions"}],"predecessor-version":[{"id":5907,"href":"https:\/\/vapingnet.de\/lt\/wp-json\/wp\/v2\/product\/5889\/revisions\/5907"}],"wp:featuredmedia":[{"embeddable":true,"href":"https:\/\/vapingnet.de\/lt\/wp-json\/wp\/v2\/media\/5899"}],"wp:attachment":[{"href":"https:\/\/vapingnet.de\/lt\/wp-json\/wp\/v2\/media?parent=5889"}],"wp:term":[{"taxonomy":"brand","embeddable":true,"href":"https:\/\/vapingnet.de\/lt\/wp-json\/wp\/v2\/etheme_brands?post=5889"},{"taxonomy":"product_brand","embeddable":true,"href":"https:\/\/vapingnet.de\/lt\/wp-json\/wp\/v2\/product_brand?post=5889"},{"taxonomy":"product_cat","embeddable":true,"href":"https:\/\/vapingnet.de\/lt\/wp-json\/wp\/v2\/product_cat?post=5889"},{"taxonomy":"product_tag","embeddable":true,"href":"https:\/\/vapingnet.de\/lt\/wp-json\/wp\/v2\/product_tag?post=5889"}],"curies":[{"name":"wp","href":"https:\/\/api.w.org\/{rel}","templated":true}]}}