{"id":5897,"date":"2025-03-25T07:03:23","date_gmt":"2025-03-25T07:03:23","guid":{"rendered":"https:\/\/vapingnet.de\/?post_type=product&#038;p=5897"},"modified":"2025-06-19T03:40:05","modified_gmt":"2025-06-19T03:40:05","slug":"kiwi-passion-fruit-guava-bang-king-digital-15000-puffs-riesige-dampfmenge","status":"publish","type":"product","link":"https:\/\/vapingnet.de\/lt\/vape\/kiwi-passion-fruit-guava-bang-king-digital-15000-puffs-riesige-dampfmenge\/","title":{"rendered":"Kiwi Passion Fruit Guava Bang King Digital 15000 Puffs \u2013 didelis garo kiekis"},"content":{"rendered":"<h2 data-start=\"0\" data-end=\"78\" data-immersive-translate-walked=\"76b2339e-1350-40d0-97f8-d216f0187d1a\">Bang King Digital 15000 Puffs \u2013 Ilgalaikis i\u0161tverm\u0117, intensyvus skonis<\/h2>\n<p class=\"\" data-start=\"80\" data-end=\"445\" data-immersive-translate-paragraph=\"1\" data-immersive-translate-walked=\"76b2339e-1350-40d0-97f8-d216f0187d1a\">Ie\u0161kote elektronin\u0117s cigaret\u0117s su itin ilga tarnavimo trukme ir pirmaujan\u010dia skoni\u0173 patirtimi? Bang King Digital 15000 Puffs b\u016btent tai ir si\u016blo! Su savo galinga baterija, stilingu RGB ap\u0161vietimu ir \u012fsp\u016bdinga 15000 \u012fkv\u0117pim\u0173 talpa ji yra tobula pasirinkimas reikliems vaperiams.<\/p>\n<h4>Galingas ir patikimas<\/h4>\n<ul data-start=\"489\" data-end=\"842\">\n<li class=\"\" data-start=\"489\" data-end=\"582\">\n<p class=\"\" data-start=\"491\" data-end=\"582\" data-immersive-translate-paragraph=\"1\" data-immersive-translate-walked=\"76b2339e-1350-40d0-97f8-d216f0187d1a\">650mAh \u012fkraunama baterija \u2013 Ilgalaik\u0117 energija be r\u016bpes\u010di\u0173 naudojimui.<\/p>\n<\/li>\n<li class=\"\" data-start=\"583\" data-end=\"666\">\n<p class=\"\" data-start=\"585\" data-end=\"666\" data-immersive-translate-paragraph=\"1\">Type-C greito \u012fkrovimo jungtis \u2013 Efektyvus \u012fkrovimas maksimaliai prieinamumui.<\/p>\n<\/li>\n<li class=\"\" data-start=\"667\" data-end=\"751\">\n<p class=\"\" data-start=\"669\" data-end=\"751\" data-immersive-translate-walked=\"76b2339e-1350-40d0-97f8-d216f0187d1a\" data-immersive-translate-paragraph=\"1\">RGB LED efektai \u2013 Kiekvienas \u012fkv\u0117pimas lydimas futuristini\u0173 \u0161viesos efekt\u0173.<\/p>\n<\/li>\n<li class=\"\" data-start=\"752\" data-end=\"842\" data-immersive-translate-walked=\"76b2339e-1350-40d0-97f8-d216f0187d1a\">\n<p class=\"\" data-start=\"754\" data-end=\"842\" data-immersive-translate-walked=\"76b2339e-1350-40d0-97f8-d216f0187d1a\" data-immersive-translate-paragraph=\"1\">25ml skys\u010dio talpa \u2013 Daugiau nei pakankamai ilgam ir intensyviam garinimo patyrimui.<\/p>\n<\/li>\n<\/ul>\n<h4>Individualios nikotino stiprumo parinktys kiekvienam skoniui<\/h4>\n<p class=\"\" data-start=\"903\" data-end=\"1004\" data-immersive-translate-walked=\"76b2339e-1350-40d0-97f8-d216f0187d1a\" data-immersive-translate-paragraph=\"1\">Bang King Digital 15000 Puffs yra prieinama keturi\u0173 nikotino stiprum\u0173: 0%, 2%, 3% ir 5%.<\/p>\n<ul data-start=\"1005\" data-end=\"1384\">\n<li class=\"\" data-start=\"1005\" data-end=\"1128\">\n<p class=\"\" data-start=\"1007\" data-end=\"1128\" data-immersive-translate-walked=\"76b2339e-1350-40d0-97f8-d216f0187d1a\">0% Nikotinas \u2013 Idealiai tinka tiems, kurie nori m\u0117gautis garinimu be nikotino. (<em data-start=\"1088\" data-end=\"1125\">tik didel\u0117ms u\u017esakymams<\/em>)<\/p>\n<\/li>\n<li class=\"\" data-start=\"1129\" data-end=\"1200\">\n<p class=\"\" data-start=\"1131\" data-end=\"1200\" data-immersive-translate-walked=\"76b2339e-1350-40d0-97f8-d216f0187d1a\">2% Nikotinas \u2013 \u0160velnus ir subalansuotas pasirinkimas kasdieniam naudojimui.<\/p>\n<\/li>\n<li class=\"\" data-start=\"1201\" data-end=\"1318\">\n<p class=\"\" data-start=\"1203\" data-end=\"1318\" data-immersive-translate-walked=\"76b2339e-1350-40d0-97f8-d216f0187d1a\">3% Nikotinas \u2013 Stipresnis gerkl\u0117s poj\u016btis intensyvesniam garinimo patyrimui. (<em data-start=\"1278\" data-end=\"1315\">tik didel\u0117ms u\u017esakymams<\/em>)<\/p>\n<\/li>\n<li class=\"\" data-start=\"1319\" data-end=\"1384\">\n<p class=\"\" data-start=\"1321\" data-end=\"1384\">5% Nikotinas \u2013 Maksimalus stiprumas galingam poveikiui.<\/p>\n<\/li>\n<\/ul>\n<h4>Populiarus skonis: Kivi Pasiflor\u0173 Guava<\/h4>\n<p class=\"\" data-start=\"1451\" data-end=\"1702\">\u0160i egzotin\u0117 mi\u0161rain\u0117 jungia \u0161vie\u017ei\u0105 kivi r\u016bg\u0161tum\u0105, sald\u017eiar\u016bg\u0161t\u012f pasifloros skon\u012f ir aromating\u0105 guavos aromat\u0105. Vaisi\u0173 skoni\u0173 patirtis su tobulai suderintomis natomis, si\u016blanti \u0161vie\u017eumo poj\u016bt\u012f.<\/p>\n<h3 data-start=\"1704\" data-end=\"1751\">Kod\u0117l verta rinktis Bang King Digital 15000 Puffs?<\/h3>\n<p class=\"\" data-start=\"1752\" data-end=\"2043\">\u2705 Vienkartinio naudojimo dizainas \u2013 Paruo\u0161ta naudoti i\u0161 karto, nereikia prie\u017ei\u016bros ar papildymo.<br data-start=\"1937\" data-end=\"1940\" \/>\u2705 15000 \u012fkv\u0117pim\u0173 \u2013 ekstremali ilgaam\u017ei\u0161kumas \u2013 Patikimas palydovas ilgiems garinimo seansams.<\/p>\n<p>U\u017esisakykite dabar ir m\u0117gaukit\u0117s auk\u0161\u010diausios kokyb\u0117s garinimo patirtimi!<\/p>\n<p class=\"\" data-start=\"2115\" data-end=\"2296\">Bang King Digital 15000 Puffs jau prieinama! Apsilankykite vapingnet.de ir \u012fsigykite savo model\u012f nepamir\u0161tamai garinimo patir\u010diai.<\/p>","protected":false},"excerpt":{"rendered":"<p>Bang King Digital 15000 Puffs \u2013 Lange Ausdauer, intensiver Geschmack Auf der Suche nach einer E-Zigarette mit extrem langer Lebensdauer und einem erstklassigen Geschmackserlebnis? Die&#8230;<\/p>","protected":false},"featured_media":5898,"template":"","meta":[],"etheme_brands":[],"product_brand":[101],"product_cat":[53,49,61],"product_tag":[],"class_list":{"0":"post-5897","1":"product","2":"type-product","3":"status-publish","4":"has-post-thumbnail","6":"product_brand-bang-king-vape","7":"product_cat-vape-15000-zuege","8":"product_cat-einweg-e-zigarette","9":"product_cat-f","11":"first","12":"instock","13":"shipping-taxable","14":"purchasable","15":"product-type-simple"},"yoast_head":"<!-- This site is optimized with the Yoast SEO plugin v26.5 - https:\/\/yoast.com\/wordpress\/plugins\/seo\/ -->\n<title>Kiwi Passion Fruit Guava Bang King Digital 15000 Puffs riesige Dampfmenge | Vapingnet.de<\/title>\n<meta name=\"description\" content=\"Entdecke Kiwi Passion Fruit Guava Bang King Digital 15000 Puffs riesige Dampfmenge bei vapingnet.de, \u25ba Gro\u00dfe Auswahl an Geschmacksrichtungen &amp; super g\u00fcnstig!\" \/>\n<meta name=\"robots\" content=\"index, follow, max-snippet:-1, max-image-preview:large, max-video-preview:-1\" \/>\n<link rel=\"canonical\" href=\"https:\/\/vapingnet.de\/lt\/vape\/kiwi-passion-fruit-guava-bang-king-digital-15000-puffs-riesige-dampfmenge\/\" \/>\n<meta property=\"og:locale\" content=\"lt_LT\" \/>\n<meta property=\"og:type\" content=\"article\" \/>\n<meta property=\"og:title\" content=\"Kiwi Passion Fruit Guava Bang King Digital 15000 Puffs riesige Dampfmenge | Vapingnet.de\" \/>\n<meta property=\"og:description\" content=\"Entdecke Kiwi Passion Fruit Guava Bang King Digital 15000 Puffs riesige Dampfmenge bei vapingnet.de, \u25ba Gro\u00dfe Auswahl an Geschmacksrichtungen &amp; super g\u00fcnstig!\" \/>\n<meta property=\"og:url\" content=\"https:\/\/vapingnet.de\/lt\/vape\/kiwi-passion-fruit-guava-bang-king-digital-15000-puffs-riesige-dampfmenge\/\" \/>\n<meta property=\"og:site_name\" content=\"Vapingnet.de\" \/>\n<meta property=\"article:publisher\" content=\"https:\/\/www.facebook.com\/vapingnetde\/\" \/>\n<meta property=\"article:modified_time\" content=\"2025-06-19T03:40:05+00:00\" \/>\n<meta property=\"og:image\" content=\"https:\/\/vapingnet.de\/wp-content\/uploads\/2025\/03\/KIWI-Passion-Fruit-Guava.png\" \/>\n\t<meta property=\"og:image:width\" content=\"900\" \/>\n\t<meta property=\"og:image:height\" content=\"600\" \/>\n\t<meta property=\"og:image:type\" content=\"image\/png\" \/>\n<meta name=\"twitter:card\" content=\"summary_large_image\" \/>\n<meta name=\"twitter:label1\" content=\"Est. reading time\" \/>\n\t<meta name=\"twitter:data1\" content=\"2 minutes\" \/>\n<script type=\"application\/ld+json\" class=\"yoast-schema-graph\">{\"@context\":\"https:\/\/schema.org\",\"@graph\":[{\"@type\":\"WebPage\",\"@id\":\"https:\/\/vapingnet.de\/vape\/kiwi-passion-fruit-guava-bang-king-digital-15000-puffs-riesige-dampfmenge\/\",\"url\":\"https:\/\/vapingnet.de\/vape\/kiwi-passion-fruit-guava-bang-king-digital-15000-puffs-riesige-dampfmenge\/\",\"name\":\"Kiwi Passion Fruit Guava Bang King Digital 15000 Puffs riesige Dampfmenge | Vapingnet.de\",\"isPartOf\":{\"@id\":\"https:\/\/vapingnet.de\/#website\"},\"primaryImageOfPage\":{\"@id\":\"https:\/\/vapingnet.de\/vape\/kiwi-passion-fruit-guava-bang-king-digital-15000-puffs-riesige-dampfmenge\/#primaryimage\"},\"image\":{\"@id\":\"https:\/\/vapingnet.de\/vape\/kiwi-passion-fruit-guava-bang-king-digital-15000-puffs-riesige-dampfmenge\/#primaryimage\"},\"thumbnailUrl\":\"https:\/\/vapingnet.de\/wp-content\/uploads\/2025\/03\/KIWI-Passion-Fruit-Guava.png\",\"datePublished\":\"2025-03-25T07:03:23+00:00\",\"dateModified\":\"2025-06-19T03:40:05+00:00\",\"description\":\"Entdecke Kiwi Passion Fruit Guava Bang King Digital 15000 Puffs riesige Dampfmenge bei vapingnet.de, \u25ba Gro\u00dfe Auswahl an Geschmacksrichtungen & super g\u00fcnstig!\",\"breadcrumb\":{\"@id\":\"https:\/\/vapingnet.de\/vape\/kiwi-passion-fruit-guava-bang-king-digital-15000-puffs-riesige-dampfmenge\/#breadcrumb\"},\"inLanguage\":\"lt-LT\",\"potentialAction\":[{\"@type\":\"ReadAction\",\"target\":[\"https:\/\/vapingnet.de\/vape\/kiwi-passion-fruit-guava-bang-king-digital-15000-puffs-riesige-dampfmenge\/\"]}]},{\"@type\":\"ImageObject\",\"inLanguage\":\"lt-LT\",\"@id\":\"https:\/\/vapingnet.de\/vape\/kiwi-passion-fruit-guava-bang-king-digital-15000-puffs-riesige-dampfmenge\/#primaryimage\",\"url\":\"https:\/\/vapingnet.de\/wp-content\/uploads\/2025\/03\/KIWI-Passion-Fruit-Guava.png\",\"contentUrl\":\"https:\/\/vapingnet.de\/wp-content\/uploads\/2025\/03\/KIWI-Passion-Fruit-Guava.png\",\"width\":900,\"height\":600,\"caption\":\"Kiwi Passion Fruit Guava\"},{\"@type\":\"BreadcrumbList\",\"@id\":\"https:\/\/vapingnet.de\/vape\/kiwi-passion-fruit-guava-bang-king-digital-15000-puffs-riesige-dampfmenge\/#breadcrumb\",\"itemListElement\":[{\"@type\":\"ListItem\",\"position\":1,\"name\":\"Home\",\"item\":\"https:\/\/vapingnet.de\/\"},{\"@type\":\"ListItem\",\"position\":2,\"name\":\"Shop\",\"item\":\"https:\/\/vapingnet.de\/vape\/\"},{\"@type\":\"ListItem\",\"position\":3,\"name\":\"Kiwi Passion Fruit Guava Bang King Digital 15000 Puffs riesige Dampfmenge\"}]},{\"@type\":\"WebSite\",\"@id\":\"https:\/\/vapingnet.de\/#website\",\"url\":\"https:\/\/vapingnet.de\/\",\"name\":\"Vapingnet.de\",\"description\":\"\",\"publisher\":{\"@id\":\"https:\/\/vapingnet.de\/#organization\"},\"potentialAction\":[{\"@type\":\"SearchAction\",\"target\":{\"@type\":\"EntryPoint\",\"urlTemplate\":\"https:\/\/vapingnet.de\/?s={search_term_string}\"},\"query-input\":{\"@type\":\"PropertyValueSpecification\",\"valueRequired\":true,\"valueName\":\"search_term_string\"}}],\"inLanguage\":\"lt-LT\"},{\"@type\":\"Organization\",\"@id\":\"https:\/\/vapingnet.de\/#organization\",\"name\":\"Vapingnet.de\",\"url\":\"https:\/\/vapingnet.de\/\",\"logo\":{\"@type\":\"ImageObject\",\"inLanguage\":\"lt-LT\",\"@id\":\"https:\/\/vapingnet.de\/#\/schema\/logo\/image\/\",\"url\":\"https:\/\/vapingnet.de\/wp-content\/uploads\/2025\/03\/cropped-vapingnet.de_.jpg\",\"contentUrl\":\"https:\/\/vapingnet.de\/wp-content\/uploads\/2025\/03\/cropped-vapingnet.de_.jpg\",\"width\":512,\"height\":512,\"caption\":\"Vapingnet.de\"},\"image\":{\"@id\":\"https:\/\/vapingnet.de\/#\/schema\/logo\/image\/\"},\"sameAs\":[\"https:\/\/www.facebook.com\/vapingnetde\/\"]}]}<\/script>\n<!-- \/ Yoast SEO plugin. -->","yoast_head_json":{"title":"Kiwi Passion Fruit Guava Bang King Digital 15000 Puffs riesige Dampfmenge | Vapingnet.de","description":"Entdecke Kiwi Passion Fruit Guava Bang King Digital 15000 Puffs riesige Dampfmenge bei vapingnet.de, \u25ba Gro\u00dfe Auswahl an Geschmacksrichtungen & super g\u00fcnstig!","robots":{"index":"index","follow":"follow","max-snippet":"max-snippet:-1","max-image-preview":"max-image-preview:large","max-video-preview":"max-video-preview:-1"},"canonical":"https:\/\/vapingnet.de\/lt\/vape\/kiwi-passion-fruit-guava-bang-king-digital-15000-puffs-riesige-dampfmenge\/","og_locale":"lt_LT","og_type":"article","og_title":"Kiwi Passion Fruit Guava Bang King Digital 15000 Puffs riesige Dampfmenge | Vapingnet.de","og_description":"Entdecke Kiwi Passion Fruit Guava Bang King Digital 15000 Puffs riesige Dampfmenge bei vapingnet.de, \u25ba Gro\u00dfe Auswahl an Geschmacksrichtungen & super g\u00fcnstig!","og_url":"https:\/\/vapingnet.de\/lt\/vape\/kiwi-passion-fruit-guava-bang-king-digital-15000-puffs-riesige-dampfmenge\/","og_site_name":"Vapingnet.de","article_publisher":"https:\/\/www.facebook.com\/vapingnetde\/","article_modified_time":"2025-06-19T03:40:05+00:00","og_image":[{"width":900,"height":600,"url":"https:\/\/vapingnet.de\/wp-content\/uploads\/2025\/03\/KIWI-Passion-Fruit-Guava.png","type":"image\/png"}],"twitter_card":"summary_large_image","twitter_misc":{"Est. reading time":"2 minutes"},"schema":{"@context":"https:\/\/schema.org","@graph":[{"@type":"WebPage","@id":"https:\/\/vapingnet.de\/vape\/kiwi-passion-fruit-guava-bang-king-digital-15000-puffs-riesige-dampfmenge\/","url":"https:\/\/vapingnet.de\/vape\/kiwi-passion-fruit-guava-bang-king-digital-15000-puffs-riesige-dampfmenge\/","name":"Kiwi Passion Fruit Guava Bang King Digital 15000 Puffs riesige Dampfmenge | Vapingnet.de","isPartOf":{"@id":"https:\/\/vapingnet.de\/#website"},"primaryImageOfPage":{"@id":"https:\/\/vapingnet.de\/vape\/kiwi-passion-fruit-guava-bang-king-digital-15000-puffs-riesige-dampfmenge\/#primaryimage"},"image":{"@id":"https:\/\/vapingnet.de\/vape\/kiwi-passion-fruit-guava-bang-king-digital-15000-puffs-riesige-dampfmenge\/#primaryimage"},"thumbnailUrl":"https:\/\/vapingnet.de\/wp-content\/uploads\/2025\/03\/KIWI-Passion-Fruit-Guava.png","datePublished":"2025-03-25T07:03:23+00:00","dateModified":"2025-06-19T03:40:05+00:00","description":"Entdecke Kiwi Passion Fruit Guava Bang King Digital 15000 Puffs riesige Dampfmenge bei vapingnet.de, \u25ba Gro\u00dfe Auswahl an Geschmacksrichtungen & super g\u00fcnstig!","breadcrumb":{"@id":"https:\/\/vapingnet.de\/vape\/kiwi-passion-fruit-guava-bang-king-digital-15000-puffs-riesige-dampfmenge\/#breadcrumb"},"inLanguage":"lt-LT","potentialAction":[{"@type":"ReadAction","target":["https:\/\/vapingnet.de\/vape\/kiwi-passion-fruit-guava-bang-king-digital-15000-puffs-riesige-dampfmenge\/"]}]},{"@type":"ImageObject","inLanguage":"lt-LT","@id":"https:\/\/vapingnet.de\/vape\/kiwi-passion-fruit-guava-bang-king-digital-15000-puffs-riesige-dampfmenge\/#primaryimage","url":"https:\/\/vapingnet.de\/wp-content\/uploads\/2025\/03\/KIWI-Passion-Fruit-Guava.png","contentUrl":"https:\/\/vapingnet.de\/wp-content\/uploads\/2025\/03\/KIWI-Passion-Fruit-Guava.png","width":900,"height":600,"caption":"Kiwi Passion Fruit Guava"},{"@type":"BreadcrumbList","@id":"https:\/\/vapingnet.de\/vape\/kiwi-passion-fruit-guava-bang-king-digital-15000-puffs-riesige-dampfmenge\/#breadcrumb","itemListElement":[{"@type":"ListItem","position":1,"name":"Home","item":"https:\/\/vapingnet.de\/"},{"@type":"ListItem","position":2,"name":"Shop","item":"https:\/\/vapingnet.de\/vape\/"},{"@type":"ListItem","position":3,"name":"Kiwi Passion Fruit Guava Bang King Digital 15000 Puffs riesige Dampfmenge"}]},{"@type":"WebSite","@id":"https:\/\/vapingnet.de\/#website","url":"https:\/\/vapingnet.de\/","name":"Vapingnet.de","description":"","publisher":{"@id":"https:\/\/vapingnet.de\/#organization"},"potentialAction":[{"@type":"SearchAction","target":{"@type":"EntryPoint","urlTemplate":"https:\/\/vapingnet.de\/?s={search_term_string}"},"query-input":{"@type":"PropertyValueSpecification","valueRequired":true,"valueName":"search_term_string"}}],"inLanguage":"lt-LT"},{"@type":"Organization","@id":"https:\/\/vapingnet.de\/#organization","name":"Vapingnet.de","url":"https:\/\/vapingnet.de\/","logo":{"@type":"ImageObject","inLanguage":"lt-LT","@id":"https:\/\/vapingnet.de\/#\/schema\/logo\/image\/","url":"https:\/\/vapingnet.de\/wp-content\/uploads\/2025\/03\/cropped-vapingnet.de_.jpg","contentUrl":"https:\/\/vapingnet.de\/wp-content\/uploads\/2025\/03\/cropped-vapingnet.de_.jpg","width":512,"height":512,"caption":"Vapingnet.de"},"image":{"@id":"https:\/\/vapingnet.de\/#\/schema\/logo\/image\/"},"sameAs":["https:\/\/www.facebook.com\/vapingnetde\/"]}]}},"tiered_pricing_type":"fixed","tiered_pricing_fixed_rules":{"10":"6.83","60":"6.15","110":"5.46","200":"4.78"},"tiered_pricing_product_settings":{"layout":"default","base_unit_name":{"singular":null,"plural":null},"default_variation":null},"tiered_pricing_minimum_quantity":null,"tiered_pricing_roles_data":[],"tiered_pricing_percentage_rules":[],"_links":{"self":[{"href":"https:\/\/vapingnet.de\/lt\/wp-json\/wp\/v2\/product\/5897","targetHints":{"allow":["GET"]}}],"collection":[{"href":"https:\/\/vapingnet.de\/lt\/wp-json\/wp\/v2\/product"}],"about":[{"href":"https:\/\/vapingnet.de\/lt\/wp-json\/wp\/v2\/types\/product"}],"version-history":[{"count":2,"href":"https:\/\/vapingnet.de\/lt\/wp-json\/wp\/v2\/product\/5897\/revisions"}],"predecessor-version":[{"id":5906,"href":"https:\/\/vapingnet.de\/lt\/wp-json\/wp\/v2\/product\/5897\/revisions\/5906"}],"wp:featuredmedia":[{"embeddable":true,"href":"https:\/\/vapingnet.de\/lt\/wp-json\/wp\/v2\/media\/5898"}],"wp:attachment":[{"href":"https:\/\/vapingnet.de\/lt\/wp-json\/wp\/v2\/media?parent=5897"}],"wp:term":[{"taxonomy":"brand","embeddable":true,"href":"https:\/\/vapingnet.de\/lt\/wp-json\/wp\/v2\/etheme_brands?post=5897"},{"taxonomy":"product_brand","embeddable":true,"href":"https:\/\/vapingnet.de\/lt\/wp-json\/wp\/v2\/product_brand?post=5897"},{"taxonomy":"product_cat","embeddable":true,"href":"https:\/\/vapingnet.de\/lt\/wp-json\/wp\/v2\/product_cat?post=5897"},{"taxonomy":"product_tag","embeddable":true,"href":"https:\/\/vapingnet.de\/lt\/wp-json\/wp\/v2\/product_tag?post=5897"}],"curies":[{"name":"wp","href":"https:\/\/api.w.org\/{rel}","templated":true}]}}