{"id":6120,"date":"2025-04-07T02:20:15","date_gmt":"2025-04-07T02:20:15","guid":{"rendered":"https:\/\/vapingnet.de\/?post_type=product&#038;p=6120"},"modified":"2025-06-19T03:40:05","modified_gmt":"2025-06-19T03:40:05","slug":"jetzt-grosshandelspreis-fuer-strawberry-watermelon-bang-king-25000-puffs","status":"publish","type":"product","link":"https:\/\/vapingnet.de\/lt\/vape\/jetzt-grosshandelspreis-fuer-strawberry-watermelon-bang-king-25000-puffs\/","title":{"rendered":"Dabar didmenin\u0117 kaina Strawberry Watermelon Bang King 25000 Puffs"},"content":{"rendered":"<h2 data-start=\"35\" data-end=\"122\">Auk\u0161tos kokyb\u0117s vienkartin\u0117 E-cigaret\u0117: Bang King 25000 Puffs \u2013 Tikras 25K patirtis!<\/h2>\n<p class=\"\" data-start=\"124\" data-end=\"455\">Jei ie\u0161kote auk\u0161tos kokyb\u0117s, nereikalaujan\u010dios prie\u017ei\u016bros ir i\u0161 karto paruo\u0161tos naudoti E-cigaret\u0117s, Bang King 25000 yra tobula pasirinkimas jums. Ji si\u016blo ne tik nuostabi\u0105 25 000 p\u016btimo talp\u0105, bet ir daugyb\u0119 naudotojui draugi\u0161k\u0173 funkcij\u0173, kurios tenkina vis\u0173 vaperi\u0173 individualius poreikius.<\/p>\n<h4 data-start=\"457\" data-end=\"498\">Produkto akcentai i\u0161 karto<\/h4>\n<p class=\"\" data-start=\"500\" data-end=\"1075\">Modelis: Bang King 25000 P\u016b\u010di\u0173<br data-start=\"533\" data-end=\"536\" \/>Nikotino stiprumai: 0%, 2%, 3%, 5% (idealiai tinka visiems patirties lygiams)<br data-start=\"605\" data-end=\"608\" \/>Vamzdelio galvut\u0117: 1.0\u03a9 tinklelio rit\u0117, skirta smulkesniam skoniui ir tolygiam garui<br data-start=\"689\" data-end=\"692\" \/>Pod sistema: Dvigubi podai, po 23 ml, i\u0161 viso 46 ml \u2013 ilgiems vaping seansams (kiekvienas podas apie 12 500 \u012fkv\u0117pim\u0173)<br data-start=\"795\" data-end=\"798\" \/>Baterija: 650mAh, \u012fkraunama<br data-start=\"835\" data-end=\"838\" \/>\u012ekrovimo jungtis: Type-C, lengvam ir greitam \u012fkrovimui<br data-start=\"897\" data-end=\"900\" \/>Skonis: Bra\u0161k\u0117 arb\u016bzas \u2013 saldus ir gaivus<br data-start=\"982\" data-end=\"985\" data-is-only-node=\"\" \/>Tipas: Vienkartin\u0117 E-cigaret\u0117, paruo\u0161ta naudoti i\u0161 karto be papildymo ar rit\u0117s keitimo<\/p>\n<h4 data-start=\"1077\" data-end=\"1103\">Pristatymo informacija<\/h4>\n<p class=\"\" data-start=\"1105\" data-end=\"1372\">Pristatymo laikas: Numatomas pristatymas per 7-15 darbo dien\u0173<br data-start=\"1176\" data-end=\"1179\" \/>Siuntimo sand\u0117lis: Siunta i\u0161 Europos sand\u0117lio, tinkamas Europos rinkai<br data-start=\"1269\" data-end=\"1272\" \/>Papildoma nauda: N\u0117ra muito mokes\u010di\u0173, joki\u0173 pasl\u0117pt\u0173 i\u0161laid\u0173, be streso pirkimas<\/p>\n<h3 data-start=\"1374\" data-end=\"1410\">Kod\u0117l rinktis Bang King 25000?<\/h3>\n<ul data-start=\"1412\" data-end=\"2047\">\n<li class=\"\" data-start=\"1412\" data-end=\"1546\">\n<p class=\"\" data-start=\"1414\" data-end=\"1546\">Ilga tarnavimo trukm\u0117: 25 000 \u012fkv\u0117pim\u0173 atitinka kelias \u012fprastas E-cigaretes ir leid\u017eia ilgalaik\u012f naudojim\u0105 be papildymo<\/p>\n<\/li>\n<li class=\"\" data-start=\"1547\" data-end=\"1652\">\n<p class=\"\" data-start=\"1549\" data-end=\"1652\">Individualus nikotino pasirinkimas: Nesvarbu, ar esate pradedantysis, ar profesionalas, \u010dia rasite tinkam\u0105 nikotino stiprum\u0105<\/p>\n<\/li>\n<li class=\"\" data-start=\"1653\" data-end=\"1799\">\n<p class=\"\" data-start=\"1655\" data-end=\"1799\">Patogi dvigubo pod sistema: Paprastai keiskite pod\u0105, kad m\u0117gautum\u0117t\u0117s skirtingais skoniais \u2013 bet kada ir be pertraukos<\/p>\n<\/li>\n<li class=\"\" data-start=\"1800\" data-end=\"1894\">\n<p class=\"\" data-start=\"1802\" data-end=\"1894\">Stilingas ir ne\u0161iojamas dizainas: Modernus, lengvas ir ergonomi\u0161kas \u2013 puikus keliaujant<\/p>\n<\/li>\n<li class=\"\" data-start=\"1895\" data-end=\"2047\">\n<p class=\"\" data-start=\"1897\" data-end=\"2047\">Puik\u016bs skonio poj\u016b\u010diai: 1.0\u03a9 tinklelio rit\u0117 u\u017etikrina stabil\u0173 garavim\u0105 ir intensyv\u0173 skon\u012f, idealiai tinka tikriems skonio m\u0117g\u0117jams<\/p>\n<\/li>\n<\/ul>\n<h4 data-start=\"2049\" data-end=\"2110\">Dabar atraskite populiar\u0173 produkt\u0105 vapingnet.de!<\/h4>\n<p class=\"\" data-start=\"2112\" data-end=\"2352\">Kaip vietin\u0117 Europos elektronini\u0173 cigare\u010di\u0173 platforma, vapingnet.de si\u016blo auk\u0161tos kokyb\u0117s produktus ir greit\u0105, saug\u0173 u\u017esakymo proces\u0105. Bang King 25000 dabar prieinama, tad apsilankykite jau \u0161iandien!<\/p>","protected":false},"excerpt":{"rendered":"<p>Auk\u0161tos kokyb\u0117s vienkartin\u0117 elektronin\u0117 cigaret\u0117: Bang King 25000 puf\u0173 \u2013 tikras 25K patirtis! Jei ie\u0161kote kokybi\u0161kos, nereikalaujan\u010dios prie\u017ei\u016bros ir i\u0161 karto paruo\u0161tos naudoti elektronin\u0117s cigaret\u0117s, tai...<\/p>","protected":false},"featured_media":6122,"template":"","meta":[],"etheme_brands":[],"product_brand":[101],"product_cat":[55,49,61],"product_tag":[],"class_list":{"0":"post-6120","1":"product","2":"type-product","3":"status-publish","4":"has-post-thumbnail","6":"product_brand-bang-king-vape","7":"product_cat-vape-25000-zuege","8":"product_cat-einweg-e-zigarette","9":"product_cat-f","11":"first","12":"instock","13":"shipping-taxable","14":"purchasable","15":"product-type-simple"},"yoast_head":"<!-- This site is optimized with the Yoast SEO plugin v26.5 - https:\/\/yoast.com\/wordpress\/plugins\/seo\/ -->\n<title>Jetzt Gro\u00dfhandelspreis f\u00fcr Strawberry Watermelon Bang King 25000 Puffs | Vapingnet.de<\/title>\n<meta name=\"description\" content=\"Entdecke Jetzt Gro\u00dfhandelspreis f\u00fcr Strawberry Watermelon Bang King 25000 Puffs bei vapingnet.de, \u25ba Gro\u00dfe Auswahl an Geschmacksrichtungen &amp; super g\u00fcnstig!\" \/>\n<meta name=\"robots\" content=\"index, follow, max-snippet:-1, max-image-preview:large, max-video-preview:-1\" \/>\n<link rel=\"canonical\" href=\"https:\/\/vapingnet.de\/lt\/vape\/jetzt-grosshandelspreis-fuer-strawberry-watermelon-bang-king-25000-puffs\/\" \/>\n<meta property=\"og:locale\" content=\"lt_LT\" \/>\n<meta property=\"og:type\" content=\"article\" \/>\n<meta property=\"og:title\" content=\"Jetzt Gro\u00dfhandelspreis f\u00fcr Strawberry Watermelon Bang King 25000 Puffs | Vapingnet.de\" \/>\n<meta property=\"og:description\" content=\"Entdecke Jetzt Gro\u00dfhandelspreis f\u00fcr Strawberry Watermelon Bang King 25000 Puffs bei vapingnet.de, \u25ba Gro\u00dfe Auswahl an Geschmacksrichtungen &amp; super g\u00fcnstig!\" \/>\n<meta property=\"og:url\" content=\"https:\/\/vapingnet.de\/lt\/vape\/jetzt-grosshandelspreis-fuer-strawberry-watermelon-bang-king-25000-puffs\/\" \/>\n<meta property=\"og:site_name\" content=\"Vapingnet.de\" \/>\n<meta property=\"article:publisher\" content=\"https:\/\/www.facebook.com\/vapingnetde\/\" \/>\n<meta property=\"article:modified_time\" content=\"2025-06-19T03:40:05+00:00\" \/>\n<meta property=\"og:image\" content=\"https:\/\/vapingnet.de\/wp-content\/uploads\/2025\/04\/bang-25k-vape-Strawberry-Watermelon.png\" \/>\n\t<meta property=\"og:image:width\" content=\"1000\" \/>\n\t<meta property=\"og:image:height\" content=\"1000\" \/>\n\t<meta property=\"og:image:type\" content=\"image\/png\" \/>\n<meta name=\"twitter:card\" content=\"summary_large_image\" \/>\n<meta name=\"twitter:label1\" content=\"Est. reading time\" \/>\n\t<meta name=\"twitter:data1\" content=\"2 minutes\" \/>\n<script type=\"application\/ld+json\" class=\"yoast-schema-graph\">{\"@context\":\"https:\/\/schema.org\",\"@graph\":[{\"@type\":\"WebPage\",\"@id\":\"https:\/\/vapingnet.de\/vape\/jetzt-grosshandelspreis-fuer-strawberry-watermelon-bang-king-25000-puffs\/\",\"url\":\"https:\/\/vapingnet.de\/vape\/jetzt-grosshandelspreis-fuer-strawberry-watermelon-bang-king-25000-puffs\/\",\"name\":\"Jetzt Gro\u00dfhandelspreis f\u00fcr Strawberry Watermelon Bang King 25000 Puffs | Vapingnet.de\",\"isPartOf\":{\"@id\":\"https:\/\/vapingnet.de\/#website\"},\"primaryImageOfPage\":{\"@id\":\"https:\/\/vapingnet.de\/vape\/jetzt-grosshandelspreis-fuer-strawberry-watermelon-bang-king-25000-puffs\/#primaryimage\"},\"image\":{\"@id\":\"https:\/\/vapingnet.de\/vape\/jetzt-grosshandelspreis-fuer-strawberry-watermelon-bang-king-25000-puffs\/#primaryimage\"},\"thumbnailUrl\":\"https:\/\/vapingnet.de\/wp-content\/uploads\/2025\/04\/bang-25k-vape-Strawberry-Watermelon.png\",\"datePublished\":\"2025-04-07T02:20:15+00:00\",\"dateModified\":\"2025-06-19T03:40:05+00:00\",\"description\":\"Entdecke Jetzt Gro\u00dfhandelspreis f\u00fcr Strawberry Watermelon Bang King 25000 Puffs bei vapingnet.de, \u25ba Gro\u00dfe Auswahl an Geschmacksrichtungen & super g\u00fcnstig!\",\"breadcrumb\":{\"@id\":\"https:\/\/vapingnet.de\/vape\/jetzt-grosshandelspreis-fuer-strawberry-watermelon-bang-king-25000-puffs\/#breadcrumb\"},\"inLanguage\":\"lt-LT\",\"potentialAction\":[{\"@type\":\"ReadAction\",\"target\":[\"https:\/\/vapingnet.de\/vape\/jetzt-grosshandelspreis-fuer-strawberry-watermelon-bang-king-25000-puffs\/\"]}]},{\"@type\":\"ImageObject\",\"inLanguage\":\"lt-LT\",\"@id\":\"https:\/\/vapingnet.de\/vape\/jetzt-grosshandelspreis-fuer-strawberry-watermelon-bang-king-25000-puffs\/#primaryimage\",\"url\":\"https:\/\/vapingnet.de\/wp-content\/uploads\/2025\/04\/bang-25k-vape-Strawberry-Watermelon.png\",\"contentUrl\":\"https:\/\/vapingnet.de\/wp-content\/uploads\/2025\/04\/bang-25k-vape-Strawberry-Watermelon.png\",\"width\":1000,\"height\":1000},{\"@type\":\"BreadcrumbList\",\"@id\":\"https:\/\/vapingnet.de\/vape\/jetzt-grosshandelspreis-fuer-strawberry-watermelon-bang-king-25000-puffs\/#breadcrumb\",\"itemListElement\":[{\"@type\":\"ListItem\",\"position\":1,\"name\":\"Home\",\"item\":\"https:\/\/vapingnet.de\/\"},{\"@type\":\"ListItem\",\"position\":2,\"name\":\"Shop\",\"item\":\"https:\/\/vapingnet.de\/vape\/\"},{\"@type\":\"ListItem\",\"position\":3,\"name\":\"Jetzt Gro\u00dfhandelspreis f\u00fcr Strawberry Watermelon Bang King 25000 Puffs\"}]},{\"@type\":\"WebSite\",\"@id\":\"https:\/\/vapingnet.de\/#website\",\"url\":\"https:\/\/vapingnet.de\/\",\"name\":\"Vapingnet.de\",\"description\":\"\",\"publisher\":{\"@id\":\"https:\/\/vapingnet.de\/#organization\"},\"potentialAction\":[{\"@type\":\"SearchAction\",\"target\":{\"@type\":\"EntryPoint\",\"urlTemplate\":\"https:\/\/vapingnet.de\/?s={search_term_string}\"},\"query-input\":{\"@type\":\"PropertyValueSpecification\",\"valueRequired\":true,\"valueName\":\"search_term_string\"}}],\"inLanguage\":\"lt-LT\"},{\"@type\":\"Organization\",\"@id\":\"https:\/\/vapingnet.de\/#organization\",\"name\":\"Vapingnet.de\",\"url\":\"https:\/\/vapingnet.de\/\",\"logo\":{\"@type\":\"ImageObject\",\"inLanguage\":\"lt-LT\",\"@id\":\"https:\/\/vapingnet.de\/#\/schema\/logo\/image\/\",\"url\":\"https:\/\/vapingnet.de\/wp-content\/uploads\/2025\/03\/cropped-vapingnet.de_.jpg\",\"contentUrl\":\"https:\/\/vapingnet.de\/wp-content\/uploads\/2025\/03\/cropped-vapingnet.de_.jpg\",\"width\":512,\"height\":512,\"caption\":\"Vapingnet.de\"},\"image\":{\"@id\":\"https:\/\/vapingnet.de\/#\/schema\/logo\/image\/\"},\"sameAs\":[\"https:\/\/www.facebook.com\/vapingnetde\/\"]}]}<\/script>\n<!-- \/ Yoast SEO plugin. -->","yoast_head_json":{"title":"Jetzt Gro\u00dfhandelspreis f\u00fcr Strawberry Watermelon Bang King 25000 Puffs | Vapingnet.de","description":"Entdecke Jetzt Gro\u00dfhandelspreis f\u00fcr Strawberry Watermelon Bang King 25000 Puffs bei vapingnet.de, \u25ba Gro\u00dfe Auswahl an Geschmacksrichtungen & super g\u00fcnstig!","robots":{"index":"index","follow":"follow","max-snippet":"max-snippet:-1","max-image-preview":"max-image-preview:large","max-video-preview":"max-video-preview:-1"},"canonical":"https:\/\/vapingnet.de\/lt\/vape\/jetzt-grosshandelspreis-fuer-strawberry-watermelon-bang-king-25000-puffs\/","og_locale":"lt_LT","og_type":"article","og_title":"Jetzt Gro\u00dfhandelspreis f\u00fcr Strawberry Watermelon Bang King 25000 Puffs | Vapingnet.de","og_description":"Entdecke Jetzt Gro\u00dfhandelspreis f\u00fcr Strawberry Watermelon Bang King 25000 Puffs bei vapingnet.de, \u25ba Gro\u00dfe Auswahl an Geschmacksrichtungen & super g\u00fcnstig!","og_url":"https:\/\/vapingnet.de\/lt\/vape\/jetzt-grosshandelspreis-fuer-strawberry-watermelon-bang-king-25000-puffs\/","og_site_name":"Vapingnet.de","article_publisher":"https:\/\/www.facebook.com\/vapingnetde\/","article_modified_time":"2025-06-19T03:40:05+00:00","og_image":[{"width":1000,"height":1000,"url":"https:\/\/vapingnet.de\/wp-content\/uploads\/2025\/04\/bang-25k-vape-Strawberry-Watermelon.png","type":"image\/png"}],"twitter_card":"summary_large_image","twitter_misc":{"Est. reading time":"2 minutes"},"schema":{"@context":"https:\/\/schema.org","@graph":[{"@type":"WebPage","@id":"https:\/\/vapingnet.de\/vape\/jetzt-grosshandelspreis-fuer-strawberry-watermelon-bang-king-25000-puffs\/","url":"https:\/\/vapingnet.de\/vape\/jetzt-grosshandelspreis-fuer-strawberry-watermelon-bang-king-25000-puffs\/","name":"Jetzt Gro\u00dfhandelspreis f\u00fcr Strawberry Watermelon Bang King 25000 Puffs | Vapingnet.de","isPartOf":{"@id":"https:\/\/vapingnet.de\/#website"},"primaryImageOfPage":{"@id":"https:\/\/vapingnet.de\/vape\/jetzt-grosshandelspreis-fuer-strawberry-watermelon-bang-king-25000-puffs\/#primaryimage"},"image":{"@id":"https:\/\/vapingnet.de\/vape\/jetzt-grosshandelspreis-fuer-strawberry-watermelon-bang-king-25000-puffs\/#primaryimage"},"thumbnailUrl":"https:\/\/vapingnet.de\/wp-content\/uploads\/2025\/04\/bang-25k-vape-Strawberry-Watermelon.png","datePublished":"2025-04-07T02:20:15+00:00","dateModified":"2025-06-19T03:40:05+00:00","description":"Entdecke Jetzt Gro\u00dfhandelspreis f\u00fcr Strawberry Watermelon Bang King 25000 Puffs bei vapingnet.de, \u25ba Gro\u00dfe Auswahl an Geschmacksrichtungen & super g\u00fcnstig!","breadcrumb":{"@id":"https:\/\/vapingnet.de\/vape\/jetzt-grosshandelspreis-fuer-strawberry-watermelon-bang-king-25000-puffs\/#breadcrumb"},"inLanguage":"lt-LT","potentialAction":[{"@type":"ReadAction","target":["https:\/\/vapingnet.de\/vape\/jetzt-grosshandelspreis-fuer-strawberry-watermelon-bang-king-25000-puffs\/"]}]},{"@type":"ImageObject","inLanguage":"lt-LT","@id":"https:\/\/vapingnet.de\/vape\/jetzt-grosshandelspreis-fuer-strawberry-watermelon-bang-king-25000-puffs\/#primaryimage","url":"https:\/\/vapingnet.de\/wp-content\/uploads\/2025\/04\/bang-25k-vape-Strawberry-Watermelon.png","contentUrl":"https:\/\/vapingnet.de\/wp-content\/uploads\/2025\/04\/bang-25k-vape-Strawberry-Watermelon.png","width":1000,"height":1000},{"@type":"BreadcrumbList","@id":"https:\/\/vapingnet.de\/vape\/jetzt-grosshandelspreis-fuer-strawberry-watermelon-bang-king-25000-puffs\/#breadcrumb","itemListElement":[{"@type":"ListItem","position":1,"name":"Home","item":"https:\/\/vapingnet.de\/"},{"@type":"ListItem","position":2,"name":"Shop","item":"https:\/\/vapingnet.de\/vape\/"},{"@type":"ListItem","position":3,"name":"Jetzt Gro\u00dfhandelspreis f\u00fcr Strawberry Watermelon Bang King 25000 Puffs"}]},{"@type":"WebSite","@id":"https:\/\/vapingnet.de\/#website","url":"https:\/\/vapingnet.de\/","name":"Vapingnet.de","description":"","publisher":{"@id":"https:\/\/vapingnet.de\/#organization"},"potentialAction":[{"@type":"SearchAction","target":{"@type":"EntryPoint","urlTemplate":"https:\/\/vapingnet.de\/?s={search_term_string}"},"query-input":{"@type":"PropertyValueSpecification","valueRequired":true,"valueName":"search_term_string"}}],"inLanguage":"lt-LT"},{"@type":"Organization","@id":"https:\/\/vapingnet.de\/#organization","name":"Vapingnet.de","url":"https:\/\/vapingnet.de\/","logo":{"@type":"ImageObject","inLanguage":"lt-LT","@id":"https:\/\/vapingnet.de\/#\/schema\/logo\/image\/","url":"https:\/\/vapingnet.de\/wp-content\/uploads\/2025\/03\/cropped-vapingnet.de_.jpg","contentUrl":"https:\/\/vapingnet.de\/wp-content\/uploads\/2025\/03\/cropped-vapingnet.de_.jpg","width":512,"height":512,"caption":"Vapingnet.de"},"image":{"@id":"https:\/\/vapingnet.de\/#\/schema\/logo\/image\/"},"sameAs":["https:\/\/www.facebook.com\/vapingnetde\/"]}]}},"tiered_pricing_type":"fixed","tiered_pricing_fixed_rules":{"10":"8.07","60":"7.26","110":"6.46","200":"5.65"},"tiered_pricing_product_settings":{"layout":"default","base_unit_name":{"singular":null,"plural":null},"default_variation":null},"tiered_pricing_minimum_quantity":null,"tiered_pricing_roles_data":[],"tiered_pricing_percentage_rules":[],"_links":{"self":[{"href":"https:\/\/vapingnet.de\/lt\/wp-json\/wp\/v2\/product\/6120","targetHints":{"allow":["GET"]}}],"collection":[{"href":"https:\/\/vapingnet.de\/lt\/wp-json\/wp\/v2\/product"}],"about":[{"href":"https:\/\/vapingnet.de\/lt\/wp-json\/wp\/v2\/types\/product"}],"version-history":[{"count":3,"href":"https:\/\/vapingnet.de\/lt\/wp-json\/wp\/v2\/product\/6120\/revisions"}],"predecessor-version":[{"id":6140,"href":"https:\/\/vapingnet.de\/lt\/wp-json\/wp\/v2\/product\/6120\/revisions\/6140"}],"wp:featuredmedia":[{"embeddable":true,"href":"https:\/\/vapingnet.de\/lt\/wp-json\/wp\/v2\/media\/6122"}],"wp:attachment":[{"href":"https:\/\/vapingnet.de\/lt\/wp-json\/wp\/v2\/media?parent=6120"}],"wp:term":[{"taxonomy":"brand","embeddable":true,"href":"https:\/\/vapingnet.de\/lt\/wp-json\/wp\/v2\/etheme_brands?post=6120"},{"taxonomy":"product_brand","embeddable":true,"href":"https:\/\/vapingnet.de\/lt\/wp-json\/wp\/v2\/product_brand?post=6120"},{"taxonomy":"product_cat","embeddable":true,"href":"https:\/\/vapingnet.de\/lt\/wp-json\/wp\/v2\/product_cat?post=6120"},{"taxonomy":"product_tag","embeddable":true,"href":"https:\/\/vapingnet.de\/lt\/wp-json\/wp\/v2\/product_tag?post=6120"}],"curies":[{"name":"wp","href":"https:\/\/api.w.org\/{rel}","templated":true}]}}