{"id":6125,"date":"2025-04-07T02:42:14","date_gmt":"2025-04-07T02:42:14","guid":{"rendered":"https:\/\/vapingnet.de\/?post_type=product&#038;p=6125"},"modified":"2025-06-19T03:40:04","modified_gmt":"2025-06-19T03:40:04","slug":"weltweit-beliebt-strawberry-banana-bang-king-25000-puffs-jetzt-da","status":"publish","type":"product","link":"https:\/\/vapingnet.de\/lt\/vape\/weltweit-beliebt-strawberry-banana-bang-king-25000-puffs-jetzt-da\/","title":{"rendered":"Pasaulin\u0117 populiarumas Strawberry Banana Bang King 25000 Puffs Dabar \u010dia"},"content":{"rendered":"<h2 class=\"\" data-start=\"36\" data-end=\"119\">Bang King 25000 R\u016b\u0161i\u0173 Vienkartin\u0117 Elektronin\u0117 Cigaret\u0117 \u2013 Auk\u0161\u010diausias 25K R\u016b\u0161i\u0173 Patirtis!<\/h2>\n<p class=\"\" data-start=\"121\" data-end=\"486\">Bang King 25000 R\u016bk\u0173 yra auk\u0161tos galios vienkartin\u0117 elektronin\u0117 cigaret\u0117, sukurta specialiai vaperiams, kurie ie\u0161ko puikaus skonio ir ilgaam\u017ei\u0161kumo. Su savo unikaliu dvigubu pod sistema, kuri si\u016blo i\u0161 viso 25 000 \u012fkv\u0117pim\u0173, ji yra tobula pasirinkimas tiems, kurie nori tvarios ir nuoseklios garinimo patirties.<\/p>\n<h3 class=\"\" data-start=\"488\" data-end=\"527\">Produkto ypatyb\u0117s akimirksniu<\/h3>\n<ul data-start=\"529\" data-end=\"1267\">\n<li class=\"\" data-start=\"529\" data-end=\"598\">\n<p class=\"\" data-start=\"531\" data-end=\"598\">Nikotino stiprumai: 0%, 2%, 3%, 5%, idealiai tinka vis\u0173 vartotoj\u0173 lygiams.<\/p>\n<\/li>\n<li class=\"\" data-start=\"599\" data-end=\"708\">\n<p class=\"\" data-start=\"601\" data-end=\"708\">Tinklelio rit\u0117: 1.0\u03a9 tinklelio rit\u0117 u\u017etikrina subtilesn\u012f skon\u012f ir tolyg\u0173 garo gamyb\u0105.<\/p>\n<\/li>\n<li class=\"\" data-start=\"709\" data-end=\"845\">\n<p class=\"\" data-start=\"711\" data-end=\"845\">Dvigubo pod sistema: Kiekvienas podas talpina 23 ml, i\u0161 viso 46 ml \u2013 pakankamai ilgam garinimui. Kiekvienas podas suteikia apie 12 500 \u012fkv\u0117pim\u0173.<\/p>\n<\/li>\n<li class=\"\" data-start=\"846\" data-end=\"963\">\n<p class=\"\" data-start=\"848\" data-end=\"963\">Baterija: Galinga 650mAh baterija u\u017etikrina ilgesn\u012f naudojimo laik\u0105 be da\u017en\u0173 \u012fkrovim\u0173.<\/p>\n<\/li>\n<li class=\"\" data-start=\"964\" data-end=\"1033\">\n<p class=\"\" data-start=\"966\" data-end=\"1033\">\u012ekrovimo jungtis: Tipo-C greitam ir paprastam \u012fkrovimui<\/p>\n<\/li>\n<li class=\"\" data-start=\"1034\" data-end=\"1164\">\n<p class=\"\" data-start=\"1036\" data-end=\"1164\">Skonis: Bra\u0161k\u0117 Bananas \u2013 gaivinanti sald\u017eios bra\u0161k\u0117s ir intensyvios banano kombinacija.<\/p>\n<\/li>\n<li class=\"\" data-start=\"1165\" data-end=\"1267\">\n<p class=\"\" data-start=\"1167\" data-end=\"1267\">Tipas: <a href=\"https:\/\/vapingnet.de\/lt\/k\/einweg-e-zigarette\/\" target=\"_blank\" rel=\"noopener\"><strong>Vienkartin\u0117 elektronin\u0117 cigaret\u0117<\/strong><\/a>, kuris yra i\u0161 karto paruo\u0161tas naudoti, be papildymo ar rit\u0117s keitimo.<\/p>\n<\/li>\n<\/ul>\n<h4 data-start=\"1269\" data-end=\"1307\">Pristatymo ir pirkimo informacija<\/h4>\n<ul data-start=\"1309\" data-end=\"1635\">\n<li class=\"\" data-start=\"1309\" data-end=\"1412\">\n<p class=\"\" data-start=\"1311\" data-end=\"1412\">Pristatymo laikas: Numatomas pristatymo laikas \u2013 7-15 darbo dien\u0173 \u2013 greitas ir patikimas.<\/p>\n<\/li>\n<li class=\"\" data-start=\"1413\" data-end=\"1511\">\n<p class=\"\" data-start=\"1415\" data-end=\"1511\">Privalumas: Joki\u0173 muitin\u0117s mokes\u010di\u0173, joki\u0173 pasl\u0117pt\u0173 i\u0161laid\u0173, paprastas ir be streso pirkimas.<\/p>\n<\/li>\n<li class=\"\" data-start=\"1512\" data-end=\"1635\">\n<p class=\"\" data-start=\"1514\" data-end=\"1635\">Pirkite: vapingnet.de \u2013 saugi ir patogi platforma j\u016bs\u0173 pirkiniams.<\/p>\n<\/li>\n<\/ul>\n<h3>Kod\u0117l rinktis Bang King 25000 R\u016bk\u0173?<\/h3>\n<ul data-start=\"1682\" data-end=\"2302\">\n<li class=\"\" data-start=\"1682\" data-end=\"1847\">\n<p class=\"\" data-start=\"1684\" data-end=\"1847\">Ilgaam\u017ei\u0161kumas: Su dvigubo pod sistemos pagalba turite i\u0161 viso 25 000 \u012fkv\u0117pim\u0173, kas gerokai vir\u0161ija tradicini\u0173 vienkartini\u0173 elektronini\u0173 cigare\u010di\u0173 tarnavimo laik\u0105.<\/p>\n<\/li>\n<li class=\"\" data-start=\"1848\" data-end=\"1975\">\n<p class=\"\" data-start=\"1850\" data-end=\"1975\">Puikus skonis: 1.0\u03a9 tinklelio rit\u0117 u\u017etikrina nuolatin\u012f gar\u0105 ir intensyv\u0173 skon\u012f kiekvieno naudojimo metu.<\/p>\n<\/li>\n<li class=\"\" data-start=\"1976\" data-end=\"2135\">\n<p class=\"\" data-start=\"1978\" data-end=\"2135\">Vartotojui draugi\u0161ka: Nereikia papildyti ar keisti komponent\u0173 \u2013 tiesiog i\u0161pakuokite ir prad\u0117kite garinti. Idealiai tinka pradedantiesiems.<\/p>\n<\/li>\n<li class=\"\" data-start=\"2136\" data-end=\"2302\">\n<p class=\"\" data-start=\"2138\" data-end=\"2302\">Galinga baterija ir greitas \u012fkrovimas: Su 650mAh baterija ir Type-C \u012fkrovimo jungtimi visada tur\u0117site pakankamai energijos m\u0117gautis savo garinimo patirtimi.<\/p>\n<\/li>\n<\/ul>\n<p class=\"\" data-start=\"2319\" data-end=\"2574\">Bang King 25000 R\u016bk\u0173 yra ideali pasirinkimas tiems, kurie ie\u0161ko ilgaam\u017ei\u0161kumo, stabilaus skonio ir paprasto valdymo. Ji puikiai tinka kasdieniam naudojimui ir si\u016blo i\u0161skirtin\u0119 garinimo patirt\u012f, kuri ilgai i\u0161lieka.<\/p>\n<p class=\"\" data-start=\"2576\" data-end=\"2711\">Apsilankykite dabar vapingnet.de ir i\u0161bandykite Bang King 25000 \u2013 j\u016bs\u0173 nauj\u0105j\u012f partner\u012f pirmaujan\u010diam garinimo malonumui!<\/p>","protected":false},"excerpt":{"rendered":"<p>Bang King 25000 Puffs Vienkartin\u0117 elektronin\u0117 cigaret\u0117 \u2013 Galutinis 25K p\u016btimo patirties! Bang King 25000 Puffs yra auk\u0161tos galios vienkartin\u0117 elektronin\u0117 cigaret\u0117, specialiai sukurta garintojams...<\/p>","protected":false},"featured_media":6135,"template":"","meta":[],"etheme_brands":[],"product_brand":[101],"product_cat":[55,49,61],"product_tag":[],"class_list":{"0":"post-6125","1":"product","2":"type-product","3":"status-publish","4":"has-post-thumbnail","6":"product_brand-bang-king-vape","7":"product_cat-vape-25000-zuege","8":"product_cat-einweg-e-zigarette","9":"product_cat-f","11":"first","12":"instock","13":"shipping-taxable","14":"purchasable","15":"product-type-simple"},"yoast_head":"<!-- This site is optimized with the Yoast SEO plugin v26.5 - https:\/\/yoast.com\/wordpress\/plugins\/seo\/ -->\n<title>Weltweit Beliebt Strawberry Banana Bang King 25000 Puffs Jetzt Da | Vapingnet.de<\/title>\n<meta name=\"description\" content=\"Entdecke Weltweit Beliebt Strawberry Banana Bang King 25000 Puffs Jetzt Da bei vapingnet.de, \u25ba Gro\u00dfe Auswahl an Geschmacksrichtungen &amp; super g\u00fcnstig!\" \/>\n<meta name=\"robots\" content=\"index, follow, max-snippet:-1, max-image-preview:large, max-video-preview:-1\" \/>\n<link rel=\"canonical\" href=\"https:\/\/vapingnet.de\/lt\/vape\/weltweit-beliebt-strawberry-banana-bang-king-25000-puffs-jetzt-da\/\" \/>\n<meta property=\"og:locale\" content=\"lt_LT\" \/>\n<meta property=\"og:type\" content=\"article\" \/>\n<meta property=\"og:title\" content=\"Weltweit Beliebt Strawberry Banana Bang King 25000 Puffs Jetzt Da | Vapingnet.de\" \/>\n<meta property=\"og:description\" content=\"Entdecke Weltweit Beliebt Strawberry Banana Bang King 25000 Puffs Jetzt Da bei vapingnet.de, \u25ba Gro\u00dfe Auswahl an Geschmacksrichtungen &amp; super g\u00fcnstig!\" \/>\n<meta property=\"og:url\" content=\"https:\/\/vapingnet.de\/lt\/vape\/weltweit-beliebt-strawberry-banana-bang-king-25000-puffs-jetzt-da\/\" \/>\n<meta property=\"og:site_name\" content=\"Vapingnet.de\" \/>\n<meta property=\"article:publisher\" content=\"https:\/\/www.facebook.com\/vapingnetde\/\" \/>\n<meta property=\"article:modified_time\" content=\"2025-06-19T03:40:04+00:00\" \/>\n<meta property=\"og:image\" content=\"https:\/\/vapingnet.de\/wp-content\/uploads\/2025\/04\/bang-25k-vape-Strawberry-Banana.png\" \/>\n\t<meta property=\"og:image:width\" content=\"1000\" \/>\n\t<meta property=\"og:image:height\" content=\"1000\" \/>\n\t<meta property=\"og:image:type\" content=\"image\/png\" \/>\n<meta name=\"twitter:card\" content=\"summary_large_image\" \/>\n<meta name=\"twitter:label1\" content=\"Est. reading time\" \/>\n\t<meta name=\"twitter:data1\" content=\"2 minutes\" \/>\n<script type=\"application\/ld+json\" class=\"yoast-schema-graph\">{\"@context\":\"https:\/\/schema.org\",\"@graph\":[{\"@type\":\"WebPage\",\"@id\":\"https:\/\/vapingnet.de\/vape\/weltweit-beliebt-strawberry-banana-bang-king-25000-puffs-jetzt-da\/\",\"url\":\"https:\/\/vapingnet.de\/vape\/weltweit-beliebt-strawberry-banana-bang-king-25000-puffs-jetzt-da\/\",\"name\":\"Weltweit Beliebt Strawberry Banana Bang King 25000 Puffs Jetzt Da | Vapingnet.de\",\"isPartOf\":{\"@id\":\"https:\/\/vapingnet.de\/#website\"},\"primaryImageOfPage\":{\"@id\":\"https:\/\/vapingnet.de\/vape\/weltweit-beliebt-strawberry-banana-bang-king-25000-puffs-jetzt-da\/#primaryimage\"},\"image\":{\"@id\":\"https:\/\/vapingnet.de\/vape\/weltweit-beliebt-strawberry-banana-bang-king-25000-puffs-jetzt-da\/#primaryimage\"},\"thumbnailUrl\":\"https:\/\/vapingnet.de\/wp-content\/uploads\/2025\/04\/bang-25k-vape-Strawberry-Banana.png\",\"datePublished\":\"2025-04-07T02:42:14+00:00\",\"dateModified\":\"2025-06-19T03:40:04+00:00\",\"description\":\"Entdecke Weltweit Beliebt Strawberry Banana Bang King 25000 Puffs Jetzt Da bei vapingnet.de, \u25ba Gro\u00dfe Auswahl an Geschmacksrichtungen & super g\u00fcnstig!\",\"breadcrumb\":{\"@id\":\"https:\/\/vapingnet.de\/vape\/weltweit-beliebt-strawberry-banana-bang-king-25000-puffs-jetzt-da\/#breadcrumb\"},\"inLanguage\":\"lt-LT\",\"potentialAction\":[{\"@type\":\"ReadAction\",\"target\":[\"https:\/\/vapingnet.de\/vape\/weltweit-beliebt-strawberry-banana-bang-king-25000-puffs-jetzt-da\/\"]}]},{\"@type\":\"ImageObject\",\"inLanguage\":\"lt-LT\",\"@id\":\"https:\/\/vapingnet.de\/vape\/weltweit-beliebt-strawberry-banana-bang-king-25000-puffs-jetzt-da\/#primaryimage\",\"url\":\"https:\/\/vapingnet.de\/wp-content\/uploads\/2025\/04\/bang-25k-vape-Strawberry-Banana.png\",\"contentUrl\":\"https:\/\/vapingnet.de\/wp-content\/uploads\/2025\/04\/bang-25k-vape-Strawberry-Banana.png\",\"width\":1000,\"height\":1000},{\"@type\":\"BreadcrumbList\",\"@id\":\"https:\/\/vapingnet.de\/vape\/weltweit-beliebt-strawberry-banana-bang-king-25000-puffs-jetzt-da\/#breadcrumb\",\"itemListElement\":[{\"@type\":\"ListItem\",\"position\":1,\"name\":\"Home\",\"item\":\"https:\/\/vapingnet.de\/\"},{\"@type\":\"ListItem\",\"position\":2,\"name\":\"Shop\",\"item\":\"https:\/\/vapingnet.de\/vape\/\"},{\"@type\":\"ListItem\",\"position\":3,\"name\":\"Weltweit Beliebt Strawberry Banana Bang King 25000 Puffs Jetzt Da\"}]},{\"@type\":\"WebSite\",\"@id\":\"https:\/\/vapingnet.de\/#website\",\"url\":\"https:\/\/vapingnet.de\/\",\"name\":\"Vapingnet.de\",\"description\":\"\",\"publisher\":{\"@id\":\"https:\/\/vapingnet.de\/#organization\"},\"potentialAction\":[{\"@type\":\"SearchAction\",\"target\":{\"@type\":\"EntryPoint\",\"urlTemplate\":\"https:\/\/vapingnet.de\/?s={search_term_string}\"},\"query-input\":{\"@type\":\"PropertyValueSpecification\",\"valueRequired\":true,\"valueName\":\"search_term_string\"}}],\"inLanguage\":\"lt-LT\"},{\"@type\":\"Organization\",\"@id\":\"https:\/\/vapingnet.de\/#organization\",\"name\":\"Vapingnet.de\",\"url\":\"https:\/\/vapingnet.de\/\",\"logo\":{\"@type\":\"ImageObject\",\"inLanguage\":\"lt-LT\",\"@id\":\"https:\/\/vapingnet.de\/#\/schema\/logo\/image\/\",\"url\":\"https:\/\/vapingnet.de\/wp-content\/uploads\/2025\/03\/cropped-vapingnet.de_.jpg\",\"contentUrl\":\"https:\/\/vapingnet.de\/wp-content\/uploads\/2025\/03\/cropped-vapingnet.de_.jpg\",\"width\":512,\"height\":512,\"caption\":\"Vapingnet.de\"},\"image\":{\"@id\":\"https:\/\/vapingnet.de\/#\/schema\/logo\/image\/\"},\"sameAs\":[\"https:\/\/www.facebook.com\/vapingnetde\/\"]}]}<\/script>\n<!-- \/ Yoast SEO plugin. -->","yoast_head_json":{"title":"Weltweit Beliebt Strawberry Banana Bang King 25000 Puffs Jetzt Da | Vapingnet.de","description":"Entdecke Weltweit Beliebt Strawberry Banana Bang King 25000 Puffs Jetzt Da bei vapingnet.de, \u25ba Gro\u00dfe Auswahl an Geschmacksrichtungen & super g\u00fcnstig!","robots":{"index":"index","follow":"follow","max-snippet":"max-snippet:-1","max-image-preview":"max-image-preview:large","max-video-preview":"max-video-preview:-1"},"canonical":"https:\/\/vapingnet.de\/lt\/vape\/weltweit-beliebt-strawberry-banana-bang-king-25000-puffs-jetzt-da\/","og_locale":"lt_LT","og_type":"article","og_title":"Weltweit Beliebt Strawberry Banana Bang King 25000 Puffs Jetzt Da | Vapingnet.de","og_description":"Entdecke Weltweit Beliebt Strawberry Banana Bang King 25000 Puffs Jetzt Da bei vapingnet.de, \u25ba Gro\u00dfe Auswahl an Geschmacksrichtungen & super g\u00fcnstig!","og_url":"https:\/\/vapingnet.de\/lt\/vape\/weltweit-beliebt-strawberry-banana-bang-king-25000-puffs-jetzt-da\/","og_site_name":"Vapingnet.de","article_publisher":"https:\/\/www.facebook.com\/vapingnetde\/","article_modified_time":"2025-06-19T03:40:04+00:00","og_image":[{"width":1000,"height":1000,"url":"https:\/\/vapingnet.de\/wp-content\/uploads\/2025\/04\/bang-25k-vape-Strawberry-Banana.png","type":"image\/png"}],"twitter_card":"summary_large_image","twitter_misc":{"Est. reading time":"2 minutes"},"schema":{"@context":"https:\/\/schema.org","@graph":[{"@type":"WebPage","@id":"https:\/\/vapingnet.de\/vape\/weltweit-beliebt-strawberry-banana-bang-king-25000-puffs-jetzt-da\/","url":"https:\/\/vapingnet.de\/vape\/weltweit-beliebt-strawberry-banana-bang-king-25000-puffs-jetzt-da\/","name":"Weltweit Beliebt Strawberry Banana Bang King 25000 Puffs Jetzt Da | Vapingnet.de","isPartOf":{"@id":"https:\/\/vapingnet.de\/#website"},"primaryImageOfPage":{"@id":"https:\/\/vapingnet.de\/vape\/weltweit-beliebt-strawberry-banana-bang-king-25000-puffs-jetzt-da\/#primaryimage"},"image":{"@id":"https:\/\/vapingnet.de\/vape\/weltweit-beliebt-strawberry-banana-bang-king-25000-puffs-jetzt-da\/#primaryimage"},"thumbnailUrl":"https:\/\/vapingnet.de\/wp-content\/uploads\/2025\/04\/bang-25k-vape-Strawberry-Banana.png","datePublished":"2025-04-07T02:42:14+00:00","dateModified":"2025-06-19T03:40:04+00:00","description":"Entdecke Weltweit Beliebt Strawberry Banana Bang King 25000 Puffs Jetzt Da bei vapingnet.de, \u25ba Gro\u00dfe Auswahl an Geschmacksrichtungen & super g\u00fcnstig!","breadcrumb":{"@id":"https:\/\/vapingnet.de\/vape\/weltweit-beliebt-strawberry-banana-bang-king-25000-puffs-jetzt-da\/#breadcrumb"},"inLanguage":"lt-LT","potentialAction":[{"@type":"ReadAction","target":["https:\/\/vapingnet.de\/vape\/weltweit-beliebt-strawberry-banana-bang-king-25000-puffs-jetzt-da\/"]}]},{"@type":"ImageObject","inLanguage":"lt-LT","@id":"https:\/\/vapingnet.de\/vape\/weltweit-beliebt-strawberry-banana-bang-king-25000-puffs-jetzt-da\/#primaryimage","url":"https:\/\/vapingnet.de\/wp-content\/uploads\/2025\/04\/bang-25k-vape-Strawberry-Banana.png","contentUrl":"https:\/\/vapingnet.de\/wp-content\/uploads\/2025\/04\/bang-25k-vape-Strawberry-Banana.png","width":1000,"height":1000},{"@type":"BreadcrumbList","@id":"https:\/\/vapingnet.de\/vape\/weltweit-beliebt-strawberry-banana-bang-king-25000-puffs-jetzt-da\/#breadcrumb","itemListElement":[{"@type":"ListItem","position":1,"name":"Home","item":"https:\/\/vapingnet.de\/"},{"@type":"ListItem","position":2,"name":"Shop","item":"https:\/\/vapingnet.de\/vape\/"},{"@type":"ListItem","position":3,"name":"Weltweit Beliebt Strawberry Banana Bang King 25000 Puffs Jetzt Da"}]},{"@type":"WebSite","@id":"https:\/\/vapingnet.de\/#website","url":"https:\/\/vapingnet.de\/","name":"Vapingnet.de","description":"","publisher":{"@id":"https:\/\/vapingnet.de\/#organization"},"potentialAction":[{"@type":"SearchAction","target":{"@type":"EntryPoint","urlTemplate":"https:\/\/vapingnet.de\/?s={search_term_string}"},"query-input":{"@type":"PropertyValueSpecification","valueRequired":true,"valueName":"search_term_string"}}],"inLanguage":"lt-LT"},{"@type":"Organization","@id":"https:\/\/vapingnet.de\/#organization","name":"Vapingnet.de","url":"https:\/\/vapingnet.de\/","logo":{"@type":"ImageObject","inLanguage":"lt-LT","@id":"https:\/\/vapingnet.de\/#\/schema\/logo\/image\/","url":"https:\/\/vapingnet.de\/wp-content\/uploads\/2025\/03\/cropped-vapingnet.de_.jpg","contentUrl":"https:\/\/vapingnet.de\/wp-content\/uploads\/2025\/03\/cropped-vapingnet.de_.jpg","width":512,"height":512,"caption":"Vapingnet.de"},"image":{"@id":"https:\/\/vapingnet.de\/#\/schema\/logo\/image\/"},"sameAs":["https:\/\/www.facebook.com\/vapingnetde\/"]}]}},"tiered_pricing_type":"fixed","tiered_pricing_fixed_rules":{"10":"8.07","60":"7.26","110":"6.46","200":"5.65"},"tiered_pricing_product_settings":{"layout":"default","base_unit_name":{"singular":null,"plural":null},"default_variation":null},"tiered_pricing_minimum_quantity":null,"tiered_pricing_roles_data":[],"tiered_pricing_percentage_rules":[],"_links":{"self":[{"href":"https:\/\/vapingnet.de\/lt\/wp-json\/wp\/v2\/product\/6125","targetHints":{"allow":["GET"]}}],"collection":[{"href":"https:\/\/vapingnet.de\/lt\/wp-json\/wp\/v2\/product"}],"about":[{"href":"https:\/\/vapingnet.de\/lt\/wp-json\/wp\/v2\/types\/product"}],"version-history":[{"count":1,"href":"https:\/\/vapingnet.de\/lt\/wp-json\/wp\/v2\/product\/6125\/revisions"}],"predecessor-version":[{"id":6143,"href":"https:\/\/vapingnet.de\/lt\/wp-json\/wp\/v2\/product\/6125\/revisions\/6143"}],"wp:featuredmedia":[{"embeddable":true,"href":"https:\/\/vapingnet.de\/lt\/wp-json\/wp\/v2\/media\/6135"}],"wp:attachment":[{"href":"https:\/\/vapingnet.de\/lt\/wp-json\/wp\/v2\/media?parent=6125"}],"wp:term":[{"taxonomy":"brand","embeddable":true,"href":"https:\/\/vapingnet.de\/lt\/wp-json\/wp\/v2\/etheme_brands?post=6125"},{"taxonomy":"product_brand","embeddable":true,"href":"https:\/\/vapingnet.de\/lt\/wp-json\/wp\/v2\/product_brand?post=6125"},{"taxonomy":"product_cat","embeddable":true,"href":"https:\/\/vapingnet.de\/lt\/wp-json\/wp\/v2\/product_cat?post=6125"},{"taxonomy":"product_tag","embeddable":true,"href":"https:\/\/vapingnet.de\/lt\/wp-json\/wp\/v2\/product_tag?post=6125"}],"curies":[{"name":"wp","href":"https:\/\/api.w.org\/{rel}","templated":true}]}}