{"id":6126,"date":"2025-04-07T02:42:16","date_gmt":"2025-04-07T02:42:16","guid":{"rendered":"https:\/\/vapingnet.de\/?post_type=product&#038;p=6126"},"modified":"2025-06-19T03:40:03","modified_gmt":"2025-06-19T03:40:03","slug":"juicy-peach-ice-jetzt-testen-bang-king-25000-puffs-zum-toppreis","status":"publish","type":"product","link":"https:\/\/vapingnet.de\/lt\/vape\/juicy-peach-ice-jetzt-testen-bang-king-25000-puffs-zum-toppreis\/","title":{"rendered":"Sultingas persikas Ice Dabar i\u0161bandykite Bang King 25000 Puffs U\u017e geriausi\u0105 kain\u0105"},"content":{"rendered":"<h2 data-start=\"56\" data-end=\"166\">Bang King 25000 Puffs vienkartin\u0117 E-cigaret\u0117: itin ilga tarnavimo trukm\u0117 ir i\u0161skirtinis skonio poj\u016btis<\/h2>\n<p class=\"\" data-start=\"168\" data-end=\"497\">Tarp daugelio rinkoje esan\u010di\u0173 vienkartini\u0173 E-cigare\u010di\u0173 i\u0161siskiria Bang King 25000 Puffs kaip galingas produktas. Ji si\u016blo ne tik itin ilg\u0105 tarnavimo laik\u0105, bet ir turting\u0105 skon\u012f bei nepamir\u0161tam\u0105 garinimo patirt\u012f, atitinkan\u010di\u0105 \u012fvairius vartotoj\u0173 poreikius.<\/p>\n<h4 data-start=\"499\" data-end=\"526\">Ultra ilga tarnavimo trukm\u0117<\/h4>\n<p class=\"\" data-start=\"528\" data-end=\"915\">Bang King 25000 Puffs yra su dvigubo pod dizaino, kurio kiekvienas podas turi 23 ml t\u016br\u012f. Kiekvienas podas suteikia apie 12 500 \u012fkv\u0117pim\u0173, tod\u0117l viso produkto tarnavimo laikas yra 25 000 \u012fkv\u0117pim\u0173. Vartotojams, kurie da\u017enai naudoja E-cigaret\u0119, tai yra labai patogi pasirinktis, nes jie nereikia da\u017enai papildyti ar keisti.<\/p>\n<h4 data-start=\"917\" data-end=\"960\">Skirtingi nikotino stiprumai pasirinkimui<\/h4>\n<p class=\"\" data-start=\"962\" data-end=\"1357\">\u0160i vienkartin\u0117 E-cigaret\u0117 si\u016blo keturias nikotino stiprumo pasirinktis: 0%, 2%, 3% ir 5%. \u0160is pasirinkimas leid\u017eia vartotojams pasirinkti pageidaujam\u0105 stiprum\u0105, priklausomai nuo to, ar jie pereina nuo r\u016bkymo, ar ie\u0161ko stipresnio gerkl\u0117s poj\u016b\u010dio. 0% variantas yra idealus tiems, kurie nori visi\u0161kai suma\u017einti nikotino vartojim\u0105, o 5% variantas si\u016blo intensyvesn\u0119 patirt\u012f.<\/p>\n<h4 data-start=\"1359\" data-end=\"1411\">Tinklelio rit\u0117s technologija geresniam skoniui<\/h4>\n<p class=\"\" data-start=\"1413\" data-end=\"1726\">Bang King 25000 Puffs naudoja 1.0\u03a9 tinklelio rit\u0117s technologij\u0105, kuri u\u017etikrina tolygesn\u012f ir pilnesn\u012f garo generavim\u0105. Palyginti su \u012fprastomis vielos rit\u0117mis, tinklelio rit\u0117s technologija leid\u017eia pasiekti turtingesn\u012f skon\u012f ir \u0161velnesn\u012f \u012fkv\u0117pim\u0105, pakeldama garinimo patirt\u012f \u012f nauj\u0105 lyg\u012f.<\/p>\n<h4 data-start=\"1728\" data-end=\"1761\">Patogus \u012fkrovimas ir naudojimas<\/h4>\n<p class=\"\" data-start=\"1763\" data-end=\"2028\">\u012erenginys turi 650mAh akumuliatori\u0173, o modernus Type-C \u012fkrovimo jungtis leid\u017eia greitai ir paprastai \u012fkrauti. Nesvarbu, ar esate namuose, ar kelyje, galite greitai \u012fkrauti E-cigaret\u0119 ir toliau m\u0117gautis ilga naudojimo trukme.<\/p>\n<h4 data-start=\"2030\" data-end=\"2086\">\u0160vie\u017eias skonis \u2013 malonus vaisi\u0173 potyris<\/h4>\n<p class=\"\" data-start=\"2088\" data-end=\"2430\">Juicy Peach Ice skonis si\u016blo intensyv\u0173 persik\u0173 skon\u012f, derinant\u012f su gaivinan\u010dia, \u0161altu atspalviu. Kiekvienas \u012fkv\u0117pimas jau\u010diasi kaip \u0161vie\u017ei\u0173 persik\u0173 m\u0117gavimasis, o ledinis gaivumas suteikia maloni\u0105 atgaiv\u0105. \u0160is derinys puikiai tinka kar\u0161toms vasaros dienoms ar atsipalaidavusiems popiet\u0117ms.<\/p>\n<h3>Bang King 25000 Puffs privalumai<\/h3>\n<ol data-start=\"2472\" data-end=\"2963\">\n<li class=\"\" data-start=\"2472\" data-end=\"2590\">\n<p class=\"\" data-start=\"2475\" data-end=\"2590\">Be muit\u0173 pristatymas: klientai Lietuvoje gauna be muit\u0173 pristatym\u0105, kas padeda i\u0161vengti papildom\u0173 i\u0161laid\u0173.<\/p>\n<\/li>\n<li class=\"\" data-start=\"2591\" data-end=\"2753\">\n<p class=\"\" data-start=\"2594\" data-end=\"2753\">Greitas pristatymas: visi u\u017esakymai i\u0161siun\u010diami tiesiai i\u0161 m\u016bs\u0173 sand\u0117lio Lietuvoje, vidutin\u0117 pristatymo trukm\u0117 7-15 darbo dien\u0173.<\/p>\n<\/li>\n<li class=\"\" data-start=\"2754\" data-end=\"2963\">\n<p class=\"\" data-start=\"2757\" data-end=\"2963\">Puikus kainos ir kokyb\u0117s santykis: Bang King 25000 Puffs derina itin ilg\u0105 tarnavimo laik\u0105 su auk\u0161ta skonio kokybe, tod\u0117l yra puikus pasirinkimas garintojams.<\/p>\n<\/li>\n<\/ol>\n<h4>Pirkti dabar<\/h4>\n<p class=\"\" data-start=\"2983\" data-end=\"3325\">Norite i\u0161bandyti galing\u0105 Bang King 25000 Puffs patys? Apsilankykite m\u016bs\u0173 svetain\u0117je, kad u\u017esisakyti ir m\u0117gautis greitu, be muit\u0173 pristatymu. Nesvarbu, ar naudojate kasdien, ar dalijat\u0117s su draugais \u2013 \u0161i E-cigaret\u0117 yra tobula pasirinktis.<\/p>","protected":false},"excerpt":{"rendered":"<p>Bang King 25000 Puffs Einweg E-Zigarette: Ultra-lange Lebensdauer und au\u00dfergew\u00f6hnliches Geschmackserlebnis Unter den vielen Einweg E-Zigaretten auf dem Markt sticht die Bang King 25000 Puffs&#8230;<\/p>","protected":false},"featured_media":6133,"template":"","meta":[],"etheme_brands":[],"product_brand":[101],"product_cat":[55,49,61],"product_tag":[],"class_list":{"0":"post-6126","1":"product","2":"type-product","3":"status-publish","4":"has-post-thumbnail","6":"product_brand-bang-king-vape","7":"product_cat-vape-25000-zuege","8":"product_cat-einweg-e-zigarette","9":"product_cat-f","11":"first","12":"instock","13":"shipping-taxable","14":"purchasable","15":"product-type-simple"},"yoast_head":"<!-- This site is optimized with the Yoast SEO plugin v26.5 - https:\/\/yoast.com\/wordpress\/plugins\/seo\/ -->\n<title>Juicy Peach Ice Jetzt Testen Bang King 25000 Puffs Zum Toppreis | Vapingnet.de<\/title>\n<meta name=\"description\" content=\"Entdecke Juicy Peach Ice Jetzt Testen Bang King 25000 Puffs Zum Toppreis bei vapingnet.de, \u25ba Gro\u00dfe Auswahl an Geschmacksrichtungen &amp; super g\u00fcnstig!\" \/>\n<meta name=\"robots\" content=\"index, follow, max-snippet:-1, max-image-preview:large, max-video-preview:-1\" \/>\n<link rel=\"canonical\" href=\"https:\/\/vapingnet.de\/lt\/vape\/juicy-peach-ice-jetzt-testen-bang-king-25000-puffs-zum-toppreis\/\" \/>\n<meta property=\"og:locale\" content=\"lt_LT\" \/>\n<meta property=\"og:type\" content=\"article\" \/>\n<meta property=\"og:title\" content=\"Juicy Peach Ice Jetzt Testen Bang King 25000 Puffs Zum Toppreis | Vapingnet.de\" \/>\n<meta property=\"og:description\" content=\"Entdecke Juicy Peach Ice Jetzt Testen Bang King 25000 Puffs Zum Toppreis bei vapingnet.de, \u25ba Gro\u00dfe Auswahl an Geschmacksrichtungen &amp; super g\u00fcnstig!\" \/>\n<meta property=\"og:url\" content=\"https:\/\/vapingnet.de\/lt\/vape\/juicy-peach-ice-jetzt-testen-bang-king-25000-puffs-zum-toppreis\/\" \/>\n<meta property=\"og:site_name\" content=\"Vapingnet.de\" \/>\n<meta property=\"article:publisher\" content=\"https:\/\/www.facebook.com\/vapingnetde\/\" \/>\n<meta property=\"article:modified_time\" content=\"2025-06-19T03:40:03+00:00\" \/>\n<meta property=\"og:image\" content=\"https:\/\/vapingnet.de\/wp-content\/uploads\/2025\/04\/bang-25k-vape-Juicy-Peach-Ice.png\" \/>\n\t<meta property=\"og:image:width\" content=\"1000\" \/>\n\t<meta property=\"og:image:height\" content=\"1000\" \/>\n\t<meta property=\"og:image:type\" content=\"image\/png\" \/>\n<meta name=\"twitter:card\" content=\"summary_large_image\" \/>\n<meta name=\"twitter:label1\" content=\"Est. reading time\" \/>\n\t<meta name=\"twitter:data1\" content=\"3 minutes\" \/>\n<script type=\"application\/ld+json\" class=\"yoast-schema-graph\">{\"@context\":\"https:\/\/schema.org\",\"@graph\":[{\"@type\":\"WebPage\",\"@id\":\"https:\/\/vapingnet.de\/vape\/juicy-peach-ice-jetzt-testen-bang-king-25000-puffs-zum-toppreis\/\",\"url\":\"https:\/\/vapingnet.de\/vape\/juicy-peach-ice-jetzt-testen-bang-king-25000-puffs-zum-toppreis\/\",\"name\":\"Juicy Peach Ice Jetzt Testen Bang King 25000 Puffs Zum Toppreis | Vapingnet.de\",\"isPartOf\":{\"@id\":\"https:\/\/vapingnet.de\/#website\"},\"primaryImageOfPage\":{\"@id\":\"https:\/\/vapingnet.de\/vape\/juicy-peach-ice-jetzt-testen-bang-king-25000-puffs-zum-toppreis\/#primaryimage\"},\"image\":{\"@id\":\"https:\/\/vapingnet.de\/vape\/juicy-peach-ice-jetzt-testen-bang-king-25000-puffs-zum-toppreis\/#primaryimage\"},\"thumbnailUrl\":\"https:\/\/vapingnet.de\/wp-content\/uploads\/2025\/04\/bang-25k-vape-Juicy-Peach-Ice.png\",\"datePublished\":\"2025-04-07T02:42:16+00:00\",\"dateModified\":\"2025-06-19T03:40:03+00:00\",\"description\":\"Entdecke Juicy Peach Ice Jetzt Testen Bang King 25000 Puffs Zum Toppreis bei vapingnet.de, \u25ba Gro\u00dfe Auswahl an Geschmacksrichtungen & super g\u00fcnstig!\",\"breadcrumb\":{\"@id\":\"https:\/\/vapingnet.de\/vape\/juicy-peach-ice-jetzt-testen-bang-king-25000-puffs-zum-toppreis\/#breadcrumb\"},\"inLanguage\":\"lt-LT\",\"potentialAction\":[{\"@type\":\"ReadAction\",\"target\":[\"https:\/\/vapingnet.de\/vape\/juicy-peach-ice-jetzt-testen-bang-king-25000-puffs-zum-toppreis\/\"]}]},{\"@type\":\"ImageObject\",\"inLanguage\":\"lt-LT\",\"@id\":\"https:\/\/vapingnet.de\/vape\/juicy-peach-ice-jetzt-testen-bang-king-25000-puffs-zum-toppreis\/#primaryimage\",\"url\":\"https:\/\/vapingnet.de\/wp-content\/uploads\/2025\/04\/bang-25k-vape-Juicy-Peach-Ice.png\",\"contentUrl\":\"https:\/\/vapingnet.de\/wp-content\/uploads\/2025\/04\/bang-25k-vape-Juicy-Peach-Ice.png\",\"width\":1000,\"height\":1000},{\"@type\":\"BreadcrumbList\",\"@id\":\"https:\/\/vapingnet.de\/vape\/juicy-peach-ice-jetzt-testen-bang-king-25000-puffs-zum-toppreis\/#breadcrumb\",\"itemListElement\":[{\"@type\":\"ListItem\",\"position\":1,\"name\":\"Home\",\"item\":\"https:\/\/vapingnet.de\/\"},{\"@type\":\"ListItem\",\"position\":2,\"name\":\"Shop\",\"item\":\"https:\/\/vapingnet.de\/vape\/\"},{\"@type\":\"ListItem\",\"position\":3,\"name\":\"Juicy Peach Ice Jetzt Testen Bang King 25000 Puffs Zum Toppreis\"}]},{\"@type\":\"WebSite\",\"@id\":\"https:\/\/vapingnet.de\/#website\",\"url\":\"https:\/\/vapingnet.de\/\",\"name\":\"Vapingnet.de\",\"description\":\"\",\"publisher\":{\"@id\":\"https:\/\/vapingnet.de\/#organization\"},\"potentialAction\":[{\"@type\":\"SearchAction\",\"target\":{\"@type\":\"EntryPoint\",\"urlTemplate\":\"https:\/\/vapingnet.de\/?s={search_term_string}\"},\"query-input\":{\"@type\":\"PropertyValueSpecification\",\"valueRequired\":true,\"valueName\":\"search_term_string\"}}],\"inLanguage\":\"lt-LT\"},{\"@type\":\"Organization\",\"@id\":\"https:\/\/vapingnet.de\/#organization\",\"name\":\"Vapingnet.de\",\"url\":\"https:\/\/vapingnet.de\/\",\"logo\":{\"@type\":\"ImageObject\",\"inLanguage\":\"lt-LT\",\"@id\":\"https:\/\/vapingnet.de\/#\/schema\/logo\/image\/\",\"url\":\"https:\/\/vapingnet.de\/wp-content\/uploads\/2025\/03\/cropped-vapingnet.de_.jpg\",\"contentUrl\":\"https:\/\/vapingnet.de\/wp-content\/uploads\/2025\/03\/cropped-vapingnet.de_.jpg\",\"width\":512,\"height\":512,\"caption\":\"Vapingnet.de\"},\"image\":{\"@id\":\"https:\/\/vapingnet.de\/#\/schema\/logo\/image\/\"},\"sameAs\":[\"https:\/\/www.facebook.com\/vapingnetde\/\"]}]}<\/script>\n<!-- \/ Yoast SEO plugin. -->","yoast_head_json":{"title":"Juicy Peach Ice Jetzt Testen Bang King 25000 Puffs Zum Toppreis | Vapingnet.de","description":"Entdecke Juicy Peach Ice Jetzt Testen Bang King 25000 Puffs Zum Toppreis bei vapingnet.de, \u25ba Gro\u00dfe Auswahl an Geschmacksrichtungen & super g\u00fcnstig!","robots":{"index":"index","follow":"follow","max-snippet":"max-snippet:-1","max-image-preview":"max-image-preview:large","max-video-preview":"max-video-preview:-1"},"canonical":"https:\/\/vapingnet.de\/lt\/vape\/juicy-peach-ice-jetzt-testen-bang-king-25000-puffs-zum-toppreis\/","og_locale":"lt_LT","og_type":"article","og_title":"Juicy Peach Ice Jetzt Testen Bang King 25000 Puffs Zum Toppreis | Vapingnet.de","og_description":"Entdecke Juicy Peach Ice Jetzt Testen Bang King 25000 Puffs Zum Toppreis bei vapingnet.de, \u25ba Gro\u00dfe Auswahl an Geschmacksrichtungen & super g\u00fcnstig!","og_url":"https:\/\/vapingnet.de\/lt\/vape\/juicy-peach-ice-jetzt-testen-bang-king-25000-puffs-zum-toppreis\/","og_site_name":"Vapingnet.de","article_publisher":"https:\/\/www.facebook.com\/vapingnetde\/","article_modified_time":"2025-06-19T03:40:03+00:00","og_image":[{"width":1000,"height":1000,"url":"https:\/\/vapingnet.de\/wp-content\/uploads\/2025\/04\/bang-25k-vape-Juicy-Peach-Ice.png","type":"image\/png"}],"twitter_card":"summary_large_image","twitter_misc":{"Est. reading time":"3 minutes"},"schema":{"@context":"https:\/\/schema.org","@graph":[{"@type":"WebPage","@id":"https:\/\/vapingnet.de\/vape\/juicy-peach-ice-jetzt-testen-bang-king-25000-puffs-zum-toppreis\/","url":"https:\/\/vapingnet.de\/vape\/juicy-peach-ice-jetzt-testen-bang-king-25000-puffs-zum-toppreis\/","name":"Juicy Peach Ice Jetzt Testen Bang King 25000 Puffs Zum Toppreis | Vapingnet.de","isPartOf":{"@id":"https:\/\/vapingnet.de\/#website"},"primaryImageOfPage":{"@id":"https:\/\/vapingnet.de\/vape\/juicy-peach-ice-jetzt-testen-bang-king-25000-puffs-zum-toppreis\/#primaryimage"},"image":{"@id":"https:\/\/vapingnet.de\/vape\/juicy-peach-ice-jetzt-testen-bang-king-25000-puffs-zum-toppreis\/#primaryimage"},"thumbnailUrl":"https:\/\/vapingnet.de\/wp-content\/uploads\/2025\/04\/bang-25k-vape-Juicy-Peach-Ice.png","datePublished":"2025-04-07T02:42:16+00:00","dateModified":"2025-06-19T03:40:03+00:00","description":"Entdecke Juicy Peach Ice Jetzt Testen Bang King 25000 Puffs Zum Toppreis bei vapingnet.de, \u25ba Gro\u00dfe Auswahl an Geschmacksrichtungen & super g\u00fcnstig!","breadcrumb":{"@id":"https:\/\/vapingnet.de\/vape\/juicy-peach-ice-jetzt-testen-bang-king-25000-puffs-zum-toppreis\/#breadcrumb"},"inLanguage":"lt-LT","potentialAction":[{"@type":"ReadAction","target":["https:\/\/vapingnet.de\/vape\/juicy-peach-ice-jetzt-testen-bang-king-25000-puffs-zum-toppreis\/"]}]},{"@type":"ImageObject","inLanguage":"lt-LT","@id":"https:\/\/vapingnet.de\/vape\/juicy-peach-ice-jetzt-testen-bang-king-25000-puffs-zum-toppreis\/#primaryimage","url":"https:\/\/vapingnet.de\/wp-content\/uploads\/2025\/04\/bang-25k-vape-Juicy-Peach-Ice.png","contentUrl":"https:\/\/vapingnet.de\/wp-content\/uploads\/2025\/04\/bang-25k-vape-Juicy-Peach-Ice.png","width":1000,"height":1000},{"@type":"BreadcrumbList","@id":"https:\/\/vapingnet.de\/vape\/juicy-peach-ice-jetzt-testen-bang-king-25000-puffs-zum-toppreis\/#breadcrumb","itemListElement":[{"@type":"ListItem","position":1,"name":"Home","item":"https:\/\/vapingnet.de\/"},{"@type":"ListItem","position":2,"name":"Shop","item":"https:\/\/vapingnet.de\/vape\/"},{"@type":"ListItem","position":3,"name":"Juicy Peach Ice Jetzt Testen Bang King 25000 Puffs Zum Toppreis"}]},{"@type":"WebSite","@id":"https:\/\/vapingnet.de\/#website","url":"https:\/\/vapingnet.de\/","name":"Vapingnet.de","description":"","publisher":{"@id":"https:\/\/vapingnet.de\/#organization"},"potentialAction":[{"@type":"SearchAction","target":{"@type":"EntryPoint","urlTemplate":"https:\/\/vapingnet.de\/?s={search_term_string}"},"query-input":{"@type":"PropertyValueSpecification","valueRequired":true,"valueName":"search_term_string"}}],"inLanguage":"lt-LT"},{"@type":"Organization","@id":"https:\/\/vapingnet.de\/#organization","name":"Vapingnet.de","url":"https:\/\/vapingnet.de\/","logo":{"@type":"ImageObject","inLanguage":"lt-LT","@id":"https:\/\/vapingnet.de\/#\/schema\/logo\/image\/","url":"https:\/\/vapingnet.de\/wp-content\/uploads\/2025\/03\/cropped-vapingnet.de_.jpg","contentUrl":"https:\/\/vapingnet.de\/wp-content\/uploads\/2025\/03\/cropped-vapingnet.de_.jpg","width":512,"height":512,"caption":"Vapingnet.de"},"image":{"@id":"https:\/\/vapingnet.de\/#\/schema\/logo\/image\/"},"sameAs":["https:\/\/www.facebook.com\/vapingnetde\/"]}]}},"tiered_pricing_type":"fixed","tiered_pricing_fixed_rules":{"10":"8.07","60":"7.26","110":"6.46","200":"5.65"},"tiered_pricing_product_settings":{"layout":"default","base_unit_name":{"singular":null,"plural":null},"default_variation":null},"tiered_pricing_minimum_quantity":null,"tiered_pricing_roles_data":[],"tiered_pricing_percentage_rules":[],"_links":{"self":[{"href":"https:\/\/vapingnet.de\/lt\/wp-json\/wp\/v2\/product\/6126","targetHints":{"allow":["GET"]}}],"collection":[{"href":"https:\/\/vapingnet.de\/lt\/wp-json\/wp\/v2\/product"}],"about":[{"href":"https:\/\/vapingnet.de\/lt\/wp-json\/wp\/v2\/types\/product"}],"version-history":[{"count":1,"href":"https:\/\/vapingnet.de\/lt\/wp-json\/wp\/v2\/product\/6126\/revisions"}],"predecessor-version":[{"id":6142,"href":"https:\/\/vapingnet.de\/lt\/wp-json\/wp\/v2\/product\/6126\/revisions\/6142"}],"wp:featuredmedia":[{"embeddable":true,"href":"https:\/\/vapingnet.de\/lt\/wp-json\/wp\/v2\/media\/6133"}],"wp:attachment":[{"href":"https:\/\/vapingnet.de\/lt\/wp-json\/wp\/v2\/media?parent=6126"}],"wp:term":[{"taxonomy":"brand","embeddable":true,"href":"https:\/\/vapingnet.de\/lt\/wp-json\/wp\/v2\/etheme_brands?post=6126"},{"taxonomy":"product_brand","embeddable":true,"href":"https:\/\/vapingnet.de\/lt\/wp-json\/wp\/v2\/product_brand?post=6126"},{"taxonomy":"product_cat","embeddable":true,"href":"https:\/\/vapingnet.de\/lt\/wp-json\/wp\/v2\/product_cat?post=6126"},{"taxonomy":"product_tag","embeddable":true,"href":"https:\/\/vapingnet.de\/lt\/wp-json\/wp\/v2\/product_tag?post=6126"}],"curies":[{"name":"wp","href":"https:\/\/api.w.org\/{rel}","templated":true}]}}