{"id":6127,"date":"2025-04-07T02:42:17","date_gmt":"2025-04-07T02:42:17","guid":{"rendered":"https:\/\/vapingnet.de\/?post_type=product&#038;p=6127"},"modified":"2025-06-19T03:40:03","modified_gmt":"2025-06-19T03:40:03","slug":"tropical-fruit-der-hit-bei-bang-king-25000-puffs-weltweit","status":"publish","type":"product","link":"https:\/\/vapingnet.de\/lt\/vape\/tropical-fruit-der-hit-bei-bang-king-25000-puffs-weltweit\/","title":{"rendered":"Tropiniai vaisiai Hitai Bang King 25000 Puffs Pasaulin\u0117se rinkose"},"content":{"rendered":"<h2 class=\"\" data-start=\"36\" data-end=\"119\">Bang King 25000 R\u016b\u0161i\u0173 Vienkartin\u0117 Elektronin\u0117 Cigaret\u0117 \u2013 Auk\u0161\u010diausias 25K R\u016b\u0161i\u0173 Patirtis!<\/h2>\n<p class=\"\" data-start=\"121\" data-end=\"580\">Bang King 25000 R\u016b\u0161i\u0173 yra viena i\u0161 inovatyviausi\u0173 ir galingiausi\u0173 vienkartini\u0173 elektronini\u0173 cigare\u010di\u0173 rinkoje. Ji si\u016blo ne tik ne\u012ftik\u0117tinus 25 000 \u012fkv\u0117pim\u0173, bet ir puik\u0173 skon\u012f bei ilgalaik\u0119 naudojimo patirt\u012f. \u0160i elektronin\u0117 cigaret\u0117 buvo specialiai sukurta tiems, kurie vertina kokyb\u0119 ir patogum\u0105 \u2013 nesvarbu, ar esate pradedantysis, ar patyr\u0119s garintojas. M\u0117gaukis auk\u0161\u010diausia garinimo patirtimi su kiekvienu \u012fkv\u0117pimu!<\/p>\n<h3 class=\"\" data-start=\"582\" data-end=\"618\">Produkto ypatyb\u0117s ap\u017evalga<\/h3>\n<ol data-start=\"620\" data-end=\"2210\">\n<li class=\"\" data-start=\"620\" data-end=\"923\">\n<p class=\"\" data-start=\"623\" data-end=\"923\">Ilgas naudojimo laikotarpis:<br data-start=\"647\" data-end=\"650\" \/>Bang King 25000 R\u016b\u0161i\u0173 turi dvigubo pod sistemos, kur kiekvienas podas talpina 23 ml. I\u0161 viso \u012frenginys turi 46 ml talp\u0105, leid\u017eian\u010di\u0105 atlikti 25 000 \u012fkv\u0117pim\u0173. Tai u\u017etikrina \u017eymiai ilgesn\u012f naudojim\u0105 nei \u012fprastos vienkartin\u0117s elektronin\u0117s cigaret\u0117s.<\/p>\n<\/li>\n<li class=\"\" data-start=\"925\" data-end=\"1168\">\n<p class=\"\" data-start=\"928\" data-end=\"1168\">\u012evairios nikotino stiprumo galimyb\u0117s:<br data-start=\"959\" data-end=\"962\" \/>Pasirinkite jums tinkam\u0105 nikotino stiprum\u0105: 0%, 2%, 3%, 5%. Nesvarbu, ar ie\u0161kote nikotino nemokamos alternatyvos, ar stipresn\u0117s nikotino patirties, \u010dia rasite tinkam\u0105 pasirinkim\u0105.<\/p>\n<\/li>\n<li class=\"\" data-start=\"1170\" data-end=\"1445\">\n<p class=\"\" data-start=\"1173\" data-end=\"1445\">Tinklinio rit\u0117s u\u017etikrina optimal\u0173 skon\u012f:<br data-start=\"1211\" data-end=\"1214\" \/>1.0\u03a9 tinklinio rit\u0117s u\u017etikrina tolyg\u0173 garavim\u0105 ir subtil\u0173 skon\u012f, kuris daro garinim\u0105 malonia patirtimi. D\u016bmai gaminami tolygiai, o skonis visada i\u0161lieka \u0161vie\u017eias.<\/p>\n<\/li>\n<li class=\"\" data-start=\"1447\" data-end=\"1713\">\n<p class=\"\" data-start=\"1450\" data-end=\"1713\">Galingas akumuliatorius ir greitas \u012fkrovimas:<br data-start=\"1492\" data-end=\"1495\" \/>\u012erengtas 650mAh baterija, \u0161i elektronin\u0117 cigaret\u0117 u\u017etikrina ilgalaik\u012f naudojim\u0105. Su Type-C \u012fkrovimo jungtimi \u012fkrovimas vyksta greitai ir paprastai, kad niekada nepritr\u016bktum\u0117te garavimo malonumo.<\/p>\n<\/li>\n<li class=\"\" data-start=\"1715\" data-end=\"2013\">\n<p class=\"\" data-start=\"1718\" data-end=\"2013\">Tropini\u0173 vaisi\u0173 skonis:<br data-start=\"1748\" data-end=\"1751\" \/>Tropini\u0173 vaisi\u0173 skonis yra skanus mi\u0161inys i\u0161 \u012fvairi\u0173 tropini\u0173 vaisi\u0173, suteikiantis gaiv\u0173 ir egzoti\u0161k\u0105 skonio patirt\u012f. Idealiai tinka garintojams, m\u0117gstantiems vaisinius, sald\u017eius ir gaivius aromatus.<\/p>\n<\/li>\n<li class=\"\" data-start=\"2015\" data-end=\"2210\">\n<p class=\"\" data-start=\"2018\" data-end=\"2210\">Vienkartin\u0117 elektronin\u0117 cigaret\u0117:<br data-start=\"2041\" data-end=\"2044\" \/>Bang King 25000 yra vienkartin\u0117 elektronin\u0117 cigaret\u0117, nereikalaujanti prie\u017ei\u016bros. Jums nereikia papildyti ar keisti rit\u0117s. Tiesiog i\u0161pakuokite ir m\u0117gaukit\u0117s!<\/p>\n<\/li>\n<\/ol>\n<h3 class=\"\" data-start=\"2212\" data-end=\"2250\">Pristatymo ir pirkimo informacija<\/h3>\n<ul data-start=\"2252\" data-end=\"2694\">\n<li class=\"\" data-start=\"2252\" data-end=\"2389\">\n<p class=\"\" data-start=\"2254\" data-end=\"2389\">Pristatymo laikas: numatytas pristatymo laikotarpis yra 7-15 darbo dien\u0173, kad greitai gal\u0117tum\u0117te m\u0117gautis Bang King 25000.<\/p>\n<\/li>\n<li class=\"\" data-start=\"2390\" data-end=\"2505\">\n<p class=\"\" data-start=\"2392\" data-end=\"2505\">Be muitin\u0117s mokes\u010di\u0173: joki\u0173 papildom\u0173 muitin\u0117s mokes\u010di\u0173, galite m\u0117gautis savo produktu be pasl\u0117pt\u0173 i\u0161laid\u0173.<\/p>\n<\/li>\n<li class=\"\" data-start=\"2506\" data-end=\"2694\">\n<p class=\"\" data-start=\"2508\" data-end=\"2694\">Pirkite per: apsilankykite vapingnet.de, kad u\u017esakytum\u0117te greitai ir saugiai. Platforma u\u017etikrina patogi\u0105 ir skland\u017ei\u0105 pirkimo patirt\u012f.<\/p>\n<\/li>\n<\/ul>\n<h3 class=\"\" data-start=\"2696\" data-end=\"2755\">Kod\u0117l verta rinktis Bang King 25000 R\u016b\u0161i\u0173?<\/h3>\n<ul data-start=\"2757\" data-end=\"3379\">\n<li class=\"\" data-start=\"2757\" data-end=\"2923\">\n<p class=\"\" data-start=\"2759\" data-end=\"2923\">Ilgaam\u017ei\u0161kumas: su dvigubo pod sistemos pagalba galite m\u0117gautis iki 25 000 \u012fkv\u0117pim\u0173 \u2013 tai daro \u0161i\u0105 elektronin\u0119 cigaret\u0119 viena i\u0161 ilgaam\u017ei\u0161kiausi\u0173 rinkoje.<\/p>\n<\/li>\n<li class=\"\" data-start=\"2924\" data-end=\"3056\">\n<p class=\"\" data-start=\"2926\" data-end=\"3056\">Intensyvus skonis: 1.0\u03a9 tinklelio rit\u0117 u\u017etikrina tolyg\u0173 gar\u0173 kiek\u012f ir intensyv\u0173, subtil\u0173 skon\u012f kiekvieno naudojimo metu.<\/p>\n<\/li>\n<li class=\"\" data-start=\"3057\" data-end=\"3230\">\n<p class=\"\" data-start=\"3059\" data-end=\"3230\">Paprasta naudoti: D\u0117l vienkartinio dizaino jums nereikia r\u016bpintis niekuo. Tai puikus pasirinkimas tiems, kurie ie\u0161ko nesud\u0117tingos ir patogios garinimo patirties.<\/p>\n<\/li>\n<li class=\"\" data-start=\"3231\" data-end=\"3379\">\n<p class=\"\" data-start=\"3233\" data-end=\"3379\">Galingas na\u0161umas: 650mAh baterija ir Type-C \u012fkrovimo jungtis suteikia ilgalaik\u012f veikim\u0105 ir greit\u0105 \u012fkrovim\u0105.<\/p>\n<\/li>\n<\/ul>\n<h4>Dabar m\u0117gaukit\u0117s \u2013 j\u016bs\u0173 garinimo patirtis laukia!<\/h4>\n<p class=\"\" data-start=\"3434\" data-end=\"3728\">Ar pasiruo\u0161\u0119s m\u0117gautis 25 000 \u012fkv\u0117pim\u0173 tropini\u0173 vaisi\u0173 aromatais? Pasirinkite Bang King 25000 Puffs ir patirkite nepamir\u0161tam\u0105 garinimo nuotyk\u012f! Apsilankykite \u0161iandien vapingnet.de ir \u012fsigykite savo Bang King 25000 \u2013 tobulas kompanionas pirmos klas\u0117s garinimui!<\/p>","protected":false},"excerpt":{"rendered":"<p>Bang King 25000 Puffs Vienkartin\u0117 elektronin\u0117 cigaret\u0117 \u2013 Galutinis 25K p\u016btimo patirties! Bang King 25000 Puffs yra viena i\u0161 inovatyviausi\u0173 ir galingiausi\u0173 vienkartini\u0173 elektronini\u0173 cigare\u010di\u0173...<\/p>","protected":false},"featured_media":6138,"template":"","meta":[],"etheme_brands":[],"product_brand":[101],"product_cat":[55,49,61],"product_tag":[],"class_list":{"0":"post-6127","1":"product","2":"type-product","3":"status-publish","4":"has-post-thumbnail","6":"product_brand-bang-king-vape","7":"product_cat-vape-25000-zuege","8":"product_cat-einweg-e-zigarette","9":"product_cat-f","11":"first","12":"instock","13":"shipping-taxable","14":"purchasable","15":"product-type-simple"},"yoast_head":"<!-- This site is optimized with the Yoast SEO plugin v26.5 - https:\/\/yoast.com\/wordpress\/plugins\/seo\/ -->\n<title>Tropical Fruit Der Hit Bei Bang King 25000 Puffs Weltweit | Vapingnet.de<\/title>\n<meta name=\"description\" content=\"Entdecke Tropical Fruit Der Hit Bei Bang King 25000 Puffs Weltweit bei vapingnet.de, \u25ba Gro\u00dfe Auswahl an Geschmacksrichtungen &amp; super g\u00fcnstig!\" \/>\n<meta name=\"robots\" content=\"index, follow, max-snippet:-1, max-image-preview:large, max-video-preview:-1\" \/>\n<link rel=\"canonical\" href=\"https:\/\/vapingnet.de\/lt\/vape\/tropical-fruit-der-hit-bei-bang-king-25000-puffs-weltweit\/\" \/>\n<meta property=\"og:locale\" content=\"lt_LT\" \/>\n<meta property=\"og:type\" content=\"article\" \/>\n<meta property=\"og:title\" content=\"Tropical Fruit Der Hit Bei Bang King 25000 Puffs Weltweit | Vapingnet.de\" \/>\n<meta property=\"og:description\" content=\"Entdecke Tropical Fruit Der Hit Bei Bang King 25000 Puffs Weltweit bei vapingnet.de, \u25ba Gro\u00dfe Auswahl an Geschmacksrichtungen &amp; super g\u00fcnstig!\" \/>\n<meta property=\"og:url\" content=\"https:\/\/vapingnet.de\/lt\/vape\/tropical-fruit-der-hit-bei-bang-king-25000-puffs-weltweit\/\" \/>\n<meta property=\"og:site_name\" content=\"Vapingnet.de\" \/>\n<meta property=\"article:publisher\" content=\"https:\/\/www.facebook.com\/vapingnetde\/\" \/>\n<meta property=\"article:modified_time\" content=\"2025-06-19T03:40:03+00:00\" \/>\n<meta property=\"og:image\" content=\"https:\/\/vapingnet.de\/wp-content\/uploads\/2025\/04\/bang-25k-vape-Tropical-Fruit.png\" \/>\n\t<meta property=\"og:image:width\" content=\"1000\" \/>\n\t<meta property=\"og:image:height\" content=\"1000\" \/>\n\t<meta property=\"og:image:type\" content=\"image\/png\" \/>\n<meta name=\"twitter:card\" content=\"summary_large_image\" \/>\n<meta name=\"twitter:label1\" content=\"Est. reading time\" \/>\n\t<meta name=\"twitter:data1\" content=\"3 minutes\" \/>\n<script type=\"application\/ld+json\" class=\"yoast-schema-graph\">{\"@context\":\"https:\/\/schema.org\",\"@graph\":[{\"@type\":\"WebPage\",\"@id\":\"https:\/\/vapingnet.de\/vape\/tropical-fruit-der-hit-bei-bang-king-25000-puffs-weltweit\/\",\"url\":\"https:\/\/vapingnet.de\/vape\/tropical-fruit-der-hit-bei-bang-king-25000-puffs-weltweit\/\",\"name\":\"Tropical Fruit Der Hit Bei Bang King 25000 Puffs Weltweit | Vapingnet.de\",\"isPartOf\":{\"@id\":\"https:\/\/vapingnet.de\/#website\"},\"primaryImageOfPage\":{\"@id\":\"https:\/\/vapingnet.de\/vape\/tropical-fruit-der-hit-bei-bang-king-25000-puffs-weltweit\/#primaryimage\"},\"image\":{\"@id\":\"https:\/\/vapingnet.de\/vape\/tropical-fruit-der-hit-bei-bang-king-25000-puffs-weltweit\/#primaryimage\"},\"thumbnailUrl\":\"https:\/\/vapingnet.de\/wp-content\/uploads\/2025\/04\/bang-25k-vape-Tropical-Fruit.png\",\"datePublished\":\"2025-04-07T02:42:17+00:00\",\"dateModified\":\"2025-06-19T03:40:03+00:00\",\"description\":\"Entdecke Tropical Fruit Der Hit Bei Bang King 25000 Puffs Weltweit bei vapingnet.de, \u25ba Gro\u00dfe Auswahl an Geschmacksrichtungen & super g\u00fcnstig!\",\"breadcrumb\":{\"@id\":\"https:\/\/vapingnet.de\/vape\/tropical-fruit-der-hit-bei-bang-king-25000-puffs-weltweit\/#breadcrumb\"},\"inLanguage\":\"lt-LT\",\"potentialAction\":[{\"@type\":\"ReadAction\",\"target\":[\"https:\/\/vapingnet.de\/vape\/tropical-fruit-der-hit-bei-bang-king-25000-puffs-weltweit\/\"]}]},{\"@type\":\"ImageObject\",\"inLanguage\":\"lt-LT\",\"@id\":\"https:\/\/vapingnet.de\/vape\/tropical-fruit-der-hit-bei-bang-king-25000-puffs-weltweit\/#primaryimage\",\"url\":\"https:\/\/vapingnet.de\/wp-content\/uploads\/2025\/04\/bang-25k-vape-Tropical-Fruit.png\",\"contentUrl\":\"https:\/\/vapingnet.de\/wp-content\/uploads\/2025\/04\/bang-25k-vape-Tropical-Fruit.png\",\"width\":1000,\"height\":1000},{\"@type\":\"BreadcrumbList\",\"@id\":\"https:\/\/vapingnet.de\/vape\/tropical-fruit-der-hit-bei-bang-king-25000-puffs-weltweit\/#breadcrumb\",\"itemListElement\":[{\"@type\":\"ListItem\",\"position\":1,\"name\":\"Home\",\"item\":\"https:\/\/vapingnet.de\/\"},{\"@type\":\"ListItem\",\"position\":2,\"name\":\"Shop\",\"item\":\"https:\/\/vapingnet.de\/vape\/\"},{\"@type\":\"ListItem\",\"position\":3,\"name\":\"Tropical Fruit Der Hit Bei Bang King 25000 Puffs Weltweit\"}]},{\"@type\":\"WebSite\",\"@id\":\"https:\/\/vapingnet.de\/#website\",\"url\":\"https:\/\/vapingnet.de\/\",\"name\":\"Vapingnet.de\",\"description\":\"\",\"publisher\":{\"@id\":\"https:\/\/vapingnet.de\/#organization\"},\"potentialAction\":[{\"@type\":\"SearchAction\",\"target\":{\"@type\":\"EntryPoint\",\"urlTemplate\":\"https:\/\/vapingnet.de\/?s={search_term_string}\"},\"query-input\":{\"@type\":\"PropertyValueSpecification\",\"valueRequired\":true,\"valueName\":\"search_term_string\"}}],\"inLanguage\":\"lt-LT\"},{\"@type\":\"Organization\",\"@id\":\"https:\/\/vapingnet.de\/#organization\",\"name\":\"Vapingnet.de\",\"url\":\"https:\/\/vapingnet.de\/\",\"logo\":{\"@type\":\"ImageObject\",\"inLanguage\":\"lt-LT\",\"@id\":\"https:\/\/vapingnet.de\/#\/schema\/logo\/image\/\",\"url\":\"https:\/\/vapingnet.de\/wp-content\/uploads\/2025\/03\/cropped-vapingnet.de_.jpg\",\"contentUrl\":\"https:\/\/vapingnet.de\/wp-content\/uploads\/2025\/03\/cropped-vapingnet.de_.jpg\",\"width\":512,\"height\":512,\"caption\":\"Vapingnet.de\"},\"image\":{\"@id\":\"https:\/\/vapingnet.de\/#\/schema\/logo\/image\/\"},\"sameAs\":[\"https:\/\/www.facebook.com\/vapingnetde\/\"]}]}<\/script>\n<!-- \/ Yoast SEO plugin. -->","yoast_head_json":{"title":"Tropical Fruit Der Hit Bei Bang King 25000 Puffs Weltweit | Vapingnet.de","description":"Entdecke Tropical Fruit Der Hit Bei Bang King 25000 Puffs Weltweit bei vapingnet.de, \u25ba Gro\u00dfe Auswahl an Geschmacksrichtungen & super g\u00fcnstig!","robots":{"index":"index","follow":"follow","max-snippet":"max-snippet:-1","max-image-preview":"max-image-preview:large","max-video-preview":"max-video-preview:-1"},"canonical":"https:\/\/vapingnet.de\/lt\/vape\/tropical-fruit-der-hit-bei-bang-king-25000-puffs-weltweit\/","og_locale":"lt_LT","og_type":"article","og_title":"Tropical Fruit Der Hit Bei Bang King 25000 Puffs Weltweit | Vapingnet.de","og_description":"Entdecke Tropical Fruit Der Hit Bei Bang King 25000 Puffs Weltweit bei vapingnet.de, \u25ba Gro\u00dfe Auswahl an Geschmacksrichtungen & super g\u00fcnstig!","og_url":"https:\/\/vapingnet.de\/lt\/vape\/tropical-fruit-der-hit-bei-bang-king-25000-puffs-weltweit\/","og_site_name":"Vapingnet.de","article_publisher":"https:\/\/www.facebook.com\/vapingnetde\/","article_modified_time":"2025-06-19T03:40:03+00:00","og_image":[{"width":1000,"height":1000,"url":"https:\/\/vapingnet.de\/wp-content\/uploads\/2025\/04\/bang-25k-vape-Tropical-Fruit.png","type":"image\/png"}],"twitter_card":"summary_large_image","twitter_misc":{"Est. reading time":"3 minutes"},"schema":{"@context":"https:\/\/schema.org","@graph":[{"@type":"WebPage","@id":"https:\/\/vapingnet.de\/vape\/tropical-fruit-der-hit-bei-bang-king-25000-puffs-weltweit\/","url":"https:\/\/vapingnet.de\/vape\/tropical-fruit-der-hit-bei-bang-king-25000-puffs-weltweit\/","name":"Tropical Fruit Der Hit Bei Bang King 25000 Puffs Weltweit | Vapingnet.de","isPartOf":{"@id":"https:\/\/vapingnet.de\/#website"},"primaryImageOfPage":{"@id":"https:\/\/vapingnet.de\/vape\/tropical-fruit-der-hit-bei-bang-king-25000-puffs-weltweit\/#primaryimage"},"image":{"@id":"https:\/\/vapingnet.de\/vape\/tropical-fruit-der-hit-bei-bang-king-25000-puffs-weltweit\/#primaryimage"},"thumbnailUrl":"https:\/\/vapingnet.de\/wp-content\/uploads\/2025\/04\/bang-25k-vape-Tropical-Fruit.png","datePublished":"2025-04-07T02:42:17+00:00","dateModified":"2025-06-19T03:40:03+00:00","description":"Entdecke Tropical Fruit Der Hit Bei Bang King 25000 Puffs Weltweit bei vapingnet.de, \u25ba Gro\u00dfe Auswahl an Geschmacksrichtungen & super g\u00fcnstig!","breadcrumb":{"@id":"https:\/\/vapingnet.de\/vape\/tropical-fruit-der-hit-bei-bang-king-25000-puffs-weltweit\/#breadcrumb"},"inLanguage":"lt-LT","potentialAction":[{"@type":"ReadAction","target":["https:\/\/vapingnet.de\/vape\/tropical-fruit-der-hit-bei-bang-king-25000-puffs-weltweit\/"]}]},{"@type":"ImageObject","inLanguage":"lt-LT","@id":"https:\/\/vapingnet.de\/vape\/tropical-fruit-der-hit-bei-bang-king-25000-puffs-weltweit\/#primaryimage","url":"https:\/\/vapingnet.de\/wp-content\/uploads\/2025\/04\/bang-25k-vape-Tropical-Fruit.png","contentUrl":"https:\/\/vapingnet.de\/wp-content\/uploads\/2025\/04\/bang-25k-vape-Tropical-Fruit.png","width":1000,"height":1000},{"@type":"BreadcrumbList","@id":"https:\/\/vapingnet.de\/vape\/tropical-fruit-der-hit-bei-bang-king-25000-puffs-weltweit\/#breadcrumb","itemListElement":[{"@type":"ListItem","position":1,"name":"Home","item":"https:\/\/vapingnet.de\/"},{"@type":"ListItem","position":2,"name":"Shop","item":"https:\/\/vapingnet.de\/vape\/"},{"@type":"ListItem","position":3,"name":"Tropical Fruit Der Hit Bei Bang King 25000 Puffs Weltweit"}]},{"@type":"WebSite","@id":"https:\/\/vapingnet.de\/#website","url":"https:\/\/vapingnet.de\/","name":"Vapingnet.de","description":"","publisher":{"@id":"https:\/\/vapingnet.de\/#organization"},"potentialAction":[{"@type":"SearchAction","target":{"@type":"EntryPoint","urlTemplate":"https:\/\/vapingnet.de\/?s={search_term_string}"},"query-input":{"@type":"PropertyValueSpecification","valueRequired":true,"valueName":"search_term_string"}}],"inLanguage":"lt-LT"},{"@type":"Organization","@id":"https:\/\/vapingnet.de\/#organization","name":"Vapingnet.de","url":"https:\/\/vapingnet.de\/","logo":{"@type":"ImageObject","inLanguage":"lt-LT","@id":"https:\/\/vapingnet.de\/#\/schema\/logo\/image\/","url":"https:\/\/vapingnet.de\/wp-content\/uploads\/2025\/03\/cropped-vapingnet.de_.jpg","contentUrl":"https:\/\/vapingnet.de\/wp-content\/uploads\/2025\/03\/cropped-vapingnet.de_.jpg","width":512,"height":512,"caption":"Vapingnet.de"},"image":{"@id":"https:\/\/vapingnet.de\/#\/schema\/logo\/image\/"},"sameAs":["https:\/\/www.facebook.com\/vapingnetde\/"]}]}},"tiered_pricing_type":"fixed","tiered_pricing_fixed_rules":{"10":"8.07","60":"7.26","110":"6.46","200":"5.65"},"tiered_pricing_product_settings":{"layout":"default","base_unit_name":{"singular":null,"plural":null},"default_variation":null},"tiered_pricing_minimum_quantity":null,"tiered_pricing_roles_data":[],"tiered_pricing_percentage_rules":[],"_links":{"self":[{"href":"https:\/\/vapingnet.de\/lt\/wp-json\/wp\/v2\/product\/6127","targetHints":{"allow":["GET"]}}],"collection":[{"href":"https:\/\/vapingnet.de\/lt\/wp-json\/wp\/v2\/product"}],"about":[{"href":"https:\/\/vapingnet.de\/lt\/wp-json\/wp\/v2\/types\/product"}],"version-history":[{"count":1,"href":"https:\/\/vapingnet.de\/lt\/wp-json\/wp\/v2\/product\/6127\/revisions"}],"predecessor-version":[{"id":6144,"href":"https:\/\/vapingnet.de\/lt\/wp-json\/wp\/v2\/product\/6127\/revisions\/6144"}],"wp:featuredmedia":[{"embeddable":true,"href":"https:\/\/vapingnet.de\/lt\/wp-json\/wp\/v2\/media\/6138"}],"wp:attachment":[{"href":"https:\/\/vapingnet.de\/lt\/wp-json\/wp\/v2\/media?parent=6127"}],"wp:term":[{"taxonomy":"brand","embeddable":true,"href":"https:\/\/vapingnet.de\/lt\/wp-json\/wp\/v2\/etheme_brands?post=6127"},{"taxonomy":"product_brand","embeddable":true,"href":"https:\/\/vapingnet.de\/lt\/wp-json\/wp\/v2\/product_brand?post=6127"},{"taxonomy":"product_cat","embeddable":true,"href":"https:\/\/vapingnet.de\/lt\/wp-json\/wp\/v2\/product_cat?post=6127"},{"taxonomy":"product_tag","embeddable":true,"href":"https:\/\/vapingnet.de\/lt\/wp-json\/wp\/v2\/product_tag?post=6127"}],"curies":[{"name":"wp","href":"https:\/\/api.w.org\/{rel}","templated":true}]}}