{"id":6147,"date":"2025-04-07T03:45:01","date_gmt":"2025-04-07T03:45:01","guid":{"rendered":"https:\/\/vapingnet.de\/?post_type=product&#038;p=6147"},"modified":"2025-06-19T03:40:02","modified_gmt":"2025-06-19T03:40:02","slug":"weltweit-beliebt-bang-king-25000-puffs-sour-apple-ice-direktversand","status":"publish","type":"product","link":"https:\/\/vapingnet.de\/lt\/vape\/weltweit-beliebt-bang-king-25000-puffs-sour-apple-ice-direktversand\/","title":{"rendered":"Pasaulin\u0117 populiarumas Bang King 25000 Puffs Sour Apple Ice Tiesioginis pristatymas"},"content":{"rendered":"<h2 data-start=\"0\" data-end=\"91\" data-immersive-translate-walked=\"6c7c9463-19a2-45fa-8faf-1486d4e3d75c\">Nauja asortimente: Bang King 25000 p\u016btim\u0173 vienkartin\u0117 elektronin\u0117 cigaret\u0117 su Sour Apple Ice skoniu<\/h2>\n<p class=\"\" data-start=\"93\" data-end=\"357\" data-immersive-translate-walked=\"6c7c9463-19a2-45fa-8faf-1486d4e3d75c\" data-immersive-translate-paragraph=\"1\">Ie\u0161kai vienkartin\u0117s elektronin\u0117s cigaret\u0117s su ypa\u010d ilgu naudojimo laiku, puikiu skoniu ir modernia \u012franga? Tuomet nauja Bang King 25000 p\u016btim\u0173 yra b\u016btent tai, ko tau reikia \u2013 ypa\u010d gaivinan\u010dio Sour Apple Ice skonio.<\/p>\n<h4 data-start=\"359\" data-end=\"387\" data-immersive-translate-walked=\"6c7c9463-19a2-45fa-8faf-1486d4e3d75c\" data-immersive-translate-paragraph=\"1\">Prek\u0117s apra\u0161ymas ap\u017evalgai:<\/h4>\n<ul data-start=\"389\" data-end=\"770\">\n<li class=\"\" data-start=\"389\" data-end=\"422\">\n<p class=\"\" data-start=\"391\" data-end=\"422\" data-immersive-translate-walked=\"6c7c9463-19a2-45fa-8faf-1486d4e3d75c\" data-immersive-translate-paragraph=\"1\">Modelis: Bang King 25000 P\u016b\u010di\u0173<\/p>\n<\/li>\n<li class=\"\" data-start=\"423\" data-end=\"452\">\n<p class=\"\" data-start=\"425\" data-end=\"452\" data-immersive-translate-walked=\"6c7c9463-19a2-45fa-8faf-1486d4e3d75c\" data-immersive-translate-paragraph=\"1\">Skonis: Sour Apple Ice<\/p>\n<\/li>\n<li class=\"\" data-start=\"453\" data-end=\"508\">\n<p class=\"\" data-start=\"455\" data-end=\"508\" data-immersive-translate-walked=\"6c7c9463-19a2-45fa-8faf-1486d4e3d75c\" data-immersive-translate-paragraph=\"1\">Nikotino druska: galima pasirinkti tarp 0, %, 2, %, 3, % ir 5, %<\/p>\n<\/li>\n<li class=\"\" data-start=\"509\" data-end=\"546\">\n<p class=\"\" data-start=\"511\" data-end=\"546\" data-immersive-translate-walked=\"6c7c9463-19a2-45fa-8faf-1486d4e3d75c\" data-immersive-translate-paragraph=\"1\">Vamzdelio galvut\u0117: 1.0 Ohm tinklelis<\/p>\n<\/li>\n<li class=\"\" data-start=\"547\" data-end=\"594\">\n<p class=\"\" data-start=\"549\" data-end=\"594\" data-immersive-translate-walked=\"6c7c9463-19a2-45fa-8faf-1486d4e3d75c\" data-immersive-translate-paragraph=\"1\">Skys\u010dio talpa: Dviguba pod sistema su 23 ml + 23 ml<\/p>\n<\/li>\n<li class=\"\" data-start=\"595\" data-end=\"629\">\n<p class=\"\" data-start=\"597\" data-end=\"629\" data-immersive-translate-walked=\"6c7c9463-19a2-45fa-8faf-1486d4e3d75c\" data-immersive-translate-paragraph=\"1\">Akumuliatorius: 650 mAh, \u012fkraunamas<\/p>\n<\/li>\n<li class=\"\" data-start=\"630\" data-end=\"654\">\n<p class=\"\" data-start=\"632\" data-end=\"654\" data-immersive-translate-walked=\"6c7c9463-19a2-45fa-8faf-1486d4e3d75c\" data-immersive-translate-paragraph=\"1\">\u012ekrovimo jungtis: Tipo-C<\/p>\n<\/li>\n<li class=\"\" data-start=\"655\" data-end=\"682\">\n<p class=\"\" data-start=\"657\" data-end=\"682\" data-immersive-translate-walked=\"6c7c9463-19a2-45fa-8faf-1486d4e3d75c\" data-immersive-translate-paragraph=\"1\">Tipas: Vienkartin\u0117 elektronin\u0117 cigaret\u0117<\/p>\n<\/li>\n<li class=\"\" data-start=\"683\" data-end=\"712\">\n<p class=\"\" data-start=\"685\" data-end=\"712\" data-immersive-translate-walked=\"6c7c9463-19a2-45fa-8faf-1486d4e3d75c\" data-immersive-translate-paragraph=\"1\">Pristatymo laikas: 7\u201315 darbo dien\u0173<\/p>\n<\/li>\n<li class=\"\" data-start=\"713\" data-end=\"745\">\n<p class=\"\" data-start=\"715\" data-end=\"745\" data-immersive-translate-walked=\"6c7c9463-19a2-45fa-8faf-1486d4e3d75c\" data-immersive-translate-paragraph=\"1\">Prana\u0161umas: nemokamas pristatymas<\/p>\n<\/li>\n<li class=\"\" data-start=\"746\" data-end=\"770\">\n<p class=\"\" data-start=\"748\" data-end=\"770\" data-immersive-translate-walked=\"6c7c9463-19a2-45fa-8faf-1486d4e3d75c\" data-immersive-translate-paragraph=\"1\">Tinklalapis: vapingnet.de<\/p>\n<\/li>\n<\/ul>\n<h3 data-start=\"772\" data-end=\"794\" data-immersive-translate-walked=\"6c7c9463-19a2-45fa-8faf-1486d4e3d75c\" data-immersive-translate-paragraph=\"1\">Kod\u0117l Bang King 25000?<\/h3>\n<ol data-start=\"796\" data-end=\"1880\">\n<li class=\"\" data-start=\"796\" data-end=\"1026\">\n<p class=\"\" data-start=\"799\" data-end=\"1026\" data-immersive-translate-walked=\"6c7c9463-19a2-45fa-8faf-1486d4e3d75c\">Ypa\u010d ilgas naudojimo laikas<br data-start=\"828\" data-end=\"831\" \/>Bang King turi du podus, kurie leid\u017eia iki 12 500 \u012fkv\u0117pim\u0173 kiekvienas. I\u0161 viso gauni iki <a href=\"https:\/\/vapingnet.de\/lt\/k\/vape-25000-zuege\/\" target=\"_blank\" rel=\"noopener\"><strong>25 000 \u012fkv\u0117pim\u0173<\/strong> <\/a>\u2013 idealiai tinka naudotojams, kurie renkasi ilgaam\u017e\u012f sprendim\u0105.<\/p>\n<\/li>\n<li class=\"\" data-start=\"1028\" data-end=\"1246\">\n<p class=\"\" data-start=\"1031\" data-end=\"1246\" data-immersive-translate-walked=\"6c7c9463-19a2-45fa-8faf-1486d4e3d75c\">Lankst\u016bs nikotino stiprumai<br data-start=\"1054\" data-end=\"1057\" \/>Su keturiomis skirtingomis nikotino koncentracijomis nuo 0, % iki 5, %, galite pasirinkti b\u016btent t\u0105 stiprum\u0105, kuris atitinka j\u016bs\u0173 vartojimo \u012fpro\u010dius \u2013 nesvarbu, ar esate pradedantysis, ar jau patyr\u0119s.<\/p>\n<\/li>\n<li class=\"\" data-start=\"1248\" data-end=\"1448\">\n<p class=\"\" data-start=\"1251\" data-end=\"1448\" data-immersive-translate-walked=\"6c7c9463-19a2-45fa-8faf-1486d4e3d75c\">Tinklelio rit\u0117s technologija intensyvesniam skoniui<br data-start=\"1299\" data-end=\"1302\" \/>1.0 Ohm tinklelio rit\u0117 u\u017etikrina tolyg\u0173 skys\u010dio garavim\u0105 ir intensyv\u0173, \u0161veln\u0173 gar\u0105. Kiekvienas \u012fkv\u0117pimas yra skanus ir malonus.<\/p>\n<\/li>\n<li class=\"\" data-start=\"1450\" data-end=\"1651\">\n<p class=\"\" data-start=\"1453\" data-end=\"1651\" data-immersive-translate-walked=\"6c7c9463-19a2-45fa-8faf-1486d4e3d75c\">Greitas \u012fkrovimas su Tipo-C jungtimi<br data-start=\"1491\" data-end=\"1494\" \/>D\u0117l integruoto 650 mAh akumuliatoriaus ir modernios Tipo-C \u012fkrovimo funkcijos elektronin\u0117 cigaret\u0117 greitai v\u0117l paruo\u0161ta naudoti \u2013 patogu keliaujant ir kasdien\u0117je veikloje.<\/p>\n<\/li>\n<li class=\"\" data-start=\"1653\" data-end=\"1880\">\n<p class=\"\" data-start=\"1656\" data-end=\"1880\">Skonio patirtis Sour Apple Ice<br data-start=\"1689\" data-end=\"1692\" \/>Gaivi kombinacija i\u0161 r\u016bg\u0161taus obuolio ir \u0161alto gaivumo. \u0160is skonis pa\u017eadina poj\u016b\u010dius ir u\u017etikrina maloni\u0105 garinimo patirt\u012f \u2013 idealiai tinka vaisini\u0173 skoni\u0173 m\u0117g\u0117jams.<\/p>\n<\/li>\n<\/ol>\n<h4 data-start=\"1882\" data-end=\"1902\">Pristatymas ir privalumai<\/h4>\n<p class=\"\" data-start=\"1904\" data-end=\"2046\">U\u017esakymas vykdomas muitais neapmokestintas ir siun\u010diama tiesiai i\u0161 m\u016bs\u0173 sand\u0117lio Deutschland. \u012eprastas pristatymo laikas yra nuo 7 iki 15 darbo dien\u0173.<\/p>\n<p class=\"\" data-start=\"2048\" data-end=\"2063\">U\u017esisakyti dabar<\/p>\n<p class=\"\" data-start=\"2065\" data-end=\"2181\">Jei norite patys i\u0161bandyti \u0161i\u0105 galing\u0105 ir skani\u0105 vienkartin\u0119 elektronin\u0119 cigaret\u0119, apsilankykite m\u016bs\u0173 svetain\u0117je:<\/p>\n<p class=\"\" data-start=\"2183\" data-end=\"2195\">vapingnet.de<\/p>\n<p class=\"\" data-start=\"2197\" data-end=\"2389\">Bang King 25000 Puffs sujungia stipri\u0105 gali\u0105, auk\u0161t\u0105 kokyb\u0119 ir skan\u0173 skon\u012f viename produkte. Puikiai tinka visiems, kurie vertina patikim\u0105 technik\u0105 ir unikal\u0173 garinim\u0105.<\/p>","protected":false},"excerpt":{"rendered":"<p>Nauja asortimente: Bang King 25000 Puffs Vienkartin\u0117 elektronin\u0117 cigaret\u0117 su sour apple ice skoniu Ie\u0161kote vienkartin\u0117s elektronin\u0117s cigaret\u0117s su ypa\u010d ilgu naudojimo laiku ir puikiu skoniu...<\/p>","protected":false},"featured_media":6134,"template":"","meta":[],"etheme_brands":[],"product_brand":[101],"product_cat":[55,49,61],"product_tag":[],"class_list":{"0":"post-6147","1":"product","2":"type-product","3":"status-publish","4":"has-post-thumbnail","6":"product_brand-bang-king-vape","7":"product_cat-vape-25000-zuege","8":"product_cat-einweg-e-zigarette","9":"product_cat-f","11":"first","12":"instock","13":"shipping-taxable","14":"purchasable","15":"product-type-simple"},"yoast_head":"<!-- This site is optimized with the Yoast SEO plugin v26.5 - https:\/\/yoast.com\/wordpress\/plugins\/seo\/ -->\n<title>Weltweit Beliebt Bang King 25000 Puffs Sour Apple Ice Direktversand | Vapingnet.de<\/title>\n<meta name=\"description\" content=\"Entdecke Weltweit Beliebt Bang King 25000 Puffs Sour Apple Ice Direktversand bei vapingnet.de, \u25ba Gro\u00dfe Auswahl an Geschmacksrichtungen &amp; super g\u00fcnstig!\" \/>\n<meta name=\"robots\" content=\"index, follow, max-snippet:-1, max-image-preview:large, max-video-preview:-1\" \/>\n<link rel=\"canonical\" href=\"https:\/\/vapingnet.de\/lt\/vape\/weltweit-beliebt-bang-king-25000-puffs-sour-apple-ice-direktversand\/\" \/>\n<meta property=\"og:locale\" content=\"lt_LT\" \/>\n<meta property=\"og:type\" content=\"article\" \/>\n<meta property=\"og:title\" content=\"Weltweit Beliebt Bang King 25000 Puffs Sour Apple Ice Direktversand | Vapingnet.de\" \/>\n<meta property=\"og:description\" content=\"Entdecke Weltweit Beliebt Bang King 25000 Puffs Sour Apple Ice Direktversand bei vapingnet.de, \u25ba Gro\u00dfe Auswahl an Geschmacksrichtungen &amp; super g\u00fcnstig!\" \/>\n<meta property=\"og:url\" content=\"https:\/\/vapingnet.de\/lt\/vape\/weltweit-beliebt-bang-king-25000-puffs-sour-apple-ice-direktversand\/\" \/>\n<meta property=\"og:site_name\" content=\"Vapingnet.de\" \/>\n<meta property=\"article:publisher\" content=\"https:\/\/www.facebook.com\/vapingnetde\/\" \/>\n<meta property=\"article:modified_time\" content=\"2025-06-19T03:40:02+00:00\" \/>\n<meta property=\"og:image\" content=\"https:\/\/vapingnet.de\/wp-content\/uploads\/2025\/04\/bang-25k-vape-Sour-Apple-Ice.png\" \/>\n\t<meta property=\"og:image:width\" content=\"1000\" \/>\n\t<meta property=\"og:image:height\" content=\"1000\" \/>\n\t<meta property=\"og:image:type\" content=\"image\/png\" \/>\n<meta name=\"twitter:card\" content=\"summary_large_image\" \/>\n<meta name=\"twitter:label1\" content=\"Est. reading time\" \/>\n\t<meta name=\"twitter:data1\" content=\"3 minutes\" \/>\n<script type=\"application\/ld+json\" class=\"yoast-schema-graph\">{\"@context\":\"https:\/\/schema.org\",\"@graph\":[{\"@type\":\"WebPage\",\"@id\":\"https:\/\/vapingnet.de\/vape\/weltweit-beliebt-bang-king-25000-puffs-sour-apple-ice-direktversand\/\",\"url\":\"https:\/\/vapingnet.de\/vape\/weltweit-beliebt-bang-king-25000-puffs-sour-apple-ice-direktversand\/\",\"name\":\"Weltweit Beliebt Bang King 25000 Puffs Sour Apple Ice Direktversand | Vapingnet.de\",\"isPartOf\":{\"@id\":\"https:\/\/vapingnet.de\/#website\"},\"primaryImageOfPage\":{\"@id\":\"https:\/\/vapingnet.de\/vape\/weltweit-beliebt-bang-king-25000-puffs-sour-apple-ice-direktversand\/#primaryimage\"},\"image\":{\"@id\":\"https:\/\/vapingnet.de\/vape\/weltweit-beliebt-bang-king-25000-puffs-sour-apple-ice-direktversand\/#primaryimage\"},\"thumbnailUrl\":\"https:\/\/vapingnet.de\/wp-content\/uploads\/2025\/04\/bang-25k-vape-Sour-Apple-Ice.png\",\"datePublished\":\"2025-04-07T03:45:01+00:00\",\"dateModified\":\"2025-06-19T03:40:02+00:00\",\"description\":\"Entdecke Weltweit Beliebt Bang King 25000 Puffs Sour Apple Ice Direktversand bei vapingnet.de, \u25ba Gro\u00dfe Auswahl an Geschmacksrichtungen & super g\u00fcnstig!\",\"breadcrumb\":{\"@id\":\"https:\/\/vapingnet.de\/vape\/weltweit-beliebt-bang-king-25000-puffs-sour-apple-ice-direktversand\/#breadcrumb\"},\"inLanguage\":\"lt-LT\",\"potentialAction\":[{\"@type\":\"ReadAction\",\"target\":[\"https:\/\/vapingnet.de\/vape\/weltweit-beliebt-bang-king-25000-puffs-sour-apple-ice-direktversand\/\"]}]},{\"@type\":\"ImageObject\",\"inLanguage\":\"lt-LT\",\"@id\":\"https:\/\/vapingnet.de\/vape\/weltweit-beliebt-bang-king-25000-puffs-sour-apple-ice-direktversand\/#primaryimage\",\"url\":\"https:\/\/vapingnet.de\/wp-content\/uploads\/2025\/04\/bang-25k-vape-Sour-Apple-Ice.png\",\"contentUrl\":\"https:\/\/vapingnet.de\/wp-content\/uploads\/2025\/04\/bang-25k-vape-Sour-Apple-Ice.png\",\"width\":1000,\"height\":1000},{\"@type\":\"BreadcrumbList\",\"@id\":\"https:\/\/vapingnet.de\/vape\/weltweit-beliebt-bang-king-25000-puffs-sour-apple-ice-direktversand\/#breadcrumb\",\"itemListElement\":[{\"@type\":\"ListItem\",\"position\":1,\"name\":\"Home\",\"item\":\"https:\/\/vapingnet.de\/\"},{\"@type\":\"ListItem\",\"position\":2,\"name\":\"Shop\",\"item\":\"https:\/\/vapingnet.de\/vape\/\"},{\"@type\":\"ListItem\",\"position\":3,\"name\":\"Weltweit Beliebt Bang King 25000 Puffs Sour Apple Ice Direktversand\"}]},{\"@type\":\"WebSite\",\"@id\":\"https:\/\/vapingnet.de\/#website\",\"url\":\"https:\/\/vapingnet.de\/\",\"name\":\"Vapingnet.de\",\"description\":\"\",\"publisher\":{\"@id\":\"https:\/\/vapingnet.de\/#organization\"},\"potentialAction\":[{\"@type\":\"SearchAction\",\"target\":{\"@type\":\"EntryPoint\",\"urlTemplate\":\"https:\/\/vapingnet.de\/?s={search_term_string}\"},\"query-input\":{\"@type\":\"PropertyValueSpecification\",\"valueRequired\":true,\"valueName\":\"search_term_string\"}}],\"inLanguage\":\"lt-LT\"},{\"@type\":\"Organization\",\"@id\":\"https:\/\/vapingnet.de\/#organization\",\"name\":\"Vapingnet.de\",\"url\":\"https:\/\/vapingnet.de\/\",\"logo\":{\"@type\":\"ImageObject\",\"inLanguage\":\"lt-LT\",\"@id\":\"https:\/\/vapingnet.de\/#\/schema\/logo\/image\/\",\"url\":\"https:\/\/vapingnet.de\/wp-content\/uploads\/2025\/03\/cropped-vapingnet.de_.jpg\",\"contentUrl\":\"https:\/\/vapingnet.de\/wp-content\/uploads\/2025\/03\/cropped-vapingnet.de_.jpg\",\"width\":512,\"height\":512,\"caption\":\"Vapingnet.de\"},\"image\":{\"@id\":\"https:\/\/vapingnet.de\/#\/schema\/logo\/image\/\"},\"sameAs\":[\"https:\/\/www.facebook.com\/vapingnetde\/\"]}]}<\/script>\n<!-- \/ Yoast SEO plugin. -->","yoast_head_json":{"title":"Weltweit Beliebt Bang King 25000 Puffs Sour Apple Ice Direktversand | Vapingnet.de","description":"Entdecke Weltweit Beliebt Bang King 25000 Puffs Sour Apple Ice Direktversand bei vapingnet.de, \u25ba Gro\u00dfe Auswahl an Geschmacksrichtungen & super g\u00fcnstig!","robots":{"index":"index","follow":"follow","max-snippet":"max-snippet:-1","max-image-preview":"max-image-preview:large","max-video-preview":"max-video-preview:-1"},"canonical":"https:\/\/vapingnet.de\/lt\/vape\/weltweit-beliebt-bang-king-25000-puffs-sour-apple-ice-direktversand\/","og_locale":"lt_LT","og_type":"article","og_title":"Weltweit Beliebt Bang King 25000 Puffs Sour Apple Ice Direktversand | Vapingnet.de","og_description":"Entdecke Weltweit Beliebt Bang King 25000 Puffs Sour Apple Ice Direktversand bei vapingnet.de, \u25ba Gro\u00dfe Auswahl an Geschmacksrichtungen & super g\u00fcnstig!","og_url":"https:\/\/vapingnet.de\/lt\/vape\/weltweit-beliebt-bang-king-25000-puffs-sour-apple-ice-direktversand\/","og_site_name":"Vapingnet.de","article_publisher":"https:\/\/www.facebook.com\/vapingnetde\/","article_modified_time":"2025-06-19T03:40:02+00:00","og_image":[{"width":1000,"height":1000,"url":"https:\/\/vapingnet.de\/wp-content\/uploads\/2025\/04\/bang-25k-vape-Sour-Apple-Ice.png","type":"image\/png"}],"twitter_card":"summary_large_image","twitter_misc":{"Est. reading time":"3 minutes"},"schema":{"@context":"https:\/\/schema.org","@graph":[{"@type":"WebPage","@id":"https:\/\/vapingnet.de\/vape\/weltweit-beliebt-bang-king-25000-puffs-sour-apple-ice-direktversand\/","url":"https:\/\/vapingnet.de\/vape\/weltweit-beliebt-bang-king-25000-puffs-sour-apple-ice-direktversand\/","name":"Weltweit Beliebt Bang King 25000 Puffs Sour Apple Ice Direktversand | Vapingnet.de","isPartOf":{"@id":"https:\/\/vapingnet.de\/#website"},"primaryImageOfPage":{"@id":"https:\/\/vapingnet.de\/vape\/weltweit-beliebt-bang-king-25000-puffs-sour-apple-ice-direktversand\/#primaryimage"},"image":{"@id":"https:\/\/vapingnet.de\/vape\/weltweit-beliebt-bang-king-25000-puffs-sour-apple-ice-direktversand\/#primaryimage"},"thumbnailUrl":"https:\/\/vapingnet.de\/wp-content\/uploads\/2025\/04\/bang-25k-vape-Sour-Apple-Ice.png","datePublished":"2025-04-07T03:45:01+00:00","dateModified":"2025-06-19T03:40:02+00:00","description":"Entdecke Weltweit Beliebt Bang King 25000 Puffs Sour Apple Ice Direktversand bei vapingnet.de, \u25ba Gro\u00dfe Auswahl an Geschmacksrichtungen & super g\u00fcnstig!","breadcrumb":{"@id":"https:\/\/vapingnet.de\/vape\/weltweit-beliebt-bang-king-25000-puffs-sour-apple-ice-direktversand\/#breadcrumb"},"inLanguage":"lt-LT","potentialAction":[{"@type":"ReadAction","target":["https:\/\/vapingnet.de\/vape\/weltweit-beliebt-bang-king-25000-puffs-sour-apple-ice-direktversand\/"]}]},{"@type":"ImageObject","inLanguage":"lt-LT","@id":"https:\/\/vapingnet.de\/vape\/weltweit-beliebt-bang-king-25000-puffs-sour-apple-ice-direktversand\/#primaryimage","url":"https:\/\/vapingnet.de\/wp-content\/uploads\/2025\/04\/bang-25k-vape-Sour-Apple-Ice.png","contentUrl":"https:\/\/vapingnet.de\/wp-content\/uploads\/2025\/04\/bang-25k-vape-Sour-Apple-Ice.png","width":1000,"height":1000},{"@type":"BreadcrumbList","@id":"https:\/\/vapingnet.de\/vape\/weltweit-beliebt-bang-king-25000-puffs-sour-apple-ice-direktversand\/#breadcrumb","itemListElement":[{"@type":"ListItem","position":1,"name":"Home","item":"https:\/\/vapingnet.de\/"},{"@type":"ListItem","position":2,"name":"Shop","item":"https:\/\/vapingnet.de\/vape\/"},{"@type":"ListItem","position":3,"name":"Weltweit Beliebt Bang King 25000 Puffs Sour Apple Ice Direktversand"}]},{"@type":"WebSite","@id":"https:\/\/vapingnet.de\/#website","url":"https:\/\/vapingnet.de\/","name":"Vapingnet.de","description":"","publisher":{"@id":"https:\/\/vapingnet.de\/#organization"},"potentialAction":[{"@type":"SearchAction","target":{"@type":"EntryPoint","urlTemplate":"https:\/\/vapingnet.de\/?s={search_term_string}"},"query-input":{"@type":"PropertyValueSpecification","valueRequired":true,"valueName":"search_term_string"}}],"inLanguage":"lt-LT"},{"@type":"Organization","@id":"https:\/\/vapingnet.de\/#organization","name":"Vapingnet.de","url":"https:\/\/vapingnet.de\/","logo":{"@type":"ImageObject","inLanguage":"lt-LT","@id":"https:\/\/vapingnet.de\/#\/schema\/logo\/image\/","url":"https:\/\/vapingnet.de\/wp-content\/uploads\/2025\/03\/cropped-vapingnet.de_.jpg","contentUrl":"https:\/\/vapingnet.de\/wp-content\/uploads\/2025\/03\/cropped-vapingnet.de_.jpg","width":512,"height":512,"caption":"Vapingnet.de"},"image":{"@id":"https:\/\/vapingnet.de\/#\/schema\/logo\/image\/"},"sameAs":["https:\/\/www.facebook.com\/vapingnetde\/"]}]}},"tiered_pricing_type":"fixed","tiered_pricing_fixed_rules":{"10":"8.07","60":"7.26","110":"6.46","200":"5.65"},"tiered_pricing_product_settings":{"layout":"default","base_unit_name":{"singular":null,"plural":null},"default_variation":null},"tiered_pricing_minimum_quantity":null,"tiered_pricing_roles_data":[],"tiered_pricing_percentage_rules":[],"_links":{"self":[{"href":"https:\/\/vapingnet.de\/lt\/wp-json\/wp\/v2\/product\/6147","targetHints":{"allow":["GET"]}}],"collection":[{"href":"https:\/\/vapingnet.de\/lt\/wp-json\/wp\/v2\/product"}],"about":[{"href":"https:\/\/vapingnet.de\/lt\/wp-json\/wp\/v2\/types\/product"}],"version-history":[{"count":3,"href":"https:\/\/vapingnet.de\/lt\/wp-json\/wp\/v2\/product\/6147\/revisions"}],"predecessor-version":[{"id":6157,"href":"https:\/\/vapingnet.de\/lt\/wp-json\/wp\/v2\/product\/6147\/revisions\/6157"}],"wp:featuredmedia":[{"embeddable":true,"href":"https:\/\/vapingnet.de\/lt\/wp-json\/wp\/v2\/media\/6134"}],"wp:attachment":[{"href":"https:\/\/vapingnet.de\/lt\/wp-json\/wp\/v2\/media?parent=6147"}],"wp:term":[{"taxonomy":"brand","embeddable":true,"href":"https:\/\/vapingnet.de\/lt\/wp-json\/wp\/v2\/etheme_brands?post=6147"},{"taxonomy":"product_brand","embeddable":true,"href":"https:\/\/vapingnet.de\/lt\/wp-json\/wp\/v2\/product_brand?post=6147"},{"taxonomy":"product_cat","embeddable":true,"href":"https:\/\/vapingnet.de\/lt\/wp-json\/wp\/v2\/product_cat?post=6147"},{"taxonomy":"product_tag","embeddable":true,"href":"https:\/\/vapingnet.de\/lt\/wp-json\/wp\/v2\/product_tag?post=6147"}],"curies":[{"name":"wp","href":"https:\/\/api.w.org\/{rel}","templated":true}]}}