{"id":6149,"date":"2025-04-07T03:45:04","date_gmt":"2025-04-07T03:45:04","guid":{"rendered":"https:\/\/vapingnet.de\/?post_type=product&#038;p=6149"},"modified":"2025-06-19T03:40:01","modified_gmt":"2025-06-19T03:40:01","slug":"bang-king-25000-puffs-cherry-bomb-beliebter-vape-zum-bestpreis","status":"publish","type":"product","link":"https:\/\/vapingnet.de\/lt\/vape\/bang-king-25000-puffs-cherry-bomb-beliebter-vape-zum-bestpreis\/","title":{"rendered":"Bang King 25000 Puffs Cherry Bomb Populiarus Vape U\u017e geriausi\u0105 kain\u0105"},"content":{"rendered":"<h2 data-start=\"0\" data-end=\"96\">Atrask nauj\u0105 skon\u012f: Bang King 25000 p\u016btim\u0173 vienkartin\u0117 elektronin\u0117 cigaret\u0117 \u2013 Cherry Bomb ap\u017evalga<\/h2>\n<p class=\"\" data-start=\"98\" data-end=\"485\">Jei ie\u0161kote vienkartin\u0117s elektronin\u0117s cigaret\u0117s su ypa\u010d ilgu veikimo laiku ir intensyviu vaisi\u0173 skoniu, tada Bang King 25000 p\u016btim\u0173 su Cherry Bomb skoniu yra b\u016btent tai, ko jums reikia. \u0160is modelis sukurtas vartotojams, kurie vertina stipr\u0173 skon\u012f ir paprast\u0105 naudojim\u0105 \u2013 be kei\u010diam\u0173 pod\u0173 ir su \u012fkraunamu akumuliatoriumi.<\/p>\n<h3 data-start=\"487\" data-end=\"508\">Techniniai duomenys:<\/h3>\n<ul data-start=\"510\" data-end=\"953\">\n<li class=\"\" data-start=\"510\" data-end=\"547\">\n<p class=\"\" data-start=\"512\" data-end=\"547\">Modelis: Bang King 25000 P\u016b\u010di\u0173<\/p>\n<\/li>\n<li class=\"\" data-start=\"548\" data-end=\"578\">\n<p class=\"\" data-start=\"550\" data-end=\"578\">Skonis: Cherry Bomb<\/p>\n<\/li>\n<li class=\"\" data-start=\"579\" data-end=\"635\">\n<p class=\"\" data-start=\"581\" data-end=\"635\">Nikotino druska: pasirenkama tarp 0 %, 2 %, 3 %, 5 %<\/p>\n<\/li>\n<li class=\"\" data-start=\"636\" data-end=\"673\">\n<p class=\"\" data-start=\"638\" data-end=\"673\">Vamzdelis: 1,0 Ohm tinklelio rit\u0117<\/p>\n<\/li>\n<li class=\"\" data-start=\"674\" data-end=\"750\">\n<p class=\"\" data-start=\"676\" data-end=\"750\">Skys\u010dio t\u016bris: Dvigubo pod\u0173 sistema, po 23 ml (i\u0161 viso apie 25 000 p\u016btim\u0173)<\/p>\n<\/li>\n<li class=\"\" data-start=\"751\" data-end=\"789\">\n<p class=\"\" data-start=\"753\" data-end=\"789\">Akumuliatorius: 650 mAh, \u012fkraunamas<\/p>\n<\/li>\n<li class=\"\" data-start=\"790\" data-end=\"818\">\n<p class=\"\" data-start=\"792\" data-end=\"818\">\u012ekrovimo jungtis: Tipo-C<\/p>\n<\/li>\n<li class=\"\" data-start=\"819\" data-end=\"857\">\n<p class=\"\" data-start=\"821\" data-end=\"857\">Produkto tipas: Vienkartin\u0117 elektronin\u0117 cigaret\u0117<\/p>\n<\/li>\n<li class=\"\" data-start=\"858\" data-end=\"891\">\n<p class=\"\" data-start=\"860\" data-end=\"891\">Pristatymo laikas: 7\u201315 darbo dien\u0173<\/p>\n<\/li>\n<li class=\"\" data-start=\"892\" data-end=\"928\">\n<p class=\"\" data-start=\"894\" data-end=\"928\">Prana\u0161umas: Be muit\u0173 pristatymas<\/p>\n<\/li>\n<li class=\"\" data-start=\"929\" data-end=\"953\">\n<p class=\"\" data-start=\"931\" data-end=\"953\">Parduotuv\u0117: vapingnet.de<\/p>\n<\/li>\n<\/ul>\n<h3 data-start=\"955\" data-end=\"978\">Produkto akcentai:<\/h3>\n<p class=\"\" data-start=\"980\" data-end=\"1307\">Intensyvus vaisi\u0173 skonis su sprogstamu efektu<br data-start=\"1026\" data-end=\"1029\" \/>Skonis <em data-start=\"1043\" data-end=\"1056\">Vy\u0161nin\u0117 sprogstamoji med\u017eiaga<\/em> \u012ftikinamai perteikia stiprius vy\u0161ni\u0173 aromatus su sald\u017eia nata. Kiekvienas \u012fkv\u0117pimas yra intensyvus ir primena vaisin\u012f sprogim\u0105 burnoje \u2013 idealiai tinka vaporiams, m\u0117gstantiems ry\u0161kius skonius. Puikiai tinka atsipalaidavimui po piet\u0173 ar vakare.<\/p>\n<p class=\"\" data-start=\"1309\" data-end=\"1581\">Dvi didel\u0117s pod\u0173 talpos ilgesniam naudojimui<br data-start=\"1351\" data-end=\"1354\" \/>Skirtingai nuo \u012fprast\u0173 vienkartini\u0173 \u012frengini\u0173, Bang King si\u016blo dvigubo pod\u0173 sistem\u0105 su po 23 ml skys\u010dio. I\u0161 viso \u012frenginys leid\u017eia iki 25 000 p\u016btim\u0173 \u2013 pakankamai kelioms savait\u0117ms be papildymo ar keitimo.<\/p>\n<p class=\"\" data-start=\"1583\" data-end=\"1809\">Tinklelio rit\u0117s technologija \u0161velniam garui<br data-start=\"1626\" data-end=\"1629\" \/>D\u0117l 1,0 Ohm tinklelio rit\u0117s skystis tolygiai i\u0161garinamas. Tai u\u017etikrina \u0161veln\u0173, aromating\u0105 gar\u0105 kiekvieno naudojimo metu ir pakelia skonio patirt\u012f \u012f nauj\u0105 lyg\u012f.<\/p>\n<p class=\"\" data-start=\"1811\" data-end=\"2033\">Greitas \u012fkrovimas nesustabdytam garinimui<br data-start=\"1866\" data-end=\"1869\" \/>Su integruotu 650 mAh akumuliatoriumi ir moderniu Tipo-C jungtimi galite greitai \u012fkrauti Bang King ir be pertrauk\u0173 toliau garinti \u2013 paprasta ir efektyvu.<\/p>\n<p class=\"\" data-start=\"2035\" data-end=\"2246\">Be muit\u0173 ir greitas pristatymas<br data-start=\"2069\" data-end=\"2072\" \/>Visi u\u017esakymai siun\u010diami tiesiai i\u0161 m\u016bs\u0173 sand\u0117lio Lietuvoje \u2013 be muit\u0173 mokes\u010di\u0173 ar pasl\u0117pt\u0173 i\u0161laid\u0173. Pristatymo laikas paprastai sudaro 7 iki 15 darbo dien\u0173.<\/p>\n<p class=\"\" data-start=\"2035\" data-end=\"2246\">Bang King 25000 Puffs Cherry Bomb sujungia didel\u012f talpum\u0105, intensyv\u0173 skon\u012f ir lankst\u0173 nikotino pasirinkim\u0105 viename galingame vienkartiniame \u012frenginyje. Nesvarbu, ar esate patyr\u0119s garintojas, ar smalsus pradedantysis \u2013 \u0161is modelis si\u016blo pirmos klas\u0117s garavimo patirt\u012f.<\/p>\n<p class=\"\" data-start=\"2522\" data-end=\"2611\">Dabar prieinama vapingnet.de \u2013 pasinaudokite sprogstamu Cherry Bomb skoniu.<\/p>","protected":false},"excerpt":{"rendered":"<p>Atraskite nauj\u0105 skon\u012f: Bang King 25000 Puffs Vienkartin\u0117 elektronin\u0117 cigaret\u0117 \u2013 Cherry Bomb testas Jei ie\u0161kote vienkartin\u0117s elektronin\u0117s cigaret\u0117s su...<\/p>","protected":false},"featured_media":6131,"template":"","meta":[],"etheme_brands":[],"product_brand":[101],"product_cat":[55,49,61],"product_tag":[],"class_list":{"0":"post-6149","1":"product","2":"type-product","3":"status-publish","4":"has-post-thumbnail","6":"product_brand-bang-king-vape","7":"product_cat-vape-25000-zuege","8":"product_cat-einweg-e-zigarette","9":"product_cat-f","11":"first","12":"instock","13":"shipping-taxable","14":"purchasable","15":"product-type-simple"},"yoast_head":"<!-- This site is optimized with the Yoast SEO plugin v26.5 - https:\/\/yoast.com\/wordpress\/plugins\/seo\/ -->\n<title>Bang King 25000 Puffs Cherry Bomb Beliebter Vape Zum Bestpreis | Vapingnet.de<\/title>\n<meta name=\"description\" content=\"Entdecke Bang King 25000 Puffs Cherry Bomb Beliebter Vape Zum Bestpreis bei vapingnet.de, \u25ba Gro\u00dfe Auswahl an Geschmacksrichtungen &amp; super g\u00fcnstig!\" \/>\n<meta name=\"robots\" content=\"index, follow, max-snippet:-1, max-image-preview:large, max-video-preview:-1\" \/>\n<link rel=\"canonical\" href=\"https:\/\/vapingnet.de\/lt\/vape\/bang-king-25000-puffs-cherry-bomb-beliebter-vape-zum-bestpreis\/\" \/>\n<meta property=\"og:locale\" content=\"lt_LT\" \/>\n<meta property=\"og:type\" content=\"article\" \/>\n<meta property=\"og:title\" content=\"Bang King 25000 Puffs Cherry Bomb Beliebter Vape Zum Bestpreis | Vapingnet.de\" \/>\n<meta property=\"og:description\" content=\"Entdecke Bang King 25000 Puffs Cherry Bomb Beliebter Vape Zum Bestpreis bei vapingnet.de, \u25ba Gro\u00dfe Auswahl an Geschmacksrichtungen &amp; super g\u00fcnstig!\" \/>\n<meta property=\"og:url\" content=\"https:\/\/vapingnet.de\/lt\/vape\/bang-king-25000-puffs-cherry-bomb-beliebter-vape-zum-bestpreis\/\" \/>\n<meta property=\"og:site_name\" content=\"Vapingnet.de\" \/>\n<meta property=\"article:publisher\" content=\"https:\/\/www.facebook.com\/vapingnetde\/\" \/>\n<meta property=\"article:modified_time\" content=\"2025-06-19T03:40:01+00:00\" \/>\n<meta property=\"og:image\" content=\"https:\/\/vapingnet.de\/wp-content\/uploads\/2025\/04\/bang-25k-vape-Cherry-Bomb.png\" \/>\n\t<meta property=\"og:image:width\" content=\"1000\" \/>\n\t<meta property=\"og:image:height\" content=\"1000\" \/>\n\t<meta property=\"og:image:type\" content=\"image\/png\" \/>\n<meta name=\"twitter:card\" content=\"summary_large_image\" \/>\n<meta name=\"twitter:label1\" content=\"Est. reading time\" \/>\n\t<meta name=\"twitter:data1\" content=\"3 minutes\" \/>\n<script type=\"application\/ld+json\" class=\"yoast-schema-graph\">{\"@context\":\"https:\/\/schema.org\",\"@graph\":[{\"@type\":\"WebPage\",\"@id\":\"https:\/\/vapingnet.de\/vape\/bang-king-25000-puffs-cherry-bomb-beliebter-vape-zum-bestpreis\/\",\"url\":\"https:\/\/vapingnet.de\/vape\/bang-king-25000-puffs-cherry-bomb-beliebter-vape-zum-bestpreis\/\",\"name\":\"Bang King 25000 Puffs Cherry Bomb Beliebter Vape Zum Bestpreis | Vapingnet.de\",\"isPartOf\":{\"@id\":\"https:\/\/vapingnet.de\/#website\"},\"primaryImageOfPage\":{\"@id\":\"https:\/\/vapingnet.de\/vape\/bang-king-25000-puffs-cherry-bomb-beliebter-vape-zum-bestpreis\/#primaryimage\"},\"image\":{\"@id\":\"https:\/\/vapingnet.de\/vape\/bang-king-25000-puffs-cherry-bomb-beliebter-vape-zum-bestpreis\/#primaryimage\"},\"thumbnailUrl\":\"https:\/\/vapingnet.de\/wp-content\/uploads\/2025\/04\/bang-25k-vape-Cherry-Bomb.png\",\"datePublished\":\"2025-04-07T03:45:04+00:00\",\"dateModified\":\"2025-06-19T03:40:01+00:00\",\"description\":\"Entdecke Bang King 25000 Puffs Cherry Bomb Beliebter Vape Zum Bestpreis bei vapingnet.de, \u25ba Gro\u00dfe Auswahl an Geschmacksrichtungen & super g\u00fcnstig!\",\"breadcrumb\":{\"@id\":\"https:\/\/vapingnet.de\/vape\/bang-king-25000-puffs-cherry-bomb-beliebter-vape-zum-bestpreis\/#breadcrumb\"},\"inLanguage\":\"lt-LT\",\"potentialAction\":[{\"@type\":\"ReadAction\",\"target\":[\"https:\/\/vapingnet.de\/vape\/bang-king-25000-puffs-cherry-bomb-beliebter-vape-zum-bestpreis\/\"]}]},{\"@type\":\"ImageObject\",\"inLanguage\":\"lt-LT\",\"@id\":\"https:\/\/vapingnet.de\/vape\/bang-king-25000-puffs-cherry-bomb-beliebter-vape-zum-bestpreis\/#primaryimage\",\"url\":\"https:\/\/vapingnet.de\/wp-content\/uploads\/2025\/04\/bang-25k-vape-Cherry-Bomb.png\",\"contentUrl\":\"https:\/\/vapingnet.de\/wp-content\/uploads\/2025\/04\/bang-25k-vape-Cherry-Bomb.png\",\"width\":1000,\"height\":1000},{\"@type\":\"BreadcrumbList\",\"@id\":\"https:\/\/vapingnet.de\/vape\/bang-king-25000-puffs-cherry-bomb-beliebter-vape-zum-bestpreis\/#breadcrumb\",\"itemListElement\":[{\"@type\":\"ListItem\",\"position\":1,\"name\":\"Home\",\"item\":\"https:\/\/vapingnet.de\/\"},{\"@type\":\"ListItem\",\"position\":2,\"name\":\"Shop\",\"item\":\"https:\/\/vapingnet.de\/vape\/\"},{\"@type\":\"ListItem\",\"position\":3,\"name\":\"Bang King 25000 Puffs Cherry Bomb Beliebter Vape Zum Bestpreis\"}]},{\"@type\":\"WebSite\",\"@id\":\"https:\/\/vapingnet.de\/#website\",\"url\":\"https:\/\/vapingnet.de\/\",\"name\":\"Vapingnet.de\",\"description\":\"\",\"publisher\":{\"@id\":\"https:\/\/vapingnet.de\/#organization\"},\"potentialAction\":[{\"@type\":\"SearchAction\",\"target\":{\"@type\":\"EntryPoint\",\"urlTemplate\":\"https:\/\/vapingnet.de\/?s={search_term_string}\"},\"query-input\":{\"@type\":\"PropertyValueSpecification\",\"valueRequired\":true,\"valueName\":\"search_term_string\"}}],\"inLanguage\":\"lt-LT\"},{\"@type\":\"Organization\",\"@id\":\"https:\/\/vapingnet.de\/#organization\",\"name\":\"Vapingnet.de\",\"url\":\"https:\/\/vapingnet.de\/\",\"logo\":{\"@type\":\"ImageObject\",\"inLanguage\":\"lt-LT\",\"@id\":\"https:\/\/vapingnet.de\/#\/schema\/logo\/image\/\",\"url\":\"https:\/\/vapingnet.de\/wp-content\/uploads\/2025\/03\/cropped-vapingnet.de_.jpg\",\"contentUrl\":\"https:\/\/vapingnet.de\/wp-content\/uploads\/2025\/03\/cropped-vapingnet.de_.jpg\",\"width\":512,\"height\":512,\"caption\":\"Vapingnet.de\"},\"image\":{\"@id\":\"https:\/\/vapingnet.de\/#\/schema\/logo\/image\/\"},\"sameAs\":[\"https:\/\/www.facebook.com\/vapingnetde\/\"]}]}<\/script>\n<!-- \/ Yoast SEO plugin. -->","yoast_head_json":{"title":"Bang King 25000 Puffs Cherry Bomb Beliebter Vape Zum Bestpreis | Vapingnet.de","description":"Entdecke Bang King 25000 Puffs Cherry Bomb Beliebter Vape Zum Bestpreis bei vapingnet.de, \u25ba Gro\u00dfe Auswahl an Geschmacksrichtungen & super g\u00fcnstig!","robots":{"index":"index","follow":"follow","max-snippet":"max-snippet:-1","max-image-preview":"max-image-preview:large","max-video-preview":"max-video-preview:-1"},"canonical":"https:\/\/vapingnet.de\/lt\/vape\/bang-king-25000-puffs-cherry-bomb-beliebter-vape-zum-bestpreis\/","og_locale":"lt_LT","og_type":"article","og_title":"Bang King 25000 Puffs Cherry Bomb Beliebter Vape Zum Bestpreis | Vapingnet.de","og_description":"Entdecke Bang King 25000 Puffs Cherry Bomb Beliebter Vape Zum Bestpreis bei vapingnet.de, \u25ba Gro\u00dfe Auswahl an Geschmacksrichtungen & super g\u00fcnstig!","og_url":"https:\/\/vapingnet.de\/lt\/vape\/bang-king-25000-puffs-cherry-bomb-beliebter-vape-zum-bestpreis\/","og_site_name":"Vapingnet.de","article_publisher":"https:\/\/www.facebook.com\/vapingnetde\/","article_modified_time":"2025-06-19T03:40:01+00:00","og_image":[{"width":1000,"height":1000,"url":"https:\/\/vapingnet.de\/wp-content\/uploads\/2025\/04\/bang-25k-vape-Cherry-Bomb.png","type":"image\/png"}],"twitter_card":"summary_large_image","twitter_misc":{"Est. reading time":"3 minutes"},"schema":{"@context":"https:\/\/schema.org","@graph":[{"@type":"WebPage","@id":"https:\/\/vapingnet.de\/vape\/bang-king-25000-puffs-cherry-bomb-beliebter-vape-zum-bestpreis\/","url":"https:\/\/vapingnet.de\/vape\/bang-king-25000-puffs-cherry-bomb-beliebter-vape-zum-bestpreis\/","name":"Bang King 25000 Puffs Cherry Bomb Beliebter Vape Zum Bestpreis | Vapingnet.de","isPartOf":{"@id":"https:\/\/vapingnet.de\/#website"},"primaryImageOfPage":{"@id":"https:\/\/vapingnet.de\/vape\/bang-king-25000-puffs-cherry-bomb-beliebter-vape-zum-bestpreis\/#primaryimage"},"image":{"@id":"https:\/\/vapingnet.de\/vape\/bang-king-25000-puffs-cherry-bomb-beliebter-vape-zum-bestpreis\/#primaryimage"},"thumbnailUrl":"https:\/\/vapingnet.de\/wp-content\/uploads\/2025\/04\/bang-25k-vape-Cherry-Bomb.png","datePublished":"2025-04-07T03:45:04+00:00","dateModified":"2025-06-19T03:40:01+00:00","description":"Entdecke Bang King 25000 Puffs Cherry Bomb Beliebter Vape Zum Bestpreis bei vapingnet.de, \u25ba Gro\u00dfe Auswahl an Geschmacksrichtungen & super g\u00fcnstig!","breadcrumb":{"@id":"https:\/\/vapingnet.de\/vape\/bang-king-25000-puffs-cherry-bomb-beliebter-vape-zum-bestpreis\/#breadcrumb"},"inLanguage":"lt-LT","potentialAction":[{"@type":"ReadAction","target":["https:\/\/vapingnet.de\/vape\/bang-king-25000-puffs-cherry-bomb-beliebter-vape-zum-bestpreis\/"]}]},{"@type":"ImageObject","inLanguage":"lt-LT","@id":"https:\/\/vapingnet.de\/vape\/bang-king-25000-puffs-cherry-bomb-beliebter-vape-zum-bestpreis\/#primaryimage","url":"https:\/\/vapingnet.de\/wp-content\/uploads\/2025\/04\/bang-25k-vape-Cherry-Bomb.png","contentUrl":"https:\/\/vapingnet.de\/wp-content\/uploads\/2025\/04\/bang-25k-vape-Cherry-Bomb.png","width":1000,"height":1000},{"@type":"BreadcrumbList","@id":"https:\/\/vapingnet.de\/vape\/bang-king-25000-puffs-cherry-bomb-beliebter-vape-zum-bestpreis\/#breadcrumb","itemListElement":[{"@type":"ListItem","position":1,"name":"Home","item":"https:\/\/vapingnet.de\/"},{"@type":"ListItem","position":2,"name":"Shop","item":"https:\/\/vapingnet.de\/vape\/"},{"@type":"ListItem","position":3,"name":"Bang King 25000 Puffs Cherry Bomb Beliebter Vape Zum Bestpreis"}]},{"@type":"WebSite","@id":"https:\/\/vapingnet.de\/#website","url":"https:\/\/vapingnet.de\/","name":"Vapingnet.de","description":"","publisher":{"@id":"https:\/\/vapingnet.de\/#organization"},"potentialAction":[{"@type":"SearchAction","target":{"@type":"EntryPoint","urlTemplate":"https:\/\/vapingnet.de\/?s={search_term_string}"},"query-input":{"@type":"PropertyValueSpecification","valueRequired":true,"valueName":"search_term_string"}}],"inLanguage":"lt-LT"},{"@type":"Organization","@id":"https:\/\/vapingnet.de\/#organization","name":"Vapingnet.de","url":"https:\/\/vapingnet.de\/","logo":{"@type":"ImageObject","inLanguage":"lt-LT","@id":"https:\/\/vapingnet.de\/#\/schema\/logo\/image\/","url":"https:\/\/vapingnet.de\/wp-content\/uploads\/2025\/03\/cropped-vapingnet.de_.jpg","contentUrl":"https:\/\/vapingnet.de\/wp-content\/uploads\/2025\/03\/cropped-vapingnet.de_.jpg","width":512,"height":512,"caption":"Vapingnet.de"},"image":{"@id":"https:\/\/vapingnet.de\/#\/schema\/logo\/image\/"},"sameAs":["https:\/\/www.facebook.com\/vapingnetde\/"]}]}},"tiered_pricing_type":"fixed","tiered_pricing_fixed_rules":{"10":"8.07","60":"7.26","110":"6.46","200":"5.65"},"tiered_pricing_product_settings":{"layout":"default","base_unit_name":{"singular":null,"plural":null},"default_variation":null},"tiered_pricing_minimum_quantity":null,"tiered_pricing_roles_data":[],"tiered_pricing_percentage_rules":[],"_links":{"self":[{"href":"https:\/\/vapingnet.de\/lt\/wp-json\/wp\/v2\/product\/6149","targetHints":{"allow":["GET"]}}],"collection":[{"href":"https:\/\/vapingnet.de\/lt\/wp-json\/wp\/v2\/product"}],"about":[{"href":"https:\/\/vapingnet.de\/lt\/wp-json\/wp\/v2\/types\/product"}],"version-history":[{"count":3,"href":"https:\/\/vapingnet.de\/lt\/wp-json\/wp\/v2\/product\/6149\/revisions"}],"predecessor-version":[{"id":6163,"href":"https:\/\/vapingnet.de\/lt\/wp-json\/wp\/v2\/product\/6149\/revisions\/6163"}],"wp:featuredmedia":[{"embeddable":true,"href":"https:\/\/vapingnet.de\/lt\/wp-json\/wp\/v2\/media\/6131"}],"wp:attachment":[{"href":"https:\/\/vapingnet.de\/lt\/wp-json\/wp\/v2\/media?parent=6149"}],"wp:term":[{"taxonomy":"brand","embeddable":true,"href":"https:\/\/vapingnet.de\/lt\/wp-json\/wp\/v2\/etheme_brands?post=6149"},{"taxonomy":"product_brand","embeddable":true,"href":"https:\/\/vapingnet.de\/lt\/wp-json\/wp\/v2\/product_brand?post=6149"},{"taxonomy":"product_cat","embeddable":true,"href":"https:\/\/vapingnet.de\/lt\/wp-json\/wp\/v2\/product_cat?post=6149"},{"taxonomy":"product_tag","embeddable":true,"href":"https:\/\/vapingnet.de\/lt\/wp-json\/wp\/v2\/product_tag?post=6149"}],"curies":[{"name":"wp","href":"https:\/\/api.w.org\/{rel}","templated":true}]}}