{"id":6150,"date":"2025-04-07T03:45:05","date_gmt":"2025-04-07T03:45:05","guid":{"rendered":"https:\/\/vapingnet.de\/?post_type=product&#038;p=6150"},"modified":"2025-06-19T03:40:01","modified_gmt":"2025-06-19T03:40:01","slug":"bang-king-25000-puffs-triple-berry-ice-top-geschmack-keine-zollgebuehren","status":"publish","type":"product","link":"https:\/\/vapingnet.de\/lt\/vape\/bang-king-25000-puffs-triple-berry-ice-top-geschmack-keine-zollgebuehren\/","title":{"rendered":"Bang King 25000 Puffs Triple Berry Ice Top skonis Be muito mokes\u010di\u0173"},"content":{"rendered":"<h2 data-start=\"0\" data-end=\"73\">Bang King 25000 P\u016b\u010di\u0173 Vienkartin\u0117 Elektronin\u0117 Putojimo Vape \u2013 Triple Berry Ice Skonis<\/h2>\n<p class=\"\" data-start=\"75\" data-end=\"428\">Elektronini\u0173 cigare\u010di\u0173 m\u0117g\u0117jams tai yra svajon\u0117 rasti kokybi\u0161k\u0105, ilgai tarnaujan\u010di\u0105 ir turtingo skonio \u012frengin\u012f. Naujasis Bang King 25000 P\u016b\u010di\u0173 su skoniu Triple Berry Ice (Trij\u0173 uog\u0173 ledas) suteikia unikal\u0173 garinimo patirt\u012f, kuri atitinka visas j\u016bs\u0173 skonio, patogumo ir na\u0161umo reikalavimus.<\/p>\n<h4 data-start=\"430\" data-end=\"451\">Produkto ap\u017evalga:<\/h4>\n<ul data-start=\"453\" data-end=\"931\">\n<li class=\"\" data-start=\"453\" data-end=\"490\">\n<p class=\"\" data-start=\"455\" data-end=\"490\">Modelis: Bang King 25000 P\u016b\u010di\u0173<\/p>\n<\/li>\n<li class=\"\" data-start=\"491\" data-end=\"549\">\n<p class=\"\" data-start=\"493\" data-end=\"549\">Skonis: Triple Berry Ice (Trij\u0173 uog\u0173 ledas)<\/p>\n<\/li>\n<li class=\"\" data-start=\"550\" data-end=\"600\">\n<p class=\"\" data-start=\"552\" data-end=\"600\">Nikotino druskos koncentracija: 0%, 2%, 3%, 5%<\/p>\n<\/li>\n<li class=\"\" data-start=\"601\" data-end=\"635\">\n<p class=\"\" data-start=\"603\" data-end=\"635\">Garintuvas: 1,0\u03a9 Tinklinis Rit\u0117<\/p>\n<\/li>\n<li class=\"\" data-start=\"636\" data-end=\"715\">\n<p class=\"\" data-start=\"638\" data-end=\"715\">Skys\u010dio talpa: 23ml + 23ml (du podai, kiekvienas podas suteikia 12 500 \u012fkv\u0117pim\u0173)<\/p>\n<\/li>\n<li class=\"\" data-start=\"716\" data-end=\"740\">\n<p class=\"\" data-start=\"718\" data-end=\"740\">Baterija: 650mAh<\/p>\n<\/li>\n<li class=\"\" data-start=\"741\" data-end=\"770\">\n<p class=\"\" data-start=\"743\" data-end=\"770\">\u012ekrovimo jungtis: Type-C<\/p>\n<\/li>\n<li class=\"\" data-start=\"771\" data-end=\"809\">\n<p class=\"\" data-start=\"773\" data-end=\"809\">Produkto tipas: Vienkartin\u0117 elektronin\u0117 cigaret\u0117<\/p>\n<\/li>\n<li class=\"\" data-start=\"810\" data-end=\"843\">\n<p class=\"\" data-start=\"812\" data-end=\"843\">Pristatymo laikas: 7-15 darbo dien\u0173<\/p>\n<\/li>\n<li class=\"\" data-start=\"844\" data-end=\"880\">\n<p class=\"\" data-start=\"846\" data-end=\"880\">Prana\u0161umas: Be muit\u0173 pristatymas<\/p>\n<\/li>\n<li class=\"\" data-start=\"881\" data-end=\"931\">\n<p class=\"\" data-start=\"883\" data-end=\"931\">Pirkti: vapingnet.de<\/p>\n<\/li>\n<\/ul>\n<h4 data-start=\"933\" data-end=\"956\">Produkto akcentai:<\/h4>\n<p class=\"\" data-start=\"958\" data-end=\"1398\">1. Triple Berry Ice skonis \u2013 \u0161vie\u017eias ir gaivus<br data-start=\"1016\" data-end=\"1019\" \/>Triple Berry Ice skonis jungia keli\u0173 uog\u0173 saldum\u0105 su gaiviu, lediniu v\u0117sos efektu. Kiekvienas \u012fkv\u0117pimas suteikia intensyvi\u0105 vaisi\u0173 patirt\u012f su maloniu gaivumu \u2013 tobulas kar\u0161toms vasaros dienoms ar atsipalaidavimo akimirkoms. \u0160i vaisi\u0173 skonio ir \u0161alto gaivumo kombinacija yra b\u016btina visiems, kurie ie\u0161ko intensyvios skonio patirties.<\/p>\n<p class=\"\" data-start=\"1400\" data-end=\"1744\">2. Ilgas naudojimo laikas visai dienai<br data-start=\"1445\" data-end=\"1448\" \/>Bang King 25000 P\u016b\u010di\u0173 turi dviej\u0173 pod\u0173 dizain\u0105, kur kiekvienas podas talpina 23 ml skys\u010dio, taigi bendras skys\u010dio kiekis yra 46 ml. Tai rei\u0161kia, kad galite m\u0117gautis iki 25 000 \u012fkv\u0117pim\u0173 \u2013 idealiai tinka naudotojams, kurie nenori da\u017enai papildyti ar keisti podus.<\/p>\n<p class=\"\" data-start=\"1746\" data-end=\"2086\">3. Tinklin\u0117s Rit\u0117s technologija \u0161velniam garinimui<br data-start=\"1804\" data-end=\"1807\" \/>Naudojant 1,0\u03a9 tinklin\u0117s rit\u0117s technologij\u0105, skystis tolygiai garinamas, u\u017etikrinant \u0161veln\u0173 ir vienod\u0105 gar\u0105. Tai rei\u0161kia geresn\u012f skonio patirt\u012f ir maloni\u0105 garo gamyb\u0105 \u2013 tobulai tiems, kurie vertina auk\u0161tos kokyb\u0117s technik\u0105.<\/p>\n<p class=\"\" data-start=\"2088\" data-end=\"2340\">4. Type-C greitas \u012fkrovimas nuolatiniam garinimui<br data-start=\"2144\" data-end=\"2147\" \/>650mAh akumuliatorius \u012fkraunamas per Type-C jungt\u012f, u\u017etikrinan\u010di\u0105 greit\u0105 \u012fkrovim\u0105. Taip gal\u0117site greitai v\u0117l naudoti elektronin\u0119 cigaret\u0119 ir be problem\u0173 naudotis ja keliaudami.<\/p>\n<h3>Kod\u0117l verta rinktis Bang King 25000 R\u016b\u0161i\u0173?<\/h3>\n<p class=\"\" data-start=\"2676\" data-end=\"3040\">Jei ie\u0161kote ilgaam\u017e\u0117s, galingos elektronin\u0117s cigaret\u0117s, kuri suteikt\u0173 intensyvi\u0105 skonio patirt\u012f, tada Bang King 25000 Puffs su Triple Berry Ice yra b\u016btent tai, ko jums reikia. Ji jungia ilg\u0105 tarnavimo laik\u0105, \u012fvairias nikotino galimybes ir puiki\u0105 technologij\u0105, tod\u0117l yra puikus pasirinkimas visiems vapotojams.<\/p>\n<h4 data-start=\"3042\" data-end=\"3095\">Dabar pirkti ir m\u0117gautis galutine patirtimi<\/h4>\n<p class=\"\" data-start=\"3097\" data-end=\"3323\">Apsilankykite dabar vapingnet.de, kad \u012fsigytum\u0117te Bang King 25000 Puffs ir i\u0161bandytum\u0117te unikal\u0173 Triple Berry Ice skon\u012f \u2013 gaivi\u0105 ir vaising\u0105 vapingo patirt\u012f, kurios negalima praleisti!<\/p>","protected":false},"excerpt":{"rendered":"<p>Bang King 25000 Puffs Vienkartin\u0117 elektronin\u0117 cigaret\u0117 \u2013 Triple Berry Ice skonis Elektronini\u0173 cigare\u010di\u0173 m\u0117g\u0117jams tai yra svajon\u0117 tur\u0117ti auk\u0161tos kokyb\u0117s, ilgalaik\u012f ir skon\u012f turting\u0105 \u012frengin\u012f...<\/p>","protected":false},"featured_media":6137,"template":"","meta":[],"etheme_brands":[],"product_brand":[101],"product_cat":[55,49,61],"product_tag":[],"class_list":{"0":"post-6150","1":"product","2":"type-product","3":"status-publish","4":"has-post-thumbnail","6":"product_brand-bang-king-vape","7":"product_cat-vape-25000-zuege","8":"product_cat-einweg-e-zigarette","9":"product_cat-f","11":"first","12":"instock","13":"shipping-taxable","14":"purchasable","15":"product-type-simple"},"yoast_head":"<!-- This site is optimized with the Yoast SEO plugin v26.5 - https:\/\/yoast.com\/wordpress\/plugins\/seo\/ -->\n<title>Bang King 25000 Puffs Triple Berry Ice Top Geschmack Keine Zollgeb\u00fchren | Vapingnet.de<\/title>\n<meta name=\"description\" content=\"Entdecke Bang King 25000 Puffs Triple Berry Ice Top Geschmack Keine Zollgeb\u00fchren bei vapingnet.de, \u25ba Gro\u00dfe Auswahl an Geschmacksrichtungen &amp; super g\u00fcnstig!\" \/>\n<meta name=\"robots\" content=\"index, follow, max-snippet:-1, max-image-preview:large, max-video-preview:-1\" \/>\n<link rel=\"canonical\" href=\"https:\/\/vapingnet.de\/lt\/vape\/bang-king-25000-puffs-triple-berry-ice-top-geschmack-keine-zollgebuehren\/\" \/>\n<meta property=\"og:locale\" content=\"lt_LT\" \/>\n<meta property=\"og:type\" content=\"article\" \/>\n<meta property=\"og:title\" content=\"Bang King 25000 Puffs Triple Berry Ice Top Geschmack Keine Zollgeb\u00fchren | Vapingnet.de\" \/>\n<meta property=\"og:description\" content=\"Entdecke Bang King 25000 Puffs Triple Berry Ice Top Geschmack Keine Zollgeb\u00fchren bei vapingnet.de, \u25ba Gro\u00dfe Auswahl an Geschmacksrichtungen &amp; super g\u00fcnstig!\" \/>\n<meta property=\"og:url\" content=\"https:\/\/vapingnet.de\/lt\/vape\/bang-king-25000-puffs-triple-berry-ice-top-geschmack-keine-zollgebuehren\/\" \/>\n<meta property=\"og:site_name\" content=\"Vapingnet.de\" \/>\n<meta property=\"article:publisher\" content=\"https:\/\/www.facebook.com\/vapingnetde\/\" \/>\n<meta property=\"article:modified_time\" content=\"2025-06-19T03:40:01+00:00\" \/>\n<meta property=\"og:image\" content=\"https:\/\/vapingnet.de\/wp-content\/uploads\/2025\/04\/bang-25k-vape-Triple-Berry-Ice.png\" \/>\n\t<meta property=\"og:image:width\" content=\"1000\" \/>\n\t<meta property=\"og:image:height\" content=\"1000\" \/>\n\t<meta property=\"og:image:type\" content=\"image\/png\" \/>\n<meta name=\"twitter:card\" content=\"summary_large_image\" \/>\n<meta name=\"twitter:label1\" content=\"Est. reading time\" \/>\n\t<meta name=\"twitter:data1\" content=\"3 minutes\" \/>\n<script type=\"application\/ld+json\" class=\"yoast-schema-graph\">{\"@context\":\"https:\/\/schema.org\",\"@graph\":[{\"@type\":\"WebPage\",\"@id\":\"https:\/\/vapingnet.de\/vape\/bang-king-25000-puffs-triple-berry-ice-top-geschmack-keine-zollgebuehren\/\",\"url\":\"https:\/\/vapingnet.de\/vape\/bang-king-25000-puffs-triple-berry-ice-top-geschmack-keine-zollgebuehren\/\",\"name\":\"Bang King 25000 Puffs Triple Berry Ice Top Geschmack Keine Zollgeb\u00fchren | Vapingnet.de\",\"isPartOf\":{\"@id\":\"https:\/\/vapingnet.de\/#website\"},\"primaryImageOfPage\":{\"@id\":\"https:\/\/vapingnet.de\/vape\/bang-king-25000-puffs-triple-berry-ice-top-geschmack-keine-zollgebuehren\/#primaryimage\"},\"image\":{\"@id\":\"https:\/\/vapingnet.de\/vape\/bang-king-25000-puffs-triple-berry-ice-top-geschmack-keine-zollgebuehren\/#primaryimage\"},\"thumbnailUrl\":\"https:\/\/vapingnet.de\/wp-content\/uploads\/2025\/04\/bang-25k-vape-Triple-Berry-Ice.png\",\"datePublished\":\"2025-04-07T03:45:05+00:00\",\"dateModified\":\"2025-06-19T03:40:01+00:00\",\"description\":\"Entdecke Bang King 25000 Puffs Triple Berry Ice Top Geschmack Keine Zollgeb\u00fchren bei vapingnet.de, \u25ba Gro\u00dfe Auswahl an Geschmacksrichtungen & super g\u00fcnstig!\",\"breadcrumb\":{\"@id\":\"https:\/\/vapingnet.de\/vape\/bang-king-25000-puffs-triple-berry-ice-top-geschmack-keine-zollgebuehren\/#breadcrumb\"},\"inLanguage\":\"lt-LT\",\"potentialAction\":[{\"@type\":\"ReadAction\",\"target\":[\"https:\/\/vapingnet.de\/vape\/bang-king-25000-puffs-triple-berry-ice-top-geschmack-keine-zollgebuehren\/\"]}]},{\"@type\":\"ImageObject\",\"inLanguage\":\"lt-LT\",\"@id\":\"https:\/\/vapingnet.de\/vape\/bang-king-25000-puffs-triple-berry-ice-top-geschmack-keine-zollgebuehren\/#primaryimage\",\"url\":\"https:\/\/vapingnet.de\/wp-content\/uploads\/2025\/04\/bang-25k-vape-Triple-Berry-Ice.png\",\"contentUrl\":\"https:\/\/vapingnet.de\/wp-content\/uploads\/2025\/04\/bang-25k-vape-Triple-Berry-Ice.png\",\"width\":1000,\"height\":1000},{\"@type\":\"BreadcrumbList\",\"@id\":\"https:\/\/vapingnet.de\/vape\/bang-king-25000-puffs-triple-berry-ice-top-geschmack-keine-zollgebuehren\/#breadcrumb\",\"itemListElement\":[{\"@type\":\"ListItem\",\"position\":1,\"name\":\"Home\",\"item\":\"https:\/\/vapingnet.de\/\"},{\"@type\":\"ListItem\",\"position\":2,\"name\":\"Shop\",\"item\":\"https:\/\/vapingnet.de\/vape\/\"},{\"@type\":\"ListItem\",\"position\":3,\"name\":\"Bang King 25000 Puffs Triple Berry Ice Top Geschmack Keine Zollgeb\u00fchren\"}]},{\"@type\":\"WebSite\",\"@id\":\"https:\/\/vapingnet.de\/#website\",\"url\":\"https:\/\/vapingnet.de\/\",\"name\":\"Vapingnet.de\",\"description\":\"\",\"publisher\":{\"@id\":\"https:\/\/vapingnet.de\/#organization\"},\"potentialAction\":[{\"@type\":\"SearchAction\",\"target\":{\"@type\":\"EntryPoint\",\"urlTemplate\":\"https:\/\/vapingnet.de\/?s={search_term_string}\"},\"query-input\":{\"@type\":\"PropertyValueSpecification\",\"valueRequired\":true,\"valueName\":\"search_term_string\"}}],\"inLanguage\":\"lt-LT\"},{\"@type\":\"Organization\",\"@id\":\"https:\/\/vapingnet.de\/#organization\",\"name\":\"Vapingnet.de\",\"url\":\"https:\/\/vapingnet.de\/\",\"logo\":{\"@type\":\"ImageObject\",\"inLanguage\":\"lt-LT\",\"@id\":\"https:\/\/vapingnet.de\/#\/schema\/logo\/image\/\",\"url\":\"https:\/\/vapingnet.de\/wp-content\/uploads\/2025\/03\/cropped-vapingnet.de_.jpg\",\"contentUrl\":\"https:\/\/vapingnet.de\/wp-content\/uploads\/2025\/03\/cropped-vapingnet.de_.jpg\",\"width\":512,\"height\":512,\"caption\":\"Vapingnet.de\"},\"image\":{\"@id\":\"https:\/\/vapingnet.de\/#\/schema\/logo\/image\/\"},\"sameAs\":[\"https:\/\/www.facebook.com\/vapingnetde\/\"]}]}<\/script>\n<!-- \/ Yoast SEO plugin. -->","yoast_head_json":{"title":"Bang King 25000 Puffs Triple Berry Ice Top Geschmack Keine Zollgeb\u00fchren | Vapingnet.de","description":"Entdecke Bang King 25000 Puffs Triple Berry Ice Top Geschmack Keine Zollgeb\u00fchren bei vapingnet.de, \u25ba Gro\u00dfe Auswahl an Geschmacksrichtungen & super g\u00fcnstig!","robots":{"index":"index","follow":"follow","max-snippet":"max-snippet:-1","max-image-preview":"max-image-preview:large","max-video-preview":"max-video-preview:-1"},"canonical":"https:\/\/vapingnet.de\/lt\/vape\/bang-king-25000-puffs-triple-berry-ice-top-geschmack-keine-zollgebuehren\/","og_locale":"lt_LT","og_type":"article","og_title":"Bang King 25000 Puffs Triple Berry Ice Top Geschmack Keine Zollgeb\u00fchren | Vapingnet.de","og_description":"Entdecke Bang King 25000 Puffs Triple Berry Ice Top Geschmack Keine Zollgeb\u00fchren bei vapingnet.de, \u25ba Gro\u00dfe Auswahl an Geschmacksrichtungen & super g\u00fcnstig!","og_url":"https:\/\/vapingnet.de\/lt\/vape\/bang-king-25000-puffs-triple-berry-ice-top-geschmack-keine-zollgebuehren\/","og_site_name":"Vapingnet.de","article_publisher":"https:\/\/www.facebook.com\/vapingnetde\/","article_modified_time":"2025-06-19T03:40:01+00:00","og_image":[{"width":1000,"height":1000,"url":"https:\/\/vapingnet.de\/wp-content\/uploads\/2025\/04\/bang-25k-vape-Triple-Berry-Ice.png","type":"image\/png"}],"twitter_card":"summary_large_image","twitter_misc":{"Est. reading time":"3 minutes"},"schema":{"@context":"https:\/\/schema.org","@graph":[{"@type":"WebPage","@id":"https:\/\/vapingnet.de\/vape\/bang-king-25000-puffs-triple-berry-ice-top-geschmack-keine-zollgebuehren\/","url":"https:\/\/vapingnet.de\/vape\/bang-king-25000-puffs-triple-berry-ice-top-geschmack-keine-zollgebuehren\/","name":"Bang King 25000 Puffs Triple Berry Ice Top Geschmack Keine Zollgeb\u00fchren | Vapingnet.de","isPartOf":{"@id":"https:\/\/vapingnet.de\/#website"},"primaryImageOfPage":{"@id":"https:\/\/vapingnet.de\/vape\/bang-king-25000-puffs-triple-berry-ice-top-geschmack-keine-zollgebuehren\/#primaryimage"},"image":{"@id":"https:\/\/vapingnet.de\/vape\/bang-king-25000-puffs-triple-berry-ice-top-geschmack-keine-zollgebuehren\/#primaryimage"},"thumbnailUrl":"https:\/\/vapingnet.de\/wp-content\/uploads\/2025\/04\/bang-25k-vape-Triple-Berry-Ice.png","datePublished":"2025-04-07T03:45:05+00:00","dateModified":"2025-06-19T03:40:01+00:00","description":"Entdecke Bang King 25000 Puffs Triple Berry Ice Top Geschmack Keine Zollgeb\u00fchren bei vapingnet.de, \u25ba Gro\u00dfe Auswahl an Geschmacksrichtungen & super g\u00fcnstig!","breadcrumb":{"@id":"https:\/\/vapingnet.de\/vape\/bang-king-25000-puffs-triple-berry-ice-top-geschmack-keine-zollgebuehren\/#breadcrumb"},"inLanguage":"lt-LT","potentialAction":[{"@type":"ReadAction","target":["https:\/\/vapingnet.de\/vape\/bang-king-25000-puffs-triple-berry-ice-top-geschmack-keine-zollgebuehren\/"]}]},{"@type":"ImageObject","inLanguage":"lt-LT","@id":"https:\/\/vapingnet.de\/vape\/bang-king-25000-puffs-triple-berry-ice-top-geschmack-keine-zollgebuehren\/#primaryimage","url":"https:\/\/vapingnet.de\/wp-content\/uploads\/2025\/04\/bang-25k-vape-Triple-Berry-Ice.png","contentUrl":"https:\/\/vapingnet.de\/wp-content\/uploads\/2025\/04\/bang-25k-vape-Triple-Berry-Ice.png","width":1000,"height":1000},{"@type":"BreadcrumbList","@id":"https:\/\/vapingnet.de\/vape\/bang-king-25000-puffs-triple-berry-ice-top-geschmack-keine-zollgebuehren\/#breadcrumb","itemListElement":[{"@type":"ListItem","position":1,"name":"Home","item":"https:\/\/vapingnet.de\/"},{"@type":"ListItem","position":2,"name":"Shop","item":"https:\/\/vapingnet.de\/vape\/"},{"@type":"ListItem","position":3,"name":"Bang King 25000 Puffs Triple Berry Ice Top Geschmack Keine Zollgeb\u00fchren"}]},{"@type":"WebSite","@id":"https:\/\/vapingnet.de\/#website","url":"https:\/\/vapingnet.de\/","name":"Vapingnet.de","description":"","publisher":{"@id":"https:\/\/vapingnet.de\/#organization"},"potentialAction":[{"@type":"SearchAction","target":{"@type":"EntryPoint","urlTemplate":"https:\/\/vapingnet.de\/?s={search_term_string}"},"query-input":{"@type":"PropertyValueSpecification","valueRequired":true,"valueName":"search_term_string"}}],"inLanguage":"lt-LT"},{"@type":"Organization","@id":"https:\/\/vapingnet.de\/#organization","name":"Vapingnet.de","url":"https:\/\/vapingnet.de\/","logo":{"@type":"ImageObject","inLanguage":"lt-LT","@id":"https:\/\/vapingnet.de\/#\/schema\/logo\/image\/","url":"https:\/\/vapingnet.de\/wp-content\/uploads\/2025\/03\/cropped-vapingnet.de_.jpg","contentUrl":"https:\/\/vapingnet.de\/wp-content\/uploads\/2025\/03\/cropped-vapingnet.de_.jpg","width":512,"height":512,"caption":"Vapingnet.de"},"image":{"@id":"https:\/\/vapingnet.de\/#\/schema\/logo\/image\/"},"sameAs":["https:\/\/www.facebook.com\/vapingnetde\/"]}]}},"tiered_pricing_type":"fixed","tiered_pricing_fixed_rules":{"10":"8.07","60":"7.26","110":"6.46","200":"5.65"},"tiered_pricing_product_settings":{"layout":"default","base_unit_name":{"singular":null,"plural":null},"default_variation":null},"tiered_pricing_minimum_quantity":null,"tiered_pricing_roles_data":[],"tiered_pricing_percentage_rules":[],"_links":{"self":[{"href":"https:\/\/vapingnet.de\/lt\/wp-json\/wp\/v2\/product\/6150","targetHints":{"allow":["GET"]}}],"collection":[{"href":"https:\/\/vapingnet.de\/lt\/wp-json\/wp\/v2\/product"}],"about":[{"href":"https:\/\/vapingnet.de\/lt\/wp-json\/wp\/v2\/types\/product"}],"version-history":[{"count":4,"href":"https:\/\/vapingnet.de\/lt\/wp-json\/wp\/v2\/product\/6150\/revisions"}],"predecessor-version":[{"id":6166,"href":"https:\/\/vapingnet.de\/lt\/wp-json\/wp\/v2\/product\/6150\/revisions\/6166"}],"wp:featuredmedia":[{"embeddable":true,"href":"https:\/\/vapingnet.de\/lt\/wp-json\/wp\/v2\/media\/6137"}],"wp:attachment":[{"href":"https:\/\/vapingnet.de\/lt\/wp-json\/wp\/v2\/media?parent=6150"}],"wp:term":[{"taxonomy":"brand","embeddable":true,"href":"https:\/\/vapingnet.de\/lt\/wp-json\/wp\/v2\/etheme_brands?post=6150"},{"taxonomy":"product_brand","embeddable":true,"href":"https:\/\/vapingnet.de\/lt\/wp-json\/wp\/v2\/product_brand?post=6150"},{"taxonomy":"product_cat","embeddable":true,"href":"https:\/\/vapingnet.de\/lt\/wp-json\/wp\/v2\/product_cat?post=6150"},{"taxonomy":"product_tag","embeddable":true,"href":"https:\/\/vapingnet.de\/lt\/wp-json\/wp\/v2\/product_tag?post=6150"}],"curies":[{"name":"wp","href":"https:\/\/api.w.org\/{rel}","templated":true}]}}