{"id":6224,"date":"2025-04-11T02:32:53","date_gmt":"2025-04-11T02:32:53","guid":{"rendered":"https:\/\/vapingnet.de\/?post_type=product&#038;p=6224"},"modified":"2025-12-30T08:41:52","modified_gmt":"2025-12-30T08:41:52","slug":"bang-tn-12000-puffs-in-der-koestlichen-sorte-strawberry-mango-top-qualitaet","status":"publish","type":"product","link":"https:\/\/vapingnet.de\/lt\/vape\/bang-tn-12000-puffs-in-der-koestlichen-sorte-strawberry-mango-top-qualitaet\/","title":{"rendered":"Bang Tn 12000 Puffs skoniu Bra\u0161ki\u0173 Mango auk\u0161\u010diausios kokyb\u0117s"},"content":{"rendered":"<h2 data-start=\"0\" data-end=\"84\" data-immersive-translate-walked=\"74d8ec64-4577-4774-9884-c22d87bece56\">Bang TN 12000 Puffs \u2013 Galutinis vienkartinis Vape ilgalaikiam gar\u0173 malonumui<\/h2>\n<p class=\"\" data-start=\"86\" data-end=\"547\" data-immersive-translate-paragraph=\"1\" data-immersive-translate-walked=\"74d8ec64-4577-4774-9884-c22d87bece56\">Bang TN 12000 Puffs yra puikus pasirinkimas visiems garintojams, ie\u0161kantiems galingo ir ilgaam\u017eio vienkartinio Vape. Su talpa iki 12 000 \u012fkv\u0117pim\u0173 jis si\u016blo neprilygstam\u0105 gar\u0173 patirt\u012f, kuri yra ne tik ilgalaik\u0117, bet ir labai intensyvi. \u0160iame straipsnyje i\u0161samiai ap\u017evelgsime \u0161io produkto i\u0161skirtines savybes ir kod\u0117l jis tapo m\u0117gstamiausiu tarp garintoj\u0173.<\/p>\n<ul>\n<li data-start=\"549\" data-end=\"589\" data-immersive-translate-walked=\"74d8ec64-4577-4774-9884-c22d87bece56\">Ilgaam\u017ei\u0161kumas ir didel\u0117 talpa<br \/>\nBang TN 12000 Puffs i\u0161siskiria savo didel\u0117s talpos d\u0117ka. Su 20 ml skys\u010dio galite m\u0117gautis iki 12 000 \u012fkv\u0117pim\u0173, kas j\u012f daro vienu i\u0161 i\u0161tvermingiausi\u0173 rinkoje. Tai rei\u0161kia, kad jums nereik\u0117s nuolat papildyti ar ie\u0161koti naujo Vape \u2013 galite tiesiog m\u0117gautis, kol \u012frenginys visi\u0161kai i\u0161naudojamas.<\/li>\n<li data-start=\"1017\" data-end=\"1071\" data-immersive-translate-walked=\"74d8ec64-4577-4774-9884-c22d87bece56\">\u012evairios nikotino stiprumo galimyb\u0117s kiekvienam poreikiui<br \/>\nKitas prana\u0161umas \u2013 galimyb\u0117 pasirinkti nikotino stiprum\u0105. Galite rinktis tarp 0%, 2%, 3% ir 5% nikotino. Tai daro \u0161\u012f Vape idealiu pasirinkimu \u012fvairiems garintoj\u0173 poreikiams \u2013 ar norite visi\u0161kai atsisakyti nikotino, ar m\u0117gstate stipresn\u012f nikotino doz\u0119. \u0160i lankstumas u\u017etikrina, kad rasite jums tinkam\u0105 nikotino kiek\u012f.<\/li>\n<li data-start=\"1470\" data-end=\"1518\" data-immersive-translate-walked=\"74d8ec64-4577-4774-9884-c22d87bece56\">Kompakti\u0161kas dizainas ir paprastas naudojimas<br \/>\nNepaisant didel\u0117s talpos ir stiprios galios, Bang TN 12000 Puffs i\u0161lieka patogiai kompakti\u0161kas ir lengvas. Prietaisas sukurtas taip, kad b\u016bt\u0173 lengva ne\u0161iotis ir puikiai tinka kasdieniam naudojimui. Patvarios PC med\u017eiagos u\u017etikrina, kad \u012frenginys b\u016bt\u0173 atsparus ir ilgai tarnaut\u0173. Dar viena ypatyb\u0117 \u2013 Type-C jungtis, leid\u017eianti greitai ir efektyviai \u012fkrauti. Taip gal\u0117site b\u016bti tikri, kad j\u016bs\u0173 Vape visada bus pasiruo\u0161\u0119s naudoti.<\/li>\n<li data-start=\"2048\" data-end=\"2095\" data-immersive-translate-walked=\"74d8ec64-4577-4774-9884-c22d87bece56\">Intensyvus skonis \u2013 Bra\u0161k\u0117 Mango<br \/>\nBang TN 12000 Puffs si\u016blo vaisi\u0173 skonio patirt\u012f su savo Bra\u0161k\u0117s Mango aromatu. \u0160i sald\u017ei\u0173 bra\u0161ki\u0173 ir tropin\u0117s mang\u0173 kombinacija yra ideali tiems, kurie m\u0117gsta vaisinius ir exotinius aromatus. Skonis i\u0161lieka intensyvus ir malonus iki paskutinio \u012fkv\u0117pimo, tod\u0117l \u0161is Vape yra tikras malonumas.<\/li>\n<li data-start=\"2439\" data-end=\"2493\" data-immersive-translate-walked=\"74d8ec64-4577-4774-9884-c22d87bece56\">Mokes\u010di\u0173 nemokamas pristatymas ir greitas siuntimas<br \/>\nDidelis prana\u0161umas perkant Bang TN 12000 Puffs \u2013 mokes\u010di\u0173 nemokamas pristatymas. Tai ne tik taupo pinigus, bet ir leid\u017eia gauti auk\u0161tos kokyb\u0117s produkt\u0105 u\u017e teising\u0105 kain\u0105. Be to, siuntimas vyksta greitai \u2013 per 7-15 darbo dien\u0173 gal\u0117site m\u0117gautis savo Vape.<\/li>\n<\/ul>\n<h3>Kod\u0117l Bang TN 12000 Puffs yra tobulas vienkartinis Vape jums<\/h3>\n<p class=\"\" data-start=\"2829\" data-end=\"3271\" data-immersive-translate-walked=\"74d8ec64-4577-4774-9884-c22d87bece56\">Bang TN 12000 Puffs yra ideali vienkartin\u0117 Vape visiems, kurie ie\u0161ko galingo, ilgaam\u017eio ir paprasto naudoti \u012frenginio. Su didel\u0117s talpos, pasirinkimu nikotino stiprumo ir intensyviu Bra\u0161k\u0117s Mango skoniu \u0161is Vape si\u016blo visapusi\u0161k\u0105 gar\u0173 malonum\u0105. U\u017esisakykite jau \u0161iandien per vapingnet.de ir pasinaudokite greitu pristatymu bei mokes\u010di\u0173 nemokamu pristatymu.<\/p>","protected":false},"excerpt":{"rendered":"<p>Bang TN 12000 Puffs \u2013 Der ultimative Einweg-Vape f\u00fcr langanhaltenden Dampfgenuss Der Bang TN 12000 Puffs ist eine hervorragende Wahl f\u00fcr alle Dampfer, die nach&#8230;<\/p>","protected":false},"featured_media":6229,"template":"","meta":[],"etheme_brands":[],"product_brand":[101],"product_cat":[88,49,61],"product_tag":[],"class_list":{"0":"post-6224","1":"product","2":"type-product","3":"status-publish","4":"has-post-thumbnail","6":"product_brand-bang-king-vape","7":"product_cat-12k-vape","8":"product_cat-einweg-e-zigarette","9":"product_cat-f","11":"first","12":"instock","13":"shipping-taxable","14":"purchasable","15":"product-type-simple"},"yoast_head":"<!-- This site is optimized with the Yoast SEO plugin v26.5 - https:\/\/yoast.com\/wordpress\/plugins\/seo\/ -->\n<title>Bang Tn 12000 Puffs in der k\u00f6stlichen Sorte Strawberry Mango Top Qualit\u00e4t | Vapingnet.de<\/title>\n<meta name=\"description\" content=\"Entdecke Bang Tn 12000 Puffs in der k\u00f6stlichen Sorte Strawberry Mango Top Qualit\u00e4t bei vapingnet.de, \u25ba Gro\u00dfe Auswahl an Geschmacksrichtungen &amp; super g\u00fcnstig!\" \/>\n<meta name=\"robots\" content=\"index, follow, max-snippet:-1, max-image-preview:large, max-video-preview:-1\" \/>\n<link rel=\"canonical\" href=\"https:\/\/vapingnet.de\/lt\/vape\/bang-tn-12000-puffs-in-der-koestlichen-sorte-strawberry-mango-top-qualitaet\/\" \/>\n<meta property=\"og:locale\" content=\"lt_LT\" \/>\n<meta property=\"og:type\" content=\"article\" \/>\n<meta property=\"og:title\" content=\"Bang Tn 12000 Puffs in der k\u00f6stlichen Sorte Strawberry Mango Top Qualit\u00e4t | Vapingnet.de\" \/>\n<meta property=\"og:description\" content=\"Entdecke Bang Tn 12000 Puffs in der k\u00f6stlichen Sorte Strawberry Mango Top Qualit\u00e4t bei vapingnet.de, \u25ba Gro\u00dfe Auswahl an Geschmacksrichtungen &amp; super g\u00fcnstig!\" \/>\n<meta property=\"og:url\" content=\"https:\/\/vapingnet.de\/lt\/vape\/bang-tn-12000-puffs-in-der-koestlichen-sorte-strawberry-mango-top-qualitaet\/\" \/>\n<meta property=\"og:site_name\" content=\"Vapingnet.de\" \/>\n<meta property=\"article:publisher\" content=\"https:\/\/www.facebook.com\/vapingnetde\/\" \/>\n<meta property=\"article:modified_time\" content=\"2025-12-30T08:41:52+00:00\" \/>\n<meta property=\"og:image\" content=\"https:\/\/vapingnet.de\/wp-content\/uploads\/2025\/04\/Strawberry-Mango.png\" \/>\n\t<meta property=\"og:image:width\" content=\"1000\" \/>\n\t<meta property=\"og:image:height\" content=\"1000\" \/>\n\t<meta property=\"og:image:type\" content=\"image\/png\" \/>\n<meta name=\"twitter:card\" content=\"summary_large_image\" \/>\n<meta name=\"twitter:label1\" content=\"Est. reading time\" \/>\n\t<meta name=\"twitter:data1\" content=\"3 minutes\" \/>\n<script type=\"application\/ld+json\" class=\"yoast-schema-graph\">{\"@context\":\"https:\/\/schema.org\",\"@graph\":[{\"@type\":\"WebPage\",\"@id\":\"https:\/\/vapingnet.de\/vape\/bang-tn-12000-puffs-in-der-koestlichen-sorte-strawberry-mango-top-qualitaet\/\",\"url\":\"https:\/\/vapingnet.de\/vape\/bang-tn-12000-puffs-in-der-koestlichen-sorte-strawberry-mango-top-qualitaet\/\",\"name\":\"Bang Tn 12000 Puffs in der k\u00f6stlichen Sorte Strawberry Mango Top Qualit\u00e4t | Vapingnet.de\",\"isPartOf\":{\"@id\":\"https:\/\/vapingnet.de\/#website\"},\"primaryImageOfPage\":{\"@id\":\"https:\/\/vapingnet.de\/vape\/bang-tn-12000-puffs-in-der-koestlichen-sorte-strawberry-mango-top-qualitaet\/#primaryimage\"},\"image\":{\"@id\":\"https:\/\/vapingnet.de\/vape\/bang-tn-12000-puffs-in-der-koestlichen-sorte-strawberry-mango-top-qualitaet\/#primaryimage\"},\"thumbnailUrl\":\"https:\/\/vapingnet.de\/wp-content\/uploads\/2025\/04\/Strawberry-Mango.png\",\"datePublished\":\"2025-04-11T02:32:53+00:00\",\"dateModified\":\"2025-12-30T08:41:52+00:00\",\"description\":\"Entdecke Bang Tn 12000 Puffs in der k\u00f6stlichen Sorte Strawberry Mango Top Qualit\u00e4t bei vapingnet.de, \u25ba Gro\u00dfe Auswahl an Geschmacksrichtungen & super g\u00fcnstig!\",\"breadcrumb\":{\"@id\":\"https:\/\/vapingnet.de\/vape\/bang-tn-12000-puffs-in-der-koestlichen-sorte-strawberry-mango-top-qualitaet\/#breadcrumb\"},\"inLanguage\":\"lt-LT\",\"potentialAction\":[{\"@type\":\"ReadAction\",\"target\":[\"https:\/\/vapingnet.de\/vape\/bang-tn-12000-puffs-in-der-koestlichen-sorte-strawberry-mango-top-qualitaet\/\"]}]},{\"@type\":\"ImageObject\",\"inLanguage\":\"lt-LT\",\"@id\":\"https:\/\/vapingnet.de\/vape\/bang-tn-12000-puffs-in-der-koestlichen-sorte-strawberry-mango-top-qualitaet\/#primaryimage\",\"url\":\"https:\/\/vapingnet.de\/wp-content\/uploads\/2025\/04\/Strawberry-Mango.png\",\"contentUrl\":\"https:\/\/vapingnet.de\/wp-content\/uploads\/2025\/04\/Strawberry-Mango.png\",\"width\":1000,\"height\":1000},{\"@type\":\"BreadcrumbList\",\"@id\":\"https:\/\/vapingnet.de\/vape\/bang-tn-12000-puffs-in-der-koestlichen-sorte-strawberry-mango-top-qualitaet\/#breadcrumb\",\"itemListElement\":[{\"@type\":\"ListItem\",\"position\":1,\"name\":\"Home\",\"item\":\"https:\/\/vapingnet.de\/\"},{\"@type\":\"ListItem\",\"position\":2,\"name\":\"Shop\",\"item\":\"https:\/\/vapingnet.de\/vape\/\"},{\"@type\":\"ListItem\",\"position\":3,\"name\":\"Bang Tn 12000 Puffs in der k\u00f6stlichen Sorte Strawberry Mango Top Qualit\u00e4t\"}]},{\"@type\":\"WebSite\",\"@id\":\"https:\/\/vapingnet.de\/#website\",\"url\":\"https:\/\/vapingnet.de\/\",\"name\":\"Vapingnet.de\",\"description\":\"\",\"publisher\":{\"@id\":\"https:\/\/vapingnet.de\/#organization\"},\"potentialAction\":[{\"@type\":\"SearchAction\",\"target\":{\"@type\":\"EntryPoint\",\"urlTemplate\":\"https:\/\/vapingnet.de\/?s={search_term_string}\"},\"query-input\":{\"@type\":\"PropertyValueSpecification\",\"valueRequired\":true,\"valueName\":\"search_term_string\"}}],\"inLanguage\":\"lt-LT\"},{\"@type\":\"Organization\",\"@id\":\"https:\/\/vapingnet.de\/#organization\",\"name\":\"Vapingnet.de\",\"url\":\"https:\/\/vapingnet.de\/\",\"logo\":{\"@type\":\"ImageObject\",\"inLanguage\":\"lt-LT\",\"@id\":\"https:\/\/vapingnet.de\/#\/schema\/logo\/image\/\",\"url\":\"https:\/\/vapingnet.de\/wp-content\/uploads\/2025\/03\/cropped-vapingnet.de_.jpg\",\"contentUrl\":\"https:\/\/vapingnet.de\/wp-content\/uploads\/2025\/03\/cropped-vapingnet.de_.jpg\",\"width\":512,\"height\":512,\"caption\":\"Vapingnet.de\"},\"image\":{\"@id\":\"https:\/\/vapingnet.de\/#\/schema\/logo\/image\/\"},\"sameAs\":[\"https:\/\/www.facebook.com\/vapingnetde\/\"]}]}<\/script>\n<!-- \/ Yoast SEO plugin. -->","yoast_head_json":{"title":"Bang Tn 12000 Puffs in der k\u00f6stlichen Sorte Strawberry Mango Top Qualit\u00e4t | Vapingnet.de","description":"Entdecke Bang Tn 12000 Puffs in der k\u00f6stlichen Sorte Strawberry Mango Top Qualit\u00e4t bei vapingnet.de, \u25ba Gro\u00dfe Auswahl an Geschmacksrichtungen & super g\u00fcnstig!","robots":{"index":"index","follow":"follow","max-snippet":"max-snippet:-1","max-image-preview":"max-image-preview:large","max-video-preview":"max-video-preview:-1"},"canonical":"https:\/\/vapingnet.de\/lt\/vape\/bang-tn-12000-puffs-in-der-koestlichen-sorte-strawberry-mango-top-qualitaet\/","og_locale":"lt_LT","og_type":"article","og_title":"Bang Tn 12000 Puffs in der k\u00f6stlichen Sorte Strawberry Mango Top Qualit\u00e4t | Vapingnet.de","og_description":"Entdecke Bang Tn 12000 Puffs in der k\u00f6stlichen Sorte Strawberry Mango Top Qualit\u00e4t bei vapingnet.de, \u25ba Gro\u00dfe Auswahl an Geschmacksrichtungen & super g\u00fcnstig!","og_url":"https:\/\/vapingnet.de\/lt\/vape\/bang-tn-12000-puffs-in-der-koestlichen-sorte-strawberry-mango-top-qualitaet\/","og_site_name":"Vapingnet.de","article_publisher":"https:\/\/www.facebook.com\/vapingnetde\/","article_modified_time":"2025-12-30T08:41:52+00:00","og_image":[{"width":1000,"height":1000,"url":"https:\/\/vapingnet.de\/wp-content\/uploads\/2025\/04\/Strawberry-Mango.png","type":"image\/png"}],"twitter_card":"summary_large_image","twitter_misc":{"Est. reading time":"3 minutes"},"schema":{"@context":"https:\/\/schema.org","@graph":[{"@type":"WebPage","@id":"https:\/\/vapingnet.de\/vape\/bang-tn-12000-puffs-in-der-koestlichen-sorte-strawberry-mango-top-qualitaet\/","url":"https:\/\/vapingnet.de\/vape\/bang-tn-12000-puffs-in-der-koestlichen-sorte-strawberry-mango-top-qualitaet\/","name":"Bang Tn 12000 Puffs in der k\u00f6stlichen Sorte Strawberry Mango Top Qualit\u00e4t | Vapingnet.de","isPartOf":{"@id":"https:\/\/vapingnet.de\/#website"},"primaryImageOfPage":{"@id":"https:\/\/vapingnet.de\/vape\/bang-tn-12000-puffs-in-der-koestlichen-sorte-strawberry-mango-top-qualitaet\/#primaryimage"},"image":{"@id":"https:\/\/vapingnet.de\/vape\/bang-tn-12000-puffs-in-der-koestlichen-sorte-strawberry-mango-top-qualitaet\/#primaryimage"},"thumbnailUrl":"https:\/\/vapingnet.de\/wp-content\/uploads\/2025\/04\/Strawberry-Mango.png","datePublished":"2025-04-11T02:32:53+00:00","dateModified":"2025-12-30T08:41:52+00:00","description":"Entdecke Bang Tn 12000 Puffs in der k\u00f6stlichen Sorte Strawberry Mango Top Qualit\u00e4t bei vapingnet.de, \u25ba Gro\u00dfe Auswahl an Geschmacksrichtungen & super g\u00fcnstig!","breadcrumb":{"@id":"https:\/\/vapingnet.de\/vape\/bang-tn-12000-puffs-in-der-koestlichen-sorte-strawberry-mango-top-qualitaet\/#breadcrumb"},"inLanguage":"lt-LT","potentialAction":[{"@type":"ReadAction","target":["https:\/\/vapingnet.de\/vape\/bang-tn-12000-puffs-in-der-koestlichen-sorte-strawberry-mango-top-qualitaet\/"]}]},{"@type":"ImageObject","inLanguage":"lt-LT","@id":"https:\/\/vapingnet.de\/vape\/bang-tn-12000-puffs-in-der-koestlichen-sorte-strawberry-mango-top-qualitaet\/#primaryimage","url":"https:\/\/vapingnet.de\/wp-content\/uploads\/2025\/04\/Strawberry-Mango.png","contentUrl":"https:\/\/vapingnet.de\/wp-content\/uploads\/2025\/04\/Strawberry-Mango.png","width":1000,"height":1000},{"@type":"BreadcrumbList","@id":"https:\/\/vapingnet.de\/vape\/bang-tn-12000-puffs-in-der-koestlichen-sorte-strawberry-mango-top-qualitaet\/#breadcrumb","itemListElement":[{"@type":"ListItem","position":1,"name":"Home","item":"https:\/\/vapingnet.de\/"},{"@type":"ListItem","position":2,"name":"Shop","item":"https:\/\/vapingnet.de\/vape\/"},{"@type":"ListItem","position":3,"name":"Bang Tn 12000 Puffs in der k\u00f6stlichen Sorte Strawberry Mango Top Qualit\u00e4t"}]},{"@type":"WebSite","@id":"https:\/\/vapingnet.de\/#website","url":"https:\/\/vapingnet.de\/","name":"Vapingnet.de","description":"","publisher":{"@id":"https:\/\/vapingnet.de\/#organization"},"potentialAction":[{"@type":"SearchAction","target":{"@type":"EntryPoint","urlTemplate":"https:\/\/vapingnet.de\/?s={search_term_string}"},"query-input":{"@type":"PropertyValueSpecification","valueRequired":true,"valueName":"search_term_string"}}],"inLanguage":"lt-LT"},{"@type":"Organization","@id":"https:\/\/vapingnet.de\/#organization","name":"Vapingnet.de","url":"https:\/\/vapingnet.de\/","logo":{"@type":"ImageObject","inLanguage":"lt-LT","@id":"https:\/\/vapingnet.de\/#\/schema\/logo\/image\/","url":"https:\/\/vapingnet.de\/wp-content\/uploads\/2025\/03\/cropped-vapingnet.de_.jpg","contentUrl":"https:\/\/vapingnet.de\/wp-content\/uploads\/2025\/03\/cropped-vapingnet.de_.jpg","width":512,"height":512,"caption":"Vapingnet.de"},"image":{"@id":"https:\/\/vapingnet.de\/#\/schema\/logo\/image\/"},"sameAs":["https:\/\/www.facebook.com\/vapingnetde\/"]}]}},"tiered_pricing_type":"fixed","tiered_pricing_fixed_rules":{"10":"7.31","60":"6.58","110":"5.85","200":"5.12"},"tiered_pricing_product_settings":{"layout":"default","base_unit_name":{"singular":null,"plural":null},"default_variation":null},"tiered_pricing_minimum_quantity":null,"tiered_pricing_roles_data":[],"tiered_pricing_percentage_rules":[],"_links":{"self":[{"href":"https:\/\/vapingnet.de\/lt\/wp-json\/wp\/v2\/product\/6224","targetHints":{"allow":["GET"]}}],"collection":[{"href":"https:\/\/vapingnet.de\/lt\/wp-json\/wp\/v2\/product"}],"about":[{"href":"https:\/\/vapingnet.de\/lt\/wp-json\/wp\/v2\/types\/product"}],"version-history":[{"count":2,"href":"https:\/\/vapingnet.de\/lt\/wp-json\/wp\/v2\/product\/6224\/revisions"}],"predecessor-version":[{"id":7424,"href":"https:\/\/vapingnet.de\/lt\/wp-json\/wp\/v2\/product\/6224\/revisions\/7424"}],"wp:featuredmedia":[{"embeddable":true,"href":"https:\/\/vapingnet.de\/lt\/wp-json\/wp\/v2\/media\/6229"}],"wp:attachment":[{"href":"https:\/\/vapingnet.de\/lt\/wp-json\/wp\/v2\/media?parent=6224"}],"wp:term":[{"taxonomy":"brand","embeddable":true,"href":"https:\/\/vapingnet.de\/lt\/wp-json\/wp\/v2\/etheme_brands?post=6224"},{"taxonomy":"product_brand","embeddable":true,"href":"https:\/\/vapingnet.de\/lt\/wp-json\/wp\/v2\/product_brand?post=6224"},{"taxonomy":"product_cat","embeddable":true,"href":"https:\/\/vapingnet.de\/lt\/wp-json\/wp\/v2\/product_cat?post=6224"},{"taxonomy":"product_tag","embeddable":true,"href":"https:\/\/vapingnet.de\/lt\/wp-json\/wp\/v2\/product_tag?post=6224"}],"curies":[{"name":"wp","href":"https:\/\/api.w.org\/{rel}","templated":true}]}}