{"id":6225,"date":"2025-04-11T02:32:55","date_gmt":"2025-04-11T02:32:55","guid":{"rendered":"https:\/\/vapingnet.de\/?post_type=product&#038;p=6225"},"modified":"2025-12-30T08:41:44","modified_gmt":"2025-12-30T08:41:44","slug":"strawberry-lychee-e-zigarette-bang-tn-12000-puffs-premium-ohne-zollgebuehren","status":"publish","type":"product","link":"https:\/\/vapingnet.de\/lt\/vape\/strawberry-lychee-e-zigarette-bang-tn-12000-puffs-premium-ohne-zollgebuehren\/","title":{"rendered":"Bra\u0161ki\u0173 lychee elektronin\u0117 cigaret\u0117 Bang Tn 12000 Puffs Premium be muit\u0173 mokes\u010di\u0173"},"content":{"rendered":"<h2 data-start=\"0\" data-end=\"74\" data-immersive-translate-walked=\"e5244280-d976-436a-8f54-784f965da7ff\">Bang Tn 12000 Puffs: Tobulas vienkartinis Vape ilgalaikiam malonumui<\/h2>\n<p class=\"\" data-start=\"76\" data-end=\"379\" data-immersive-translate-paragraph=\"1\" data-immersive-translate-walked=\"e5244280-d976-436a-8f54-784f965da7ff\">Bang Tn 12000 Puffs yra ideali kompanija visiems, kurie ie\u0161ko ilgaam\u017eio, auk\u0161tos kokyb\u0117s ir \u012fvairiapusio vienkartinio Vape. Su daugybe patraukli\u0173 savybi\u0173 ir unikaliu skonio deriniu \u0161is \u012frenginys si\u016blo i\u0161skirtin\u0119 vaping patirt\u012f.<\/p>\n<ul>\n<li data-start=\"381\" data-end=\"429\" data-immersive-translate-walked=\"e5244280-d976-436a-8f54-784f965da7ff\">\u012evairios nikotino galimyb\u0117s kiekvienam poreikiui<br \/>\nBang Tn 12000 Puffs yra prieinamas \u012fvairi\u0173 nikotino stiprum\u0173: 0%, 2%, 3% ir 5%. \u0160is pasirinkimas leid\u017eia vartotojams tiksliai pasirinkti nikotino kiek\u012f, atitinkant\u012f j\u0173 asmeninius pageidavimus, ar tai b\u016bt\u0173 visi\u0161kas nikotino atsisakymas, ar vidutinio ar auk\u0161to nikotino vartojimas.<\/li>\n<li data-start=\"744\" data-end=\"791\" data-immersive-translate-walked=\"e5244280-d976-436a-8f54-784f965da7ff\">Auk\u0161\u010diausios kokyb\u0117s skonis \u2013 Bra\u0161k\u0117 Ly\u010dis<br \/>\nUnikalus bra\u0161k\u0117s ir ly\u010dies skonis suteikia Bang Tn 12000 Puffs i\u0161skirtin\u0119 vaping patirt\u012f. Sald\u017eios bra\u0161k\u0117s ir egzoti\u0161kos ly\u010dies natos sukuria gaiv\u0173 ir maloniai vaisi\u0173 skon\u012f, kuris paver\u010dia kiekvien\u0105 \u012fkv\u0117pim\u0105 malonumu.<\/li>\n<li data-start=\"1089\" data-end=\"1124\" data-immersive-translate-walked=\"e5244280-d976-436a-8f54-784f965da7ff\">Ilgaam\u017ei\u0161kumas ir efektyvumas<br \/>\nBang Tn 12000 Puffs pasi\u017eymi \u012fsp\u016bdingu na\u0161umu. Su 20 ml skys\u010dio talpa ir 650 mAh baterija \u0161is \u012frenginys u\u017etikrina ilgalaik\u012f malonum\u0105. Mesh rit\u0117 su 1,2\u03a9 var\u017ea garantuoja tolyg\u0173 ir \u0161veln\u0173 gar\u0173 generavim\u0105, suteikiant kiekvienam \u012fkv\u0117pimui nuolatin\u0119 auk\u0161t\u0105 kokyb\u0119.<\/li>\n<li data-start=\"1481\" data-end=\"1527\" data-immersive-translate-walked=\"e5244280-d976-436a-8f54-784f965da7ff\">Patogus valdymas ir greitas \u012fkrovimas<br \/>\nD\u0117l Type-C jungties ir \u012f\u0117jimo \u012ftampos 5 V ir 1 A Bang Tn 12000 Puffs galima greitai \u012fkrauti, kad jis visada b\u016bt\u0173 pasiruo\u0161\u0119s kitam naudojimui. Ergonomi\u0161kas dizainas ir lengvas PC med\u017eiagos u\u017etikrina patog\u0173 valdym\u0105, padarant vaping dar malonesn\u012f.<\/li>\n<li data-start=\"1837\" data-end=\"1879\" data-immersive-translate-walked=\"e5244280-d976-436a-8f54-784f965da7ff\">Vienkartinis Vape paprastam malonumui<br \/>\nKaip vienkartinis Vape, Bang Tn 12000 Puffs si\u016blo paprast\u0105 b\u016bd\u0105 m\u0117gautis vaping be papildymo ar prie\u017ei\u016bros r\u016bpes\u010di\u0173. Tiesiog atidarykite, m\u0117gaukit\u0117s ir i\u0161meskite \u2013 taip paprasta gali b\u016bti vaping.<\/li>\n<li data-start=\"2120\" data-end=\"2160\" data-immersive-translate-walked=\"e5244280-d976-436a-8f54-784f965da7ff\">Privalumai perkant per vapingnet.de<br \/>\nBe puikios veiklos Bang Tn 12000 Puffs turi dar vien\u0105 prana\u0161um\u0105: joki\u0173 muito mokes\u010di\u0173, tod\u0117l pirkimas per vapingnet.de yra ypa\u010d patrauklus. Be to, pirk\u0117jai gauna greit\u0105 pristatym\u0105, kuris trunka tik 7 iki 15 darbo dien\u0173.<\/li>\n<\/ul>\n<h3 data-start=\"2444\" data-end=\"2487\" data-immersive-translate-walked=\"e5244280-d976-436a-8f54-784f965da7ff\">Privalomas kiekvienam vaping entuziastui<\/h3>\n<p class=\"\" data-start=\"2489\" data-end=\"2928\" data-immersive-translate-walked=\"e5244280-d976-436a-8f54-784f965da7ff\" data-immersive-translate-paragraph=\"1\">Bang Tn 12000 Puffs yra tobulas vienkartinis Vape visiems, kurie ie\u0161ko ilgaam\u017ei\u0161kumo, auk\u0161tos kokyb\u0117s skonio ir patogaus valdymo. Jei ie\u0161kote patikimo ir efektyvaus Vape, kuris atitikt\u0173 visus reikalavimus, \u0161is modelis yra b\u016btent tai, ko jums reikia. Apsilankykite vapingnet.de ir u\u017esisakykite savo Bang Tn 12000 Puffs bei patirkite tobul\u0105 vaping malonum\u0105.<\/p>","protected":false},"excerpt":{"rendered":"<p>Bang Tn 12000 Puffs: Der Perfekte Einweg-Vape f\u00fcr Langfristigen Genuss Der Bang Tn 12000 Puffs ist der ideale Begleiter f\u00fcr alle, die auf der Suche&#8230;<\/p>","protected":false},"featured_media":6230,"template":"","meta":[],"etheme_brands":[],"product_brand":[101],"product_cat":[88,49,61],"product_tag":[],"class_list":{"0":"post-6225","1":"product","2":"type-product","3":"status-publish","4":"has-post-thumbnail","6":"product_brand-bang-king-vape","7":"product_cat-12k-vape","8":"product_cat-einweg-e-zigarette","9":"product_cat-f","11":"first","12":"instock","13":"shipping-taxable","14":"purchasable","15":"product-type-simple"},"yoast_head":"<!-- This site is optimized with the Yoast SEO plugin v26.5 - https:\/\/yoast.com\/wordpress\/plugins\/seo\/ -->\n<title>Strawberry Lychee E-Zigarette Bang Tn 12000 Puffs Premium ohne Zollgeb\u00fchren | Vapingnet.de<\/title>\n<meta name=\"description\" content=\"Entdecke Strawberry Lychee E-Zigarette Bang Tn 12000 Puffs Premium ohne Zollgeb\u00fchren bei vapingnet.de, \u25ba Gro\u00dfe Auswahl an Geschmacksrichtungen &amp; super g\u00fcnstig!\" \/>\n<meta name=\"robots\" content=\"index, follow, max-snippet:-1, max-image-preview:large, max-video-preview:-1\" \/>\n<link rel=\"canonical\" href=\"https:\/\/vapingnet.de\/lt\/vape\/strawberry-lychee-e-zigarette-bang-tn-12000-puffs-premium-ohne-zollgebuehren\/\" \/>\n<meta property=\"og:locale\" content=\"lt_LT\" \/>\n<meta property=\"og:type\" content=\"article\" \/>\n<meta property=\"og:title\" content=\"Strawberry Lychee E-Zigarette Bang Tn 12000 Puffs Premium ohne Zollgeb\u00fchren | Vapingnet.de\" \/>\n<meta property=\"og:description\" content=\"Entdecke Strawberry Lychee E-Zigarette Bang Tn 12000 Puffs Premium ohne Zollgeb\u00fchren bei vapingnet.de, \u25ba Gro\u00dfe Auswahl an Geschmacksrichtungen &amp; super g\u00fcnstig!\" \/>\n<meta property=\"og:url\" content=\"https:\/\/vapingnet.de\/lt\/vape\/strawberry-lychee-e-zigarette-bang-tn-12000-puffs-premium-ohne-zollgebuehren\/\" \/>\n<meta property=\"og:site_name\" content=\"Vapingnet.de\" \/>\n<meta property=\"article:publisher\" content=\"https:\/\/www.facebook.com\/vapingnetde\/\" \/>\n<meta property=\"article:modified_time\" content=\"2025-12-30T08:41:44+00:00\" \/>\n<meta property=\"og:image\" content=\"https:\/\/vapingnet.de\/wp-content\/uploads\/2025\/04\/Strawberry-Lychee.png\" \/>\n\t<meta property=\"og:image:width\" content=\"1000\" \/>\n\t<meta property=\"og:image:height\" content=\"1000\" \/>\n\t<meta property=\"og:image:type\" content=\"image\/png\" \/>\n<meta name=\"twitter:card\" content=\"summary_large_image\" \/>\n<meta name=\"twitter:label1\" content=\"Est. reading time\" \/>\n\t<meta name=\"twitter:data1\" content=\"3 minutes\" \/>\n<script type=\"application\/ld+json\" class=\"yoast-schema-graph\">{\"@context\":\"https:\/\/schema.org\",\"@graph\":[{\"@type\":\"WebPage\",\"@id\":\"https:\/\/vapingnet.de\/vape\/strawberry-lychee-e-zigarette-bang-tn-12000-puffs-premium-ohne-zollgebuehren\/\",\"url\":\"https:\/\/vapingnet.de\/vape\/strawberry-lychee-e-zigarette-bang-tn-12000-puffs-premium-ohne-zollgebuehren\/\",\"name\":\"Strawberry Lychee E-Zigarette Bang Tn 12000 Puffs Premium ohne Zollgeb\u00fchren | Vapingnet.de\",\"isPartOf\":{\"@id\":\"https:\/\/vapingnet.de\/#website\"},\"primaryImageOfPage\":{\"@id\":\"https:\/\/vapingnet.de\/vape\/strawberry-lychee-e-zigarette-bang-tn-12000-puffs-premium-ohne-zollgebuehren\/#primaryimage\"},\"image\":{\"@id\":\"https:\/\/vapingnet.de\/vape\/strawberry-lychee-e-zigarette-bang-tn-12000-puffs-premium-ohne-zollgebuehren\/#primaryimage\"},\"thumbnailUrl\":\"https:\/\/vapingnet.de\/wp-content\/uploads\/2025\/04\/Strawberry-Lychee.png\",\"datePublished\":\"2025-04-11T02:32:55+00:00\",\"dateModified\":\"2025-12-30T08:41:44+00:00\",\"description\":\"Entdecke Strawberry Lychee E-Zigarette Bang Tn 12000 Puffs Premium ohne Zollgeb\u00fchren bei vapingnet.de, \u25ba Gro\u00dfe Auswahl an Geschmacksrichtungen & super g\u00fcnstig!\",\"breadcrumb\":{\"@id\":\"https:\/\/vapingnet.de\/vape\/strawberry-lychee-e-zigarette-bang-tn-12000-puffs-premium-ohne-zollgebuehren\/#breadcrumb\"},\"inLanguage\":\"lt-LT\",\"potentialAction\":[{\"@type\":\"ReadAction\",\"target\":[\"https:\/\/vapingnet.de\/vape\/strawberry-lychee-e-zigarette-bang-tn-12000-puffs-premium-ohne-zollgebuehren\/\"]}]},{\"@type\":\"ImageObject\",\"inLanguage\":\"lt-LT\",\"@id\":\"https:\/\/vapingnet.de\/vape\/strawberry-lychee-e-zigarette-bang-tn-12000-puffs-premium-ohne-zollgebuehren\/#primaryimage\",\"url\":\"https:\/\/vapingnet.de\/wp-content\/uploads\/2025\/04\/Strawberry-Lychee.png\",\"contentUrl\":\"https:\/\/vapingnet.de\/wp-content\/uploads\/2025\/04\/Strawberry-Lychee.png\",\"width\":1000,\"height\":1000},{\"@type\":\"BreadcrumbList\",\"@id\":\"https:\/\/vapingnet.de\/vape\/strawberry-lychee-e-zigarette-bang-tn-12000-puffs-premium-ohne-zollgebuehren\/#breadcrumb\",\"itemListElement\":[{\"@type\":\"ListItem\",\"position\":1,\"name\":\"Home\",\"item\":\"https:\/\/vapingnet.de\/\"},{\"@type\":\"ListItem\",\"position\":2,\"name\":\"Shop\",\"item\":\"https:\/\/vapingnet.de\/vape\/\"},{\"@type\":\"ListItem\",\"position\":3,\"name\":\"Strawberry Lychee E-Zigarette Bang Tn 12000 Puffs Premium ohne Zollgeb\u00fchren\"}]},{\"@type\":\"WebSite\",\"@id\":\"https:\/\/vapingnet.de\/#website\",\"url\":\"https:\/\/vapingnet.de\/\",\"name\":\"Vapingnet.de\",\"description\":\"\",\"publisher\":{\"@id\":\"https:\/\/vapingnet.de\/#organization\"},\"potentialAction\":[{\"@type\":\"SearchAction\",\"target\":{\"@type\":\"EntryPoint\",\"urlTemplate\":\"https:\/\/vapingnet.de\/?s={search_term_string}\"},\"query-input\":{\"@type\":\"PropertyValueSpecification\",\"valueRequired\":true,\"valueName\":\"search_term_string\"}}],\"inLanguage\":\"lt-LT\"},{\"@type\":\"Organization\",\"@id\":\"https:\/\/vapingnet.de\/#organization\",\"name\":\"Vapingnet.de\",\"url\":\"https:\/\/vapingnet.de\/\",\"logo\":{\"@type\":\"ImageObject\",\"inLanguage\":\"lt-LT\",\"@id\":\"https:\/\/vapingnet.de\/#\/schema\/logo\/image\/\",\"url\":\"https:\/\/vapingnet.de\/wp-content\/uploads\/2025\/03\/cropped-vapingnet.de_.jpg\",\"contentUrl\":\"https:\/\/vapingnet.de\/wp-content\/uploads\/2025\/03\/cropped-vapingnet.de_.jpg\",\"width\":512,\"height\":512,\"caption\":\"Vapingnet.de\"},\"image\":{\"@id\":\"https:\/\/vapingnet.de\/#\/schema\/logo\/image\/\"},\"sameAs\":[\"https:\/\/www.facebook.com\/vapingnetde\/\"]}]}<\/script>\n<!-- \/ Yoast SEO plugin. -->","yoast_head_json":{"title":"Strawberry Lychee E-Zigarette Bang Tn 12000 Puffs Premium ohne Zollgeb\u00fchren | Vapingnet.de","description":"Entdecke Strawberry Lychee E-Zigarette Bang Tn 12000 Puffs Premium ohne Zollgeb\u00fchren bei vapingnet.de, \u25ba Gro\u00dfe Auswahl an Geschmacksrichtungen & super g\u00fcnstig!","robots":{"index":"index","follow":"follow","max-snippet":"max-snippet:-1","max-image-preview":"max-image-preview:large","max-video-preview":"max-video-preview:-1"},"canonical":"https:\/\/vapingnet.de\/lt\/vape\/strawberry-lychee-e-zigarette-bang-tn-12000-puffs-premium-ohne-zollgebuehren\/","og_locale":"lt_LT","og_type":"article","og_title":"Strawberry Lychee E-Zigarette Bang Tn 12000 Puffs Premium ohne Zollgeb\u00fchren | Vapingnet.de","og_description":"Entdecke Strawberry Lychee E-Zigarette Bang Tn 12000 Puffs Premium ohne Zollgeb\u00fchren bei vapingnet.de, \u25ba Gro\u00dfe Auswahl an Geschmacksrichtungen & super g\u00fcnstig!","og_url":"https:\/\/vapingnet.de\/lt\/vape\/strawberry-lychee-e-zigarette-bang-tn-12000-puffs-premium-ohne-zollgebuehren\/","og_site_name":"Vapingnet.de","article_publisher":"https:\/\/www.facebook.com\/vapingnetde\/","article_modified_time":"2025-12-30T08:41:44+00:00","og_image":[{"width":1000,"height":1000,"url":"https:\/\/vapingnet.de\/wp-content\/uploads\/2025\/04\/Strawberry-Lychee.png","type":"image\/png"}],"twitter_card":"summary_large_image","twitter_misc":{"Est. reading time":"3 minutes"},"schema":{"@context":"https:\/\/schema.org","@graph":[{"@type":"WebPage","@id":"https:\/\/vapingnet.de\/vape\/strawberry-lychee-e-zigarette-bang-tn-12000-puffs-premium-ohne-zollgebuehren\/","url":"https:\/\/vapingnet.de\/vape\/strawberry-lychee-e-zigarette-bang-tn-12000-puffs-premium-ohne-zollgebuehren\/","name":"Strawberry Lychee E-Zigarette Bang Tn 12000 Puffs Premium ohne Zollgeb\u00fchren | Vapingnet.de","isPartOf":{"@id":"https:\/\/vapingnet.de\/#website"},"primaryImageOfPage":{"@id":"https:\/\/vapingnet.de\/vape\/strawberry-lychee-e-zigarette-bang-tn-12000-puffs-premium-ohne-zollgebuehren\/#primaryimage"},"image":{"@id":"https:\/\/vapingnet.de\/vape\/strawberry-lychee-e-zigarette-bang-tn-12000-puffs-premium-ohne-zollgebuehren\/#primaryimage"},"thumbnailUrl":"https:\/\/vapingnet.de\/wp-content\/uploads\/2025\/04\/Strawberry-Lychee.png","datePublished":"2025-04-11T02:32:55+00:00","dateModified":"2025-12-30T08:41:44+00:00","description":"Entdecke Strawberry Lychee E-Zigarette Bang Tn 12000 Puffs Premium ohne Zollgeb\u00fchren bei vapingnet.de, \u25ba Gro\u00dfe Auswahl an Geschmacksrichtungen & super g\u00fcnstig!","breadcrumb":{"@id":"https:\/\/vapingnet.de\/vape\/strawberry-lychee-e-zigarette-bang-tn-12000-puffs-premium-ohne-zollgebuehren\/#breadcrumb"},"inLanguage":"lt-LT","potentialAction":[{"@type":"ReadAction","target":["https:\/\/vapingnet.de\/vape\/strawberry-lychee-e-zigarette-bang-tn-12000-puffs-premium-ohne-zollgebuehren\/"]}]},{"@type":"ImageObject","inLanguage":"lt-LT","@id":"https:\/\/vapingnet.de\/vape\/strawberry-lychee-e-zigarette-bang-tn-12000-puffs-premium-ohne-zollgebuehren\/#primaryimage","url":"https:\/\/vapingnet.de\/wp-content\/uploads\/2025\/04\/Strawberry-Lychee.png","contentUrl":"https:\/\/vapingnet.de\/wp-content\/uploads\/2025\/04\/Strawberry-Lychee.png","width":1000,"height":1000},{"@type":"BreadcrumbList","@id":"https:\/\/vapingnet.de\/vape\/strawberry-lychee-e-zigarette-bang-tn-12000-puffs-premium-ohne-zollgebuehren\/#breadcrumb","itemListElement":[{"@type":"ListItem","position":1,"name":"Home","item":"https:\/\/vapingnet.de\/"},{"@type":"ListItem","position":2,"name":"Shop","item":"https:\/\/vapingnet.de\/vape\/"},{"@type":"ListItem","position":3,"name":"Strawberry Lychee E-Zigarette Bang Tn 12000 Puffs Premium ohne Zollgeb\u00fchren"}]},{"@type":"WebSite","@id":"https:\/\/vapingnet.de\/#website","url":"https:\/\/vapingnet.de\/","name":"Vapingnet.de","description":"","publisher":{"@id":"https:\/\/vapingnet.de\/#organization"},"potentialAction":[{"@type":"SearchAction","target":{"@type":"EntryPoint","urlTemplate":"https:\/\/vapingnet.de\/?s={search_term_string}"},"query-input":{"@type":"PropertyValueSpecification","valueRequired":true,"valueName":"search_term_string"}}],"inLanguage":"lt-LT"},{"@type":"Organization","@id":"https:\/\/vapingnet.de\/#organization","name":"Vapingnet.de","url":"https:\/\/vapingnet.de\/","logo":{"@type":"ImageObject","inLanguage":"lt-LT","@id":"https:\/\/vapingnet.de\/#\/schema\/logo\/image\/","url":"https:\/\/vapingnet.de\/wp-content\/uploads\/2025\/03\/cropped-vapingnet.de_.jpg","contentUrl":"https:\/\/vapingnet.de\/wp-content\/uploads\/2025\/03\/cropped-vapingnet.de_.jpg","width":512,"height":512,"caption":"Vapingnet.de"},"image":{"@id":"https:\/\/vapingnet.de\/#\/schema\/logo\/image\/"},"sameAs":["https:\/\/www.facebook.com\/vapingnetde\/"]}]}},"tiered_pricing_type":"fixed","tiered_pricing_fixed_rules":{"10":"7.31","60":"6.58","110":"5.85","200":"5.12"},"tiered_pricing_product_settings":{"layout":"default","base_unit_name":{"singular":null,"plural":null},"default_variation":null},"tiered_pricing_minimum_quantity":null,"tiered_pricing_roles_data":[],"tiered_pricing_percentage_rules":[],"_links":{"self":[{"href":"https:\/\/vapingnet.de\/lt\/wp-json\/wp\/v2\/product\/6225","targetHints":{"allow":["GET"]}}],"collection":[{"href":"https:\/\/vapingnet.de\/lt\/wp-json\/wp\/v2\/product"}],"about":[{"href":"https:\/\/vapingnet.de\/lt\/wp-json\/wp\/v2\/types\/product"}],"version-history":[{"count":1,"href":"https:\/\/vapingnet.de\/lt\/wp-json\/wp\/v2\/product\/6225\/revisions"}],"predecessor-version":[{"id":6235,"href":"https:\/\/vapingnet.de\/lt\/wp-json\/wp\/v2\/product\/6225\/revisions\/6235"}],"wp:featuredmedia":[{"embeddable":true,"href":"https:\/\/vapingnet.de\/lt\/wp-json\/wp\/v2\/media\/6230"}],"wp:attachment":[{"href":"https:\/\/vapingnet.de\/lt\/wp-json\/wp\/v2\/media?parent=6225"}],"wp:term":[{"taxonomy":"brand","embeddable":true,"href":"https:\/\/vapingnet.de\/lt\/wp-json\/wp\/v2\/etheme_brands?post=6225"},{"taxonomy":"product_brand","embeddable":true,"href":"https:\/\/vapingnet.de\/lt\/wp-json\/wp\/v2\/product_brand?post=6225"},{"taxonomy":"product_cat","embeddable":true,"href":"https:\/\/vapingnet.de\/lt\/wp-json\/wp\/v2\/product_cat?post=6225"},{"taxonomy":"product_tag","embeddable":true,"href":"https:\/\/vapingnet.de\/lt\/wp-json\/wp\/v2\/product_tag?post=6225"}],"curies":[{"name":"wp","href":"https:\/\/api.w.org\/{rel}","templated":true}]}}